{"id":1983,"date":"2024-04-13T08:53:42","date_gmt":"2024-04-13T08:53:42","guid":{"rendered":"https:\/\/swoer.com\/?post_type=product&#038;p=1983"},"modified":"2024-04-13T08:56:56","modified_gmt":"2024-04-13T08:56:56","slug":"digital-stabilized-voltage-bowl-feeder-controller-sw-10","status":"publish","type":"product","link":"https:\/\/swoer.com\/de\/manufacturer\/digital-stabilized-voltage-bowl-feeder-controller-sw-10\/","title":{"rendered":"Digitaler Sch\u00fcsself\u00f6rderer-Controller mit stabilisierter Spannung SW-10"},"content":{"rendered":"<h2>Merkmale:<\/h2>\n<p><strong>Ma\u00dfe:<\/strong> L128mm*B50mm*H53mm<\/p>\n<p><strong>Gr\u00f6\u00dfe der Einbau\u00f6ffnung:<\/strong> 119mm 1 Jahr Garantie<\/p>\n<p><strong>1.<\/strong> Durch leichtes Ber\u00fchren der Taste wird der Betrieb bequem und zuverl\u00e4ssig gestartet und gestoppt.<\/p>\n<p><strong>2.<\/strong> Vier S\u00e4tze von Betriebsstatusanzeigeleuchten, einfache und intuitive Bedienoberfl\u00e4che.<\/p>\n<p><strong>3.<\/strong> Eingebautes intelligentes Programm f\u00fcr langsamen Start und langsamen Stopp, sorgt f\u00fcr einen reibungslosen Start- und Stoppvorgang.<\/p>\n<p><strong>4.<\/strong> Verwenden Sie ein vollst\u00e4ndig versiegeltes Potentiometer mit langer Lebensdauer, stabil und langlebig.<\/p>\n<p><strong>5.<\/strong> Gute Regelungsleistung, sorgt bei Spannungsschwankungen im Stromnetz f\u00fcr eine stabile Einspeisegeschwindigkeit.<\/p>\n<p><strong>6.<\/strong> Hochintegriertes System, optimierte Abmessungen, geringes Gewicht, geringer Platzbedarf, einfache Installation.<\/p>\n<p><strong>7.<\/strong> Vollst\u00e4ndig geschlossenes Geh\u00e4use, angepasst an raue Arbeitsumgebungen.<\/p>\n<p><strong>8.<\/strong> Mit \u00dcberhitzungs-, \u00dcberlastungs- und Ausgangskurzschlussschutz.<\/p>\n\t<div id=\"gap-299042400\" class=\"gap-element clearfix\" style=\"display:block; height:auto;\">\n\t\t\n<style>\n#gap-299042400 {\n  padding-top: 30px;\n}\n<\/style>\n\t<\/div>\n\t\n<h2><strong>Technische Daten:<\/strong><\/h2>\n<table style=\"border-collapse: collapse; width: 552.77pt;\" border=\"0\" width=\"737\" cellspacing=\"0\" cellpadding=\"0\">\n<tbody>\n<tr style=\"height: 17.25pt;\">\n<td class=\"et2\" style=\"height: 33.75pt; width: 122.25pt;\" rowspan=\"2\" width=\"163\" height=\"45\"><span class=\"font1\">Artikel<\/span><\/td>\n<td class=\"et3\" style=\"width: 159.00pt;\" colspan=\"2\" width=\"212\"><span class=\"font1\">Bereichswert<\/span><\/td>\n<td class=\"et4\" style=\"width: 54.00pt; border-bottom: 1.0pt solid #DDDDDD;\" rowspan=\"2\" width=\"72\"><span class=\"font1\">Einheit<\/span><\/td>\n<td class=\"et5\" style=\"width: 217.50pt;\" rowspan=\"2\" width=\"290\"><span class=\"font1\">Anmerkung<\/span><\/td>\n<\/tr>\n<tr style=\"height: 16.50pt;\">\n<td class=\"et7\" style=\"width: 54.00pt;\" width=\"72\"><span class=\"font1\">Mindest.<\/span><\/td>\n<td class=\"et7\" style=\"width: 105.00pt;\" width=\"140\"><span class=\"font1\">Max.<\/span><\/td>\n<\/tr>\n<tr style=\"height: 45.75pt;\">\n<td class=\"et6\" style=\"height: 45.75pt; width: 122.25pt;\" width=\"163\" height=\"61\"><span class=\"font1\">Eingangsspannung<\/span><\/td>\n<td class=\"et10\" style=\"width: 54.00pt;\" width=\"72\">85<\/td>\n<td class=\"et10\" style=\"width: 105.00pt;\" width=\"140\">265<\/td>\n<td class=\"et10\" style=\"width: 54.00pt;\" width=\"72\"><span class=\"font2\">V<\/span><\/td>\n<td class=\"et11\" style=\"width: 217.50pt;\" width=\"290\"><span class=\"font2\">Sinuswelle 50\/60Hz<\/span><\/td>\n<\/tr>\n<tr style=\"height: 75.75pt;\">\n<td class=\"et6\" style=\"height: 75.75pt; width: 122.25pt;\" width=\"163\" height=\"101\"><span class=\"font1\">Ausgangsspannung<\/span><\/td>\n<td class=\"et10\" style=\"width: 54.00pt;\" width=\"72\">0<\/td>\n<td class=\"et10\" style=\"width: 105.00pt;\" width=\"140\">250<\/td>\n<td class=\"et10\" style=\"width: 54.00pt;\" width=\"72\"><span class=\"font2\">V<\/span><\/td>\n<td class=\"et11\" style=\"width: 217.50pt;\" width=\"290\"><span class=\"font2\">Genauigkeit der Spannungsregelung: 1 V<\/span><\/td>\n<\/tr>\n<tr style=\"height: 60.75pt;\">\n<td class=\"et6\" style=\"height: 60.75pt; width: 122.25pt;\" width=\"163\" height=\"81\"><span class=\"font1\">Ausgangsstrom<\/span><\/td>\n<td class=\"et10\" style=\"width: 54.00pt;\" width=\"72\">0<\/td>\n<td class=\"et10\" style=\"width: 105.00pt;\" width=\"140\">4.5<\/td>\n<td class=\"et10\" style=\"width: 54.00pt;\" width=\"72\"><span class=\"font2\">A<\/span><\/td>\n<td class=\"et11\" style=\"width: 217.50pt;\" width=\"290\"><span class=\"font2\">Nennleistung: 1,5 A\/3 A\/4,5 A<\/span><\/td>\n<\/tr>\n<tr style=\"height: 60.75pt;\">\n<td class=\"et6\" style=\"height: 60.75pt; width: 122.25pt;\" width=\"163\" height=\"81\"><span class=\"font1\">Ausgangsfrequenz<\/span><\/td>\n<td class=\"et10\" style=\"width: 54.00pt;\" width=\"72\">40<\/td>\n<td class=\"et10\" style=\"width: 105.00pt;\" width=\"140\">400<\/td>\n<td class=\"et10\" style=\"width: 54.00pt;\" width=\"72\"><span class=\"font2\">Hz<\/span><\/td>\n<td class=\"et11\" style=\"width: 217.50pt;\" width=\"290\"><span class=\"font2\">Frequenzbereichsgenauigkeit: 0,1 Hz<\/span><\/td>\n<\/tr>\n<tr style=\"height: 33.00pt;\">\n<td class=\"et6\" style=\"height: 33.00pt; width: 122.25pt;\" width=\"163\" height=\"44\"><span class=\"font1\">Ausgangswelle<\/span><\/td>\n<td class=\"et10\" style=\"width: 430.50pt;\" colspan=\"4\" width=\"574\"><span class=\"font2\">Sinus<\/span><\/td>\n<\/tr>\n<tr style=\"height: 63.75pt;\">\n<td class=\"et6\" style=\"height: 63.75pt; width: 122.25pt;\" width=\"163\" height=\"85\"><span class=\"font1\">Startverz\u00f6gerungszeitbereich<\/span><\/td>\n<td class=\"et10\" style=\"width: 54.00pt;\" width=\"72\">0<\/td>\n<td class=\"et10\" style=\"width: 105.00pt;\" width=\"140\">30<\/td>\n<td class=\"et10\" style=\"width: 54.00pt;\" width=\"72\"><span class=\"font2\">S<\/span><\/td>\n<td class=\"et11\" style=\"width: 217.50pt;\" width=\"290\"><span class=\"font2\">Genauigkeit der Verz\u00f6gerungszeit: 15<\/span><\/td>\n<\/tr>\n<tr style=\"height: 60.75pt;\">\n<td class=\"et6\" style=\"height: 60.75pt; width: 122.25pt;\" width=\"163\" height=\"81\"><span class=\"font1\">Ausschaltverz\u00f6gerungszeitbereich<\/span><\/td>\n<td class=\"et10\" style=\"width: 54.00pt;\" width=\"72\">0<\/td>\n<td class=\"et10\" style=\"width: 105.00pt;\" width=\"140\">30<\/td>\n<td class=\"et10\" style=\"width: 54.00pt;\" width=\"72\"><span class=\"font2\">S<\/span><\/td>\n<td class=\"et11\" style=\"width: 217.50pt;\" width=\"290\"><span class=\"font2\">Genauigkeit der Verz\u00f6gerungszeit: 15<\/span><\/td>\n<\/tr>\n<tr style=\"height: 60.75pt;\">\n<td class=\"et6\" style=\"height: 60.75pt; width: 122.25pt;\" width=\"163\" height=\"81\"><span class=\"font1\">Langsame Startzeit<\/span><\/td>\n<td class=\"et10\" style=\"width: 54.00pt;\" width=\"72\">0.1<\/td>\n<td class=\"et10\" style=\"width: 105.00pt;\" width=\"140\">9.9<\/td>\n<td class=\"et10\" style=\"width: 54.00pt;\" width=\"72\"><span class=\"font2\">S<\/span><\/td>\n<td class=\"et11\" style=\"width: 217.50pt;\" width=\"290\"><span class=\"font2\">Langsame Startzeit: 0,15<\/span><\/td>\n<\/tr>\n<tr style=\"height: 48.00pt;\">\n<td class=\"et6\" style=\"height: 48.00pt; width: 122.25pt;\" width=\"163\" height=\"64\"><span class=\"font1\">Langsame Stoppzeit<\/span><\/td>\n<td class=\"et10\" style=\"width: 54.00pt;\" width=\"72\">0.1<\/td>\n<td class=\"et10\" style=\"width: 105.00pt;\" width=\"140\">0.3<\/td>\n<td class=\"et10\" style=\"width: 54.00pt;\" width=\"72\"><span class=\"font2\">S<\/span><\/td>\n<td class=\"et11\" style=\"width: 217.50pt;\" width=\"290\"><span class=\"font2\">Programm Automatiksteuerung<\/span><\/td>\n<\/tr>\n<tr style=\"height: 120.75pt;\">\n<td class=\"et6\" style=\"height: 120.75pt; width: 122.25pt;\" width=\"163\" height=\"161\"><span class=\"font1\">Photoelektrische Empfindlichkeit<\/span><\/td>\n<td class=\"et10\" style=\"width: 54.00pt;\" width=\"72\">0<\/td>\n<td class=\"et10\" style=\"width: 105.00pt;\" width=\"140\">99<\/td>\n<td class=\"et12\" style=\"width: 54.00pt;\" width=\"72\">\u00a0<\/td>\n<td class=\"et11\" style=\"width: 217.50pt;\" width=\"290\"><span class=\"font2\">Je h\u00f6her der Wert, desto h\u00f6her die Sensibilit\u00e4t<\/span><\/td>\n<\/tr>\n<tr style=\"height: 136.50pt;\">\n<td class=\"et6\" style=\"height: 136.50pt; width: 122.25pt;\" width=\"163\" height=\"182\"><span class=\"font1\">DC-Steuerausgang<\/span><\/td>\n<td class=\"et10\" style=\"width: 159.00pt;\" colspan=\"2\" width=\"212\"><span class=\"font2\">24 V, 200 mA<\/span><\/td>\n<td class=\"et12\" style=\"width: 54.00pt;\" width=\"72\">\u00a0<\/td>\n<td class=\"et11\" style=\"width: 217.50pt;\" width=\"290\"><span class=\"font2\">Steuert externe Sensoren und Niederleistungsmagnetventile zur Stromversorgung<\/span><\/td>\n<\/tr>\n<tr style=\"height: 64.50pt;\">\n<td class=\"et6\" style=\"height: 64.50pt; width: 122.25pt;\" width=\"163\" height=\"86\"><span class=\"font1\">Stromverbrauch bei Leerlauf<\/span><\/td>\n<td class=\"et10\" style=\"width: 159.00pt;\" colspan=\"2\" width=\"212\"><span class=\"font2\">\uff1c3 W<\/span><\/td>\n<td class=\"et10\" style=\"width: 54.00pt;\" width=\"72\"><span class=\"font2\">B<\/span><\/td>\n<td class=\"et11\" style=\"width: 217.50pt;\" width=\"290\"><span class=\"font2\">Eingangsspannung: 220 V, 50 Hz<\/span><\/td>\n<\/tr>\n<tr style=\"height: 33.00pt;\">\n<td class=\"et6\" style=\"height: 33.00pt; width: 122.25pt;\" width=\"163\" height=\"44\"><span class=\"font1\">Anzeigemodus<\/span><\/td>\n<td class=\"et10\" style=\"width: 159.00pt;\" colspan=\"2\" width=\"212\"><span class=\"font2\">LED+Kontrollleuchte 5<\/span><\/td>\n<td class=\"et12\" style=\"width: 54.00pt;\" width=\"72\">\u00a0<\/td>\n<td class=\"et13\" style=\"width: 217.50pt;\" width=\"290\">\u00a0<\/td>\n<\/tr>\n<tr style=\"height: 91.50pt;\">\n<td class=\"et6\" style=\"height: 91.50pt; width: 122.25pt;\" width=\"163\" height=\"122\"><span class=\"font1\">Betriebsmodus<\/span><\/td>\n<td class=\"et10\" style=\"width: 159.00pt;\" colspan=\"2\" width=\"212\"><span class=\"font2\">Schl\u00fcssel+Kodierschalter<\/span><\/td>\n<td class=\"et12\" style=\"width: 54.00pt;\" width=\"72\">\u00a0<\/td>\n<td class=\"et11\" style=\"width: 217.50pt;\" width=\"290\"><span class=\"font2\">Speed-Shuttle-Betrieb, patentiertes Design<\/span><\/td>\n<\/tr>\n<tr style=\"height: 76.50pt;\">\n<td class=\"et6\" style=\"height: 182.25pt; width: 122.25pt;\" rowspan=\"2\" width=\"163\" height=\"243\"><span class=\"font1\">Steuerungsmodus<\/span><\/td>\n<td class=\"et10\" style=\"width: 54.00pt;\" width=\"72\"><span class=\"font2\">Mit Infrarot-Lichtschranke<\/span><\/td>\n<td class=\"et12\" style=\"width: 105.00pt;\" width=\"140\">\u00a0<\/td>\n<td class=\"et12\" style=\"width: 54.00pt;\" width=\"72\">\u00a0<\/td>\n<td class=\"et11\" style=\"width: 217.50pt;\" rowspan=\"2\" width=\"290\"><span class=\"font2\">Material voll\/leer Materialabschaltkontrolle<\/span><\/td>\n<\/tr>\n<tr style=\"height: 105.75pt;\">\n<td class=\"et10\" style=\"width: 54.00pt;\" width=\"72\"><span class=\"font2\">Niedrigpegelsignal (NPN-Allzwecksensor oder SPS)<\/span><\/td>\n<td class=\"et12\" style=\"width: 105.00pt;\" width=\"140\">\u00a0<\/td>\n<td class=\"et12\" style=\"width: 54.00pt;\" width=\"72\">\u00a0<\/td>\n<\/tr>\n<tr style=\"height: 60.75pt;\">\n<td class=\"et6\" style=\"height: 60.75pt; width: 122.25pt;\" width=\"163\" height=\"81\"><span class=\"font1\">Arbeitstemperatur<\/span><\/td>\n<td class=\"et10\" style=\"width: 54.00pt;\" width=\"72\">-20<\/td>\n<td class=\"et10\" style=\"width: 105.00pt;\" width=\"140\">40<\/td>\n<td class=\"et10\" style=\"width: 54.00pt;\" width=\"72\"><span class=\"font2\">\u2103<\/span><\/td>\n<td class=\"et11\" style=\"width: 217.50pt;\" width=\"290\"><span class=\"font2\">\u00dcberhitzungsschutz: 58 \u2103<\/span><\/td>\n<\/tr>\n<tr style=\"height: 48.00pt;\">\n<td class=\"et6\" style=\"height: 48.00pt; width: 122.25pt;\" width=\"163\" height=\"64\"><span class=\"font1\">Relative Luftfeuchtigkeit bei Betrieb<\/span><\/td>\n<td class=\"et10\" style=\"width: 54.00pt;\" width=\"72\">0<\/td>\n<td class=\"et10\" style=\"width: 105.00pt;\" width=\"140\">90<\/td>\n<td class=\"et10\" style=\"width: 54.00pt;\" width=\"72\"><span class=\"font2\">%<\/span><\/td>\n<td class=\"et11\" style=\"width: 217.50pt;\" width=\"290\"><span class=\"font2\">Kein Kondensat<\/span><\/td>\n<\/tr>\n<tr style=\"height: 64.50pt;\">\n<td class=\"et6\" style=\"height: 64.50pt; width: 122.25pt;\" width=\"163\" height=\"86\"><span class=\"font1\">Schutzma\u00dfnahmen<\/span><\/td>\n<td class=\"et10\" style=\"width: 430.50pt;\" colspan=\"4\" width=\"574\"><span class=\"font2\">\u00dcberhitzungs-, \u00dcberstrom- und Ausgangskurzschlussschutz<\/span><\/td>\n<\/tr>\n<tr style=\"height: 31.50pt;\">\n<td class=\"et14\" style=\"height: 31.50pt; width: 122.25pt;\" width=\"163\" height=\"42\"><span class=\"font1\">Anwendung<\/span><\/td>\n<td class=\"et15\" style=\"width: 430.50pt;\" colspan=\"4\" width=\"574\"><span class=\"font2\">Elektromagnetisch<\/span><\/td>\n<\/tr>\n<\/tbody>\n<\/table>","protected":false},"excerpt":{"rendered":"<p>Wir pr\u00e4sentieren den digitalen Sch\u00fcsself\u00f6rderer-Controller SW-10 mit stabilisierter Spannung: Kompakt mit L128 mmB50 mmH53 mm, mit einj\u00e4hriger Garantie. Verf\u00fcgt \u00fcber eine leicht zu bedienende Taste, vier Kontrollleuchten f\u00fcr eine einfache Bedienung und einen integrierten langsamen Start\/Stopp f\u00fcr eine reibungslose Zuf\u00fchrung. Ein langlebiges Potentiometer sorgt f\u00fcr Stabilit\u00e4t bei Stromschwankungen. Kompakt und leicht f\u00fcr eine einfache Installation, mit einem vollst\u00e4ndig geschlossenen Geh\u00e4use f\u00fcr Langlebigkeit unter harten Bedingungen. Inklusive Schutz gegen \u00dcberhitzung und \u00dcberlastung. Erleben Sie effiziente Zuf\u00fchrung mit SW-10.<\/p>","protected":false},"featured_media":1984,"comment_status":"open","ping_status":"closed","template":"","meta":[],"product_cat":[45],"product_tag":[],"yoast_head":"<!-- This site is optimized with the Yoast SEO plugin v22.2 - https:\/\/yoast.com\/wordpress\/plugins\/seo\/ -->\n<title>Digital Stabilized Voltage Bowl Feeder Controller SW-10 - SWOER<\/title>\n<meta name=\"robots\" content=\"index, follow, max-snippet:-1, max-image-preview:large, max-video-preview:-1\" \/>\n<link rel=\"canonical\" href=\"https:\/\/swoer.com\/de\/manufacturer\/digital-stabilized-voltage-bowl-feeder-controller-sw-10\/\" \/>\n<meta property=\"og:locale\" content=\"de_DE\" \/>\n<meta property=\"og:type\" content=\"article\" \/>\n<meta property=\"og:title\" content=\"Digital Stabilized Voltage Bowl Feeder Controller SW-10 - SWOER\" \/>\n<meta property=\"og:description\" content=\"Introducing the Digital Stabilized Voltage Bowl Feeder Controller SW-10: Compact at L128 mmW50 mmH53 mm, with a one-year warranty. Features a light-touch key, four indicator lights for easy operation, and a built-in slow start\/stop for smooth feeding. A durable potentiometer ensures stability during power fluctuations. Compact and lightweight for easy installation, with a fully enclosed casing for durability in tough conditions. Includes protections against overheating and overload. Experience efficient feeding with SW-10.\" \/>\n<meta property=\"og:url\" content=\"https:\/\/swoer.com\/de\/manufacturer\/digital-stabilized-voltage-bowl-feeder-controller-sw-10\/\" \/>\n<meta property=\"og:site_name\" content=\"SWOER\" \/>\n<meta property=\"article:modified_time\" content=\"2024-04-13T08:56:56+00:00\" \/>\n<meta property=\"og:image\" content=\"https:\/\/swoer.com\/wp-content\/uploads\/2024\/04\/Digital-Stabilized-Voltage-Bowl-Feeder-Controller-SW-10.jpg\" \/>\n\t<meta property=\"og:image:width\" content=\"1000\" \/>\n\t<meta property=\"og:image:height\" content=\"1000\" \/>\n\t<meta property=\"og:image:type\" content=\"image\/jpeg\" \/>\n<meta name=\"twitter:card\" content=\"summary_large_image\" \/>\n<meta name=\"twitter:label1\" content=\"Gesch\u00e4tzte Lesezeit\" \/>\n\t<meta name=\"twitter:data1\" content=\"1\u00a0Minute\" \/>\n<script type=\"application\/ld+json\" class=\"yoast-schema-graph\">{\"@context\":\"https:\/\/schema.org\",\"@graph\":[{\"@type\":\"WebPage\",\"@id\":\"https:\/\/swoer.com\/manufacturer\/digital-stabilized-voltage-bowl-feeder-controller-sw-10\/\",\"url\":\"https:\/\/swoer.com\/manufacturer\/digital-stabilized-voltage-bowl-feeder-controller-sw-10\/\",\"name\":\"Digital Stabilized Voltage Bowl Feeder Controller SW-10 - SWOER\",\"isPartOf\":{\"@id\":\"https:\/\/swoer.com\/#website\"},\"primaryImageOfPage\":{\"@id\":\"https:\/\/swoer.com\/manufacturer\/digital-stabilized-voltage-bowl-feeder-controller-sw-10\/#primaryimage\"},\"image\":{\"@id\":\"https:\/\/swoer.com\/manufacturer\/digital-stabilized-voltage-bowl-feeder-controller-sw-10\/#primaryimage\"},\"thumbnailUrl\":\"https:\/\/swoer.com\/wp-content\/uploads\/2024\/04\/Digital-Stabilized-Voltage-Bowl-Feeder-Controller-SW-10.jpg\",\"datePublished\":\"2024-04-13T08:53:42+00:00\",\"dateModified\":\"2024-04-13T08:56:56+00:00\",\"breadcrumb\":{\"@id\":\"https:\/\/swoer.com\/manufacturer\/digital-stabilized-voltage-bowl-feeder-controller-sw-10\/#breadcrumb\"},\"inLanguage\":\"de\",\"potentialAction\":[{\"@type\":\"ReadAction\",\"target\":[\"https:\/\/swoer.com\/manufacturer\/digital-stabilized-voltage-bowl-feeder-controller-sw-10\/\"]}]},{\"@type\":\"ImageObject\",\"inLanguage\":\"de\",\"@id\":\"https:\/\/swoer.com\/manufacturer\/digital-stabilized-voltage-bowl-feeder-controller-sw-10\/#primaryimage\",\"url\":\"https:\/\/swoer.com\/wp-content\/uploads\/2024\/04\/Digital-Stabilized-Voltage-Bowl-Feeder-Controller-SW-10.jpg\",\"contentUrl\":\"https:\/\/swoer.com\/wp-content\/uploads\/2024\/04\/Digital-Stabilized-Voltage-Bowl-Feeder-Controller-SW-10.jpg\",\"width\":1000,\"height\":1000,\"caption\":\"Digital Stabilized Voltage Bowl Feeder Controller SW-10\"},{\"@type\":\"BreadcrumbList\",\"@id\":\"https:\/\/swoer.com\/manufacturer\/digital-stabilized-voltage-bowl-feeder-controller-sw-10\/#breadcrumb\",\"itemListElement\":[{\"@type\":\"ListItem\",\"position\":1,\"name\":\"Home\",\"item\":\"https:\/\/swoer.com\/\"},{\"@type\":\"ListItem\",\"position\":2,\"name\":\"Shop\",\"item\":\"https:\/\/swoer.com\/shop\/\"},{\"@type\":\"ListItem\",\"position\":3,\"name\":\"Digital Stabilized Voltage Bowl Feeder Controller SW-10\"}]},{\"@type\":\"WebSite\",\"@id\":\"https:\/\/swoer.com\/#website\",\"url\":\"https:\/\/swoer.com\/\",\"name\":\"SWOER\",\"description\":\"Swoer is the top 3 vibratory bowl feeder manufacturer in China\",\"potentialAction\":[{\"@type\":\"SearchAction\",\"target\":{\"@type\":\"EntryPoint\",\"urlTemplate\":\"https:\/\/swoer.com\/?s={search_term_string}\"},\"query-input\":\"required name=search_term_string\"}],\"inLanguage\":\"de\"}]}<\/script>\n<!-- \/ Yoast SEO plugin. -->","yoast_head_json":{"title":"Digital Stabilized Voltage Bowl Feeder Controller SW-10 - SWOER","robots":{"index":"index","follow":"follow","max-snippet":"max-snippet:-1","max-image-preview":"max-image-preview:large","max-video-preview":"max-video-preview:-1"},"canonical":"https:\/\/swoer.com\/de\/manufacturer\/digital-stabilized-voltage-bowl-feeder-controller-sw-10\/","og_locale":"de_DE","og_type":"article","og_title":"Digital Stabilized Voltage Bowl Feeder Controller SW-10 - SWOER","og_description":"Introducing the Digital Stabilized Voltage Bowl Feeder Controller SW-10: Compact at L128 mmW50 mmH53 mm, with a one-year warranty. Features a light-touch key, four indicator lights for easy operation, and a built-in slow start\/stop for smooth feeding. A durable potentiometer ensures stability during power fluctuations. Compact and lightweight for easy installation, with a fully enclosed casing for durability in tough conditions. Includes protections against overheating and overload. Experience efficient feeding with SW-10.","og_url":"https:\/\/swoer.com\/de\/manufacturer\/digital-stabilized-voltage-bowl-feeder-controller-sw-10\/","og_site_name":"SWOER","article_modified_time":"2024-04-13T08:56:56+00:00","og_image":[{"width":1000,"height":1000,"url":"https:\/\/swoer.com\/wp-content\/uploads\/2024\/04\/Digital-Stabilized-Voltage-Bowl-Feeder-Controller-SW-10.jpg","type":"image\/jpeg"}],"twitter_card":"summary_large_image","twitter_misc":{"Gesch\u00e4tzte Lesezeit":"1\u00a0Minute"},"schema":{"@context":"https:\/\/schema.org","@graph":[{"@type":"WebPage","@id":"https:\/\/swoer.com\/manufacturer\/digital-stabilized-voltage-bowl-feeder-controller-sw-10\/","url":"https:\/\/swoer.com\/manufacturer\/digital-stabilized-voltage-bowl-feeder-controller-sw-10\/","name":"Digital Stabilized Voltage Bowl Feeder Controller SW-10 - SWOER","isPartOf":{"@id":"https:\/\/swoer.com\/#website"},"primaryImageOfPage":{"@id":"https:\/\/swoer.com\/manufacturer\/digital-stabilized-voltage-bowl-feeder-controller-sw-10\/#primaryimage"},"image":{"@id":"https:\/\/swoer.com\/manufacturer\/digital-stabilized-voltage-bowl-feeder-controller-sw-10\/#primaryimage"},"thumbnailUrl":"https:\/\/swoer.com\/wp-content\/uploads\/2024\/04\/Digital-Stabilized-Voltage-Bowl-Feeder-Controller-SW-10.jpg","datePublished":"2024-04-13T08:53:42+00:00","dateModified":"2024-04-13T08:56:56+00:00","breadcrumb":{"@id":"https:\/\/swoer.com\/manufacturer\/digital-stabilized-voltage-bowl-feeder-controller-sw-10\/#breadcrumb"},"inLanguage":"de","potentialAction":[{"@type":"ReadAction","target":["https:\/\/swoer.com\/manufacturer\/digital-stabilized-voltage-bowl-feeder-controller-sw-10\/"]}]},{"@type":"ImageObject","inLanguage":"de","@id":"https:\/\/swoer.com\/manufacturer\/digital-stabilized-voltage-bowl-feeder-controller-sw-10\/#primaryimage","url":"https:\/\/swoer.com\/wp-content\/uploads\/2024\/04\/Digital-Stabilized-Voltage-Bowl-Feeder-Controller-SW-10.jpg","contentUrl":"https:\/\/swoer.com\/wp-content\/uploads\/2024\/04\/Digital-Stabilized-Voltage-Bowl-Feeder-Controller-SW-10.jpg","width":1000,"height":1000,"caption":"Digital Stabilized Voltage Bowl Feeder Controller SW-10"},{"@type":"BreadcrumbList","@id":"https:\/\/swoer.com\/manufacturer\/digital-stabilized-voltage-bowl-feeder-controller-sw-10\/#breadcrumb","itemListElement":[{"@type":"ListItem","position":1,"name":"Home","item":"https:\/\/swoer.com\/"},{"@type":"ListItem","position":2,"name":"Shop","item":"https:\/\/swoer.com\/shop\/"},{"@type":"ListItem","position":3,"name":"Digital Stabilized Voltage Bowl Feeder Controller SW-10"}]},{"@type":"WebSite","@id":"https:\/\/swoer.com\/#website","url":"https:\/\/swoer.com\/","name":"SWOER","description":"Swoer is the top 3 vibratory bowl feeder manufacturer in China","potentialAction":[{"@type":"SearchAction","target":{"@type":"EntryPoint","urlTemplate":"https:\/\/swoer.com\/?s={search_term_string}"},"query-input":"required name=search_term_string"}],"inLanguage":"de"}]}},"_links":{"self":[{"href":"https:\/\/swoer.com\/de\/wp-json\/wp\/v2\/product\/1983"}],"collection":[{"href":"https:\/\/swoer.com\/de\/wp-json\/wp\/v2\/product"}],"about":[{"href":"https:\/\/swoer.com\/de\/wp-json\/wp\/v2\/types\/product"}],"replies":[{"embeddable":true,"href":"https:\/\/swoer.com\/de\/wp-json\/wp\/v2\/comments?post=1983"}],"wp:featuredmedia":[{"embeddable":true,"href":"https:\/\/swoer.com\/de\/wp-json\/wp\/v2\/media\/1984"}],"wp:attachment":[{"href":"https:\/\/swoer.com\/de\/wp-json\/wp\/v2\/media?parent=1983"}],"wp:term":[{"taxonomy":"product_cat","embeddable":true,"href":"https:\/\/swoer.com\/de\/wp-json\/wp\/v2\/product_cat?post=1983"},{"taxonomy":"product_tag","embeddable":true,"href":"https:\/\/swoer.com\/de\/wp-json\/wp\/v2\/product_tag?post=1983"}],"curies":[{"name":"wp","href":"https:\/\/api.w.org\/{rel}","templated":true}]}}