{"id":1979,"date":"2024-04-13T07:33:22","date_gmt":"2024-04-13T07:33:22","guid":{"rendered":"https:\/\/swoer.com\/?post_type=product&#038;p=1979"},"modified":"2024-04-13T09:01:56","modified_gmt":"2024-04-13T09:01:56","slug":"vibratory-bowl-feeder-controller-sdvc31-xlr","status":"publish","type":"product","link":"https:\/\/swoer.com\/de\/manufacturer\/vibratory-bowl-feeder-controller-sdvc31-xlr\/","title":{"rendered":"Vibrationsf\u00f6rderer-Steuerung SDVC31-XLR"},"content":{"rendered":"<h2><strong><b>Merkmale:<\/b><\/strong><\/h2>\n<p><strong><b>CE zertifiziert<\/b><\/strong><strong><b>, <\/b><\/strong><strong><b>RoHS-konform.<\/b><\/strong><\/p>\n<p><strong><b>Frequenzeinstellung:\u00a0<\/b><\/strong>Die Ausgangsfrequenz des Reglers kann manuell an die Resonanzfrequenz des Vibrationsf\u00f6rderers angepasst werden, um einen gleichm\u00e4\u00dfigen, leisen und energiesparenden F\u00f6rdereffekt zu erzielen.<\/p>\n<p><strong><b>Automatische hochpr\u00e4zise Spannungsregelung:<\/b><\/strong>\u00a0Der interne digitale Spannungsregelkreis kann durch Netzspannungsschwankungen verursachte Schwankungen der Vorschubgeschwindigkeit eliminieren.<\/p>\n<p><strong><b>Zeitlich einstellbarer Softstart:<\/b><\/strong>\u00a0Um pl\u00f6tzliche Ersch\u00fctterungen zu vermeiden, erh\u00f6ht der Regler die Ausgangsspannung beim Einschalten sanft von 0 auf den voreingestellten Wert. Die Softstartzeit kann digital voreingestellt werden.<\/p>\n<p><strong><b>Schaltersensor-Ein-\/Aus-Steuerung:\u00a0<\/b><\/strong>Zum Ein-\/Ausschalten des Controllers kann 1 NPN-Schaltersensor oder SPS angeschlossen werden.<\/p>\n<p><strong><b>Ein-\/Aus-Steuerung des optischen Sensors:<\/b><\/strong>\u00a0Der intelligente fotoelektrische Sensor CUH kann zum Ein-\/Ausschalten des Controllers angeschlossen werden.<\/p>\n<p><strong><b>Ferngeschwindigkeitsregelung:<\/b><\/strong>\u00a0Die Ausgangsspannung des Controllers kann ferngesteuert \u00fcber ein externes Potentiometer, eine SPS oder ein 1\u20135-V-Gleichstromsignal eingestellt werden.<\/p>\n<p><strong><b>DC-Steuerausgang:<\/b><\/strong>\u00a0Der Controller kann Niederspannungs-Gleichstrom im Zusammenhang mit der EIN\/AUS-Steuerung des Controllers ausgeben, um einen Magneten oder andere externe Ger\u00e4te anzutreiben.<\/p>\n<p><strong><b>Tastensperre:<\/b><\/strong>\u00a0Um eine Fehlbedienung zu verhindern, sperren Sie alle Tasten auf der Tastatur, indem Sie die EIN\/AUS-Taste 2 Sekunden lang gedr\u00fcckt halten.<\/p>\n<p><strong><b>\u00dcberhitzungsschutz:\u00a0<\/b><\/strong>Wenn die Innentemperatur des Controllers zu hoch wird, stoppt der Controller zum Selbstschutz seine Ausgabe.<\/p>\n<p><strong><b>\u00dcberstromschutz:<\/b><\/strong>\u00a0Wenn der Ausgangsstrom seinen Nennwert \u00fcberschreitet, stoppt der Controller seine Ausgabe, um sich selbst und die Last zu sch\u00fctzen.<\/p>\n<p><strong><b>Wiederherstellbarer Kurzschlussschutz:<\/b><\/strong>\u00a0Wenn der Ausgang des Controllers kurzgeschlossen ist, schaltet der Controller seinen Ausgang ab, um sich selbst und die Last zu sch\u00fctzen. Die Sicherung im Inneren wird jedoch nicht durchgebrannt. Wenn also auf der Ausgangsseite kein Kurzschluss vorliegt, funktioniert der Controller nach dem Einschalten wieder.<\/p>\n<p><strong><b>Max. einstellbare Ausgangsspannung:<\/b><\/strong>\u00a0Die maximal einstellbare Ausgangsspannung kann voreingestellt werden, um die Last vor Sch\u00e4den durch zu hohe Spannung zu sch\u00fctzen.<\/p>\n<h2><strong><b>Standardzubeh\u00f6r:<\/b><\/strong><\/h2>\n<p>1 x Eingangsstromkabel (1,5 m)<\/p>\n<p>1 x Ausgangsstromkabel (1,5 m)<\/p>\n<p>Hinweis: Das Eingangsstromkabel kann an die Steckdose in Ihrem Land angepasst werden.<\/p>\n<h2><strong><b>Optionales Zubeh\u00f6r:<\/b><\/strong><\/h2>\n<p>Intelligenter fotoelektrischer Sensor (1,5 m)<\/p>\n<h2 class=\"p\"><strong><span class=\"15\">Abmessungen &amp; Gewicht:<\/span><\/strong><\/h2>\n<p class=\"p\">Abmessungen: 190 x 53,6 x 94,5 (L x B x H, mm)<\/p>\n<p class=\"p\">Gewicht: SDVC31-S: 610 g (ohne Zubeh\u00f6r)<\/p>\n<h2><strong><b>Technische Spezifikation<\/b><\/strong><\/h2>\n<table width=\"710\">\n<tbody>\n<tr>\n<td rowspan=\"2\" width=\"242\">Artikel<\/td>\n<td colspan=\"3\" width=\"216\">Reichweite<\/td>\n<td rowspan=\"2\" width=\"72\">Einheit<\/td>\n<td rowspan=\"2\" width=\"180\">Beschreibung<\/td>\n<\/tr>\n<tr>\n<td width=\"72\">Mindest<\/td>\n<td width=\"72\">Typisch<\/td>\n<td width=\"72\">Max<\/td>\n<\/tr>\n<tr>\n<td width=\"242\">Eingangsspannung<\/td>\n<td width=\"72\">85<\/td>\n<td width=\"72\">220<\/td>\n<td width=\"72\">260<\/td>\n<td width=\"72\">V<\/td>\n<td width=\"180\">AV-RMS<\/td>\n<\/tr>\n<tr>\n<td width=\"242\">Einstellbarer Ausgangsspannungsbereich<\/td>\n<td width=\"72\">0<\/td>\n<td width=\"72\">&#8212;<\/td>\n<td width=\"72\">260<\/td>\n<td width=\"72\">V<\/td>\n<td width=\"180\">Niedriger als 150% Eingangsspannung<\/td>\n<\/tr>\n<tr>\n<td width=\"242\">Genauigkeit der Spannungseinstellung<\/td>\n<td colspan=\"3\" width=\"216\">1<\/td>\n<td width=\"72\">V<\/td>\n<td width=\"180\"><\/td>\n<\/tr>\n<tr>\n<td width=\"242\">Genauigkeit der Spannungsregelung<\/td>\n<td width=\"72\">0<\/td>\n<td width=\"72\">&#8212;<\/td>\n<td width=\"72\">10<\/td>\n<td width=\"72\">%<\/td>\n<td width=\"180\">\u25b3Vout\/\u25b3Vin<\/td>\n<\/tr>\n<tr>\n<td width=\"242\">Reaktionszeit der Spannungsregelung<\/td>\n<td width=\"72\">0.0025<\/td>\n<td width=\"72\">&#8212;<\/td>\n<td width=\"72\">0.025<\/td>\n<td width=\"72\">S<\/td>\n<td width=\"180\">die Periode der Ausgangsspannung<\/td>\n<\/tr>\n<tr>\n<td rowspan=\"2\" width=\"242\">Einstellbarer Ausgangsstrombereich<\/td>\n<td width=\"72\">0<\/td>\n<td width=\"72\">&#8212;<\/td>\n<td width=\"72\">1.5<\/td>\n<td width=\"72\">A<\/td>\n<td width=\"180\">Geringer Strom<\/td>\n<\/tr>\n<tr>\n<td width=\"72\">0<\/td>\n<td width=\"72\">&#8212;<\/td>\n<td width=\"72\">3<\/td>\n<td width=\"72\">A<\/td>\n<td width=\"180\">Mittlere Leistung<\/td>\n<\/tr>\n<tr>\n<td rowspan=\"2\" width=\"242\">Ausgangsleistung<\/td>\n<td width=\"72\">0<\/td>\n<td width=\"72\">&#8212;<\/td>\n<td width=\"72\">330<\/td>\n<td width=\"72\">VA<\/td>\n<td width=\"180\">Geringer Strom<\/td>\n<\/tr>\n<tr>\n<td width=\"72\">0<\/td>\n<td width=\"72\">&#8212;<\/td>\n<td width=\"72\">660<\/td>\n<td width=\"72\">VA<\/td>\n<td width=\"180\">Mittlere Leistung<\/td>\n<\/tr>\n<tr>\n<td width=\"242\">Ausgangsfrequenz<\/td>\n<td width=\"72\">40<\/td>\n<td width=\"72\">&#8212;<\/td>\n<td width=\"72\">400<\/td>\n<td width=\"72\">Hz<\/td>\n<td width=\"180\"><\/td>\n<\/tr>\n<tr>\n<td width=\"242\">Genauigkeit der Frequenzeinstellung<\/td>\n<td colspan=\"3\" width=\"216\">0.1<\/td>\n<td width=\"72\">Hz<\/td>\n<td width=\"180\"><\/td>\n<\/tr>\n<tr>\n<td width=\"242\">Ausgabewellenform<\/td>\n<td colspan=\"3\" width=\"216\">Sinus<\/td>\n<td width=\"72\"><\/td>\n<td width=\"180\"><\/td>\n<\/tr>\n<tr>\n<td width=\"242\">Sanftanlaufzeit<\/td>\n<td width=\"72\">0<\/td>\n<td width=\"72\">&#8212;<\/td>\n<td width=\"72\">10<\/td>\n<td width=\"72\">S<\/td>\n<td width=\"180\">Werkseinstellung: 0,5<\/td>\n<\/tr>\n<tr>\n<td width=\"242\">Ein-\/Aus-Verz\u00f6gerungszeitbereich<\/td>\n<td width=\"72\">0<\/td>\n<td width=\"72\">&#8212;<\/td>\n<td width=\"72\">20<\/td>\n<td width=\"72\">S<\/td>\n<td width=\"180\">Werkseinstellung: 0,2<\/td>\n<\/tr>\n<tr>\n<td width=\"242\">Genauigkeit der Ein-\/Aus-Verz\u00f6gerungszeit<\/td>\n<td colspan=\"3\" width=\"216\">0.1<\/td>\n<td width=\"72\">S<\/td>\n<td width=\"180\"><\/td>\n<\/tr>\n<tr>\n<td width=\"242\">\u00dcberhitzungsschutz-Ausl\u00f6setemperatur<\/td>\n<td width=\"72\">58<\/td>\n<td width=\"72\">60<\/td>\n<td width=\"72\">66<\/td>\n<td width=\"72\">\u2103<\/td>\n<td width=\"180\"><\/td>\n<\/tr>\n<tr>\n<td width=\"242\">DC-Steuerausgangsstrom<\/td>\n<td width=\"72\">0<\/td>\n<td width=\"72\">&#8212;<\/td>\n<td width=\"72\">200<\/td>\n<td width=\"72\">mA<\/td>\n<td width=\"180\"><\/td>\n<\/tr>\n<tr>\n<td width=\"242\">Analoges Steuersignal<\/td>\n<td colspan=\"3\" width=\"216\">1-5<\/td>\n<td width=\"72\">V<\/td>\n<td width=\"180\">Renctespeed-Steuerspannung<\/td>\n<\/tr>\n<tr>\n<td width=\"242\">Digitales Steuersignal<\/td>\n<td colspan=\"3\" width=\"216\">24<\/td>\n<td width=\"72\">V<\/td>\n<td width=\"180\">Schaltsignal<\/td>\n<\/tr>\n<tr>\n<td width=\"242\">Anpassungsmethode<\/td>\n<td colspan=\"3\" width=\"216\">6<\/td>\n<td width=\"72\">Taste<\/td>\n<td width=\"180\"><\/td>\n<\/tr>\n<tr>\n<td width=\"242\">Standby-Stromverbrauch<\/td>\n<td width=\"72\">&#8212;<\/td>\n<td width=\"72\">3<\/td>\n<td width=\"72\"><\/td>\n<td width=\"72\">B<\/td>\n<td width=\"180\"><\/td>\n<\/tr>\n<tr>\n<td width=\"242\">Anzeigemethode<\/td>\n<td colspan=\"3\" width=\"216\">5<\/td>\n<td width=\"72\">Ziffer<\/td>\n<td width=\"180\">LED DigitalR\u00f6hren<\/td>\n<\/tr>\n<tr>\n<td width=\"242\">Umgebungstemperatur<\/td>\n<td width=\"72\">0<\/td>\n<td width=\"72\">25<\/td>\n<td width=\"72\">40<\/td>\n<td width=\"72\">\u2103<\/td>\n<td rowspan=\"2\" width=\"180\">Keine Kondensation<\/td>\n<\/tr>\n<tr>\n<td width=\"242\">Luftfeuchtigkeit<\/td>\n<td width=\"72\">10<\/td>\n<td width=\"72\">60<\/td>\n<td width=\"72\">85<\/td>\n<td width=\"72\">%<\/td>\n<\/tr>\n<\/tbody>\n<\/table>","protected":false},"excerpt":{"rendered":"<p>Der Vibrationsf\u00f6rderer-Controller SDVC31-XLR: Er ist CE-zertifiziert und bietet eine manuelle Frequenzeinstellung f\u00fcr eine gleichm\u00e4\u00dfige Zuf\u00fchrung sowie eine automatische Spannungsregelung f\u00fcr Stabilit\u00e4t.<\/p>\n<p>Mit Sanftanlauf, Sensorsteuerung und Sicherheitsvorkehrungen. Inklusive Standardkabel.<\/p>\n<p>Ma\u00dfe: 190<em>53.6<\/em>94,5 mm; Gewicht: 610 g (ohne Zubeh\u00f6r).<\/p>","protected":false},"featured_media":1980,"comment_status":"open","ping_status":"closed","template":"","meta":[],"product_cat":[45],"product_tag":[],"yoast_head":"<!-- This site is optimized with the Yoast SEO plugin v22.2 - https:\/\/yoast.com\/wordpress\/plugins\/seo\/ -->\n<title>Vibratory Bowl Feeder Controller SDVC31-XLR - SWOER<\/title>\n<meta name=\"robots\" content=\"index, follow, max-snippet:-1, max-image-preview:large, max-video-preview:-1\" \/>\n<link rel=\"canonical\" href=\"https:\/\/swoer.com\/de\/manufacturer\/vibratory-bowl-feeder-controller-sdvc31-xlr\/\" \/>\n<meta property=\"og:locale\" content=\"de_DE\" \/>\n<meta property=\"og:type\" content=\"article\" \/>\n<meta property=\"og:title\" content=\"Vibratory Bowl Feeder Controller SDVC31-XLR - SWOER\" \/>\n<meta property=\"og:description\" content=\"The vibratory bowl feeder controller SDVC31-XLR: CE-certified, it offers manual frequency adjustment for smooth feeding and automatic voltage regulation for stability.  Features soft start, sensor controls, and safety protections. Includes standard cables.  Dimensions: 19053.694.5mm; Weight: 610g (without accessories).\" \/>\n<meta property=\"og:url\" content=\"https:\/\/swoer.com\/de\/manufacturer\/vibratory-bowl-feeder-controller-sdvc31-xlr\/\" \/>\n<meta property=\"og:site_name\" content=\"SWOER\" \/>\n<meta property=\"article:modified_time\" content=\"2024-04-13T09:01:56+00:00\" \/>\n<meta property=\"og:image\" content=\"https:\/\/swoer.com\/wp-content\/uploads\/2024\/04\/vibratory-bowl-feeder-controller-SDVC31-XLR.webp\" \/>\n\t<meta property=\"og:image:width\" content=\"1000\" \/>\n\t<meta property=\"og:image:height\" content=\"1000\" \/>\n\t<meta property=\"og:image:type\" content=\"image\/webp\" \/>\n<meta name=\"twitter:card\" content=\"summary_large_image\" \/>\n<meta name=\"twitter:label1\" content=\"Gesch\u00e4tzte Lesezeit\" \/>\n\t<meta name=\"twitter:data1\" content=\"3\u00a0Minuten\" \/>\n<script type=\"application\/ld+json\" class=\"yoast-schema-graph\">{\"@context\":\"https:\/\/schema.org\",\"@graph\":[{\"@type\":\"WebPage\",\"@id\":\"https:\/\/swoer.com\/manufacturer\/vibratory-bowl-feeder-controller-sdvc31-xlr\/\",\"url\":\"https:\/\/swoer.com\/manufacturer\/vibratory-bowl-feeder-controller-sdvc31-xlr\/\",\"name\":\"Vibratory Bowl Feeder Controller SDVC31-XLR - SWOER\",\"isPartOf\":{\"@id\":\"https:\/\/swoer.com\/#website\"},\"primaryImageOfPage\":{\"@id\":\"https:\/\/swoer.com\/manufacturer\/vibratory-bowl-feeder-controller-sdvc31-xlr\/#primaryimage\"},\"image\":{\"@id\":\"https:\/\/swoer.com\/manufacturer\/vibratory-bowl-feeder-controller-sdvc31-xlr\/#primaryimage\"},\"thumbnailUrl\":\"https:\/\/swoer.com\/wp-content\/uploads\/2024\/04\/vibratory-bowl-feeder-controller-SDVC31-XLR.webp\",\"datePublished\":\"2024-04-13T07:33:22+00:00\",\"dateModified\":\"2024-04-13T09:01:56+00:00\",\"breadcrumb\":{\"@id\":\"https:\/\/swoer.com\/manufacturer\/vibratory-bowl-feeder-controller-sdvc31-xlr\/#breadcrumb\"},\"inLanguage\":\"de\",\"potentialAction\":[{\"@type\":\"ReadAction\",\"target\":[\"https:\/\/swoer.com\/manufacturer\/vibratory-bowl-feeder-controller-sdvc31-xlr\/\"]}]},{\"@type\":\"ImageObject\",\"inLanguage\":\"de\",\"@id\":\"https:\/\/swoer.com\/manufacturer\/vibratory-bowl-feeder-controller-sdvc31-xlr\/#primaryimage\",\"url\":\"https:\/\/swoer.com\/wp-content\/uploads\/2024\/04\/vibratory-bowl-feeder-controller-SDVC31-XLR.webp\",\"contentUrl\":\"https:\/\/swoer.com\/wp-content\/uploads\/2024\/04\/vibratory-bowl-feeder-controller-SDVC31-XLR.webp\",\"width\":1000,\"height\":1000,\"caption\":\"vibratory bowl feeder controller SDVC31-XLR\"},{\"@type\":\"BreadcrumbList\",\"@id\":\"https:\/\/swoer.com\/manufacturer\/vibratory-bowl-feeder-controller-sdvc31-xlr\/#breadcrumb\",\"itemListElement\":[{\"@type\":\"ListItem\",\"position\":1,\"name\":\"Home\",\"item\":\"https:\/\/swoer.com\/\"},{\"@type\":\"ListItem\",\"position\":2,\"name\":\"Shop\",\"item\":\"https:\/\/swoer.com\/shop\/\"},{\"@type\":\"ListItem\",\"position\":3,\"name\":\"Vibratory Bowl Feeder Controller SDVC31-XLR\"}]},{\"@type\":\"WebSite\",\"@id\":\"https:\/\/swoer.com\/#website\",\"url\":\"https:\/\/swoer.com\/\",\"name\":\"SWOER\",\"description\":\"Swoer is the top 3 vibratory bowl feeder manufacturer in China\",\"potentialAction\":[{\"@type\":\"SearchAction\",\"target\":{\"@type\":\"EntryPoint\",\"urlTemplate\":\"https:\/\/swoer.com\/?s={search_term_string}\"},\"query-input\":\"required name=search_term_string\"}],\"inLanguage\":\"de\"}]}<\/script>\n<!-- \/ Yoast SEO plugin. -->","yoast_head_json":{"title":"Vibratory Bowl Feeder Controller SDVC31-XLR - SWOER","robots":{"index":"index","follow":"follow","max-snippet":"max-snippet:-1","max-image-preview":"max-image-preview:large","max-video-preview":"max-video-preview:-1"},"canonical":"https:\/\/swoer.com\/de\/manufacturer\/vibratory-bowl-feeder-controller-sdvc31-xlr\/","og_locale":"de_DE","og_type":"article","og_title":"Vibratory Bowl Feeder Controller SDVC31-XLR - SWOER","og_description":"The vibratory bowl feeder controller SDVC31-XLR: CE-certified, it offers manual frequency adjustment for smooth feeding and automatic voltage regulation for stability.  Features soft start, sensor controls, and safety protections. Includes standard cables.  Dimensions: 19053.694.5mm; Weight: 610g (without accessories).","og_url":"https:\/\/swoer.com\/de\/manufacturer\/vibratory-bowl-feeder-controller-sdvc31-xlr\/","og_site_name":"SWOER","article_modified_time":"2024-04-13T09:01:56+00:00","og_image":[{"width":1000,"height":1000,"url":"https:\/\/swoer.com\/wp-content\/uploads\/2024\/04\/vibratory-bowl-feeder-controller-SDVC31-XLR.webp","type":"image\/webp"}],"twitter_card":"summary_large_image","twitter_misc":{"Gesch\u00e4tzte Lesezeit":"3\u00a0Minuten"},"schema":{"@context":"https:\/\/schema.org","@graph":[{"@type":"WebPage","@id":"https:\/\/swoer.com\/manufacturer\/vibratory-bowl-feeder-controller-sdvc31-xlr\/","url":"https:\/\/swoer.com\/manufacturer\/vibratory-bowl-feeder-controller-sdvc31-xlr\/","name":"Vibratory Bowl Feeder Controller SDVC31-XLR - SWOER","isPartOf":{"@id":"https:\/\/swoer.com\/#website"},"primaryImageOfPage":{"@id":"https:\/\/swoer.com\/manufacturer\/vibratory-bowl-feeder-controller-sdvc31-xlr\/#primaryimage"},"image":{"@id":"https:\/\/swoer.com\/manufacturer\/vibratory-bowl-feeder-controller-sdvc31-xlr\/#primaryimage"},"thumbnailUrl":"https:\/\/swoer.com\/wp-content\/uploads\/2024\/04\/vibratory-bowl-feeder-controller-SDVC31-XLR.webp","datePublished":"2024-04-13T07:33:22+00:00","dateModified":"2024-04-13T09:01:56+00:00","breadcrumb":{"@id":"https:\/\/swoer.com\/manufacturer\/vibratory-bowl-feeder-controller-sdvc31-xlr\/#breadcrumb"},"inLanguage":"de","potentialAction":[{"@type":"ReadAction","target":["https:\/\/swoer.com\/manufacturer\/vibratory-bowl-feeder-controller-sdvc31-xlr\/"]}]},{"@type":"ImageObject","inLanguage":"de","@id":"https:\/\/swoer.com\/manufacturer\/vibratory-bowl-feeder-controller-sdvc31-xlr\/#primaryimage","url":"https:\/\/swoer.com\/wp-content\/uploads\/2024\/04\/vibratory-bowl-feeder-controller-SDVC31-XLR.webp","contentUrl":"https:\/\/swoer.com\/wp-content\/uploads\/2024\/04\/vibratory-bowl-feeder-controller-SDVC31-XLR.webp","width":1000,"height":1000,"caption":"vibratory bowl feeder controller SDVC31-XLR"},{"@type":"BreadcrumbList","@id":"https:\/\/swoer.com\/manufacturer\/vibratory-bowl-feeder-controller-sdvc31-xlr\/#breadcrumb","itemListElement":[{"@type":"ListItem","position":1,"name":"Home","item":"https:\/\/swoer.com\/"},{"@type":"ListItem","position":2,"name":"Shop","item":"https:\/\/swoer.com\/shop\/"},{"@type":"ListItem","position":3,"name":"Vibratory Bowl Feeder Controller SDVC31-XLR"}]},{"@type":"WebSite","@id":"https:\/\/swoer.com\/#website","url":"https:\/\/swoer.com\/","name":"SWOER","description":"Swoer is the top 3 vibratory bowl feeder manufacturer in China","potentialAction":[{"@type":"SearchAction","target":{"@type":"EntryPoint","urlTemplate":"https:\/\/swoer.com\/?s={search_term_string}"},"query-input":"required name=search_term_string"}],"inLanguage":"de"}]}},"_links":{"self":[{"href":"https:\/\/swoer.com\/de\/wp-json\/wp\/v2\/product\/1979"}],"collection":[{"href":"https:\/\/swoer.com\/de\/wp-json\/wp\/v2\/product"}],"about":[{"href":"https:\/\/swoer.com\/de\/wp-json\/wp\/v2\/types\/product"}],"replies":[{"embeddable":true,"href":"https:\/\/swoer.com\/de\/wp-json\/wp\/v2\/comments?post=1979"}],"wp:featuredmedia":[{"embeddable":true,"href":"https:\/\/swoer.com\/de\/wp-json\/wp\/v2\/media\/1980"}],"wp:attachment":[{"href":"https:\/\/swoer.com\/de\/wp-json\/wp\/v2\/media?parent=1979"}],"wp:term":[{"taxonomy":"product_cat","embeddable":true,"href":"https:\/\/swoer.com\/de\/wp-json\/wp\/v2\/product_cat?post=1979"},{"taxonomy":"product_tag","embeddable":true,"href":"https:\/\/swoer.com\/de\/wp-json\/wp\/v2\/product_tag?post=1979"}],"curies":[{"name":"wp","href":"https:\/\/api.w.org\/{rel}","templated":true}]}}