{"id":1839,"date":"2024-04-02T08:27:07","date_gmt":"2024-04-02T08:27:07","guid":{"rendered":"https:\/\/lightgrey-porpoise-816575.hostingersite.com\/?post_type=product&#038;p=1839"},"modified":"2024-07-31T09:05:56","modified_gmt":"2024-07-31T01:05:56","slug":"automatic-riveting-machine","status":"publish","type":"product","link":"https:\/\/swoer.com\/de\/manufacturer\/automatic-riveting-machine\/","title":{"rendered":"Automatische Nietmaschine"},"content":{"rendered":"<p data-sourcepos=\"3:1-3:9\">Die automatische Nietmaschine von SWOER ist ein fortschrittliches System, das Nieten automatisch in die Nagelziehm\u00fcndung \u00fcbertr\u00e4gt. Wir haben diese Maschine entwickelt, um kritische L\u00fccken in der chinesischen Industrie zu schlie\u00dfen, und sie hat zahlreiche Patente erhalten. Durch den Einsatz dieser Maschine kann Ihr Unternehmen \u00fcber 301 TP3T an Arbeitskosten sparen.<\/p>\n<p data-sourcepos=\"5:1-5:135\">Anders als andere automatische Nietmaschinen funktioniert das SWOER-Modell auf eine andere Art und Weise. W\u00e4hrend herk\u00f6mmliche Maschinen eine manuelle Nietenplatzierung und M\u00fcndungssteuerung erfordern und sich auf Unterdruck zur Nietenaufnahme verlassen, bietet die automatische Nietmaschine von SWOER im Gegensatz dazu einen automatisierten Ansatz. Unsere Maschine verwendet Druckluft, um Nieten durch automatisierte Nietenanordnung und -trennung direkt zur M\u00fcndung des Nagelschussger\u00e4ts zu transportieren. Durch den Einsatz der automatischen Nietmaschine von SWOER k\u00f6nnen Sie arbeitsintensive manuelle Nagelvorg\u00e4nge in automatisierte oder unbemannte Prozesse umwandeln, was einen bedeutenden technologischen Fortschritt in der Nagelindustrie darstellt.<\/p>\n\t<div id=\"gap-367646314\" class=\"gap-element clearfix\" style=\"display:block; height:auto;\">\n\t\t\n<style>\n#gap-367646314 {\n  padding-top: 30px;\n}\n<\/style>\n\t<\/div>\n\t\n<h2><strong>Spezifikation:<\/strong><\/h2>\n\t<div id=\"text-108195565\" class=\"text\">\n\t\t\n<table style=\"border-collapse: collapse; width: 432.77pt;\" border=\"0\" width=\"577\" cellspacing=\"0\" cellpadding=\"0\">\n<tbody>\n<tr style=\"height: 15.00pt;\">\n<td class=\"et2\" style=\"height: 15.00pt; width: 206.25pt;\" width=\"275\" height=\"20\">Artikel<\/td>\n<td class=\"et2\" style=\"width: 226.50pt;\" width=\"302\">Wert<\/td>\n<\/tr>\n<tr style=\"height: 15.00pt;\">\n<td class=\"et2\" style=\"height: 15.00pt; width: 206.25pt;\" width=\"275\" height=\"20\">Modell-Nr<\/td>\n<td class=\"et2\" style=\"width: 226.50pt;\" width=\"302\">SW-1000A<\/td>\n<\/tr>\n<tr style=\"height: 15.00pt;\">\n<td class=\"et2\" style=\"height: 15.00pt; width: 206.25pt;\" width=\"275\" height=\"20\">Garantie<\/td>\n<td class=\"et2\" style=\"width: 226.50pt;\" width=\"302\">1 Jahr<\/td>\n<\/tr>\n<tr style=\"height: 15.00pt;\">\n<td class=\"et2\" style=\"height: 15.00pt; width: 206.25pt;\" width=\"275\" height=\"20\">Leerlaufdrehzahl<\/td>\n<td class=\"et3\" style=\"width: 226.50pt;\" width=\"302\">0<\/td>\n<\/tr>\n<tr style=\"height: 15.00pt;\">\n<td class=\"et2\" style=\"height: 15.00pt; width: 206.25pt;\" width=\"275\" height=\"20\">Ma\u00dfgeschneiderte Unterst\u00fctzung<\/td>\n<td class=\"et2\" style=\"width: 226.50pt;\" width=\"302\">OEM<\/td>\n<\/tr>\n<tr style=\"height: 15.00pt;\">\n<td class=\"et2\" style=\"height: 15.00pt; width: 206.25pt;\" width=\"275\" height=\"20\">Herkunftsort<\/td>\n<td class=\"et2\" style=\"width: 226.50pt;\" width=\"302\">China<\/td>\n<\/tr>\n<tr style=\"height: 15.00pt;\">\n<td class=\"et2\" style=\"height: 15.00pt; width: 206.25pt;\" width=\"275\" height=\"20\">Name<\/td>\n<td class=\"et2\" style=\"width: 226.50pt;\" width=\"302\">Automatische Nietmaschine<\/td>\n<\/tr>\n<tr style=\"height: 15.00pt;\">\n<td class=\"et2\" style=\"height: 15.00pt; width: 206.25pt;\" width=\"275\" height=\"20\">Farbe<\/td>\n<td class=\"et2\" style=\"width: 226.50pt;\" width=\"302\">Blass<\/td>\n<\/tr>\n<tr style=\"height: 15.00pt;\">\n<td class=\"et2\" style=\"height: 15.00pt; width: 206.25pt;\" width=\"275\" height=\"20\">Gewicht<\/td>\n<td class=\"et2\" style=\"width: 226.50pt;\" width=\"302\">50 kg<\/td>\n<\/tr>\n<tr style=\"height: 15.00pt;\">\n<td class=\"et2\" style=\"height: 15.00pt; width: 206.25pt;\" width=\"275\" height=\"20\">Nagelvorschubgeschwindigkeit<\/td>\n<td class=\"et2\" style=\"width: 226.50pt;\" width=\"302\">60 ~ 120 St\u00fcck\/min<\/td>\n<\/tr>\n<tr style=\"height: 15.00pt;\">\n<td class=\"et2\" style=\"height: 15.00pt; width: 206.25pt;\" width=\"275\" height=\"20\">Druck<\/td>\n<td class=\"et2\" style=\"width: 226.50pt;\" width=\"302\">5,5~6,5 Bar<\/td>\n<\/tr>\n<tr style=\"height: 15.00pt;\">\n<td class=\"et2\" style=\"height: 15.00pt; width: 206.25pt;\" width=\"275\" height=\"20\">Geh\u00e4usegr\u00f6\u00dfe<\/td>\n<td class=\"et2\" style=\"width: 226.50pt;\" width=\"302\">530*360*380 mm<\/td>\n<\/tr>\n<\/tbody>\n<\/table>\n\t\t\n<style>\n#text-108195565 {\n  font-size: 1.15rem;\n  line-height: 3;\n}\n<\/style>\n\t<\/div>\n\t\n\t<div id=\"gap-886944632\" class=\"gap-element clearfix\" style=\"display:block; height:auto;\">\n\t\t\n<style>\n#gap-886944632 {\n  padding-top: 30px;\n}\n<\/style>\n\t<\/div>\n\t\n<h3><strong>Die automatische Nietmaschine von SWOER besteht aus zwei Hauptkomponenten: dem Hauptmotor und den Nagelpistolenkomponenten.<\/strong><\/h3>\n<ol>\n<li>Der Hauptmotor besteht aus dem Maschinenbewegungssystem, dem Maschinensteuerungssystem und dem Erkennungssystem. Die Aufgabe des Maschinenbewegungssystems besteht darin, Nieten geordnet zu trennen und sie in eine bestimmte Richtung zur Pistolend\u00fcse zu transportieren. W\u00e4hrenddessen steuert das Maschinensteuerungssystem die Aktionen verschiedener Teile gem\u00e4\u00df voreingestellten Anweisungen. Gleichzeitig gew\u00e4hrleistet das Erkennungssystem einen stabilen Maschinenbetrieb durch die programmierten Parameter.<\/li>\n<\/ol>\n<p>2. Die Nagelpistolenkomponente umfasst die Nagelpistole, den Nietenaufnahmemechanismus und den Signalsammel- und -ausgabemechanismus. Dar\u00fcber hinaus dient die Nagelpistole, eine auf dem Markt erh\u00e4ltliche Standard-Automatiknagelpistole, als Hauptwerkzeug f\u00fcr Nagelarbeiten, egal ob manuell oder automatisch. Der Nietenaufnahmemechanismus f\u00e4ngt Nieten ein und l\u00e4dt sie, die vom Hauptmotor durch die Rohrleitung in die Nietend\u00fcsenkomponente transportiert werden, und stellt die Kerntechnologie der automatischen Nietmaschine dar. Schlie\u00dflich sammelt und gibt der Signalsammel- und -ausgabemechanismus, wie der Name schon sagt, Signale aus, um den Maschinenbetrieb einzuleiten und Aufgaben abzuschlie\u00dfen.<\/p>\n<h3><strong>Reinigungs- und Wartungsrichtlinien f\u00fcr automatische Nietmaschinen:<\/strong><\/h3>\n<p><strong>1.<\/strong> Reinigen Sie den Nagelbeh\u00e4lter regelm\u00e4\u00dfig, um ihn sauber zu halten, und blasen Sie alle darin angesammelten R\u00fcckst\u00e4nde mit Hochdruckgas heraus.<\/p>\n<p><strong>2.<\/strong> Reinigen Sie die F\u00fchrungsschienen Ihrer Nietmaschine regelm\u00e4\u00dfig, um einen reibungslosen Betrieb zu gew\u00e4hrleisten.<\/p>\n<p><strong>3.<\/strong> Reinigen Sie das Nagelzufuhrsystem regelm\u00e4\u00dfig, um seine Funktionalit\u00e4t aufrechtzuerhalten, und tragen Sie ggf. Fett auf, um bewegliche Teile zu schmieren und eine optimale Leistung zu erzielen.<\/p>\n<p><strong>4.<\/strong> Halten Sie die Au\u00dfenfl\u00e4che des Maschinengeh\u00e4uses durch regelm\u00e4\u00dfige Reinigung sauber.<\/p>\n<p><strong>5.<\/strong> Vermeiden Sie es, mit der M\u00fcndung des Nagelschussger\u00e4ts auf Werkst\u00fccke oder andere Gegenst\u00e4nde zu schlagen. Denken Sie au\u00dferdem daran, das Ger\u00e4t auszuschalten, wenn es nicht verwendet wird, um Unf\u00e4lle zu vermeiden.<\/p>","protected":false},"excerpt":{"rendered":"<p>SWOER, Hersteller und Lieferant kundenspezifischer automatischer Nietmaschinen in China.<\/p>\n<p>-MOQ:1 St\u00fcck<\/p>\n<p>-OEM\/ODM-Service angeboten<\/p>\n<p>-Anpassung akzeptieren<\/p>\n<p>Wenn Sie Preise f\u00fcr automatische Nietger\u00e4te erfahren m\u00f6chten, nehmen Sie bitte Kontakt mit uns auf.<\/p>","protected":false},"featured_media":1840,"comment_status":"open","ping_status":"closed","template":"","meta":[],"product_cat":[42],"product_tag":[],"yoast_head":"<!-- This site is optimized with the Yoast SEO plugin v22.2 - https:\/\/yoast.com\/wordpress\/plugins\/seo\/ -->\n<title>Automatic Riveting Machine - SWOER<\/title>\n<meta name=\"description\" content=\"Experience advanced automation with SOWER&#039;s riveting machine. Automate rivet transfer, saving over 30% in labor and boosting efficiency.\" \/>\n<meta name=\"robots\" content=\"index, follow, max-snippet:-1, max-image-preview:large, max-video-preview:-1\" \/>\n<link rel=\"canonical\" href=\"https:\/\/swoer.com\/de\/manufacturer\/automatic-riveting-machine\/\" \/>\n<meta property=\"og:locale\" content=\"de_DE\" \/>\n<meta property=\"og:type\" content=\"article\" \/>\n<meta property=\"og:title\" content=\"Automatic Riveting Machine - SWOER\" \/>\n<meta property=\"og:description\" content=\"Experience advanced automation with SOWER&#039;s riveting machine. Automate rivet transfer, saving over 30% in labor and boosting efficiency.\" \/>\n<meta property=\"og:url\" content=\"https:\/\/swoer.com\/de\/manufacturer\/automatic-riveting-machine\/\" \/>\n<meta property=\"og:site_name\" content=\"SWOER\" \/>\n<meta property=\"article:modified_time\" content=\"2024-07-31T01:05:56+00:00\" \/>\n<meta property=\"og:image\" content=\"https:\/\/swoer.com\/wp-content\/uploads\/2024\/04\/auto-rivet-tools.webp\" \/>\n\t<meta property=\"og:image:width\" content=\"1000\" \/>\n\t<meta property=\"og:image:height\" content=\"1000\" \/>\n\t<meta property=\"og:image:type\" content=\"image\/webp\" \/>\n<meta name=\"twitter:card\" content=\"summary_large_image\" \/>\n<meta name=\"twitter:label1\" content=\"Gesch\u00e4tzte Lesezeit\" \/>\n\t<meta name=\"twitter:data1\" content=\"3\u00a0Minuten\" \/>\n<script type=\"application\/ld+json\" class=\"yoast-schema-graph\">{\"@context\":\"https:\/\/schema.org\",\"@graph\":[{\"@type\":\"WebPage\",\"@id\":\"https:\/\/swoer.com\/manufacturer\/automatic-riveting-machine\/\",\"url\":\"https:\/\/swoer.com\/manufacturer\/automatic-riveting-machine\/\",\"name\":\"Automatic Riveting Machine - SWOER\",\"isPartOf\":{\"@id\":\"https:\/\/swoer.com\/#website\"},\"primaryImageOfPage\":{\"@id\":\"https:\/\/swoer.com\/manufacturer\/automatic-riveting-machine\/#primaryimage\"},\"image\":{\"@id\":\"https:\/\/swoer.com\/manufacturer\/automatic-riveting-machine\/#primaryimage\"},\"thumbnailUrl\":\"https:\/\/swoer.com\/wp-content\/uploads\/2024\/04\/auto-rivet-tools.webp\",\"datePublished\":\"2024-04-02T08:27:07+00:00\",\"dateModified\":\"2024-07-31T01:05:56+00:00\",\"description\":\"Experience advanced automation with SOWER's riveting machine. Automate rivet transfer, saving over 30% in labor and boosting efficiency.\",\"breadcrumb\":{\"@id\":\"https:\/\/swoer.com\/manufacturer\/automatic-riveting-machine\/#breadcrumb\"},\"inLanguage\":\"de\",\"potentialAction\":[{\"@type\":\"ReadAction\",\"target\":[\"https:\/\/swoer.com\/manufacturer\/automatic-riveting-machine\/\"]}]},{\"@type\":\"ImageObject\",\"inLanguage\":\"de\",\"@id\":\"https:\/\/swoer.com\/manufacturer\/automatic-riveting-machine\/#primaryimage\",\"url\":\"https:\/\/swoer.com\/wp-content\/uploads\/2024\/04\/auto-rivet-tools.webp\",\"contentUrl\":\"https:\/\/swoer.com\/wp-content\/uploads\/2024\/04\/auto-rivet-tools.webp\",\"width\":1000,\"height\":1000,\"caption\":\"auto rivet tools\"},{\"@type\":\"BreadcrumbList\",\"@id\":\"https:\/\/swoer.com\/manufacturer\/automatic-riveting-machine\/#breadcrumb\",\"itemListElement\":[{\"@type\":\"ListItem\",\"position\":1,\"name\":\"Home\",\"item\":\"https:\/\/swoer.com\/\"},{\"@type\":\"ListItem\",\"position\":2,\"name\":\"Shop\",\"item\":\"https:\/\/swoer.com\/shop\/\"},{\"@type\":\"ListItem\",\"position\":3,\"name\":\"Automatic Riveting Machine\"}]},{\"@type\":\"WebSite\",\"@id\":\"https:\/\/swoer.com\/#website\",\"url\":\"https:\/\/swoer.com\/\",\"name\":\"SWOER\",\"description\":\"Swoer is the top 3 vibratory bowl feeder manufacturer in China\",\"potentialAction\":[{\"@type\":\"SearchAction\",\"target\":{\"@type\":\"EntryPoint\",\"urlTemplate\":\"https:\/\/swoer.com\/?s={search_term_string}\"},\"query-input\":\"required name=search_term_string\"}],\"inLanguage\":\"de\"}]}<\/script>\n<!-- \/ Yoast SEO plugin. -->","yoast_head_json":{"title":"Automatic Riveting Machine - SWOER","description":"Experience advanced automation with SOWER's riveting machine. Automate rivet transfer, saving over 30% in labor and boosting efficiency.","robots":{"index":"index","follow":"follow","max-snippet":"max-snippet:-1","max-image-preview":"max-image-preview:large","max-video-preview":"max-video-preview:-1"},"canonical":"https:\/\/swoer.com\/de\/manufacturer\/automatic-riveting-machine\/","og_locale":"de_DE","og_type":"article","og_title":"Automatic Riveting Machine - SWOER","og_description":"Experience advanced automation with SOWER's riveting machine. Automate rivet transfer, saving over 30% in labor and boosting efficiency.","og_url":"https:\/\/swoer.com\/de\/manufacturer\/automatic-riveting-machine\/","og_site_name":"SWOER","article_modified_time":"2024-07-31T01:05:56+00:00","og_image":[{"width":1000,"height":1000,"url":"https:\/\/swoer.com\/wp-content\/uploads\/2024\/04\/auto-rivet-tools.webp","type":"image\/webp"}],"twitter_card":"summary_large_image","twitter_misc":{"Gesch\u00e4tzte Lesezeit":"3\u00a0Minuten"},"schema":{"@context":"https:\/\/schema.org","@graph":[{"@type":"WebPage","@id":"https:\/\/swoer.com\/manufacturer\/automatic-riveting-machine\/","url":"https:\/\/swoer.com\/manufacturer\/automatic-riveting-machine\/","name":"Automatic Riveting Machine - SWOER","isPartOf":{"@id":"https:\/\/swoer.com\/#website"},"primaryImageOfPage":{"@id":"https:\/\/swoer.com\/manufacturer\/automatic-riveting-machine\/#primaryimage"},"image":{"@id":"https:\/\/swoer.com\/manufacturer\/automatic-riveting-machine\/#primaryimage"},"thumbnailUrl":"https:\/\/swoer.com\/wp-content\/uploads\/2024\/04\/auto-rivet-tools.webp","datePublished":"2024-04-02T08:27:07+00:00","dateModified":"2024-07-31T01:05:56+00:00","description":"Experience advanced automation with SOWER's riveting machine. Automate rivet transfer, saving over 30% in labor and boosting efficiency.","breadcrumb":{"@id":"https:\/\/swoer.com\/manufacturer\/automatic-riveting-machine\/#breadcrumb"},"inLanguage":"de","potentialAction":[{"@type":"ReadAction","target":["https:\/\/swoer.com\/manufacturer\/automatic-riveting-machine\/"]}]},{"@type":"ImageObject","inLanguage":"de","@id":"https:\/\/swoer.com\/manufacturer\/automatic-riveting-machine\/#primaryimage","url":"https:\/\/swoer.com\/wp-content\/uploads\/2024\/04\/auto-rivet-tools.webp","contentUrl":"https:\/\/swoer.com\/wp-content\/uploads\/2024\/04\/auto-rivet-tools.webp","width":1000,"height":1000,"caption":"auto rivet tools"},{"@type":"BreadcrumbList","@id":"https:\/\/swoer.com\/manufacturer\/automatic-riveting-machine\/#breadcrumb","itemListElement":[{"@type":"ListItem","position":1,"name":"Home","item":"https:\/\/swoer.com\/"},{"@type":"ListItem","position":2,"name":"Shop","item":"https:\/\/swoer.com\/shop\/"},{"@type":"ListItem","position":3,"name":"Automatic Riveting Machine"}]},{"@type":"WebSite","@id":"https:\/\/swoer.com\/#website","url":"https:\/\/swoer.com\/","name":"SWOER","description":"Swoer is the top 3 vibratory bowl feeder manufacturer in China","potentialAction":[{"@type":"SearchAction","target":{"@type":"EntryPoint","urlTemplate":"https:\/\/swoer.com\/?s={search_term_string}"},"query-input":"required name=search_term_string"}],"inLanguage":"de"}]}},"_links":{"self":[{"href":"https:\/\/swoer.com\/de\/wp-json\/wp\/v2\/product\/1839"}],"collection":[{"href":"https:\/\/swoer.com\/de\/wp-json\/wp\/v2\/product"}],"about":[{"href":"https:\/\/swoer.com\/de\/wp-json\/wp\/v2\/types\/product"}],"replies":[{"embeddable":true,"href":"https:\/\/swoer.com\/de\/wp-json\/wp\/v2\/comments?post=1839"}],"wp:featuredmedia":[{"embeddable":true,"href":"https:\/\/swoer.com\/de\/wp-json\/wp\/v2\/media\/1840"}],"wp:attachment":[{"href":"https:\/\/swoer.com\/de\/wp-json\/wp\/v2\/media?parent=1839"}],"wp:term":[{"taxonomy":"product_cat","embeddable":true,"href":"https:\/\/swoer.com\/de\/wp-json\/wp\/v2\/product_cat?post=1839"},{"taxonomy":"product_tag","embeddable":true,"href":"https:\/\/swoer.com\/de\/wp-json\/wp\/v2\/product_tag?post=1839"}],"curies":[{"name":"wp","href":"https:\/\/api.w.org\/{rel}","templated":true}]}}