{"id":1820,"date":"2024-04-02T03:12:36","date_gmt":"2024-04-02T03:12:36","guid":{"rendered":"https:\/\/lightgrey-porpoise-816575.hostingersite.com\/?post_type=product&#038;p=1820"},"modified":"2024-04-02T03:18:29","modified_gmt":"2024-04-02T03:18:29","slug":"plastic-connector-pneumatic-stepped-feeding-device","status":"publish","type":"product","link":"https:\/\/swoer.com\/de\/manufacturer\/plastic-connector-pneumatic-stepped-feeding-device\/","title":{"rendered":"Pneumatisches Stufenvorschubger\u00e4t f\u00fcr Kunststoffverbinder"},"content":{"rendered":"<p><strong>1.<\/strong> Steigern Sie die Effizienz Ihrer Montagelinie mit unserem pneumatischen Stufenvorschubger\u00e4t mit Kunststoffverbinder. Das auf Pr\u00e4zision ausgelegte Ger\u00e4t gew\u00e4hrleistet eine nahtlose Materialhandhabung f\u00fcr optimierte Produktionsabl\u00e4ufe.<\/p>\n<p><strong>2.<\/strong> Optimieren Sie Ihre Fertigungsprozesse mit unserem pneumatischen Stufenzufuhrger\u00e4t mit Kunststoffanschluss. Es ist zuverl\u00e4ssig und effizient, sorgt f\u00fcr eine gleichm\u00e4\u00dfige Zufuhr und maximiert so die Produktivit\u00e4t.<\/p>\n\t<div id=\"gap-370084295\" class=\"gap-element clearfix\" style=\"display:block; height:auto;\">\n\t\t\n<style>\n#gap-370084295 {\n  padding-top: 30px;\n}\n<\/style>\n\t<\/div>\n\t\n<h2>Beschreibung:<\/h2>\n<table width=\"727\">\n<tbody>\n<tr>\n<td width=\"205\">Produktname<\/td>\n<td width=\"522\">Pneumatisches Stufenvorschubger\u00e4t f\u00fcr Kunststoffverbinder\u00a0<\/td>\n<\/tr>\n<tr>\n<td>Material<\/td>\n<td>AL7075 \/ SUS304<\/td>\n<\/tr>\n<tr>\n<td>Materialspezialit\u00e4t<\/td>\n<td>Kaltbehandlungsschmiedelegierung, Hohe Festigkeit, Hohe H\u00e4rte<\/td>\n<\/tr>\n<tr>\n<td>Stromspannung<\/td>\n<td>220 V<\/td>\n<\/tr>\n<tr>\n<td>Leistung<\/td>\n<td>65 W \/ 150 W \/ 180 W \/ 220 W \/ 350 W<\/td>\n<\/tr>\n<tr>\n<td>Authentifizierung<\/td>\n<td>CE, ROHS, ISO9001<\/td>\n<\/tr>\n<tr>\n<td>Garantie<\/td>\n<td>1 Jahr Garantie<\/td>\n<\/tr>\n<tr>\n<td>Mindestbestellmenge<\/td>\n<td>1 Satz<\/td>\n<\/tr>\n<tr>\n<td>Vorlaufzeit<\/td>\n<td>28 Tage<\/td>\n<\/tr>\n<tr>\n<td>Zahlungsfrist<\/td>\n<td>T\/T 30% Anzahlung und Restbetrag vor Versand<\/td>\n<\/tr>\n<tr>\n<td>Original des Ortes<\/td>\n<td>China<\/td>\n<\/tr>\n<\/tbody>\n<\/table>\n\t<div id=\"gap-107391825\" class=\"gap-element clearfix\" style=\"display:block; height:auto;\">\n\t\t\n<style>\n#gap-107391825 {\n  padding-top: 30px;\n}\n<\/style>\n\t<\/div>\n\t\n<h2>FAQ:<\/h2>\n<p><strong>1. Wie verbessert das pneumatische Stufenzufuhrger\u00e4t f\u00fcr Kunststoffverbinder die Effizienz meiner Montagelinie?<\/strong><\/p>\n<p>Unser pneumatisches Stufenzufuhrger\u00e4t f\u00fcr Kunststoffverbinder ist f\u00fcr eine optimale Materialhandhabung ausgelegt und gew\u00e4hrleistet eine nahtlose und effiziente Zufuhr von Kunststoffverbindern. Durch die Automatisierung dieses Prozesses wird die manuelle Arbeit reduziert und Produktionsausfallzeiten minimiert, was letztlich die Gesamteffizienz der Montagelinie verbessert.<\/p>\n<p><strong>2. Kann dieses Zuf\u00fchrger\u00e4t Kunststoffverbinder unterschiedlicher Gr\u00f6\u00dfen und Formen verarbeiten?<\/strong><\/p>\n<p>Absolut. Unser Ger\u00e4t ist vielseitig und anpassbar und kann eine Vielzahl von Kunststoffverbindergr\u00f6\u00dfen und -formen verarbeiten. Egal, ob Sie mit kleinen oder gro\u00dfen Verbindern arbeiten, unser Zuf\u00fchrger\u00e4t liefert eine konsistente und zuverl\u00e4ssige Leistung und gew\u00e4hrleistet eine nahtlose Integration in Ihre Montagelinie.<\/p>\n<p><strong>3. Wie einfach ist es, dieses Zuf\u00fchrger\u00e4t in meine bestehende Produktionsanlage zu installieren und zu integrieren?<\/strong><\/p>\n<p>Installation und Integration sind unkomplizierte Prozesse. Unser Team bietet umfassende Unterst\u00fctzung, um eine reibungslose Einrichtung und Integration des pneumatischen Stufenzuf\u00fchrger\u00e4ts mit Kunststoffverbinder in Ihre bestehende Produktionsumgebung sicherzustellen. Wir legen Wert auf minimale St\u00f6rungen Ihres Betriebs, damit Sie schnell von einer verbesserten Effizienz profitieren k\u00f6nnen.<\/p>\n<p><strong>4. Wie tr\u00e4gt dieses Zuf\u00fchrger\u00e4t zur Produktqualit\u00e4t und -konsistenz bei?<\/strong><\/p>\n<p>Durch die pr\u00e4zise und kontrollierte Zuf\u00fchrung von Kunststoffverbindern tr\u00e4gt unser Ger\u00e4t dazu bei, die Produktqualit\u00e4t und -konsistenz w\u00e4hrend des gesamten Montageprozesses aufrechtzuerhalten. Sein pneumatischer Betrieb gew\u00e4hrleistet eine genaue Platzierung und Ausrichtung, minimiert Fehler und Defekte und gew\u00e4hrleistet eine hochwertige Ausgabe.<\/p>\n<p><strong>5. Welche Art von Unterst\u00fctzung bieten Sie f\u00fcr die Wartung und Fehlerbehebung dieses F\u00fctterungsger\u00e4ts?<\/strong><\/p>\n<p>Wir bieten fortlaufende Unterst\u00fctzung bei Wartungs- und Fehlerbehebungsanforderungen. Unser Team bietet umfassende Schulungen, Wartungspl\u00e4ne und technische Unterst\u00fctzung, um die anhaltende Zuverl\u00e4ssigkeit und Leistung des pneumatischen Stufenzufuhrger\u00e4ts f\u00fcr Kunststoffverbinder sicherzustellen. Wir m\u00f6chten Ihnen dabei helfen, die Effizienz und Effektivit\u00e4t Ihrer Flie\u00dfbandabl\u00e4ufe zu maximieren.<\/p>","protected":false},"excerpt":{"rendered":"<p>Optimieren Sie Ihre Montagelinie mit unserem pneumatischen Stufenzufuhrger\u00e4t mit Kunststoffanschluss. Das f\u00fcr eine reibungslose Materialhandhabung pr\u00e4zisionsgefertigte Ger\u00e4t gew\u00e4hrleistet eine effiziente und zuverl\u00e4ssige Zufuhr und verbessert so Ihre Produktionsprozesse.<\/p>","protected":false},"featured_media":1821,"comment_status":"open","ping_status":"closed","template":"","meta":[],"product_cat":[39],"product_tag":[],"yoast_head":"<!-- This site is optimized with the Yoast SEO plugin v22.2 - https:\/\/yoast.com\/wordpress\/plugins\/seo\/ -->\n<title>Plastic Connector Pneumatic Stepped Feeding Device - SWOER<\/title>\n<meta name=\"robots\" content=\"index, follow, max-snippet:-1, max-image-preview:large, max-video-preview:-1\" \/>\n<link rel=\"canonical\" href=\"https:\/\/swoer.com\/de\/manufacturer\/plastic-connector-pneumatic-stepped-feeding-device\/\" \/>\n<meta property=\"og:locale\" content=\"de_DE\" \/>\n<meta property=\"og:type\" content=\"article\" \/>\n<meta property=\"og:title\" content=\"Plastic Connector Pneumatic Stepped Feeding Device - SWOER\" \/>\n<meta property=\"og:description\" content=\"Optimize your assembly line with our Plastic Connector Pneumatic Stepped Feeding Device. Precision-engineered for seamless material handling, it ensures efficient and reliable feeding, enhancing your production processes.\" \/>\n<meta property=\"og:url\" content=\"https:\/\/swoer.com\/de\/manufacturer\/plastic-connector-pneumatic-stepped-feeding-device\/\" \/>\n<meta property=\"og:site_name\" content=\"SWOER\" \/>\n<meta property=\"article:modified_time\" content=\"2024-04-02T03:18:29+00:00\" \/>\n<meta property=\"og:image\" content=\"https:\/\/swoer.com\/wp-content\/uploads\/2024\/04\/Plastic-Connector-Pneumatic-Stepped-Feeding-Device-.jpg\" \/>\n\t<meta property=\"og:image:width\" content=\"1000\" \/>\n\t<meta property=\"og:image:height\" content=\"1000\" \/>\n\t<meta property=\"og:image:type\" content=\"image\/jpeg\" \/>\n<meta name=\"twitter:card\" content=\"summary_large_image\" \/>\n<meta name=\"twitter:label1\" content=\"Gesch\u00e4tzte Lesezeit\" \/>\n\t<meta name=\"twitter:data1\" content=\"1\u00a0Minute\" \/>\n<script type=\"application\/ld+json\" class=\"yoast-schema-graph\">{\"@context\":\"https:\/\/schema.org\",\"@graph\":[{\"@type\":\"WebPage\",\"@id\":\"https:\/\/swoer.com\/manufacturer\/plastic-connector-pneumatic-stepped-feeding-device\/\",\"url\":\"https:\/\/swoer.com\/manufacturer\/plastic-connector-pneumatic-stepped-feeding-device\/\",\"name\":\"Plastic Connector Pneumatic Stepped Feeding Device - SWOER\",\"isPartOf\":{\"@id\":\"https:\/\/swoer.com\/#website\"},\"primaryImageOfPage\":{\"@id\":\"https:\/\/swoer.com\/manufacturer\/plastic-connector-pneumatic-stepped-feeding-device\/#primaryimage\"},\"image\":{\"@id\":\"https:\/\/swoer.com\/manufacturer\/plastic-connector-pneumatic-stepped-feeding-device\/#primaryimage\"},\"thumbnailUrl\":\"https:\/\/swoer.com\/wp-content\/uploads\/2024\/04\/Plastic-Connector-Pneumatic-Stepped-Feeding-Device-.jpg\",\"datePublished\":\"2024-04-02T03:12:36+00:00\",\"dateModified\":\"2024-04-02T03:18:29+00:00\",\"breadcrumb\":{\"@id\":\"https:\/\/swoer.com\/manufacturer\/plastic-connector-pneumatic-stepped-feeding-device\/#breadcrumb\"},\"inLanguage\":\"de\",\"potentialAction\":[{\"@type\":\"ReadAction\",\"target\":[\"https:\/\/swoer.com\/manufacturer\/plastic-connector-pneumatic-stepped-feeding-device\/\"]}]},{\"@type\":\"ImageObject\",\"inLanguage\":\"de\",\"@id\":\"https:\/\/swoer.com\/manufacturer\/plastic-connector-pneumatic-stepped-feeding-device\/#primaryimage\",\"url\":\"https:\/\/swoer.com\/wp-content\/uploads\/2024\/04\/Plastic-Connector-Pneumatic-Stepped-Feeding-Device-.jpg\",\"contentUrl\":\"https:\/\/swoer.com\/wp-content\/uploads\/2024\/04\/Plastic-Connector-Pneumatic-Stepped-Feeding-Device-.jpg\",\"width\":1000,\"height\":1000,\"caption\":\"Plastic Connector Pneumatic Stepped Feeding Device\"},{\"@type\":\"BreadcrumbList\",\"@id\":\"https:\/\/swoer.com\/manufacturer\/plastic-connector-pneumatic-stepped-feeding-device\/#breadcrumb\",\"itemListElement\":[{\"@type\":\"ListItem\",\"position\":1,\"name\":\"Home\",\"item\":\"https:\/\/swoer.com\/\"},{\"@type\":\"ListItem\",\"position\":2,\"name\":\"Shop\",\"item\":\"https:\/\/swoer.com\/shop\/\"},{\"@type\":\"ListItem\",\"position\":3,\"name\":\"Plastic Connector Pneumatic Stepped Feeding Device\"}]},{\"@type\":\"WebSite\",\"@id\":\"https:\/\/swoer.com\/#website\",\"url\":\"https:\/\/swoer.com\/\",\"name\":\"SWOER\",\"description\":\"Swoer is the top 3 vibratory bowl feeder manufacturer in China\",\"potentialAction\":[{\"@type\":\"SearchAction\",\"target\":{\"@type\":\"EntryPoint\",\"urlTemplate\":\"https:\/\/swoer.com\/?s={search_term_string}\"},\"query-input\":\"required name=search_term_string\"}],\"inLanguage\":\"de\"}]}<\/script>\n<!-- \/ Yoast SEO plugin. -->","yoast_head_json":{"title":"Plastic Connector Pneumatic Stepped Feeding Device - SWOER","robots":{"index":"index","follow":"follow","max-snippet":"max-snippet:-1","max-image-preview":"max-image-preview:large","max-video-preview":"max-video-preview:-1"},"canonical":"https:\/\/swoer.com\/de\/manufacturer\/plastic-connector-pneumatic-stepped-feeding-device\/","og_locale":"de_DE","og_type":"article","og_title":"Plastic Connector Pneumatic Stepped Feeding Device - SWOER","og_description":"Optimize your assembly line with our Plastic Connector Pneumatic Stepped Feeding Device. Precision-engineered for seamless material handling, it ensures efficient and reliable feeding, enhancing your production processes.","og_url":"https:\/\/swoer.com\/de\/manufacturer\/plastic-connector-pneumatic-stepped-feeding-device\/","og_site_name":"SWOER","article_modified_time":"2024-04-02T03:18:29+00:00","og_image":[{"width":1000,"height":1000,"url":"https:\/\/swoer.com\/wp-content\/uploads\/2024\/04\/Plastic-Connector-Pneumatic-Stepped-Feeding-Device-.jpg","type":"image\/jpeg"}],"twitter_card":"summary_large_image","twitter_misc":{"Gesch\u00e4tzte Lesezeit":"1\u00a0Minute"},"schema":{"@context":"https:\/\/schema.org","@graph":[{"@type":"WebPage","@id":"https:\/\/swoer.com\/manufacturer\/plastic-connector-pneumatic-stepped-feeding-device\/","url":"https:\/\/swoer.com\/manufacturer\/plastic-connector-pneumatic-stepped-feeding-device\/","name":"Plastic Connector Pneumatic Stepped Feeding Device - SWOER","isPartOf":{"@id":"https:\/\/swoer.com\/#website"},"primaryImageOfPage":{"@id":"https:\/\/swoer.com\/manufacturer\/plastic-connector-pneumatic-stepped-feeding-device\/#primaryimage"},"image":{"@id":"https:\/\/swoer.com\/manufacturer\/plastic-connector-pneumatic-stepped-feeding-device\/#primaryimage"},"thumbnailUrl":"https:\/\/swoer.com\/wp-content\/uploads\/2024\/04\/Plastic-Connector-Pneumatic-Stepped-Feeding-Device-.jpg","datePublished":"2024-04-02T03:12:36+00:00","dateModified":"2024-04-02T03:18:29+00:00","breadcrumb":{"@id":"https:\/\/swoer.com\/manufacturer\/plastic-connector-pneumatic-stepped-feeding-device\/#breadcrumb"},"inLanguage":"de","potentialAction":[{"@type":"ReadAction","target":["https:\/\/swoer.com\/manufacturer\/plastic-connector-pneumatic-stepped-feeding-device\/"]}]},{"@type":"ImageObject","inLanguage":"de","@id":"https:\/\/swoer.com\/manufacturer\/plastic-connector-pneumatic-stepped-feeding-device\/#primaryimage","url":"https:\/\/swoer.com\/wp-content\/uploads\/2024\/04\/Plastic-Connector-Pneumatic-Stepped-Feeding-Device-.jpg","contentUrl":"https:\/\/swoer.com\/wp-content\/uploads\/2024\/04\/Plastic-Connector-Pneumatic-Stepped-Feeding-Device-.jpg","width":1000,"height":1000,"caption":"Plastic Connector Pneumatic Stepped Feeding Device"},{"@type":"BreadcrumbList","@id":"https:\/\/swoer.com\/manufacturer\/plastic-connector-pneumatic-stepped-feeding-device\/#breadcrumb","itemListElement":[{"@type":"ListItem","position":1,"name":"Home","item":"https:\/\/swoer.com\/"},{"@type":"ListItem","position":2,"name":"Shop","item":"https:\/\/swoer.com\/shop\/"},{"@type":"ListItem","position":3,"name":"Plastic Connector Pneumatic Stepped Feeding Device"}]},{"@type":"WebSite","@id":"https:\/\/swoer.com\/#website","url":"https:\/\/swoer.com\/","name":"SWOER","description":"Swoer is the top 3 vibratory bowl feeder manufacturer in China","potentialAction":[{"@type":"SearchAction","target":{"@type":"EntryPoint","urlTemplate":"https:\/\/swoer.com\/?s={search_term_string}"},"query-input":"required name=search_term_string"}],"inLanguage":"de"}]}},"_links":{"self":[{"href":"https:\/\/swoer.com\/de\/wp-json\/wp\/v2\/product\/1820"}],"collection":[{"href":"https:\/\/swoer.com\/de\/wp-json\/wp\/v2\/product"}],"about":[{"href":"https:\/\/swoer.com\/de\/wp-json\/wp\/v2\/types\/product"}],"replies":[{"embeddable":true,"href":"https:\/\/swoer.com\/de\/wp-json\/wp\/v2\/comments?post=1820"}],"wp:featuredmedia":[{"embeddable":true,"href":"https:\/\/swoer.com\/de\/wp-json\/wp\/v2\/media\/1821"}],"wp:attachment":[{"href":"https:\/\/swoer.com\/de\/wp-json\/wp\/v2\/media?parent=1820"}],"wp:term":[{"taxonomy":"product_cat","embeddable":true,"href":"https:\/\/swoer.com\/de\/wp-json\/wp\/v2\/product_cat?post=1820"},{"taxonomy":"product_tag","embeddable":true,"href":"https:\/\/swoer.com\/de\/wp-json\/wp\/v2\/product_tag?post=1820"}],"curies":[{"name":"wp","href":"https:\/\/api.w.org\/{rel}","templated":true}]}}