{"id":1790,"date":"2024-04-01T03:46:11","date_gmt":"2024-04-01T03:46:11","guid":{"rendered":"https:\/\/lightgrey-porpoise-816575.hostingersite.com\/?post_type=product&#038;p=1790"},"modified":"2024-06-13T00:52:50","modified_gmt":"2024-06-13T00:52:50","slug":"cap-centrifugal-feeder-price","status":"publish","type":"product","link":"https:\/\/swoer.com\/de\/manufacturer\/cap-centrifugal-feeder-price\/","title":{"rendered":"Zentrifugaler Wasserkappen-Feeder | Preis f\u00fcr zentrifugalen Kappen-Feeder"},"content":{"rendered":"<p>Revolutionieren Sie Ihren Wasserflaschenverschlussprozess mit unseren branchenf\u00fchrenden zentrifugalen Wasserverschlusszuf\u00fchrungen. Unsere innovativen Zuf\u00fchrungen lassen sich nahtlos in Ihre Produktionslinie integrieren und gew\u00e4hrleisten eine pr\u00e4zise und effiziente Verschlussausrichtung und -zuf\u00fchrung. Erleben Sie die Vorteile einer gesteigerten Produktivit\u00e4t, geringerer Ausfallzeiten und verbesserter Produktqualit\u00e4t.<\/p>\n\t<div id=\"gap-1304686460\" class=\"gap-element clearfix\" style=\"display:block; height:auto;\">\n\t\t\n<style>\n#gap-1304686460 {\n  padding-top: 30px;\n}\n<\/style>\n\t<\/div>\n\t\n<h2>Beschreibung:<\/h2>\n<table style=\"border-collapse: collapse; width: 488.27pt;\" border=\"0\" width=\"651\" cellspacing=\"0\" cellpadding=\"0\">\n<tbody>\n<tr style=\"height: 30.00pt;\">\n<td class=\"et3\" style=\"height: 30.00pt; width: 210.75pt;\" width=\"281\" height=\"40\">Name<\/td>\n<td class=\"et3\" style=\"width: 277.50pt;\" width=\"370\">Cap Zentrifugalf\u00f6rderer Preis<\/td>\n<\/tr>\n<tr style=\"height: 29.00pt;\">\n<td class=\"et3\" style=\"height: 29.00pt;\" height=\"38\">Marke<\/td>\n<td class=\"et3\">SCHW\u00d6REN<\/td>\n<\/tr>\n<tr style=\"height: 25.00pt;\">\n<td class=\"et3\" style=\"height: 25.00pt;\" height=\"33\">Material<\/td>\n<td class=\"et3\">SUS304, Kunststoff<\/td>\n<\/tr>\n<tr style=\"height: 30.00pt;\">\n<td class=\"et3\" style=\"height: 30.00pt;\" height=\"40\">Gr\u00f6\u00dfe<\/td>\n<td class=\"et3\">Brauch<\/td>\n<\/tr>\n<tr style=\"height: 30.00pt;\">\n<td class=\"et3\" style=\"height: 30.00pt;\" height=\"40\">Funktion<\/td>\n<td class=\"et3\">Transportmaterial<\/td>\n<\/tr>\n<tr style=\"height: 30.00pt;\">\n<td class=\"et3\" style=\"height: 30.00pt;\" height=\"40\">Verwendung<\/td>\n<td class=\"et3\">Sortierer, Z\u00e4hl<\/td>\n<\/tr>\n<tr style=\"height: 28.00pt;\">\n<td class=\"et3\" style=\"height: 28.00pt;\" height=\"37\">Vorteil<\/td>\n<td class=\"et3\">Personalressourcen sparen<\/td>\n<\/tr>\n<tr style=\"height: 32.00pt;\">\n<td class=\"et3\" style=\"height: 32.00pt;\" height=\"42\">Maschinentyp<\/td>\n<td class=\"et3\">Komplett-Set<\/td>\n<\/tr>\n<tr style=\"height: 29.00pt;\">\n<td class=\"et3\" style=\"height: 29.00pt;\" height=\"38\">Artikel<\/td>\n<td class=\"et3\">Automatische Ausr\u00fcstung<\/td>\n<\/tr>\n<tr style=\"height: 33.00pt;\">\n<td class=\"et3\" style=\"height: 33.00pt;\" height=\"44\">Passende Branchen<\/td>\n<td class=\"et3\">Produktionsanlagen, Bauernh\u00f6fe, Industrie<\/td>\n<\/tr>\n<tr style=\"height: 31.00pt;\">\n<td class=\"et3\" style=\"height: 31.00pt;\" height=\"41\">Kundendienst<\/td>\n<td class=\"et3\">Technischer Support per Video, Online-Support<\/td>\n<\/tr>\n<\/tbody>\n<\/table>\n\t<div id=\"gap-2035156611\" class=\"gap-element clearfix\" style=\"display:block; height:auto;\">\n\t\t\n<style>\n#gap-2035156611 {\n  padding-top: 30px;\n}\n<\/style>\n\t<\/div>\n\t\n<h2>Hauptmerkmale:<\/h2>\n<ul>\n<li><strong>Genaue Kappenausrichtung:<\/strong> Vermeiden Sie falsch ausgerichtete Kappen dank der pr\u00e4zisen Ausrichtungsfunktionen unserer Zuf\u00fchrungen.<\/li>\n<li><strong>Hochgeschwindigkeitszufuhr:<\/strong> Erreichen Sie eine maximale Produktionsleistung mit den schnellen Verschlusslieferraten unserer Feeder.<\/li>\n<li><strong>Schonende Handhabung der Kappen:<\/strong> Bewahren Sie die Unversehrtheit Ihrer Kappen mit den schonenden Handhabungsmechanismen unserer Zuf\u00fchrger\u00e4te.<\/li>\n<li><strong>Einfache Integration:<\/strong> Integrieren Sie unsere Zuf\u00fchrger\u00e4te nahtlos in Ihre vorhandenen Verschlusssysteme.<\/li>\n<\/ul>\n<h2>\u00a0<\/h2>\n<h2>Vorteile:<\/h2>\n<ol>\n<li><strong>Erh\u00f6hte Produktivit\u00e4t:<\/strong> Steigern Sie Ihre Leistung beim Verschlie\u00dfen von Wasserflaschen mit der effizienten Leistung unserer Zuf\u00fchrger\u00e4te.<\/li>\n<li><strong>Reduzierte Ausfallzeiten:<\/strong> Minimieren Sie Produktionsunterbrechungen durch falsche Ausrichtung oder Besch\u00e4digung der Kappe.<\/li>\n<li><strong>Verbesserte Produktqualit\u00e4t:<\/strong> Sorgen Sie daf\u00fcr, dass die Wasserflaschen stets verschlossen und manipulationssicher sind.<\/li>\n<li><strong>Optimierte Abl\u00e4ufe:<\/strong> Vereinfachen Sie Ihren Verschlussvorgang mit dem benutzerfreundlichen Design unserer Zuf\u00fchrger\u00e4te.<\/li>\n<\/ol>\n<p>\u00a0<\/p>\n<h3>Erleben Sie die \u00dcberlegenheit der Zentrifugal-Wasserkappen-Zuf\u00fchrung<\/h3>\n<p>Unsere Zentrifugal-Wasserverschlussf\u00f6rderer sind sorgf\u00e4ltig konstruiert, um au\u00dfergew\u00f6hnliche Leistung und Zuverl\u00e4ssigkeit in anspruchsvollen Produktionsumgebungen zu bieten. Kontaktieren Sie uns noch heute, um zu erfahren, wie unsere F\u00f6rderer Ihre Wasserflaschenverschlussvorg\u00e4nge verbessern k\u00f6nnen.<\/p>","protected":false},"excerpt":{"rendered":"<p>Entdecken Sie unsere professionellen und zuverl\u00e4ssigen L\u00f6sungen f\u00fcr die zentrifugale Zuf\u00fchrung von Verschl\u00fcssen \u2013 anpassbare Geschwindigkeiten, die auf Ihre Anforderungen zugeschnitten sind, mit detaillierten 3D-CAD-Modellen f\u00fcr eine nahtlose Integration. Erhalten Sie optimale Effizienz zu einem wettbewerbsf\u00e4higen Preis.<\/p>","protected":false},"featured_media":1791,"comment_status":"open","ping_status":"closed","template":"","meta":[],"product_cat":[36],"product_tag":[],"yoast_head":"<!-- This site is optimized with the Yoast SEO plugin v22.2 - https:\/\/yoast.com\/wordpress\/plugins\/seo\/ -->\n<title>Centrifugal Water Cap Feeder | Cap Centrifugal Feeder Price - SWOER<\/title>\n<meta name=\"description\" content=\"Optimize your bottling line with our centrifugal water cap feeder. Experience fast, precise, and reliable cap feeding for enhanced productivity and efficiency in your automated operations.\" \/>\n<meta name=\"robots\" content=\"index, follow, max-snippet:-1, max-image-preview:large, max-video-preview:-1\" \/>\n<link rel=\"canonical\" href=\"https:\/\/swoer.com\/de\/manufacturer\/cap-centrifugal-feeder-price\/\" \/>\n<meta property=\"og:locale\" content=\"de_DE\" \/>\n<meta property=\"og:type\" content=\"article\" \/>\n<meta property=\"og:title\" content=\"Centrifugal Water Cap Feeder | Cap Centrifugal Feeder Price - SWOER\" \/>\n<meta property=\"og:description\" content=\"Optimize your bottling line with our centrifugal water cap feeder. Experience fast, precise, and reliable cap feeding for enhanced productivity and efficiency in your automated operations.\" \/>\n<meta property=\"og:url\" content=\"https:\/\/swoer.com\/de\/manufacturer\/cap-centrifugal-feeder-price\/\" \/>\n<meta property=\"og:site_name\" content=\"SWOER\" \/>\n<meta property=\"article:modified_time\" content=\"2024-06-13T00:52:50+00:00\" \/>\n<meta property=\"og:image\" content=\"https:\/\/swoer.com\/wp-content\/uploads\/2024\/04\/cap-centrifugal-feeder-price.webp\" \/>\n\t<meta property=\"og:image:width\" content=\"1000\" \/>\n\t<meta property=\"og:image:height\" content=\"1000\" \/>\n\t<meta property=\"og:image:type\" content=\"image\/webp\" \/>\n<meta name=\"twitter:card\" content=\"summary_large_image\" \/>\n<meta name=\"twitter:label1\" content=\"Gesch\u00e4tzte Lesezeit\" \/>\n\t<meta name=\"twitter:data1\" content=\"1\u00a0Minute\" \/>\n<script type=\"application\/ld+json\" class=\"yoast-schema-graph\">{\"@context\":\"https:\/\/schema.org\",\"@graph\":[{\"@type\":\"WebPage\",\"@id\":\"https:\/\/swoer.com\/manufacturer\/cap-centrifugal-feeder-price\/\",\"url\":\"https:\/\/swoer.com\/manufacturer\/cap-centrifugal-feeder-price\/\",\"name\":\"Centrifugal Water Cap Feeder | Cap Centrifugal Feeder Price - SWOER\",\"isPartOf\":{\"@id\":\"https:\/\/swoer.com\/#website\"},\"primaryImageOfPage\":{\"@id\":\"https:\/\/swoer.com\/manufacturer\/cap-centrifugal-feeder-price\/#primaryimage\"},\"image\":{\"@id\":\"https:\/\/swoer.com\/manufacturer\/cap-centrifugal-feeder-price\/#primaryimage\"},\"thumbnailUrl\":\"https:\/\/swoer.com\/wp-content\/uploads\/2024\/04\/cap-centrifugal-feeder-price.webp\",\"datePublished\":\"2024-04-01T03:46:11+00:00\",\"dateModified\":\"2024-06-13T00:52:50+00:00\",\"description\":\"Optimize your bottling line with our centrifugal water cap feeder. Experience fast, precise, and reliable cap feeding for enhanced productivity and efficiency in your automated operations.\",\"breadcrumb\":{\"@id\":\"https:\/\/swoer.com\/manufacturer\/cap-centrifugal-feeder-price\/#breadcrumb\"},\"inLanguage\":\"de\",\"potentialAction\":[{\"@type\":\"ReadAction\",\"target\":[\"https:\/\/swoer.com\/manufacturer\/cap-centrifugal-feeder-price\/\"]}]},{\"@type\":\"ImageObject\",\"inLanguage\":\"de\",\"@id\":\"https:\/\/swoer.com\/manufacturer\/cap-centrifugal-feeder-price\/#primaryimage\",\"url\":\"https:\/\/swoer.com\/wp-content\/uploads\/2024\/04\/cap-centrifugal-feeder-price.webp\",\"contentUrl\":\"https:\/\/swoer.com\/wp-content\/uploads\/2024\/04\/cap-centrifugal-feeder-price.webp\",\"width\":1000,\"height\":1000,\"caption\":\"cap centrifugal feeder price\"},{\"@type\":\"BreadcrumbList\",\"@id\":\"https:\/\/swoer.com\/manufacturer\/cap-centrifugal-feeder-price\/#breadcrumb\",\"itemListElement\":[{\"@type\":\"ListItem\",\"position\":1,\"name\":\"Home\",\"item\":\"https:\/\/swoer.com\/\"},{\"@type\":\"ListItem\",\"position\":2,\"name\":\"Shop\",\"item\":\"https:\/\/swoer.com\/shop\/\"},{\"@type\":\"ListItem\",\"position\":3,\"name\":\"Centrifugal Water Cap Feeder | Cap Centrifugal Feeder Price\"}]},{\"@type\":\"WebSite\",\"@id\":\"https:\/\/swoer.com\/#website\",\"url\":\"https:\/\/swoer.com\/\",\"name\":\"SWOER\",\"description\":\"Swoer is the top 3 vibratory bowl feeder manufacturer in China\",\"potentialAction\":[{\"@type\":\"SearchAction\",\"target\":{\"@type\":\"EntryPoint\",\"urlTemplate\":\"https:\/\/swoer.com\/?s={search_term_string}\"},\"query-input\":\"required name=search_term_string\"}],\"inLanguage\":\"de\"}]}<\/script>\n<!-- \/ Yoast SEO plugin. -->","yoast_head_json":{"title":"Centrifugal Water Cap Feeder | Cap Centrifugal Feeder Price - SWOER","description":"Optimize your bottling line with our centrifugal water cap feeder. Experience fast, precise, and reliable cap feeding for enhanced productivity and efficiency in your automated operations.","robots":{"index":"index","follow":"follow","max-snippet":"max-snippet:-1","max-image-preview":"max-image-preview:large","max-video-preview":"max-video-preview:-1"},"canonical":"https:\/\/swoer.com\/de\/manufacturer\/cap-centrifugal-feeder-price\/","og_locale":"de_DE","og_type":"article","og_title":"Centrifugal Water Cap Feeder | Cap Centrifugal Feeder Price - SWOER","og_description":"Optimize your bottling line with our centrifugal water cap feeder. Experience fast, precise, and reliable cap feeding for enhanced productivity and efficiency in your automated operations.","og_url":"https:\/\/swoer.com\/de\/manufacturer\/cap-centrifugal-feeder-price\/","og_site_name":"SWOER","article_modified_time":"2024-06-13T00:52:50+00:00","og_image":[{"width":1000,"height":1000,"url":"https:\/\/swoer.com\/wp-content\/uploads\/2024\/04\/cap-centrifugal-feeder-price.webp","type":"image\/webp"}],"twitter_card":"summary_large_image","twitter_misc":{"Gesch\u00e4tzte Lesezeit":"1\u00a0Minute"},"schema":{"@context":"https:\/\/schema.org","@graph":[{"@type":"WebPage","@id":"https:\/\/swoer.com\/manufacturer\/cap-centrifugal-feeder-price\/","url":"https:\/\/swoer.com\/manufacturer\/cap-centrifugal-feeder-price\/","name":"Centrifugal Water Cap Feeder | Cap Centrifugal Feeder Price - SWOER","isPartOf":{"@id":"https:\/\/swoer.com\/#website"},"primaryImageOfPage":{"@id":"https:\/\/swoer.com\/manufacturer\/cap-centrifugal-feeder-price\/#primaryimage"},"image":{"@id":"https:\/\/swoer.com\/manufacturer\/cap-centrifugal-feeder-price\/#primaryimage"},"thumbnailUrl":"https:\/\/swoer.com\/wp-content\/uploads\/2024\/04\/cap-centrifugal-feeder-price.webp","datePublished":"2024-04-01T03:46:11+00:00","dateModified":"2024-06-13T00:52:50+00:00","description":"Optimize your bottling line with our centrifugal water cap feeder. Experience fast, precise, and reliable cap feeding for enhanced productivity and efficiency in your automated operations.","breadcrumb":{"@id":"https:\/\/swoer.com\/manufacturer\/cap-centrifugal-feeder-price\/#breadcrumb"},"inLanguage":"de","potentialAction":[{"@type":"ReadAction","target":["https:\/\/swoer.com\/manufacturer\/cap-centrifugal-feeder-price\/"]}]},{"@type":"ImageObject","inLanguage":"de","@id":"https:\/\/swoer.com\/manufacturer\/cap-centrifugal-feeder-price\/#primaryimage","url":"https:\/\/swoer.com\/wp-content\/uploads\/2024\/04\/cap-centrifugal-feeder-price.webp","contentUrl":"https:\/\/swoer.com\/wp-content\/uploads\/2024\/04\/cap-centrifugal-feeder-price.webp","width":1000,"height":1000,"caption":"cap centrifugal feeder price"},{"@type":"BreadcrumbList","@id":"https:\/\/swoer.com\/manufacturer\/cap-centrifugal-feeder-price\/#breadcrumb","itemListElement":[{"@type":"ListItem","position":1,"name":"Home","item":"https:\/\/swoer.com\/"},{"@type":"ListItem","position":2,"name":"Shop","item":"https:\/\/swoer.com\/shop\/"},{"@type":"ListItem","position":3,"name":"Centrifugal Water Cap Feeder | Cap Centrifugal Feeder Price"}]},{"@type":"WebSite","@id":"https:\/\/swoer.com\/#website","url":"https:\/\/swoer.com\/","name":"SWOER","description":"Swoer is the top 3 vibratory bowl feeder manufacturer in China","potentialAction":[{"@type":"SearchAction","target":{"@type":"EntryPoint","urlTemplate":"https:\/\/swoer.com\/?s={search_term_string}"},"query-input":"required name=search_term_string"}],"inLanguage":"de"}]}},"_links":{"self":[{"href":"https:\/\/swoer.com\/de\/wp-json\/wp\/v2\/product\/1790"}],"collection":[{"href":"https:\/\/swoer.com\/de\/wp-json\/wp\/v2\/product"}],"about":[{"href":"https:\/\/swoer.com\/de\/wp-json\/wp\/v2\/types\/product"}],"replies":[{"embeddable":true,"href":"https:\/\/swoer.com\/de\/wp-json\/wp\/v2\/comments?post=1790"}],"wp:featuredmedia":[{"embeddable":true,"href":"https:\/\/swoer.com\/de\/wp-json\/wp\/v2\/media\/1791"}],"wp:attachment":[{"href":"https:\/\/swoer.com\/de\/wp-json\/wp\/v2\/media?parent=1790"}],"wp:term":[{"taxonomy":"product_cat","embeddable":true,"href":"https:\/\/swoer.com\/de\/wp-json\/wp\/v2\/product_cat?post=1790"},{"taxonomy":"product_tag","embeddable":true,"href":"https:\/\/swoer.com\/de\/wp-json\/wp\/v2\/product_tag?post=1790"}],"curies":[{"name":"wp","href":"https:\/\/api.w.org\/{rel}","templated":true}]}}