{"id":1754,"date":"2024-03-30T06:40:49","date_gmt":"2024-03-30T06:40:49","guid":{"rendered":"https:\/\/lightgrey-porpoise-816575.hostingersite.com\/?post_type=product&#038;p=1754"},"modified":"2025-02-07T16:49:43","modified_gmt":"2025-02-07T08:49:43","slug":"flexible-feeder-system-sw-340","status":"publish","type":"product","link":"https:\/\/swoer.com\/de\/manufacturer\/flexible-feeder-system-sw-340\/","title":{"rendered":"Flexibles Zuf\u00fchrsystem SW-340"},"content":{"rendered":"<p>SWOER zeichnet sich durch die Herstellung flexibler Zuf\u00fchrsysteme aus und bietet ma\u00dfgeschneiderte L\u00f6sungen, die sowohl auf die einzigartigen Eigenschaften der Teile als auch auf die spezifischen Anforderungen der Kunden abgestimmt sind. Wir gew\u00e4hrleisten Zug\u00e4nglichkeit durch unser Engagement f\u00fcr wettbewerbsf\u00e4hige Fabrikpreise ohne Kompromisse bei der Qualit\u00e4t. Dar\u00fcber hinaus lassen sich unsere Systeme nahtlos in Roboter und CCD-Vision integrieren und heben so die Produktionseffizienz und -pr\u00e4zision auf ein beispielloses Niveau. Vertrauen Sie auf SWOER f\u00fcr zuverl\u00e4ssige und innovative L\u00f6sungen, die perfekt zu Ihren Anforderungen und Ihrem Budget passen.<\/p>\n\t<div id=\"gap-1129549900\" class=\"gap-element clearfix\" style=\"display:block; height:auto;\">\n\t\t\n<style>\n#gap-1129549900 {\n  padding-top: 30px;\n}\n<\/style>\n\t<\/div>\n\t\n<h2>Spezifikationen:<\/h2>\n<table style=\"border-collapse: collapse; width: 596.27pt;\" border=\"0\" width=\"795\" cellspacing=\"0\" cellpadding=\"0\">\n<tbody>\n<tr style=\"height: 27.00pt;\">\n<td class=\"et3\" style=\"height: 27.00pt; width: 237.00pt;\" width=\"316\" height=\"36\">Modell<\/td>\n<td class=\"et4\" style=\"width: 359.25pt;\" width=\"479\">SW-340<\/td>\n<\/tr>\n<tr style=\"height: 27.00pt;\">\n<td class=\"et3\" style=\"height: 27.00pt;\" height=\"36\">Abmessungen (mm)<\/td>\n<td class=\"et4\">470*311*164<\/td>\n<\/tr>\n<tr style=\"height: 27.00pt;\">\n<td class=\"et3\" style=\"height: 27.00pt;\" height=\"36\">Abmessungen des Zuf\u00fchrers (mm)<\/td>\n<td class=\"et4\">360*300*40<\/td>\n<\/tr>\n<tr style=\"height: 27.00pt;\">\n<td class=\"et3\" style=\"height: 27.00pt;\" height=\"36\">Gewicht<\/td>\n<td class=\"et4\">Etwa 25,5 kg<\/td>\n<\/tr>\n<tr style=\"height: 27.00pt;\">\n<td class=\"et3\" style=\"height: 27.00pt;\" height=\"36\">Stromspannung<\/td>\n<td class=\"et4\">DC20\u201330\u00a0V (24\u00a0V empfohlen)<\/td>\n<\/tr>\n<tr style=\"height: 27.00pt;\">\n<td class=\"et3\" style=\"height: 27.00pt;\" height=\"36\">Maximaler Strom<\/td>\n<td class=\"et4\">6A<\/td>\n<\/tr>\n<tr style=\"height: 81.00pt;\">\n<td class=\"et3\" style=\"height: 81.00pt;\" height=\"108\">Operationsform<\/td>\n<td class=\"et5\" style=\"width: 359.25pt;\" width=\"479\">Bewegen Sie sich nach oben, unten, links, rechts, oben links, unten links, oben rechts und unten rechts, zentrieren Sie sich nach oben und unten, zentrieren Sie sich nach links und rechts, sch\u00fctteln und drehen Sie und vibrieren Sie direkt zum F\u00fcttern<\/td>\n<\/tr>\n<tr style=\"height: 27.00pt;\">\n<td class=\"et3\" style=\"height: 27.00pt;\" height=\"36\">Frequenz<\/td>\n<td class=\"et4\">10-92 Hz<\/td>\n<\/tr>\n<tr style=\"height: 27.00pt;\">\n<td class=\"et3\" style=\"height: 27.00pt;\" height=\"36\">Betriebsger\u00e4usch<\/td>\n<td class=\"et6\"><span class=\"font4\">\uff1c<\/span><span class=\"font3\">50 dB<\/span><\/td>\n<\/tr>\n<tr style=\"height: 27.00pt;\">\n<td class=\"et3\" style=\"height: 27.00pt;\" height=\"36\">Maximale Last<\/td>\n<td class=\"et4\">1,0 kg<\/td>\n<\/tr>\n<tr style=\"height: 27.00pt;\">\n<td class=\"et3\" style=\"height: 27.00pt;\" height=\"36\">Das Gewicht eines einzelnen umgedrehten Materials<\/td>\n<td class=\"et6\">\uff1c50<span class=\"font3\">G<\/span><\/td>\n<\/tr>\n<tr style=\"height: 27.00pt;\">\n<td class=\"et3\" style=\"height: 54.00pt;\" rowspan=\"2\" height=\"72\">Signalinteraktion<\/td>\n<td class=\"et4\">TCP\/IP-Kommunikation<\/td>\n<\/tr>\n<tr style=\"height: 27.00pt;\">\n<td class=\"et4\">E\/A-Schnittstelle<\/td>\n<\/tr>\n<\/tbody>\n<\/table>\n\t<div id=\"gap-1125368896\" class=\"gap-element clearfix\" style=\"display:block; height:auto;\">\n\t\t\n<style>\n#gap-1125368896 {\n  padding-top: 30px;\n}\n<\/style>\n\t<\/div>\n\t\n<h2>Ma\u00dfzeichnung:<\/h2>\n\t<div class=\"img has-hover x md-x lg-x y md-y lg-y\" id=\"image_1372680625\">\n\t\t\t\t\t\t\t\t<div class=\"img-inner dark\" >\n\t\t\t<img loading=\"lazy\" decoding=\"async\" width=\"652\" height=\"600\" src=\"https:\/\/swoer.com\/wp-content\/uploads\/2024\/03\/flex-feeder-system-SW-260-dimension-drawing.webp\" class=\"attachment-original size-original\" alt=\"Flex Zuf\u00fchrsystem SW-260 Ma\u00dfzeichnung\" srcset=\"https:\/\/swoer.com\/wp-content\/uploads\/2024\/03\/flex-feeder-system-SW-260-dimension-drawing.webp 652w, https:\/\/swoer.com\/wp-content\/uploads\/2024\/03\/flex-feeder-system-SW-260-dimension-drawing-300x276.webp 300w, https:\/\/swoer.com\/wp-content\/uploads\/2024\/03\/flex-feeder-system-SW-260-dimension-drawing-600x552.webp 600w\" sizes=\"(max-width: 652px) 100vw, 652px\" \/>\t\t\t\t\t\t\n\t\t\t\t\t<\/div>\n\t\t\t\t\t\t\t\t\n<style>\n#image_1372680625 {\n  width: 70%;\n}\n<\/style>\n\t<\/div>\n\t\n\t<div id=\"gap-1703705308\" class=\"gap-element clearfix\" style=\"display:block; height:auto;\">\n\t\t\n<style>\n#gap-1703705308 {\n  padding-top: 30px;\n}\n<\/style>\n\t<\/div>\n\t\n\n  \n    <div class=\"row large-columns-4 medium-columns-3 small-columns-2 row-small slider row-slider slider-nav-reveal slider-nav-push\"  data-flickity-options='{\"imagesLoaded\": true, \"groupCells\": \"100%\", \"dragThreshold\" : 5, \"cellAlign\": \"left\",\"wrapAround\": true,\"prevNextButtons\": true,\"percentPosition\": true,\"pageDots\": false, \"rightToLeft\": false, \"autoPlay\" : false}'>\n\n  \t\n\t     <div class=\"product-small col has-hover product type-product post-3882 status-publish first instock product_cat-delta-robots has-post-thumbnail shipping-taxable product-type-simple\">\n\t<div class=\"col-inner\">\n\t\n<div class=\"badge-container absolute left top z-1\">\n\n<\/div>\n\t<div class=\"product-small box\">\n\t\t<div class=\"box-image\">\n\t\t\t<div class=\"image-zoom_in\">\n\t\t\t\t<a href=\"https:\/\/swoer.com\/de\/manufacturer\/custom-delta-robot-pick-and-place-sw-hrd5s-sd-f\/\" aria-label=\"Custom Delta Robot Pick and Place SW-HRD5S-SD-F\">\n\t\t\t\t\t<img loading=\"lazy\" decoding=\"async\" width=\"300\" height=\"300\" src=\"https:\/\/swoer.com\/wp-content\/uploads\/2026\/04\/Custom-Delta-Robot-Pick-and-Place-SW-HRD5S-SD-F-300x300.webp\" class=\"attachment-woocommerce_thumbnail size-woocommerce_thumbnail\" alt=\"Custom Delta Robot Pick and Place SW-HRD5S-SD-F\" srcset=\"https:\/\/swoer.com\/wp-content\/uploads\/2026\/04\/Custom-Delta-Robot-Pick-and-Place-SW-HRD5S-SD-F-300x300.webp 300w, https:\/\/swoer.com\/wp-content\/uploads\/2026\/04\/Custom-Delta-Robot-Pick-and-Place-SW-HRD5S-SD-F-150x150.webp 150w, https:\/\/swoer.com\/wp-content\/uploads\/2026\/04\/Custom-Delta-Robot-Pick-and-Place-SW-HRD5S-SD-F-768x768.webp 768w, https:\/\/swoer.com\/wp-content\/uploads\/2026\/04\/Custom-Delta-Robot-Pick-and-Place-SW-HRD5S-SD-F-12x12.webp 12w, https:\/\/swoer.com\/wp-content\/uploads\/2026\/04\/Custom-Delta-Robot-Pick-and-Place-SW-HRD5S-SD-F-600x600.webp 600w, https:\/\/swoer.com\/wp-content\/uploads\/2026\/04\/Custom-Delta-Robot-Pick-and-Place-SW-HRD5S-SD-F-100x100.webp 100w, https:\/\/swoer.com\/wp-content\/uploads\/2026\/04\/Custom-Delta-Robot-Pick-and-Place-SW-HRD5S-SD-F.webp 800w\" sizes=\"(max-width: 300px) 100vw, 300px\" \/><img loading=\"lazy\" decoding=\"async\" width=\"300\" height=\"300\" src=\"https:\/\/swoer.com\/wp-content\/uploads\/2026\/04\/Custom-Delta-Robot-Pick-and-Place-SW-HRD5S-SD-F-300x300.webp\" class=\"show-on-hover absolute fill hide-for-small back-imageshow-on-hover absolute fill hide-for-small back-image hover-zoom\" alt=\"Custom Delta Robot Pick and Place SW-HRD5S-SD-F\" srcset=\"https:\/\/swoer.com\/wp-content\/uploads\/2026\/04\/Custom-Delta-Robot-Pick-and-Place-SW-HRD5S-SD-F-300x300.webp 300w, https:\/\/swoer.com\/wp-content\/uploads\/2026\/04\/Custom-Delta-Robot-Pick-and-Place-SW-HRD5S-SD-F-150x150.webp 150w, https:\/\/swoer.com\/wp-content\/uploads\/2026\/04\/Custom-Delta-Robot-Pick-and-Place-SW-HRD5S-SD-F-768x768.webp 768w, https:\/\/swoer.com\/wp-content\/uploads\/2026\/04\/Custom-Delta-Robot-Pick-and-Place-SW-HRD5S-SD-F-12x12.webp 12w, https:\/\/swoer.com\/wp-content\/uploads\/2026\/04\/Custom-Delta-Robot-Pick-and-Place-SW-HRD5S-SD-F-600x600.webp 600w, https:\/\/swoer.com\/wp-content\/uploads\/2026\/04\/Custom-Delta-Robot-Pick-and-Place-SW-HRD5S-SD-F-100x100.webp 100w, https:\/\/swoer.com\/wp-content\/uploads\/2026\/04\/Custom-Delta-Robot-Pick-and-Place-SW-HRD5S-SD-F.webp 800w\" sizes=\"(max-width: 300px) 100vw, 300px\" \/>\t\t\t\t<\/a>\n\t\t\t<\/div>\n\t\t\t<div class=\"image-tools is-small top right show-on-hover\">\n\t\t\t\t\t\t\t<\/div>\n\t\t\t<div class=\"image-tools is-small hide-for-small bottom left show-on-hover\">\n\t\t\t\t\t\t\t<\/div>\n\t\t\t<div class=\"image-tools grid-tools text-center hide-for-small bottom hover-slide-in show-on-hover\">\n\t\t\t\t  <a class=\"quick-view\" data-prod=\"3882\" href=\"#quick-view\">Schnellansicht<\/a>\t\t\t<\/div>\n\t\t\t\t\t<\/div>\n\n\t\t<div class=\"box-text box-text-products\">\n\t\t\t<div class=\"title-wrapper\"><p class=\"name product-title woocommerce-loop-product__title\"><a href=\"https:\/\/swoer.com\/de\/manufacturer\/custom-delta-robot-pick-and-place-sw-hrd5s-sd-f\/\" class=\"woocommerce-LoopProduct-link woocommerce-loop-product__link\">Custom Delta Robot Pick and Place SW-HRD5S-SD-F<\/a><\/p><\/div><div class=\"price-wrapper\">\n<\/div>\t\t<\/div>\n\t<\/div>\n\t\t<\/div>\n<\/div><div class=\"product-small col has-hover product type-product post-3872 status-publish instock product_cat-delta-robots has-post-thumbnail shipping-taxable product-type-simple\">\n\t<div class=\"col-inner\">\n\t\n<div class=\"badge-container absolute left top z-1\">\n\n<\/div>\n\t<div class=\"product-small box\">\n\t\t<div class=\"box-image\">\n\t\t\t<div class=\"image-zoom_in\">\n\t\t\t\t<a href=\"https:\/\/swoer.com\/de\/manufacturer\/delta-style-robot-manufacturer-sw-hrd5t-ds-f\/\" aria-label=\"Delta Style Robot Manufacturer SW-HRD5T-DS-F\">\n\t\t\t\t\t<img loading=\"lazy\" decoding=\"async\" width=\"300\" height=\"300\" src=\"https:\/\/swoer.com\/wp-content\/uploads\/2026\/04\/Delta-Style-Robot-manufacturer-SW-HRD5T-DS-F-300x300.webp\" class=\"attachment-woocommerce_thumbnail size-woocommerce_thumbnail\" alt=\"Delta Style Robot manufacturer SW-HRD5T-DS-F\" srcset=\"https:\/\/swoer.com\/wp-content\/uploads\/2026\/04\/Delta-Style-Robot-manufacturer-SW-HRD5T-DS-F-300x300.webp 300w, https:\/\/swoer.com\/wp-content\/uploads\/2026\/04\/Delta-Style-Robot-manufacturer-SW-HRD5T-DS-F-150x150.webp 150w, https:\/\/swoer.com\/wp-content\/uploads\/2026\/04\/Delta-Style-Robot-manufacturer-SW-HRD5T-DS-F-768x768.webp 768w, https:\/\/swoer.com\/wp-content\/uploads\/2026\/04\/Delta-Style-Robot-manufacturer-SW-HRD5T-DS-F-12x12.webp 12w, https:\/\/swoer.com\/wp-content\/uploads\/2026\/04\/Delta-Style-Robot-manufacturer-SW-HRD5T-DS-F-600x600.webp 600w, https:\/\/swoer.com\/wp-content\/uploads\/2026\/04\/Delta-Style-Robot-manufacturer-SW-HRD5T-DS-F-100x100.webp 100w, https:\/\/swoer.com\/wp-content\/uploads\/2026\/04\/Delta-Style-Robot-manufacturer-SW-HRD5T-DS-F.webp 800w\" sizes=\"(max-width: 300px) 100vw, 300px\" \/><img loading=\"lazy\" decoding=\"async\" width=\"300\" height=\"300\" src=\"https:\/\/swoer.com\/wp-content\/uploads\/2026\/04\/Delta-Style-Robot-manufacturer-SW-HRD5T-DS-F-300x300.webp\" class=\"show-on-hover absolute fill hide-for-small back-imageshow-on-hover absolute fill hide-for-small back-image hover-zoom\" alt=\"Delta Style Robot manufacturer SW-HRD5T-DS-F\" srcset=\"https:\/\/swoer.com\/wp-content\/uploads\/2026\/04\/Delta-Style-Robot-manufacturer-SW-HRD5T-DS-F-300x300.webp 300w, https:\/\/swoer.com\/wp-content\/uploads\/2026\/04\/Delta-Style-Robot-manufacturer-SW-HRD5T-DS-F-150x150.webp 150w, https:\/\/swoer.com\/wp-content\/uploads\/2026\/04\/Delta-Style-Robot-manufacturer-SW-HRD5T-DS-F-768x768.webp 768w, https:\/\/swoer.com\/wp-content\/uploads\/2026\/04\/Delta-Style-Robot-manufacturer-SW-HRD5T-DS-F-12x12.webp 12w, https:\/\/swoer.com\/wp-content\/uploads\/2026\/04\/Delta-Style-Robot-manufacturer-SW-HRD5T-DS-F-600x600.webp 600w, https:\/\/swoer.com\/wp-content\/uploads\/2026\/04\/Delta-Style-Robot-manufacturer-SW-HRD5T-DS-F-100x100.webp 100w, https:\/\/swoer.com\/wp-content\/uploads\/2026\/04\/Delta-Style-Robot-manufacturer-SW-HRD5T-DS-F.webp 800w\" sizes=\"(max-width: 300px) 100vw, 300px\" \/>\t\t\t\t<\/a>\n\t\t\t<\/div>\n\t\t\t<div class=\"image-tools is-small top right show-on-hover\">\n\t\t\t\t\t\t\t<\/div>\n\t\t\t<div class=\"image-tools is-small hide-for-small bottom left show-on-hover\">\n\t\t\t\t\t\t\t<\/div>\n\t\t\t<div class=\"image-tools grid-tools text-center hide-for-small bottom hover-slide-in show-on-hover\">\n\t\t\t\t  <a class=\"quick-view\" data-prod=\"3872\" href=\"#quick-view\">Schnellansicht<\/a>\t\t\t<\/div>\n\t\t\t\t\t<\/div>\n\n\t\t<div class=\"box-text box-text-products\">\n\t\t\t<div class=\"title-wrapper\"><p class=\"name product-title woocommerce-loop-product__title\"><a href=\"https:\/\/swoer.com\/de\/manufacturer\/delta-style-robot-manufacturer-sw-hrd5t-ds-f\/\" class=\"woocommerce-LoopProduct-link woocommerce-loop-product__link\">Delta Style Robot Manufacturer SW-HRD5T-DS-F<\/a><\/p><\/div><div class=\"price-wrapper\">\n<\/div>\t\t<\/div>\n\t<\/div>\n\t\t<\/div>\n<\/div><\/div>","protected":false},"excerpt":{"rendered":"<p>SWOER fertigt ma\u00dfgeschneiderte flexible Zuf\u00fchrsysteme, die den Teilespezifikationen und Kundenanforderungen entsprechen. Unsere wettbewerbsf\u00e4higen Fabrikpreise gew\u00e4hrleisten erschwingliche Qualit\u00e4t. Dar\u00fcber hinaus optimiert die nahtlose Integration mit Robotern und CCD-Vision die Effizienz und Pr\u00e4zision. Vertrauen Sie auf SWOER f\u00fcr zuverl\u00e4ssige, ma\u00dfgeschneiderte L\u00f6sungen.<\/p>\n<p>Wenn Sie Preise f\u00fcr flexible F\u00fctterungssysteme erfahren m\u00f6chten, nehmen Sie bitte Kontakt mit uns auf.<\/p>","protected":false},"featured_media":1755,"comment_status":"open","ping_status":"closed","template":"","meta":[],"product_cat":[15],"product_tag":[],"yoast_head":"<!-- This site is optimized with the Yoast SEO plugin v22.2 - https:\/\/yoast.com\/wordpress\/plugins\/seo\/ -->\n<title>Flexible Feeder System SW-340 - SWOER<\/title>\n<meta name=\"description\" content=\"SW-340 Flex Feeder System offers custom solutions at competitive prices. Integrates with robots and CCD vision for unmatched efficiency and precision.\" \/>\n<meta name=\"robots\" content=\"index, follow, max-snippet:-1, max-image-preview:large, max-video-preview:-1\" \/>\n<link rel=\"canonical\" href=\"https:\/\/swoer.com\/de\/manufacturer\/flexible-feeder-system-sw-340\/\" \/>\n<meta property=\"og:locale\" content=\"de_DE\" \/>\n<meta property=\"og:type\" content=\"article\" \/>\n<meta property=\"og:title\" content=\"Flexible Feeder System SW-340 - SWOER\" \/>\n<meta property=\"og:description\" content=\"SW-340 Flex Feeder System offers custom solutions at competitive prices. Integrates with robots and CCD vision for unmatched efficiency and precision.\" \/>\n<meta property=\"og:url\" content=\"https:\/\/swoer.com\/de\/manufacturer\/flexible-feeder-system-sw-340\/\" \/>\n<meta property=\"og:site_name\" content=\"SWOER\" \/>\n<meta property=\"article:modified_time\" content=\"2025-02-07T08:49:43+00:00\" \/>\n<meta property=\"og:image\" content=\"https:\/\/swoer.com\/wp-content\/uploads\/2024\/03\/Flexible-Feeder-System-SW-340.webp\" \/>\n\t<meta property=\"og:image:width\" content=\"1000\" \/>\n\t<meta property=\"og:image:height\" content=\"1000\" \/>\n\t<meta property=\"og:image:type\" content=\"image\/webp\" \/>\n<meta name=\"twitter:card\" content=\"summary_large_image\" \/>\n<meta name=\"twitter:label1\" content=\"Gesch\u00e4tzte Lesezeit\" \/>\n\t<meta name=\"twitter:data1\" content=\"1\u00a0Minute\" \/>\n<script type=\"application\/ld+json\" class=\"yoast-schema-graph\">{\"@context\":\"https:\/\/schema.org\",\"@graph\":[{\"@type\":\"WebPage\",\"@id\":\"https:\/\/swoer.com\/manufacturer\/flexible-feeder-system-sw-340\/\",\"url\":\"https:\/\/swoer.com\/manufacturer\/flexible-feeder-system-sw-340\/\",\"name\":\"Flexible Feeder System SW-340 - SWOER\",\"isPartOf\":{\"@id\":\"https:\/\/swoer.com\/#website\"},\"primaryImageOfPage\":{\"@id\":\"https:\/\/swoer.com\/manufacturer\/flexible-feeder-system-sw-340\/#primaryimage\"},\"image\":{\"@id\":\"https:\/\/swoer.com\/manufacturer\/flexible-feeder-system-sw-340\/#primaryimage\"},\"thumbnailUrl\":\"https:\/\/swoer.com\/wp-content\/uploads\/2024\/03\/Flexible-Feeder-System-SW-340.webp\",\"datePublished\":\"2024-03-30T06:40:49+00:00\",\"dateModified\":\"2025-02-07T08:49:43+00:00\",\"description\":\"SW-340 Flex Feeder System offers custom solutions at competitive prices. Integrates with robots and CCD vision for unmatched efficiency and precision.\",\"breadcrumb\":{\"@id\":\"https:\/\/swoer.com\/manufacturer\/flexible-feeder-system-sw-340\/#breadcrumb\"},\"inLanguage\":\"de\",\"potentialAction\":[{\"@type\":\"ReadAction\",\"target\":[\"https:\/\/swoer.com\/manufacturer\/flexible-feeder-system-sw-340\/\"]}]},{\"@type\":\"ImageObject\",\"inLanguage\":\"de\",\"@id\":\"https:\/\/swoer.com\/manufacturer\/flexible-feeder-system-sw-340\/#primaryimage\",\"url\":\"https:\/\/swoer.com\/wp-content\/uploads\/2024\/03\/Flexible-Feeder-System-SW-340.webp\",\"contentUrl\":\"https:\/\/swoer.com\/wp-content\/uploads\/2024\/03\/Flexible-Feeder-System-SW-340.webp\",\"width\":1000,\"height\":1000,\"caption\":\"Flexible Feeder System SW-340\"},{\"@type\":\"BreadcrumbList\",\"@id\":\"https:\/\/swoer.com\/manufacturer\/flexible-feeder-system-sw-340\/#breadcrumb\",\"itemListElement\":[{\"@type\":\"ListItem\",\"position\":1,\"name\":\"Home\",\"item\":\"https:\/\/swoer.com\/\"},{\"@type\":\"ListItem\",\"position\":2,\"name\":\"Shop\",\"item\":\"https:\/\/swoer.com\/shop\/\"},{\"@type\":\"ListItem\",\"position\":3,\"name\":\"Flexible Feeder System SW-340\"}]},{\"@type\":\"WebSite\",\"@id\":\"https:\/\/swoer.com\/#website\",\"url\":\"https:\/\/swoer.com\/\",\"name\":\"SWOER\",\"description\":\"Swoer is the top 3 vibratory bowl feeder manufacturer in China\",\"potentialAction\":[{\"@type\":\"SearchAction\",\"target\":{\"@type\":\"EntryPoint\",\"urlTemplate\":\"https:\/\/swoer.com\/?s={search_term_string}\"},\"query-input\":\"required name=search_term_string\"}],\"inLanguage\":\"de\"}]}<\/script>\n<!-- \/ Yoast SEO plugin. -->","yoast_head_json":{"title":"Flexible Feeder System SW-340 - SWOER","description":"SW-340 Flex Feeder System offers custom solutions at competitive prices. Integrates with robots and CCD vision for unmatched efficiency and precision.","robots":{"index":"index","follow":"follow","max-snippet":"max-snippet:-1","max-image-preview":"max-image-preview:large","max-video-preview":"max-video-preview:-1"},"canonical":"https:\/\/swoer.com\/de\/manufacturer\/flexible-feeder-system-sw-340\/","og_locale":"de_DE","og_type":"article","og_title":"Flexible Feeder System SW-340 - SWOER","og_description":"SW-340 Flex Feeder System offers custom solutions at competitive prices. Integrates with robots and CCD vision for unmatched efficiency and precision.","og_url":"https:\/\/swoer.com\/de\/manufacturer\/flexible-feeder-system-sw-340\/","og_site_name":"SWOER","article_modified_time":"2025-02-07T08:49:43+00:00","og_image":[{"width":1000,"height":1000,"url":"https:\/\/swoer.com\/wp-content\/uploads\/2024\/03\/Flexible-Feeder-System-SW-340.webp","type":"image\/webp"}],"twitter_card":"summary_large_image","twitter_misc":{"Gesch\u00e4tzte Lesezeit":"1\u00a0Minute"},"schema":{"@context":"https:\/\/schema.org","@graph":[{"@type":"WebPage","@id":"https:\/\/swoer.com\/manufacturer\/flexible-feeder-system-sw-340\/","url":"https:\/\/swoer.com\/manufacturer\/flexible-feeder-system-sw-340\/","name":"Flexible Feeder System SW-340 - SWOER","isPartOf":{"@id":"https:\/\/swoer.com\/#website"},"primaryImageOfPage":{"@id":"https:\/\/swoer.com\/manufacturer\/flexible-feeder-system-sw-340\/#primaryimage"},"image":{"@id":"https:\/\/swoer.com\/manufacturer\/flexible-feeder-system-sw-340\/#primaryimage"},"thumbnailUrl":"https:\/\/swoer.com\/wp-content\/uploads\/2024\/03\/Flexible-Feeder-System-SW-340.webp","datePublished":"2024-03-30T06:40:49+00:00","dateModified":"2025-02-07T08:49:43+00:00","description":"SW-340 Flex Feeder System offers custom solutions at competitive prices. Integrates with robots and CCD vision for unmatched efficiency and precision.","breadcrumb":{"@id":"https:\/\/swoer.com\/manufacturer\/flexible-feeder-system-sw-340\/#breadcrumb"},"inLanguage":"de","potentialAction":[{"@type":"ReadAction","target":["https:\/\/swoer.com\/manufacturer\/flexible-feeder-system-sw-340\/"]}]},{"@type":"ImageObject","inLanguage":"de","@id":"https:\/\/swoer.com\/manufacturer\/flexible-feeder-system-sw-340\/#primaryimage","url":"https:\/\/swoer.com\/wp-content\/uploads\/2024\/03\/Flexible-Feeder-System-SW-340.webp","contentUrl":"https:\/\/swoer.com\/wp-content\/uploads\/2024\/03\/Flexible-Feeder-System-SW-340.webp","width":1000,"height":1000,"caption":"Flexible Feeder System SW-340"},{"@type":"BreadcrumbList","@id":"https:\/\/swoer.com\/manufacturer\/flexible-feeder-system-sw-340\/#breadcrumb","itemListElement":[{"@type":"ListItem","position":1,"name":"Home","item":"https:\/\/swoer.com\/"},{"@type":"ListItem","position":2,"name":"Shop","item":"https:\/\/swoer.com\/shop\/"},{"@type":"ListItem","position":3,"name":"Flexible Feeder System SW-340"}]},{"@type":"WebSite","@id":"https:\/\/swoer.com\/#website","url":"https:\/\/swoer.com\/","name":"SWOER","description":"Swoer is the top 3 vibratory bowl feeder manufacturer in China","potentialAction":[{"@type":"SearchAction","target":{"@type":"EntryPoint","urlTemplate":"https:\/\/swoer.com\/?s={search_term_string}"},"query-input":"required name=search_term_string"}],"inLanguage":"de"}]}},"_links":{"self":[{"href":"https:\/\/swoer.com\/de\/wp-json\/wp\/v2\/product\/1754"}],"collection":[{"href":"https:\/\/swoer.com\/de\/wp-json\/wp\/v2\/product"}],"about":[{"href":"https:\/\/swoer.com\/de\/wp-json\/wp\/v2\/types\/product"}],"replies":[{"embeddable":true,"href":"https:\/\/swoer.com\/de\/wp-json\/wp\/v2\/comments?post=1754"}],"wp:featuredmedia":[{"embeddable":true,"href":"https:\/\/swoer.com\/de\/wp-json\/wp\/v2\/media\/1755"}],"wp:attachment":[{"href":"https:\/\/swoer.com\/de\/wp-json\/wp\/v2\/media?parent=1754"}],"wp:term":[{"taxonomy":"product_cat","embeddable":true,"href":"https:\/\/swoer.com\/de\/wp-json\/wp\/v2\/product_cat?post=1754"},{"taxonomy":"product_tag","embeddable":true,"href":"https:\/\/swoer.com\/de\/wp-json\/wp\/v2\/product_tag?post=1754"}],"curies":[{"name":"wp","href":"https:\/\/api.w.org\/{rel}","templated":true}]}}