{"id":1734,"date":"2024-03-30T03:41:31","date_gmt":"2024-03-30T03:41:31","guid":{"rendered":"https:\/\/lightgrey-porpoise-816575.hostingersite.com\/?post_type=product&#038;p=1734"},"modified":"2024-08-01T14:04:40","modified_gmt":"2024-08-01T06:04:40","slug":"washer-bowl-feeder-automation","status":"publish","type":"product","link":"https:\/\/swoer.com\/de\/manufacturer\/washer-bowl-feeder-automation\/","title":{"rendered":"Vibrations-Sch\u00fcsself\u00f6rderer f\u00fcr Waschmaschinen"},"content":{"rendered":"<p>Bei SWOER sind wir Experten in der Herstellung von Schalenf\u00f6rderautomatisierungssystemen. Wir passen unsere Systeme an die einzigartigen Teileeigenschaften und spezifischen Kundenanforderungen an. Wir entwickeln ma\u00dfgeschneiderte L\u00f6sungen, die sich nahtlos in Ihre Fertigungsprozesse integrieren lassen. Unsere L\u00f6sungen gew\u00e4hrleisten optimale Leistung und Effizienz.<\/p>\n<p>Bei uns steht die individuelle Anpassung aller Komponenten, einschlie\u00dflich der Unterlegscheiben, im Vordergrund. Wir erf\u00fcllen Ihre genauen Anforderungen und garantieren Pr\u00e4zision und Zuverl\u00e4ssigkeit.<\/p>\n<p>Dar\u00fcber hinaus bietet SWOER wettbewerbsf\u00e4hige Fabrikpreise ohne Kompromisse bei der Qualit\u00e4t. Unsere kosteng\u00fcnstigen L\u00f6sungen steigern Ihre Produktionskapazit\u00e4ten. Mit SWOER als Partner erwarten Sie ma\u00dfgeschneiderte Systeme, die Wert, Zuverl\u00e4ssigkeit und Effizienz zu budgetfreundlichen Preisen bieten.<\/p>\n\t<div id=\"gap-330782868\" class=\"gap-element clearfix\" style=\"display:block; height:auto;\">\n\t\t\n<style>\n#gap-330782868 {\n  padding-top: 30px;\n}\n<\/style>\n\t<\/div>\n\t\n<h2>Sch\u00fcsself\u00f6rderparameter:<\/h2>\n<table width=\"684\">\n<tbody>\n<tr>\n<td width=\"183\">Produktname<\/td>\n<td width=\"501\">Vibrations-Sch\u00fcsself\u00f6rderer f\u00fcr Waschmaschinen<\/td>\n<\/tr>\n<tr>\n<td>Material<\/td>\n<td>\u00a0SUS201\/304<\/td>\n<\/tr>\n<tr>\n<td>Materialspezialit\u00e4t<\/td>\n<td>Kaltbehandlungsschmiedelegierung, Hohe Festigkeit, Hohe H\u00e4rte<\/td>\n<\/tr>\n<tr>\n<td>Stromspannung<\/td>\n<td>220 V<\/td>\n<\/tr>\n<tr>\n<td>Leistung<\/td>\n<td>65 W \/ 150 W \/ 180 W \/ 220 W \/ 350 W<\/td>\n<\/tr>\n<tr>\n<td>Authentifizierung<\/td>\n<td>CE, ROHS, ISO9001<\/td>\n<\/tr>\n<tr>\n<td>Garantie<\/td>\n<td>1 Jahr Garantie<\/td>\n<\/tr>\n<tr>\n<td>Mindestbestellmenge<\/td>\n<td>1 Satz<\/td>\n<\/tr>\n<tr>\n<td>Vorlaufzeit<\/td>\n<td>10-14 Tage<\/td>\n<\/tr>\n<tr>\n<td>Zahlungsfrist<\/td>\n<td>T\/T 40% Anzahlung und Restbetrag vor dem Versand<\/td>\n<\/tr>\n<tr>\n<td>Original des Ortes<\/td>\n<td>China<\/td>\n<\/tr>\n<\/tbody>\n<\/table>\n\t<div id=\"gap-1233301394\" class=\"gap-element clearfix\" style=\"display:block; height:auto;\">\n\t\t\n<style>\n#gap-1233301394 {\n  padding-top: 30px;\n}\n<\/style>\n\t<\/div>\n\t\n<h3>Details der Unterlegscheibe:<\/h3>\n\t<div class=\"img has-hover x md-x lg-x y md-y lg-y\" id=\"image_679381352\">\n\t\t\t\t\t\t\t\t<div class=\"img-inner dark\" >\n\t\t\t<img loading=\"lazy\" decoding=\"async\" width=\"800\" height=\"278\" src=\"https:\/\/swoer.com\/wp-content\/uploads\/2024\/03\/washer-detail.webp\" class=\"attachment-original size-original\" alt=\"Unterlegscheibe Detail\" srcset=\"https:\/\/swoer.com\/wp-content\/uploads\/2024\/03\/washer-detail.webp 800w, https:\/\/swoer.com\/wp-content\/uploads\/2024\/03\/washer-detail-300x104.webp 300w, https:\/\/swoer.com\/wp-content\/uploads\/2024\/03\/washer-detail-768x267.webp 768w, https:\/\/swoer.com\/wp-content\/uploads\/2024\/03\/washer-detail-600x209.webp 600w\" sizes=\"(max-width: 800px) 100vw, 800px\" \/>\t\t\t\t\t\t\n\t\t\t\t\t<\/div>\n\t\t\t\t\t\t\t\t\n<style>\n#image_679381352 {\n  width: 62%;\n}\n<\/style>\n\t<\/div>\n\t\n\t<div id=\"gap-1038265611\" class=\"gap-element clearfix\" style=\"display:block; height:auto;\">\n\t\t\n<style>\n#gap-1038265611 {\n  padding-top: 30px;\n}\n<\/style>\n\t<\/div>\n\t\n<h3><strong>Vorteile unserer Waschsch\u00fcsself\u00f6rderer:<\/strong><\/h3>\n<ul>\n<li><strong>Erh\u00f6hte Effizienz: <\/strong>Zufuhr von Tausenden von Teilen pro Stunde<\/li>\n<li><strong>Anpassbar: <\/strong>Ma\u00dfgeschneidert f\u00fcr Ihre spezifischen Teile und Produktionslinie<\/li>\n<li><strong>Zuverl\u00e4ssig:<\/strong>\u00a0Auf Langlebigkeit und gleichbleibende Leistung ausgelegt<\/li>\n<li><strong>Schnelle Lieferung:<\/strong>\u00a0Holen Sie sich Ihre Maschine schnell<\/li>\n<li><strong>Sicherheit zertifiziert: <\/strong>CE- und UL-zertifiziert f\u00fcr Ihre Sicherheit<\/li>\n<\/ul>\n<p><strong>\u00a0<\/strong><\/p>\n<h3><strong>Suchen Sie nach einem zuverl\u00e4ssigen Waschmaschinen-Zuf\u00fchrger\u00e4t? <\/strong><\/h3>\n<p>SWOER bietet ma\u00dfgeschneiderte Sch\u00fcsself\u00f6rderer, die genau Ihren Anforderungen entsprechen. Unsere Maschinen sind CE- und UL-zertifiziert und gew\u00e4hrleisten Sicherheit und Qualit\u00e4t.<\/p>\n<p>Unser erfahrenes Ingenieurteam erarbeitet gemeinsam mit Ihnen eine L\u00f6sung, die Ihren spezifischen Anforderungen entspricht. Ganz gleich, ob Sie kleine oder gro\u00dfe Waschmaschinen versorgen m\u00fcssen, wir verf\u00fcgen \u00fcber die n\u00f6tige Expertise, um Ihr Projekt umzusetzen.<\/p>\n<p><strong>Warten Sie nicht! Kontaktieren Sie uns noch heute, um ein Angebot anzufordern und mehr dar\u00fcber zu erfahren, wie Ihr Unternehmen von unseren Waschsch\u00fcsself\u00f6rderern profitieren kann.<\/strong><\/p>\n\n<div class=\"wpcf7 no-js\" id=\"wpcf7-f5-o1\" lang=\"en-US\" dir=\"ltr\">\n<div class=\"screen-reader-response\"><p role=\"status\" aria-live=\"polite\" aria-atomic=\"true\"><\/p> <ul><\/ul><\/div>\n<form action=\"\/de\/wp-json\/wp\/v2\/product\/1734#wpcf7-f5-o1\" method=\"post\" class=\"wpcf7-form init\" aria-label=\"Kontakt Formular\" novalidate=\"novalidate\" data-status=\"init\" data-trp-original-action=\"\/de\/wp-json\/wp\/v2\/product\/1734#wpcf7-f5-o1\">\n<div style=\"display: none;\">\n<input type=\"hidden\" name=\"_wpcf7\" value=\"5\" \/>\n<input type=\"hidden\" name=\"_wpcf7_version\" value=\"5.9.2\" \/>\n<input type=\"hidden\" name=\"_wpcf7_locale\" value=\"en_US\" \/>\n<input type=\"hidden\" name=\"_wpcf7_unit_tag\" value=\"wpcf7-f5-o1\" \/>\n<input type=\"hidden\" name=\"_wpcf7_container_post\" value=\"0\" \/>\n<input type=\"hidden\" name=\"_wpcf7_posted_data_hash\" value=\"\" \/>\n<\/div>\n<div class='custom_contact_style'>\n\t<p><label> Ihr Name<br \/>\n<span class=\"wpcf7-form-control-wrap\" data-name=\"your-name\"><input size=\"40\" class=\"wpcf7-form-control wpcf7-text wpcf7-validates-as-required\" autocomplete=\"name\" aria-required=\"true\" aria-invalid=\"false\" value=\"\" type=\"text\" name=\"your-name\" \/><\/span> <\/label>\n\t<\/p>\n\t<p><label> Deine E-Mail<br \/>\n<span class=\"wpcf7-form-control-wrap\" data-name=\"your-email\"><input size=\"40\" class=\"wpcf7-form-control wpcf7-email wpcf7-validates-as-required wpcf7-text wpcf7-validates-as-email\" autocomplete=\"email\" aria-required=\"true\" aria-invalid=\"false\" value=\"\" type=\"email\" name=\"your-email\" \/><\/span> <\/label>\n\t<\/p>\n\t<p><label> Ihre Nachricht (optional)<br \/>\n<span class=\"wpcf7-form-control-wrap\" data-name=\"your-message\"><textarea cols=\"40\" rows=\"10\" class=\"wpcf7-form-control wpcf7-textarea\" aria-invalid=\"false\" name=\"your-message\"><\/textarea><\/span> <\/label>\n\t<\/p>\n\t<div style=\"margin-bottom:10px;\">\n\t\t<p><span class=\"wpcf7-form-control-wrap kc_captcha cf7ic-toggle\" data-name=\"kc_captcha\"><span class=\"wpcf7-form-control wpcf7-radio\"><span class=\"captcha-image\" style=\"display: none;\"><span class=\"cf7ic_instructions\">Bitte beweisen Sie, dass Sie ein Mensch sind, indem Sie das<span> heart<\/span>.<\/span><label><input aria-label=\"1\" type=\"radio\" name=\"kc_captcha\" value=\"kc_human\" \/><svg aria-hidden=\"true\" role=\"img\" xmlns=\"http:\/\/www.w3.org\/2000\/svg\" viewbox=\"0 0 576 512\"><path fill=\"currentColor\" d=\"M415 24c-53 0-103 42-127 65-24-23-74-65-127-65C70 24 16 77 16 166c0 72 67 133 69 135l187 181c9 8 23 8 32 0l187-180c2-3 69-64 69-136 0-89-54-142-145-142z\"\/><\/svg><\/label><label><input aria-label=\"2\" type=\"radio\" name=\"kc_captcha\" value=\"bot\" \/><svg aria-hidden=\"true\" role=\"img\" xmlns=\"http:\/\/www.w3.org\/2000\/svg\" viewbox=\"0 0 384 512\"><path fill=\"currentColor\" d=\"M377 375l-83-87h34c21 0 32-25 17-40l-82-88h33c21 0 32-25 18-40L210 8c-10-11-26-11-36 0L70 120c-14 15-3 40 18 40h33l-82 88c-15 15-4 40 17 40h34L7 375c-15 16-4 41 17 41h120c0 33-11 49-34 68-12 9-5 28 10 28h144c15 0 22-19 10-28-20-16-34-32-34-68h120c21 0 32-25 17-41z\"\/><\/svg><\/label><label><input aria-label=\"3\" type=\"radio\" name=\"kc_captcha\" value=\"bot\" \/><svg aria-hidden=\"true\" role=\"img\" xmlns=\"http:\/\/www.w3.org\/2000\/svg\" viewbox=\"0 0 576 512\"><path fill=\"currentColor\" d=\"M472 200H360L256 6a12 12 0 00-10-6h-58c-8 0-14 7-12 15l34 185H100l-35-58a12 12 0 00-10-6H12c-8 0-13 7-12 14l21 106L0 362c-1 7 4 14 12 14h43c4 0 8-2 10-6l35-58h110l-34 185c-2 8 4 15 12 15h58a12 12 0 0010-6l104-194h112c57 0 104-25 104-56s-47-56-104-56z\"\/><\/svg><\/label>\r\n    <\/span>\r\n    <span style=\"display:none\">\r\n        <input type=\"text\" name=\"kc_honeypot\">\r\n    <\/span><\/span><\/span>\n\t\t<\/p>\n\t<\/div>\n\t<p><input class=\"wpcf7-form-control wpcf7-submit has-spinner\" type=\"submit\" value=\"Einreichen\" \/>\n\t<\/p>\n<\/div><div class=\"wpcf7-response-output\" aria-hidden=\"true\"><\/div>\n<input type=\"hidden\" name=\"trp-form-language\" value=\"de\"\/><\/form>\n<\/div>","protected":false},"excerpt":{"rendered":"<p><strong>Bef\u00fcllen Sie Unterlegscheiben effizient mit unserem ma\u00dfgeschneiderten Sch\u00fcsselzuf\u00fchrer.<\/strong> Verbessern Sie Ihre Montagelinie mit unseren zuverl\u00e4ssigen und schnellen L\u00f6sungen.<\/p>\n<p>Wenn Sie Preise f\u00fcr Sch\u00fcsself\u00f6rderer erfahren m\u00f6chten, nehmen Sie bitte Kontakt mit uns auf.<\/p>","protected":false},"featured_media":1735,"comment_status":"open","ping_status":"closed","template":"","meta":[],"product_cat":[37],"product_tag":[],"yoast_head":"<!-- This site is optimized with the Yoast SEO plugin v22.2 - https:\/\/yoast.com\/wordpress\/plugins\/seo\/ -->\n<title>Washer Vibratory Bowl Feeder | Vibro Feeder Parts for Washer<\/title>\n<meta name=\"description\" content=\"Custom high-speed vibratory bowl feeder for washer. CE &amp; UL certified for safety. Tailored solutions by our experienced team. Fast delivery guaranteed.\" \/>\n<meta name=\"robots\" content=\"index, follow, max-snippet:-1, max-image-preview:large, max-video-preview:-1\" \/>\n<link rel=\"canonical\" href=\"https:\/\/swoer.com\/de\/manufacturer\/washer-bowl-feeder-automation\/\" \/>\n<meta property=\"og:locale\" content=\"de_DE\" \/>\n<meta property=\"og:type\" content=\"article\" \/>\n<meta property=\"og:title\" content=\"Washer Vibratory Bowl Feeder | Vibro Feeder Parts for Washer\" \/>\n<meta property=\"og:description\" content=\"Custom high-speed vibratory bowl feeder for washer. CE &amp; UL certified for safety. Tailored solutions by our experienced team. Fast delivery guaranteed.\" \/>\n<meta property=\"og:url\" content=\"https:\/\/swoer.com\/de\/manufacturer\/washer-bowl-feeder-automation\/\" \/>\n<meta property=\"og:site_name\" content=\"SWOER\" \/>\n<meta property=\"article:modified_time\" content=\"2024-08-01T06:04:40+00:00\" \/>\n<meta property=\"og:image\" content=\"https:\/\/swoer.com\/wp-content\/uploads\/2024\/03\/washer-bowl-feeder-automation.webp\" \/>\n\t<meta property=\"og:image:width\" content=\"1000\" \/>\n\t<meta property=\"og:image:height\" content=\"1000\" \/>\n\t<meta property=\"og:image:type\" content=\"image\/webp\" \/>\n<meta name=\"twitter:card\" content=\"summary_large_image\" \/>\n<meta name=\"twitter:label1\" content=\"Gesch\u00e4tzte Lesezeit\" \/>\n\t<meta name=\"twitter:data1\" content=\"2\u00a0Minuten\" \/>\n<script type=\"application\/ld+json\" class=\"yoast-schema-graph\">{\"@context\":\"https:\/\/schema.org\",\"@graph\":[{\"@type\":\"WebPage\",\"@id\":\"https:\/\/swoer.com\/manufacturer\/washer-bowl-feeder-automation\/\",\"url\":\"https:\/\/swoer.com\/manufacturer\/washer-bowl-feeder-automation\/\",\"name\":\"Washer Vibratory Bowl Feeder | Vibro Feeder Parts for Washer\",\"isPartOf\":{\"@id\":\"https:\/\/swoer.com\/#website\"},\"primaryImageOfPage\":{\"@id\":\"https:\/\/swoer.com\/manufacturer\/washer-bowl-feeder-automation\/#primaryimage\"},\"image\":{\"@id\":\"https:\/\/swoer.com\/manufacturer\/washer-bowl-feeder-automation\/#primaryimage\"},\"thumbnailUrl\":\"https:\/\/swoer.com\/wp-content\/uploads\/2024\/03\/washer-bowl-feeder-automation.webp\",\"datePublished\":\"2024-03-30T03:41:31+00:00\",\"dateModified\":\"2024-08-01T06:04:40+00:00\",\"description\":\"Custom high-speed vibratory bowl feeder for washer. CE & UL certified for safety. Tailored solutions by our experienced team. Fast delivery guaranteed.\",\"breadcrumb\":{\"@id\":\"https:\/\/swoer.com\/manufacturer\/washer-bowl-feeder-automation\/#breadcrumb\"},\"inLanguage\":\"de\",\"potentialAction\":[{\"@type\":\"ReadAction\",\"target\":[\"https:\/\/swoer.com\/manufacturer\/washer-bowl-feeder-automation\/\"]}]},{\"@type\":\"ImageObject\",\"inLanguage\":\"de\",\"@id\":\"https:\/\/swoer.com\/manufacturer\/washer-bowl-feeder-automation\/#primaryimage\",\"url\":\"https:\/\/swoer.com\/wp-content\/uploads\/2024\/03\/washer-bowl-feeder-automation.webp\",\"contentUrl\":\"https:\/\/swoer.com\/wp-content\/uploads\/2024\/03\/washer-bowl-feeder-automation.webp\",\"width\":1000,\"height\":1000,\"caption\":\"washer bowl feeder automation\"},{\"@type\":\"BreadcrumbList\",\"@id\":\"https:\/\/swoer.com\/manufacturer\/washer-bowl-feeder-automation\/#breadcrumb\",\"itemListElement\":[{\"@type\":\"ListItem\",\"position\":1,\"name\":\"Home\",\"item\":\"https:\/\/swoer.com\/\"},{\"@type\":\"ListItem\",\"position\":2,\"name\":\"Shop\",\"item\":\"https:\/\/swoer.com\/shop\/\"},{\"@type\":\"ListItem\",\"position\":3,\"name\":\"Washer Vibratory Bowl Feeder\"}]},{\"@type\":\"WebSite\",\"@id\":\"https:\/\/swoer.com\/#website\",\"url\":\"https:\/\/swoer.com\/\",\"name\":\"SWOER\",\"description\":\"Swoer is the top 3 vibratory bowl feeder manufacturer in China\",\"potentialAction\":[{\"@type\":\"SearchAction\",\"target\":{\"@type\":\"EntryPoint\",\"urlTemplate\":\"https:\/\/swoer.com\/?s={search_term_string}\"},\"query-input\":\"required name=search_term_string\"}],\"inLanguage\":\"de\"}]}<\/script>\n<!-- \/ Yoast SEO plugin. -->","yoast_head_json":{"title":"Washer Vibratory Bowl Feeder | Vibro Feeder Parts for Washer","description":"Custom high-speed vibratory bowl feeder for washer. CE & UL certified for safety. Tailored solutions by our experienced team. Fast delivery guaranteed.","robots":{"index":"index","follow":"follow","max-snippet":"max-snippet:-1","max-image-preview":"max-image-preview:large","max-video-preview":"max-video-preview:-1"},"canonical":"https:\/\/swoer.com\/de\/manufacturer\/washer-bowl-feeder-automation\/","og_locale":"de_DE","og_type":"article","og_title":"Washer Vibratory Bowl Feeder | Vibro Feeder Parts for Washer","og_description":"Custom high-speed vibratory bowl feeder for washer. CE & UL certified for safety. Tailored solutions by our experienced team. Fast delivery guaranteed.","og_url":"https:\/\/swoer.com\/de\/manufacturer\/washer-bowl-feeder-automation\/","og_site_name":"SWOER","article_modified_time":"2024-08-01T06:04:40+00:00","og_image":[{"width":1000,"height":1000,"url":"https:\/\/swoer.com\/wp-content\/uploads\/2024\/03\/washer-bowl-feeder-automation.webp","type":"image\/webp"}],"twitter_card":"summary_large_image","twitter_misc":{"Gesch\u00e4tzte Lesezeit":"2\u00a0Minuten"},"schema":{"@context":"https:\/\/schema.org","@graph":[{"@type":"WebPage","@id":"https:\/\/swoer.com\/manufacturer\/washer-bowl-feeder-automation\/","url":"https:\/\/swoer.com\/manufacturer\/washer-bowl-feeder-automation\/","name":"Washer Vibratory Bowl Feeder | Vibro Feeder Parts for Washer","isPartOf":{"@id":"https:\/\/swoer.com\/#website"},"primaryImageOfPage":{"@id":"https:\/\/swoer.com\/manufacturer\/washer-bowl-feeder-automation\/#primaryimage"},"image":{"@id":"https:\/\/swoer.com\/manufacturer\/washer-bowl-feeder-automation\/#primaryimage"},"thumbnailUrl":"https:\/\/swoer.com\/wp-content\/uploads\/2024\/03\/washer-bowl-feeder-automation.webp","datePublished":"2024-03-30T03:41:31+00:00","dateModified":"2024-08-01T06:04:40+00:00","description":"Custom high-speed vibratory bowl feeder for washer. CE & UL certified for safety. Tailored solutions by our experienced team. Fast delivery guaranteed.","breadcrumb":{"@id":"https:\/\/swoer.com\/manufacturer\/washer-bowl-feeder-automation\/#breadcrumb"},"inLanguage":"de","potentialAction":[{"@type":"ReadAction","target":["https:\/\/swoer.com\/manufacturer\/washer-bowl-feeder-automation\/"]}]},{"@type":"ImageObject","inLanguage":"de","@id":"https:\/\/swoer.com\/manufacturer\/washer-bowl-feeder-automation\/#primaryimage","url":"https:\/\/swoer.com\/wp-content\/uploads\/2024\/03\/washer-bowl-feeder-automation.webp","contentUrl":"https:\/\/swoer.com\/wp-content\/uploads\/2024\/03\/washer-bowl-feeder-automation.webp","width":1000,"height":1000,"caption":"washer bowl feeder automation"},{"@type":"BreadcrumbList","@id":"https:\/\/swoer.com\/manufacturer\/washer-bowl-feeder-automation\/#breadcrumb","itemListElement":[{"@type":"ListItem","position":1,"name":"Home","item":"https:\/\/swoer.com\/"},{"@type":"ListItem","position":2,"name":"Shop","item":"https:\/\/swoer.com\/shop\/"},{"@type":"ListItem","position":3,"name":"Washer Vibratory Bowl Feeder"}]},{"@type":"WebSite","@id":"https:\/\/swoer.com\/#website","url":"https:\/\/swoer.com\/","name":"SWOER","description":"Swoer is the top 3 vibratory bowl feeder manufacturer in China","potentialAction":[{"@type":"SearchAction","target":{"@type":"EntryPoint","urlTemplate":"https:\/\/swoer.com\/?s={search_term_string}"},"query-input":"required name=search_term_string"}],"inLanguage":"de"}]}},"_links":{"self":[{"href":"https:\/\/swoer.com\/de\/wp-json\/wp\/v2\/product\/1734"}],"collection":[{"href":"https:\/\/swoer.com\/de\/wp-json\/wp\/v2\/product"}],"about":[{"href":"https:\/\/swoer.com\/de\/wp-json\/wp\/v2\/types\/product"}],"replies":[{"embeddable":true,"href":"https:\/\/swoer.com\/de\/wp-json\/wp\/v2\/comments?post=1734"}],"wp:featuredmedia":[{"embeddable":true,"href":"https:\/\/swoer.com\/de\/wp-json\/wp\/v2\/media\/1735"}],"wp:attachment":[{"href":"https:\/\/swoer.com\/de\/wp-json\/wp\/v2\/media?parent=1734"}],"wp:term":[{"taxonomy":"product_cat","embeddable":true,"href":"https:\/\/swoer.com\/de\/wp-json\/wp\/v2\/product_cat?post=1734"},{"taxonomy":"product_tag","embeddable":true,"href":"https:\/\/swoer.com\/de\/wp-json\/wp\/v2\/product_tag?post=1734"}],"curies":[{"name":"wp","href":"https:\/\/api.w.org\/{rel}","templated":true}]}}