{"id":1712,"date":"2024-03-29T09:06:43","date_gmt":"2024-03-29T09:06:43","guid":{"rendered":"https:\/\/lightgrey-porpoise-816575.hostingersite.com\/?post_type=product&#038;p=1712"},"modified":"2024-08-01T10:37:40","modified_gmt":"2024-08-01T02:37:40","slug":"m8-22-hex-nuts-bowl-feeder-manufacturers","status":"publish","type":"product","link":"https:\/\/swoer.com\/de\/manufacturer\/m8-22-hex-nuts-bowl-feeder-manufacturers\/","title":{"rendered":"M8-22 Sechskantmuttern Vibrations-Sch\u00fcsself\u00f6rderer"},"content":{"rendered":"<p>SWOER ist ein f\u00fchrender Hersteller von M8-22-Sechskantmuttern-Sch\u00fcsself\u00f6rderern und liefert pr\u00e4zisionsgefertigte L\u00f6sungen, die auf die Anforderungen der modernen Fertigung zugeschnitten sind. Unsere Expertise in der Vibrations-Sch\u00fcsself\u00f6rderertechnologie gew\u00e4hrleistet eine effiziente und zuverl\u00e4ssige Teilehandhabung und optimiert Produktionsprozesse f\u00fcr maximale Produktivit\u00e4t. Bei SWOER k\u00f6nnen Sie auf hochwertige Handwerkskunst, innovatives Design und au\u00dfergew\u00f6hnliche Leistung vertrauen, was uns zur bevorzugten Wahl f\u00fcr Hersteller von M8-22-Sechskantmuttern-Sch\u00fcsself\u00f6rderern macht.<\/p>\n\t<div id=\"gap-178095238\" class=\"gap-element clearfix\" style=\"display:block; height:auto;\">\n\t\t\n<style>\n#gap-178095238 {\n  padding-top: 30px;\n}\n<\/style>\n\t<\/div>\n\t\n<h2>Spezifikationen des Sch\u00fcsself\u00f6rderers:<\/h2>\n<table width=\"684\">\n<tbody>\n<tr>\n<td width=\"183\">Produktname<\/td>\n<td width=\"501\">M8-22 Sechskantmuttern Sch\u00fcsself\u00f6rderer Hersteller<\/td>\n<\/tr>\n<tr>\n<td>Material<\/td>\n<td>\u00a0SUS201\/304<\/td>\n<\/tr>\n<tr>\n<td>Materialspezialit\u00e4t<\/td>\n<td>Kaltbehandlungsschmiedelegierung, Hohe Festigkeit, Hohe H\u00e4rte<\/td>\n<\/tr>\n<tr>\n<td>Stromspannung<\/td>\n<td>220 V<\/td>\n<\/tr>\n<tr>\n<td>Leistung<\/td>\n<td>65 W \/ 150 W \/ 180 W \/ 220 W \/ 350 W<\/td>\n<\/tr>\n<tr>\n<td>Authentifizierung<\/td>\n<td>CE, ROHS, ISO9001<\/td>\n<\/tr>\n<tr>\n<td>Garantie<\/td>\n<td>1 Jahr Garantie<\/td>\n<\/tr>\n<tr>\n<td>Mindestbestellmenge<\/td>\n<td>1 Satz<\/td>\n<\/tr>\n<tr>\n<td>Vorlaufzeit<\/td>\n<td>10-14 Tage<\/td>\n<\/tr>\n<tr>\n<td>Zahlungsfrist<\/td>\n<td>T\/T 40% Anzahlung und Restbetrag vor dem Versand<\/td>\n<\/tr>\n<tr>\n<td>Original des Ortes<\/td>\n<td>China<\/td>\n<\/tr>\n<\/tbody>\n<\/table>\n\t<div id=\"gap-1964753351\" class=\"gap-element clearfix\" style=\"display:block; height:auto;\">\n\t\t\n<style>\n#gap-1964753351 {\n  padding-top: 30px;\n}\n<\/style>\n\t<\/div>\n\t\n<h3><strong>Ben\u00f6tigen Sie einen zuverl\u00e4ssigen M8-22-Sechskantmutternzuf\u00fchrer?<\/strong>\u00a0<\/h3>\n<p>SWOER bietet ma\u00dfgeschneiderte L\u00f6sungen, die genau Ihren Anforderungen entsprechen. Unsere Vibrationsf\u00f6rderer sind darauf ausgelegt, die Produktionseffizienz zu steigern und Ausfallzeiten zu reduzieren.<\/p>\n<h3><strong>M\u00f6chten Sie mehr erfahren?<\/strong>\u00a0<\/h3>\n<p>Kontaktieren Sie uns noch heute, um Ihre spezifischen Anforderungen zu besprechen. Wir erstellen Ihnen ein ma\u00dfgeschneidertes Angebot und beantworten alle Ihre Fragen.<\/p>\n<h3><strong>Hauptmerkmale unseres M8-22 Sechskantmuttern-Zuf\u00fchrers:<\/strong><\/h3>\n<ul>\n<li><strong>Hohe Geschwindigkeit:<\/strong>Zuf\u00fchrung von Tausenden Teilen pro Stunde<\/li>\n<li><strong>Anpassbar:<\/strong>Ma\u00dfgeschneidert f\u00fcr Ihre spezifischen Teile und Produktionslinie<\/li>\n<li><strong>Zuverl\u00e4ssig:<\/strong>Auf Langlebigkeit und gleichbleibende Leistung ausgelegt<\/li>\n<li><strong>Leiser Betrieb:<\/strong>Minimiert die L\u00e4rmbel\u00e4stigung an Ihrem Arbeitsplatz<\/li>\n<\/ul>\n\t<div id=\"gap-1058085825\" class=\"gap-element clearfix\" style=\"display:block; height:auto;\">\n\t\t\n<style>\n#gap-1058085825 {\n  padding-top: 30px;\n}\n<\/style>\n\t<\/div>\n\t\n<h3 style=\"text-align: center;\"><strong>Warten Sie nicht!<\/strong>\u00a0Kontaktieren Sie uns noch heute, um loszulegen.<\/h3>\n\n<div class=\"wpcf7 no-js\" id=\"wpcf7-f5-o1\" lang=\"en-US\" dir=\"ltr\">\n<div class=\"screen-reader-response\"><p role=\"status\" aria-live=\"polite\" aria-atomic=\"true\"><\/p> <ul><\/ul><\/div>\n<form action=\"\/de\/wp-json\/wp\/v2\/product\/1712#wpcf7-f5-o1\" method=\"post\" class=\"wpcf7-form init\" aria-label=\"Kontakt Formular\" novalidate=\"novalidate\" data-status=\"init\" data-trp-original-action=\"\/de\/wp-json\/wp\/v2\/product\/1712#wpcf7-f5-o1\">\n<div style=\"display: none;\">\n<input type=\"hidden\" name=\"_wpcf7\" value=\"5\" \/>\n<input type=\"hidden\" name=\"_wpcf7_version\" value=\"5.9.2\" \/>\n<input type=\"hidden\" name=\"_wpcf7_locale\" value=\"en_US\" \/>\n<input type=\"hidden\" name=\"_wpcf7_unit_tag\" value=\"wpcf7-f5-o1\" \/>\n<input type=\"hidden\" name=\"_wpcf7_container_post\" value=\"0\" \/>\n<input type=\"hidden\" name=\"_wpcf7_posted_data_hash\" value=\"\" \/>\n<\/div>\n<div class='custom_contact_style'>\n\t<p><label> Ihr Name<br \/>\n<span class=\"wpcf7-form-control-wrap\" data-name=\"your-name\"><input size=\"40\" class=\"wpcf7-form-control wpcf7-text wpcf7-validates-as-required\" autocomplete=\"name\" aria-required=\"true\" aria-invalid=\"false\" value=\"\" type=\"text\" name=\"your-name\" \/><\/span> <\/label>\n\t<\/p>\n\t<p><label> Deine E-Mail<br \/>\n<span class=\"wpcf7-form-control-wrap\" data-name=\"your-email\"><input size=\"40\" class=\"wpcf7-form-control wpcf7-email wpcf7-validates-as-required wpcf7-text wpcf7-validates-as-email\" autocomplete=\"email\" aria-required=\"true\" aria-invalid=\"false\" value=\"\" type=\"email\" name=\"your-email\" \/><\/span> <\/label>\n\t<\/p>\n\t<p><label> Ihre Nachricht (optional)<br \/>\n<span class=\"wpcf7-form-control-wrap\" data-name=\"your-message\"><textarea cols=\"40\" rows=\"10\" class=\"wpcf7-form-control wpcf7-textarea\" aria-invalid=\"false\" name=\"your-message\"><\/textarea><\/span> <\/label>\n\t<\/p>\n\t<div style=\"margin-bottom:10px;\">\n\t\t<p><span class=\"wpcf7-form-control-wrap kc_captcha cf7ic-toggle\" data-name=\"kc_captcha\"><span class=\"wpcf7-form-control wpcf7-radio\"><span class=\"captcha-image\" style=\"display: none;\"><span class=\"cf7ic_instructions\">Bitte beweisen Sie, dass Sie ein Mensch sind, indem Sie das<span> heart<\/span>.<\/span><label><input aria-label=\"1\" type=\"radio\" name=\"kc_captcha\" value=\"kc_human\" \/><svg aria-hidden=\"true\" role=\"img\" xmlns=\"http:\/\/www.w3.org\/2000\/svg\" viewbox=\"0 0 576 512\"><path fill=\"currentColor\" d=\"M415 24c-53 0-103 42-127 65-24-23-74-65-127-65C70 24 16 77 16 166c0 72 67 133 69 135l187 181c9 8 23 8 32 0l187-180c2-3 69-64 69-136 0-89-54-142-145-142z\"\/><\/svg><\/label><label><input aria-label=\"2\" type=\"radio\" name=\"kc_captcha\" value=\"bot\" \/><svg aria-hidden=\"true\" role=\"img\" xmlns=\"http:\/\/www.w3.org\/2000\/svg\" viewbox=\"0 0 640 512\"><path fill=\"currentColor\" d=\"M192 384h192c53 0 96-43 96-96h32a128 128 0 000-256H120c-13 0-24 11-24 24v232c0 53 43 96 96 96zM512 96a64 64 0 010 128h-32V96h32zm48 384H48c-47 0-61-64-36-64h584c25 0 11 64-36 64z\"\/><\/svg><\/label><label><input aria-label=\"3\" type=\"radio\" name=\"kc_captcha\" value=\"bot\" \/><svg aria-hidden=\"true\" role=\"img\" xmlns=\"http:\/\/www.w3.org\/2000\/svg\" viewbox=\"0 0 512 512\"><path fill=\"currentColor\" d=\"M350 99c-54 0-98-35-166-35-25 0-47 4-68 12a56 56 0 004-24C118 24 95 1 66 0a56 56 0 00-34 102v386c0 13 11 24 24 24h16c13 0 24-11 24-24v-94c28-12 64-23 114-23 54 0 98 35 166 35 48 0 86-16 122-41 9-6 14-15 14-26V96c0-23-24-39-45-29-35 16-77 32-117 32z\"\/><\/svg><\/label>\r\n    <\/span>\r\n    <span style=\"display:none\">\r\n        <input type=\"text\" name=\"kc_honeypot\">\r\n    <\/span><\/span><\/span>\n\t\t<\/p>\n\t<\/div>\n\t<p><input class=\"wpcf7-form-control wpcf7-submit has-spinner\" type=\"submit\" value=\"Einreichen\" \/>\n\t<\/p>\n<\/div><div class=\"wpcf7-response-output\" aria-hidden=\"true\"><\/div>\n<input type=\"hidden\" name=\"trp-form-language\" value=\"de\"\/><\/form>\n<\/div>","protected":false},"excerpt":{"rendered":"<p>F\u00fchren Sie Sechskantmuttern M8-22 effizient mit unserem kundenspezifischen Vibrationsf\u00f6rderer zu. Verbessern Sie Ihre Montagelinie mit unseren zuverl\u00e4ssigen und anpassbaren L\u00f6sungen.<\/p>","protected":false},"featured_media":1713,"comment_status":"open","ping_status":"closed","template":"","meta":[],"product_cat":[37],"product_tag":[],"yoast_head":"<!-- This site is optimized with the Yoast SEO plugin v22.2 - https:\/\/yoast.com\/wordpress\/plugins\/seo\/ -->\n<title>Automatic M8-22 Hex Nut Feeding System | Vibratory Bowl Feeder<\/title>\n<meta name=\"description\" content=\"M8-22 hex nut vibratory bowl feeder, Custom solutions are available to meet your specific requirements. Increase production efficiency and reduce labor costs.\" \/>\n<meta name=\"robots\" content=\"index, follow, max-snippet:-1, max-image-preview:large, max-video-preview:-1\" \/>\n<link rel=\"canonical\" href=\"https:\/\/swoer.com\/de\/manufacturer\/m8-22-hex-nuts-bowl-feeder-manufacturers\/\" \/>\n<meta property=\"og:locale\" content=\"de_DE\" \/>\n<meta property=\"og:type\" content=\"article\" \/>\n<meta property=\"og:title\" content=\"Automatic M8-22 Hex Nut Feeding System | Vibratory Bowl Feeder\" \/>\n<meta property=\"og:description\" content=\"M8-22 hex nut vibratory bowl feeder, Custom solutions are available to meet your specific requirements. Increase production efficiency and reduce labor costs.\" \/>\n<meta property=\"og:url\" content=\"https:\/\/swoer.com\/de\/manufacturer\/m8-22-hex-nuts-bowl-feeder-manufacturers\/\" \/>\n<meta property=\"og:site_name\" content=\"SWOER\" \/>\n<meta property=\"article:modified_time\" content=\"2024-08-01T02:37:40+00:00\" \/>\n<meta property=\"og:image\" content=\"https:\/\/swoer.com\/wp-content\/uploads\/2024\/03\/M8-22-Hex-Nuts-Bowl-Feeder-Manufacturers.webp\" \/>\n\t<meta property=\"og:image:width\" content=\"1000\" \/>\n\t<meta property=\"og:image:height\" content=\"1000\" \/>\n\t<meta property=\"og:image:type\" content=\"image\/webp\" \/>\n<meta name=\"twitter:card\" content=\"summary_large_image\" \/>\n<meta name=\"twitter:label1\" content=\"Gesch\u00e4tzte Lesezeit\" \/>\n\t<meta name=\"twitter:data1\" content=\"1\u00a0Minute\" \/>\n<script type=\"application\/ld+json\" class=\"yoast-schema-graph\">{\"@context\":\"https:\/\/schema.org\",\"@graph\":[{\"@type\":\"WebPage\",\"@id\":\"https:\/\/swoer.com\/manufacturer\/m8-22-hex-nuts-bowl-feeder-manufacturers\/\",\"url\":\"https:\/\/swoer.com\/manufacturer\/m8-22-hex-nuts-bowl-feeder-manufacturers\/\",\"name\":\"Automatic M8-22 Hex Nut Feeding System | Vibratory Bowl Feeder\",\"isPartOf\":{\"@id\":\"https:\/\/swoer.com\/#website\"},\"primaryImageOfPage\":{\"@id\":\"https:\/\/swoer.com\/manufacturer\/m8-22-hex-nuts-bowl-feeder-manufacturers\/#primaryimage\"},\"image\":{\"@id\":\"https:\/\/swoer.com\/manufacturer\/m8-22-hex-nuts-bowl-feeder-manufacturers\/#primaryimage\"},\"thumbnailUrl\":\"https:\/\/swoer.com\/wp-content\/uploads\/2024\/03\/M8-22-Hex-Nuts-Bowl-Feeder-Manufacturers.webp\",\"datePublished\":\"2024-03-29T09:06:43+00:00\",\"dateModified\":\"2024-08-01T02:37:40+00:00\",\"description\":\"M8-22 hex nut vibratory bowl feeder, Custom solutions are available to meet your specific requirements. Increase production efficiency and reduce labor costs.\",\"breadcrumb\":{\"@id\":\"https:\/\/swoer.com\/manufacturer\/m8-22-hex-nuts-bowl-feeder-manufacturers\/#breadcrumb\"},\"inLanguage\":\"de\",\"potentialAction\":[{\"@type\":\"ReadAction\",\"target\":[\"https:\/\/swoer.com\/manufacturer\/m8-22-hex-nuts-bowl-feeder-manufacturers\/\"]}]},{\"@type\":\"ImageObject\",\"inLanguage\":\"de\",\"@id\":\"https:\/\/swoer.com\/manufacturer\/m8-22-hex-nuts-bowl-feeder-manufacturers\/#primaryimage\",\"url\":\"https:\/\/swoer.com\/wp-content\/uploads\/2024\/03\/M8-22-Hex-Nuts-Bowl-Feeder-Manufacturers.webp\",\"contentUrl\":\"https:\/\/swoer.com\/wp-content\/uploads\/2024\/03\/M8-22-Hex-Nuts-Bowl-Feeder-Manufacturers.webp\",\"width\":1000,\"height\":1000,\"caption\":\"M8-22 Hex Nuts Bowl Feeder Manufacturers\"},{\"@type\":\"BreadcrumbList\",\"@id\":\"https:\/\/swoer.com\/manufacturer\/m8-22-hex-nuts-bowl-feeder-manufacturers\/#breadcrumb\",\"itemListElement\":[{\"@type\":\"ListItem\",\"position\":1,\"name\":\"Home\",\"item\":\"https:\/\/swoer.com\/\"},{\"@type\":\"ListItem\",\"position\":2,\"name\":\"Shop\",\"item\":\"https:\/\/swoer.com\/shop\/\"},{\"@type\":\"ListItem\",\"position\":3,\"name\":\"M8-22 Hex Nuts Vibratory Bowl Feeder\"}]},{\"@type\":\"WebSite\",\"@id\":\"https:\/\/swoer.com\/#website\",\"url\":\"https:\/\/swoer.com\/\",\"name\":\"SWOER\",\"description\":\"Swoer is the top 3 vibratory bowl feeder manufacturer in China\",\"potentialAction\":[{\"@type\":\"SearchAction\",\"target\":{\"@type\":\"EntryPoint\",\"urlTemplate\":\"https:\/\/swoer.com\/?s={search_term_string}\"},\"query-input\":\"required name=search_term_string\"}],\"inLanguage\":\"de\"}]}<\/script>\n<!-- \/ Yoast SEO plugin. -->","yoast_head_json":{"title":"Automatic M8-22 Hex Nut Feeding System | Vibratory Bowl Feeder","description":"M8-22 hex nut vibratory bowl feeder, Custom solutions are available to meet your specific requirements. Increase production efficiency and reduce labor costs.","robots":{"index":"index","follow":"follow","max-snippet":"max-snippet:-1","max-image-preview":"max-image-preview:large","max-video-preview":"max-video-preview:-1"},"canonical":"https:\/\/swoer.com\/de\/manufacturer\/m8-22-hex-nuts-bowl-feeder-manufacturers\/","og_locale":"de_DE","og_type":"article","og_title":"Automatic M8-22 Hex Nut Feeding System | Vibratory Bowl Feeder","og_description":"M8-22 hex nut vibratory bowl feeder, Custom solutions are available to meet your specific requirements. Increase production efficiency and reduce labor costs.","og_url":"https:\/\/swoer.com\/de\/manufacturer\/m8-22-hex-nuts-bowl-feeder-manufacturers\/","og_site_name":"SWOER","article_modified_time":"2024-08-01T02:37:40+00:00","og_image":[{"width":1000,"height":1000,"url":"https:\/\/swoer.com\/wp-content\/uploads\/2024\/03\/M8-22-Hex-Nuts-Bowl-Feeder-Manufacturers.webp","type":"image\/webp"}],"twitter_card":"summary_large_image","twitter_misc":{"Gesch\u00e4tzte Lesezeit":"1\u00a0Minute"},"schema":{"@context":"https:\/\/schema.org","@graph":[{"@type":"WebPage","@id":"https:\/\/swoer.com\/manufacturer\/m8-22-hex-nuts-bowl-feeder-manufacturers\/","url":"https:\/\/swoer.com\/manufacturer\/m8-22-hex-nuts-bowl-feeder-manufacturers\/","name":"Automatic M8-22 Hex Nut Feeding System | Vibratory Bowl Feeder","isPartOf":{"@id":"https:\/\/swoer.com\/#website"},"primaryImageOfPage":{"@id":"https:\/\/swoer.com\/manufacturer\/m8-22-hex-nuts-bowl-feeder-manufacturers\/#primaryimage"},"image":{"@id":"https:\/\/swoer.com\/manufacturer\/m8-22-hex-nuts-bowl-feeder-manufacturers\/#primaryimage"},"thumbnailUrl":"https:\/\/swoer.com\/wp-content\/uploads\/2024\/03\/M8-22-Hex-Nuts-Bowl-Feeder-Manufacturers.webp","datePublished":"2024-03-29T09:06:43+00:00","dateModified":"2024-08-01T02:37:40+00:00","description":"M8-22 hex nut vibratory bowl feeder, Custom solutions are available to meet your specific requirements. Increase production efficiency and reduce labor costs.","breadcrumb":{"@id":"https:\/\/swoer.com\/manufacturer\/m8-22-hex-nuts-bowl-feeder-manufacturers\/#breadcrumb"},"inLanguage":"de","potentialAction":[{"@type":"ReadAction","target":["https:\/\/swoer.com\/manufacturer\/m8-22-hex-nuts-bowl-feeder-manufacturers\/"]}]},{"@type":"ImageObject","inLanguage":"de","@id":"https:\/\/swoer.com\/manufacturer\/m8-22-hex-nuts-bowl-feeder-manufacturers\/#primaryimage","url":"https:\/\/swoer.com\/wp-content\/uploads\/2024\/03\/M8-22-Hex-Nuts-Bowl-Feeder-Manufacturers.webp","contentUrl":"https:\/\/swoer.com\/wp-content\/uploads\/2024\/03\/M8-22-Hex-Nuts-Bowl-Feeder-Manufacturers.webp","width":1000,"height":1000,"caption":"M8-22 Hex Nuts Bowl Feeder Manufacturers"},{"@type":"BreadcrumbList","@id":"https:\/\/swoer.com\/manufacturer\/m8-22-hex-nuts-bowl-feeder-manufacturers\/#breadcrumb","itemListElement":[{"@type":"ListItem","position":1,"name":"Home","item":"https:\/\/swoer.com\/"},{"@type":"ListItem","position":2,"name":"Shop","item":"https:\/\/swoer.com\/shop\/"},{"@type":"ListItem","position":3,"name":"M8-22 Hex Nuts Vibratory Bowl Feeder"}]},{"@type":"WebSite","@id":"https:\/\/swoer.com\/#website","url":"https:\/\/swoer.com\/","name":"SWOER","description":"Swoer is the top 3 vibratory bowl feeder manufacturer in China","potentialAction":[{"@type":"SearchAction","target":{"@type":"EntryPoint","urlTemplate":"https:\/\/swoer.com\/?s={search_term_string}"},"query-input":"required name=search_term_string"}],"inLanguage":"de"}]}},"_links":{"self":[{"href":"https:\/\/swoer.com\/de\/wp-json\/wp\/v2\/product\/1712"}],"collection":[{"href":"https:\/\/swoer.com\/de\/wp-json\/wp\/v2\/product"}],"about":[{"href":"https:\/\/swoer.com\/de\/wp-json\/wp\/v2\/types\/product"}],"replies":[{"embeddable":true,"href":"https:\/\/swoer.com\/de\/wp-json\/wp\/v2\/comments?post=1712"}],"wp:featuredmedia":[{"embeddable":true,"href":"https:\/\/swoer.com\/de\/wp-json\/wp\/v2\/media\/1713"}],"wp:attachment":[{"href":"https:\/\/swoer.com\/de\/wp-json\/wp\/v2\/media?parent=1712"}],"wp:term":[{"taxonomy":"product_cat","embeddable":true,"href":"https:\/\/swoer.com\/de\/wp-json\/wp\/v2\/product_cat?post=1712"},{"taxonomy":"product_tag","embeddable":true,"href":"https:\/\/swoer.com\/de\/wp-json\/wp\/v2\/product_tag?post=1712"}],"curies":[{"name":"wp","href":"https:\/\/api.w.org\/{rel}","templated":true}]}}