{"id":1664,"date":"2024-03-28T00:26:35","date_gmt":"2024-03-28T00:26:35","guid":{"rendered":"https:\/\/lightgrey-porpoise-816575.hostingersite.com\/?post_type=product&#038;p=1664"},"modified":"2024-08-01T10:13:43","modified_gmt":"2024-08-01T02:13:43","slug":"metal-part-vibratory-bowl-feeder","status":"publish","type":"product","link":"https:\/\/swoer.com\/de\/manufacturer\/metal-part-vibratory-bowl-feeder\/","title":{"rendered":"Zweispuriger Vibrations-Sch\u00fcsself\u00f6rderer f\u00fcr Metallteile"},"content":{"rendered":"<p>Ein Vibrations-Sch\u00fcsself\u00f6rderer f\u00fcr Metallteile ist ein pr\u00e4zisionsgefertigtes Ger\u00e4t, das in der industriellen Automatisierung zum Sortieren, Ausrichten und Zuf\u00fchren von Metallkomponenten verwendet wird. Er nutzt Vibrationen, um die Teile in einer runden Sch\u00fcssel zu bewegen und auszurichten, und erm\u00f6glicht so einen reibungslosen und effizienten Zuf\u00fchrprozess f\u00fcr Montage- oder Fertigungslinien. Diese F\u00f6rderer sind auf hohe Zuverl\u00e4ssigkeit, Genauigkeit und Anpassungsf\u00e4higkeit ausgelegt und daher unverzichtbare Ger\u00e4te in verschiedenen Fertigungsindustrien wie der Automobil-, Elektronik- und Maschinenbauproduktion.<\/p>\n<h2>Hauptmerkmale:<\/h2>\n<ul>\n<li>Zwei Raupen f\u00fcr h\u00f6here Kapazit\u00e4t und Umschlaggeschwindigkeit<\/li>\n<li>Reibungsloser Betrieb zur Vermeidung von Teilesch\u00e4den<\/li>\n<li>Robuste Konstruktion f\u00fcr lang anhaltende Leistung<\/li>\n<li>Einstellbare Vorschubgeschwindigkeit zur Erf\u00fcllung spezifischer Produktionsanforderungen<\/li>\n<li>Leicht zu pflegen und zu reinigen<\/li>\n<\/ul>\n<h2>Spezifikationen des Vibrations-Sch\u00fcsself\u00f6rderers von Matal Part:<\/h2>\n<table width=\"684\">\n<tbody>\n<tr>\n<td width=\"183\">Produktname<\/td>\n<td width=\"501\">Vibrations-Sch\u00fcsself\u00f6rderer f\u00fcr Metallteile<\/td>\n<\/tr>\n<tr>\n<td>Material<\/td>\n<td>\u00a0SUS201\/304<\/td>\n<\/tr>\n<tr>\n<td>Materialspezialit\u00e4t<\/td>\n<td>Kaltbehandlungsschmiedelegierung, Hohe Festigkeit, Hohe H\u00e4rte<\/td>\n<\/tr>\n<tr>\n<td>Stromspannung<\/td>\n<td>220 V<\/td>\n<\/tr>\n<tr>\n<td>Leistung<\/td>\n<td>65 W \/ 150 W \/ 180 W \/ 220 W \/ 350 W<\/td>\n<\/tr>\n<tr>\n<td>Authentifizierung<\/td>\n<td>CE, ROHS, ISO9001<\/td>\n<\/tr>\n<tr>\n<td>Garantie<\/td>\n<td>1 Jahr Garantie<\/td>\n<\/tr>\n<tr>\n<td>Mindestbestellmenge<\/td>\n<td>1 Satz<\/td>\n<\/tr>\n<tr>\n<td>Vorlaufzeit<\/td>\n<td>10-14 Tage<\/td>\n<\/tr>\n<tr>\n<td>Zahlungsfrist<\/td>\n<td>T\/T 40% Anzahlung und Restbetrag vor dem Versand<\/td>\n<\/tr>\n<tr>\n<td>Original des Ortes<\/td>\n<td>China<\/td>\n<\/tr>\n<\/tbody>\n<\/table>\n<h3>Metalldetails:<\/h3>\n\t<div class=\"img has-hover x md-x lg-x y md-y lg-y\" id=\"image_1948623132\">\n\t\t\t\t\t\t\t\t<div class=\"img-inner dark\" >\n\t\t\t<img loading=\"lazy\" decoding=\"async\" width=\"727\" height=\"500\" src=\"https:\/\/swoer.com\/wp-content\/uploads\/2024\/03\/Metal-Detail.webp\" class=\"attachment-original size-original\" alt=\"Metalldetail\" srcset=\"https:\/\/swoer.com\/wp-content\/uploads\/2024\/03\/Metal-Detail.webp 727w, https:\/\/swoer.com\/wp-content\/uploads\/2024\/03\/Metal-Detail-300x206.webp 300w, https:\/\/swoer.com\/wp-content\/uploads\/2024\/03\/Metal-Detail-600x413.webp 600w\" sizes=\"(max-width: 727px) 100vw, 727px\" \/>\t\t\t\t\t\t\n\t\t\t\t\t<\/div>\n\t\t\t\t\t\t\t\t\n<style>\n#image_1948623132 {\n  width: 55%;\n}\n<\/style>\n\t<\/div>\n\t\n\t<div id=\"gap-1994453448\" class=\"gap-element clearfix\" style=\"display:block; height:auto;\">\n\t\t\n<style>\n#gap-1994453448 {\n  padding-top: 30px;\n}\n<\/style>\n\t<\/div>\n\t\n<h3>Suchen Sie nach einer zuverl\u00e4ssigen L\u00f6sung f\u00fcr die Zuf\u00fchrung von Metallteilen in Ihre Produktionslinie?<\/h3>\n<p>Die Antwort ist der Vibrations-Sch\u00fcsself\u00f6rderer mit zwei Spuren von SWOER. Unser F\u00f6rderer ist auf Pr\u00e4zision und Geschwindigkeit ausgelegt und kann problemlos eine breite Palette von Metallkomponenten verarbeiten.<\/p>\n<h3>Ben\u00f6tigen Sie eine individuelle L\u00f6sung?<\/h3>\n<p>Unser Expertenteam kann einen Feeder entwerfen, der auf Ihre spezifischen Anforderungen zugeschnitten ist. Teilen Sie uns Ihre Teiledetails, die gew\u00fcnschte Geschwindigkeit und die gew\u00fcnschten Ausrichtungspr\u00e4ferenzen mit und wir erstellen Ihnen ein ma\u00dfgeschneidertes Angebot.<\/p>\n<p>Geben Sie sich nicht mit weniger zufrieden. Erleben Sie die Effizienz und Zuverl\u00e4ssigkeit des Vibrationsf\u00f6rderers mit zwei Spuren von SWOER. Kontaktieren Sie uns noch heute, um Ihr Projekt zu besprechen!<\/p>\n\t<div id=\"gap-1366104666\" class=\"gap-element clearfix\" style=\"display:block; height:auto;\">\n\t\t\n<style>\n#gap-1366104666 {\n  padding-top: 30px;\n}\n<\/style>\n\t<\/div>\n\t\n<h2 style=\"text-align: center;\">Angebot anfordern<\/h2>\n\n<div class=\"wpcf7 no-js\" id=\"wpcf7-f288-o1\" lang=\"en-US\" dir=\"ltr\">\n<div class=\"screen-reader-response\"><p role=\"status\" aria-live=\"polite\" aria-atomic=\"true\"><\/p> <ul><\/ul><\/div>\n<form action=\"\/de\/wp-json\/wp\/v2\/product\/1664#wpcf7-f288-o1\" method=\"post\" class=\"wpcf7-form init\" aria-label=\"Kontakt Formular\" novalidate=\"novalidate\" data-status=\"init\" data-trp-original-action=\"\/de\/wp-json\/wp\/v2\/product\/1664#wpcf7-f288-o1\">\n<div style=\"display: none;\">\n<input type=\"hidden\" name=\"_wpcf7\" value=\"288\" \/>\n<input type=\"hidden\" name=\"_wpcf7_version\" value=\"5.9.2\" \/>\n<input type=\"hidden\" name=\"_wpcf7_locale\" value=\"en_US\" \/>\n<input type=\"hidden\" name=\"_wpcf7_unit_tag\" value=\"wpcf7-f288-o1\" \/>\n<input type=\"hidden\" name=\"_wpcf7_container_post\" value=\"0\" \/>\n<input type=\"hidden\" name=\"_wpcf7_posted_data_hash\" value=\"\" \/>\n<\/div>\n<p><label> Ihr Name<br \/>\n<span class=\"wpcf7-form-control-wrap\" data-name=\"your-name\"><input size=\"40\" class=\"wpcf7-form-control wpcf7-text wpcf7-validates-as-required\" autocomplete=\"name\" aria-required=\"true\" aria-invalid=\"false\" value=\"\" type=\"text\" name=\"your-name\" \/><\/span> <\/label>\n<\/p>\n<p><label> Deine E-Mail<br \/>\n<span class=\"wpcf7-form-control-wrap\" data-name=\"your-email\"><input size=\"40\" class=\"wpcf7-form-control wpcf7-email wpcf7-validates-as-required wpcf7-text wpcf7-validates-as-email\" autocomplete=\"email\" aria-required=\"true\" aria-invalid=\"false\" value=\"\" type=\"email\" name=\"your-email\" \/><\/span> <\/label>\n<\/p>\n<p><label> Ihre Nachricht (optional)<br \/>\n<span class=\"wpcf7-form-control-wrap\" data-name=\"your-message\"><textarea cols=\"40\" rows=\"10\" class=\"wpcf7-form-control wpcf7-textarea\" aria-invalid=\"false\" name=\"your-message\"><\/textarea><\/span> <\/label>\n<\/p>\n<div style=\"margin-bottom:10px;\">\n\t<p><span class=\"wpcf7-form-control-wrap kc_captcha cf7ic-toggle\" data-name=\"kc_captcha\"><span class=\"wpcf7-form-control wpcf7-radio\"><span class=\"captcha-image\" style=\"display: none;\"><span class=\"cf7ic_instructions\">Bitte beweisen Sie, dass Sie ein Mensch sind, indem Sie das<span> house<\/span>.<\/span><label><input aria-label=\"1\" type=\"radio\" name=\"kc_captcha\" value=\"kc_human\" \/><svg aria-hidden=\"true\" role=\"img\" xmlns=\"http:\/\/www.w3.org\/2000\/svg\" viewbox=\"0 0 576 512\"><path fill=\"currentColor\" d=\"M488 313v143c0 13-11 24-24 24H348c-7 0-12-5-12-12V356c0-7-5-12-12-12h-72c-7 0-12 5-12 12v112c0 7-5 12-12 12H112c-13 0-24-11-24-24V313c0-4 2-7 4-10l188-154c5-4 11-4 16 0l188 154c2 3 4 6 4 10zm84-61l-84-69V44c0-6-5-12-12-12h-56c-7 0-12 6-12 12v73l-89-74a48 48 0 00-61 0L4 252c-5 4-5 12-1 17l25 31c5 5 12 5 17 1l235-193c5-4 11-4 16 0l235 193c5 5 13 4 17-1l25-31c4-6 4-13-1-17z\"\/><\/svg><\/label><label><input aria-label=\"2\" type=\"radio\" name=\"kc_captcha\" value=\"bot\" \/><svg aria-hidden=\"true\" role=\"img\" xmlns=\"http:\/\/www.w3.org\/2000\/svg\" viewbox=\"0 0 512 512\"><path fill=\"currentColor\" d=\"M500 168h-55l-8-21a127 127 0 00-120-83H195a127 127 0 00-120 83l-8 21H12c-8 0-14 8-11 16l8 24a12 12 0 0011 8h29a64 64 0 00-33 56v48c0 16 6 31 16 42v62c0 13 11 24 24 24h48c13 0 24-11 24-24v-40h256v40c0 13 11 24 24 24h48c13 0 24-11 24-24v-62c10-11 16-26 16-42v-48c0-24-13-45-33-56h29a12 12 0 0011-8l8-24c3-8-3-16-11-16zm-365 2c9-25 33-42 60-42h122c27 0 51 17 60 42l15 38H120l15-38zM88 328a32 32 0 010-64c18 0 48 30 48 48s-30 16-48 16zm336 0c-18 0-48 2-48-16s30-48 48-48 32 14 32 32-14 32-32 32z\"\/><\/svg><\/label><label><input aria-label=\"3\" type=\"radio\" name=\"kc_captcha\" value=\"bot\" \/><svg aria-hidden=\"true\" role=\"img\" xmlns=\"http:\/\/www.w3.org\/2000\/svg\" viewbox=\"0 0 512 512\"><path fill=\"currentColor\" d=\"M512 176a176 176 0 01-209 173l-24 27a24 24 0 01-18 8h-37v40c0 13-11 24-24 24h-40v40c0 13-11 24-24 24H24c-13 0-24-11-24-24v-78c0-6 3-13 7-17l162-162a176 176 0 11343-55zm-176-48a48 48 0 1096 0 48 48 0 00-96 0z\"\/><\/svg><\/label>\r\n    <\/span>\r\n    <span style=\"display:none\">\r\n        <input type=\"text\" name=\"kc_honeypot\">\r\n    <\/span><\/span><\/span>\n\t<\/p>\n<\/div>\n<p><input class=\"wpcf7-form-control wpcf7-submit has-spinner\" type=\"submit\" value=\"Einreichen\" \/>\n<\/p><div class=\"wpcf7-response-output\" aria-hidden=\"true\"><\/div>\n<input type=\"hidden\" name=\"trp-form-language\" value=\"de\"\/><\/form>\n<\/div>","protected":false},"excerpt":{"rendered":"<p>Transportieren Sie Metallteile effizient mit unserem Vibrations-Sch\u00fcsself\u00f6rderer mit zwei Spuren.<\/p>\n<p>-MOQ:1 St\u00fcck<\/p>\n<p>-OEM\/ODM-Service angeboten<\/p>\n<p>-Anpassung akzeptieren<\/p>\n<p>Wenn Sie Preise f\u00fcr Vibrationsf\u00f6rderer erfahren m\u00f6chten, nehmen Sie bitte Kontakt mit uns auf.<\/p>","protected":false},"featured_media":1665,"comment_status":"open","ping_status":"closed","template":"","meta":[],"product_cat":[37],"product_tag":[],"yoast_head":"<!-- This site is optimized with the Yoast SEO plugin v22.2 - https:\/\/yoast.com\/wordpress\/plugins\/seo\/ -->\n<title>Two Tracks Vibratory Bowl Feeder for Metal Part - SWOER<\/title>\n<meta name=\"description\" content=\"Optimize metal part feeding with our Two Tracks Vibratory Bowl Feeder. Increase production efficiency and reduce labor costs. Custom solutions are available.\" \/>\n<meta name=\"robots\" content=\"index, follow, max-snippet:-1, max-image-preview:large, max-video-preview:-1\" \/>\n<link rel=\"canonical\" href=\"https:\/\/swoer.com\/de\/manufacturer\/metal-part-vibratory-bowl-feeder\/\" \/>\n<meta property=\"og:locale\" content=\"de_DE\" \/>\n<meta property=\"og:type\" content=\"article\" \/>\n<meta property=\"og:title\" content=\"Two Tracks Vibratory Bowl Feeder for Metal Part - SWOER\" \/>\n<meta property=\"og:description\" content=\"Optimize metal part feeding with our Two Tracks Vibratory Bowl Feeder. Increase production efficiency and reduce labor costs. Custom solutions are available.\" \/>\n<meta property=\"og:url\" content=\"https:\/\/swoer.com\/de\/manufacturer\/metal-part-vibratory-bowl-feeder\/\" \/>\n<meta property=\"og:site_name\" content=\"SWOER\" \/>\n<meta property=\"article:modified_time\" content=\"2024-08-01T02:13:43+00:00\" \/>\n<meta property=\"og:image\" content=\"https:\/\/swoer.com\/wp-content\/uploads\/2024\/03\/Metal-vibratory-bowl-feeder-3D-model.webp\" \/>\n\t<meta property=\"og:image:width\" content=\"1000\" \/>\n\t<meta property=\"og:image:height\" content=\"1000\" \/>\n\t<meta property=\"og:image:type\" content=\"image\/webp\" \/>\n<meta name=\"twitter:card\" content=\"summary_large_image\" \/>\n<meta name=\"twitter:label1\" content=\"Gesch\u00e4tzte Lesezeit\" \/>\n\t<meta name=\"twitter:data1\" content=\"2\u00a0Minuten\" \/>\n<script type=\"application\/ld+json\" class=\"yoast-schema-graph\">{\"@context\":\"https:\/\/schema.org\",\"@graph\":[{\"@type\":\"WebPage\",\"@id\":\"https:\/\/swoer.com\/manufacturer\/metal-part-vibratory-bowl-feeder\/\",\"url\":\"https:\/\/swoer.com\/manufacturer\/metal-part-vibratory-bowl-feeder\/\",\"name\":\"Two Tracks Vibratory Bowl Feeder for Metal Part - SWOER\",\"isPartOf\":{\"@id\":\"https:\/\/swoer.com\/#website\"},\"primaryImageOfPage\":{\"@id\":\"https:\/\/swoer.com\/manufacturer\/metal-part-vibratory-bowl-feeder\/#primaryimage\"},\"image\":{\"@id\":\"https:\/\/swoer.com\/manufacturer\/metal-part-vibratory-bowl-feeder\/#primaryimage\"},\"thumbnailUrl\":\"https:\/\/swoer.com\/wp-content\/uploads\/2024\/03\/Metal-vibratory-bowl-feeder-3D-model.webp\",\"datePublished\":\"2024-03-28T00:26:35+00:00\",\"dateModified\":\"2024-08-01T02:13:43+00:00\",\"description\":\"Optimize metal part feeding with our Two Tracks Vibratory Bowl Feeder. Increase production efficiency and reduce labor costs. Custom solutions are available.\",\"breadcrumb\":{\"@id\":\"https:\/\/swoer.com\/manufacturer\/metal-part-vibratory-bowl-feeder\/#breadcrumb\"},\"inLanguage\":\"de\",\"potentialAction\":[{\"@type\":\"ReadAction\",\"target\":[\"https:\/\/swoer.com\/manufacturer\/metal-part-vibratory-bowl-feeder\/\"]}]},{\"@type\":\"ImageObject\",\"inLanguage\":\"de\",\"@id\":\"https:\/\/swoer.com\/manufacturer\/metal-part-vibratory-bowl-feeder\/#primaryimage\",\"url\":\"https:\/\/swoer.com\/wp-content\/uploads\/2024\/03\/Metal-vibratory-bowl-feeder-3D-model.webp\",\"contentUrl\":\"https:\/\/swoer.com\/wp-content\/uploads\/2024\/03\/Metal-vibratory-bowl-feeder-3D-model.webp\",\"width\":1000,\"height\":1000,\"caption\":\"Metal vibratory bowl feeder 3D model\"},{\"@type\":\"BreadcrumbList\",\"@id\":\"https:\/\/swoer.com\/manufacturer\/metal-part-vibratory-bowl-feeder\/#breadcrumb\",\"itemListElement\":[{\"@type\":\"ListItem\",\"position\":1,\"name\":\"Home\",\"item\":\"https:\/\/swoer.com\/\"},{\"@type\":\"ListItem\",\"position\":2,\"name\":\"Shop\",\"item\":\"https:\/\/swoer.com\/shop\/\"},{\"@type\":\"ListItem\",\"position\":3,\"name\":\"Two Tracks Vibratory Bowl Feeder for Metal Part\"}]},{\"@type\":\"WebSite\",\"@id\":\"https:\/\/swoer.com\/#website\",\"url\":\"https:\/\/swoer.com\/\",\"name\":\"SWOER\",\"description\":\"Swoer is the top 3 vibratory bowl feeder manufacturer in China\",\"potentialAction\":[{\"@type\":\"SearchAction\",\"target\":{\"@type\":\"EntryPoint\",\"urlTemplate\":\"https:\/\/swoer.com\/?s={search_term_string}\"},\"query-input\":\"required name=search_term_string\"}],\"inLanguage\":\"de\"}]}<\/script>\n<!-- \/ Yoast SEO plugin. -->","yoast_head_json":{"title":"Two Tracks Vibratory Bowl Feeder for Metal Part - SWOER","description":"Optimize metal part feeding with our Two Tracks Vibratory Bowl Feeder. Increase production efficiency and reduce labor costs. Custom solutions are available.","robots":{"index":"index","follow":"follow","max-snippet":"max-snippet:-1","max-image-preview":"max-image-preview:large","max-video-preview":"max-video-preview:-1"},"canonical":"https:\/\/swoer.com\/de\/manufacturer\/metal-part-vibratory-bowl-feeder\/","og_locale":"de_DE","og_type":"article","og_title":"Two Tracks Vibratory Bowl Feeder for Metal Part - SWOER","og_description":"Optimize metal part feeding with our Two Tracks Vibratory Bowl Feeder. Increase production efficiency and reduce labor costs. Custom solutions are available.","og_url":"https:\/\/swoer.com\/de\/manufacturer\/metal-part-vibratory-bowl-feeder\/","og_site_name":"SWOER","article_modified_time":"2024-08-01T02:13:43+00:00","og_image":[{"width":1000,"height":1000,"url":"https:\/\/swoer.com\/wp-content\/uploads\/2024\/03\/Metal-vibratory-bowl-feeder-3D-model.webp","type":"image\/webp"}],"twitter_card":"summary_large_image","twitter_misc":{"Gesch\u00e4tzte Lesezeit":"2\u00a0Minuten"},"schema":{"@context":"https:\/\/schema.org","@graph":[{"@type":"WebPage","@id":"https:\/\/swoer.com\/manufacturer\/metal-part-vibratory-bowl-feeder\/","url":"https:\/\/swoer.com\/manufacturer\/metal-part-vibratory-bowl-feeder\/","name":"Two Tracks Vibratory Bowl Feeder for Metal Part - SWOER","isPartOf":{"@id":"https:\/\/swoer.com\/#website"},"primaryImageOfPage":{"@id":"https:\/\/swoer.com\/manufacturer\/metal-part-vibratory-bowl-feeder\/#primaryimage"},"image":{"@id":"https:\/\/swoer.com\/manufacturer\/metal-part-vibratory-bowl-feeder\/#primaryimage"},"thumbnailUrl":"https:\/\/swoer.com\/wp-content\/uploads\/2024\/03\/Metal-vibratory-bowl-feeder-3D-model.webp","datePublished":"2024-03-28T00:26:35+00:00","dateModified":"2024-08-01T02:13:43+00:00","description":"Optimize metal part feeding with our Two Tracks Vibratory Bowl Feeder. Increase production efficiency and reduce labor costs. Custom solutions are available.","breadcrumb":{"@id":"https:\/\/swoer.com\/manufacturer\/metal-part-vibratory-bowl-feeder\/#breadcrumb"},"inLanguage":"de","potentialAction":[{"@type":"ReadAction","target":["https:\/\/swoer.com\/manufacturer\/metal-part-vibratory-bowl-feeder\/"]}]},{"@type":"ImageObject","inLanguage":"de","@id":"https:\/\/swoer.com\/manufacturer\/metal-part-vibratory-bowl-feeder\/#primaryimage","url":"https:\/\/swoer.com\/wp-content\/uploads\/2024\/03\/Metal-vibratory-bowl-feeder-3D-model.webp","contentUrl":"https:\/\/swoer.com\/wp-content\/uploads\/2024\/03\/Metal-vibratory-bowl-feeder-3D-model.webp","width":1000,"height":1000,"caption":"Metal vibratory bowl feeder 3D model"},{"@type":"BreadcrumbList","@id":"https:\/\/swoer.com\/manufacturer\/metal-part-vibratory-bowl-feeder\/#breadcrumb","itemListElement":[{"@type":"ListItem","position":1,"name":"Home","item":"https:\/\/swoer.com\/"},{"@type":"ListItem","position":2,"name":"Shop","item":"https:\/\/swoer.com\/shop\/"},{"@type":"ListItem","position":3,"name":"Two Tracks Vibratory Bowl Feeder for Metal Part"}]},{"@type":"WebSite","@id":"https:\/\/swoer.com\/#website","url":"https:\/\/swoer.com\/","name":"SWOER","description":"Swoer is the top 3 vibratory bowl feeder manufacturer in China","potentialAction":[{"@type":"SearchAction","target":{"@type":"EntryPoint","urlTemplate":"https:\/\/swoer.com\/?s={search_term_string}"},"query-input":"required name=search_term_string"}],"inLanguage":"de"}]}},"_links":{"self":[{"href":"https:\/\/swoer.com\/de\/wp-json\/wp\/v2\/product\/1664"}],"collection":[{"href":"https:\/\/swoer.com\/de\/wp-json\/wp\/v2\/product"}],"about":[{"href":"https:\/\/swoer.com\/de\/wp-json\/wp\/v2\/types\/product"}],"replies":[{"embeddable":true,"href":"https:\/\/swoer.com\/de\/wp-json\/wp\/v2\/comments?post=1664"}],"wp:featuredmedia":[{"embeddable":true,"href":"https:\/\/swoer.com\/de\/wp-json\/wp\/v2\/media\/1665"}],"wp:attachment":[{"href":"https:\/\/swoer.com\/de\/wp-json\/wp\/v2\/media?parent=1664"}],"wp:term":[{"taxonomy":"product_cat","embeddable":true,"href":"https:\/\/swoer.com\/de\/wp-json\/wp\/v2\/product_cat?post=1664"},{"taxonomy":"product_tag","embeddable":true,"href":"https:\/\/swoer.com\/de\/wp-json\/wp\/v2\/product_tag?post=1664"}],"curies":[{"name":"wp","href":"https:\/\/api.w.org\/{rel}","templated":true}]}}