{"id":1823,"date":"2024-04-02T07:05:58","date_gmt":"2024-04-02T07:05:58","guid":{"rendered":"https:\/\/lightgrey-porpoise-816575.hostingersite.com\/?page_id=1823"},"modified":"2024-12-02T17:21:30","modified_gmt":"2024-12-02T09:21:30","slug":"automatic-rivet-machine","status":"publish","type":"page","link":"https:\/\/swoer.com\/de\/automatic-rivet-machine\/","title":{"rendered":"Automatische Schraubenzuf\u00fchrmaschine"},"content":{"rendered":"<section class=\"section\" id=\"section_535552315\">\n\t\t<div class=\"bg section-bg fill bg-fill  bg-loaded\" >\n\n\t\t\t\n\t\t\t\n\t\t\t\n\t<div class=\"is-border\"\n\t\tstyle=\"border-color:rgb(235, 235, 235);border-width:1px 0px 0px 0px;\">\n\t<\/div>\n\n\t\t<\/div>\n\n\t\t\n\n\t\t<div class=\"section-content relative\">\n\t\t\t\n<div class=\"row row-large align-middle align-center\"  id=\"row-2066768324\">\n\n\t<div id=\"col-419421198\" class=\"col medium-6 small-12 large-6\"  >\n\t\t\t\t<div class=\"col-inner text-center\"  >\n\t\t\t\n\t\t\t\n<h2><strong><b>Hersteller von automatischen Schneckenf\u00f6rderern<\/b><\/strong><\/h2>\n<p style=\"text-align: left;\">SWOER ist seit \u00fcber einem Jahrzehnt auf die Niet- und Befestigungsindustrie spezialisiert und ein vertrauensw\u00fcrdiger Name f\u00fcr automatisierte Befestigungsl\u00f6sungen.<\/p>\n<p style=\"text-align: left;\">Die automatischen Schraubenzuf\u00fchrungen von SWOER, entwickelt von CN SWOER CO., LTD, revolutionieren den Nietprozess durch die automatische Handhabung von Nieten. Durch den Einsatz dieser Technologie k\u00f6nnen Sie die Arbeitskosten Ihres Unternehmens um mehr als 301 TP3T senken.<\/p>\n<p style=\"text-align: left;\">Die SWOER-Maschine unterscheidet sich von herk\u00f6mmlichen automatischen Nietpistolen und bietet eine vollautomatische L\u00f6sung. Die Zeiten des manuellen Ladens von Nieten oder der Kontrolle der D\u00fcsenposition sind vorbei; unsere Maschine \u00fcbernimmt das alles. Mithilfe von Druckluft transportiert sie Nieten m\u00fchelos durch eine Rohrleitung zur D\u00fcse. Mit der automatischen Nietmaschine von SWOER geh\u00f6rt das manuelle Ziehen von Nieten der Vergangenheit an und l\u00e4utet eine neue \u00c4ra der Automatisierung in der Befestigungsindustrie ein.<\/p>\n\t\t<\/div>\n\t\t\t\t\t<\/div>\n\n\t\n\n\t<div id=\"col-1614945574\" class=\"col medium-6 small-12 large-6\"  >\n\t\t\t\t<div class=\"col-inner box-shadow-2 box-shadow-5-hover\" style=\"background-color:rgb(255, 255, 255);\" >\n\t\t\t\n\t\t\t\n\t<div class=\"img has-hover x md-x lg-x y md-y lg-y\" id=\"image_1669537077\">\n\t\t\t\t\t\t\t\t<div class=\"img-inner image-cover dark\" style=\"padding-top:75%;\">\n\t\t\t<img loading=\"lazy\" decoding=\"async\" width=\"554\" height=\"412\" src=\"https:\/\/swoer.com\/wp-content\/uploads\/2024\/04\/automatic-rivet-guns.webp\" class=\"attachment-original size-original\" alt=\"automatische Nietpistolen\" srcset=\"https:\/\/swoer.com\/wp-content\/uploads\/2024\/04\/automatic-rivet-guns.webp 554w, https:\/\/swoer.com\/wp-content\/uploads\/2024\/04\/automatic-rivet-guns-300x223.webp 300w\" sizes=\"(max-width: 554px) 100vw, 554px\" \/>\t\t\t\t\t\t\n\t\t\t\t\t<\/div>\n\t\t\t\t\t\t\t\t\n<style>\n#image_1669537077 {\n  width: 100%;\n}\n<\/style>\n\t<\/div>\n\t\n<a href=\"https:\/\/swoer.com\/de\/contact\/\" target=\"_self\" class=\"button primary\"  style=\"border-radius:99px;\">\n    <span>Kontaktiere uns<\/span>\n  <\/a>\n\n\t\t<\/div>\n\t\t\t\t\n<style>\n#col-1614945574 > .col-inner {\n  padding: 15px 15px 15px 15px;\n}\n<\/style>\n\t<\/div>\n\n\t\n<\/div>\n\t\t<\/div>\n\n\t\t\n<style>\n#section_535552315 {\n  padding-top: 59px;\n  padding-bottom: 59px;\n  min-height: 300px;\n  background-color: rgb(228, 228, 228);\n}\n#section_535552315 .ux-shape-divider--top svg {\n  height: 150px;\n  --divider-top-width: 100%;\n}\n#section_535552315 .ux-shape-divider--bottom svg {\n  height: 150px;\n  --divider-width: 100%;\n}\n<\/style>\n\t<\/section>\n\t\n\t<section class=\"section\" id=\"section_1815786876\">\n\t\t<div class=\"bg section-bg fill bg-fill  bg-loaded\" >\n\n\t\t\t\n\t\t\t\n\t\t\t\n\n\t\t<\/div>\n\n\t\t\n\n\t\t<div class=\"section-content relative\">\n\t\t\t\n<h2 style=\"text-align: center;\"><strong><b>Automatische Schraubenzuf\u00fchrmaschine <\/b><\/strong><strong><b>P<\/b><\/strong><strong><b>Produkt <\/b><\/strong><strong><b>C<\/b><\/strong><strong><b>Zusammensetzung<\/b><\/strong><\/h2>\n<p style=\"text-align: center;\">Die automatische Schraubenzuf\u00fchrungsmaschine von SWOER besteht aus einer Tr\u00e4germaschine und einer Nietmaschinenpistolenbaugruppe.<\/p>\n<div class=\"row\"  id=\"row-1105076037\">\n\n\t<div id=\"col-1994624956\" class=\"col medium-6 small-12 large-6\"  >\n\t\t\t\t<div class=\"col-inner\"  >\n\t\t\t\n\t\t\t\n\t<div class=\"img has-hover x md-x lg-x y md-y lg-y\" id=\"image_261458870\">\n\t\t\t\t\t\t\t\t<div class=\"img-inner dark\" >\n\t\t\t<img loading=\"lazy\" decoding=\"async\" width=\"554\" height=\"275\" src=\"https:\/\/swoer.com\/wp-content\/uploads\/2024\/04\/automatic-rivet-machine.webp\" class=\"attachment-original size-original\" alt=\"automatische Nietmaschine\" srcset=\"https:\/\/swoer.com\/wp-content\/uploads\/2024\/04\/automatic-rivet-machine.webp 554w, https:\/\/swoer.com\/wp-content\/uploads\/2024\/04\/automatic-rivet-machine-300x149.webp 300w\" sizes=\"(max-width: 554px) 100vw, 554px\" \/>\t\t\t\t\t\t\n\t\t\t\t\t<\/div>\n\t\t\t\t\t\t\t\t\n<style>\n#image_261458870 {\n  width: 98%;\n}\n<\/style>\n\t<\/div>\n\t\n<p><strong>Der Hostcomputer umfasst das Maschinenbewegungssystem, das Maschinensteuerungssystem und das Erkennungssystem.<\/strong><\/p>\n<p>Die Funktion des Maschinenbewegungssystems besteht darin, die Nieten von einer ungeordneten Anordnung in eine nacheinander sortierte Anordnung zu bringen und die Nieten einzeln in eine bestimmte Richtung an die Nietenpistolend\u00fcse zu bef\u00f6rdern. Das Maschinensteuerungssystem steuert die eingestellten Aktionen jeder einzelnen Maschinenkomponente. Das Erkennungssystem erkennt, ob die Maschine entsprechend dem eingestellten Programm stabil l\u00e4uft.<\/p>\n\t\t<\/div>\n\t\t\t\t\t<\/div>\n\n\t\n\n\t<div id=\"col-1263121826\" class=\"col medium-6 small-12 large-6\"  >\n\t\t\t\t<div class=\"col-inner\"  >\n\t\t\t\n\t\t\t\n\t<div class=\"img has-hover x md-x lg-x y md-y lg-y\" id=\"image_532741716\">\n\t\t\t\t\t\t\t\t<div class=\"img-inner dark\" >\n\t\t\t<img loading=\"lazy\" decoding=\"async\" width=\"554\" height=\"275\" src=\"https:\/\/swoer.com\/wp-content\/uploads\/2024\/04\/Automatic-nail-pulling-machine-factory-line.webp\" class=\"attachment-original size-original\" alt=\"Fabriklinie f\u00fcr automatische Nagelziehmaschinen\" srcset=\"https:\/\/swoer.com\/wp-content\/uploads\/2024\/04\/Automatic-nail-pulling-machine-factory-line.webp 554w, https:\/\/swoer.com\/wp-content\/uploads\/2024\/04\/Automatic-nail-pulling-machine-factory-line-300x149.webp 300w\" sizes=\"(max-width: 554px) 100vw, 554px\" \/>\t\t\t\t\t\t\n\t\t\t\t\t<\/div>\n\t\t\t\t\t\t\t\t\n<style>\n#image_532741716 {\n  width: 100%;\n}\n<\/style>\n\t<\/div>\n\t\n<p><strong>Die Nietpistolenbaugruppe besteht aus einer Nietpistole, einem Nietenaufnahmemechanismus und einem Signalerfassungs- und -ausgabemechanismus.<\/strong><\/p>\n<p>Die Nietpistole ist entscheidend f\u00fcr das Nieten, egal ob manuell oder automatisiert. Gesteuert durch den Hostcomputer l\u00e4dt der Nietenaufnahmemechanismus Nieten aus der Rohrleitung in die Nietend\u00fcse, eine Kerntechnologie der automatischen Nietmaschine. Dar\u00fcber hinaus startet der Signalerfassungs- und -ausgabemechanismus den Maschinenbetrieb, indem er Signale erfasst und ausgibt.<\/p>\n\t\t<\/div>\n\t\t\t\t\t<\/div>\n\n\t\n<\/div>\n\t\t<\/div>\n\n\t\t\n<style>\n#section_1815786876 {\n  padding-top: 30px;\n  padding-bottom: 30px;\n}\n#section_1815786876 .ux-shape-divider--top svg {\n  height: 150px;\n  --divider-top-width: 100%;\n}\n#section_1815786876 .ux-shape-divider--bottom svg {\n  height: 150px;\n  --divider-width: 100%;\n}\n<\/style>\n\t<\/section>\n\t\n\t<section class=\"section\" id=\"section_575693509\">\n\t\t<div class=\"bg section-bg fill bg-fill  bg-loaded\" >\n\n\t\t\t\n\t\t\t\n\t\t\t\n\n\t\t<\/div>\n\n\t\t\n\n\t\t<div class=\"section-content relative\">\n\t\t\t\n<h2 style=\"text-align: center;\"><strong><b>Auto <\/b><\/strong><strong><b>Nieten <\/b><\/strong><strong><b>M<\/b><\/strong><strong><b>Maschine<\/b><\/strong><strong><b>\u00a0S<\/b><\/strong><strong><b>Spezifikationen<\/b><\/strong><\/h2>\n<table>\n<tbody>\n<tr>\n<td width=\"85\">Spezifikation<\/td>\n<td width=\"89\">Abmessungen<\/p>\n<p>(mm)<\/td>\n<td width=\"67\">Stromspannung<\/td>\n<td width=\"62\">Arbeitsluftdruck<\/td>\n<td width=\"54\">Gewicht<\/td>\n<td width=\"77\">Nagelzufuhrgeschwindigkeit (K\u00f6rner\/min)<\/td>\n<td width=\"85\">Maximale Nagelspezifikation<\/td>\n<td width=\"45\">Ger\u00e4usch (dB)<\/td>\n<\/tr>\n<tr>\n<td width=\"85\">SW-MDJ-240<\/td>\n<td width=\"89\">440*350*420<\/td>\n<td width=\"67\">220<\/td>\n<td width=\"62\">3.2<\/td>\n<td width=\"54\">40<\/td>\n<td width=\"77\">40-60<\/td>\n<td width=\"85\">3,4 \u2264 d &lt; 3<\/td>\n<td width=\"45\">40<\/td>\n<\/tr>\n<tr>\n<td width=\"85\">SW-MDJ-300<\/td>\n<td width=\"89\">440*350*420<\/td>\n<td width=\"67\">220<\/td>\n<td width=\"62\">3.4<\/td>\n<td width=\"54\">46<\/td>\n<td width=\"77\">40-55<\/td>\n<td width=\"85\">3 \u2264 d \u2264 3,2<\/td>\n<td width=\"45\">40<\/td>\n<\/tr>\n<tr>\n<td width=\"85\">SW-MDJ-320<\/td>\n<td width=\"89\">440*350*420<\/td>\n<td width=\"67\">220<\/td>\n<td width=\"62\">3.6<\/td>\n<td width=\"54\">50<\/td>\n<td width=\"77\">40-50<\/td>\n<td width=\"85\">3,2 \u2264 d \uff1c 3,7<\/td>\n<td width=\"45\">40<\/td>\n<\/tr>\n<tr>\n<td width=\"85\">SW-MDJ-400<\/td>\n<td width=\"89\">440*350*420<\/td>\n<td width=\"67\">220<\/td>\n<td width=\"62\">3.8<\/td>\n<td width=\"54\">56<\/td>\n<td width=\"77\">40<\/td>\n<td width=\"85\">3,7 \u2264 d \u2264 4,4<\/td>\n<td width=\"45\">40<\/td>\n<\/tr>\n<tr>\n<td width=\"85\">SW-MDJ-480<\/td>\n<td width=\"89\">440*350*420<\/td>\n<td width=\"67\">220<\/td>\n<td width=\"62\">4<\/td>\n<td width=\"54\">58<\/td>\n<td width=\"77\">35-40<\/td>\n<td width=\"85\">4,5 \u2264 d \u2264 5,0<\/td>\n<td width=\"45\">40<\/td>\n<\/tr>\n<\/tbody>\n<\/table>\n<p><strong><b>Notiz:<\/b><\/strong>\u00a0Das spezifische Modell sollte gem\u00e4\u00df den tats\u00e4chlichen Nietspezifikationen bestimmt werden. Diese Tabelle dient nur als Referenz.<\/p>\n\t\t<\/div>\n\n\t\t\n<style>\n#section_575693509 {\n  padding-top: 30px;\n  padding-bottom: 30px;\n}\n#section_575693509 .ux-shape-divider--top svg {\n  height: 150px;\n  --divider-top-width: 100%;\n}\n#section_575693509 .ux-shape-divider--bottom svg {\n  height: 150px;\n  --divider-width: 100%;\n}\n<\/style>\n\t<\/section>\n\t\n\t<section class=\"section\" id=\"section_1104147569\">\n\t\t<div class=\"bg section-bg fill bg-fill  bg-loaded\" >\n\n\t\t\t\n\t\t\t\n\t\t\t\n\n\t\t<\/div>\n\n\t\t\n\n\t\t<div class=\"section-content relative\">\n\t\t\t\n<h2 style=\"text-align: center;\"><strong><b>SCHW\u00d6REN <\/b><\/strong><strong><b>R<\/b><\/strong><strong><b>ivet<\/b><\/strong><strong><b>ing<\/b><\/strong><strong><b>\u00a0<\/b><\/strong><strong><b>M<\/b><\/strong><strong><b>Maschine <\/b><\/strong><strong><b>B<\/b><\/strong><strong><b>Arbeiten <\/b><\/strong><strong><b>P<\/b><\/strong><strong><b>Prinzip und <\/b><\/strong><strong><b>F<\/b><\/strong><strong><b>Salbung<\/b><\/strong><\/h2>\n<h3><strong><b>Prinzip:<\/b><\/strong><\/h3>\n<p>Die Nieten werden in die D\u00fcse der Nietpistole gesaugt, indem man sich auf den Unterdruck in der D\u00fcse der Nietpistole verl\u00e4sst; die automatische Nietmaschine von SWOER ist eine automatisierte Version der automatischen Nietpistole.<\/p>\n<p>Es basiert auf einer Maschine zum automatischen Anordnen und Trennen der Nieten und nutzt Druckluft als Antriebskraft, um die Nieten automatisch durch Rohre zur D\u00fcse der Nietpistole zu transportieren.<\/p>\n<h3><strong><b>Funktion:<\/b><\/strong><\/h3>\n<p>Mit der automatischen Nagelziehmaschine von SWOER k\u00f6nnen schwere Arbeiten, die stark auf die H\u00e4nde von Facharbeitern angewiesen sind, erledigt werden<\/p>\n<p>Manuelle Nagelziehvorg\u00e4nge k\u00f6nnen zu automatisierten oder unbemannten Vorg\u00e4ngen aufger\u00fcstet werden.<\/p>\n<h3><strong><b>Wirkung:<\/b><\/strong><\/h3>\n<ol>\n<li><strong><b> Sparen Sie Arbeitskr\u00e4fte und vereinfachen Sie die Verwaltung<\/b><\/strong><\/li>\n<\/ol>\n<p>Die Nagelziehgeschwindigkeit ist hoch, eine Person kann die Arbeit von zwei Personen erledigen und es sind weniger Arbeiter erforderlich, was die Verwaltungskosten bzw. L\u00f6hne senkt.<\/p>\n<ol start=\"2\">\n<li><strong><b> Hohe Effizienz und Kosteneinsparung<\/b><\/strong><\/li>\n<\/ol>\n<p>Das manuelle Herausnehmen der Nieten entf\u00e4llt, was Zeit beim Nageln spart. Die Leistung wird im Vergleich zum Original erh\u00f6ht, die Tagesleistung wird vorzeitig fertiggestellt und das Produktionsvolumen wird reduziert. Keine \u00dcberstunden mehr w\u00e4hrend der Kurzarbeitszeit.<\/p>\n<ol start=\"3\">\n<li><strong><b> Super sauber und gute Qualit\u00e4t<\/b><\/strong><\/li>\n<\/ol>\n<p>Der Niet wird automatisch zur D\u00fcse der Pistole bef\u00f6rdert. Sie m\u00fcssen ihn nicht mit der Hand nehmen, was die Sekund\u00e4rverschmutzung verringert. Halten Sie das Produkt mit der linken Hand. Kein Grund zur Sorge. Die Lochpositionen sind ungleichm\u00e4\u00dfig, was zu einer verringerten Leistung oder sekund\u00e4rer Nacharbeit f\u00fchrt.<\/p>\n<ol start=\"4\">\n<li><strong><b> Keine Notwendigkeit, es mit der Hand zu nehmen, einfacher<\/b><\/strong><\/li>\n<\/ol>\n<p>Die linke Hand muss nicht arbeiten und kann das Produkt halten, was die Arbeitsintensit\u00e4t der Arbeiter erheblich reduziert.<\/p>\n<ol start=\"5\">\n<li><strong><b> Keine Erfahrung erforderlich, leicht zu erlernen<\/b><\/strong><\/li>\n<\/ol>\n<p>Es kann sowohl von erfahrenen als auch von erfahrenen H\u00e4nden bedient werden, und es ist keine Schulung erforderlich. Sie k\u00f6nnen sofort mit der Arbeit beginnen; es besteht kein Grund zur Sorge \u00fcber Produktionsausf\u00e4lle durch erfahrene H\u00e4nde.<\/p>\n\t\t<\/div>\n\n\t\t\n<style>\n#section_1104147569 {\n  padding-top: 30px;\n  padding-bottom: 30px;\n}\n#section_1104147569 .ux-shape-divider--top svg {\n  height: 150px;\n  --divider-top-width: 100%;\n}\n#section_1104147569 .ux-shape-divider--bottom svg {\n  height: 150px;\n  --divider-width: 100%;\n}\n<\/style>\n\t<\/section>\n\t\n\t<section class=\"section\" id=\"section_43844459\">\n\t\t<div class=\"bg section-bg fill bg-fill  bg-loaded\" >\n\n\t\t\t\n\t\t\t\n\t\t\t\n\n\t\t<\/div>\n\n\t\t\n\n\t\t<div class=\"section-content relative\">\n\t\t\t\n<h2 style=\"text-align: center;\"><strong><b>Geltungsbereich <\/b><\/strong><strong><b>A<\/b><\/strong><strong><b>Anwendung von <\/b><\/strong><strong><b>Der Nagel<\/b><\/strong><\/h2>\n\t<div class=\"img has-hover x md-x lg-x y md-y lg-y\" id=\"image_635754711\">\n\t\t\t\t\t\t\t\t<div class=\"img-inner dark\" >\n\t\t\t<img loading=\"lazy\" decoding=\"async\" width=\"553\" height=\"156\" src=\"https:\/\/swoer.com\/wp-content\/uploads\/2024\/04\/Scope-of-Application-of-The-Nail.webp\" class=\"attachment-original size-original\" alt=\"Anwendungsbereich des Nagels\" srcset=\"https:\/\/swoer.com\/wp-content\/uploads\/2024\/04\/Scope-of-Application-of-The-Nail.webp 553w, https:\/\/swoer.com\/wp-content\/uploads\/2024\/04\/Scope-of-Application-of-The-Nail-300x85.webp 300w\" sizes=\"(max-width: 553px) 100vw, 553px\" \/>\t\t\t\t\t\t\n\t\t\t\t\t<\/div>\n\t\t\t\t\t\t\t\t\n<style>\n#image_635754711 {\n  width: 100%;\n}\n<\/style>\n\t<\/div>\n\t\n<table>\n<tbody>\n<tr>\n<td colspan=\"3\" width=\"568\">\n<h4 style=\"text-align: center;\"><strong>Nietanwendungsbereich (Einheit: mm)<\/strong><\/h4>\n<\/td>\n<\/tr>\n<tr>\n<td width=\"189\">Namenscode<\/td>\n<td width=\"189\">Mindestgr\u00f6\u00dfe<\/td>\n<td width=\"189\">Maximale Gr\u00f6\u00dfe<\/td>\n<\/tr>\n<tr>\n<td width=\"189\">Nietrohrdurchmesser A<\/td>\n<td width=\"189\">2.4<\/td>\n<td width=\"189\">4.8<\/td>\n<\/tr>\n<tr>\n<td width=\"189\">Nieth\u00fclsenl\u00e4nge B<\/td>\n<td width=\"189\">2<\/td>\n<td width=\"189\">15<\/td>\n<\/tr>\n<tr>\n<td width=\"189\">Hutkrempendurchmesser C<\/td>\n<td width=\"189\">4<\/td>\n<td width=\"189\">9.5<\/td>\n<\/tr>\n<tr>\n<td width=\"189\">Zugkerndurchmesser D<\/td>\n<td width=\"189\">1.4<\/td>\n<td width=\"189\">3<\/td>\n<\/tr>\n<tr>\n<td width=\"189\">Zugkernl\u00e4nge E<\/td>\n<td width=\"189\">24<\/td>\n<td width=\"189\">36<\/td>\n<\/tr>\n<tr>\n<td width=\"189\">Gesamtl\u00e4nge der Niete F<\/td>\n<td width=\"189\">28<\/td>\n<td width=\"189\">48<\/td>\n<\/tr>\n<\/tbody>\n<\/table>\n<p><strong><b>Notiz:<\/b><\/strong><\/p>\n<ol>\n<li>Die Au\u00dfenma\u00dfe der Nieten m\u00fcssen diesem Bereich entsprechen.<\/li>\n<li>Einige spezielle Nieten: Wenn die L\u00e4nge des Nietrohrs gr\u00f6\u00dfer als 13 mm ist, muss die L\u00e4nge des Kerns gr\u00f6\u00dfer als 28 mm sein; wenn die L\u00e4nge des Nietrohrs 17 mm betr\u00e4gt, darf die L\u00e4nge des Kerns nicht weniger als 26 mm betragen.<\/li>\n<li>Anforderungen an den Nietentyp: Edelstahlnieten erfordern eine geringe Reinheit, w\u00e4hrend f\u00fcr andere Nieten, wie z. B. Eisenn\u00e4gel und Stahln\u00e4gel, keine Anforderungen gelten.<\/li>\n<\/ol>\n\t\t<\/div>\n\n\t\t\n<style>\n#section_43844459 {\n  padding-top: 30px;\n  padding-bottom: 30px;\n}\n#section_43844459 .ux-shape-divider--top svg {\n  height: 150px;\n  --divider-top-width: 100%;\n}\n#section_43844459 .ux-shape-divider--bottom svg {\n  height: 150px;\n  --divider-width: 100%;\n}\n<\/style>\n\t<\/section>\n\t\n\t<section class=\"section\" id=\"section_553506175\">\n\t\t<div class=\"bg section-bg fill bg-fill  bg-loaded\" >\n\n\t\t\t\n\t\t\t\n\t\t\t\n\n\t\t<\/div>\n\n\t\t\n\n\t\t<div class=\"section-content relative\">\n\t\t\t\n<h2 style=\"text-align: center;\"><strong><b>Anwendungsfeld<\/b><\/strong><\/h2>\n<p>Die automatische Nietmaschine von SWOER eignet sich f\u00fcr Nietvorg\u00e4nge, bei denen zwei oder mehr Lagen von Platten aus verschiedenen Materialien und St\u00e4rken durch Nieten verbunden werden. Sie wird h\u00e4ufig in den Bereichen Fahrgestelle, Schr\u00e4nke, Beleuchtung, Autos, Schiffe, Flugzeuge, kleine Haushaltsger\u00e4te, Nagelziehvorg\u00e4nge in Servern, Elektro\u00f6fen, Mikrowellenherde, Spirituosenverpackungen und anderen Branchen eingesetzt.<\/p>\n\t<div class=\"img has-hover x md-x lg-x y md-y lg-y\" id=\"image_962460641\">\n\t\t\t\t\t\t\t\t<div class=\"img-inner dark\" >\n\t\t\t<img loading=\"lazy\" decoding=\"async\" width=\"553\" height=\"212\" src=\"https:\/\/swoer.com\/wp-content\/uploads\/2024\/04\/automatic-riveting-machine-application-field.webp\" class=\"attachment-original size-original\" alt=\"Anwendungsbereich der automatischen Nietmaschine\" srcset=\"https:\/\/swoer.com\/wp-content\/uploads\/2024\/04\/automatic-riveting-machine-application-field.webp 553w, https:\/\/swoer.com\/wp-content\/uploads\/2024\/04\/automatic-riveting-machine-application-field-300x115.webp 300w\" sizes=\"(max-width: 553px) 100vw, 553px\" \/>\t\t\t\t\t\t\n\t\t\t\t\t<\/div>\n\t\t\t\t\t\t\t\t\n<style>\n#image_962460641 {\n  width: 100%;\n}\n<\/style>\n\t<\/div>\n\t\n\t\t<\/div>\n\n\t\t\n<style>\n#section_553506175 {\n  padding-top: 30px;\n  padding-bottom: 30px;\n}\n#section_553506175 .ux-shape-divider--top svg {\n  height: 150px;\n  --divider-top-width: 100%;\n}\n#section_553506175 .ux-shape-divider--bottom svg {\n  height: 150px;\n  --divider-width: 100%;\n}\n<\/style>\n\t<\/section>","protected":false},"excerpt":{"rendered":"","protected":false},"author":1,"featured_media":0,"parent":0,"menu_order":0,"comment_status":"closed","ping_status":"closed","template":"","meta":{"footnotes":""},"yoast_head":"<!-- This site is optimized with the Yoast SEO plugin v22.2 - https:\/\/yoast.com\/wordpress\/plugins\/seo\/ -->\n<title>Auto Screw Feeder Machine - SWOER<\/title>\n<meta name=\"description\" content=\"Swoer is a professional manufacturer of auto screw feeder machine.\" \/>\n<meta name=\"robots\" content=\"index, follow, max-snippet:-1, max-image-preview:large, max-video-preview:-1\" \/>\n<link rel=\"canonical\" href=\"https:\/\/swoer.com\/de\/automatic-rivet-machine\/\" \/>\n<meta property=\"og:locale\" content=\"de_DE\" \/>\n<meta property=\"og:type\" content=\"article\" \/>\n<meta property=\"og:title\" content=\"Auto Screw Feeder Machine - SWOER\" \/>\n<meta property=\"og:description\" content=\"Swoer is a professional manufacturer of auto screw feeder machine.\" \/>\n<meta property=\"og:url\" content=\"https:\/\/swoer.com\/de\/automatic-rivet-machine\/\" \/>\n<meta property=\"og:site_name\" content=\"SWOER\" \/>\n<meta property=\"article:modified_time\" content=\"2024-12-02T09:21:30+00:00\" \/>\n<meta name=\"twitter:card\" content=\"summary_large_image\" \/>\n<meta name=\"twitter:label1\" content=\"Gesch\u00e4tzte Lesezeit\" \/>\n\t<meta name=\"twitter:data1\" content=\"5\u00a0Minuten\" \/>\n<script type=\"application\/ld+json\" class=\"yoast-schema-graph\">{\"@context\":\"https:\/\/schema.org\",\"@graph\":[{\"@type\":\"WebPage\",\"@id\":\"https:\/\/swoer.com\/automatic-rivet-machine\/\",\"url\":\"https:\/\/swoer.com\/automatic-rivet-machine\/\",\"name\":\"Auto Screw Feeder Machine - SWOER\",\"isPartOf\":{\"@id\":\"https:\/\/swoer.com\/#website\"},\"datePublished\":\"2024-04-02T07:05:58+00:00\",\"dateModified\":\"2024-12-02T09:21:30+00:00\",\"description\":\"Swoer is a professional manufacturer of auto screw feeder machine.\",\"breadcrumb\":{\"@id\":\"https:\/\/swoer.com\/automatic-rivet-machine\/#breadcrumb\"},\"inLanguage\":\"de\",\"potentialAction\":[{\"@type\":\"ReadAction\",\"target\":[\"https:\/\/swoer.com\/automatic-rivet-machine\/\"]}]},{\"@type\":\"BreadcrumbList\",\"@id\":\"https:\/\/swoer.com\/automatic-rivet-machine\/#breadcrumb\",\"itemListElement\":[{\"@type\":\"ListItem\",\"position\":1,\"name\":\"Home\",\"item\":\"https:\/\/swoer.com\/\"},{\"@type\":\"ListItem\",\"position\":2,\"name\":\"Auto Screw Feeder Machine\"}]},{\"@type\":\"WebSite\",\"@id\":\"https:\/\/swoer.com\/#website\",\"url\":\"https:\/\/swoer.com\/\",\"name\":\"SWOER\",\"description\":\"Swoer is the top 3 vibratory bowl feeder manufacturer in China\",\"potentialAction\":[{\"@type\":\"SearchAction\",\"target\":{\"@type\":\"EntryPoint\",\"urlTemplate\":\"https:\/\/swoer.com\/?s={search_term_string}\"},\"query-input\":\"required name=search_term_string\"}],\"inLanguage\":\"de\"}]}<\/script>\n<!-- \/ Yoast SEO plugin. -->","yoast_head_json":{"title":"Auto Screw Feeder Machine - SWOER","description":"Swoer is a professional manufacturer of auto screw feeder machine.","robots":{"index":"index","follow":"follow","max-snippet":"max-snippet:-1","max-image-preview":"max-image-preview:large","max-video-preview":"max-video-preview:-1"},"canonical":"https:\/\/swoer.com\/de\/automatic-rivet-machine\/","og_locale":"de_DE","og_type":"article","og_title":"Auto Screw Feeder Machine - SWOER","og_description":"Swoer is a professional manufacturer of auto screw feeder machine.","og_url":"https:\/\/swoer.com\/de\/automatic-rivet-machine\/","og_site_name":"SWOER","article_modified_time":"2024-12-02T09:21:30+00:00","twitter_card":"summary_large_image","twitter_misc":{"Gesch\u00e4tzte Lesezeit":"5\u00a0Minuten"},"schema":{"@context":"https:\/\/schema.org","@graph":[{"@type":"WebPage","@id":"https:\/\/swoer.com\/automatic-rivet-machine\/","url":"https:\/\/swoer.com\/automatic-rivet-machine\/","name":"Auto Screw Feeder Machine - SWOER","isPartOf":{"@id":"https:\/\/swoer.com\/#website"},"datePublished":"2024-04-02T07:05:58+00:00","dateModified":"2024-12-02T09:21:30+00:00","description":"Swoer is a professional manufacturer of auto screw feeder machine.","breadcrumb":{"@id":"https:\/\/swoer.com\/automatic-rivet-machine\/#breadcrumb"},"inLanguage":"de","potentialAction":[{"@type":"ReadAction","target":["https:\/\/swoer.com\/automatic-rivet-machine\/"]}]},{"@type":"BreadcrumbList","@id":"https:\/\/swoer.com\/automatic-rivet-machine\/#breadcrumb","itemListElement":[{"@type":"ListItem","position":1,"name":"Home","item":"https:\/\/swoer.com\/"},{"@type":"ListItem","position":2,"name":"Auto Screw Feeder Machine"}]},{"@type":"WebSite","@id":"https:\/\/swoer.com\/#website","url":"https:\/\/swoer.com\/","name":"SWOER","description":"Swoer is the top 3 vibratory bowl feeder manufacturer in China","potentialAction":[{"@type":"SearchAction","target":{"@type":"EntryPoint","urlTemplate":"https:\/\/swoer.com\/?s={search_term_string}"},"query-input":"required name=search_term_string"}],"inLanguage":"de"}]}},"_links":{"self":[{"href":"https:\/\/swoer.com\/de\/wp-json\/wp\/v2\/pages\/1823"}],"collection":[{"href":"https:\/\/swoer.com\/de\/wp-json\/wp\/v2\/pages"}],"about":[{"href":"https:\/\/swoer.com\/de\/wp-json\/wp\/v2\/types\/page"}],"author":[{"embeddable":true,"href":"https:\/\/swoer.com\/de\/wp-json\/wp\/v2\/users\/1"}],"replies":[{"embeddable":true,"href":"https:\/\/swoer.com\/de\/wp-json\/wp\/v2\/comments?post=1823"}],"version-history":[{"count":15,"href":"https:\/\/swoer.com\/de\/wp-json\/wp\/v2\/pages\/1823\/revisions"}],"predecessor-version":[{"id":2952,"href":"https:\/\/swoer.com\/de\/wp-json\/wp\/v2\/pages\/1823\/revisions\/2952"}],"wp:attachment":[{"href":"https:\/\/swoer.com\/de\/wp-json\/wp\/v2\/media?parent=1823"}],"curies":[{"name":"wp","href":"https:\/\/api.w.org\/{rel}","templated":true}]}}