{"id":3343,"date":"2025-04-25T10:07:57","date_gmt":"2025-04-25T02:07:57","guid":{"rendered":"https:\/\/swoer.com\/?post_type=product&#038;p=3343"},"modified":"2025-04-25T14:13:46","modified_gmt":"2025-04-25T06:13:46","slug":"vibrating-bowl-feeder-%ef%bc%8dvibration-bowl-feeder-%ef%bc%8dbowl-feeder","status":"publish","type":"product","link":"https:\/\/swoer.com\/cs\/manufacturer\/vibrating-bowl-feeder-%ef%bc%8dvibration-bowl-feeder-%ef%bc%8dbowl-feeder\/","title":{"rendered":"Vibra\u010dn\u00ed krm\u00edtko pro misky \u2013 Vibra\u010dn\u00ed krm\u00edtko pro misky \u2013 krm\u00edtko pro misky"},"content":{"rendered":"<h2 data-start=\"60\" data-end=\"115\">Pro\u010d zvolit SWOER pro vlastn\u00ed vibra\u010dn\u00ed krm\u00edtka?<\/h2>\n<ul data-start=\"117\" data-end=\"772\">\n<li class=\"\" data-start=\"117\" data-end=\"212\">\n<p class=\"\" data-start=\"119\" data-end=\"212\"><strong data-start=\"119\" data-end=\"135\">Vyrobeno na zak\u00e1zku:<\/strong> Ka\u017ed\u00fd podava\u010d misek je vyroben tak, aby vyhovoval va\u0161\u00ed velikosti, tvaru a pot\u0159eb\u00e1m krmen\u00ed.<\/p>\n<\/li>\n<li class=\"\" data-start=\"213\" data-end=\"325\">\n<p class=\"\" data-start=\"215\" data-end=\"325\"><strong data-start=\"215\" data-end=\"245\">P\u0159esn\u00e9 a rychl\u00e9 krmen\u00ed:<\/strong> Podava\u010de SWOER umo\u017e\u0148uj\u00ed hladk\u00fd a rychl\u00fd pohyb d\u00edl\u016f ve va\u0161\u00ed automatiza\u010dn\u00ed lince.<\/p>\n<\/li>\n<li class=\"\" data-start=\"326\" data-end=\"449\">\n<p class=\"\" data-start=\"328\" data-end=\"449\"><strong data-start=\"328\" data-end=\"357\">Bohat\u00e9 pr\u016fmyslov\u00e9 zku\u0161enosti:<\/strong> V\u00edce ne\u017e 10 let spolupr\u00e1ce s v\u00fdrobci automobil\u016f, elektronikou, l\u00e9ka\u0159sk\u00fdmi za\u0159\u00edzen\u00edmi a obalov\u00fdmi spole\u010dnostmi.<\/p>\n<\/li>\n<li class=\"\" data-start=\"450\" data-end=\"555\">\n<p class=\"\" data-start=\"452\" data-end=\"555\"><strong data-start=\"452\" data-end=\"479\">Mal\u00fd a prostorov\u011b \u00fasporn\u00fd:<\/strong> Zvl\u00e1dne mal\u00e9 d\u00edly do 2 mm; skv\u011bl\u00e9 pro \u00fasporu m\u00edsta na va\u0161ich stroj\u00edch.<\/p>\n<\/li>\n<li class=\"\" data-start=\"556\" data-end=\"654\">\n<p class=\"\" data-start=\"558\" data-end=\"654\"><strong data-start=\"558\" data-end=\"577\">Stabiln\u00ed kvalita:<\/strong> V\u0161echna krm\u00edtka jsou pe\u010dliv\u011b testov\u00e1na, abychom se ujistili, \u017ee funguj\u00ed dob\u0159e a dlouho vydr\u017e\u00ed.<\/p>\n<\/li>\n<li class=\"\" data-start=\"655\" data-end=\"772\">\n<p class=\"\" data-start=\"657\" data-end=\"772\"><strong data-start=\"657\" data-end=\"681\">Rychl\u00fd glob\u00e1ln\u00ed servis:<\/strong> D\u00edky pobo\u010dce ve Vietnamu a rychl\u00e9 podpo\u0159e v cel\u00e9 Asii a Evrop\u011b se s n\u00e1mi snadno spolupracuje.<\/p>\n<\/li>\n<\/ul>\n\t<div id=\"gap-1722211861\" class=\"gap-element clearfix\" style=\"display:block; height:auto;\">\n\t\t\n<style>\n#gap-1722211861 {\n  padding-top: 30px;\n}\n<\/style>\n\t<\/div>\n\t\n<h2 data-start=\"57\" data-end=\"120\">Informace pot\u0159ebn\u00e9 k p\u0159izp\u016fsoben\u00ed va\u0161eho vibra\u010dn\u00edho podava\u010de misek:<\/h2>\n<ol data-start=\"122\" data-end=\"1419\">\n<li class=\"\" data-start=\"122\" data-end=\"285\">\n<p class=\"\" data-start=\"125\" data-end=\"155\"><strong data-start=\"125\" data-end=\"153\">Uk\u00e1zky d\u00edl\u016f nebo v\u00fdkresy<\/strong><\/p>\n<ul data-start=\"159\" data-end=\"285\">\n<li class=\"\" data-start=\"159\" data-end=\"212\">\n<p class=\"\" data-start=\"161\" data-end=\"212\">Za\u0161lete n\u00e1m skute\u010dn\u00e9 vzorky d\u00edl\u016f nebo p\u0159ehledn\u00e9 3D v\u00fdkresy<\/p>\n<\/li>\n<li class=\"\" data-start=\"216\" data-end=\"285\">\n<p class=\"\" data-start=\"218\" data-end=\"285\">Kontrolujeme velikost, tvar, materi\u00e1l, povrch a zp\u016fsob, jak\u00fdm mus\u00ed d\u00edly l\u00edcovat<\/p>\n<\/li>\n<\/ul>\n<\/li>\n<li class=\"\" data-start=\"287\" data-end=\"418\">\n<p class=\"\" data-start=\"290\" data-end=\"313\"><strong data-start=\"290\" data-end=\"311\">Sm\u011br krmen\u00ed<\/strong><\/p>\n<ul data-start=\"317\" data-end=\"418\">\n<li class=\"\" data-start=\"317\" data-end=\"369\">\n<p class=\"\" data-start=\"319\" data-end=\"369\">M\u011bly by se d\u00edly pohybovat ve sm\u011bru nebo proti sm\u011bru hodinov\u00fdch ru\u010di\u010dek?<\/p>\n<\/li>\n<li class=\"\" data-start=\"373\" data-end=\"418\">\n<p class=\"\" data-start=\"375\" data-end=\"418\">Pot\u0159ebuj\u00ed sm\u011b\u0159ovat nahoru, dol\u016f nebo do stran?<\/p>\n<\/li>\n<\/ul>\n<\/li>\n<li class=\"\" data-start=\"420\" data-end=\"518\">\n<p class=\"\" data-start=\"423\" data-end=\"442\"><strong data-start=\"423\" data-end=\"440\">Rychlost krmen\u00ed<\/strong><\/p>\n<ul data-start=\"446\" data-end=\"518\">\n<li class=\"\" data-start=\"446\" data-end=\"488\">\n<p class=\"\" data-start=\"448\" data-end=\"488\">Kolik d\u00edl\u016f za minutu pot\u0159ebujete?<\/p>\n<\/li>\n<li class=\"\" data-start=\"492\" data-end=\"518\">\n<p class=\"\" data-start=\"494\" data-end=\"518\">N\u011bjak\u00e9 po\u017eadavky na \u010dasov\u00e1n\u00ed?<\/p>\n<\/li>\n<\/ul>\n<\/li>\n<li class=\"\" data-start=\"520\" data-end=\"654\">\n<p class=\"\" data-start=\"523\" data-end=\"538\"><strong data-start=\"523\" data-end=\"536\">Velikost d\u00edlu<\/strong><\/p>\n<ul data-start=\"542\" data-end=\"654\">\n<li class=\"\" data-start=\"542\" data-end=\"609\">\n<p class=\"\" data-start=\"544\" data-end=\"609\">Jak\u00e1 je nejmen\u0161\u00ed a nejv\u011bt\u0161\u00ed velikost va\u0161ich d\u00edl\u016f (D x \u0160 x V)?<\/p>\n<\/li>\n<li class=\"\" data-start=\"613\" data-end=\"654\">\n<p class=\"\" data-start=\"615\" data-end=\"654\">Jsou d\u00edly velmi mal\u00e9 nebo maj\u00ed zvl\u00e1\u0161tn\u00ed tvar?<\/p>\n<\/li>\n<\/ul>\n<\/li>\n<li class=\"\" data-start=\"656\" data-end=\"807\">\n<p class=\"\" data-start=\"659\" data-end=\"678\"><strong data-start=\"659\" data-end=\"676\">Materi\u00e1l d\u00edlu<\/strong><\/p>\n<ul data-start=\"682\" data-end=\"807\">\n<li class=\"\" data-start=\"682\" data-end=\"742\">\n<p class=\"\" data-start=\"684\" data-end=\"742\">Jsou d\u00edly plastov\u00e9, kovov\u00e9, gumov\u00e9 nebo n\u011bco jin\u00e9ho?<\/p>\n<\/li>\n<li class=\"\" data-start=\"746\" data-end=\"807\">\n<p class=\"\" data-start=\"748\" data-end=\"807\">To n\u00e1m pom\u00e1h\u00e1 vybrat spr\u00e1vn\u00fd n\u00e1t\u011br nebo povrchovou \u00fapravu<\/p>\n<\/li>\n<\/ul>\n<\/li>\n<li class=\"\" data-start=\"809\" data-end=\"946\">\n<p class=\"\" data-start=\"812\" data-end=\"837\"><strong data-start=\"812\" data-end=\"835\">Pracovn\u00ed prost\u0159ed\u00ed<\/strong><\/p>\n<ul data-start=\"841\" data-end=\"946\">\n<li class=\"\" data-start=\"841\" data-end=\"891\">\n<p class=\"\" data-start=\"843\" data-end=\"891\">Je to \u010dist\u00e1 m\u00edstnost, hork\u00e9, vlhk\u00e9 nebo pra\u0161n\u00e9 m\u00edsto?<\/p>\n<\/li>\n<li class=\"\" data-start=\"895\" data-end=\"946\">\n<p class=\"\" data-start=\"897\" data-end=\"946\">Jak\u00fd zdroj pou\u017e\u00edv\u00e1te? (nap\u0159. 220V nebo 110V)<\/p>\n<\/li>\n<\/ul>\n<\/li>\n<li class=\"\" data-start=\"948\" data-end=\"1113\">\n<p class=\"\" data-start=\"951\" data-end=\"976\"><strong data-start=\"951\" data-end=\"974\">P\u0159ipojen\u00e9 za\u0159\u00edzen\u00ed<\/strong><\/p>\n<ul data-start=\"980\" data-end=\"1113\">\n<li class=\"\" data-start=\"980\" data-end=\"1045\">\n<p class=\"\" data-start=\"982\" data-end=\"1045\">Budete jej pou\u017e\u00edvat s kamerov\u00fdm syst\u00e9mem, robotick\u00fdm ramenem nebo dopravn\u00edkem?<\/p>\n<\/li>\n<li class=\"\" data-start=\"1049\" data-end=\"1113\">\n<p class=\"\" data-start=\"1051\" data-end=\"1113\">Jak chcete, aby d\u00edly vy\u0161ly \u2013 skluz, kolejnice nebo kolejnice?<\/p>\n<\/li>\n<\/ul>\n<\/li>\n<li class=\"\" data-start=\"1115\" data-end=\"1283\">\n<p class=\"\" data-start=\"1118\" data-end=\"1155\"><strong data-start=\"1118\" data-end=\"1153\">Materi\u00e1l misky a pot\u0159eby povrchu<\/strong><\/p>\n<ul data-start=\"1159\" data-end=\"1283\">\n<li class=\"\" data-start=\"1159\" data-end=\"1221\">\n<p class=\"\" data-start=\"1161\" data-end=\"1221\">Chcete nerezovou, hlin\u00edkovou nebo plastovou misku?<\/p>\n<\/li>\n<li class=\"\" data-start=\"1225\" data-end=\"1283\">\n<p class=\"\" data-start=\"1227\" data-end=\"1283\">Pot\u0159ebujete dal\u0161\u00ed n\u00e1t\u011br pro sn\u00ed\u017een\u00ed hluku nebo ochranu d\u00edl\u016f?<\/p>\n<\/li>\n<\/ul>\n<\/li>\n<li class=\"\" data-start=\"1285\" data-end=\"1419\">\n<p class=\"\" data-start=\"1288\" data-end=\"1316\"><strong data-start=\"1288\" data-end=\"1314\">Prostor pro instalaci<\/strong><\/p>\n<ul data-start=\"1320\" data-end=\"1419\">\n<li class=\"\" data-start=\"1320\" data-end=\"1366\">\n<p class=\"\" data-start=\"1322\" data-end=\"1366\">Kolik m\u00edsta m\u00e1te na krm\u00edtko?<\/p>\n<\/li>\n<li class=\"\" data-start=\"1370\" data-end=\"1419\">\n<p class=\"\" data-start=\"1372\" data-end=\"1419\">Pot\u0159ebujete men\u0161\u00ed nebo speci\u00e1ln\u00ed design, aby sed\u011bl?<\/p>\n<\/li>\n<\/ul>\n<\/li>\n<\/ol>\n\t<div id=\"gap-1242456951\" class=\"gap-element clearfix\" style=\"display:block; height:auto;\">\n\t\t\n<style>\n#gap-1242456951 {\n  padding-top: 30px;\n}\n<\/style>\n\t<\/div>\n\t\n<h2>Kontaktujte SWOER nyn\u00ed<\/h2>\n\n<div class=\"wpcf7 no-js\" id=\"wpcf7-f280-o1\" lang=\"en-US\" dir=\"ltr\">\n<div class=\"screen-reader-response\"><p role=\"status\" aria-live=\"polite\" aria-atomic=\"true\"><\/p> <ul><\/ul><\/div>\n<form action=\"\/cs\/wp-json\/wp\/v2\/product\/3343#wpcf7-f280-o1\" method=\"post\" class=\"wpcf7-form init\" aria-label=\"Kontaktn\u00ed formul\u00e1\u0159\" novalidate=\"novalidate\" data-status=\"init\" data-trp-original-action=\"\/cs\/wp-json\/wp\/v2\/product\/3343#wpcf7-f280-o1\">\n<div style=\"display: none;\">\n<input type=\"hidden\" name=\"_wpcf7\" value=\"280\" \/>\n<input type=\"hidden\" name=\"_wpcf7_version\" value=\"5.9.2\" \/>\n<input type=\"hidden\" name=\"_wpcf7_locale\" value=\"en_US\" \/>\n<input type=\"hidden\" name=\"_wpcf7_unit_tag\" value=\"wpcf7-f280-o1\" \/>\n<input type=\"hidden\" name=\"_wpcf7_container_post\" value=\"0\" \/>\n<input type=\"hidden\" name=\"_wpcf7_posted_data_hash\" value=\"\" \/>\n<\/div>\n<div class='custom_contact_style'>\n\t<div class=\"row row-small\">\n\t\t<div class=\"col medium-6 small-12 large-6\">\n\t\t\t<div class=\"col-inner\">\n\t\t\t\t<p><span class=\"wpcf7-form-control-wrap\" data-name=\"your-name\"><input size=\"40\" class=\"wpcf7-form-control wpcf7-text wpcf7-validates-as-required\" aria-required=\"true\" aria-invalid=\"false\" placeholder=\"N\u00e1zev*\" value=\"\" type=\"text\" name=\"your-name\" \/><\/span>\n\t\t\t\t<\/p>\n\t\t\t<\/div>\n\t\t<\/div>\n\t\t<div class=\"col medium-6 small-12 large-6\">\n\t\t\t<div class=\"col-inner\">\n\t\t\t\t<p><span class=\"wpcf7-form-control-wrap\" data-name=\"your-email\"><input size=\"40\" class=\"wpcf7-form-control wpcf7-email wpcf7-validates-as-required wpcf7-text wpcf7-validates-as-email\" aria-required=\"true\" aria-invalid=\"false\" placeholder=\"E-mailem*\" value=\"\" type=\"email\" name=\"your-email\" \/><\/span>\n\t\t\t\t<\/p>\n\t\t\t<\/div>\n\t\t<\/div>\n\t<\/div>\n\t<div class='cus_contact_form_bottom'>\n\t\t<p><span class=\"wpcf7-form-control-wrap\" data-name=\"your-phone\"><input size=\"40\" class=\"wpcf7-form-control wpcf7-text\" aria-invalid=\"false\" placeholder=\"Telefon\" value=\"\" type=\"text\" name=\"your-phone\" \/><\/span>\n\t\t<\/p>\n\t<\/div>\n\t<div class='cus_contact_form_bottom'>\n\t\t<p><span class=\"wpcf7-form-control-wrap\" data-name=\"your-country\"><input size=\"40\" class=\"wpcf7-form-control wpcf7-text\" aria-invalid=\"false\" placeholder=\"Zem\u011b\" value=\"\" type=\"text\" name=\"your-country\" \/><\/span>\n\t\t<\/p>\n\t<\/div>\n\t<p><span class=\"wpcf7-form-control-wrap\" data-name=\"your-message\"><textarea cols=\"40\" rows=\"10\" class=\"wpcf7-form-control wpcf7-textarea wpcf7-validates-as-required\" aria-required=\"true\" aria-invalid=\"false\" placeholder=\"Va\u0161e zpr\u00e1va *\" name=\"your-message\"><\/textarea><\/span>\n\t<\/p>\n\t<div style=\"margin-bottom:10px;\">\n\t\t<p><span class=\"wpcf7-form-control-wrap kc_captcha cf7ic-toggle\" data-name=\"kc_captcha\"><span class=\"wpcf7-form-control wpcf7-radio\"><span class=\"captcha-image\" style=\"display: none;\"><span class=\"cf7ic_instructions\">Proka\u017ete, \u017ee jste \u010dlov\u011bk, v\u00fdb\u011brem<span> tree<\/span>.<\/span><label><input aria-label=\"1\" type=\"radio\" name=\"kc_captcha\" value=\"bot\" \/><svg aria-hidden=\"true\" role=\"img\" xmlns=\"http:\/\/www.w3.org\/2000\/svg\" viewbox=\"0 0 576 512\"><path fill=\"currentColor\" d=\"M488 313v143c0 13-11 24-24 24H348c-7 0-12-5-12-12V356c0-7-5-12-12-12h-72c-7 0-12 5-12 12v112c0 7-5 12-12 12H112c-13 0-24-11-24-24V313c0-4 2-7 4-10l188-154c5-4 11-4 16 0l188 154c2 3 4 6 4 10zm84-61l-84-69V44c0-6-5-12-12-12h-56c-7 0-12 6-12 12v73l-89-74a48 48 0 00-61 0L4 252c-5 4-5 12-1 17l25 31c5 5 12 5 17 1l235-193c5-4 11-4 16 0l235 193c5 5 13 4 17-1l25-31c4-6 4-13-1-17z\"\/><\/svg><\/label><label><input aria-label=\"2\" type=\"radio\" name=\"kc_captcha\" value=\"bot\" \/><svg aria-hidden=\"true\" role=\"img\" xmlns=\"http:\/\/www.w3.org\/2000\/svg\" viewbox=\"0 0 640 512\"><path fill=\"currentColor\" d=\"M192 384h192c53 0 96-43 96-96h32a128 128 0 000-256H120c-13 0-24 11-24 24v232c0 53 43 96 96 96zM512 96a64 64 0 010 128h-32V96h32zm48 384H48c-47 0-61-64-36-64h584c25 0 11 64-36 64z\"\/><\/svg><\/label><label><input aria-label=\"3\" type=\"radio\" name=\"kc_captcha\" value=\"kc_human\" \/><svg aria-hidden=\"true\" role=\"img\" xmlns=\"http:\/\/www.w3.org\/2000\/svg\" viewbox=\"0 0 384 512\"><path fill=\"currentColor\" d=\"M377 375l-83-87h34c21 0 32-25 17-40l-82-88h33c21 0 32-25 18-40L210 8c-10-11-26-11-36 0L70 120c-14 15-3 40 18 40h33l-82 88c-15 15-4 40 17 40h34L7 375c-15 16-4 41 17 41h120c0 33-11 49-34 68-12 9-5 28 10 28h144c15 0 22-19 10-28-20-16-34-32-34-68h120c21 0 32-25 17-41z\"\/><\/svg><\/label>\r\n    <\/span>\r\n    <span style=\"display:none\">\r\n        <input type=\"text\" name=\"kc_honeypot\">\r\n    <\/span><\/span><\/span>\n\t\t<\/p>\n\t<\/div>\n\t<p><input class=\"wpcf7-form-control wpcf7-submit has-spinner\" type=\"submit\" value=\"Poslat zpr\u00e1vu\" \/>\n\t<\/p>\n<\/div><div class=\"wpcf7-response-output\" aria-hidden=\"true\"><\/div>\n<input type=\"hidden\" name=\"trp-form-language\" value=\"cs\"\/><\/form>\n<\/div>","protected":false},"excerpt":{"rendered":"<p>SWOER se specializuje na zak\u00e1zkov\u00e9 vibra\u010dn\u00ed podava\u010de misek na m\u00edru va\u0161im d\u00edl\u016fm. S v\u00edce ne\u017e 10 lety zku\u0161enost\u00ed dod\u00e1v\u00e1me stabiln\u00ed, vysokorychlostn\u00ed \u0159e\u0161en\u00ed krmen\u00ed pro automatizaci v automobilov\u00e9m pr\u016fmyslu, elektronice, l\u00e9ka\u0159stv\u00ed a dal\u0161\u00edch. Kompaktn\u00ed, spolehliv\u00fd a vyroben\u00fd pro p\u0159esnost.<\/p>","protected":false},"featured_media":3344,"comment_status":"open","ping_status":"closed","template":"","meta":[],"product_cat":[37],"product_tag":[],"yoast_head":"<!-- This site is optimized with the Yoast SEO plugin v22.2 - https:\/\/yoast.com\/wordpress\/plugins\/seo\/ -->\n<title>Vibrating Bowl Feeder \uff0dVibration Bowl Feeder \uff0dBowl Feeder - SWOER<\/title>\n<meta name=\"description\" content=\"SWOER is a professional manufacturer of vibrating bowl feeders, offering custom vibration bowl feeder solutions for precise part feeding and automation.\" \/>\n<meta name=\"robots\" content=\"index, follow, max-snippet:-1, max-image-preview:large, max-video-preview:-1\" \/>\n<link rel=\"canonical\" href=\"https:\/\/swoer.com\/cs\/manufacturer\/vibrating-bowl-feeder-\uff0dvibration-bowl-feeder-\uff0dbowl-feeder\/\" \/>\n<meta property=\"og:locale\" content=\"cs_CZ\" \/>\n<meta property=\"og:type\" content=\"article\" \/>\n<meta property=\"og:title\" content=\"Vibrating Bowl Feeder \uff0dVibration Bowl Feeder \uff0dBowl Feeder - SWOER\" \/>\n<meta property=\"og:description\" content=\"SWOER is a professional manufacturer of vibrating bowl feeders, offering custom vibration bowl feeder solutions for precise part feeding and automation.\" \/>\n<meta property=\"og:url\" content=\"https:\/\/swoer.com\/cs\/manufacturer\/vibrating-bowl-feeder-\uff0dvibration-bowl-feeder-\uff0dbowl-feeder\/\" \/>\n<meta property=\"og:site_name\" content=\"SWOER\" \/>\n<meta property=\"article:modified_time\" content=\"2025-04-25T06:13:46+00:00\" \/>\n<meta property=\"og:image\" content=\"https:\/\/swoer.com\/wp-content\/uploads\/2025\/04\/Vibrating-Bowl-Feeder.webp\" \/>\n\t<meta property=\"og:image:width\" content=\"800\" \/>\n\t<meta property=\"og:image:height\" content=\"800\" \/>\n\t<meta property=\"og:image:type\" content=\"image\/webp\" \/>\n<meta name=\"twitter:card\" content=\"summary_large_image\" \/>\n<meta name=\"twitter:label1\" content=\"Odhadovan\u00e1 doba \u010dten\u00ed\" \/>\n\t<meta name=\"twitter:data1\" content=\"2 minuty\" \/>\n<script type=\"application\/ld+json\" class=\"yoast-schema-graph\">{\"@context\":\"https:\/\/schema.org\",\"@graph\":[{\"@type\":\"WebPage\",\"@id\":\"https:\/\/swoer.com\/manufacturer\/vibrating-bowl-feeder-%ef%bc%8dvibration-bowl-feeder-%ef%bc%8dbowl-feeder\/\",\"url\":\"https:\/\/swoer.com\/manufacturer\/vibrating-bowl-feeder-%ef%bc%8dvibration-bowl-feeder-%ef%bc%8dbowl-feeder\/\",\"name\":\"Vibrating Bowl Feeder \uff0dVibration Bowl Feeder \uff0dBowl Feeder - SWOER\",\"isPartOf\":{\"@id\":\"https:\/\/swoer.com\/#website\"},\"primaryImageOfPage\":{\"@id\":\"https:\/\/swoer.com\/manufacturer\/vibrating-bowl-feeder-%ef%bc%8dvibration-bowl-feeder-%ef%bc%8dbowl-feeder\/#primaryimage\"},\"image\":{\"@id\":\"https:\/\/swoer.com\/manufacturer\/vibrating-bowl-feeder-%ef%bc%8dvibration-bowl-feeder-%ef%bc%8dbowl-feeder\/#primaryimage\"},\"thumbnailUrl\":\"https:\/\/swoer.com\/wp-content\/uploads\/2025\/04\/Vibrating-Bowl-Feeder.webp\",\"datePublished\":\"2025-04-25T02:07:57+00:00\",\"dateModified\":\"2025-04-25T06:13:46+00:00\",\"description\":\"SWOER is a professional manufacturer of vibrating bowl feeders, offering custom vibration bowl feeder solutions for precise part feeding and automation.\",\"breadcrumb\":{\"@id\":\"https:\/\/swoer.com\/manufacturer\/vibrating-bowl-feeder-%ef%bc%8dvibration-bowl-feeder-%ef%bc%8dbowl-feeder\/#breadcrumb\"},\"inLanguage\":\"cs\",\"potentialAction\":[{\"@type\":\"ReadAction\",\"target\":[\"https:\/\/swoer.com\/manufacturer\/vibrating-bowl-feeder-%ef%bc%8dvibration-bowl-feeder-%ef%bc%8dbowl-feeder\/\"]}]},{\"@type\":\"ImageObject\",\"inLanguage\":\"cs\",\"@id\":\"https:\/\/swoer.com\/manufacturer\/vibrating-bowl-feeder-%ef%bc%8dvibration-bowl-feeder-%ef%bc%8dbowl-feeder\/#primaryimage\",\"url\":\"https:\/\/swoer.com\/wp-content\/uploads\/2025\/04\/Vibrating-Bowl-Feeder.webp\",\"contentUrl\":\"https:\/\/swoer.com\/wp-content\/uploads\/2025\/04\/Vibrating-Bowl-Feeder.webp\",\"width\":800,\"height\":800,\"caption\":\"Vibrating Bowl Feeder\"},{\"@type\":\"BreadcrumbList\",\"@id\":\"https:\/\/swoer.com\/manufacturer\/vibrating-bowl-feeder-%ef%bc%8dvibration-bowl-feeder-%ef%bc%8dbowl-feeder\/#breadcrumb\",\"itemListElement\":[{\"@type\":\"ListItem\",\"position\":1,\"name\":\"Home\",\"item\":\"https:\/\/swoer.com\/\"},{\"@type\":\"ListItem\",\"position\":2,\"name\":\"Shop\",\"item\":\"https:\/\/swoer.com\/shop\/\"},{\"@type\":\"ListItem\",\"position\":3,\"name\":\"Vibrating Bowl Feeder \uff0dVibration Bowl Feeder \uff0dBowl Feeder\"}]},{\"@type\":\"WebSite\",\"@id\":\"https:\/\/swoer.com\/#website\",\"url\":\"https:\/\/swoer.com\/\",\"name\":\"SWOER\",\"description\":\"Swoer is the top 3 vibratory bowl feeder manufacturer in China\",\"potentialAction\":[{\"@type\":\"SearchAction\",\"target\":{\"@type\":\"EntryPoint\",\"urlTemplate\":\"https:\/\/swoer.com\/?s={search_term_string}\"},\"query-input\":\"required name=search_term_string\"}],\"inLanguage\":\"cs\"}]}<\/script>\n<!-- \/ Yoast SEO plugin. -->","yoast_head_json":{"title":"Vibrating Bowl Feeder \uff0dVibration Bowl Feeder \uff0dBowl Feeder - SWOER","description":"SWOER is a professional manufacturer of vibrating bowl feeders, offering custom vibration bowl feeder solutions for precise part feeding and automation.","robots":{"index":"index","follow":"follow","max-snippet":"max-snippet:-1","max-image-preview":"max-image-preview:large","max-video-preview":"max-video-preview:-1"},"canonical":"https:\/\/swoer.com\/cs\/manufacturer\/vibrating-bowl-feeder-\uff0dvibration-bowl-feeder-\uff0dbowl-feeder\/","og_locale":"cs_CZ","og_type":"article","og_title":"Vibrating Bowl Feeder \uff0dVibration Bowl Feeder \uff0dBowl Feeder - SWOER","og_description":"SWOER is a professional manufacturer of vibrating bowl feeders, offering custom vibration bowl feeder solutions for precise part feeding and automation.","og_url":"https:\/\/swoer.com\/cs\/manufacturer\/vibrating-bowl-feeder-\uff0dvibration-bowl-feeder-\uff0dbowl-feeder\/","og_site_name":"SWOER","article_modified_time":"2025-04-25T06:13:46+00:00","og_image":[{"width":800,"height":800,"url":"https:\/\/swoer.com\/wp-content\/uploads\/2025\/04\/Vibrating-Bowl-Feeder.webp","type":"image\/webp"}],"twitter_card":"summary_large_image","twitter_misc":{"Odhadovan\u00e1 doba \u010dten\u00ed":"2 minuty"},"schema":{"@context":"https:\/\/schema.org","@graph":[{"@type":"WebPage","@id":"https:\/\/swoer.com\/manufacturer\/vibrating-bowl-feeder-%ef%bc%8dvibration-bowl-feeder-%ef%bc%8dbowl-feeder\/","url":"https:\/\/swoer.com\/manufacturer\/vibrating-bowl-feeder-%ef%bc%8dvibration-bowl-feeder-%ef%bc%8dbowl-feeder\/","name":"Vibrating Bowl Feeder \uff0dVibration Bowl Feeder \uff0dBowl Feeder - SWOER","isPartOf":{"@id":"https:\/\/swoer.com\/#website"},"primaryImageOfPage":{"@id":"https:\/\/swoer.com\/manufacturer\/vibrating-bowl-feeder-%ef%bc%8dvibration-bowl-feeder-%ef%bc%8dbowl-feeder\/#primaryimage"},"image":{"@id":"https:\/\/swoer.com\/manufacturer\/vibrating-bowl-feeder-%ef%bc%8dvibration-bowl-feeder-%ef%bc%8dbowl-feeder\/#primaryimage"},"thumbnailUrl":"https:\/\/swoer.com\/wp-content\/uploads\/2025\/04\/Vibrating-Bowl-Feeder.webp","datePublished":"2025-04-25T02:07:57+00:00","dateModified":"2025-04-25T06:13:46+00:00","description":"SWOER is a professional manufacturer of vibrating bowl feeders, offering custom vibration bowl feeder solutions for precise part feeding and automation.","breadcrumb":{"@id":"https:\/\/swoer.com\/manufacturer\/vibrating-bowl-feeder-%ef%bc%8dvibration-bowl-feeder-%ef%bc%8dbowl-feeder\/#breadcrumb"},"inLanguage":"cs","potentialAction":[{"@type":"ReadAction","target":["https:\/\/swoer.com\/manufacturer\/vibrating-bowl-feeder-%ef%bc%8dvibration-bowl-feeder-%ef%bc%8dbowl-feeder\/"]}]},{"@type":"ImageObject","inLanguage":"cs","@id":"https:\/\/swoer.com\/manufacturer\/vibrating-bowl-feeder-%ef%bc%8dvibration-bowl-feeder-%ef%bc%8dbowl-feeder\/#primaryimage","url":"https:\/\/swoer.com\/wp-content\/uploads\/2025\/04\/Vibrating-Bowl-Feeder.webp","contentUrl":"https:\/\/swoer.com\/wp-content\/uploads\/2025\/04\/Vibrating-Bowl-Feeder.webp","width":800,"height":800,"caption":"Vibrating Bowl Feeder"},{"@type":"BreadcrumbList","@id":"https:\/\/swoer.com\/manufacturer\/vibrating-bowl-feeder-%ef%bc%8dvibration-bowl-feeder-%ef%bc%8dbowl-feeder\/#breadcrumb","itemListElement":[{"@type":"ListItem","position":1,"name":"Home","item":"https:\/\/swoer.com\/"},{"@type":"ListItem","position":2,"name":"Shop","item":"https:\/\/swoer.com\/shop\/"},{"@type":"ListItem","position":3,"name":"Vibrating Bowl Feeder \uff0dVibration Bowl Feeder \uff0dBowl Feeder"}]},{"@type":"WebSite","@id":"https:\/\/swoer.com\/#website","url":"https:\/\/swoer.com\/","name":"SWOER","description":"Swoer is the top 3 vibratory bowl feeder manufacturer in China","potentialAction":[{"@type":"SearchAction","target":{"@type":"EntryPoint","urlTemplate":"https:\/\/swoer.com\/?s={search_term_string}"},"query-input":"required name=search_term_string"}],"inLanguage":"cs"}]}},"_links":{"self":[{"href":"https:\/\/swoer.com\/cs\/wp-json\/wp\/v2\/product\/3343"}],"collection":[{"href":"https:\/\/swoer.com\/cs\/wp-json\/wp\/v2\/product"}],"about":[{"href":"https:\/\/swoer.com\/cs\/wp-json\/wp\/v2\/types\/product"}],"replies":[{"embeddable":true,"href":"https:\/\/swoer.com\/cs\/wp-json\/wp\/v2\/comments?post=3343"}],"wp:featuredmedia":[{"embeddable":true,"href":"https:\/\/swoer.com\/cs\/wp-json\/wp\/v2\/media\/3344"}],"wp:attachment":[{"href":"https:\/\/swoer.com\/cs\/wp-json\/wp\/v2\/media?parent=3343"}],"wp:term":[{"taxonomy":"product_cat","embeddable":true,"href":"https:\/\/swoer.com\/cs\/wp-json\/wp\/v2\/product_cat?post=3343"},{"taxonomy":"product_tag","embeddable":true,"href":"https:\/\/swoer.com\/cs\/wp-json\/wp\/v2\/product_tag?post=3343"}],"curies":[{"name":"wp","href":"https:\/\/api.w.org\/{rel}","templated":true}]}}