{"id":3268,"date":"2025-04-02T10:32:36","date_gmt":"2025-04-02T02:32:36","guid":{"rendered":"https:\/\/swoer.com\/?post_type=product&#038;p=3268"},"modified":"2025-04-11T15:22:03","modified_gmt":"2025-04-11T07:22:03","slug":"vibratory-bowl-feeder-for-dust-seal-bowl-feeder-automation","status":"publish","type":"product","link":"https:\/\/swoer.com\/cs\/manufacturer\/vibratory-bowl-feeder-for-dust-seal-bowl-feeder-automation\/","title":{"rendered":"Vibra\u010dn\u00ed m\u00edsov\u00fd podava\u010d pro prachov\u00e9 t\u011bsn\u011bn\u00ed | Automatizace podava\u010de misek"},"content":{"rendered":"<h2 data-start=\"0\" data-end=\"59\"><strong data-start=\"0\" data-end=\"57\">Vlastn\u00ed vibra\u010dn\u00ed m\u00edsov\u00fd podava\u010d pro automatizaci prachov\u00e9ho t\u011bsn\u011bn\u00ed<\/strong><\/h2>\n<p class=\"\" data-start=\"61\" data-end=\"332\">N\u00e1\u0161 vibra\u010dn\u00ed miskov\u00fd podava\u010d pro prachov\u00e1 t\u011bsn\u011bn\u00ed je navr\u017een pro p\u0159esn\u00e9, stabiln\u00ed a efektivn\u00ed pod\u00e1v\u00e1n\u00ed d\u00edl\u016f v automatizovan\u00fdch v\u00fdrobn\u00edch link\u00e1ch. Tento podava\u010d je pln\u011b p\u0159izp\u016fsobiteln\u00fd na z\u00e1klad\u011b velikosti, tvaru a materi\u00e1lu prachov\u00e9ho t\u011bsn\u011bn\u00ed a zaji\u0161\u0165uje hladk\u00e9 a konzistentn\u00ed um\u00edst\u011bn\u00ed.<\/p>\n<h2 data-start=\"334\" data-end=\"378\"><strong data-start=\"338\" data-end=\"376\">Navr\u017eeno pro va\u0161e v\u00fdrobn\u00ed pot\u0159eby<\/strong><\/h2>\n<p class=\"\" data-start=\"379\" data-end=\"695\">Ve SWOER v\u00edme, \u017ee ka\u017ed\u00fd v\u00fdrobn\u00ed proces je jin\u00fd. To je d\u016fvod, pro\u010d nab\u00edz\u00edme zak\u00e1zkov\u00e9 n\u00e1vrhy, kter\u00e9 p\u0159esn\u011b odpov\u00eddaj\u00ed va\u0161im po\u017eadavk\u016fm, od velikosti m\u00edsy a uspo\u0159\u00e1d\u00e1n\u00ed dr\u00e1hy a\u017e po v\u00fdb\u011br materi\u00e1lu. A\u0165 u\u017e jsou va\u0161e t\u011bsn\u011bn\u00ed proti prachu k\u0159ehk\u00e1, nerovnom\u011brn\u011b tvarovan\u00e1 nebo vy\u017eaduj\u00ed pe\u010dliv\u00e9 zach\u00e1zen\u00ed, zajist\u00edme hladk\u00fd provoz s minim\u00e1ln\u00edm opot\u0159eben\u00edm sou\u010d\u00e1st\u00ed.<\/p>\n<h2 data-start=\"697\" data-end=\"730\"><strong data-start=\"701\" data-end=\"728\">Rychl\u00e9 a\u00a0spolehliv\u00e9 krmen\u00ed<\/strong><\/h2>\n<p class=\"\" data-start=\"731\" data-end=\"1005\">Na\u0161e vibra\u010dn\u00ed m\u00edsov\u00e9 podava\u010de jsou vyrobeny z vysoce kvalitn\u00ed nerezov\u00e9 oceli s odoln\u00fdmi povlaky a poskytuj\u00ed dlouhotrvaj\u00edc\u00ed v\u00fdkon. Optimalizovan\u00fd syst\u00e9m kontroly vibrac\u00ed zaji\u0161\u0165uje st\u00e1l\u00fd tok d\u00edl\u016f p\u0159i vysok\u00fdch rychlostech, co\u017e zvy\u0161uje efektivitu v\u00fdroby a sni\u017euje prostoje.<\/p>\n<h2 data-start=\"1007\" data-end=\"1057\"><strong data-start=\"1011\" data-end=\"1055\">Snadn\u00e1 integrace s automatiza\u010dn\u00edmi syst\u00e9my<\/strong><\/h2>\n<p class=\"\" data-start=\"1058\" data-end=\"1339\">Na\u0161e podava\u010de bezprobl\u00e9mov\u011b spolupracuj\u00ed s robotick\u00fdmi syst\u00e9my pick-and-place, vizu\u00e1ln\u00ed inspekc\u00ed a dal\u0161\u00edmi automatiza\u010dn\u00edmi nastaven\u00edmi, d\u00edky \u010demu\u017e jsou ide\u00e1ln\u00ed pro automobilov\u00fd pr\u016fmysl.<strong data-start=\"1197\" data-end=\"1248\">, <\/strong>elektronika a pr\u016fmysl t\u011bsn\u011bn\u00ed. Nab\u00edz\u00edme<strong data-start=\"1259\" data-end=\"1285\"> kompletn\u00ed p\u0159izp\u016fsoben\u00ed<\/strong> aby hladce zapadl do va\u0161\u00ed st\u00e1vaj\u00edc\u00ed v\u00fdrobn\u00ed linky.<\/p>\n<p class=\"\" data-start=\"1341\" data-end=\"1448\">Pot\u0159ebujete vlastn\u00ed vibra\u010dn\u00ed podava\u010d m\u00edsy pro prachov\u00e1 t\u011bsn\u011bn\u00ed? Kontaktujte SWOER je\u0161t\u011b dnes a prodiskutujte sv\u00e9 specifick\u00e9 pot\u0159eby!<\/p>\n\n<div class=\"wpcf7 no-js\" id=\"wpcf7-f280-o1\" lang=\"en-US\" dir=\"ltr\">\n<div class=\"screen-reader-response\"><p role=\"status\" aria-live=\"polite\" aria-atomic=\"true\"><\/p> <ul><\/ul><\/div>\n<form action=\"\/cs\/wp-json\/wp\/v2\/product\/3268#wpcf7-f280-o1\" method=\"post\" class=\"wpcf7-form init\" aria-label=\"Kontaktn\u00ed formul\u00e1\u0159\" novalidate=\"novalidate\" data-status=\"init\" data-trp-original-action=\"\/cs\/wp-json\/wp\/v2\/product\/3268#wpcf7-f280-o1\">\n<div style=\"display: none;\">\n<input type=\"hidden\" name=\"_wpcf7\" value=\"280\" \/>\n<input type=\"hidden\" name=\"_wpcf7_version\" value=\"5.9.2\" \/>\n<input type=\"hidden\" name=\"_wpcf7_locale\" value=\"en_US\" \/>\n<input type=\"hidden\" name=\"_wpcf7_unit_tag\" value=\"wpcf7-f280-o1\" \/>\n<input type=\"hidden\" name=\"_wpcf7_container_post\" value=\"0\" \/>\n<input type=\"hidden\" name=\"_wpcf7_posted_data_hash\" value=\"\" \/>\n<\/div>\n<div class='custom_contact_style'>\n\t<div class=\"row row-small\">\n\t\t<div class=\"col medium-6 small-12 large-6\">\n\t\t\t<div class=\"col-inner\">\n\t\t\t\t<p><span class=\"wpcf7-form-control-wrap\" data-name=\"your-name\"><input size=\"40\" class=\"wpcf7-form-control wpcf7-text wpcf7-validates-as-required\" aria-required=\"true\" aria-invalid=\"false\" placeholder=\"N\u00e1zev*\" value=\"\" type=\"text\" name=\"your-name\" \/><\/span>\n\t\t\t\t<\/p>\n\t\t\t<\/div>\n\t\t<\/div>\n\t\t<div class=\"col medium-6 small-12 large-6\">\n\t\t\t<div class=\"col-inner\">\n\t\t\t\t<p><span class=\"wpcf7-form-control-wrap\" data-name=\"your-email\"><input size=\"40\" class=\"wpcf7-form-control wpcf7-email wpcf7-validates-as-required wpcf7-text wpcf7-validates-as-email\" aria-required=\"true\" aria-invalid=\"false\" placeholder=\"E-mailem*\" value=\"\" type=\"email\" name=\"your-email\" \/><\/span>\n\t\t\t\t<\/p>\n\t\t\t<\/div>\n\t\t<\/div>\n\t<\/div>\n\t<div class='cus_contact_form_bottom'>\n\t\t<p><span class=\"wpcf7-form-control-wrap\" data-name=\"your-phone\"><input size=\"40\" class=\"wpcf7-form-control wpcf7-text\" aria-invalid=\"false\" placeholder=\"Telefon\" value=\"\" type=\"text\" name=\"your-phone\" \/><\/span>\n\t\t<\/p>\n\t<\/div>\n\t<div class='cus_contact_form_bottom'>\n\t\t<p><span class=\"wpcf7-form-control-wrap\" data-name=\"your-country\"><input size=\"40\" class=\"wpcf7-form-control wpcf7-text\" aria-invalid=\"false\" placeholder=\"Zem\u011b\" value=\"\" type=\"text\" name=\"your-country\" \/><\/span>\n\t\t<\/p>\n\t<\/div>\n\t<p><span class=\"wpcf7-form-control-wrap\" data-name=\"your-message\"><textarea cols=\"40\" rows=\"10\" class=\"wpcf7-form-control wpcf7-textarea wpcf7-validates-as-required\" aria-required=\"true\" aria-invalid=\"false\" placeholder=\"Va\u0161e zpr\u00e1va *\" name=\"your-message\"><\/textarea><\/span>\n\t<\/p>\n\t<div style=\"margin-bottom:10px;\">\n\t\t<p><span class=\"wpcf7-form-control-wrap kc_captcha cf7ic-toggle\" data-name=\"kc_captcha\"><span class=\"wpcf7-form-control wpcf7-radio\"><span class=\"captcha-image\" style=\"display: none;\"><span class=\"cf7ic_instructions\">Proka\u017ete, \u017ee jste \u010dlov\u011bk, v\u00fdb\u011brem<span> heart<\/span>.<\/span><label><input aria-label=\"1\" type=\"radio\" name=\"kc_captcha\" value=\"kc_human\" \/><svg aria-hidden=\"true\" role=\"img\" xmlns=\"http:\/\/www.w3.org\/2000\/svg\" viewbox=\"0 0 576 512\"><path fill=\"currentColor\" d=\"M415 24c-53 0-103 42-127 65-24-23-74-65-127-65C70 24 16 77 16 166c0 72 67 133 69 135l187 181c9 8 23 8 32 0l187-180c2-3 69-64 69-136 0-89-54-142-145-142z\"\/><\/svg><\/label><label><input aria-label=\"2\" type=\"radio\" name=\"kc_captcha\" value=\"bot\" \/><svg aria-hidden=\"true\" role=\"img\" xmlns=\"http:\/\/www.w3.org\/2000\/svg\" viewbox=\"0 0 512 512\"><path fill=\"currentColor\" d=\"M500 168h-55l-8-21a127 127 0 00-120-83H195a127 127 0 00-120 83l-8 21H12c-8 0-14 8-11 16l8 24a12 12 0 0011 8h29a64 64 0 00-33 56v48c0 16 6 31 16 42v62c0 13 11 24 24 24h48c13 0 24-11 24-24v-40h256v40c0 13 11 24 24 24h48c13 0 24-11 24-24v-62c10-11 16-26 16-42v-48c0-24-13-45-33-56h29a12 12 0 0011-8l8-24c3-8-3-16-11-16zm-365 2c9-25 33-42 60-42h122c27 0 51 17 60 42l15 38H120l15-38zM88 328a32 32 0 010-64c18 0 48 30 48 48s-30 16-48 16zm336 0c-18 0-48 2-48-16s30-48 48-48 32 14 32 32-14 32-32 32z\"\/><\/svg><\/label><label><input aria-label=\"3\" type=\"radio\" name=\"kc_captcha\" value=\"bot\" \/><svg aria-hidden=\"true\" role=\"img\" xmlns=\"http:\/\/www.w3.org\/2000\/svg\" viewbox=\"0 0 512 512\"><path fill=\"currentColor\" d=\"M512 176a176 176 0 01-209 173l-24 27a24 24 0 01-18 8h-37v40c0 13-11 24-24 24h-40v40c0 13-11 24-24 24H24c-13 0-24-11-24-24v-78c0-6 3-13 7-17l162-162a176 176 0 11343-55zm-176-48a48 48 0 1096 0 48 48 0 00-96 0z\"\/><\/svg><\/label>\r\n    <\/span>\r\n    <span style=\"display:none\">\r\n        <input type=\"text\" name=\"kc_honeypot\">\r\n    <\/span><\/span><\/span>\n\t\t<\/p>\n\t<\/div>\n\t<p><input class=\"wpcf7-form-control wpcf7-submit has-spinner\" type=\"submit\" value=\"Poslat zpr\u00e1vu\" \/>\n\t<\/p>\n<\/div><div class=\"wpcf7-response-output\" aria-hidden=\"true\"><\/div>\n<input type=\"hidden\" name=\"trp-form-language\" value=\"cs\"\/><\/form>\n<\/div>","protected":false},"excerpt":{"rendered":"<p>Automatizovan\u00fd podava\u010d misek pro manipulaci s prachov\u00fdm t\u011bsn\u011bn\u00edm.<\/p>\n<p>Vysoce \u00fa\u010dinn\u00fd vibra\u010dn\u00ed m\u00edsov\u00fd podava\u010d pro prachov\u00e9 t\u011bsn\u011bn\u00ed.<\/p>","protected":false},"featured_media":3269,"comment_status":"open","ping_status":"closed","template":"","meta":[],"product_cat":[37],"product_tag":[],"yoast_head":"<!-- This site is optimized with the Yoast SEO plugin v22.2 - https:\/\/yoast.com\/wordpress\/plugins\/seo\/ -->\n<title>Vibratory Bowl Feeder for Dust Seal | Bowl Feeder Automation - SWOER<\/title>\n<meta name=\"description\" content=\"Precision-engineered vibratory bowl feeder for dust seals. Reliable automation ensures smooth part feeding, enhancing manufacturing process efficiency.\" \/>\n<meta name=\"robots\" content=\"index, follow, max-snippet:-1, max-image-preview:large, max-video-preview:-1\" \/>\n<link rel=\"canonical\" href=\"https:\/\/swoer.com\/cs\/manufacturer\/vibratory-bowl-feeder-for-dust-seal-bowl-feeder-automation\/\" \/>\n<meta property=\"og:locale\" content=\"cs_CZ\" \/>\n<meta property=\"og:type\" content=\"article\" \/>\n<meta property=\"og:title\" content=\"Vibratory Bowl Feeder for Dust Seal | Bowl Feeder Automation - SWOER\" \/>\n<meta property=\"og:description\" content=\"Precision-engineered vibratory bowl feeder for dust seals. Reliable automation ensures smooth part feeding, enhancing manufacturing process efficiency.\" \/>\n<meta property=\"og:url\" content=\"https:\/\/swoer.com\/cs\/manufacturer\/vibratory-bowl-feeder-for-dust-seal-bowl-feeder-automation\/\" \/>\n<meta property=\"og:site_name\" content=\"SWOER\" \/>\n<meta property=\"article:modified_time\" content=\"2025-04-11T07:22:03+00:00\" \/>\n<meta property=\"og:image\" content=\"https:\/\/swoer.com\/wp-content\/uploads\/2025\/04\/vibratory-bowl-feeder-for-dust-seal.webp\" \/>\n\t<meta property=\"og:image:width\" content=\"1000\" \/>\n\t<meta property=\"og:image:height\" content=\"1000\" \/>\n\t<meta property=\"og:image:type\" content=\"image\/webp\" \/>\n<meta name=\"twitter:card\" content=\"summary_large_image\" \/>\n<meta name=\"twitter:label1\" content=\"Odhadovan\u00e1 doba \u010dten\u00ed\" \/>\n\t<meta name=\"twitter:data1\" content=\"2 minuty\" \/>\n<script type=\"application\/ld+json\" class=\"yoast-schema-graph\">{\"@context\":\"https:\/\/schema.org\",\"@graph\":[{\"@type\":\"WebPage\",\"@id\":\"https:\/\/swoer.com\/manufacturer\/vibratory-bowl-feeder-for-dust-seal-bowl-feeder-automation\/\",\"url\":\"https:\/\/swoer.com\/manufacturer\/vibratory-bowl-feeder-for-dust-seal-bowl-feeder-automation\/\",\"name\":\"Vibratory Bowl Feeder for Dust Seal | Bowl Feeder Automation - SWOER\",\"isPartOf\":{\"@id\":\"https:\/\/swoer.com\/#website\"},\"primaryImageOfPage\":{\"@id\":\"https:\/\/swoer.com\/manufacturer\/vibratory-bowl-feeder-for-dust-seal-bowl-feeder-automation\/#primaryimage\"},\"image\":{\"@id\":\"https:\/\/swoer.com\/manufacturer\/vibratory-bowl-feeder-for-dust-seal-bowl-feeder-automation\/#primaryimage\"},\"thumbnailUrl\":\"https:\/\/swoer.com\/wp-content\/uploads\/2025\/04\/vibratory-bowl-feeder-for-dust-seal.webp\",\"datePublished\":\"2025-04-02T02:32:36+00:00\",\"dateModified\":\"2025-04-11T07:22:03+00:00\",\"description\":\"Precision-engineered vibratory bowl feeder for dust seals. Reliable automation ensures smooth part feeding, enhancing manufacturing process efficiency.\",\"breadcrumb\":{\"@id\":\"https:\/\/swoer.com\/manufacturer\/vibratory-bowl-feeder-for-dust-seal-bowl-feeder-automation\/#breadcrumb\"},\"inLanguage\":\"cs\",\"potentialAction\":[{\"@type\":\"ReadAction\",\"target\":[\"https:\/\/swoer.com\/manufacturer\/vibratory-bowl-feeder-for-dust-seal-bowl-feeder-automation\/\"]}]},{\"@type\":\"ImageObject\",\"inLanguage\":\"cs\",\"@id\":\"https:\/\/swoer.com\/manufacturer\/vibratory-bowl-feeder-for-dust-seal-bowl-feeder-automation\/#primaryimage\",\"url\":\"https:\/\/swoer.com\/wp-content\/uploads\/2025\/04\/vibratory-bowl-feeder-for-dust-seal.webp\",\"contentUrl\":\"https:\/\/swoer.com\/wp-content\/uploads\/2025\/04\/vibratory-bowl-feeder-for-dust-seal.webp\",\"width\":1000,\"height\":1000,\"caption\":\"vibratory bowl feeder for dust seal\"},{\"@type\":\"BreadcrumbList\",\"@id\":\"https:\/\/swoer.com\/manufacturer\/vibratory-bowl-feeder-for-dust-seal-bowl-feeder-automation\/#breadcrumb\",\"itemListElement\":[{\"@type\":\"ListItem\",\"position\":1,\"name\":\"Home\",\"item\":\"https:\/\/swoer.com\/\"},{\"@type\":\"ListItem\",\"position\":2,\"name\":\"Shop\",\"item\":\"https:\/\/swoer.com\/shop\/\"},{\"@type\":\"ListItem\",\"position\":3,\"name\":\"Vibratory Bowl Feeder for Dust Seal | Bowl Feeder Automation\"}]},{\"@type\":\"WebSite\",\"@id\":\"https:\/\/swoer.com\/#website\",\"url\":\"https:\/\/swoer.com\/\",\"name\":\"SWOER\",\"description\":\"Swoer is the top 3 vibratory bowl feeder manufacturer in China\",\"potentialAction\":[{\"@type\":\"SearchAction\",\"target\":{\"@type\":\"EntryPoint\",\"urlTemplate\":\"https:\/\/swoer.com\/?s={search_term_string}\"},\"query-input\":\"required name=search_term_string\"}],\"inLanguage\":\"cs\"}]}<\/script>\n<!-- \/ Yoast SEO plugin. -->","yoast_head_json":{"title":"Vibratory Bowl Feeder for Dust Seal | Bowl Feeder Automation - SWOER","description":"Precision-engineered vibratory bowl feeder for dust seals. Reliable automation ensures smooth part feeding, enhancing manufacturing process efficiency.","robots":{"index":"index","follow":"follow","max-snippet":"max-snippet:-1","max-image-preview":"max-image-preview:large","max-video-preview":"max-video-preview:-1"},"canonical":"https:\/\/swoer.com\/cs\/manufacturer\/vibratory-bowl-feeder-for-dust-seal-bowl-feeder-automation\/","og_locale":"cs_CZ","og_type":"article","og_title":"Vibratory Bowl Feeder for Dust Seal | Bowl Feeder Automation - SWOER","og_description":"Precision-engineered vibratory bowl feeder for dust seals. Reliable automation ensures smooth part feeding, enhancing manufacturing process efficiency.","og_url":"https:\/\/swoer.com\/cs\/manufacturer\/vibratory-bowl-feeder-for-dust-seal-bowl-feeder-automation\/","og_site_name":"SWOER","article_modified_time":"2025-04-11T07:22:03+00:00","og_image":[{"width":1000,"height":1000,"url":"https:\/\/swoer.com\/wp-content\/uploads\/2025\/04\/vibratory-bowl-feeder-for-dust-seal.webp","type":"image\/webp"}],"twitter_card":"summary_large_image","twitter_misc":{"Odhadovan\u00e1 doba \u010dten\u00ed":"2 minuty"},"schema":{"@context":"https:\/\/schema.org","@graph":[{"@type":"WebPage","@id":"https:\/\/swoer.com\/manufacturer\/vibratory-bowl-feeder-for-dust-seal-bowl-feeder-automation\/","url":"https:\/\/swoer.com\/manufacturer\/vibratory-bowl-feeder-for-dust-seal-bowl-feeder-automation\/","name":"Vibratory Bowl Feeder for Dust Seal | Bowl Feeder Automation - SWOER","isPartOf":{"@id":"https:\/\/swoer.com\/#website"},"primaryImageOfPage":{"@id":"https:\/\/swoer.com\/manufacturer\/vibratory-bowl-feeder-for-dust-seal-bowl-feeder-automation\/#primaryimage"},"image":{"@id":"https:\/\/swoer.com\/manufacturer\/vibratory-bowl-feeder-for-dust-seal-bowl-feeder-automation\/#primaryimage"},"thumbnailUrl":"https:\/\/swoer.com\/wp-content\/uploads\/2025\/04\/vibratory-bowl-feeder-for-dust-seal.webp","datePublished":"2025-04-02T02:32:36+00:00","dateModified":"2025-04-11T07:22:03+00:00","description":"Precision-engineered vibratory bowl feeder for dust seals. Reliable automation ensures smooth part feeding, enhancing manufacturing process efficiency.","breadcrumb":{"@id":"https:\/\/swoer.com\/manufacturer\/vibratory-bowl-feeder-for-dust-seal-bowl-feeder-automation\/#breadcrumb"},"inLanguage":"cs","potentialAction":[{"@type":"ReadAction","target":["https:\/\/swoer.com\/manufacturer\/vibratory-bowl-feeder-for-dust-seal-bowl-feeder-automation\/"]}]},{"@type":"ImageObject","inLanguage":"cs","@id":"https:\/\/swoer.com\/manufacturer\/vibratory-bowl-feeder-for-dust-seal-bowl-feeder-automation\/#primaryimage","url":"https:\/\/swoer.com\/wp-content\/uploads\/2025\/04\/vibratory-bowl-feeder-for-dust-seal.webp","contentUrl":"https:\/\/swoer.com\/wp-content\/uploads\/2025\/04\/vibratory-bowl-feeder-for-dust-seal.webp","width":1000,"height":1000,"caption":"vibratory bowl feeder for dust seal"},{"@type":"BreadcrumbList","@id":"https:\/\/swoer.com\/manufacturer\/vibratory-bowl-feeder-for-dust-seal-bowl-feeder-automation\/#breadcrumb","itemListElement":[{"@type":"ListItem","position":1,"name":"Home","item":"https:\/\/swoer.com\/"},{"@type":"ListItem","position":2,"name":"Shop","item":"https:\/\/swoer.com\/shop\/"},{"@type":"ListItem","position":3,"name":"Vibratory Bowl Feeder for Dust Seal | Bowl Feeder Automation"}]},{"@type":"WebSite","@id":"https:\/\/swoer.com\/#website","url":"https:\/\/swoer.com\/","name":"SWOER","description":"Swoer is the top 3 vibratory bowl feeder manufacturer in China","potentialAction":[{"@type":"SearchAction","target":{"@type":"EntryPoint","urlTemplate":"https:\/\/swoer.com\/?s={search_term_string}"},"query-input":"required name=search_term_string"}],"inLanguage":"cs"}]}},"_links":{"self":[{"href":"https:\/\/swoer.com\/cs\/wp-json\/wp\/v2\/product\/3268"}],"collection":[{"href":"https:\/\/swoer.com\/cs\/wp-json\/wp\/v2\/product"}],"about":[{"href":"https:\/\/swoer.com\/cs\/wp-json\/wp\/v2\/types\/product"}],"replies":[{"embeddable":true,"href":"https:\/\/swoer.com\/cs\/wp-json\/wp\/v2\/comments?post=3268"}],"wp:featuredmedia":[{"embeddable":true,"href":"https:\/\/swoer.com\/cs\/wp-json\/wp\/v2\/media\/3269"}],"wp:attachment":[{"href":"https:\/\/swoer.com\/cs\/wp-json\/wp\/v2\/media?parent=3268"}],"wp:term":[{"taxonomy":"product_cat","embeddable":true,"href":"https:\/\/swoer.com\/cs\/wp-json\/wp\/v2\/product_cat?post=3268"},{"taxonomy":"product_tag","embeddable":true,"href":"https:\/\/swoer.com\/cs\/wp-json\/wp\/v2\/product_tag?post=3268"}],"curies":[{"name":"wp","href":"https:\/\/api.w.org\/{rel}","templated":true}]}}