{"id":3090,"date":"2025-03-05T15:55:13","date_gmt":"2025-03-05T07:55:13","guid":{"rendered":"https:\/\/swoer.com\/?post_type=product&#038;p=3090"},"modified":"2025-03-06T10:55:06","modified_gmt":"2025-03-06T02:55:06","slug":"pneumatic-feeder-with-an-escapement","status":"publish","type":"product","link":"https:\/\/swoer.com\/cs\/manufacturer\/pneumatic-feeder-with-an-escapement\/","title":{"rendered":"Pneumatick\u00fd podava\u010d s \u00fanikem | Vibra\u010dn\u00ed podava\u010d"},"content":{"rendered":"<section class=\"section\" id=\"section_1840278902\">\n\t\t<div class=\"bg section-bg fill bg-fill  bg-loaded\" >\n\n\t\t\t\n\t\t\t\n\t\t\t\n\n\t\t<\/div>\n\n\t\t\n\n\t\t<div class=\"section-content relative\">\n\t\t\t\n<h2>Specifikace<\/h2>\n<table width=\"874\">\n<tbody>\n<tr>\n<td width=\"183\">jm\u00e9no v\u00fdrobku<\/td>\n<td width=\"691\">Pneumatick\u00fd podava\u010d s \u00fanikem | Vibra\u010dn\u00ed podava\u010d<\/td>\n<\/tr>\n<tr>\n<td>Materi\u00e1l<\/td>\n<td>\u00a0SUS201\/304<\/td>\n<\/tr>\n<tr>\n<td>Specialita materi\u00e1lu<\/td>\n<td>Kovac\u00ed slitina zpracovan\u00e1 za studena, Vysok\u00e1 pevnost, Vysok\u00e1 tvrdost<\/td>\n<\/tr>\n<tr>\n<td>Nap\u011bt\u00ed<\/td>\n<td>220V<\/td>\n<\/tr>\n<tr>\n<td>Nap\u00e1jen\u00ed<\/td>\n<td>65W \/150W \/180W \/ 220W \/ 350W<\/td>\n<\/tr>\n<tr>\n<td>Autentizace<\/td>\n<td>CE, ROHS, ISO9001<\/td>\n<\/tr>\n<tr>\n<td>Z\u00e1ruka<\/td>\n<td>1 rok z\u00e1ruka<\/td>\n<\/tr>\n<tr>\n<td>MOQ<\/td>\n<td>1 set<\/td>\n<\/tr>\n<tr>\n<td>Dodac\u00ed lh\u016fta<\/td>\n<td>10-14 dn\u00ed<\/td>\n<\/tr>\n<tr>\n<td>Platebn\u00ed lh\u016fta<\/td>\n<td>T\/T 40% Z\u00e1loha a z\u016fstatek p\u0159ed odesl\u00e1n\u00edm<\/td>\n<\/tr>\n<tr>\n<td>Original of Place<\/td>\n<td>\u010c\u00edna<\/td>\n<\/tr>\n<\/tbody>\n<\/table>\n\t\t<\/div>\n\n\t\t\n<style>\n#section_1840278902 {\n  padding-top: 30px;\n  padding-bottom: 30px;\n}\n#section_1840278902 .ux-shape-divider--top svg {\n  height: 150px;\n  --divider-top-width: 100%;\n}\n#section_1840278902 .ux-shape-divider--bottom svg {\n  height: 150px;\n  --divider-width: 100%;\n}\n<\/style>\n\t<\/section>\n\t\n\t<section class=\"section\" id=\"section_540668585\">\n\t\t<div class=\"bg section-bg fill bg-fill  bg-loaded\" >\n\n\t\t\t\n\t\t\t\n\t\t\t\n\n\t\t<\/div>\n\n\t\t\n\n\t\t<div class=\"section-content relative\">\n\t\t\t\n<h2>Vlastn\u00ed v\u00fdhody SWOER<\/h2>\n<ol>\n<li><strong>P\u0159esn\u00e9 in\u017een\u00fdrstv\u00ed pro lep\u0161\u00ed v\u00fdkon<\/strong><br \/>\nSWOER navrhuje misky vibra\u010dn\u00edho podava\u010de s \u00faniky pro hladk\u00e9 a p\u0159esn\u00e9 pod\u00e1v\u00e1n\u00ed d\u00edl\u016f. Na\u0161e vlastn\u00ed \u0159e\u0161en\u00ed maximalizuj\u00ed efektivitu va\u0161\u00ed v\u00fdrobn\u00ed linky.<\/li>\n<li><strong>Vlastn\u00ed \u0159e\u0161en\u00ed pro v\u0161echny typy d\u00edl\u016f<\/strong><br \/>\nA\u0165 u\u017e manipulujete s k\u0159ehk\u00fdmi plastov\u00fdmi d\u00edly, mal\u00fdmi kovov\u00fdmi sou\u010d\u00e1stmi nebo farmaceutick\u00fdmi produkty, SWOER p\u0159izp\u016fsob\u00ed ka\u017edou misku podava\u010de tak, aby vyhovovala va\u0161im v\u00fdrobn\u00edm pot\u0159eb\u00e1m.<\/li>\n<li><strong>Vyrobeno pro odolnost a dlouhotrvaj\u00edc\u00ed pou\u017eit\u00ed<\/strong><br \/>\nMisky krm\u00edtka SWOER jsou vyrobeny z vysoce kvalitn\u00edch materi\u00e1l\u016f a povrchov\u00fdch \u00faprav, jako je pry\u017eov\u00e1 pod\u0161\u00edvka a eloxovan\u00fd hlin\u00edk, aby vydr\u017eely d\u00e9le a zvl\u00e1dly opot\u0159eben\u00ed p\u0159i velkos\u00e9riov\u00e9 v\u00fdrob\u011b.<\/li>\n<li><strong>\u00danikov\u00fd mechanismus pro p\u0159esn\u00e9 krmen\u00ed<\/strong><br \/>\nN\u00e1\u0161 \u00fanikov\u00fd syst\u00e9m p\u0159esn\u011b odd\u011bluje d\u00edly, sni\u017euje prostoje a zlep\u0161uje prezentaci d\u00edl\u016f. To zvy\u0161uje rychlost va\u0161\u00ed produkce a sni\u017euje pravd\u011bpodobnost chyb.<\/li>\n<li><strong>Rychl\u00e9 nastaven\u00ed pro snadn\u00e9 nastaven\u00ed<\/strong><br \/>\nSWOER nab\u00edz\u00ed zak\u00e1zkov\u00e9 d\u00edly, kter\u00e9 v\u00e1m umo\u017en\u00ed rychle upravit podava\u010d pro r\u016fzn\u00e9 d\u00edly nebo nastaven\u00ed v\u00fdrobn\u00ed linky, co\u017e usnad\u0148uje p\u0159izp\u016fsoben\u00ed v p\u0159\u00edpad\u011b pot\u0159eby.<\/li>\n<li><strong>Snadn\u00e1 integrace se st\u00e1vaj\u00edc\u00edmi syst\u00e9my<\/strong><br \/>\nNa\u0161e vibra\u010dn\u00ed podava\u010de s \u00fanikov\u00fdmi kan\u00e1ly jsou navr\u017eeny tak, aby fungovaly s va\u0161\u00edm sou\u010dasn\u00fdm vybaven\u00edm, tak\u017ee m\u016f\u017eete sv\u016fj syst\u00e9m bez probl\u00e9m\u016f upgradovat a zajistit, aby v\u0161e fungovalo hladce.<\/li>\n<li><strong>N\u00e1kladov\u011b efektivn\u00ed pro lep\u0161\u00ed n\u00e1vratnost investic<\/strong><br \/>\nVlastn\u00ed vibra\u010dn\u00ed podava\u010de SWOER zlep\u0161uj\u00ed manipulaci s d\u00edly, sni\u017euj\u00ed mno\u017estv\u00ed odpadu a omezuj\u00ed naru\u0161en\u00ed, co\u017e v\u00e1m p\u0159in\u00e1\u0161\u00ed lep\u0161\u00ed n\u00e1vratnost va\u0161\u00ed investice.<\/li>\n<li><strong>Odborn\u00e1 pomoc a nep\u0159etr\u017eit\u00e1 podpora<\/strong><br \/>\nN\u00e1\u0161 t\u00fdm odborn\u00edk\u016f s v\u00e1mi \u00fazce spolupracuje, abychom pochopili va\u0161e pot\u0159eby a navrhli nejlep\u0161\u00ed \u0159e\u0161en\u00ed podava\u010d\u016f. Poskytujeme tak\u00e9 trvalou podporu, aby v\u00e1\u0161 syst\u00e9m fungoval hladce.<\/li>\n<\/ol>\n\t\t<\/div>\n\n\t\t\n<style>\n#section_540668585 {\n  padding-top: 30px;\n  padding-bottom: 30px;\n}\n#section_540668585 .ux-shape-divider--top svg {\n  height: 150px;\n  --divider-top-width: 100%;\n}\n#section_540668585 .ux-shape-divider--bottom svg {\n  height: 150px;\n  --divider-width: 100%;\n}\n<\/style>\n\t<\/section>\n\t\n\t<section class=\"section\" id=\"section_32922579\">\n\t\t<div class=\"bg section-bg fill bg-fill  bg-loaded\" >\n\n\t\t\t\n\t\t\t\n\t\t\t\n\n\t\t<\/div>\n\n\t\t\n\n\t\t<div class=\"section-content relative\">\n\t\t\t\n<h2 style=\"text-align: center;\">Kontaktujte n\u00e1s<\/h2>\n\t<div id=\"gap-931531456\" class=\"gap-element clearfix\" style=\"display:block; height:auto;\">\n\t\t\n<style>\n#gap-931531456 {\n  padding-top: 30px;\n}\n<\/style>\n\t<\/div>\n\t\n\n<div class=\"wpcf7 no-js\" id=\"wpcf7-f280-o1\" lang=\"en-US\" dir=\"ltr\">\n<div class=\"screen-reader-response\"><p role=\"status\" aria-live=\"polite\" aria-atomic=\"true\"><\/p> <ul><\/ul><\/div>\n<form action=\"\/cs\/wp-json\/wp\/v2\/product\/3090#wpcf7-f280-o1\" method=\"post\" class=\"wpcf7-form init\" aria-label=\"Kontaktn\u00ed formul\u00e1\u0159\" novalidate=\"novalidate\" data-status=\"init\" data-trp-original-action=\"\/cs\/wp-json\/wp\/v2\/product\/3090#wpcf7-f280-o1\">\n<div style=\"display: none;\">\n<input type=\"hidden\" name=\"_wpcf7\" value=\"280\" \/>\n<input type=\"hidden\" name=\"_wpcf7_version\" value=\"5.9.2\" \/>\n<input type=\"hidden\" name=\"_wpcf7_locale\" value=\"en_US\" \/>\n<input type=\"hidden\" name=\"_wpcf7_unit_tag\" value=\"wpcf7-f280-o1\" \/>\n<input type=\"hidden\" name=\"_wpcf7_container_post\" value=\"0\" \/>\n<input type=\"hidden\" name=\"_wpcf7_posted_data_hash\" value=\"\" \/>\n<\/div>\n<div class='custom_contact_style'>\n\t<div class=\"row row-small\">\n\t\t<div class=\"col medium-6 small-12 large-6\">\n\t\t\t<div class=\"col-inner\">\n\t\t\t\t<p><span class=\"wpcf7-form-control-wrap\" data-name=\"your-name\"><input size=\"40\" class=\"wpcf7-form-control wpcf7-text wpcf7-validates-as-required\" aria-required=\"true\" aria-invalid=\"false\" placeholder=\"N\u00e1zev*\" value=\"\" type=\"text\" name=\"your-name\" \/><\/span>\n\t\t\t\t<\/p>\n\t\t\t<\/div>\n\t\t<\/div>\n\t\t<div class=\"col medium-6 small-12 large-6\">\n\t\t\t<div class=\"col-inner\">\n\t\t\t\t<p><span class=\"wpcf7-form-control-wrap\" data-name=\"your-email\"><input size=\"40\" class=\"wpcf7-form-control wpcf7-email wpcf7-validates-as-required wpcf7-text wpcf7-validates-as-email\" aria-required=\"true\" aria-invalid=\"false\" placeholder=\"E-mailem*\" value=\"\" type=\"email\" name=\"your-email\" \/><\/span>\n\t\t\t\t<\/p>\n\t\t\t<\/div>\n\t\t<\/div>\n\t<\/div>\n\t<div class='cus_contact_form_bottom'>\n\t\t<p><span class=\"wpcf7-form-control-wrap\" data-name=\"your-phone\"><input size=\"40\" class=\"wpcf7-form-control wpcf7-text\" aria-invalid=\"false\" placeholder=\"Telefon\" value=\"\" type=\"text\" name=\"your-phone\" \/><\/span>\n\t\t<\/p>\n\t<\/div>\n\t<div class='cus_contact_form_bottom'>\n\t\t<p><span class=\"wpcf7-form-control-wrap\" data-name=\"your-country\"><input size=\"40\" class=\"wpcf7-form-control wpcf7-text\" aria-invalid=\"false\" placeholder=\"Zem\u011b\" value=\"\" type=\"text\" name=\"your-country\" \/><\/span>\n\t\t<\/p>\n\t<\/div>\n\t<p><span class=\"wpcf7-form-control-wrap\" data-name=\"your-message\"><textarea cols=\"40\" rows=\"10\" class=\"wpcf7-form-control wpcf7-textarea wpcf7-validates-as-required\" aria-required=\"true\" aria-invalid=\"false\" placeholder=\"Va\u0161e zpr\u00e1va *\" name=\"your-message\"><\/textarea><\/span>\n\t<\/p>\n\t<div style=\"margin-bottom:10px;\">\n\t\t<p><span class=\"wpcf7-form-control-wrap kc_captcha cf7ic-toggle\" data-name=\"kc_captcha\"><span class=\"wpcf7-form-control wpcf7-radio\"><span class=\"captcha-image\" style=\"display: none;\"><span class=\"cf7ic_instructions\">Proka\u017ete, \u017ee jste \u010dlov\u011bk, v\u00fdb\u011brem<span> plane<\/span>.<\/span><label><input aria-label=\"1\" type=\"radio\" name=\"kc_captcha\" value=\"bot\" \/><svg aria-hidden=\"true\" role=\"img\" xmlns=\"http:\/\/www.w3.org\/2000\/svg\" viewbox=\"0 0 576 512\"><path fill=\"currentColor\" d=\"M488 313v143c0 13-11 24-24 24H348c-7 0-12-5-12-12V356c0-7-5-12-12-12h-72c-7 0-12 5-12 12v112c0 7-5 12-12 12H112c-13 0-24-11-24-24V313c0-4 2-7 4-10l188-154c5-4 11-4 16 0l188 154c2 3 4 6 4 10zm84-61l-84-69V44c0-6-5-12-12-12h-56c-7 0-12 6-12 12v73l-89-74a48 48 0 00-61 0L4 252c-5 4-5 12-1 17l25 31c5 5 12 5 17 1l235-193c5-4 11-4 16 0l235 193c5 5 13 4 17-1l25-31c4-6 4-13-1-17z\"\/><\/svg><\/label><label><input aria-label=\"2\" type=\"radio\" name=\"kc_captcha\" value=\"bot\" \/><svg aria-hidden=\"true\" role=\"img\" xmlns=\"http:\/\/www.w3.org\/2000\/svg\" viewbox=\"0 0 640 512\"><path fill=\"currentColor\" d=\"M192 384h192c53 0 96-43 96-96h32a128 128 0 000-256H120c-13 0-24 11-24 24v232c0 53 43 96 96 96zM512 96a64 64 0 010 128h-32V96h32zm48 384H48c-47 0-61-64-36-64h584c25 0 11 64-36 64z\"\/><\/svg><\/label><label><input aria-label=\"3\" type=\"radio\" name=\"kc_captcha\" value=\"kc_human\" \/><svg aria-hidden=\"true\" role=\"img\" xmlns=\"http:\/\/www.w3.org\/2000\/svg\" viewbox=\"0 0 576 512\"><path fill=\"currentColor\" d=\"M472 200H360L256 6a12 12 0 00-10-6h-58c-8 0-14 7-12 15l34 185H100l-35-58a12 12 0 00-10-6H12c-8 0-13 7-12 14l21 106L0 362c-1 7 4 14 12 14h43c4 0 8-2 10-6l35-58h110l-34 185c-2 8 4 15 12 15h58a12 12 0 0010-6l104-194h112c57 0 104-25 104-56s-47-56-104-56z\"\/><\/svg><\/label>\r\n    <\/span>\r\n    <span style=\"display:none\">\r\n        <input type=\"text\" name=\"kc_honeypot\">\r\n    <\/span><\/span><\/span>\n\t\t<\/p>\n\t<\/div>\n\t<p><input class=\"wpcf7-form-control wpcf7-submit has-spinner\" type=\"submit\" value=\"Poslat zpr\u00e1vu\" \/>\n\t<\/p>\n<\/div><div class=\"wpcf7-response-output\" aria-hidden=\"true\"><\/div>\n<input type=\"hidden\" name=\"trp-form-language\" value=\"cs\"\/><\/form>\n<\/div>\n\n\t\t<\/div>\n\n\t\t\n<style>\n#section_32922579 {\n  padding-top: 30px;\n  padding-bottom: 30px;\n}\n#section_32922579 .ux-shape-divider--top svg {\n  height: 150px;\n  --divider-top-width: 100%;\n}\n#section_32922579 .ux-shape-divider--bottom svg {\n  height: 150px;\n  --divider-width: 100%;\n}\n<\/style>\n\t<\/section>","protected":false},"excerpt":{"rendered":"<p>Pneumatick\u00fd podava\u010d SWOER s Escapementem je navr\u017een pro hladk\u00e9 a p\u0159esn\u00e9 pod\u00e1v\u00e1n\u00ed d\u00edl\u016f. Jako d\u016fv\u011bryhodn\u00fd v\u00fdrobce vibra\u010dn\u00edch podava\u010d\u016f poskytujeme z\u00e1kaznick\u00e1 \u0159e\u0161en\u00ed, kter\u00e1 vyhovuj\u00ed va\u0161im pot\u0159eb\u00e1m v oblasti automatizace. Na\u0161e podava\u010de zaji\u0161\u0165uj\u00ed stabiln\u00ed a efektivn\u00ed v\u00fdkon pro pr\u016fmyslov\u00e1 odv\u011btv\u00ed, jako je automobilov\u00fd pr\u016fmysl, elektronika a l\u00e9ka\u0159sk\u00e1 za\u0159\u00edzen\u00ed. Kontaktujte SWOER je\u0161t\u011b dnes pro \u0159e\u0161en\u00ed krmen\u00ed na m\u00edru pro zlep\u0161en\u00ed va\u0161\u00ed v\u00fdroby!<\/p>","protected":false},"featured_media":3091,"comment_status":"open","ping_status":"closed","template":"","meta":[],"product_cat":[37],"product_tag":[],"yoast_head":"<!-- This site is optimized with the Yoast SEO plugin v22.2 - https:\/\/yoast.com\/wordpress\/plugins\/seo\/ -->\n<title>Pneumatic Feeder with an Escapement | Vibratory Feeder - SWOER<\/title>\n<meta name=\"description\" content=\"Swoer is a Chinese manufacturer with rich experience in producing custom vibratory feeder bowls with escapement, reliable quality, and favorable factory prices.\" \/>\n<meta name=\"robots\" content=\"index, follow, max-snippet:-1, max-image-preview:large, max-video-preview:-1\" \/>\n<link rel=\"canonical\" href=\"https:\/\/swoer.com\/cs\/manufacturer\/pneumatic-feeder-with-an-escapement\/\" \/>\n<meta property=\"og:locale\" content=\"cs_CZ\" \/>\n<meta property=\"og:type\" content=\"article\" \/>\n<meta property=\"og:title\" content=\"Pneumatic Feeder with an Escapement | Vibratory Feeder - SWOER\" \/>\n<meta property=\"og:description\" content=\"Swoer is a Chinese manufacturer with rich experience in producing custom vibratory feeder bowls with escapement, reliable quality, and favorable factory prices.\" \/>\n<meta property=\"og:url\" content=\"https:\/\/swoer.com\/cs\/manufacturer\/pneumatic-feeder-with-an-escapement\/\" \/>\n<meta property=\"og:site_name\" content=\"SWOER\" \/>\n<meta property=\"article:modified_time\" content=\"2025-03-06T02:55:06+00:00\" \/>\n<meta property=\"og:image\" content=\"https:\/\/swoer.com\/wp-content\/uploads\/2024\/12\/Vibratory-Feeder-Bowl-with-an-Escapement.webp\" \/>\n\t<meta property=\"og:image:width\" content=\"1000\" \/>\n\t<meta property=\"og:image:height\" content=\"1000\" \/>\n\t<meta property=\"og:image:type\" content=\"image\/webp\" \/>\n<meta name=\"twitter:card\" content=\"summary_large_image\" \/>\n<meta name=\"twitter:label1\" content=\"Odhadovan\u00e1 doba \u010dten\u00ed\" \/>\n\t<meta name=\"twitter:data1\" content=\"2 minuty\" \/>\n<script type=\"application\/ld+json\" class=\"yoast-schema-graph\">{\"@context\":\"https:\/\/schema.org\",\"@graph\":[{\"@type\":\"WebPage\",\"@id\":\"https:\/\/swoer.com\/manufacturer\/pneumatic-feeder-with-an-escapement\/\",\"url\":\"https:\/\/swoer.com\/manufacturer\/pneumatic-feeder-with-an-escapement\/\",\"name\":\"Pneumatic Feeder with an Escapement | Vibratory Feeder - SWOER\",\"isPartOf\":{\"@id\":\"https:\/\/swoer.com\/#website\"},\"primaryImageOfPage\":{\"@id\":\"https:\/\/swoer.com\/manufacturer\/pneumatic-feeder-with-an-escapement\/#primaryimage\"},\"image\":{\"@id\":\"https:\/\/swoer.com\/manufacturer\/pneumatic-feeder-with-an-escapement\/#primaryimage\"},\"thumbnailUrl\":\"https:\/\/swoer.com\/wp-content\/uploads\/2024\/12\/Vibratory-Feeder-Bowl-with-an-Escapement.webp\",\"datePublished\":\"2025-03-05T07:55:13+00:00\",\"dateModified\":\"2025-03-06T02:55:06+00:00\",\"description\":\"Swoer is a Chinese manufacturer with rich experience in producing custom vibratory feeder bowls with escapement, reliable quality, and favorable factory prices.\",\"breadcrumb\":{\"@id\":\"https:\/\/swoer.com\/manufacturer\/pneumatic-feeder-with-an-escapement\/#breadcrumb\"},\"inLanguage\":\"cs\",\"potentialAction\":[{\"@type\":\"ReadAction\",\"target\":[\"https:\/\/swoer.com\/manufacturer\/pneumatic-feeder-with-an-escapement\/\"]}]},{\"@type\":\"ImageObject\",\"inLanguage\":\"cs\",\"@id\":\"https:\/\/swoer.com\/manufacturer\/pneumatic-feeder-with-an-escapement\/#primaryimage\",\"url\":\"https:\/\/swoer.com\/wp-content\/uploads\/2024\/12\/Vibratory-Feeder-Bowl-with-an-Escapement.webp\",\"contentUrl\":\"https:\/\/swoer.com\/wp-content\/uploads\/2024\/12\/Vibratory-Feeder-Bowl-with-an-Escapement.webp\",\"width\":1000,\"height\":1000,\"caption\":\"Vibratory Feeder Bowl with an Escapement\"},{\"@type\":\"BreadcrumbList\",\"@id\":\"https:\/\/swoer.com\/manufacturer\/pneumatic-feeder-with-an-escapement\/#breadcrumb\",\"itemListElement\":[{\"@type\":\"ListItem\",\"position\":1,\"name\":\"Home\",\"item\":\"https:\/\/swoer.com\/\"},{\"@type\":\"ListItem\",\"position\":2,\"name\":\"Shop\",\"item\":\"https:\/\/swoer.com\/shop\/\"},{\"@type\":\"ListItem\",\"position\":3,\"name\":\"Pneumatic Feeder with an Escapement | Vibratory Feeder\"}]},{\"@type\":\"WebSite\",\"@id\":\"https:\/\/swoer.com\/#website\",\"url\":\"https:\/\/swoer.com\/\",\"name\":\"SWOER\",\"description\":\"Swoer is the top 3 vibratory bowl feeder manufacturer in China\",\"potentialAction\":[{\"@type\":\"SearchAction\",\"target\":{\"@type\":\"EntryPoint\",\"urlTemplate\":\"https:\/\/swoer.com\/?s={search_term_string}\"},\"query-input\":\"required name=search_term_string\"}],\"inLanguage\":\"cs\"}]}<\/script>\n<!-- \/ Yoast SEO plugin. -->","yoast_head_json":{"title":"Pneumatic Feeder with an Escapement | Vibratory Feeder - SWOER","description":"Swoer is a Chinese manufacturer with rich experience in producing custom vibratory feeder bowls with escapement, reliable quality, and favorable factory prices.","robots":{"index":"index","follow":"follow","max-snippet":"max-snippet:-1","max-image-preview":"max-image-preview:large","max-video-preview":"max-video-preview:-1"},"canonical":"https:\/\/swoer.com\/cs\/manufacturer\/pneumatic-feeder-with-an-escapement\/","og_locale":"cs_CZ","og_type":"article","og_title":"Pneumatic Feeder with an Escapement | Vibratory Feeder - SWOER","og_description":"Swoer is a Chinese manufacturer with rich experience in producing custom vibratory feeder bowls with escapement, reliable quality, and favorable factory prices.","og_url":"https:\/\/swoer.com\/cs\/manufacturer\/pneumatic-feeder-with-an-escapement\/","og_site_name":"SWOER","article_modified_time":"2025-03-06T02:55:06+00:00","og_image":[{"width":1000,"height":1000,"url":"https:\/\/swoer.com\/wp-content\/uploads\/2024\/12\/Vibratory-Feeder-Bowl-with-an-Escapement.webp","type":"image\/webp"}],"twitter_card":"summary_large_image","twitter_misc":{"Odhadovan\u00e1 doba \u010dten\u00ed":"2 minuty"},"schema":{"@context":"https:\/\/schema.org","@graph":[{"@type":"WebPage","@id":"https:\/\/swoer.com\/manufacturer\/pneumatic-feeder-with-an-escapement\/","url":"https:\/\/swoer.com\/manufacturer\/pneumatic-feeder-with-an-escapement\/","name":"Pneumatic Feeder with an Escapement | Vibratory Feeder - SWOER","isPartOf":{"@id":"https:\/\/swoer.com\/#website"},"primaryImageOfPage":{"@id":"https:\/\/swoer.com\/manufacturer\/pneumatic-feeder-with-an-escapement\/#primaryimage"},"image":{"@id":"https:\/\/swoer.com\/manufacturer\/pneumatic-feeder-with-an-escapement\/#primaryimage"},"thumbnailUrl":"https:\/\/swoer.com\/wp-content\/uploads\/2024\/12\/Vibratory-Feeder-Bowl-with-an-Escapement.webp","datePublished":"2025-03-05T07:55:13+00:00","dateModified":"2025-03-06T02:55:06+00:00","description":"Swoer is a Chinese manufacturer with rich experience in producing custom vibratory feeder bowls with escapement, reliable quality, and favorable factory prices.","breadcrumb":{"@id":"https:\/\/swoer.com\/manufacturer\/pneumatic-feeder-with-an-escapement\/#breadcrumb"},"inLanguage":"cs","potentialAction":[{"@type":"ReadAction","target":["https:\/\/swoer.com\/manufacturer\/pneumatic-feeder-with-an-escapement\/"]}]},{"@type":"ImageObject","inLanguage":"cs","@id":"https:\/\/swoer.com\/manufacturer\/pneumatic-feeder-with-an-escapement\/#primaryimage","url":"https:\/\/swoer.com\/wp-content\/uploads\/2024\/12\/Vibratory-Feeder-Bowl-with-an-Escapement.webp","contentUrl":"https:\/\/swoer.com\/wp-content\/uploads\/2024\/12\/Vibratory-Feeder-Bowl-with-an-Escapement.webp","width":1000,"height":1000,"caption":"Vibratory Feeder Bowl with an Escapement"},{"@type":"BreadcrumbList","@id":"https:\/\/swoer.com\/manufacturer\/pneumatic-feeder-with-an-escapement\/#breadcrumb","itemListElement":[{"@type":"ListItem","position":1,"name":"Home","item":"https:\/\/swoer.com\/"},{"@type":"ListItem","position":2,"name":"Shop","item":"https:\/\/swoer.com\/shop\/"},{"@type":"ListItem","position":3,"name":"Pneumatic Feeder with an Escapement | Vibratory Feeder"}]},{"@type":"WebSite","@id":"https:\/\/swoer.com\/#website","url":"https:\/\/swoer.com\/","name":"SWOER","description":"Swoer is the top 3 vibratory bowl feeder manufacturer in China","potentialAction":[{"@type":"SearchAction","target":{"@type":"EntryPoint","urlTemplate":"https:\/\/swoer.com\/?s={search_term_string}"},"query-input":"required name=search_term_string"}],"inLanguage":"cs"}]}},"_links":{"self":[{"href":"https:\/\/swoer.com\/cs\/wp-json\/wp\/v2\/product\/3090"}],"collection":[{"href":"https:\/\/swoer.com\/cs\/wp-json\/wp\/v2\/product"}],"about":[{"href":"https:\/\/swoer.com\/cs\/wp-json\/wp\/v2\/types\/product"}],"replies":[{"embeddable":true,"href":"https:\/\/swoer.com\/cs\/wp-json\/wp\/v2\/comments?post=3090"}],"wp:featuredmedia":[{"embeddable":true,"href":"https:\/\/swoer.com\/cs\/wp-json\/wp\/v2\/media\/3091"}],"wp:attachment":[{"href":"https:\/\/swoer.com\/cs\/wp-json\/wp\/v2\/media?parent=3090"}],"wp:term":[{"taxonomy":"product_cat","embeddable":true,"href":"https:\/\/swoer.com\/cs\/wp-json\/wp\/v2\/product_cat?post=3090"},{"taxonomy":"product_tag","embeddable":true,"href":"https:\/\/swoer.com\/cs\/wp-json\/wp\/v2\/product_tag?post=3090"}],"curies":[{"name":"wp","href":"https:\/\/api.w.org\/{rel}","templated":true}]}}