{"id":2798,"date":"2024-11-06T22:05:54","date_gmt":"2024-11-06T14:05:54","guid":{"rendered":"https:\/\/swoer.com\/?post_type=product&#038;p=2798"},"modified":"2025-03-21T09:07:14","modified_gmt":"2025-03-21T01:07:14","slug":"two-tracks-vibratory-bowl-feeder-for-plastic-parts","status":"publish","type":"product","link":"https:\/\/swoer.com\/cs\/manufacturer\/two-tracks-vibratory-bowl-feeder-for-plastic-parts\/","title":{"rendered":"Dvoustop\u00fd vibra\u010dn\u00ed m\u00edsov\u00fd podava\u010d pro plastov\u00e9 d\u00edly"},"content":{"rendered":"<h2>Specifikace<\/h2>\n<table width=\"874\">\n<tbody>\n<tr>\n<td width=\"183\">jm\u00e9no v\u00fdrobku<\/td>\n<td width=\"691\">Dvoustop\u00fd vibra\u010dn\u00ed m\u00edsov\u00fd podava\u010d pro plastov\u00e9 d\u00edly<\/td>\n<\/tr>\n<tr>\n<td>Materi\u00e1l<\/td>\n<td>\u00a0SUS201\/304<\/td>\n<\/tr>\n<tr>\n<td>Specialita materi\u00e1lu<\/td>\n<td>Kovac\u00ed slitina zpracovan\u00e1 za studena, Vysok\u00e1 pevnost, Vysok\u00e1 tvrdost<\/td>\n<\/tr>\n<tr>\n<td>Nap\u011bt\u00ed<\/td>\n<td>220V<\/td>\n<\/tr>\n<tr>\n<td>Nap\u00e1jen\u00ed<\/td>\n<td>65W \/150W \/180W \/ 220W \/ 350W<\/td>\n<\/tr>\n<tr>\n<td>Autentizace<\/td>\n<td>CE, ROHS, ISO9001<\/td>\n<\/tr>\n<tr>\n<td>Z\u00e1ruka<\/td>\n<td>1 rok z\u00e1ruka<\/td>\n<\/tr>\n<tr>\n<td>MOQ<\/td>\n<td>1 set<\/td>\n<\/tr>\n<tr>\n<td>Dodac\u00ed lh\u016fta<\/td>\n<td>10-14 dn\u00ed<\/td>\n<\/tr>\n<tr>\n<td>Platebn\u00ed lh\u016fta<\/td>\n<td>T\/T 40% Z\u00e1loha a z\u016fstatek p\u0159ed odesl\u00e1n\u00edm<\/td>\n<\/tr>\n<tr>\n<td>Original of Place<\/td>\n<td>\u010c\u00edna<\/td>\n<\/tr>\n<\/tbody>\n<\/table>\n\t<div id=\"gap-1319978858\" class=\"gap-element clearfix\" style=\"display:block; height:auto;\">\n\t\t\n<style>\n#gap-1319978858 {\n  padding-top: 30px;\n}\n<\/style>\n\t<\/div>\n\t\n<h2>Funkce<\/h2>\n<ol>\n<li><strong>Dvoustop\u00fd design<\/strong>: Manipuluje s v\u00edce plastov\u00fdmi d\u00edly sou\u010dasn\u011b, co\u017e zvy\u0161uje efektivitu v\u00fdroby.<\/li>\n<li><strong>Zv\u00fd\u0161en\u00e1 rychlost v\u00fdroby<\/strong>: V\u00fdrazn\u011b sni\u017euje v\u00fdrobn\u00ed cykly, aby byly spln\u011bny po\u017eadavky na vysok\u00fd v\u00fdkon.<\/li>\n<li><strong>Sn\u00ed\u017een\u00ed prostoj\u016f<\/strong>: Optimalizuje p\u0159enos materi\u00e1lu, sni\u017euje \u010detnost \u00fadr\u017eby a zaji\u0161\u0165uje nep\u0159etr\u017eitou v\u00fdrobu.<\/li>\n<li><strong>Siln\u00e1 kompatibilita<\/strong>: Snadno se integruje do r\u016fzn\u00fdch automatiza\u010dn\u00edch syst\u00e9m\u016f a zvy\u0161uje celkovou efektivitu.<\/li>\n<li><strong>P\u0159esn\u00e1 orientace<\/strong>: Zaji\u0161\u0165uje p\u0159esn\u00e9 um\u00edst\u011bn\u00ed d\u00edl\u016f b\u011bhem p\u0159epravy, minimalizuje chyby a pl\u00fdtv\u00e1n\u00ed.<\/li>\n<li><strong>Trvanlivost<\/strong>: Vyrobeno z vysoce kvalitn\u00edch materi\u00e1l\u016f pro dlouhodob\u00e9 pou\u017e\u00edv\u00e1n\u00ed, co\u017e sni\u017euje frekvenci v\u00fdm\u011bny.<\/li>\n<li><strong>\u00daspora m\u00edsta<\/strong>: Dvoustop\u00e1 konstrukce zab\u00edr\u00e1 m\u00e9n\u011b m\u00edsta a optimalizuje rozlo\u017een\u00ed tov\u00e1rny.<\/li>\n<\/ol>\n\t<div id=\"gap-347687936\" class=\"gap-element clearfix\" style=\"display:block; height:auto;\">\n\t\t\n<style>\n#gap-347687936 {\n  padding-top: 30px;\n}\n<\/style>\n\t<\/div>\n\t\n<h3><strong>Kontaktujte na\u0161e in\u017een\u00fdry<\/strong><\/h3>\n<p>P\u0159izp\u016fsobte si vibra\u010dn\u00ed podava\u010d podle tvaru a velikosti va\u0161ich d\u00edl\u016f a rychlosti, kterou pot\u0159ebujete.<\/p>\n\n<div class=\"wpcf7 no-js\" id=\"wpcf7-f5-o1\" lang=\"en-US\" dir=\"ltr\">\n<div class=\"screen-reader-response\"><p role=\"status\" aria-live=\"polite\" aria-atomic=\"true\"><\/p> <ul><\/ul><\/div>\n<form action=\"\/cs\/wp-json\/wp\/v2\/product\/2798#wpcf7-f5-o1\" method=\"post\" class=\"wpcf7-form init\" aria-label=\"Kontaktn\u00ed formul\u00e1\u0159\" novalidate=\"novalidate\" data-status=\"init\" data-trp-original-action=\"\/cs\/wp-json\/wp\/v2\/product\/2798#wpcf7-f5-o1\">\n<div style=\"display: none;\">\n<input type=\"hidden\" name=\"_wpcf7\" value=\"5\" \/>\n<input type=\"hidden\" name=\"_wpcf7_version\" value=\"5.9.2\" \/>\n<input type=\"hidden\" name=\"_wpcf7_locale\" value=\"en_US\" \/>\n<input type=\"hidden\" name=\"_wpcf7_unit_tag\" value=\"wpcf7-f5-o1\" \/>\n<input type=\"hidden\" name=\"_wpcf7_container_post\" value=\"0\" \/>\n<input type=\"hidden\" name=\"_wpcf7_posted_data_hash\" value=\"\" \/>\n<\/div>\n<div class='custom_contact_style'>\n\t<p><label> Tv\u00e9 jm\u00e9no<br \/>\n<span class=\"wpcf7-form-control-wrap\" data-name=\"your-name\"><input size=\"40\" class=\"wpcf7-form-control wpcf7-text wpcf7-validates-as-required\" autocomplete=\"name\" aria-required=\"true\" aria-invalid=\"false\" value=\"\" type=\"text\" name=\"your-name\" \/><\/span> <\/label>\n\t<\/p>\n\t<p><label> Tv\u016fj e-mail<br \/>\n<span class=\"wpcf7-form-control-wrap\" data-name=\"your-email\"><input size=\"40\" class=\"wpcf7-form-control wpcf7-email wpcf7-validates-as-required wpcf7-text wpcf7-validates-as-email\" autocomplete=\"email\" aria-required=\"true\" aria-invalid=\"false\" value=\"\" type=\"email\" name=\"your-email\" \/><\/span> <\/label>\n\t<\/p>\n\t<p><label> Va\u0161e zpr\u00e1va (voliteln\u00e9)<br \/>\n<span class=\"wpcf7-form-control-wrap\" data-name=\"your-message\"><textarea cols=\"40\" rows=\"10\" class=\"wpcf7-form-control wpcf7-textarea\" aria-invalid=\"false\" name=\"your-message\"><\/textarea><\/span> <\/label>\n\t<\/p>\n\t<div style=\"margin-bottom:10px;\">\n\t\t<p><span class=\"wpcf7-form-control-wrap kc_captcha cf7ic-toggle\" data-name=\"kc_captcha\"><span class=\"wpcf7-form-control wpcf7-radio\"><span class=\"captcha-image\" style=\"display: none;\"><span class=\"cf7ic_instructions\">Proka\u017ete, \u017ee jste \u010dlov\u011bk, v\u00fdb\u011brem<span> kl\u00ed\u010d<\/span>.<\/span><label><input aria-label=\"1\" type=\"radio\" name=\"kc_captcha\" value=\"bot\" \/><svg aria-hidden=\"true\" role=\"img\" xmlns=\"http:\/\/www.w3.org\/2000\/svg\" viewbox=\"0 0 640 512\"><path fill=\"currentColor\" d=\"M192 384h192c53 0 96-43 96-96h32a128 128 0 000-256H120c-13 0-24 11-24 24v232c0 53 43 96 96 96zM512 96a64 64 0 010 128h-32V96h32zm48 384H48c-47 0-61-64-36-64h584c25 0 11 64-36 64z\"\/><\/svg><\/label><label><input aria-label=\"2\" type=\"radio\" name=\"kc_captcha\" value=\"kc_human\" \/><svg aria-hidden=\"true\" role=\"img\" xmlns=\"http:\/\/www.w3.org\/2000\/svg\" viewbox=\"0 0 512 512\"><path fill=\"currentColor\" d=\"M512 176a176 176 0 01-209 173l-24 27a24 24 0 01-18 8h-37v40c0 13-11 24-24 24h-40v40c0 13-11 24-24 24H24c-13 0-24-11-24-24v-78c0-6 3-13 7-17l162-162a176 176 0 11343-55zm-176-48a48 48 0 1096 0 48 48 0 00-96 0z\"\/><\/svg><\/label><label><input aria-label=\"3\" type=\"radio\" name=\"kc_captcha\" value=\"bot\" \/><svg aria-hidden=\"true\" role=\"img\" xmlns=\"http:\/\/www.w3.org\/2000\/svg\" viewbox=\"0 0 384 512\"><path fill=\"currentColor\" d=\"M377 375l-83-87h34c21 0 32-25 17-40l-82-88h33c21 0 32-25 18-40L210 8c-10-11-26-11-36 0L70 120c-14 15-3 40 18 40h33l-82 88c-15 15-4 40 17 40h34L7 375c-15 16-4 41 17 41h120c0 33-11 49-34 68-12 9-5 28 10 28h144c15 0 22-19 10-28-20-16-34-32-34-68h120c21 0 32-25 17-41z\"\/><\/svg><\/label>\r\n    <\/span>\r\n    <span style=\"display:none\">\r\n        <input type=\"text\" name=\"kc_honeypot\">\r\n    <\/span><\/span><\/span>\n\t\t<\/p>\n\t<\/div>\n\t<p><input class=\"wpcf7-form-control wpcf7-submit has-spinner\" type=\"submit\" value=\"P\u0159edlo\u017eit\" \/>\n\t<\/p>\n<\/div><div class=\"wpcf7-response-output\" aria-hidden=\"true\"><\/div>\n<input type=\"hidden\" name=\"trp-form-language\" value=\"cs\"\/><\/form>\n<\/div>","protected":false},"excerpt":{"rendered":"<p>Dvoustop\u00fd vibra\u010dn\u00ed m\u00edsov\u00fd podava\u010d SWOER pou\u017e\u00edv\u00e1 dvoustop\u00fd syst\u00e9m pro manipulaci s plastov\u00fdmi d\u00edly sou\u010dasn\u011b, co\u017e v\u00fdrazn\u011b zvy\u0161uje rychlost v\u00fdroby. Jako 3 p\u0159edn\u00ed \u010d\u00ednsk\u00fd v\u00fdrobce vibra\u010dn\u00edch podava\u010d\u016f je SWOER zn\u00e1m\u00fd t\u00edm, \u017ee poskytuje odoln\u00e1 a p\u0159esn\u00e1 automatiza\u010dn\u00ed \u0159e\u0161en\u00ed p\u0159izp\u016fsoben\u00e1 va\u0161im v\u00fdrobn\u00edm pot\u0159eb\u00e1m.<\/p>","protected":false},"featured_media":2799,"comment_status":"open","ping_status":"closed","template":"","meta":[],"product_cat":[37],"product_tag":[],"yoast_head":"<!-- This site is optimized with the Yoast SEO plugin v22.2 - https:\/\/yoast.com\/wordpress\/plugins\/seo\/ -->\n<title>Two Tracks Vibratory Feeder | Vibratory Feeder for Plastic Parts<\/title>\n<meta name=\"description\" content=\"SWOER\u2019s Two Tracks Vibratory Bowl Feeder for plastic parts speeds up production, reduces downtime, and fits seamlessly into various automation systems.\" \/>\n<meta name=\"robots\" content=\"index, follow, max-snippet:-1, max-image-preview:large, max-video-preview:-1\" \/>\n<link rel=\"canonical\" href=\"https:\/\/swoer.com\/cs\/manufacturer\/two-tracks-vibratory-bowl-feeder-for-plastic-parts\/\" \/>\n<meta property=\"og:locale\" content=\"cs_CZ\" \/>\n<meta property=\"og:type\" content=\"article\" \/>\n<meta property=\"og:title\" content=\"Two Tracks Vibratory Feeder | Vibratory Feeder for Plastic Parts\" \/>\n<meta property=\"og:description\" content=\"SWOER\u2019s Two Tracks Vibratory Bowl Feeder for plastic parts speeds up production, reduces downtime, and fits seamlessly into various automation systems.\" \/>\n<meta property=\"og:url\" content=\"https:\/\/swoer.com\/cs\/manufacturer\/two-tracks-vibratory-bowl-feeder-for-plastic-parts\/\" \/>\n<meta property=\"og:site_name\" content=\"SWOER\" \/>\n<meta property=\"article:modified_time\" content=\"2025-03-21T01:07:14+00:00\" \/>\n<meta property=\"og:image\" content=\"https:\/\/swoer.com\/wp-content\/uploads\/2024\/10\/Two-Tracks-Vibratory-Bowl-Feeder-for-Plastic-Parts-.webp\" \/>\n\t<meta property=\"og:image:width\" content=\"1000\" \/>\n\t<meta property=\"og:image:height\" content=\"1000\" \/>\n\t<meta property=\"og:image:type\" content=\"image\/webp\" \/>\n<meta name=\"twitter:card\" content=\"summary_large_image\" \/>\n<meta name=\"twitter:label1\" content=\"Odhadovan\u00e1 doba \u010dten\u00ed\" \/>\n\t<meta name=\"twitter:data1\" content=\"1 minuta\" \/>\n<script type=\"application\/ld+json\" class=\"yoast-schema-graph\">{\"@context\":\"https:\/\/schema.org\",\"@graph\":[{\"@type\":\"WebPage\",\"@id\":\"https:\/\/swoer.com\/manufacturer\/two-tracks-vibratory-bowl-feeder-for-plastic-parts\/\",\"url\":\"https:\/\/swoer.com\/manufacturer\/two-tracks-vibratory-bowl-feeder-for-plastic-parts\/\",\"name\":\"Two Tracks Vibratory Feeder | Vibratory Feeder for Plastic Parts\",\"isPartOf\":{\"@id\":\"https:\/\/swoer.com\/#website\"},\"primaryImageOfPage\":{\"@id\":\"https:\/\/swoer.com\/manufacturer\/two-tracks-vibratory-bowl-feeder-for-plastic-parts\/#primaryimage\"},\"image\":{\"@id\":\"https:\/\/swoer.com\/manufacturer\/two-tracks-vibratory-bowl-feeder-for-plastic-parts\/#primaryimage\"},\"thumbnailUrl\":\"https:\/\/swoer.com\/wp-content\/uploads\/2024\/10\/Two-Tracks-Vibratory-Bowl-Feeder-for-Plastic-Parts-.webp\",\"datePublished\":\"2024-11-06T14:05:54+00:00\",\"dateModified\":\"2025-03-21T01:07:14+00:00\",\"description\":\"SWOER\u2019s Two Tracks Vibratory Bowl Feeder for plastic parts speeds up production, reduces downtime, and fits seamlessly into various automation systems.\",\"breadcrumb\":{\"@id\":\"https:\/\/swoer.com\/manufacturer\/two-tracks-vibratory-bowl-feeder-for-plastic-parts\/#breadcrumb\"},\"inLanguage\":\"cs\",\"potentialAction\":[{\"@type\":\"ReadAction\",\"target\":[\"https:\/\/swoer.com\/manufacturer\/two-tracks-vibratory-bowl-feeder-for-plastic-parts\/\"]}]},{\"@type\":\"ImageObject\",\"inLanguage\":\"cs\",\"@id\":\"https:\/\/swoer.com\/manufacturer\/two-tracks-vibratory-bowl-feeder-for-plastic-parts\/#primaryimage\",\"url\":\"https:\/\/swoer.com\/wp-content\/uploads\/2024\/10\/Two-Tracks-Vibratory-Bowl-Feeder-for-Plastic-Parts-.webp\",\"contentUrl\":\"https:\/\/swoer.com\/wp-content\/uploads\/2024\/10\/Two-Tracks-Vibratory-Bowl-Feeder-for-Plastic-Parts-.webp\",\"width\":1000,\"height\":1000,\"caption\":\"Two Tracks Vibratory Bowl Feeder for Plastic Parts\"},{\"@type\":\"BreadcrumbList\",\"@id\":\"https:\/\/swoer.com\/manufacturer\/two-tracks-vibratory-bowl-feeder-for-plastic-parts\/#breadcrumb\",\"itemListElement\":[{\"@type\":\"ListItem\",\"position\":1,\"name\":\"Home\",\"item\":\"https:\/\/swoer.com\/\"},{\"@type\":\"ListItem\",\"position\":2,\"name\":\"Shop\",\"item\":\"https:\/\/swoer.com\/shop\/\"},{\"@type\":\"ListItem\",\"position\":3,\"name\":\"Two Tracks Vibratory Bowl Feeder for Plastic Parts\"}]},{\"@type\":\"WebSite\",\"@id\":\"https:\/\/swoer.com\/#website\",\"url\":\"https:\/\/swoer.com\/\",\"name\":\"SWOER\",\"description\":\"Swoer is the top 3 vibratory bowl feeder manufacturer in China\",\"potentialAction\":[{\"@type\":\"SearchAction\",\"target\":{\"@type\":\"EntryPoint\",\"urlTemplate\":\"https:\/\/swoer.com\/?s={search_term_string}\"},\"query-input\":\"required name=search_term_string\"}],\"inLanguage\":\"cs\"}]}<\/script>\n<!-- \/ Yoast SEO plugin. -->","yoast_head_json":{"title":"Two Tracks Vibratory Feeder | Vibratory Feeder for Plastic Parts","description":"SWOER\u2019s Two Tracks Vibratory Bowl Feeder for plastic parts speeds up production, reduces downtime, and fits seamlessly into various automation systems.","robots":{"index":"index","follow":"follow","max-snippet":"max-snippet:-1","max-image-preview":"max-image-preview:large","max-video-preview":"max-video-preview:-1"},"canonical":"https:\/\/swoer.com\/cs\/manufacturer\/two-tracks-vibratory-bowl-feeder-for-plastic-parts\/","og_locale":"cs_CZ","og_type":"article","og_title":"Two Tracks Vibratory Feeder | Vibratory Feeder for Plastic Parts","og_description":"SWOER\u2019s Two Tracks Vibratory Bowl Feeder for plastic parts speeds up production, reduces downtime, and fits seamlessly into various automation systems.","og_url":"https:\/\/swoer.com\/cs\/manufacturer\/two-tracks-vibratory-bowl-feeder-for-plastic-parts\/","og_site_name":"SWOER","article_modified_time":"2025-03-21T01:07:14+00:00","og_image":[{"width":1000,"height":1000,"url":"https:\/\/swoer.com\/wp-content\/uploads\/2024\/10\/Two-Tracks-Vibratory-Bowl-Feeder-for-Plastic-Parts-.webp","type":"image\/webp"}],"twitter_card":"summary_large_image","twitter_misc":{"Odhadovan\u00e1 doba \u010dten\u00ed":"1 minuta"},"schema":{"@context":"https:\/\/schema.org","@graph":[{"@type":"WebPage","@id":"https:\/\/swoer.com\/manufacturer\/two-tracks-vibratory-bowl-feeder-for-plastic-parts\/","url":"https:\/\/swoer.com\/manufacturer\/two-tracks-vibratory-bowl-feeder-for-plastic-parts\/","name":"Two Tracks Vibratory Feeder | Vibratory Feeder for Plastic Parts","isPartOf":{"@id":"https:\/\/swoer.com\/#website"},"primaryImageOfPage":{"@id":"https:\/\/swoer.com\/manufacturer\/two-tracks-vibratory-bowl-feeder-for-plastic-parts\/#primaryimage"},"image":{"@id":"https:\/\/swoer.com\/manufacturer\/two-tracks-vibratory-bowl-feeder-for-plastic-parts\/#primaryimage"},"thumbnailUrl":"https:\/\/swoer.com\/wp-content\/uploads\/2024\/10\/Two-Tracks-Vibratory-Bowl-Feeder-for-Plastic-Parts-.webp","datePublished":"2024-11-06T14:05:54+00:00","dateModified":"2025-03-21T01:07:14+00:00","description":"SWOER\u2019s Two Tracks Vibratory Bowl Feeder for plastic parts speeds up production, reduces downtime, and fits seamlessly into various automation systems.","breadcrumb":{"@id":"https:\/\/swoer.com\/manufacturer\/two-tracks-vibratory-bowl-feeder-for-plastic-parts\/#breadcrumb"},"inLanguage":"cs","potentialAction":[{"@type":"ReadAction","target":["https:\/\/swoer.com\/manufacturer\/two-tracks-vibratory-bowl-feeder-for-plastic-parts\/"]}]},{"@type":"ImageObject","inLanguage":"cs","@id":"https:\/\/swoer.com\/manufacturer\/two-tracks-vibratory-bowl-feeder-for-plastic-parts\/#primaryimage","url":"https:\/\/swoer.com\/wp-content\/uploads\/2024\/10\/Two-Tracks-Vibratory-Bowl-Feeder-for-Plastic-Parts-.webp","contentUrl":"https:\/\/swoer.com\/wp-content\/uploads\/2024\/10\/Two-Tracks-Vibratory-Bowl-Feeder-for-Plastic-Parts-.webp","width":1000,"height":1000,"caption":"Two Tracks Vibratory Bowl Feeder for Plastic Parts"},{"@type":"BreadcrumbList","@id":"https:\/\/swoer.com\/manufacturer\/two-tracks-vibratory-bowl-feeder-for-plastic-parts\/#breadcrumb","itemListElement":[{"@type":"ListItem","position":1,"name":"Home","item":"https:\/\/swoer.com\/"},{"@type":"ListItem","position":2,"name":"Shop","item":"https:\/\/swoer.com\/shop\/"},{"@type":"ListItem","position":3,"name":"Two Tracks Vibratory Bowl Feeder for Plastic Parts"}]},{"@type":"WebSite","@id":"https:\/\/swoer.com\/#website","url":"https:\/\/swoer.com\/","name":"SWOER","description":"Swoer is the top 3 vibratory bowl feeder manufacturer in China","potentialAction":[{"@type":"SearchAction","target":{"@type":"EntryPoint","urlTemplate":"https:\/\/swoer.com\/?s={search_term_string}"},"query-input":"required name=search_term_string"}],"inLanguage":"cs"}]}},"_links":{"self":[{"href":"https:\/\/swoer.com\/cs\/wp-json\/wp\/v2\/product\/2798"}],"collection":[{"href":"https:\/\/swoer.com\/cs\/wp-json\/wp\/v2\/product"}],"about":[{"href":"https:\/\/swoer.com\/cs\/wp-json\/wp\/v2\/types\/product"}],"replies":[{"embeddable":true,"href":"https:\/\/swoer.com\/cs\/wp-json\/wp\/v2\/comments?post=2798"}],"wp:featuredmedia":[{"embeddable":true,"href":"https:\/\/swoer.com\/cs\/wp-json\/wp\/v2\/media\/2799"}],"wp:attachment":[{"href":"https:\/\/swoer.com\/cs\/wp-json\/wp\/v2\/media?parent=2798"}],"wp:term":[{"taxonomy":"product_cat","embeddable":true,"href":"https:\/\/swoer.com\/cs\/wp-json\/wp\/v2\/product_cat?post=2798"},{"taxonomy":"product_tag","embeddable":true,"href":"https:\/\/swoer.com\/cs\/wp-json\/wp\/v2\/product_tag?post=2798"}],"curies":[{"name":"wp","href":"https:\/\/api.w.org\/{rel}","templated":true}]}}