{"id":2630,"date":"2024-09-07T17:30:09","date_gmt":"2024-09-07T09:30:09","guid":{"rendered":"https:\/\/swoer.com\/?post_type=product&#038;p=2630"},"modified":"2024-09-26T13:53:10","modified_gmt":"2024-09-26T05:53:10","slug":"bowl-feeder-with-vision-system-for-precise-parts-sorting","status":"publish","type":"product","link":"https:\/\/swoer.com\/cs\/manufacturer\/bowl-feeder-with-vision-system-for-precise-parts-sorting\/","title":{"rendered":"Miskov\u00fd podava\u010d se syst\u00e9mem Vision pro p\u0159esn\u00e9 t\u0159\u00edd\u011bn\u00ed d\u00edl\u016f"},"content":{"rendered":"<h2>Miskov\u00fd podava\u010d se syst\u00e9mem Vision nab\u00edz\u00ed n\u011bkolik v\u00fdhod:<\/h2>\n<ol>\n<li><strong>Vysok\u00e1 p\u0159esnost: <\/strong>P\u0159esn\u011b t\u0159\u00edd\u00ed d\u00edly na z\u00e1klad\u011b jejich zam\u011b\u0159en\u00ed a zlep\u0161uje kvalitu produktu.<\/li>\n<li><strong>Zv\u00fd\u0161en\u00e1 \u00fa\u010dinnost:<\/strong> Automatizuje t\u0159\u00edd\u011bn\u00ed, sni\u017euje ru\u010dn\u00ed pr\u00e1ci a chyby.<\/li>\n<li><strong>P\u0159izp\u016fsobitelnost:<\/strong> M\u016f\u017eete jej p\u0159izp\u016fsobit r\u016fzn\u00fdm tvar\u016fm a velikostem d\u00edl\u016f.<\/li>\n<li><strong>Zp\u011btn\u00e1 vazba v re\u00e1ln\u00e9m \u010dase:<\/strong> Syst\u00e9m vid\u011bn\u00ed poskytuje okam\u017eitou zp\u011btnou vazbu a zaji\u0161\u0165uje konzistentn\u00ed v\u00fdkon.<\/li>\n<li><strong>N\u00e1kladov\u011b efektivn\u00ed:<\/strong> Sni\u017euje prostoje a provozn\u00ed n\u00e1klady zefektivn\u011bn\u00edm procesu t\u0159\u00edd\u011bn\u00ed.<\/li>\n<\/ol>\n<p>Tato kombinace automatizace a inteligentn\u00edho vid\u011bn\u00ed zaji\u0161\u0165uje p\u0159esnou, spolehlivou a efektivn\u00ed manipulaci s d\u00edly.<\/p>\n\t<div id=\"gap-62124531\" class=\"gap-element clearfix\" style=\"display:block; height:auto;\">\n\t\t\n<style>\n#gap-62124531 {\n  padding-top: 30px;\n}\n<\/style>\n\t<\/div>\n\t\n<h2>Specifikace<\/h2>\n<table width=\"874\">\n<tbody>\n<tr>\n<td width=\"183\">jm\u00e9no v\u00fdrobku<\/td>\n<td width=\"691\">\u00a0Miskov\u00fd podava\u010d se syst\u00e9mem Vision pro p\u0159esn\u00e9 t\u0159\u00edd\u011bn\u00ed d\u00edl\u016f<\/td>\n<\/tr>\n<tr>\n<td>Materi\u00e1l<\/td>\n<td>\u00a0SUS201\/304<\/td>\n<\/tr>\n<tr>\n<td>Specialita materi\u00e1lu<\/td>\n<td>Kovac\u00ed slitina zpracovan\u00e1 za studena, Vysok\u00e1 pevnost, Vysok\u00e1 tvrdost<\/td>\n<\/tr>\n<tr>\n<td>Nap\u011bt\u00ed<\/td>\n<td>220V<\/td>\n<\/tr>\n<tr>\n<td>Nap\u00e1jen\u00ed<\/td>\n<td>65W \/150W \/180W \/ 220W \/ 350W<\/td>\n<\/tr>\n<tr>\n<td>Autentizace<\/td>\n<td>CE, ROHS, ISO9001<\/td>\n<\/tr>\n<tr>\n<td>Z\u00e1ruka<\/td>\n<td>1 rok z\u00e1ruka<\/td>\n<\/tr>\n<tr>\n<td>MOQ<\/td>\n<td>1 set<\/td>\n<\/tr>\n<tr>\n<td>Dodac\u00ed lh\u016fta<\/td>\n<td>10-14 dn\u00ed<\/td>\n<\/tr>\n<tr>\n<td>Platebn\u00ed lh\u016fta<\/td>\n<td>T\/T 40% Z\u00e1loha a z\u016fstatek p\u0159ed odesl\u00e1n\u00edm<\/td>\n<\/tr>\n<tr>\n<td>Original of Place<\/td>\n<td>\u010c\u00edna<\/td>\n<\/tr>\n<\/tbody>\n<\/table>","protected":false},"excerpt":{"rendered":"<p>Zvy\u0161te p\u0159esnost pomoc\u00ed na\u0161eho syst\u00e9mu podava\u010de misek a vid\u011bn\u00ed, kter\u00fd je navr\u017een pro p\u0159esn\u00e9 t\u0159\u00edd\u011bn\u00ed d\u00edl\u016f a zaji\u0161\u0165uje efektivitu v procesech pr\u016fmyslov\u00e9 automatizace.<\/p>","protected":false},"featured_media":2631,"comment_status":"open","ping_status":"closed","template":"","meta":[],"product_cat":[37],"product_tag":[],"yoast_head":"<!-- This site is optimized with the Yoast SEO plugin v22.2 - https:\/\/yoast.com\/wordpress\/plugins\/seo\/ -->\n<title>Bowl Feeder with Vision System for Precise Parts Sorting - SWOER<\/title>\n<meta name=\"description\" content=\"The SWOER Bowl feeder has an integrated vision system for reliable and precise parts sorting in automation.\" \/>\n<meta name=\"robots\" content=\"index, follow, max-snippet:-1, max-image-preview:large, max-video-preview:-1\" \/>\n<link rel=\"canonical\" href=\"https:\/\/swoer.com\/cs\/manufacturer\/bowl-feeder-with-vision-system-for-precise-parts-sorting\/\" \/>\n<meta property=\"og:locale\" content=\"cs_CZ\" \/>\n<meta property=\"og:type\" content=\"article\" \/>\n<meta property=\"og:title\" content=\"Bowl Feeder with Vision System for Precise Parts Sorting - SWOER\" \/>\n<meta property=\"og:description\" content=\"The SWOER Bowl feeder has an integrated vision system for reliable and precise parts sorting in automation.\" \/>\n<meta property=\"og:url\" content=\"https:\/\/swoer.com\/cs\/manufacturer\/bowl-feeder-with-vision-system-for-precise-parts-sorting\/\" \/>\n<meta property=\"og:site_name\" content=\"SWOER\" \/>\n<meta property=\"article:modified_time\" content=\"2024-09-26T05:53:10+00:00\" \/>\n<meta property=\"og:image\" content=\"https:\/\/swoer.com\/wp-content\/uploads\/2024\/09\/Bowl-Feeder-with-Vision-System-for-Precise-Parts-Sorting.webp\" \/>\n\t<meta property=\"og:image:width\" content=\"1000\" \/>\n\t<meta property=\"og:image:height\" content=\"1000\" \/>\n\t<meta property=\"og:image:type\" content=\"image\/webp\" \/>\n<meta name=\"twitter:card\" content=\"summary_large_image\" \/>\n<meta name=\"twitter:label1\" content=\"Odhadovan\u00e1 doba \u010dten\u00ed\" \/>\n\t<meta name=\"twitter:data1\" content=\"1 minuta\" \/>\n<script type=\"application\/ld+json\" class=\"yoast-schema-graph\">{\"@context\":\"https:\/\/schema.org\",\"@graph\":[{\"@type\":\"WebPage\",\"@id\":\"https:\/\/swoer.com\/manufacturer\/bowl-feeder-with-vision-system-for-precise-parts-sorting\/\",\"url\":\"https:\/\/swoer.com\/manufacturer\/bowl-feeder-with-vision-system-for-precise-parts-sorting\/\",\"name\":\"Bowl Feeder with Vision System for Precise Parts Sorting - SWOER\",\"isPartOf\":{\"@id\":\"https:\/\/swoer.com\/#website\"},\"primaryImageOfPage\":{\"@id\":\"https:\/\/swoer.com\/manufacturer\/bowl-feeder-with-vision-system-for-precise-parts-sorting\/#primaryimage\"},\"image\":{\"@id\":\"https:\/\/swoer.com\/manufacturer\/bowl-feeder-with-vision-system-for-precise-parts-sorting\/#primaryimage\"},\"thumbnailUrl\":\"https:\/\/swoer.com\/wp-content\/uploads\/2024\/09\/Bowl-Feeder-with-Vision-System-for-Precise-Parts-Sorting.webp\",\"datePublished\":\"2024-09-07T09:30:09+00:00\",\"dateModified\":\"2024-09-26T05:53:10+00:00\",\"description\":\"The SWOER Bowl feeder has an integrated vision system for reliable and precise parts sorting in automation.\",\"breadcrumb\":{\"@id\":\"https:\/\/swoer.com\/manufacturer\/bowl-feeder-with-vision-system-for-precise-parts-sorting\/#breadcrumb\"},\"inLanguage\":\"cs\",\"potentialAction\":[{\"@type\":\"ReadAction\",\"target\":[\"https:\/\/swoer.com\/manufacturer\/bowl-feeder-with-vision-system-for-precise-parts-sorting\/\"]}]},{\"@type\":\"ImageObject\",\"inLanguage\":\"cs\",\"@id\":\"https:\/\/swoer.com\/manufacturer\/bowl-feeder-with-vision-system-for-precise-parts-sorting\/#primaryimage\",\"url\":\"https:\/\/swoer.com\/wp-content\/uploads\/2024\/09\/Bowl-Feeder-with-Vision-System-for-Precise-Parts-Sorting.webp\",\"contentUrl\":\"https:\/\/swoer.com\/wp-content\/uploads\/2024\/09\/Bowl-Feeder-with-Vision-System-for-Precise-Parts-Sorting.webp\",\"width\":1000,\"height\":1000,\"caption\":\"Bowl Feeder with Vision System for Precise Parts Sorting\"},{\"@type\":\"BreadcrumbList\",\"@id\":\"https:\/\/swoer.com\/manufacturer\/bowl-feeder-with-vision-system-for-precise-parts-sorting\/#breadcrumb\",\"itemListElement\":[{\"@type\":\"ListItem\",\"position\":1,\"name\":\"Home\",\"item\":\"https:\/\/swoer.com\/\"},{\"@type\":\"ListItem\",\"position\":2,\"name\":\"Shop\",\"item\":\"https:\/\/swoer.com\/shop\/\"},{\"@type\":\"ListItem\",\"position\":3,\"name\":\"Bowl Feeder with Vision System for Precise Parts Sorting\"}]},{\"@type\":\"WebSite\",\"@id\":\"https:\/\/swoer.com\/#website\",\"url\":\"https:\/\/swoer.com\/\",\"name\":\"SWOER\",\"description\":\"Swoer is the top 3 vibratory bowl feeder manufacturer in China\",\"potentialAction\":[{\"@type\":\"SearchAction\",\"target\":{\"@type\":\"EntryPoint\",\"urlTemplate\":\"https:\/\/swoer.com\/?s={search_term_string}\"},\"query-input\":\"required name=search_term_string\"}],\"inLanguage\":\"cs\"}]}<\/script>\n<!-- \/ Yoast SEO plugin. -->","yoast_head_json":{"title":"Bowl Feeder with Vision System for Precise Parts Sorting - SWOER","description":"The SWOER Bowl feeder has an integrated vision system for reliable and precise parts sorting in automation.","robots":{"index":"index","follow":"follow","max-snippet":"max-snippet:-1","max-image-preview":"max-image-preview:large","max-video-preview":"max-video-preview:-1"},"canonical":"https:\/\/swoer.com\/cs\/manufacturer\/bowl-feeder-with-vision-system-for-precise-parts-sorting\/","og_locale":"cs_CZ","og_type":"article","og_title":"Bowl Feeder with Vision System for Precise Parts Sorting - SWOER","og_description":"The SWOER Bowl feeder has an integrated vision system for reliable and precise parts sorting in automation.","og_url":"https:\/\/swoer.com\/cs\/manufacturer\/bowl-feeder-with-vision-system-for-precise-parts-sorting\/","og_site_name":"SWOER","article_modified_time":"2024-09-26T05:53:10+00:00","og_image":[{"width":1000,"height":1000,"url":"https:\/\/swoer.com\/wp-content\/uploads\/2024\/09\/Bowl-Feeder-with-Vision-System-for-Precise-Parts-Sorting.webp","type":"image\/webp"}],"twitter_card":"summary_large_image","twitter_misc":{"Odhadovan\u00e1 doba \u010dten\u00ed":"1 minuta"},"schema":{"@context":"https:\/\/schema.org","@graph":[{"@type":"WebPage","@id":"https:\/\/swoer.com\/manufacturer\/bowl-feeder-with-vision-system-for-precise-parts-sorting\/","url":"https:\/\/swoer.com\/manufacturer\/bowl-feeder-with-vision-system-for-precise-parts-sorting\/","name":"Bowl Feeder with Vision System for Precise Parts Sorting - SWOER","isPartOf":{"@id":"https:\/\/swoer.com\/#website"},"primaryImageOfPage":{"@id":"https:\/\/swoer.com\/manufacturer\/bowl-feeder-with-vision-system-for-precise-parts-sorting\/#primaryimage"},"image":{"@id":"https:\/\/swoer.com\/manufacturer\/bowl-feeder-with-vision-system-for-precise-parts-sorting\/#primaryimage"},"thumbnailUrl":"https:\/\/swoer.com\/wp-content\/uploads\/2024\/09\/Bowl-Feeder-with-Vision-System-for-Precise-Parts-Sorting.webp","datePublished":"2024-09-07T09:30:09+00:00","dateModified":"2024-09-26T05:53:10+00:00","description":"The SWOER Bowl feeder has an integrated vision system for reliable and precise parts sorting in automation.","breadcrumb":{"@id":"https:\/\/swoer.com\/manufacturer\/bowl-feeder-with-vision-system-for-precise-parts-sorting\/#breadcrumb"},"inLanguage":"cs","potentialAction":[{"@type":"ReadAction","target":["https:\/\/swoer.com\/manufacturer\/bowl-feeder-with-vision-system-for-precise-parts-sorting\/"]}]},{"@type":"ImageObject","inLanguage":"cs","@id":"https:\/\/swoer.com\/manufacturer\/bowl-feeder-with-vision-system-for-precise-parts-sorting\/#primaryimage","url":"https:\/\/swoer.com\/wp-content\/uploads\/2024\/09\/Bowl-Feeder-with-Vision-System-for-Precise-Parts-Sorting.webp","contentUrl":"https:\/\/swoer.com\/wp-content\/uploads\/2024\/09\/Bowl-Feeder-with-Vision-System-for-Precise-Parts-Sorting.webp","width":1000,"height":1000,"caption":"Bowl Feeder with Vision System for Precise Parts Sorting"},{"@type":"BreadcrumbList","@id":"https:\/\/swoer.com\/manufacturer\/bowl-feeder-with-vision-system-for-precise-parts-sorting\/#breadcrumb","itemListElement":[{"@type":"ListItem","position":1,"name":"Home","item":"https:\/\/swoer.com\/"},{"@type":"ListItem","position":2,"name":"Shop","item":"https:\/\/swoer.com\/shop\/"},{"@type":"ListItem","position":3,"name":"Bowl Feeder with Vision System for Precise Parts Sorting"}]},{"@type":"WebSite","@id":"https:\/\/swoer.com\/#website","url":"https:\/\/swoer.com\/","name":"SWOER","description":"Swoer is the top 3 vibratory bowl feeder manufacturer in China","potentialAction":[{"@type":"SearchAction","target":{"@type":"EntryPoint","urlTemplate":"https:\/\/swoer.com\/?s={search_term_string}"},"query-input":"required name=search_term_string"}],"inLanguage":"cs"}]}},"_links":{"self":[{"href":"https:\/\/swoer.com\/cs\/wp-json\/wp\/v2\/product\/2630"}],"collection":[{"href":"https:\/\/swoer.com\/cs\/wp-json\/wp\/v2\/product"}],"about":[{"href":"https:\/\/swoer.com\/cs\/wp-json\/wp\/v2\/types\/product"}],"replies":[{"embeddable":true,"href":"https:\/\/swoer.com\/cs\/wp-json\/wp\/v2\/comments?post=2630"}],"wp:featuredmedia":[{"embeddable":true,"href":"https:\/\/swoer.com\/cs\/wp-json\/wp\/v2\/media\/2631"}],"wp:attachment":[{"href":"https:\/\/swoer.com\/cs\/wp-json\/wp\/v2\/media?parent=2630"}],"wp:term":[{"taxonomy":"product_cat","embeddable":true,"href":"https:\/\/swoer.com\/cs\/wp-json\/wp\/v2\/product_cat?post=2630"},{"taxonomy":"product_tag","embeddable":true,"href":"https:\/\/swoer.com\/cs\/wp-json\/wp\/v2\/product_tag?post=2630"}],"curies":[{"name":"wp","href":"https:\/\/api.w.org\/{rel}","templated":true}]}}