{"id":2543,"date":"2024-08-27T22:30:10","date_gmt":"2024-08-27T14:30:10","guid":{"rendered":"https:\/\/swoer.com\/?post_type=product&#038;p=2543"},"modified":"2024-08-28T15:52:14","modified_gmt":"2024-08-28T07:52:14","slug":"vibratory-bowl-feeder-with-vision-inspection-integration","status":"publish","type":"product","link":"https:\/\/swoer.com\/cs\/manufacturer\/vibratory-bowl-feeder-with-vision-inspection-integration\/","title":{"rendered":"Vibra\u010dn\u00ed m\u00edsov\u00fd podava\u010d s integrac\u00ed Vision Inspection"},"content":{"rendered":"<p>N\u00e1\u0161 vibra\u010dn\u00ed m\u00edsov\u00fd podava\u010d s integrac\u00ed Vision Inspection poskytuje \u0161pi\u010dkov\u00e9 \u0159e\u0161en\u00ed pro p\u0159esn\u00e1 odv\u011btv\u00ed. Tento pokro\u010dil\u00fd syst\u00e9m efektivn\u011b kombinuje pod\u00e1v\u00e1n\u00ed d\u00edl\u016f s vizu\u00e1ln\u00ed kontrolou v re\u00e1ln\u00e9m \u010dase. D\u00edky tomu se na va\u0161i v\u00fdrobn\u00ed linku dostanou pouze ty nejkvalitn\u011bj\u0161\u00ed komponenty. Ide\u00e1ln\u00ed pro automobilov\u00fd pr\u016fmysl, elektroniku a l\u00e9ka\u0159sk\u00e1 za\u0159\u00edzen\u00ed, zlep\u0161uje p\u0159esnost a z\u00e1rove\u0148 sni\u017euje z\u00e1vady a prostoje. Nav\u00edc, s p\u0159izp\u016fsobiteln\u00fdmi mo\u017enostmi, aby vyhovovaly va\u0161im pot\u0159eb\u00e1m, n\u00e1\u0161 podava\u010d s vizu\u00e1ln\u00ed kontrolou zaji\u0161\u0165uje bezkonkuren\u010dn\u00ed spolehlivost. V d\u016fsledku toho se stal z\u00e1kladn\u00edm n\u00e1strojem pro modern\u00ed automatizovanou v\u00fdrobu.<\/p>\n\t<div id=\"gap-2060807570\" class=\"gap-element clearfix\" style=\"display:block; height:auto;\">\n\t\t\n<style>\n#gap-2060807570 {\n  padding-top: 30px;\n}\n<\/style>\n\t<\/div>\n\t\n<h2>Specifikace<\/h2>\n<table width=\"874\">\n<tbody>\n<tr>\n<td width=\"183\">jm\u00e9no v\u00fdrobku<\/td>\n<td width=\"691\">Vibra\u010dn\u00ed m\u00edsov\u00fd podava\u010d s integrac\u00ed Vision Inspection<\/td>\n<\/tr>\n<tr>\n<td>Funkce<\/td>\n<td>P\u0159esn\u00e9 t\u0159\u00edd\u011bn\u00ed d\u00edky vizu\u00e1ln\u00edmu rozpozn\u00e1n\u00ed p\u0159edn\u00ed a zadn\u00ed strany materi\u00e1l\u016f.<\/td>\n<\/tr>\n<tr>\n<td>Materi\u00e1l<\/td>\n<td>\u00a0SUS201\/304<\/td>\n<\/tr>\n<tr>\n<td>Specialita materi\u00e1lu<\/td>\n<td>Kovac\u00ed slitina zpracovan\u00e1 za studena, Vysok\u00e1 pevnost, Vysok\u00e1 tvrdost<\/td>\n<\/tr>\n<tr>\n<td>Nap\u011bt\u00ed<\/td>\n<td>220V<\/td>\n<\/tr>\n<tr>\n<td>Nap\u00e1jen\u00ed<\/td>\n<td>65W \/150W \/180W \/ 220W \/ 350W<\/td>\n<\/tr>\n<tr>\n<td>Autentizace<\/td>\n<td>CE, ROHS, ISO9001<\/td>\n<\/tr>\n<tr>\n<td>Z\u00e1ruka<\/td>\n<td>1 rok z\u00e1ruka<\/td>\n<\/tr>\n<tr>\n<td>MOQ<\/td>\n<td>1 set<\/td>\n<\/tr>\n<tr>\n<td>Dodac\u00ed lh\u016fta<\/td>\n<td>10-14 dn\u00ed<\/td>\n<\/tr>\n<tr>\n<td>Platebn\u00ed lh\u016fta<\/td>\n<td>T\/T 40% Z\u00e1loha a z\u016fstatek p\u0159ed odesl\u00e1n\u00edm<\/td>\n<\/tr>\n<tr>\n<td>Original of Place<\/td>\n<td>\u010c\u00edna<\/td>\n<\/tr>\n<\/tbody>\n<\/table>\n\t<div id=\"gap-335138314\" class=\"gap-element clearfix\" style=\"display:block; height:auto;\">\n\t\t\n<style>\n#gap-335138314 {\n  padding-top: 30px;\n}\n<\/style>\n\t<\/div>\n\t\n<p>Nab\u00edz\u00edme bezplatn\u00e9 n\u00e1vrhov\u00e9 pl\u00e1ny pro materi\u00e1ly, kter\u00e9 vy\u017eaduj\u00ed p\u0159edn\u00ed a zadn\u00ed um\u00edst\u011bn\u00ed, detekci defekt\u016f nebo jin\u00e9 kontroly. <strong>Kontaktujte n\u00e1s a za\u010dn\u011bte!<\/strong><\/p>\n\n<div class=\"wpcf7 no-js\" id=\"wpcf7-f280-o1\" lang=\"en-US\" dir=\"ltr\">\n<div class=\"screen-reader-response\"><p role=\"status\" aria-live=\"polite\" aria-atomic=\"true\"><\/p> <ul><\/ul><\/div>\n<form action=\"\/cs\/wp-json\/wp\/v2\/product\/2543#wpcf7-f280-o1\" method=\"post\" class=\"wpcf7-form init\" aria-label=\"Kontaktn\u00ed formul\u00e1\u0159\" novalidate=\"novalidate\" data-status=\"init\" data-trp-original-action=\"\/cs\/wp-json\/wp\/v2\/product\/2543#wpcf7-f280-o1\">\n<div style=\"display: none;\">\n<input type=\"hidden\" name=\"_wpcf7\" value=\"280\" \/>\n<input type=\"hidden\" name=\"_wpcf7_version\" value=\"5.9.2\" \/>\n<input type=\"hidden\" name=\"_wpcf7_locale\" value=\"en_US\" \/>\n<input type=\"hidden\" name=\"_wpcf7_unit_tag\" value=\"wpcf7-f280-o1\" \/>\n<input type=\"hidden\" name=\"_wpcf7_container_post\" value=\"0\" \/>\n<input type=\"hidden\" name=\"_wpcf7_posted_data_hash\" value=\"\" \/>\n<\/div>\n<div class='custom_contact_style'>\n\t<div class=\"row row-small\">\n\t\t<div class=\"col medium-6 small-12 large-6\">\n\t\t\t<div class=\"col-inner\">\n\t\t\t\t<p><span class=\"wpcf7-form-control-wrap\" data-name=\"your-name\"><input size=\"40\" class=\"wpcf7-form-control wpcf7-text wpcf7-validates-as-required\" aria-required=\"true\" aria-invalid=\"false\" placeholder=\"N\u00e1zev*\" value=\"\" type=\"text\" name=\"your-name\" \/><\/span>\n\t\t\t\t<\/p>\n\t\t\t<\/div>\n\t\t<\/div>\n\t\t<div class=\"col medium-6 small-12 large-6\">\n\t\t\t<div class=\"col-inner\">\n\t\t\t\t<p><span class=\"wpcf7-form-control-wrap\" data-name=\"your-email\"><input size=\"40\" class=\"wpcf7-form-control wpcf7-email wpcf7-validates-as-required wpcf7-text wpcf7-validates-as-email\" aria-required=\"true\" aria-invalid=\"false\" placeholder=\"E-mailem*\" value=\"\" type=\"email\" name=\"your-email\" \/><\/span>\n\t\t\t\t<\/p>\n\t\t\t<\/div>\n\t\t<\/div>\n\t<\/div>\n\t<div class='cus_contact_form_bottom'>\n\t\t<p><span class=\"wpcf7-form-control-wrap\" data-name=\"your-phone\"><input size=\"40\" class=\"wpcf7-form-control wpcf7-text\" aria-invalid=\"false\" placeholder=\"Telefon\" value=\"\" type=\"text\" name=\"your-phone\" \/><\/span>\n\t\t<\/p>\n\t<\/div>\n\t<div class='cus_contact_form_bottom'>\n\t\t<p><span class=\"wpcf7-form-control-wrap\" data-name=\"your-country\"><input size=\"40\" class=\"wpcf7-form-control wpcf7-text\" aria-invalid=\"false\" placeholder=\"Zem\u011b\" value=\"\" type=\"text\" name=\"your-country\" \/><\/span>\n\t\t<\/p>\n\t<\/div>\n\t<p><span class=\"wpcf7-form-control-wrap\" data-name=\"your-message\"><textarea cols=\"40\" rows=\"10\" class=\"wpcf7-form-control wpcf7-textarea wpcf7-validates-as-required\" aria-required=\"true\" aria-invalid=\"false\" placeholder=\"Va\u0161e zpr\u00e1va *\" name=\"your-message\"><\/textarea><\/span>\n\t<\/p>\n\t<div style=\"margin-bottom:10px;\">\n\t\t<p><span class=\"wpcf7-form-control-wrap kc_captcha cf7ic-toggle\" data-name=\"kc_captcha\"><span class=\"wpcf7-form-control wpcf7-radio\"><span class=\"captcha-image\" style=\"display: none;\"><span class=\"cf7ic_instructions\">Proka\u017ete, \u017ee jste \u010dlov\u011bk, v\u00fdb\u011brem<span> heart<\/span>.<\/span><label><input aria-label=\"1\" type=\"radio\" name=\"kc_captcha\" value=\"kc_human\" \/><svg aria-hidden=\"true\" role=\"img\" xmlns=\"http:\/\/www.w3.org\/2000\/svg\" viewbox=\"0 0 576 512\"><path fill=\"currentColor\" d=\"M415 24c-53 0-103 42-127 65-24-23-74-65-127-65C70 24 16 77 16 166c0 72 67 133 69 135l187 181c9 8 23 8 32 0l187-180c2-3 69-64 69-136 0-89-54-142-145-142z\"\/><\/svg><\/label><label><input aria-label=\"2\" type=\"radio\" name=\"kc_captcha\" value=\"bot\" \/><svg aria-hidden=\"true\" role=\"img\" xmlns=\"http:\/\/www.w3.org\/2000\/svg\" viewbox=\"0 0 640 512\"><path fill=\"currentColor\" d=\"M192 384h192c53 0 96-43 96-96h32a128 128 0 000-256H120c-13 0-24 11-24 24v232c0 53 43 96 96 96zM512 96a64 64 0 010 128h-32V96h32zm48 384H48c-47 0-61-64-36-64h584c25 0 11 64-36 64z\"\/><\/svg><\/label><label><input aria-label=\"3\" type=\"radio\" name=\"kc_captcha\" value=\"bot\" \/><svg aria-hidden=\"true\" role=\"img\" xmlns=\"http:\/\/www.w3.org\/2000\/svg\" viewbox=\"0 0 512 512\"><path fill=\"currentColor\" d=\"M512 176a176 176 0 01-209 173l-24 27a24 24 0 01-18 8h-37v40c0 13-11 24-24 24h-40v40c0 13-11 24-24 24H24c-13 0-24-11-24-24v-78c0-6 3-13 7-17l162-162a176 176 0 11343-55zm-176-48a48 48 0 1096 0 48 48 0 00-96 0z\"\/><\/svg><\/label>\r\n    <\/span>\r\n    <span style=\"display:none\">\r\n        <input type=\"text\" name=\"kc_honeypot\">\r\n    <\/span><\/span><\/span>\n\t\t<\/p>\n\t<\/div>\n\t<p><input class=\"wpcf7-form-control wpcf7-submit has-spinner\" type=\"submit\" value=\"Poslat zpr\u00e1vu\" \/>\n\t<\/p>\n<\/div><div class=\"wpcf7-response-output\" aria-hidden=\"true\"><\/div>\n<input type=\"hidden\" name=\"trp-form-language\" value=\"cs\"\/><\/form>\n<\/div>","protected":false},"excerpt":{"rendered":"<p>Vizu\u00e1ln\u00ed kontrola s na\u0161imi vibra\u010dn\u00edmi podava\u010di misek umo\u017e\u0148uje t\u0159\u00edd\u011bn\u00ed t\u011bsn\u011bn\u00ed podle stejn\u00e9 plochy. Tato integrace zaji\u0161\u0165uje p\u0159esnou manipulaci s materi\u00e1lem a zlep\u0161uje celkovou efektivitu.<\/p>","protected":false},"featured_media":2544,"comment_status":"open","ping_status":"closed","template":"","meta":[],"product_cat":[37],"product_tag":[],"yoast_head":"<!-- This site is optimized with the Yoast SEO plugin v22.2 - https:\/\/yoast.com\/wordpress\/plugins\/seo\/ -->\n<title>Vibratory Bowl Feeder with Vision Inspection Integration - SWOER<\/title>\n<meta name=\"description\" content=\"Improve seal positioning and shape-differentiating screening to increase production efficiency using our vibratory bowl feeders and vision inspection systems.\" \/>\n<meta name=\"robots\" content=\"index, follow, max-snippet:-1, max-image-preview:large, max-video-preview:-1\" \/>\n<link rel=\"canonical\" href=\"https:\/\/swoer.com\/cs\/manufacturer\/vibratory-bowl-feeder-with-vision-inspection-integration\/\" \/>\n<meta property=\"og:locale\" content=\"cs_CZ\" \/>\n<meta property=\"og:type\" content=\"article\" \/>\n<meta property=\"og:title\" content=\"Vibratory Bowl Feeder with Vision Inspection Integration - SWOER\" \/>\n<meta property=\"og:description\" content=\"Improve seal positioning and shape-differentiating screening to increase production efficiency using our vibratory bowl feeders and vision inspection systems.\" \/>\n<meta property=\"og:url\" content=\"https:\/\/swoer.com\/cs\/manufacturer\/vibratory-bowl-feeder-with-vision-inspection-integration\/\" \/>\n<meta property=\"og:site_name\" content=\"SWOER\" \/>\n<meta property=\"article:modified_time\" content=\"2024-08-28T07:52:14+00:00\" \/>\n<meta property=\"og:image\" content=\"https:\/\/swoer.com\/wp-content\/uploads\/2024\/08\/Vibratory-Bowl-Feeder-with-Vision-Inspection-Integration.webp\" \/>\n\t<meta property=\"og:image:width\" content=\"1000\" \/>\n\t<meta property=\"og:image:height\" content=\"1000\" \/>\n\t<meta property=\"og:image:type\" content=\"image\/webp\" \/>\n<meta name=\"twitter:card\" content=\"summary_large_image\" \/>\n<meta name=\"twitter:label1\" content=\"Odhadovan\u00e1 doba \u010dten\u00ed\" \/>\n\t<meta name=\"twitter:data1\" content=\"1 minuta\" \/>\n<script type=\"application\/ld+json\" class=\"yoast-schema-graph\">{\"@context\":\"https:\/\/schema.org\",\"@graph\":[{\"@type\":\"WebPage\",\"@id\":\"https:\/\/swoer.com\/manufacturer\/vibratory-bowl-feeder-with-vision-inspection-integration\/\",\"url\":\"https:\/\/swoer.com\/manufacturer\/vibratory-bowl-feeder-with-vision-inspection-integration\/\",\"name\":\"Vibratory Bowl Feeder with Vision Inspection Integration - SWOER\",\"isPartOf\":{\"@id\":\"https:\/\/swoer.com\/#website\"},\"primaryImageOfPage\":{\"@id\":\"https:\/\/swoer.com\/manufacturer\/vibratory-bowl-feeder-with-vision-inspection-integration\/#primaryimage\"},\"image\":{\"@id\":\"https:\/\/swoer.com\/manufacturer\/vibratory-bowl-feeder-with-vision-inspection-integration\/#primaryimage\"},\"thumbnailUrl\":\"https:\/\/swoer.com\/wp-content\/uploads\/2024\/08\/Vibratory-Bowl-Feeder-with-Vision-Inspection-Integration.webp\",\"datePublished\":\"2024-08-27T14:30:10+00:00\",\"dateModified\":\"2024-08-28T07:52:14+00:00\",\"description\":\"Improve seal positioning and shape-differentiating screening to increase production efficiency using our vibratory bowl feeders and vision inspection systems.\",\"breadcrumb\":{\"@id\":\"https:\/\/swoer.com\/manufacturer\/vibratory-bowl-feeder-with-vision-inspection-integration\/#breadcrumb\"},\"inLanguage\":\"cs\",\"potentialAction\":[{\"@type\":\"ReadAction\",\"target\":[\"https:\/\/swoer.com\/manufacturer\/vibratory-bowl-feeder-with-vision-inspection-integration\/\"]}]},{\"@type\":\"ImageObject\",\"inLanguage\":\"cs\",\"@id\":\"https:\/\/swoer.com\/manufacturer\/vibratory-bowl-feeder-with-vision-inspection-integration\/#primaryimage\",\"url\":\"https:\/\/swoer.com\/wp-content\/uploads\/2024\/08\/Vibratory-Bowl-Feeder-with-Vision-Inspection-Integration.webp\",\"contentUrl\":\"https:\/\/swoer.com\/wp-content\/uploads\/2024\/08\/Vibratory-Bowl-Feeder-with-Vision-Inspection-Integration.webp\",\"width\":1000,\"height\":1000,\"caption\":\"Vibratory Bowl Feeder with Vision Inspection Integration\"},{\"@type\":\"BreadcrumbList\",\"@id\":\"https:\/\/swoer.com\/manufacturer\/vibratory-bowl-feeder-with-vision-inspection-integration\/#breadcrumb\",\"itemListElement\":[{\"@type\":\"ListItem\",\"position\":1,\"name\":\"Home\",\"item\":\"https:\/\/swoer.com\/\"},{\"@type\":\"ListItem\",\"position\":2,\"name\":\"Shop\",\"item\":\"https:\/\/swoer.com\/shop\/\"},{\"@type\":\"ListItem\",\"position\":3,\"name\":\"Vibratory Bowl Feeder with Vision Inspection Integration\"}]},{\"@type\":\"WebSite\",\"@id\":\"https:\/\/swoer.com\/#website\",\"url\":\"https:\/\/swoer.com\/\",\"name\":\"SWOER\",\"description\":\"Swoer is the top 3 vibratory bowl feeder manufacturer in China\",\"potentialAction\":[{\"@type\":\"SearchAction\",\"target\":{\"@type\":\"EntryPoint\",\"urlTemplate\":\"https:\/\/swoer.com\/?s={search_term_string}\"},\"query-input\":\"required name=search_term_string\"}],\"inLanguage\":\"cs\"}]}<\/script>\n<!-- \/ Yoast SEO plugin. -->","yoast_head_json":{"title":"Vibratory Bowl Feeder with Vision Inspection Integration - SWOER","description":"Improve seal positioning and shape-differentiating screening to increase production efficiency using our vibratory bowl feeders and vision inspection systems.","robots":{"index":"index","follow":"follow","max-snippet":"max-snippet:-1","max-image-preview":"max-image-preview:large","max-video-preview":"max-video-preview:-1"},"canonical":"https:\/\/swoer.com\/cs\/manufacturer\/vibratory-bowl-feeder-with-vision-inspection-integration\/","og_locale":"cs_CZ","og_type":"article","og_title":"Vibratory Bowl Feeder with Vision Inspection Integration - SWOER","og_description":"Improve seal positioning and shape-differentiating screening to increase production efficiency using our vibratory bowl feeders and vision inspection systems.","og_url":"https:\/\/swoer.com\/cs\/manufacturer\/vibratory-bowl-feeder-with-vision-inspection-integration\/","og_site_name":"SWOER","article_modified_time":"2024-08-28T07:52:14+00:00","og_image":[{"width":1000,"height":1000,"url":"https:\/\/swoer.com\/wp-content\/uploads\/2024\/08\/Vibratory-Bowl-Feeder-with-Vision-Inspection-Integration.webp","type":"image\/webp"}],"twitter_card":"summary_large_image","twitter_misc":{"Odhadovan\u00e1 doba \u010dten\u00ed":"1 minuta"},"schema":{"@context":"https:\/\/schema.org","@graph":[{"@type":"WebPage","@id":"https:\/\/swoer.com\/manufacturer\/vibratory-bowl-feeder-with-vision-inspection-integration\/","url":"https:\/\/swoer.com\/manufacturer\/vibratory-bowl-feeder-with-vision-inspection-integration\/","name":"Vibratory Bowl Feeder with Vision Inspection Integration - SWOER","isPartOf":{"@id":"https:\/\/swoer.com\/#website"},"primaryImageOfPage":{"@id":"https:\/\/swoer.com\/manufacturer\/vibratory-bowl-feeder-with-vision-inspection-integration\/#primaryimage"},"image":{"@id":"https:\/\/swoer.com\/manufacturer\/vibratory-bowl-feeder-with-vision-inspection-integration\/#primaryimage"},"thumbnailUrl":"https:\/\/swoer.com\/wp-content\/uploads\/2024\/08\/Vibratory-Bowl-Feeder-with-Vision-Inspection-Integration.webp","datePublished":"2024-08-27T14:30:10+00:00","dateModified":"2024-08-28T07:52:14+00:00","description":"Improve seal positioning and shape-differentiating screening to increase production efficiency using our vibratory bowl feeders and vision inspection systems.","breadcrumb":{"@id":"https:\/\/swoer.com\/manufacturer\/vibratory-bowl-feeder-with-vision-inspection-integration\/#breadcrumb"},"inLanguage":"cs","potentialAction":[{"@type":"ReadAction","target":["https:\/\/swoer.com\/manufacturer\/vibratory-bowl-feeder-with-vision-inspection-integration\/"]}]},{"@type":"ImageObject","inLanguage":"cs","@id":"https:\/\/swoer.com\/manufacturer\/vibratory-bowl-feeder-with-vision-inspection-integration\/#primaryimage","url":"https:\/\/swoer.com\/wp-content\/uploads\/2024\/08\/Vibratory-Bowl-Feeder-with-Vision-Inspection-Integration.webp","contentUrl":"https:\/\/swoer.com\/wp-content\/uploads\/2024\/08\/Vibratory-Bowl-Feeder-with-Vision-Inspection-Integration.webp","width":1000,"height":1000,"caption":"Vibratory Bowl Feeder with Vision Inspection Integration"},{"@type":"BreadcrumbList","@id":"https:\/\/swoer.com\/manufacturer\/vibratory-bowl-feeder-with-vision-inspection-integration\/#breadcrumb","itemListElement":[{"@type":"ListItem","position":1,"name":"Home","item":"https:\/\/swoer.com\/"},{"@type":"ListItem","position":2,"name":"Shop","item":"https:\/\/swoer.com\/shop\/"},{"@type":"ListItem","position":3,"name":"Vibratory Bowl Feeder with Vision Inspection Integration"}]},{"@type":"WebSite","@id":"https:\/\/swoer.com\/#website","url":"https:\/\/swoer.com\/","name":"SWOER","description":"Swoer is the top 3 vibratory bowl feeder manufacturer in China","potentialAction":[{"@type":"SearchAction","target":{"@type":"EntryPoint","urlTemplate":"https:\/\/swoer.com\/?s={search_term_string}"},"query-input":"required name=search_term_string"}],"inLanguage":"cs"}]}},"_links":{"self":[{"href":"https:\/\/swoer.com\/cs\/wp-json\/wp\/v2\/product\/2543"}],"collection":[{"href":"https:\/\/swoer.com\/cs\/wp-json\/wp\/v2\/product"}],"about":[{"href":"https:\/\/swoer.com\/cs\/wp-json\/wp\/v2\/types\/product"}],"replies":[{"embeddable":true,"href":"https:\/\/swoer.com\/cs\/wp-json\/wp\/v2\/comments?post=2543"}],"wp:featuredmedia":[{"embeddable":true,"href":"https:\/\/swoer.com\/cs\/wp-json\/wp\/v2\/media\/2544"}],"wp:attachment":[{"href":"https:\/\/swoer.com\/cs\/wp-json\/wp\/v2\/media?parent=2543"}],"wp:term":[{"taxonomy":"product_cat","embeddable":true,"href":"https:\/\/swoer.com\/cs\/wp-json\/wp\/v2\/product_cat?post=2543"},{"taxonomy":"product_tag","embeddable":true,"href":"https:\/\/swoer.com\/cs\/wp-json\/wp\/v2\/product_tag?post=2543"}],"curies":[{"name":"wp","href":"https:\/\/api.w.org\/{rel}","templated":true}]}}