{"id":2342,"date":"2024-07-16T06:33:36","date_gmt":"2024-07-16T06:33:36","guid":{"rendered":"https:\/\/swoer.com\/?post_type=product&#038;p=2342"},"modified":"2024-07-20T00:26:08","modified_gmt":"2024-07-20T00:26:08","slug":"vibratory-bowl-feeder-base-sw-c230","status":"publish","type":"product","link":"https:\/\/swoer.com\/cs\/manufacturer\/vibratory-bowl-feeder-base-sw-c230\/","title":{"rendered":"Vibra\u010dn\u00ed miska Feeder Base SW-C230"},"content":{"rendered":"<section class=\"section\" id=\"section_577069736\">\n\t\t<div class=\"bg section-bg fill bg-fill  bg-loaded\" >\n\n\t\t\t\n\t\t\t\n\t\t\t\n\n\t\t<\/div>\n\n\t\t\n\n\t\t<div class=\"section-content relative\">\n\t\t\t\n<h2>Parametry produktu<\/h2>\n<table style=\"border-collapse: collapse; width: 418.52pt;\" border=\"0\" width=\"558\" cellspacing=\"0\" cellpadding=\"0\">\n<tbody>\n<tr style=\"height: 27.00pt;\">\n<td class=\"et3\" style=\"height: 27.00pt; width: 143.25pt;\" width=\"191\" height=\"36\">Modelka<\/td>\n<td class=\"et3\" style=\"width: 275.25pt;\" width=\"367\">SW-C230<\/td>\n<\/tr>\n<tr style=\"height: 27.00pt;\">\n<td class=\"et3\" style=\"height: 27.00pt;\" height=\"36\">Jmenovit\u00e9 nap\u011bt\u00ed<\/td>\n<td class=\"et3\">220V<\/td>\n<\/tr>\n<tr style=\"height: 27.00pt;\">\n<td class=\"et3\" style=\"height: 27.00pt;\" height=\"36\">Frekvence<\/td>\n<td class=\"et3\">50 Hz<\/td>\n<\/tr>\n<tr style=\"height: 27.00pt;\">\n<td class=\"et3\" style=\"height: 27.00pt;\" height=\"36\">Jmenovit\u00fd proud<\/td>\n<td class=\"et3\">3.4A<\/td>\n<\/tr>\n<tr style=\"height: 27.00pt;\">\n<td class=\"et3\" style=\"height: 27.00pt;\" height=\"36\">Maxim\u00e1ln\u00ed t\u011blo<\/td>\n<td class=\"et3\">410 mm<\/td>\n<\/tr>\n<tr style=\"height: 27.00pt;\">\n<td class=\"et3\" style=\"height: 27.00pt;\" height=\"36\">Maxim\u00e1ln\u00ed zat\u00ed\u017een\u00ed<\/td>\n<td class=\"et3\">7,5 kg<\/td>\n<\/tr>\n<tr style=\"height: 27.00pt;\">\n<td class=\"et3\" style=\"height: 27.00pt;\" height=\"36\">Pou\u017eiteln\u00fd ovlada\u010d<\/td>\n<td class=\"et3\">3A frekven\u010dn\u00ed ovlada\u010d<\/td>\n<\/tr>\n<tr style=\"height: 27.00pt;\">\n<td class=\"et3\" style=\"height: 27.00pt;\" height=\"36\">Pou\u017eiteln\u00e1 listov\u00e1 pru\u017eina<\/td>\n<td class=\"et3\">SW-50CRVA-106 x 35<\/td>\n<\/tr>\n<tr style=\"height: 27.00pt;\">\n<td class=\"et3\" style=\"height: 27.00pt;\" height=\"36\">Vibra\u010dn\u00ed \u010d\u00edslo<\/td>\n<td class=\"et3\">50-200Hz<\/td>\n<\/tr>\n<tr style=\"height: 27.00pt;\">\n<td class=\"et4\" style=\"height: 54.00pt;\" rowspan=\"2\" height=\"72\">Z\u00e1kladn\u00ed hmotnost<\/td>\n<td class=\"et4\">28kg \/ Z\u00e1kladn\u00ed typ, s pomocn\u00fdm silem uvnit\u0159 korby<\/td>\n<\/tr>\n<tr style=\"height: 27.00pt;\">\n<td class=\"et4\">30 kg \/ S n\u00edzkou separac\u00ed, s mont\u00e1\u017en\u00ed p\u0159\u00edrubou t\u011bla<\/td>\n<\/tr>\n<\/tbody>\n<\/table>\n\t<div id=\"gap-2062773426\" class=\"gap-element clearfix\" style=\"display:block; height:auto;\">\n\t\t\n<style>\n#gap-2062773426 {\n  padding-top: 30px;\n}\n<\/style>\n\t<\/div>\n\t\n<h2>SW-C230 Rozm\u011bry<\/h2>\n\t<div class=\"img has-hover x md-x lg-x y md-y lg-y\" id=\"image_1520860586\">\n\t\t\t\t\t\t\t\t<div class=\"img-inner dark\" >\n\t\t\t<img loading=\"lazy\" decoding=\"async\" width=\"833\" height=\"618\" src=\"https:\/\/swoer.com\/wp-content\/uploads\/2024\/07\/SW-C230-Dimensions.jpg\" class=\"attachment-original size-original\" alt=\"SW-C230 Rozm\u011bry\" srcset=\"https:\/\/swoer.com\/wp-content\/uploads\/2024\/07\/SW-C230-Dimensions.jpg 833w, https:\/\/swoer.com\/wp-content\/uploads\/2024\/07\/SW-C230-Dimensions-300x223.jpg 300w, https:\/\/swoer.com\/wp-content\/uploads\/2024\/07\/SW-C230-Dimensions-768x570.jpg 768w, https:\/\/swoer.com\/wp-content\/uploads\/2024\/07\/SW-C230-Dimensions-16x12.jpg 16w, https:\/\/swoer.com\/wp-content\/uploads\/2024\/07\/SW-C230-Dimensions-600x445.jpg 600w\" sizes=\"(max-width: 833px) 100vw, 833px\" \/>\t\t\t\t\t\t\n\t\t\t\t\t<\/div>\n\t\t\t\t\t\t\t\t\n<style>\n#image_1520860586 {\n  width: 70%;\n}\n<\/style>\n\t<\/div>\n\t\n\t\t<\/div>\n\n\t\t\n<style>\n#section_577069736 {\n  padding-top: 30px;\n  padding-bottom: 30px;\n}\n#section_577069736 .ux-shape-divider--top svg {\n  height: 150px;\n  --divider-top-width: 100%;\n}\n#section_577069736 .ux-shape-divider--bottom svg {\n  height: 150px;\n  --divider-width: 100%;\n}\n<\/style>\n\t<\/section>","protected":false},"excerpt":{"rendered":"<p>Vibra\u010dn\u00ed podava\u010d m\u00edsy SW-C230 je v\u0161estrann\u00fdm a spolehliv\u00fdm \u0159e\u0161en\u00edm pro aplikace manipulace se sypk\u00fdm materi\u00e1lem. Jeho robustn\u00ed konstrukce a p\u0159esn\u00e9 ovl\u00e1d\u00e1n\u00ed vibrac\u00ed zaji\u0161\u0165uj\u00ed konzistentn\u00ed a efektivn\u00ed tok materi\u00e1lu. Podava\u010d se snadno instaluje a obsluhuje a lze jej p\u0159izp\u016fsobit tak, aby vyhovoval specifick\u00fdm pot\u0159eb\u00e1m va\u0161\u00ed aplikace.<\/p>","protected":false},"featured_media":2343,"comment_status":"open","ping_status":"closed","template":"","meta":[],"product_cat":[46],"product_tag":[],"yoast_head":"<!-- This site is optimized with the Yoast SEO plugin v22.2 - https:\/\/yoast.com\/wordpress\/plugins\/seo\/ -->\n<title>Vibratory Bowl Feeder Base SW-C230 - SWOER<\/title>\n<meta name=\"description\" content=\"SW-C230: Efficient, precise vibratory feeder. Ideal for food, pharma, electronics. Durable, customizable. Contact us.\" \/>\n<meta name=\"robots\" content=\"index, follow, max-snippet:-1, max-image-preview:large, max-video-preview:-1\" \/>\n<link rel=\"canonical\" href=\"https:\/\/swoer.com\/cs\/manufacturer\/vibratory-bowl-feeder-base-sw-c230\/\" \/>\n<meta property=\"og:locale\" content=\"cs_CZ\" \/>\n<meta property=\"og:type\" content=\"article\" \/>\n<meta property=\"og:title\" content=\"Vibratory Bowl Feeder Base SW-C230 - SWOER\" \/>\n<meta property=\"og:description\" content=\"SW-C230: Efficient, precise vibratory feeder. Ideal for food, pharma, electronics. Durable, customizable. Contact us.\" \/>\n<meta property=\"og:url\" content=\"https:\/\/swoer.com\/cs\/manufacturer\/vibratory-bowl-feeder-base-sw-c230\/\" \/>\n<meta property=\"og:site_name\" content=\"SWOER\" \/>\n<meta property=\"article:modified_time\" content=\"2024-07-20T00:26:08+00:00\" \/>\n<meta property=\"og:image\" content=\"https:\/\/swoer.com\/wp-content\/uploads\/2024\/07\/Vibratory-Bowl-Feeder-Base-SW-C230.jpg\" \/>\n\t<meta property=\"og:image:width\" content=\"1000\" \/>\n\t<meta property=\"og:image:height\" content=\"1000\" \/>\n\t<meta property=\"og:image:type\" content=\"image\/jpeg\" \/>\n<meta name=\"twitter:card\" content=\"summary_large_image\" \/>\n<meta name=\"twitter:label1\" content=\"Odhadovan\u00e1 doba \u010dten\u00ed\" \/>\n\t<meta name=\"twitter:data1\" content=\"1 minuta\" \/>\n<script type=\"application\/ld+json\" class=\"yoast-schema-graph\">{\"@context\":\"https:\/\/schema.org\",\"@graph\":[{\"@type\":\"WebPage\",\"@id\":\"https:\/\/swoer.com\/manufacturer\/vibratory-bowl-feeder-base-sw-c230\/\",\"url\":\"https:\/\/swoer.com\/manufacturer\/vibratory-bowl-feeder-base-sw-c230\/\",\"name\":\"Vibratory Bowl Feeder Base SW-C230 - SWOER\",\"isPartOf\":{\"@id\":\"https:\/\/swoer.com\/#website\"},\"primaryImageOfPage\":{\"@id\":\"https:\/\/swoer.com\/manufacturer\/vibratory-bowl-feeder-base-sw-c230\/#primaryimage\"},\"image\":{\"@id\":\"https:\/\/swoer.com\/manufacturer\/vibratory-bowl-feeder-base-sw-c230\/#primaryimage\"},\"thumbnailUrl\":\"https:\/\/swoer.com\/wp-content\/uploads\/2024\/07\/Vibratory-Bowl-Feeder-Base-SW-C230.jpg\",\"datePublished\":\"2024-07-16T06:33:36+00:00\",\"dateModified\":\"2024-07-20T00:26:08+00:00\",\"description\":\"SW-C230: Efficient, precise vibratory feeder. Ideal for food, pharma, electronics. Durable, customizable. Contact us.\",\"breadcrumb\":{\"@id\":\"https:\/\/swoer.com\/manufacturer\/vibratory-bowl-feeder-base-sw-c230\/#breadcrumb\"},\"inLanguage\":\"cs\",\"potentialAction\":[{\"@type\":\"ReadAction\",\"target\":[\"https:\/\/swoer.com\/manufacturer\/vibratory-bowl-feeder-base-sw-c230\/\"]}]},{\"@type\":\"ImageObject\",\"inLanguage\":\"cs\",\"@id\":\"https:\/\/swoer.com\/manufacturer\/vibratory-bowl-feeder-base-sw-c230\/#primaryimage\",\"url\":\"https:\/\/swoer.com\/wp-content\/uploads\/2024\/07\/Vibratory-Bowl-Feeder-Base-SW-C230.jpg\",\"contentUrl\":\"https:\/\/swoer.com\/wp-content\/uploads\/2024\/07\/Vibratory-Bowl-Feeder-Base-SW-C230.jpg\",\"width\":1000,\"height\":1000,\"caption\":\"Vibratory Bowl Feeder Base SW-C230\"},{\"@type\":\"BreadcrumbList\",\"@id\":\"https:\/\/swoer.com\/manufacturer\/vibratory-bowl-feeder-base-sw-c230\/#breadcrumb\",\"itemListElement\":[{\"@type\":\"ListItem\",\"position\":1,\"name\":\"Home\",\"item\":\"https:\/\/swoer.com\/\"},{\"@type\":\"ListItem\",\"position\":2,\"name\":\"Shop\",\"item\":\"https:\/\/swoer.com\/shop\/\"},{\"@type\":\"ListItem\",\"position\":3,\"name\":\"Vibratory Bowl Feeder Base SW-C230\"}]},{\"@type\":\"WebSite\",\"@id\":\"https:\/\/swoer.com\/#website\",\"url\":\"https:\/\/swoer.com\/\",\"name\":\"SWOER\",\"description\":\"Swoer is the top 3 vibratory bowl feeder manufacturer in China\",\"potentialAction\":[{\"@type\":\"SearchAction\",\"target\":{\"@type\":\"EntryPoint\",\"urlTemplate\":\"https:\/\/swoer.com\/?s={search_term_string}\"},\"query-input\":\"required name=search_term_string\"}],\"inLanguage\":\"cs\"}]}<\/script>\n<!-- \/ Yoast SEO plugin. -->","yoast_head_json":{"title":"Vibratory Bowl Feeder Base SW-C230 - SWOER","description":"SW-C230: Efficient, precise vibratory feeder. Ideal for food, pharma, electronics. Durable, customizable. Contact us.","robots":{"index":"index","follow":"follow","max-snippet":"max-snippet:-1","max-image-preview":"max-image-preview:large","max-video-preview":"max-video-preview:-1"},"canonical":"https:\/\/swoer.com\/cs\/manufacturer\/vibratory-bowl-feeder-base-sw-c230\/","og_locale":"cs_CZ","og_type":"article","og_title":"Vibratory Bowl Feeder Base SW-C230 - SWOER","og_description":"SW-C230: Efficient, precise vibratory feeder. Ideal for food, pharma, electronics. Durable, customizable. Contact us.","og_url":"https:\/\/swoer.com\/cs\/manufacturer\/vibratory-bowl-feeder-base-sw-c230\/","og_site_name":"SWOER","article_modified_time":"2024-07-20T00:26:08+00:00","og_image":[{"width":1000,"height":1000,"url":"https:\/\/swoer.com\/wp-content\/uploads\/2024\/07\/Vibratory-Bowl-Feeder-Base-SW-C230.jpg","type":"image\/jpeg"}],"twitter_card":"summary_large_image","twitter_misc":{"Odhadovan\u00e1 doba \u010dten\u00ed":"1 minuta"},"schema":{"@context":"https:\/\/schema.org","@graph":[{"@type":"WebPage","@id":"https:\/\/swoer.com\/manufacturer\/vibratory-bowl-feeder-base-sw-c230\/","url":"https:\/\/swoer.com\/manufacturer\/vibratory-bowl-feeder-base-sw-c230\/","name":"Vibratory Bowl Feeder Base SW-C230 - SWOER","isPartOf":{"@id":"https:\/\/swoer.com\/#website"},"primaryImageOfPage":{"@id":"https:\/\/swoer.com\/manufacturer\/vibratory-bowl-feeder-base-sw-c230\/#primaryimage"},"image":{"@id":"https:\/\/swoer.com\/manufacturer\/vibratory-bowl-feeder-base-sw-c230\/#primaryimage"},"thumbnailUrl":"https:\/\/swoer.com\/wp-content\/uploads\/2024\/07\/Vibratory-Bowl-Feeder-Base-SW-C230.jpg","datePublished":"2024-07-16T06:33:36+00:00","dateModified":"2024-07-20T00:26:08+00:00","description":"SW-C230: Efficient, precise vibratory feeder. Ideal for food, pharma, electronics. Durable, customizable. Contact us.","breadcrumb":{"@id":"https:\/\/swoer.com\/manufacturer\/vibratory-bowl-feeder-base-sw-c230\/#breadcrumb"},"inLanguage":"cs","potentialAction":[{"@type":"ReadAction","target":["https:\/\/swoer.com\/manufacturer\/vibratory-bowl-feeder-base-sw-c230\/"]}]},{"@type":"ImageObject","inLanguage":"cs","@id":"https:\/\/swoer.com\/manufacturer\/vibratory-bowl-feeder-base-sw-c230\/#primaryimage","url":"https:\/\/swoer.com\/wp-content\/uploads\/2024\/07\/Vibratory-Bowl-Feeder-Base-SW-C230.jpg","contentUrl":"https:\/\/swoer.com\/wp-content\/uploads\/2024\/07\/Vibratory-Bowl-Feeder-Base-SW-C230.jpg","width":1000,"height":1000,"caption":"Vibratory Bowl Feeder Base SW-C230"},{"@type":"BreadcrumbList","@id":"https:\/\/swoer.com\/manufacturer\/vibratory-bowl-feeder-base-sw-c230\/#breadcrumb","itemListElement":[{"@type":"ListItem","position":1,"name":"Home","item":"https:\/\/swoer.com\/"},{"@type":"ListItem","position":2,"name":"Shop","item":"https:\/\/swoer.com\/shop\/"},{"@type":"ListItem","position":3,"name":"Vibratory Bowl Feeder Base SW-C230"}]},{"@type":"WebSite","@id":"https:\/\/swoer.com\/#website","url":"https:\/\/swoer.com\/","name":"SWOER","description":"Swoer is the top 3 vibratory bowl feeder manufacturer in China","potentialAction":[{"@type":"SearchAction","target":{"@type":"EntryPoint","urlTemplate":"https:\/\/swoer.com\/?s={search_term_string}"},"query-input":"required name=search_term_string"}],"inLanguage":"cs"}]}},"_links":{"self":[{"href":"https:\/\/swoer.com\/cs\/wp-json\/wp\/v2\/product\/2342"}],"collection":[{"href":"https:\/\/swoer.com\/cs\/wp-json\/wp\/v2\/product"}],"about":[{"href":"https:\/\/swoer.com\/cs\/wp-json\/wp\/v2\/types\/product"}],"replies":[{"embeddable":true,"href":"https:\/\/swoer.com\/cs\/wp-json\/wp\/v2\/comments?post=2342"}],"wp:featuredmedia":[{"embeddable":true,"href":"https:\/\/swoer.com\/cs\/wp-json\/wp\/v2\/media\/2343"}],"wp:attachment":[{"href":"https:\/\/swoer.com\/cs\/wp-json\/wp\/v2\/media?parent=2342"}],"wp:term":[{"taxonomy":"product_cat","embeddable":true,"href":"https:\/\/swoer.com\/cs\/wp-json\/wp\/v2\/product_cat?post=2342"},{"taxonomy":"product_tag","embeddable":true,"href":"https:\/\/swoer.com\/cs\/wp-json\/wp\/v2\/product_tag?post=2342"}],"curies":[{"name":"wp","href":"https:\/\/api.w.org\/{rel}","templated":true}]}}