{"id":2332,"date":"2024-07-11T02:33:28","date_gmt":"2024-07-11T02:33:28","guid":{"rendered":"https:\/\/swoer.com\/?post_type=product&#038;p=2332"},"modified":"2024-08-16T12:01:29","modified_gmt":"2024-08-16T04:01:29","slug":"vibratory-hopper-controller-sdvc311-m","status":"publish","type":"product","link":"https:\/\/swoer.com\/cs\/manufacturer\/vibratory-hopper-controller-sdvc311-m\/","title":{"rendered":"Vibra\u010dn\u00ed ovlada\u010d n\u00e1sypky SDVC311-M"},"content":{"rendered":"<h2>Vlastnosti produktu<\/h2>\n<p>Regul\u00e1tor vibra\u010dn\u00edho podava\u010de s digit\u00e1ln\u00ed frekven\u010dn\u00ed modulac\u00ed \u0159ady SDVC311 je kompaktn\u00ed, univerz\u00e1ln\u00ed v\u00fdstupn\u00ed regul\u00e1tor nab\u00edzej\u00edc\u00ed jedine\u010dn\u00fd v\u00fdkon s nejnov\u011bj\u0161\u00ed elektronickou technologi\u00ed a pe\u010dliv\u00fdm designem. Mezi kl\u00ed\u010dov\u00e9 vlastnosti pat\u0159\u00ed:<\/p>\n<ul>\n<li><strong>V\u00fdstupn\u00ed frekven\u010dn\u00ed rozsah:<\/strong> 5,0 Hz a\u017e 400,0 Hz s p\u0159esnost\u00ed 0,1 Hz.<\/li>\n<li><strong>Funkce brzdy:<\/strong> Rychle zastav\u00ed vibra\u010dn\u00ed desku posunut\u00edm proudu o 180\u00b0 b\u011bhem procesu pomal\u00e9ho zav\u00edr\u00e1n\u00ed.<\/li>\n<li>Inteligentn\u00ed fotoelektrick\u00fd port podporuje fotoelektrick\u00e9 senzory, senzory NPN nebo PNP.<\/li>\n<li>Port pro \u00fapln\u00e9 zastaven\u00ed materi\u00e1lu podporuje typy NPN, PNP nebo automatick\u00e9 p\u0159izp\u016fsoben\u00ed.<\/li>\n<li>\u0158\u00eddic\u00ed v\u00fdstupn\u00ed port podporuje re\u017eim v\u00fdstupu NPN, PNP nebo push-pull.<\/li>\n<li><strong>Komplexn\u00ed ochrann\u00e9 funkce:<\/strong> zkratov\u00e1 ochrana hlavn\u00edho v\u00fdstupu, nadproudov\u00e1 ochrana, ochrana proti p\u0159eh\u0159\u00e1t\u00ed, podp\u011b\u0165ov\u00e1\/p\u0159ep\u011b\u0165ov\u00e1 ochrana zdroje, ochrana proti zkratu ovl\u00e1dac\u00edho v\u00fdstupu, ochrana proti zkratu 24V v\u00fdstupu, ochrana proti zkratu na v\u00fdstupu 5V.<\/li>\n<\/ul>\n<p><strong>Ve srovn\u00e1n\u00ed s \u0159adi\u010dem SDVC31-M vykazuje tento produkt v\u00fdrazn\u00e9 zlep\u0161en\u00ed v\u00fdkonu:<\/strong><\/p>\n<ol>\n<li>V\u00fdstupn\u00ed frekvence zv\u00fd\u0161ena z 40,0-400,0Hz.<\/li>\n<li>Maxim\u00e1ln\u00ed zpo\u017ed\u011bn\u00ed zapnut\u00ed\/vypnut\u00ed u inteligentn\u00edch fotoelektrick\u00fdch port\u016f a port\u016f \u00fapln\u00e9ho zastaven\u00ed materi\u00e1lu zv\u00fd\u0161eno z 20,0 sekund na 99,9 sekund.<\/li>\n<li>Nov\u00e1 funkce pomal\u00e9ho zav\u00edr\u00e1n\u00ed: 0,0~10,0 sekund pro pomal\u00e9 zastaven\u00ed vibra\u010dn\u00ed desky.<\/li>\n<li>Nov\u00e1 funkce brzdy: 0~100 brzdn\u00fdch cykl\u016f pro rychl\u00e9 zastaven\u00ed vibra\u010dn\u00ed desky.<\/li>\n<li>Do inteligentn\u00edho fotoelektrick\u00e9ho portu byla p\u0159id\u00e1na podpora sn\u00edma\u010de PNP.<\/li>\n<li>Upgradovan\u00fd port \u00fapln\u00e9ho zastaven\u00ed materi\u00e1lu z v\u00fdb\u011bru NPN a PNP na softwarov\u00e9 nastaven\u00ed, v\u010detn\u011b automatick\u00e9ho re\u017eimu.<\/li>\n<li>\u0158\u00eddic\u00ed v\u00fdstupn\u00ed port byl upgradov\u00e1n z v\u00fdstupu NPN na re\u017eimy NPN, PNP a push-pull.<\/li>\n<li>Zpo\u017ed\u011bn\u00ed zapnut\u00ed\/vypnut\u00ed nov\u00e9ho \u0159\u00eddic\u00edho v\u00fdstupn\u00edho portu: 0,0~99,9 sekund.<\/li>\n<li>Nov\u00fd re\u017eim \u0159\u00eddic\u00edho v\u00fdstupu: re\u017eim zpo\u017ed\u011bn\u00ed a re\u017eim p\u0159idr\u017een\u00ed.<\/li>\n<li>Nov\u00e1 funkce m\u011b\u0159en\u00ed pro monitorov\u00e1n\u00ed teploty, nap\u011bt\u00ed sb\u011brnice, v\u00fdstupn\u00edho proudu, nap\u011bt\u00ed analogov\u00e9ho ovl\u00e1d\u00e1n\u00ed rychlosti na portu A, nap\u011bt\u00ed sign\u00e1lu na portu B, nap\u011bt\u00ed sign\u00e1lu na portu C, v\u00fdstupn\u00ed nap\u011bt\u00ed na portu D a v\u00fdstupn\u00ed nap\u011bt\u00ed 24V.<\/li>\n<\/ol>\n\t<div id=\"gap-1585441976\" class=\"gap-element clearfix\" style=\"display:block; height:auto;\">\n\t\t\n<style>\n#gap-1585441976 {\n  padding-top: 30px;\n}\n<\/style>\n\t<\/div>\n\t\n<h2>Technick\u00e9 specifikace<\/h2>\n<table width=\"767\">\n<tbody>\n<tr>\n<td rowspan=\"2\" width=\"225\">Polo\u017eka<\/td>\n<td colspan=\"3\" width=\"216\">Rozsah<\/td>\n<td rowspan=\"2\" width=\"72\">Jednotka<\/td>\n<td rowspan=\"2\" width=\"254\">Popis<\/td>\n<\/tr>\n<tr>\n<td>Minim\u00e1ln\u00ed<\/td>\n<td>Typick\u00fd<\/td>\n<td>Maximum<\/td>\n<\/tr>\n<tr>\n<td>Vstupn\u00ed nap\u011bt\u00ed<\/td>\n<td>85<\/td>\n<td>220<\/td>\n<td>260<\/td>\n<td>PROTI<\/td>\n<td>AC efektivn\u00ed hodnota<\/td>\n<\/tr>\n<tr>\n<td>Rozsah nastaven\u00ed v\u00fdstupn\u00edho nap\u011bt\u00ed<\/td>\n<td>0<\/td>\n<td><\/td>\n<td>260<\/td>\n<td>PROTI<\/td>\n<td>Vstupn\u00ed nap\u011bt\u00ed m\u00e9n\u011b ne\u017e 150%<\/td>\n<\/tr>\n<tr>\n<td>P\u0159esnost nastaven\u00ed nap\u011bt\u00ed<\/td>\n<td colspan=\"3\">1<\/td>\n<td>PROTI<\/td>\n<td><\/td>\n<\/tr>\n<tr>\n<td>P\u0159esnost regulace nap\u011bt\u00ed<\/td>\n<td>0<\/td>\n<td><\/td>\n<td>10<\/td>\n<td><\/td>\n<td>Vout\/Vin<\/td>\n<\/tr>\n<tr>\n<td rowspan=\"2\">Rozsah nastaven\u00ed v\u00fdstupn\u00edho proudu<\/td>\n<td>0<\/td>\n<td><\/td>\n<td>1.5<\/td>\n<td>A<\/td>\n<td>SDVC311-LS<\/td>\n<\/tr>\n<tr>\n<td>0<\/td>\n<td><\/td>\n<td>3<\/td>\n<td>VA<\/td>\n<td>SDVC311-LM<\/td>\n<\/tr>\n<tr>\n<td rowspan=\"2\">V\u00fdstupn\u00ed v\u00fdkon<\/td>\n<td>0<\/td>\n<td><\/td>\n<td>330<\/td>\n<td>VA<\/td>\n<td>SDVC311-LS<\/td>\n<\/tr>\n<tr>\n<td>0<\/td>\n<td><\/td>\n<td>660<\/td>\n<td>VA<\/td>\n<td>SDVC311-LM<\/td>\n<\/tr>\n<tr>\n<td>V\u00fdstupn\u00ed frekvence<\/td>\n<td>40\/5.0<\/td>\n<td><\/td>\n<td>400<\/td>\n<td>Hz<\/td>\n<td><\/td>\n<\/tr>\n<tr>\n<td>P\u0159esnost nastaven\u00ed frekvence<\/td>\n<td colspan=\"3\">0.1<\/td>\n<td>Hz<\/td>\n<td><\/td>\n<\/tr>\n<tr>\n<td>V\u00fdstupn\u00ed pr\u016fb\u011bh<\/td>\n<td colspan=\"3\">sinus<\/td>\n<td><\/td>\n<td><\/td>\n<\/tr>\n<tr>\n<td>Pomal\u00fd \u010das startu<\/td>\n<td>0<\/td>\n<td><\/td>\n<td>10<\/td>\n<td>s<\/td>\n<td>V\u00fdchoz\u00ed tov\u00e1rn\u00ed nastaven\u00ed 0,5<\/td>\n<\/tr>\n<tr>\n<td>\u010casov\u00fd rozsah zpo\u017ed\u011bn\u00ed<\/td>\n<td>0<\/td>\n<td><\/td>\n<td>20\/99.9<\/td>\n<td>s<\/td>\n<td>V\u00fdchoz\u00ed tov\u00e1rn\u00ed nastaven\u00ed 0.2<\/td>\n<\/tr>\n<tr>\n<td>P\u0159esnost \u010dasu zpo\u017ed\u011bn\u00ed<\/td>\n<td colspan=\"3\">0.1<\/td>\n<td>s<\/td>\n<td><\/td>\n<\/tr>\n<tr>\n<td>Teplota ochrany proti p\u0159eh\u0159\u00e1t\u00ed<\/td>\n<td>58<\/td>\n<td>60<\/td>\n<td>66<\/td>\n<td>\u2103<\/td>\n<td><\/td>\n<\/tr>\n<tr>\n<td>V\u00fdstupn\u00ed nap\u011bt\u00ed DC ovl\u00e1d\u00e1n\u00ed<\/td>\n<td>0<\/td>\n<td><\/td>\n<td>400<\/td>\n<td>PROTI<\/td>\n<td><\/td>\n<\/tr>\n<tr>\n<td>V\u00fdstupn\u00ed proud \u0159\u00edzen\u00ed DC<\/td>\n<td>22<\/td>\n<td>24<\/td>\n<td>26<\/td>\n<td>mA<\/td>\n<td><\/td>\n<\/tr>\n<tr>\n<td>Analogov\u00fd \u0159\u00eddic\u00ed model<\/td>\n<td colspan=\"3\">1 &#8211; 5<\/td>\n<td>PROTI<\/td>\n<td>Nap\u011bt\u00ed d\u00e1lkov\u00e9ho ovl\u00e1d\u00e1n\u00ed rychlosti<\/td>\n<\/tr>\n<tr>\n<td>Digit\u00e1ln\u00ed \u0159\u00eddic\u00ed sign\u00e1l<\/td>\n<td colspan=\"3\">24<\/td>\n<td>PROTI<\/td>\n<td>Ovl\u00e1d\u00e1n\u00ed sp\u00ednac\u00edho sign\u00e1lu<\/td>\n<\/tr>\n<tr>\n<td>Zp\u016fsob \u00fapravy<\/td>\n<td colspan=\"3\">6<\/td>\n<td>kl\u00ed\u010d<\/td>\n<td><\/td>\n<\/tr>\n<tr>\n<td>Spot\u0159eba energie bez z\u00e1t\u011b\u017ee<\/td>\n<td><\/td>\n<td>3<\/td>\n<td><\/td>\n<td>W<\/td>\n<td><\/td>\n<\/tr>\n<tr>\n<td>Zobrazovac\u00ed m\u00f3d<\/td>\n<td colspan=\"3\">5<\/td>\n<td>\u010d\u00edslice<\/td>\n<td>LED digit\u00e1ln\u00ed trubice<\/td>\n<\/tr>\n<tr>\n<td>Teplota mzdov\u00e9ho prost\u0159ed\u00ed<\/td>\n<td>0<\/td>\n<td>25<\/td>\n<td>40<\/td>\n<td>\u2103<\/td>\n<td rowspan=\"3\">\u017d\u00e1dn\u00e1 kondenzace<\/td>\n<\/tr>\n<tr>\n<td>Vlhkost mzdov\u00e9ho prost\u0159ed\u00ed<\/td>\n<td>10<\/td>\n<td>60<\/td>\n<td>85<\/td>\n<td>%<\/td>\n<\/tr>\n<tr>\n<td>Skladovac\u00ed teplota<\/td>\n<td>-20<\/td>\n<td>25<\/td>\n<td>85<\/td>\n<td>\u2103<\/td>\n<\/tr>\n<\/tbody>\n<\/table>\n\t<div id=\"gap-487266048\" class=\"gap-element clearfix\" style=\"display:block; height:auto;\">\n\t\t\n<style>\n#gap-487266048 {\n  padding-top: 30px;\n}\n<\/style>\n\t<\/div>\n\t\n<p><strong><b>Rozm\u011bry:<\/b><\/strong>\u00a0D\u00e9lka 94,5 mm \u00d7 \u0160\u00ed\u0159ka 53,6 mm \u00d7 V\u00fd\u0161ka 190 mm<\/p>\n\t<div class=\"img has-hover x md-x lg-x y md-y lg-y\" id=\"image_445549896\">\n\t\t\t\t\t\t\t\t<div class=\"img-inner dark\" >\n\t\t\t<img loading=\"lazy\" decoding=\"async\" width=\"770\" height=\"829\" src=\"https:\/\/swoer.com\/wp-content\/uploads\/2024\/07\/Product-Dimensions.webp\" class=\"attachment-original size-original\" alt=\"rozm\u011bry produktu\" srcset=\"https:\/\/swoer.com\/wp-content\/uploads\/2024\/07\/Product-Dimensions.webp 770w, https:\/\/swoer.com\/wp-content\/uploads\/2024\/07\/Product-Dimensions-279x300.webp 279w, https:\/\/swoer.com\/wp-content\/uploads\/2024\/07\/Product-Dimensions-768x827.webp 768w, https:\/\/swoer.com\/wp-content\/uploads\/2024\/07\/Product-Dimensions-11x12.webp 11w, https:\/\/swoer.com\/wp-content\/uploads\/2024\/07\/Product-Dimensions-600x646.webp 600w\" sizes=\"(max-width: 770px) 100vw, 770px\" \/>\t\t\t\t\t\t\n\t\t\t\t\t<\/div>\n\t\t\t\t\t\t\t\t\n<style>\n#image_445549896 {\n  width: 58%;\n}\n<\/style>\n\t<\/div>","protected":false},"excerpt":{"rendered":"<p>\u0158\u00eddic\u00ed jednotka vibra\u010dn\u00edho z\u00e1sobn\u00edku SDVC311-M je navr\u017eena pro p\u0159esn\u00e9 a efektivn\u00ed pod\u00e1v\u00e1n\u00ed materi\u00e1lu v r\u016fzn\u00fdch automatiza\u010dn\u00edch aplikac\u00edch. D\u00edky \u0161irok\u00e9mu frekven\u010dn\u00edmu rozsahu (5,0 Hz a\u017e 400,0 Hz), vysok\u00e9 p\u0159esnosti (0,1 Hz) a podpo\u0159e inteligentn\u00edch senzor\u016f zaji\u0161\u0165uje SDVC311-M optim\u00e1ln\u00ed manipulaci s materi\u00e1lem.<\/p>","protected":false},"featured_media":2489,"comment_status":"open","ping_status":"closed","template":"","meta":[],"product_cat":[45],"product_tag":[],"yoast_head":"<!-- This site is optimized with the Yoast SEO plugin v22.2 - https:\/\/yoast.com\/wordpress\/plugins\/seo\/ -->\n<title>Vibratory Hopper Controller SDVC311-M - SWOER<\/title>\n<meta name=\"description\" content=\"SDVC311-M vibratory hopper controller features introduction.\" \/>\n<meta name=\"robots\" content=\"index, follow, max-snippet:-1, max-image-preview:large, max-video-preview:-1\" \/>\n<link rel=\"canonical\" href=\"https:\/\/swoer.com\/cs\/manufacturer\/vibratory-hopper-controller-sdvc311-m\/\" \/>\n<meta property=\"og:locale\" content=\"cs_CZ\" \/>\n<meta property=\"og:type\" content=\"article\" \/>\n<meta property=\"og:title\" content=\"Vibratory Hopper Controller SDVC311-M - SWOER\" \/>\n<meta property=\"og:description\" content=\"SDVC311-M vibratory hopper controller features introduction.\" \/>\n<meta property=\"og:url\" content=\"https:\/\/swoer.com\/cs\/manufacturer\/vibratory-hopper-controller-sdvc311-m\/\" \/>\n<meta property=\"og:site_name\" content=\"SWOER\" \/>\n<meta property=\"article:modified_time\" content=\"2024-08-16T04:01:29+00:00\" \/>\n<meta property=\"og:image\" content=\"https:\/\/swoer.com\/wp-content\/uploads\/2024\/07\/Vibratory-Hopper-Controller-SDVC311-M-1.webp\" \/>\n\t<meta property=\"og:image:width\" content=\"1000\" \/>\n\t<meta property=\"og:image:height\" content=\"1000\" \/>\n\t<meta property=\"og:image:type\" content=\"image\/webp\" \/>\n<meta name=\"twitter:card\" content=\"summary_large_image\" \/>\n<meta name=\"twitter:label1\" content=\"Odhadovan\u00e1 doba \u010dten\u00ed\" \/>\n\t<meta name=\"twitter:data1\" content=\"3 minuty\" \/>\n<script type=\"application\/ld+json\" class=\"yoast-schema-graph\">{\"@context\":\"https:\/\/schema.org\",\"@graph\":[{\"@type\":\"WebPage\",\"@id\":\"https:\/\/swoer.com\/manufacturer\/vibratory-hopper-controller-sdvc311-m\/\",\"url\":\"https:\/\/swoer.com\/manufacturer\/vibratory-hopper-controller-sdvc311-m\/\",\"name\":\"Vibratory Hopper Controller SDVC311-M - SWOER\",\"isPartOf\":{\"@id\":\"https:\/\/swoer.com\/#website\"},\"primaryImageOfPage\":{\"@id\":\"https:\/\/swoer.com\/manufacturer\/vibratory-hopper-controller-sdvc311-m\/#primaryimage\"},\"image\":{\"@id\":\"https:\/\/swoer.com\/manufacturer\/vibratory-hopper-controller-sdvc311-m\/#primaryimage\"},\"thumbnailUrl\":\"https:\/\/swoer.com\/wp-content\/uploads\/2024\/07\/Vibratory-Hopper-Controller-SDVC311-M-1.webp\",\"datePublished\":\"2024-07-11T02:33:28+00:00\",\"dateModified\":\"2024-08-16T04:01:29+00:00\",\"description\":\"SDVC311-M vibratory hopper controller features introduction.\",\"breadcrumb\":{\"@id\":\"https:\/\/swoer.com\/manufacturer\/vibratory-hopper-controller-sdvc311-m\/#breadcrumb\"},\"inLanguage\":\"cs\",\"potentialAction\":[{\"@type\":\"ReadAction\",\"target\":[\"https:\/\/swoer.com\/manufacturer\/vibratory-hopper-controller-sdvc311-m\/\"]}]},{\"@type\":\"ImageObject\",\"inLanguage\":\"cs\",\"@id\":\"https:\/\/swoer.com\/manufacturer\/vibratory-hopper-controller-sdvc311-m\/#primaryimage\",\"url\":\"https:\/\/swoer.com\/wp-content\/uploads\/2024\/07\/Vibratory-Hopper-Controller-SDVC311-M-1.webp\",\"contentUrl\":\"https:\/\/swoer.com\/wp-content\/uploads\/2024\/07\/Vibratory-Hopper-Controller-SDVC311-M-1.webp\",\"width\":1000,\"height\":1000,\"caption\":\"Vibratory Hopper Controller SDVC311-M\"},{\"@type\":\"BreadcrumbList\",\"@id\":\"https:\/\/swoer.com\/manufacturer\/vibratory-hopper-controller-sdvc311-m\/#breadcrumb\",\"itemListElement\":[{\"@type\":\"ListItem\",\"position\":1,\"name\":\"Home\",\"item\":\"https:\/\/swoer.com\/\"},{\"@type\":\"ListItem\",\"position\":2,\"name\":\"Shop\",\"item\":\"https:\/\/swoer.com\/shop\/\"},{\"@type\":\"ListItem\",\"position\":3,\"name\":\"Vibratory Hopper Controller SDVC311-M\"}]},{\"@type\":\"WebSite\",\"@id\":\"https:\/\/swoer.com\/#website\",\"url\":\"https:\/\/swoer.com\/\",\"name\":\"SWOER\",\"description\":\"Swoer is the top 3 vibratory bowl feeder manufacturer in China\",\"potentialAction\":[{\"@type\":\"SearchAction\",\"target\":{\"@type\":\"EntryPoint\",\"urlTemplate\":\"https:\/\/swoer.com\/?s={search_term_string}\"},\"query-input\":\"required name=search_term_string\"}],\"inLanguage\":\"cs\"}]}<\/script>\n<!-- \/ Yoast SEO plugin. -->","yoast_head_json":{"title":"Vibratory Hopper Controller SDVC311-M - SWOER","description":"SDVC311-M vibratory hopper controller features introduction.","robots":{"index":"index","follow":"follow","max-snippet":"max-snippet:-1","max-image-preview":"max-image-preview:large","max-video-preview":"max-video-preview:-1"},"canonical":"https:\/\/swoer.com\/cs\/manufacturer\/vibratory-hopper-controller-sdvc311-m\/","og_locale":"cs_CZ","og_type":"article","og_title":"Vibratory Hopper Controller SDVC311-M - SWOER","og_description":"SDVC311-M vibratory hopper controller features introduction.","og_url":"https:\/\/swoer.com\/cs\/manufacturer\/vibratory-hopper-controller-sdvc311-m\/","og_site_name":"SWOER","article_modified_time":"2024-08-16T04:01:29+00:00","og_image":[{"width":1000,"height":1000,"url":"https:\/\/swoer.com\/wp-content\/uploads\/2024\/07\/Vibratory-Hopper-Controller-SDVC311-M-1.webp","type":"image\/webp"}],"twitter_card":"summary_large_image","twitter_misc":{"Odhadovan\u00e1 doba \u010dten\u00ed":"3 minuty"},"schema":{"@context":"https:\/\/schema.org","@graph":[{"@type":"WebPage","@id":"https:\/\/swoer.com\/manufacturer\/vibratory-hopper-controller-sdvc311-m\/","url":"https:\/\/swoer.com\/manufacturer\/vibratory-hopper-controller-sdvc311-m\/","name":"Vibratory Hopper Controller SDVC311-M - SWOER","isPartOf":{"@id":"https:\/\/swoer.com\/#website"},"primaryImageOfPage":{"@id":"https:\/\/swoer.com\/manufacturer\/vibratory-hopper-controller-sdvc311-m\/#primaryimage"},"image":{"@id":"https:\/\/swoer.com\/manufacturer\/vibratory-hopper-controller-sdvc311-m\/#primaryimage"},"thumbnailUrl":"https:\/\/swoer.com\/wp-content\/uploads\/2024\/07\/Vibratory-Hopper-Controller-SDVC311-M-1.webp","datePublished":"2024-07-11T02:33:28+00:00","dateModified":"2024-08-16T04:01:29+00:00","description":"SDVC311-M vibratory hopper controller features introduction.","breadcrumb":{"@id":"https:\/\/swoer.com\/manufacturer\/vibratory-hopper-controller-sdvc311-m\/#breadcrumb"},"inLanguage":"cs","potentialAction":[{"@type":"ReadAction","target":["https:\/\/swoer.com\/manufacturer\/vibratory-hopper-controller-sdvc311-m\/"]}]},{"@type":"ImageObject","inLanguage":"cs","@id":"https:\/\/swoer.com\/manufacturer\/vibratory-hopper-controller-sdvc311-m\/#primaryimage","url":"https:\/\/swoer.com\/wp-content\/uploads\/2024\/07\/Vibratory-Hopper-Controller-SDVC311-M-1.webp","contentUrl":"https:\/\/swoer.com\/wp-content\/uploads\/2024\/07\/Vibratory-Hopper-Controller-SDVC311-M-1.webp","width":1000,"height":1000,"caption":"Vibratory Hopper Controller SDVC311-M"},{"@type":"BreadcrumbList","@id":"https:\/\/swoer.com\/manufacturer\/vibratory-hopper-controller-sdvc311-m\/#breadcrumb","itemListElement":[{"@type":"ListItem","position":1,"name":"Home","item":"https:\/\/swoer.com\/"},{"@type":"ListItem","position":2,"name":"Shop","item":"https:\/\/swoer.com\/shop\/"},{"@type":"ListItem","position":3,"name":"Vibratory Hopper Controller SDVC311-M"}]},{"@type":"WebSite","@id":"https:\/\/swoer.com\/#website","url":"https:\/\/swoer.com\/","name":"SWOER","description":"Swoer is the top 3 vibratory bowl feeder manufacturer in China","potentialAction":[{"@type":"SearchAction","target":{"@type":"EntryPoint","urlTemplate":"https:\/\/swoer.com\/?s={search_term_string}"},"query-input":"required name=search_term_string"}],"inLanguage":"cs"}]}},"_links":{"self":[{"href":"https:\/\/swoer.com\/cs\/wp-json\/wp\/v2\/product\/2332"}],"collection":[{"href":"https:\/\/swoer.com\/cs\/wp-json\/wp\/v2\/product"}],"about":[{"href":"https:\/\/swoer.com\/cs\/wp-json\/wp\/v2\/types\/product"}],"replies":[{"embeddable":true,"href":"https:\/\/swoer.com\/cs\/wp-json\/wp\/v2\/comments?post=2332"}],"wp:featuredmedia":[{"embeddable":true,"href":"https:\/\/swoer.com\/cs\/wp-json\/wp\/v2\/media\/2489"}],"wp:attachment":[{"href":"https:\/\/swoer.com\/cs\/wp-json\/wp\/v2\/media?parent=2332"}],"wp:term":[{"taxonomy":"product_cat","embeddable":true,"href":"https:\/\/swoer.com\/cs\/wp-json\/wp\/v2\/product_cat?post=2332"},{"taxonomy":"product_tag","embeddable":true,"href":"https:\/\/swoer.com\/cs\/wp-json\/wp\/v2\/product_tag?post=2332"}],"curies":[{"name":"wp","href":"https:\/\/api.w.org\/{rel}","templated":true}]}}