{"id":2326,"date":"2024-07-10T02:07:49","date_gmt":"2024-07-10T02:07:49","guid":{"rendered":"https:\/\/swoer.com\/?post_type=product&#038;p=2326"},"modified":"2024-08-16T14:01:56","modified_gmt":"2024-08-16T06:01:56","slug":"vibratory-bowl-feeder-speed-controller-dvc34-xlr","status":"publish","type":"product","link":"https:\/\/swoer.com\/cs\/manufacturer\/vibratory-bowl-feeder-speed-controller-dvc34-xlr\/","title":{"rendered":"Regul\u00e1tor rychlosti vibra\u010dn\u00edho podava\u010de m\u00edsy DVC34-XLR"},"content":{"rendered":"<h2><strong><b>Vlastnosti DVC34-XLR<\/b><\/strong><\/h2>\n<ul>\n<li>Automatick\u00e1 stabilizace rychlosti<\/li>\n<li>Automatick\u00e9 nastaven\u00ed frekvence<\/li>\n<li>Automatick\u00e9 vyhled\u00e1v\u00e1n\u00ed frekvence<\/li>\n<li>Synchronn\u00ed v\u00fdstup<\/li>\n<li>P\u0159ednastaven\u00e1 rychlost<\/li>\n<li>Vysoce p\u0159esn\u00e1 automatick\u00e1 stabilizace nap\u011bt\u00ed<\/li>\n<li>Digit\u00e1ln\u00ed ochrana proti p\u0159eh\u0159\u00e1t\u00ed<\/li>\n<li>Samoadaptace senzoru<\/li>\n<li>D\u00e1lkov\u00e9 ovl\u00e1d\u00e1n\u00ed rychlosti<\/li>\n<li>DC \u0159\u00eddic\u00ed v\u00fdstup<\/li>\n<li>Z\u00e1mek kl\u00e1vesnice<\/li>\n<li>Nastaven\u00ed maxim\u00e1ln\u00edho v\u00fdstupn\u00edho nap\u011bt\u00ed<\/li>\n<li>Vypnut\u00ed pln\u00e9ho\/pr\u00e1zdn\u00e9ho materi\u00e1lu senzoru se dv\u011bma sp\u00edna\u010di<\/li>\n<li>Funkce po\u010d\u00edt\u00e1n\u00ed<\/li>\n<li>485 komunikace<\/li>\n<\/ul>\n\t<div id=\"gap-900044440\" class=\"gap-element clearfix\" style=\"display:block; height:auto;\">\n\t\t\n<style>\n#gap-900044440 {\n  padding-top: 30px;\n}\n<\/style>\n\t<\/div>\n\t\n<h2><strong><b>DVC34-XLR<\/b><\/strong><strong><b>\u00a0<\/b><\/strong><strong><b>Funkce<\/b><\/strong><\/h2>\n<p>Tato \u0159ada ovlada\u010d\u016f, navr\u017een\u00e1 pro vibra\u010dn\u00ed pod\u00e1v\u00e1n\u00ed v automatizaci, integruje pokro\u010dilou elektronickou technologii. Poskytuje praktick\u00e9, u\u017eivatelsky p\u0159\u00edv\u011btiv\u00e9 funkce:<\/p>\n<ol>\n<li><strong>Automatick\u00e1 modulace frekvence:<\/strong> Ovlada\u010d upravuje frekvenci v re\u00e1ln\u00e9m \u010dase a zaji\u0161\u0165uje, \u017ee podava\u010d pracuje optim\u00e1ln\u011b.<\/li>\n<li><strong>Automatick\u00e1 stabilizace rychlosti:<\/strong> Proto\u017ee regul\u00e1tor reguluje nap\u011bt\u00ed v re\u00e1ln\u00e9m \u010dase, zaji\u0161\u0165uje konstantn\u00ed rychlost pod\u00e1v\u00e1n\u00ed. Bez ohledu na to, zda se mno\u017estv\u00ed obrobku zvy\u0161uje nebo sni\u017euje, tato funkce udr\u017euje stabiln\u00ed v\u00fdkon, \u010d\u00edm\u017e zvy\u0161uje celkovou efektivitu.<\/li>\n<li><strong>Automatick\u00e9 vyhled\u00e1v\u00e1n\u00ed frekvence:<\/strong> Spolehliv\u00e1 funkce rychle identifikuje optim\u00e1ln\u00ed frekvenci a souvisej\u00edc\u00ed parametry, co\u017e zvy\u0161uje pohodl\u00ed u\u017eivatele.<\/li>\n<li><strong>Automatick\u00e1 stabilizace nap\u011bt\u00ed:<\/strong> Bez aktivovan\u00e9 stabilizace rychlosti regul\u00e1tor eliminuje kol\u00eds\u00e1n\u00ed rychlosti v d\u016fsledku zm\u011bn nap\u00e1jec\u00edho zdroje, \u010d\u00edm\u017e zabra\u0148uje vliv\u016fm frekvence \u00fader\u016f.<\/li>\n<li><strong>Synchronn\u00ed v\u00fdstup:<\/strong> V\u00edce ovlada\u010d\u016f synchronizuje sv\u00e9 v\u00fdstupy ve frekvenci a f\u00e1zi, \u010d\u00edm\u017e se vyhne frekvenci \u00fader\u016f a souvisej\u00edc\u00edm probl\u00e9m\u016fm.<\/li>\n<li><strong>Odst\u00e1vka \u00fapln\u00e9ho\/pr\u00e1zdn\u00e9ho materi\u00e1lu:<\/strong> Vstup senzoru umo\u017e\u0148uje \u0159\u00eddic\u00ed jednotce \u0159\u00eddit vyp\u00edn\u00e1n\u00ed na z\u00e1klad\u011b \u00farovn\u00ed materi\u00e1lu a nab\u00edz\u00ed p\u0159izp\u016fsobiteln\u00fd \u010das spu\u0161t\u011bn\u00ed, zpo\u017ed\u011bn\u00ed a logick\u00e1 nastaven\u00ed.<\/li>\n<li><strong>Adaptace senzoru:<\/strong> Krom\u011b sv\u00fdch dal\u0161\u00edch funkc\u00ed se regul\u00e1tor plynule p\u0159izp\u016fsob\u00ed jak NPN, tak PNP sn\u00edma\u010d\u016fm sp\u00edna\u010d\u016f. Toto automatick\u00e9 nastaven\u00ed zaji\u0161\u0165uje kompatibilitu a spolehlivost bez ohledu na pou\u017eit\u00fd typ senzoru.<\/li>\n<li><strong>Pomal\u00fd start:<\/strong> P\u0159i spu\u0161t\u011bn\u00ed regul\u00e1tor postupn\u011b zvy\u0161uje nap\u011bt\u00ed, \u010d\u00edm\u017e zabra\u0148uje po\u0161kozen\u00ed n\u00e1hl\u00fdmi ot\u0159esy.<\/li>\n<li><strong>P\u0159ednastaven\u00e1 rychlost:<\/strong> U\u017eivatel\u00e9 si mohou vybrat ze \u010dty\u0159 p\u0159ednastaven\u00fdch v\u00fdstupn\u00edch nap\u011bt\u00ed prost\u0159ednictv\u00edm extern\u00edch \u0159\u00eddic\u00edch sign\u00e1l\u016f.<\/li>\n<li><strong>Akcelera\u010dn\u00ed funkce:<\/strong> Tato funkce zvy\u0161uje v\u00fdstupn\u00ed nap\u011bt\u00ed a\u017e na 1501 TP3T vstupn\u00edho nap\u011bt\u00ed.<\/li>\n<li><strong>Nastaven\u00ed maxim\u00e1ln\u00edho v\u00fdstupn\u00edho nap\u011bt\u00ed:<\/strong> U\u017eivatel\u00e9 mohou nastavit limit nap\u011bt\u00ed, kter\u00fd zabr\u00e1n\u00ed n\u00e1hodn\u00e9mu po\u0161kozen\u00ed v d\u016fsledku nadm\u011brn\u00e9ho nap\u011bt\u00ed.<\/li>\n<li><strong>Index pr\u016fb\u011bhu:<\/strong> Tento parametr vyva\u017euje \u00fa\u010dinnost regul\u00e1toru s maxim\u00e1ln\u00edm v\u00fdstupn\u00edm v\u00fdkonem.<\/li>\n<li><strong>D\u00e1lkov\u00e9 ovl\u00e1d\u00e1n\u00ed rychlosti:<\/strong> U\u017eivatel\u00e9 mohou ovl\u00e1dat nap\u011bt\u00ed nebo ot\u00e1\u010dky extern\u011b pomoc\u00ed potenciometru, PLC nebo nap\u00e1jec\u00edho sign\u00e1lu.<\/li>\n<li><strong>24V DC \u0159\u00eddic\u00ed v\u00fdstup:<\/strong> \u0158\u00eddic\u00ed sign\u00e1l vystupuje p\u0159es tranzistor, co\u017e umo\u017e\u0148uje p\u0159\u00edm\u00e9 ovl\u00e1d\u00e1n\u00ed za\u0159\u00edzen\u00ed, jako jsou solenoidov\u00e9 ventily.<\/li>\n<li><strong>V\u00fdstupn\u00ed sp\u00edna\u010d:<\/strong> Dotykov\u00e9 tla\u010d\u00edtko na panelu umo\u017e\u0148uje okam\u017eit\u00e9 spu\u0161t\u011bn\u00ed\/zastaven\u00ed stroje, co\u017e zjednodu\u0161uje lad\u011bn\u00ed za\u0159\u00edzen\u00ed.<\/li>\n<li><strong>Z\u00e1mek kl\u00e1vesnice:<\/strong> Podr\u017een\u00edm tla\u010d\u00edtka zapnut\u00ed\/vypnut\u00ed uzamknete v\u0161echny funkce a zabr\u00e1n\u00edte tak necht\u011bn\u00fdm operac\u00edm.<\/li>\n<li><strong>Heslo parametru:<\/strong> U\u017eivatel\u00e9 mohou nastavit heslo pro uzam\u010den\u00ed parametr\u016f, kter\u00e9 chr\u00e1n\u00ed p\u0159ed neopr\u00e1vn\u011bn\u00fdmi zm\u011bnami.<\/li>\n<li><strong>Obnovit tov\u00e1rn\u00ed nastaven\u00ed:<\/strong> Tato funkce rychle vr\u00e1t\u00ed parametry do tov\u00e1rn\u00edho nastaven\u00ed a resetuje ovlada\u010d.<\/li>\n<li><strong>485 komunikace:<\/strong> U\u017eivatel\u00e9 mohou vzd\u00e1len\u011b upravovat nastaven\u00ed ovlada\u010de prost\u0159ednictv\u00edm komunikace 485.<\/li>\n<\/ol>\n\t<div id=\"gap-415978830\" class=\"gap-element clearfix\" style=\"display:block; height:auto;\">\n\t\t\n<style>\n#gap-415978830 {\n  padding-top: 30px;\n}\n<\/style>\n\t<\/div>\n\t\n<h2>Technick\u00e9 specifikace<\/h2>\n<table width=\"767\">\n<tbody>\n<tr>\n<td rowspan=\"2\" width=\"225\">Polo\u017eka<\/td>\n<td colspan=\"3\" width=\"216\">Rozsah<\/td>\n<td rowspan=\"2\" width=\"72\">Jednotka<\/td>\n<td rowspan=\"2\" width=\"254\">Popis<\/td>\n<\/tr>\n<tr>\n<td>Minim\u00e1ln\u00ed<\/td>\n<td>Typick\u00fd<\/td>\n<td>Maximum<\/td>\n<\/tr>\n<tr>\n<td>Vstupn\u00ed nap\u011bt\u00ed<\/td>\n<td>85<\/td>\n<td>220<\/td>\n<td>260<\/td>\n<td>PROTI<\/td>\n<td>AC efektivn\u00ed hodnota<\/td>\n<\/tr>\n<tr>\n<td>Rozsah nastaven\u00ed v\u00fdstupn\u00edho nap\u011bt\u00ed<\/td>\n<td>0<\/td>\n<td><\/td>\n<td>260<\/td>\n<td>PROTI<\/td>\n<td>Vstupn\u00ed nap\u011bt\u00ed m\u00e9n\u011b ne\u017e 150%<\/td>\n<\/tr>\n<tr>\n<td>P\u0159esnost nastaven\u00ed nap\u011bt\u00ed<\/td>\n<td colspan=\"3\">1<\/td>\n<td>PROTI<\/td>\n<td><\/td>\n<\/tr>\n<tr>\n<td>P\u0159esnost regulace nap\u011bt\u00ed<\/td>\n<td>0<\/td>\n<td><\/td>\n<td>10<\/td>\n<td><\/td>\n<td>Vout\/Vin<\/td>\n<\/tr>\n<tr>\n<td>Doba odezvy regulace nap\u011bt\u00ed<\/td>\n<td>0.0025<\/td>\n<td><\/td>\n<td>0.04<\/td>\n<td>s<\/td>\n<td>Jedna desetina cyklu v\u00fdstupn\u00edho nap\u011bt\u00ed<\/td>\n<\/tr>\n<tr>\n<td rowspan=\"2\">Rozsah nastaven\u00ed v\u00fdstupn\u00edho proudu<\/td>\n<td rowspan=\"2\">0<\/td>\n<td rowspan=\"2\"><\/td>\n<td rowspan=\"2\">6<\/td>\n<td rowspan=\"2\">A<\/td>\n<td rowspan=\"2\" width=\"254\">SDVC34-XLR<br \/>\nSDVC34-XLRJ<\/td>\n<\/tr>\n<tr>\n<td rowspan=\"2\"><\/td>\n<td rowspan=\"2\"><\/td>\n<td rowspan=\"2\"><\/td>\n<td rowspan=\"2\"><\/td>\n<td rowspan=\"2\"><\/td>\n<td rowspan=\"2\" width=\"254\"><\/td>\n<\/tr>\n<tr>\n<td>V\u00fdstupn\u00ed frekvence<\/td>\n<td>25<\/td>\n<td><\/td>\n<td>400<\/td>\n<td>Hz<\/td>\n<td><\/td>\n<\/tr>\n<tr>\n<td>P\u0159esnost nastaven\u00ed frekvence<\/td>\n<td colspan=\"3\">0.1<\/td>\n<td>Hz<\/td>\n<td><\/td>\n<\/tr>\n<tr>\n<td>V\u00fdstupn\u00ed pr\u016fb\u011bh<\/td>\n<td colspan=\"3\">sinus<\/td>\n<td><\/td>\n<td><\/td>\n<\/tr>\n<tr>\n<td>Pomal\u00fd \u010das startu<\/td>\n<td>0<\/td>\n<td><\/td>\n<td>10<\/td>\n<td>s<\/td>\n<td>V\u00fdchoz\u00ed tov\u00e1rn\u00ed nastaven\u00ed 0,5<\/td>\n<\/tr>\n<tr>\n<td>\u010casov\u00fd rozsah zpo\u017ed\u011bn\u00ed<\/td>\n<td>0<\/td>\n<td><\/td>\n<td>20<\/td>\n<td>s<\/td>\n<td>V\u00fdchoz\u00ed tov\u00e1rn\u00ed nastaven\u00ed 0.2<\/td>\n<\/tr>\n<tr>\n<td>P\u0159esnost \u010dasu zpo\u017ed\u011bn\u00ed<\/td>\n<td colspan=\"3\">0.1<\/td>\n<td>s<\/td>\n<td><\/td>\n<\/tr>\n<tr>\n<td>Teplota ochrany proti p\u0159eh\u0159\u00e1t\u00ed<\/td>\n<td>60<\/td>\n<td>65<\/td>\n<td>65<\/td>\n<td>\u2103<\/td>\n<td><\/td>\n<\/tr>\n<tr>\n<td>V\u00fdstupn\u00ed nap\u011bt\u00ed DC ovl\u00e1d\u00e1n\u00ed<\/td>\n<td>22<\/td>\n<td>24<\/td>\n<td>26<\/td>\n<td>PROTI<\/td>\n<td><\/td>\n<\/tr>\n<tr>\n<td>V\u00fdstupn\u00ed proud \u0159\u00edzen\u00ed DC<\/td>\n<td>0<\/td>\n<td><\/td>\n<td>200<\/td>\n<td>mA<\/td>\n<td><\/td>\n<\/tr>\n<tr>\n<td>Analogov\u00fd \u0159\u00eddic\u00ed model<\/td>\n<td colspan=\"3\">1- 5<\/td>\n<td>PROTI<\/td>\n<td>Nap\u011bt\u00ed d\u00e1lkov\u00e9ho ovl\u00e1d\u00e1n\u00ed rychlosti<\/td>\n<\/tr>\n<tr>\n<td>Digit\u00e1ln\u00ed \u0159\u00eddic\u00ed sign\u00e1l<\/td>\n<td colspan=\"3\">24<\/td>\n<td>PROTI<\/td>\n<td>Ovl\u00e1d\u00e1n\u00ed sp\u00ednac\u00edho sign\u00e1lu<\/td>\n<\/tr>\n<tr>\n<td>Zp\u016fsob \u00fapravy<\/td>\n<td colspan=\"3\">6<\/td>\n<td>kl\u00ed\u010d<\/td>\n<td><\/td>\n<\/tr>\n<tr>\n<td>Spot\u0159eba energie bez z\u00e1t\u011b\u017ee<\/td>\n<td><\/td>\n<td>7<\/td>\n<td><\/td>\n<td>W<\/td>\n<td><\/td>\n<\/tr>\n<tr>\n<td>Zobrazovac\u00ed m\u00f3d<\/td>\n<td colspan=\"3\">5<\/td>\n<td>\u010d\u00edslice<\/td>\n<td>LED digit\u00e1ln\u00ed trubice<\/td>\n<\/tr>\n<tr>\n<td>Teplota mzdov\u00e9ho prost\u0159ed\u00ed<\/td>\n<td>0<\/td>\n<td>25<\/td>\n<td>40<\/td>\n<td>\u2103<\/td>\n<td rowspan=\"2\">\u017d\u00e1dn\u00e1 kondenzace<\/td>\n<\/tr>\n<tr>\n<td>Vlhkost mzdov\u00e9ho prost\u0159ed\u00ed<\/td>\n<td>10<\/td>\n<td>60<\/td>\n<td>85<\/td>\n<td>%<\/td>\n<\/tr>\n<\/tbody>\n<\/table>\n\t<div id=\"gap-1176166643\" class=\"gap-element clearfix\" style=\"display:block; height:auto;\">\n\t\t\n<style>\n#gap-1176166643 {\n  padding-top: 30px;\n}\n<\/style>\n\t<\/div>\n\t\n\t<div class=\"img has-hover x md-x lg-x y md-y lg-y\" id=\"image_1032404216\">\n\t\t\t\t\t\t\t\t<div class=\"img-inner dark\" >\n\t\t\t<img loading=\"lazy\" decoding=\"async\" width=\"814\" height=\"575\" src=\"https:\/\/swoer.com\/wp-content\/uploads\/2024\/07\/DVC34-XLRDimensions.webp\" class=\"attachment-original size-original\" alt=\"Rozm\u011bry DVC34-XLR\" srcset=\"https:\/\/swoer.com\/wp-content\/uploads\/2024\/07\/DVC34-XLRDimensions.webp 814w, https:\/\/swoer.com\/wp-content\/uploads\/2024\/07\/DVC34-XLRDimensions-300x212.webp 300w, https:\/\/swoer.com\/wp-content\/uploads\/2024\/07\/DVC34-XLRDimensions-768x543.webp 768w, https:\/\/swoer.com\/wp-content\/uploads\/2024\/07\/DVC34-XLRDimensions-18x12.webp 18w, https:\/\/swoer.com\/wp-content\/uploads\/2024\/07\/DVC34-XLRDimensions-600x424.webp 600w\" sizes=\"(max-width: 814px) 100vw, 814px\" \/>\t\t\t\t\t\t\n\t\t\t\t\t<\/div>\n\t\t\t\t\t\t\t\t\n<style>\n#image_1032404216 {\n  width: 60%;\n}\n<\/style>\n\t<\/div>","protected":false},"excerpt":{"rendered":"<p>Regul\u00e1tor rychlosti vibra\u010dn\u00edho podava\u010de m\u00eds DVC34-XLR je v\u00fdkonn\u00fd a v\u0161estrann\u00fd ovlada\u010d, kter\u00fd lze pou\u017e\u00edt se \u0161irokou \u0161k\u00e1lou podava\u010d\u016f vibra\u010dn\u00edch m\u00eds. Je nabit\u00fd funkcemi, kter\u00e9 usnad\u0148uj\u00ed pou\u017eit\u00ed a zaji\u0161\u0165uj\u00ed p\u0159esn\u00e9 ovl\u00e1d\u00e1n\u00ed va\u0161eho podava\u010de.<\/p>","protected":false},"featured_media":2493,"comment_status":"open","ping_status":"closed","template":"","meta":[],"product_cat":[45],"product_tag":[],"yoast_head":"<!-- This site is optimized with the Yoast SEO plugin v22.2 - https:\/\/yoast.com\/wordpress\/plugins\/seo\/ -->\n<title>Vibratory Bowl Feeder Speed Controller DVC34-XLR - SWOER<\/title>\n<meta name=\"description\" content=\"The DVC34-XLR Speed Controller offers precise control with features like automatic speed stabilization, frequency adjustment, sensor self-adaptation, remote control, and 485 communication for reliable performance.\" \/>\n<meta name=\"robots\" content=\"index, follow, max-snippet:-1, max-image-preview:large, max-video-preview:-1\" \/>\n<link rel=\"canonical\" href=\"https:\/\/swoer.com\/cs\/manufacturer\/vibratory-bowl-feeder-speed-controller-dvc34-xlr\/\" \/>\n<meta property=\"og:locale\" content=\"cs_CZ\" \/>\n<meta property=\"og:type\" content=\"article\" \/>\n<meta property=\"og:title\" content=\"Vibratory Bowl Feeder Speed Controller DVC34-XLR - SWOER\" \/>\n<meta property=\"og:description\" content=\"The DVC34-XLR Speed Controller offers precise control with features like automatic speed stabilization, frequency adjustment, sensor self-adaptation, remote control, and 485 communication for reliable performance.\" \/>\n<meta property=\"og:url\" content=\"https:\/\/swoer.com\/cs\/manufacturer\/vibratory-bowl-feeder-speed-controller-dvc34-xlr\/\" \/>\n<meta property=\"og:site_name\" content=\"SWOER\" \/>\n<meta property=\"article:modified_time\" content=\"2024-08-16T06:01:56+00:00\" \/>\n<meta property=\"og:image\" content=\"https:\/\/swoer.com\/wp-content\/uploads\/2024\/07\/Vibratory-Feeder-Controller-SDVC34-XLR.webp\" \/>\n\t<meta property=\"og:image:width\" content=\"1000\" \/>\n\t<meta property=\"og:image:height\" content=\"1000\" \/>\n\t<meta property=\"og:image:type\" content=\"image\/webp\" \/>\n<meta name=\"twitter:card\" content=\"summary_large_image\" \/>\n<meta name=\"twitter:label1\" content=\"Odhadovan\u00e1 doba \u010dten\u00ed\" \/>\n\t<meta name=\"twitter:data1\" content=\"3 minuty\" \/>\n<script type=\"application\/ld+json\" class=\"yoast-schema-graph\">{\"@context\":\"https:\/\/schema.org\",\"@graph\":[{\"@type\":\"WebPage\",\"@id\":\"https:\/\/swoer.com\/manufacturer\/vibratory-bowl-feeder-speed-controller-dvc34-xlr\/\",\"url\":\"https:\/\/swoer.com\/manufacturer\/vibratory-bowl-feeder-speed-controller-dvc34-xlr\/\",\"name\":\"Vibratory Bowl Feeder Speed Controller DVC34-XLR - SWOER\",\"isPartOf\":{\"@id\":\"https:\/\/swoer.com\/#website\"},\"primaryImageOfPage\":{\"@id\":\"https:\/\/swoer.com\/manufacturer\/vibratory-bowl-feeder-speed-controller-dvc34-xlr\/#primaryimage\"},\"image\":{\"@id\":\"https:\/\/swoer.com\/manufacturer\/vibratory-bowl-feeder-speed-controller-dvc34-xlr\/#primaryimage\"},\"thumbnailUrl\":\"https:\/\/swoer.com\/wp-content\/uploads\/2024\/07\/Vibratory-Feeder-Controller-SDVC34-XLR.webp\",\"datePublished\":\"2024-07-10T02:07:49+00:00\",\"dateModified\":\"2024-08-16T06:01:56+00:00\",\"description\":\"The DVC34-XLR Speed Controller offers precise control with features like automatic speed stabilization, frequency adjustment, sensor self-adaptation, remote control, and 485 communication for reliable performance.\",\"breadcrumb\":{\"@id\":\"https:\/\/swoer.com\/manufacturer\/vibratory-bowl-feeder-speed-controller-dvc34-xlr\/#breadcrumb\"},\"inLanguage\":\"cs\",\"potentialAction\":[{\"@type\":\"ReadAction\",\"target\":[\"https:\/\/swoer.com\/manufacturer\/vibratory-bowl-feeder-speed-controller-dvc34-xlr\/\"]}]},{\"@type\":\"ImageObject\",\"inLanguage\":\"cs\",\"@id\":\"https:\/\/swoer.com\/manufacturer\/vibratory-bowl-feeder-speed-controller-dvc34-xlr\/#primaryimage\",\"url\":\"https:\/\/swoer.com\/wp-content\/uploads\/2024\/07\/Vibratory-Feeder-Controller-SDVC34-XLR.webp\",\"contentUrl\":\"https:\/\/swoer.com\/wp-content\/uploads\/2024\/07\/Vibratory-Feeder-Controller-SDVC34-XLR.webp\",\"width\":1000,\"height\":1000,\"caption\":\"Vibratory Feeder Controller SDVC34-XLR\"},{\"@type\":\"BreadcrumbList\",\"@id\":\"https:\/\/swoer.com\/manufacturer\/vibratory-bowl-feeder-speed-controller-dvc34-xlr\/#breadcrumb\",\"itemListElement\":[{\"@type\":\"ListItem\",\"position\":1,\"name\":\"Home\",\"item\":\"https:\/\/swoer.com\/\"},{\"@type\":\"ListItem\",\"position\":2,\"name\":\"Shop\",\"item\":\"https:\/\/swoer.com\/shop\/\"},{\"@type\":\"ListItem\",\"position\":3,\"name\":\"Vibratory Bowl Feeder Speed Controller DVC34-XLR\"}]},{\"@type\":\"WebSite\",\"@id\":\"https:\/\/swoer.com\/#website\",\"url\":\"https:\/\/swoer.com\/\",\"name\":\"SWOER\",\"description\":\"Swoer is the top 3 vibratory bowl feeder manufacturer in China\",\"potentialAction\":[{\"@type\":\"SearchAction\",\"target\":{\"@type\":\"EntryPoint\",\"urlTemplate\":\"https:\/\/swoer.com\/?s={search_term_string}\"},\"query-input\":\"required name=search_term_string\"}],\"inLanguage\":\"cs\"}]}<\/script>\n<!-- \/ Yoast SEO plugin. -->","yoast_head_json":{"title":"Vibratory Bowl Feeder Speed Controller DVC34-XLR - SWOER","description":"The DVC34-XLR Speed Controller offers precise control with features like automatic speed stabilization, frequency adjustment, sensor self-adaptation, remote control, and 485 communication for reliable performance.","robots":{"index":"index","follow":"follow","max-snippet":"max-snippet:-1","max-image-preview":"max-image-preview:large","max-video-preview":"max-video-preview:-1"},"canonical":"https:\/\/swoer.com\/cs\/manufacturer\/vibratory-bowl-feeder-speed-controller-dvc34-xlr\/","og_locale":"cs_CZ","og_type":"article","og_title":"Vibratory Bowl Feeder Speed Controller DVC34-XLR - SWOER","og_description":"The DVC34-XLR Speed Controller offers precise control with features like automatic speed stabilization, frequency adjustment, sensor self-adaptation, remote control, and 485 communication for reliable performance.","og_url":"https:\/\/swoer.com\/cs\/manufacturer\/vibratory-bowl-feeder-speed-controller-dvc34-xlr\/","og_site_name":"SWOER","article_modified_time":"2024-08-16T06:01:56+00:00","og_image":[{"width":1000,"height":1000,"url":"https:\/\/swoer.com\/wp-content\/uploads\/2024\/07\/Vibratory-Feeder-Controller-SDVC34-XLR.webp","type":"image\/webp"}],"twitter_card":"summary_large_image","twitter_misc":{"Odhadovan\u00e1 doba \u010dten\u00ed":"3 minuty"},"schema":{"@context":"https:\/\/schema.org","@graph":[{"@type":"WebPage","@id":"https:\/\/swoer.com\/manufacturer\/vibratory-bowl-feeder-speed-controller-dvc34-xlr\/","url":"https:\/\/swoer.com\/manufacturer\/vibratory-bowl-feeder-speed-controller-dvc34-xlr\/","name":"Vibratory Bowl Feeder Speed Controller DVC34-XLR - SWOER","isPartOf":{"@id":"https:\/\/swoer.com\/#website"},"primaryImageOfPage":{"@id":"https:\/\/swoer.com\/manufacturer\/vibratory-bowl-feeder-speed-controller-dvc34-xlr\/#primaryimage"},"image":{"@id":"https:\/\/swoer.com\/manufacturer\/vibratory-bowl-feeder-speed-controller-dvc34-xlr\/#primaryimage"},"thumbnailUrl":"https:\/\/swoer.com\/wp-content\/uploads\/2024\/07\/Vibratory-Feeder-Controller-SDVC34-XLR.webp","datePublished":"2024-07-10T02:07:49+00:00","dateModified":"2024-08-16T06:01:56+00:00","description":"The DVC34-XLR Speed Controller offers precise control with features like automatic speed stabilization, frequency adjustment, sensor self-adaptation, remote control, and 485 communication for reliable performance.","breadcrumb":{"@id":"https:\/\/swoer.com\/manufacturer\/vibratory-bowl-feeder-speed-controller-dvc34-xlr\/#breadcrumb"},"inLanguage":"cs","potentialAction":[{"@type":"ReadAction","target":["https:\/\/swoer.com\/manufacturer\/vibratory-bowl-feeder-speed-controller-dvc34-xlr\/"]}]},{"@type":"ImageObject","inLanguage":"cs","@id":"https:\/\/swoer.com\/manufacturer\/vibratory-bowl-feeder-speed-controller-dvc34-xlr\/#primaryimage","url":"https:\/\/swoer.com\/wp-content\/uploads\/2024\/07\/Vibratory-Feeder-Controller-SDVC34-XLR.webp","contentUrl":"https:\/\/swoer.com\/wp-content\/uploads\/2024\/07\/Vibratory-Feeder-Controller-SDVC34-XLR.webp","width":1000,"height":1000,"caption":"Vibratory Feeder Controller SDVC34-XLR"},{"@type":"BreadcrumbList","@id":"https:\/\/swoer.com\/manufacturer\/vibratory-bowl-feeder-speed-controller-dvc34-xlr\/#breadcrumb","itemListElement":[{"@type":"ListItem","position":1,"name":"Home","item":"https:\/\/swoer.com\/"},{"@type":"ListItem","position":2,"name":"Shop","item":"https:\/\/swoer.com\/shop\/"},{"@type":"ListItem","position":3,"name":"Vibratory Bowl Feeder Speed Controller DVC34-XLR"}]},{"@type":"WebSite","@id":"https:\/\/swoer.com\/#website","url":"https:\/\/swoer.com\/","name":"SWOER","description":"Swoer is the top 3 vibratory bowl feeder manufacturer in China","potentialAction":[{"@type":"SearchAction","target":{"@type":"EntryPoint","urlTemplate":"https:\/\/swoer.com\/?s={search_term_string}"},"query-input":"required name=search_term_string"}],"inLanguage":"cs"}]}},"_links":{"self":[{"href":"https:\/\/swoer.com\/cs\/wp-json\/wp\/v2\/product\/2326"}],"collection":[{"href":"https:\/\/swoer.com\/cs\/wp-json\/wp\/v2\/product"}],"about":[{"href":"https:\/\/swoer.com\/cs\/wp-json\/wp\/v2\/types\/product"}],"replies":[{"embeddable":true,"href":"https:\/\/swoer.com\/cs\/wp-json\/wp\/v2\/comments?post=2326"}],"wp:featuredmedia":[{"embeddable":true,"href":"https:\/\/swoer.com\/cs\/wp-json\/wp\/v2\/media\/2493"}],"wp:attachment":[{"href":"https:\/\/swoer.com\/cs\/wp-json\/wp\/v2\/media?parent=2326"}],"wp:term":[{"taxonomy":"product_cat","embeddable":true,"href":"https:\/\/swoer.com\/cs\/wp-json\/wp\/v2\/product_cat?post=2326"},{"taxonomy":"product_tag","embeddable":true,"href":"https:\/\/swoer.com\/cs\/wp-json\/wp\/v2\/product_tag?post=2326"}],"curies":[{"name":"wp","href":"https:\/\/api.w.org\/{rel}","templated":true}]}}