{"id":2302,"date":"2024-07-09T02:48:58","date_gmt":"2024-07-09T02:48:58","guid":{"rendered":"https:\/\/swoer.com\/?post_type=product&#038;p=2302"},"modified":"2024-08-16T14:09:17","modified_gmt":"2024-08-16T06:09:17","slug":"vibratory-feeder-controller-sdvc34-ur","status":"publish","type":"product","link":"https:\/\/swoer.com\/cs\/manufacturer\/vibratory-feeder-controller-sdvc34-ur\/","title":{"rendered":"Vibra\u010dn\u00ed ovlada\u010d podava\u010de SDVC34-UR"},"content":{"rendered":"<h2><strong><b>V\u00fdhody<\/b><\/strong><\/h2>\n<ul>\n<li>Automatick\u00e1 stabilizace rychlosti<\/li>\n<li>Automatick\u00e9 nastaven\u00ed frekvence<\/li>\n<li>Automatick\u00e9 vyhled\u00e1v\u00e1n\u00ed frekvence<\/li>\n<li>Synchronn\u00ed v\u00fdstup<\/li>\n<li>P\u0159ednastaven\u00e1 rychlost<\/li>\n<li>Nastaviteln\u00fd pomal\u00fd start<\/li>\n<li>Vysoce p\u0159esn\u00e1 automatick\u00e1 stabilizace nap\u011bt\u00ed<\/li>\n<li>Digit\u00e1ln\u00ed ochrana proti p\u0159eh\u0159\u00e1t\u00ed<\/li>\n<li>Samoadaptace senzoru<\/li>\n<li>D\u00e1lkov\u00e9 ovl\u00e1d\u00e1n\u00ed rychlosti<\/li>\n<li>DC \u0159\u00eddic\u00ed v\u00fdstup<\/li>\n<li>Nastaven\u00ed maxim\u00e1ln\u00edho v\u00fdstupn\u00edho nap\u011bt\u00ed<\/li>\n<li>Vypnut\u00ed pln\u00e9ho\/pr\u00e1zdn\u00e9ho senzoru se dv\u011bma sp\u00edna\u010di<\/li>\n<li>Funkce po\u010d\u00edt\u00e1n\u00ed<\/li>\n<li>485 komunikace<\/li>\n<\/ul>\n\t<div id=\"gap-947584580\" class=\"gap-element clearfix\" style=\"display:block; height:auto;\">\n\t\t\n<style>\n#gap-947584580 {\n  padding-top: 30px;\n}\n<\/style>\n\t<\/div>\n\t\n<h2><strong>Funkce produktu<\/strong><\/h2>\n<h3 data-sourcepos=\"5:1-5:149\"><\/h3>\n<ol data-sourcepos=\"7:1-7:119\">\n<li data-sourcepos=\"7:1-7:119\">\n<p data-sourcepos=\"7:4-7:165\"><strong>Automatick\u00e1 modulace frekvence:<\/strong> Ovlada\u010d automaticky upravuje v\u00fdstupn\u00ed frekvenci v re\u00e1ln\u00e9m \u010dase a zaji\u0161\u0165uje, \u017ee podava\u010d pracuje na optim\u00e1ln\u00ed frekvenci.<\/p>\n<\/li>\n<li data-sourcepos=\"9:1-9:140\">\n<p data-sourcepos=\"9:4-9:140\"><strong>Automatick\u00e1 stabilizace rychlosti:<\/strong> Regul\u00e1tor automaticky upravuje nap\u011bt\u00ed v re\u00e1ln\u00e9m \u010dase. Zaji\u0161\u0165uje tak st\u00e1lou rychlost posuvu bez ohledu na zm\u011bny obrobku.<\/p>\n<\/li>\n<li data-sourcepos=\"11:1-11:137\">\n<p data-sourcepos=\"11:4-11:137\"><strong>Bezchybn\u00e9 automatick\u00e9 vyhled\u00e1v\u00e1n\u00ed frekvence:<\/strong> Tato funkce rychle ur\u010d\u00ed optim\u00e1ln\u00ed pracovn\u00ed frekvenci a dal\u0161\u00ed souvisej\u00edc\u00ed parametry a zjednodu\u0161\u00ed obsluhu u\u017eivatele.<\/p>\n<\/li>\n<li data-sourcepos=\"13:1-14:0\">\n<p data-sourcepos=\"13:4-13:227\"><strong>Automatick\u00e1 stabilizace nap\u011bt\u00ed:<\/strong> I bez aktivovan\u00e9 automatick\u00e9 stabilizace rychlosti regul\u00e1tor eliminuje zm\u011bny rychlosti pod\u00e1v\u00e1n\u00ed zp\u016fsoben\u00e9 kol\u00eds\u00e1n\u00edm nap\u00e1jen\u00ed a vlivy pr\u016fmyslov\u00e9 frekvence AC frekvence \u00fader\u016f.<\/p>\n<\/li>\n<li data-sourcepos=\"15:1-16:0\">\n<p data-sourcepos=\"15:4-15:163\"><strong>Synchronn\u00ed v\u00fdstup:<\/strong> Tato funkce synchronn\u011b uzamkne v\u00fdstupy v\u00edce ovlada\u010d\u016f na stejn\u00e9 frekvenci a f\u00e1zi, \u010d\u00edm\u017e se zabr\u00e1n\u00ed probl\u00e9m\u016fm s frekvenc\u00ed rytmu.<\/p>\n<\/li>\n<li data-sourcepos=\"17:1-18:0\">\n<p data-sourcepos=\"17:4-17:254\"><strong>Vypnut\u00ed pln\u00e9ho\/pr\u00e1zdn\u00e9ho materi\u00e1lu:<\/strong> Ovlada\u010d poskytuje vstupn\u00ed rozhran\u00ed sign\u00e1lu sn\u00edma\u010de sp\u00edna\u010de pro \u0159\u00edzen\u00ed vypnut\u00ed pln\u00e9ho\/pr\u00e1zdn\u00e9ho materi\u00e1lu s nastavitelnou dobou pomal\u00e9ho startu, zpo\u017ed\u011bn\u00edm otev\u0159en\u00ed, zpo\u017ed\u011bn\u00edm uzav\u0159en\u00ed, nastaven\u00edm logick\u00e9ho sm\u011bru a dal\u0161\u00edmi \u0159\u00eddic\u00edmi funkcemi.<\/p>\n<\/li>\n<li data-sourcepos=\"19:1-19:77\">\n<p data-sourcepos=\"19:4-19:77\"><strong>Adaptace senzoru:<\/strong> Krom\u011b toho se ovlada\u010d bez n\u00e1mahy p\u0159izp\u016fsob\u00ed senzor\u016fm NPN i PNP, co\u017e zaji\u0161\u0165uje bezprobl\u00e9movou kompatibilitu a spolehlivost.<\/p>\n<\/li>\n<li data-sourcepos=\"21:1-22:0\">\n<p data-sourcepos=\"21:4-21:191\"><strong>Pomal\u00fd start:<\/strong> P\u0159i spu\u0161t\u011bn\u00ed regul\u00e1tor postupn\u011b zvy\u0161uje v\u00fdstupn\u00ed nap\u011bt\u00ed\/rychlost pod\u00e1v\u00e1n\u00ed z 0 na p\u0159ednastavenou hodnotu, \u010d\u00edm\u017e eliminuje po\u0161kozen\u00ed vibra\u010dn\u00edho za\u0159\u00edzen\u00ed p\u0159i rozb\u011bhov\u00e9m r\u00e1zu.<\/p>\n<\/li>\n<li data-sourcepos=\"23:1-24:0\">\n<p data-sourcepos=\"23:4-23:111\"><strong>P\u0159ednastaven\u00e1 rychlost:<\/strong> U\u017eivatel\u00e9 mohou p\u0159\u00edmo zvolit a\u017e 4 p\u0159ednastaven\u00e1 v\u00fdstupn\u00ed nap\u011bt\u00ed prost\u0159ednictv\u00edm extern\u00edch \u0159\u00eddic\u00edch sign\u00e1l\u016f.<\/p>\n<\/li>\n<li data-sourcepos=\"25:1-26:0\">\n<p data-sourcepos=\"25:5-25:111\"><strong>Akcelera\u010dn\u00ed funkce:<\/strong> Tato funkce zvy\u0161uje maxim\u00e1ln\u00ed v\u00fdstupn\u00ed nap\u011bt\u00ed na 150% vstupn\u00edho nap\u011bt\u00ed.<\/p>\n<\/li>\n<li data-sourcepos=\"27:1-28:0\">\n<p data-sourcepos=\"27:5-27:188\"><strong>Nastaven\u00ed maxim\u00e1ln\u00edho v\u00fdstupn\u00edho nap\u011bt\u00ed:<\/strong> Toto nastaven\u00ed umo\u017e\u0148uje u\u017eivatel\u016fm definovat maxim\u00e1ln\u00ed nastaviteln\u00e9 nap\u011bt\u00ed, \u010d\u00edm\u017e se zabr\u00e1n\u00ed n\u00e1hodn\u00e9mu po\u0161kozen\u00ed vibra\u010dn\u00edho za\u0159\u00edzen\u00ed p\u0159ekro\u010den\u00edm limit\u016f nap\u011bt\u00ed.<\/p>\n<\/li>\n<li data-sourcepos=\"29:1-30:0\">\n<p data-sourcepos=\"29:5-29:107\"><strong>Index pr\u016fb\u011bhu:<\/strong> U\u017eivatel\u00e9 mohou upravit tento parametr tak, aby vyv\u00e1\u017eil \u00fa\u010dinnost ovlada\u010de a maxim\u00e1ln\u00ed v\u00fdkon.<\/p>\n<\/li>\n<li data-sourcepos=\"31:1-32:0\">\n<p data-sourcepos=\"31:5-31:188\"><strong>D\u00e1lkov\u00e9 ovl\u00e1d\u00e1n\u00ed rychlosti:<\/strong> Regul\u00e1tor umo\u017e\u0148uje p\u0159\u00edmou regulaci v\u00fdstupn\u00edho nap\u011bt\u00ed nebo rychlosti pod\u00e1v\u00e1n\u00ed pomoc\u00ed extern\u00edho potenciometru, PLC, nap\u011b\u0165ov\u00e9ho sign\u00e1lu 1~5V nebo nap\u00e1jec\u00edho sign\u00e1lu 4~20mA.<\/p>\n<\/li>\n<li data-sourcepos=\"33:1-34:0\">\n<p data-sourcepos=\"33:5-33:185\"><strong>24V DC \u0159\u00eddic\u00ed v\u00fdstup:<\/strong> Ovlada\u010d poskytuje \u0159\u00eddic\u00ed sign\u00e1l p\u0159es tranzistor pro p\u0159\u00edm\u00e9 ovl\u00e1d\u00e1n\u00ed extern\u00edch za\u0159\u00edzen\u00ed, jako jsou solenoidov\u00e9 ventily, v koordinaci s ovlada\u010dem.<\/p>\n<\/li>\n<li data-sourcepos=\"35:1-35:12\">\n<p data-sourcepos=\"35:5-35:12\"><strong>V\u00fdstupn\u00ed sp\u00edna\u010d:<\/strong> Dotykov\u00e9 tla\u010d\u00edtko na panelu umo\u017e\u0148uje u\u017eivatel\u016fm okam\u017eit\u011b spustit\/zastavit stroj, co\u017e usnad\u0148uje lad\u011bn\u00ed za\u0159\u00edzen\u00ed.<\/p>\n<\/li>\n<li data-sourcepos=\"37:1-38:0\">\n<p data-sourcepos=\"37:5-37:115\"><strong>Z\u00e1mek kl\u00e1vesnice:<\/strong> U\u017eivatel\u00e9 mohou dlouh\u00fdm stisknut\u00edm tla\u010d\u00edtka zapnut\u00ed\/vypnut\u00ed uzamknout v\u0161echna tla\u010d\u00edtka a zabr\u00e1nit tak n\u00e1hodn\u00e9mu ovl\u00e1d\u00e1n\u00ed.<\/p>\n<\/li>\n<li data-sourcepos=\"39:1-40:0\">\n<p data-sourcepos=\"39:5-39:154\"><strong>Heslo parametru:<\/strong> U\u017eivatel\u00e9 mohou nastavit heslo pro uzam\u010den\u00ed konkr\u00e9tn\u00edch parametr\u016f, s v\u00fdjimkou v\u00fdstupn\u00edho nap\u011bt\u00ed\/rychlosti pod\u00e1v\u00e1n\u00ed, aby se zabr\u00e1nilo neopr\u00e1vn\u011bn\u00fdm zm\u011bn\u00e1m.<\/p>\n<\/li>\n<li data-sourcepos=\"41:1-42:0\">\n<p data-sourcepos=\"41:5-41:183\"><strong>Obnovit tov\u00e1rn\u00ed nastaven\u00ed:<\/strong> Tato funkce umo\u017e\u0148uje u\u017eivatel\u016fm rychle obnovit v\u0161echny nastaven\u00e9 parametry na v\u00fdchoz\u00ed tov\u00e1rn\u00ed nastaven\u00ed a vr\u00e1tit ovlada\u010d zp\u011bt do p\u016fvodn\u00edho provozn\u00edho stavu.<\/p>\n<\/li>\n<li data-sourcepos=\"43:1-43:108\">\n<p data-sourcepos=\"43:5-43:108\"><strong>485 komunikace:<\/strong> Prost\u0159ednictv\u00edm komunikace 485 lze vzd\u00e1len\u011b nastavit r\u016fzn\u00e9 parametry ovlada\u010de.<\/p>\n<\/li>\n<\/ol>\n\t<div id=\"gap-952140242\" class=\"gap-element clearfix\" style=\"display:block; height:auto;\">\n\t\t\n<style>\n#gap-952140242 {\n  padding-top: 30px;\n}\n<\/style>\n\t<\/div>\n\t\n<h2>Technick\u00e9 specifikace<\/h2>\n<table width=\"767\">\n<tbody>\n<tr>\n<td rowspan=\"2\" width=\"225\">Polo\u017eka<\/td>\n<td colspan=\"3\" width=\"216\">Rozsah<\/td>\n<td rowspan=\"2\" width=\"72\">Jednotka<\/td>\n<td rowspan=\"2\" width=\"254\">Popis<\/td>\n<\/tr>\n<tr>\n<td>Minim\u00e1ln\u00ed<\/td>\n<td>Typick\u00fd<\/td>\n<td>Maximum<\/td>\n<\/tr>\n<tr>\n<td>Vstupn\u00ed nap\u011bt\u00ed<\/td>\n<td>85<\/td>\n<td>220<\/td>\n<td>260<\/td>\n<td>PROTI<\/td>\n<td>AC efektivn\u00ed hodnota<\/td>\n<\/tr>\n<tr>\n<td>Rozsah nastaven\u00ed v\u00fdstupn\u00edho nap\u011bt\u00ed<\/td>\n<td>0<\/td>\n<td><\/td>\n<td>260<\/td>\n<td>PROTI<\/td>\n<td>Vstupn\u00ed nap\u011bt\u00ed m\u00e9n\u011b ne\u017e 150%<\/td>\n<\/tr>\n<tr>\n<td>P\u0159esnost nastaven\u00ed nap\u011bt\u00ed<\/td>\n<td colspan=\"3\">1<\/td>\n<td>PROTI<\/td>\n<td><\/td>\n<\/tr>\n<tr>\n<td>P\u0159esnost regulace nap\u011bt\u00ed<\/td>\n<td>0<\/td>\n<td><\/td>\n<td>10<\/td>\n<td><\/td>\n<td>Vout\/Vin<\/td>\n<\/tr>\n<tr>\n<td>Doba odezvy regulace nap\u011bt\u00ed<\/td>\n<td>0.0025<\/td>\n<td><\/td>\n<td>0.04<\/td>\n<td>s<\/td>\n<td>Jedna desetina cyklu v\u00fdstupn\u00edho nap\u011bt\u00ed<\/td>\n<\/tr>\n<tr>\n<td rowspan=\"2\">Rozsah nastaven\u00ed v\u00fdstupn\u00edho proudu<\/td>\n<td rowspan=\"2\">0<\/td>\n<td rowspan=\"2\"><\/td>\n<td rowspan=\"2\">10<\/td>\n<td rowspan=\"2\">A<\/td>\n<td rowspan=\"2\"><\/td>\n<\/tr>\n<tr>\n<td rowspan=\"2\"><\/td>\n<td rowspan=\"2\"><\/td>\n<td rowspan=\"2\"><\/td>\n<td rowspan=\"2\"><\/td>\n<td rowspan=\"2\"><\/td>\n<td rowspan=\"2\"><\/td>\n<\/tr>\n<tr>\n<td>V\u00fdstupn\u00ed frekvence<\/td>\n<td>25<\/td>\n<td><\/td>\n<td>400<\/td>\n<td>Hz<\/td>\n<td><\/td>\n<\/tr>\n<tr>\n<td>P\u0159esnost nastaven\u00ed frekvence<\/td>\n<td colspan=\"3\">0.1<\/td>\n<td>Hz<\/td>\n<td><\/td>\n<\/tr>\n<tr>\n<td>V\u00fdstupn\u00ed pr\u016fb\u011bh<\/td>\n<td colspan=\"3\">sinus<\/td>\n<td><\/td>\n<td><\/td>\n<\/tr>\n<tr>\n<td>Pomal\u00fd \u010das startu<\/td>\n<td>0<\/td>\n<td><\/td>\n<td>10<\/td>\n<td>s<\/td>\n<td>V\u00fdchoz\u00ed tov\u00e1rn\u00ed nastaven\u00ed 0,5<\/td>\n<\/tr>\n<tr>\n<td>\u010casov\u00fd rozsah zpo\u017ed\u011bn\u00ed<\/td>\n<td>0<\/td>\n<td><\/td>\n<td>20<\/td>\n<td>s<\/td>\n<td>V\u00fdchoz\u00ed tov\u00e1rn\u00ed nastaven\u00ed 0.2<\/td>\n<\/tr>\n<tr>\n<td>P\u0159esnost \u010dasu zpo\u017ed\u011bn\u00ed<\/td>\n<td colspan=\"3\">0.1<\/td>\n<td>s<\/td>\n<td><\/td>\n<\/tr>\n<tr>\n<td>Teplota ochrany proti p\u0159eh\u0159\u00e1t\u00ed<\/td>\n<td>60<\/td>\n<td>65<\/td>\n<td>65<\/td>\n<td>\u2103<\/td>\n<td><\/td>\n<\/tr>\n<tr>\n<td>Analogov\u00fd \u0159\u00eddic\u00ed model<\/td>\n<td colspan=\"3\">Komunikace ModBus485<\/td>\n<td>PROTI<\/td>\n<td>Nap\u011bt\u00ed d\u00e1lkov\u00e9ho ovl\u00e1d\u00e1n\u00ed rychlosti<\/td>\n<\/tr>\n<tr>\n<td>Digit\u00e1ln\u00ed \u0159\u00eddic\u00ed sign\u00e1l<\/td>\n<td colspan=\"3\">24<\/td>\n<td>PROTI<\/td>\n<td>Ovl\u00e1d\u00e1n\u00ed sp\u00ednac\u00edho sign\u00e1lu<\/td>\n<\/tr>\n<tr>\n<td>Zp\u016fsob \u00fapravy<\/td>\n<td colspan=\"3\">6<\/td>\n<td>kl\u00ed\u010d<\/td>\n<td><\/td>\n<\/tr>\n<tr>\n<td>Spot\u0159eba energie bez z\u00e1t\u011b\u017ee<\/td>\n<td><\/td>\n<td>3<\/td>\n<td><\/td>\n<td>W<\/td>\n<td><\/td>\n<\/tr>\n<tr>\n<td>Zobrazovac\u00ed m\u00f3d<\/td>\n<td colspan=\"3\">5<\/td>\n<td>\u010d\u00edslice<\/td>\n<td>LED digit\u00e1ln\u00ed trubice<\/td>\n<\/tr>\n<tr>\n<td>Teplota mzdov\u00e9ho prost\u0159ed\u00ed<\/td>\n<td>0<\/td>\n<td>25<\/td>\n<td>40<\/td>\n<td>\u2103<\/td>\n<td rowspan=\"2\">\u017d\u00e1dn\u00e1 kondenzace<\/td>\n<\/tr>\n<tr>\n<td>Vlhkost mzdov\u00e9ho prost\u0159ed\u00ed<\/td>\n<td>10<\/td>\n<td>60<\/td>\n<td>85<\/td>\n<td>%<\/td>\n<\/tr>\n<\/tbody>\n<\/table>\n\t<div id=\"gap-1493940654\" class=\"gap-element clearfix\" style=\"display:block; height:auto;\">\n\t\t\n<style>\n#gap-1493940654 {\n  padding-top: 30px;\n}\n<\/style>\n\t<\/div>\n\t\n<h2><strong><b>Rozm\u011bry a <\/b><\/strong><strong><b>W<\/b><\/strong><strong><b>osm:<\/b><\/strong><\/h2>\n<ul>\n<li><strong>Rozm\u011bry:<\/strong> D\u00e9lka 190 mm x \u0161\u00ed\u0159ka 242 mm x v\u00fd\u0161ka 94,5 mm<\/li>\n<li><strong>Hmotnost:<\/strong> 2670 g (bez p\u0159\u00edslu\u0161enstv\u00ed)<\/li>\n<\/ul>\n\t<div class=\"img has-hover x md-x lg-x y md-y lg-y\" id=\"image_1383379525\">\n\t\t\t\t\t\t\t\t<div class=\"img-inner dark\" >\n\t\t\t<img loading=\"lazy\" decoding=\"async\" width=\"818\" height=\"559\" src=\"https:\/\/swoer.com\/wp-content\/uploads\/2024\/07\/Dimensions.webp\" class=\"attachment-original size-original\" alt=\"Rozm\u011bry\" srcset=\"https:\/\/swoer.com\/wp-content\/uploads\/2024\/07\/Dimensions.webp 818w, https:\/\/swoer.com\/wp-content\/uploads\/2024\/07\/Dimensions-300x205.webp 300w, https:\/\/swoer.com\/wp-content\/uploads\/2024\/07\/Dimensions-768x525.webp 768w, https:\/\/swoer.com\/wp-content\/uploads\/2024\/07\/Dimensions-18x12.webp 18w, https:\/\/swoer.com\/wp-content\/uploads\/2024\/07\/Dimensions-600x410.webp 600w\" sizes=\"(max-width: 818px) 100vw, 818px\" \/>\t\t\t\t\t\t\n\t\t\t\t\t<\/div>\n\t\t\t\t\t\t\t\t\n<style>\n#image_1383379525 {\n  width: 67%;\n}\n<\/style>\n\t<\/div>","protected":false},"excerpt":{"rendered":"<p>Tento pokro\u010dil\u00fd ovlada\u010d se m\u016f\u017ee pochlubit automatickou regulac\u00ed rychlosti\/frekvence, synchronn\u00edm v\u00fdstupem, p\u0159edvolbou rychlosti, pomal\u00fdm startem, stabilizac\u00ed nap\u011bt\u00ed, ochranou proti p\u0159eh\u0159\u00e1t\u00ed, samop\u0159izp\u016fsoben\u00edm senzoru, d\u00e1lkov\u00fdm ovl\u00e1d\u00e1n\u00edm, DC v\u00fdstupem, nastaven\u00edm nap\u011bt\u00ed, \u00fapln\u00fdm\/pr\u00e1zdn\u00fdm vypnut\u00edm, po\u010d\u00edt\u00e1n\u00edm a komunikac\u00ed 485.<\/p>","protected":false},"featured_media":2497,"comment_status":"open","ping_status":"closed","template":"","meta":[],"product_cat":[45],"product_tag":[],"yoast_head":"<!-- This site is optimized with the Yoast SEO plugin v22.2 - https:\/\/yoast.com\/wordpress\/plugins\/seo\/ -->\n<title>Vibratory Feeder Controller SDVC34-UR - SWOER<\/title>\n<meta name=\"description\" content=\"Optimize your material flow with the Vibratory Feeder Controller SDVC34-UR. Precise control, easy setup, and enhanced efficiency for industrial applications. Order now\uff01\" \/>\n<meta name=\"robots\" content=\"index, follow, max-snippet:-1, max-image-preview:large, max-video-preview:-1\" \/>\n<link rel=\"canonical\" href=\"https:\/\/swoer.com\/cs\/manufacturer\/vibratory-feeder-controller-sdvc34-ur\/\" \/>\n<meta property=\"og:locale\" content=\"cs_CZ\" \/>\n<meta property=\"og:type\" content=\"article\" \/>\n<meta property=\"og:title\" content=\"Vibratory Feeder Controller SDVC34-UR - SWOER\" \/>\n<meta property=\"og:description\" content=\"Optimize your material flow with the Vibratory Feeder Controller SDVC34-UR. Precise control, easy setup, and enhanced efficiency for industrial applications. Order now\uff01\" \/>\n<meta property=\"og:url\" content=\"https:\/\/swoer.com\/cs\/manufacturer\/vibratory-feeder-controller-sdvc34-ur\/\" \/>\n<meta property=\"og:site_name\" content=\"SWOER\" \/>\n<meta property=\"article:modified_time\" content=\"2024-08-16T06:09:17+00:00\" \/>\n<meta property=\"og:image\" content=\"https:\/\/swoer.com\/wp-content\/uploads\/2024\/07\/Vibratory-Bowl-Feeder-Controller-SDVC34-UR.webp\" \/>\n\t<meta property=\"og:image:width\" content=\"1000\" \/>\n\t<meta property=\"og:image:height\" content=\"1000\" \/>\n\t<meta property=\"og:image:type\" content=\"image\/webp\" \/>\n<meta name=\"twitter:card\" content=\"summary_large_image\" \/>\n<meta name=\"twitter:label1\" content=\"Odhadovan\u00e1 doba \u010dten\u00ed\" \/>\n\t<meta name=\"twitter:data1\" content=\"3 minuty\" \/>\n<script type=\"application\/ld+json\" class=\"yoast-schema-graph\">{\"@context\":\"https:\/\/schema.org\",\"@graph\":[{\"@type\":\"WebPage\",\"@id\":\"https:\/\/swoer.com\/manufacturer\/vibratory-feeder-controller-sdvc34-ur\/\",\"url\":\"https:\/\/swoer.com\/manufacturer\/vibratory-feeder-controller-sdvc34-ur\/\",\"name\":\"Vibratory Feeder Controller SDVC34-UR - SWOER\",\"isPartOf\":{\"@id\":\"https:\/\/swoer.com\/#website\"},\"primaryImageOfPage\":{\"@id\":\"https:\/\/swoer.com\/manufacturer\/vibratory-feeder-controller-sdvc34-ur\/#primaryimage\"},\"image\":{\"@id\":\"https:\/\/swoer.com\/manufacturer\/vibratory-feeder-controller-sdvc34-ur\/#primaryimage\"},\"thumbnailUrl\":\"https:\/\/swoer.com\/wp-content\/uploads\/2024\/07\/Vibratory-Bowl-Feeder-Controller-SDVC34-UR.webp\",\"datePublished\":\"2024-07-09T02:48:58+00:00\",\"dateModified\":\"2024-08-16T06:09:17+00:00\",\"description\":\"Optimize your material flow with the Vibratory Feeder Controller SDVC34-UR. Precise control, easy setup, and enhanced efficiency for industrial applications. Order now\uff01\",\"breadcrumb\":{\"@id\":\"https:\/\/swoer.com\/manufacturer\/vibratory-feeder-controller-sdvc34-ur\/#breadcrumb\"},\"inLanguage\":\"cs\",\"potentialAction\":[{\"@type\":\"ReadAction\",\"target\":[\"https:\/\/swoer.com\/manufacturer\/vibratory-feeder-controller-sdvc34-ur\/\"]}]},{\"@type\":\"ImageObject\",\"inLanguage\":\"cs\",\"@id\":\"https:\/\/swoer.com\/manufacturer\/vibratory-feeder-controller-sdvc34-ur\/#primaryimage\",\"url\":\"https:\/\/swoer.com\/wp-content\/uploads\/2024\/07\/Vibratory-Bowl-Feeder-Controller-SDVC34-UR.webp\",\"contentUrl\":\"https:\/\/swoer.com\/wp-content\/uploads\/2024\/07\/Vibratory-Bowl-Feeder-Controller-SDVC34-UR.webp\",\"width\":1000,\"height\":1000,\"caption\":\"Vibratory Bowl Feeder Controller SDVC34-UR\"},{\"@type\":\"BreadcrumbList\",\"@id\":\"https:\/\/swoer.com\/manufacturer\/vibratory-feeder-controller-sdvc34-ur\/#breadcrumb\",\"itemListElement\":[{\"@type\":\"ListItem\",\"position\":1,\"name\":\"Home\",\"item\":\"https:\/\/swoer.com\/\"},{\"@type\":\"ListItem\",\"position\":2,\"name\":\"Shop\",\"item\":\"https:\/\/swoer.com\/shop\/\"},{\"@type\":\"ListItem\",\"position\":3,\"name\":\"Vibratory Feeder Controller SDVC34-UR\"}]},{\"@type\":\"WebSite\",\"@id\":\"https:\/\/swoer.com\/#website\",\"url\":\"https:\/\/swoer.com\/\",\"name\":\"SWOER\",\"description\":\"Swoer is the top 3 vibratory bowl feeder manufacturer in China\",\"potentialAction\":[{\"@type\":\"SearchAction\",\"target\":{\"@type\":\"EntryPoint\",\"urlTemplate\":\"https:\/\/swoer.com\/?s={search_term_string}\"},\"query-input\":\"required name=search_term_string\"}],\"inLanguage\":\"cs\"}]}<\/script>\n<!-- \/ Yoast SEO plugin. -->","yoast_head_json":{"title":"Vibratory Feeder Controller SDVC34-UR - SWOER","description":"Optimize your material flow with the Vibratory Feeder Controller SDVC34-UR. Precise control, easy setup, and enhanced efficiency for industrial applications. Order now\uff01","robots":{"index":"index","follow":"follow","max-snippet":"max-snippet:-1","max-image-preview":"max-image-preview:large","max-video-preview":"max-video-preview:-1"},"canonical":"https:\/\/swoer.com\/cs\/manufacturer\/vibratory-feeder-controller-sdvc34-ur\/","og_locale":"cs_CZ","og_type":"article","og_title":"Vibratory Feeder Controller SDVC34-UR - SWOER","og_description":"Optimize your material flow with the Vibratory Feeder Controller SDVC34-UR. Precise control, easy setup, and enhanced efficiency for industrial applications. Order now\uff01","og_url":"https:\/\/swoer.com\/cs\/manufacturer\/vibratory-feeder-controller-sdvc34-ur\/","og_site_name":"SWOER","article_modified_time":"2024-08-16T06:09:17+00:00","og_image":[{"width":1000,"height":1000,"url":"https:\/\/swoer.com\/wp-content\/uploads\/2024\/07\/Vibratory-Bowl-Feeder-Controller-SDVC34-UR.webp","type":"image\/webp"}],"twitter_card":"summary_large_image","twitter_misc":{"Odhadovan\u00e1 doba \u010dten\u00ed":"3 minuty"},"schema":{"@context":"https:\/\/schema.org","@graph":[{"@type":"WebPage","@id":"https:\/\/swoer.com\/manufacturer\/vibratory-feeder-controller-sdvc34-ur\/","url":"https:\/\/swoer.com\/manufacturer\/vibratory-feeder-controller-sdvc34-ur\/","name":"Vibratory Feeder Controller SDVC34-UR - SWOER","isPartOf":{"@id":"https:\/\/swoer.com\/#website"},"primaryImageOfPage":{"@id":"https:\/\/swoer.com\/manufacturer\/vibratory-feeder-controller-sdvc34-ur\/#primaryimage"},"image":{"@id":"https:\/\/swoer.com\/manufacturer\/vibratory-feeder-controller-sdvc34-ur\/#primaryimage"},"thumbnailUrl":"https:\/\/swoer.com\/wp-content\/uploads\/2024\/07\/Vibratory-Bowl-Feeder-Controller-SDVC34-UR.webp","datePublished":"2024-07-09T02:48:58+00:00","dateModified":"2024-08-16T06:09:17+00:00","description":"Optimize your material flow with the Vibratory Feeder Controller SDVC34-UR. Precise control, easy setup, and enhanced efficiency for industrial applications. Order now\uff01","breadcrumb":{"@id":"https:\/\/swoer.com\/manufacturer\/vibratory-feeder-controller-sdvc34-ur\/#breadcrumb"},"inLanguage":"cs","potentialAction":[{"@type":"ReadAction","target":["https:\/\/swoer.com\/manufacturer\/vibratory-feeder-controller-sdvc34-ur\/"]}]},{"@type":"ImageObject","inLanguage":"cs","@id":"https:\/\/swoer.com\/manufacturer\/vibratory-feeder-controller-sdvc34-ur\/#primaryimage","url":"https:\/\/swoer.com\/wp-content\/uploads\/2024\/07\/Vibratory-Bowl-Feeder-Controller-SDVC34-UR.webp","contentUrl":"https:\/\/swoer.com\/wp-content\/uploads\/2024\/07\/Vibratory-Bowl-Feeder-Controller-SDVC34-UR.webp","width":1000,"height":1000,"caption":"Vibratory Bowl Feeder Controller SDVC34-UR"},{"@type":"BreadcrumbList","@id":"https:\/\/swoer.com\/manufacturer\/vibratory-feeder-controller-sdvc34-ur\/#breadcrumb","itemListElement":[{"@type":"ListItem","position":1,"name":"Home","item":"https:\/\/swoer.com\/"},{"@type":"ListItem","position":2,"name":"Shop","item":"https:\/\/swoer.com\/shop\/"},{"@type":"ListItem","position":3,"name":"Vibratory Feeder Controller SDVC34-UR"}]},{"@type":"WebSite","@id":"https:\/\/swoer.com\/#website","url":"https:\/\/swoer.com\/","name":"SWOER","description":"Swoer is the top 3 vibratory bowl feeder manufacturer in China","potentialAction":[{"@type":"SearchAction","target":{"@type":"EntryPoint","urlTemplate":"https:\/\/swoer.com\/?s={search_term_string}"},"query-input":"required name=search_term_string"}],"inLanguage":"cs"}]}},"_links":{"self":[{"href":"https:\/\/swoer.com\/cs\/wp-json\/wp\/v2\/product\/2302"}],"collection":[{"href":"https:\/\/swoer.com\/cs\/wp-json\/wp\/v2\/product"}],"about":[{"href":"https:\/\/swoer.com\/cs\/wp-json\/wp\/v2\/types\/product"}],"replies":[{"embeddable":true,"href":"https:\/\/swoer.com\/cs\/wp-json\/wp\/v2\/comments?post=2302"}],"wp:featuredmedia":[{"embeddable":true,"href":"https:\/\/swoer.com\/cs\/wp-json\/wp\/v2\/media\/2497"}],"wp:attachment":[{"href":"https:\/\/swoer.com\/cs\/wp-json\/wp\/v2\/media?parent=2302"}],"wp:term":[{"taxonomy":"product_cat","embeddable":true,"href":"https:\/\/swoer.com\/cs\/wp-json\/wp\/v2\/product_cat?post=2302"},{"taxonomy":"product_tag","embeddable":true,"href":"https:\/\/swoer.com\/cs\/wp-json\/wp\/v2\/product_tag?post=2302"}],"curies":[{"name":"wp","href":"https:\/\/api.w.org\/{rel}","templated":true}]}}