{"id":2284,"date":"2024-07-06T00:52:41","date_gmt":"2024-07-06T00:52:41","guid":{"rendered":"https:\/\/swoer.com\/?post_type=product&#038;p=2284"},"modified":"2024-08-16T14:12:47","modified_gmt":"2024-08-16T06:12:47","slug":"vibratory-bowl-feeder-controller-sdvc34-mr","status":"publish","type":"product","link":"https:\/\/swoer.com\/cs\/manufacturer\/vibratory-bowl-feeder-controller-sdvc34-mr\/","title":{"rendered":"Vibra\u010dn\u00ed ovlada\u010d podava\u010de misek SDVC34-MR"},"content":{"rendered":"<h2><strong><b>Funkce<\/b><\/strong><\/h2>\n<ul>\n<li>Automatick\u00e9 vyhled\u00e1v\u00e1n\u00ed frekvence<\/li>\n<li>Synchronizovan\u00fd v\u00fdstup<\/li>\n<li>P\u0159ednastaven\u00e1 rychlost<\/li>\n<li>Nastaviteln\u00fd pomal\u00fd start<\/li>\n<li>Vysoce p\u0159esn\u00e1 automatick\u00e1 stabilizace nap\u011bt\u00ed<\/li>\n<li>Adaptivn\u00ed senzor<\/li>\n<li>D\u00e1lkov\u00e9 ovl\u00e1d\u00e1n\u00ed rychlosti<\/li>\n<li>DC \u0159\u00eddic\u00ed v\u00fdstup<\/li>\n<li>Vypnut\u00ed pln\u00e9ho\/pr\u00e1zdn\u00e9ho materi\u00e1lu senzoru se dv\u011bma sp\u00edna\u010di<\/li>\n<li>Funkce po\u010d\u00edt\u00e1n\u00ed<\/li>\n<li>485 komunikace<\/li>\n<\/ul>\n<h2><strong><b>Vlastnosti produktu<\/b><\/strong><\/h2>\n<h3>Pokro\u010dil\u00e9 funkce produktu<\/h3>\n<p>Na\u0161e ovlada\u010de vibra\u010dn\u00edho podava\u010de m\u00edsy jsou odborn\u011b navr\u017eeny pro \u0159\u00edzen\u00ed vibra\u010dn\u00edho pod\u00e1v\u00e1n\u00ed v automatiza\u010dn\u00edch za\u0159\u00edzen\u00edch a integruj\u00ed \u0161pi\u010dkovou elektronickou technologii. Nab\u00edzej\u00ed u\u017eivatel\u016fm praktick\u00e9 a pohodln\u00e9 funkce:<\/p>\n<ol>\n<li><strong>Automatick\u00e9 nastaven\u00ed frekvence<\/strong>: Nastaven\u00ed frekvence v re\u00e1ln\u00e9m \u010dase zaji\u0161\u0165uje, \u017ee podava\u010d pracuje na optim\u00e1ln\u00ed frekvenci.<\/li>\n<li><strong>Automatick\u00e1 stabilizace rychlosti<\/strong>: Udr\u017euje konzistentn\u00ed rychlost pod\u00e1v\u00e1n\u00ed d\u00edky \u00faprav\u011b nap\u011bt\u00ed v re\u00e1ln\u00e9m \u010dase, bez ohledu na po\u010det obrobk\u016f.<\/li>\n<li><strong>Automatick\u00e9 vyhled\u00e1v\u00e1n\u00ed podle frekvence<\/strong>: Spolehliv\u00e1 funkce rychle ur\u010d\u00ed optim\u00e1ln\u00ed pracovn\u00ed frekvenci a souvisej\u00edc\u00ed parametry pro pohodl\u00ed u\u017eivatele.<\/li>\n<li><strong>Automatick\u00e1 stabilizace nap\u011bt\u00ed<\/strong>: Eliminuje kol\u00eds\u00e1n\u00ed rychlosti nap\u00e1jen\u00ed v d\u016fsledku zm\u011bn nap\u00e1jec\u00edho nap\u011bt\u00ed a efekt\u016f frekvence \u00fader\u016f z pr\u016fmyslov\u00e9ho st\u0159\u00eddav\u00e9ho proudu.<\/li>\n<li><strong>Synchronizovan\u00fd v\u00fdstup<\/strong>: Synchronizuje v\u00edce ovlada\u010d\u016f na stejn\u00e9 frekvenci a f\u00e1zi, aby se zabr\u00e1nilo frekven\u010dn\u00edmu ru\u0161en\u00ed.<\/li>\n<li><strong>\u00dapln\u00e9\/pr\u00e1zdn\u00e9 vypnut\u00ed<\/strong>: Vstup sn\u00edma\u010de sp\u00edna\u010de umo\u017e\u0148uje ovl\u00e1d\u00e1n\u00ed \u00fapln\u00e9ho\/pr\u00e1zdn\u00e9ho vypnut\u00ed s nastaviteln\u00fdm \u010dasem pomal\u00e9ho startu, zpo\u017ed\u011bn\u00edm otev\u0159en\u00ed\/zav\u0159en\u00ed a nastaven\u00edm logick\u00e9ho sm\u011bru.<\/li>\n<li><strong>Samop\u0159izp\u016fsoben\u00ed senzoru<\/strong>: Automaticky se p\u0159izp\u016fsob\u00ed sn\u00edma\u010d\u016fm typu NPN a PNP.<\/li>\n<li><strong>Pomal\u00fd start<\/strong>: Postupn\u011b zvy\u0161uje v\u00fdstupn\u00ed nap\u011bt\u00ed\/rychlost pod\u00e1v\u00e1n\u00ed z 0 na p\u0159ednastavenou hodnotu b\u011bhem spou\u0161t\u011bn\u00ed, \u010d\u00edm\u017e chr\u00e1n\u00ed vibra\u010dn\u00ed za\u0159\u00edzen\u00ed p\u0159ed n\u00e1razy p\u0159i spu\u0161t\u011bn\u00ed.<\/li>\n<li><strong>P\u0159edvolba rychlosti<\/strong>: Vyberte a\u017e 4 p\u0159ednastaven\u00e1 v\u00fdstupn\u00ed nap\u011bt\u00ed prost\u0159ednictv\u00edm extern\u00edch \u0159\u00eddic\u00edch sign\u00e1l\u016f.<\/li>\n<li><strong>Akcelera\u010dn\u00ed funkce<\/strong>: Zvy\u0161uje maxim\u00e1ln\u00ed v\u00fdstupn\u00ed nap\u011bt\u00ed na 150% vstupn\u00edho nap\u011bt\u00ed.<\/li>\n<li><strong>Nastaven\u00ed maxim\u00e1ln\u00edho v\u00fdstupn\u00edho nap\u011bt\u00ed<\/strong>: Zabra\u0148uje nadm\u011brn\u00e9mu v\u00fdstupn\u00edmu nap\u011bt\u00ed pro ochranu vibra\u010dn\u00edho za\u0159\u00edzen\u00ed.<\/li>\n<li><strong>Index pr\u016fb\u011bhu<\/strong>: S t\u00edmto parametrem vyva\u017ete \u00fa\u010dinnost regul\u00e1toru a maxim\u00e1ln\u00ed v\u00fdkon.<\/li>\n<li><strong>D\u00e1lkov\u00e9 ovl\u00e1d\u00e1n\u00ed rychlosti<\/strong>: Ovl\u00e1d\u00e1n\u00ed v\u00fdstupn\u00edho nap\u011bt\u00ed\/rychlosti pod\u00e1v\u00e1n\u00ed pomoc\u00ed extern\u00edho potenciometru, PLC, 1<del>5V nap\u011b\u0165ov\u00fd sign\u00e1l nebo 4<\/del>20mA nap\u00e1jec\u00ed sign\u00e1l.<\/li>\n<li><strong>\u0158\u00eddic\u00ed v\u00fdstup 24V DC<\/strong>: V\u00fdstupn\u00ed sign\u00e1l tranzistoru m\u016f\u017ee ovl\u00e1dat solenoidov\u00e9 ventily a dal\u0161\u00ed extern\u00ed za\u0159\u00edzen\u00ed.<\/li>\n<li><strong>V\u00fdstupn\u00ed sp\u00edna\u010d<\/strong>: Lehk\u00e1 dotykov\u00e1 kl\u00e1vesa na panelu pro okam\u017eit\u00fd start\/stop, co\u017e usnad\u0148uje lad\u011bn\u00ed za\u0159\u00edzen\u00ed.<\/li>\n<li><strong>Z\u00e1mek kl\u00e1vesnice<\/strong>: Dlouh\u00fdm stisknut\u00edm tla\u010d\u00edtka zapnut\u00ed\/vypnut\u00ed uzamknete v\u0161echna tla\u010d\u00edtka a zabr\u00e1n\u00edte tak nespr\u00e1vn\u00e9 obsluze.<\/li>\n<li><strong>Parametr Heslo<\/strong>: Nastavte heslo parametru pro uzam\u010den\u00ed parametr\u016f jin\u00fdch ne\u017e v\u00fdstupn\u00ed nap\u011bt\u00ed\/rychlost pod\u00e1v\u00e1n\u00ed, \u010d\u00edm\u017e se zabr\u00e1n\u00ed neopr\u00e1vn\u011bn\u00fdm zm\u011bn\u00e1m.<\/li>\n<li><strong>Obnovit tov\u00e1rn\u00ed nastaven\u00ed<\/strong>: Rychl\u00e9 obnoven\u00ed parametr\u016f na v\u00fdchoz\u00ed tov\u00e1rn\u00ed nastaven\u00ed.<\/li>\n<li><strong>485 Komunikace<\/strong>: Upravte parametry ovlada\u010de na d\u00e1lku prost\u0159ednictv\u00edm komunikace 485.<\/li>\n<\/ol>\n<p>Technick\u00e9 specifikace<\/p>\n<table width=\"767\">\n<tbody>\n<tr>\n<td rowspan=\"2\" width=\"225\">Polo\u017eka<\/td>\n<td colspan=\"3\" width=\"216\">Rozsah<\/td>\n<td rowspan=\"2\" width=\"72\">Jednotka<\/td>\n<td rowspan=\"2\" width=\"254\">Popis<\/td>\n<\/tr>\n<tr>\n<td>Minim\u00e1ln\u00ed<\/td>\n<td>Typick\u00fd<\/td>\n<td>Maximum<\/td>\n<\/tr>\n<tr>\n<td>Vstupn\u00ed nap\u011bt\u00ed<\/td>\n<td>85<\/td>\n<td>220<\/td>\n<td>260<\/td>\n<td>PROTI<\/td>\n<td>AC efektivn\u00ed hodnota<\/td>\n<\/tr>\n<tr>\n<td>Rozsah nastaven\u00ed v\u00fdstupn\u00edho nap\u011bt\u00ed<\/td>\n<td>0<\/td>\n<td><\/td>\n<td>260<\/td>\n<td>PROTI<\/td>\n<td>Vstupn\u00ed nap\u011bt\u00ed m\u00e9n\u011b ne\u017e 150%<\/td>\n<\/tr>\n<tr>\n<td>P\u0159esnost nastaven\u00ed nap\u011bt\u00ed<\/td>\n<td colspan=\"3\">1<\/td>\n<td>PROTI<\/td>\n<td><\/td>\n<\/tr>\n<tr>\n<td>P\u0159esnost regulace nap\u011bt\u00ed<\/td>\n<td>0<\/td>\n<td><\/td>\n<td>10<\/td>\n<td><\/td>\n<td>Vout\/Vin<\/td>\n<\/tr>\n<tr>\n<td>Doba odezvy regulace nap\u011bt\u00ed<\/td>\n<td>0.0025<\/td>\n<td><\/td>\n<td>0.04<\/td>\n<td>s<\/td>\n<td>Jedna desetina cyklu v\u00fdstupn\u00edho nap\u011bt\u00ed<\/td>\n<\/tr>\n<tr>\n<td rowspan=\"2\">Rozsah nastaven\u00ed v\u00fdstupn\u00edho proudu<\/td>\n<td rowspan=\"2\">0<\/td>\n<td rowspan=\"2\"><\/td>\n<td rowspan=\"2\">3<\/td>\n<td rowspan=\"2\">A<\/td>\n<td rowspan=\"2\" width=\"254\">SDVC34-MR<br \/>\nSDVC34-MRJ<\/td>\n<\/tr>\n<tr>\n<td rowspan=\"2\"><\/td>\n<td rowspan=\"2\"><\/td>\n<td rowspan=\"2\"><\/td>\n<td rowspan=\"2\"><\/td>\n<td rowspan=\"2\"><\/td>\n<td rowspan=\"2\" width=\"254\"><\/td>\n<\/tr>\n<tr>\n<td>V\u00fdstupn\u00ed frekvence<\/td>\n<td>25<\/td>\n<td><\/td>\n<td>400<\/td>\n<td>Hz<\/td>\n<td><\/td>\n<\/tr>\n<tr>\n<td>P\u0159esnost nastaven\u00ed frekvence<\/td>\n<td colspan=\"3\">0.1<\/td>\n<td>Hz<\/td>\n<td><\/td>\n<\/tr>\n<tr>\n<td>V\u00fdstupn\u00ed pr\u016fb\u011bh<\/td>\n<td colspan=\"3\">sinus<\/td>\n<td><\/td>\n<td><\/td>\n<\/tr>\n<tr>\n<td>Pomal\u00fd \u010das startu<\/td>\n<td>0<\/td>\n<td><\/td>\n<td>10<\/td>\n<td>s<\/td>\n<td>V\u00fdchoz\u00ed tov\u00e1rn\u00ed nastaven\u00ed 0,5<\/td>\n<\/tr>\n<tr>\n<td>\u010casov\u00fd rozsah zpo\u017ed\u011bn\u00ed<\/td>\n<td>0<\/td>\n<td><\/td>\n<td>20<\/td>\n<td>s<\/td>\n<td>V\u00fdchoz\u00ed tov\u00e1rn\u00ed nastaven\u00ed 0.2<\/td>\n<\/tr>\n<tr>\n<td>P\u0159esnost \u010dasu zpo\u017ed\u011bn\u00ed<\/td>\n<td colspan=\"3\">0.1<\/td>\n<td>s<\/td>\n<td><\/td>\n<\/tr>\n<tr>\n<td>Teplota ochrany proti p\u0159eh\u0159\u00e1t\u00ed<\/td>\n<td>60<\/td>\n<td>65<\/td>\n<td>65<\/td>\n<td>\u2103<\/td>\n<td><\/td>\n<\/tr>\n<tr>\n<td>V\u00fdstupn\u00ed nap\u011bt\u00ed DC ovl\u00e1d\u00e1n\u00ed<\/td>\n<td>22<\/td>\n<td>24<\/td>\n<td>26<\/td>\n<td>PROTI<\/td>\n<td><\/td>\n<\/tr>\n<tr>\n<td>V\u00fdstupn\u00ed proud \u0159\u00edzen\u00ed DC<\/td>\n<td>0<\/td>\n<td><\/td>\n<td>200<\/td>\n<td>mA<\/td>\n<td><\/td>\n<\/tr>\n<tr>\n<td>Analogov\u00fd \u0159\u00eddic\u00ed model<\/td>\n<td colspan=\"3\">1- 5<\/td>\n<td>PROTI<\/td>\n<td>Nap\u011bt\u00ed d\u00e1lkov\u00e9ho ovl\u00e1d\u00e1n\u00ed rychlosti<\/td>\n<\/tr>\n<tr>\n<td>Digit\u00e1ln\u00ed \u0159\u00eddic\u00ed sign\u00e1l<\/td>\n<td colspan=\"3\">24<\/td>\n<td>PROTI<\/td>\n<td>Ovl\u00e1d\u00e1n\u00ed sp\u00ednac\u00edho sign\u00e1lu<\/td>\n<\/tr>\n<tr>\n<td>Zp\u016fsob \u00fapravy<\/td>\n<td colspan=\"3\">6<\/td>\n<td>kl\u00ed\u010d<\/td>\n<td><\/td>\n<\/tr>\n<tr>\n<td>Spot\u0159eba energie bez z\u00e1t\u011b\u017ee<\/td>\n<td><\/td>\n<td>3<\/td>\n<td><\/td>\n<td>W<\/td>\n<td><\/td>\n<\/tr>\n<tr>\n<td>Zobrazovac\u00ed m\u00f3d<\/td>\n<td colspan=\"3\">5<\/td>\n<td>\u010d\u00edslice<\/td>\n<td>LED digit\u00e1ln\u00ed trubice<\/td>\n<\/tr>\n<tr>\n<td>Teplota mzdov\u00e9ho prost\u0159ed\u00ed<\/td>\n<td>0<\/td>\n<td>25<\/td>\n<td>40<\/td>\n<td>\u2103<\/td>\n<td rowspan=\"2\">\u017d\u00e1dn\u00e1 kondenzace<\/td>\n<\/tr>\n<tr>\n<td>Vlhkost mzdov\u00e9ho prost\u0159ed\u00ed<\/td>\n<td>10<\/td>\n<td>60<\/td>\n<td>85<\/td>\n<td>%<\/td>\n<\/tr>\n<\/tbody>\n<\/table>\n\t<div id=\"gap-1905506413\" class=\"gap-element clearfix\" style=\"display:block; height:auto;\">\n\t\t\n<style>\n#gap-1905506413 {\n  padding-top: 30px;\n}\n<\/style>\n\t<\/div>\n\t\n<h2><strong><b>Rozm\u011bry a hmotnost<\/b><\/strong><\/h2>\n<ul>\n<li>Rozm\u011bry: d\u00e9lka 190 mm \u00d7 \u0161\u00ed\u0159ka 56 mm \u00d7 v\u00fd\u0161ka 94,5 mm.<\/li>\n<li>Hmotnost: 560 g (bez p\u0159\u00edslu\u0161enstv\u00ed)<\/li>\n<\/ul>\n\t<div class=\"img has-hover x md-x lg-x y md-y lg-y\" id=\"image_290361473\">\n\t\t\t\t\t\t\t\t<div class=\"img-inner dark\" >\n\t\t\t<img loading=\"lazy\" decoding=\"async\" width=\"705\" height=\"650\" src=\"https:\/\/swoer.com\/wp-content\/uploads\/2024\/07\/Dimension-Drawing-3.webp\" class=\"attachment-original size-original\" alt=\"Rozm\u011brov\u00fd v\u00fdkres\" srcset=\"https:\/\/swoer.com\/wp-content\/uploads\/2024\/07\/Dimension-Drawing-3.webp 705w, https:\/\/swoer.com\/wp-content\/uploads\/2024\/07\/Dimension-Drawing-3-300x277.webp 300w, https:\/\/swoer.com\/wp-content\/uploads\/2024\/07\/Dimension-Drawing-3-13x12.webp 13w, https:\/\/swoer.com\/wp-content\/uploads\/2024\/07\/Dimension-Drawing-3-600x553.webp 600w\" sizes=\"(max-width: 705px) 100vw, 705px\" \/>\t\t\t\t\t\t\n\t\t\t\t\t<\/div>\n\t\t\t\t\t\t\t\t\n<style>\n#image_290361473 {\n  width: 65%;\n}\n<\/style>\n\t<\/div>","protected":false},"excerpt":{"rendered":"<p>Zlep\u0161ete \u00fa\u010dinnost a p\u0159esnost va\u0161eho vibra\u010dn\u00edho podava\u010de misek. Ovlada\u010d SDVC34-MR m\u00e1 pokro\u010dil\u00e9 funkce, jako je automatick\u00e9 vyhled\u00e1v\u00e1n\u00ed frekvence, synchronizovan\u00fd v\u00fdstup, p\u0159edvolba rychlosti, nastaviteln\u00fd pomal\u00fd start, vysoce p\u0159esn\u00e1 automatick\u00e1 stabilizace nap\u011bt\u00ed, adaptace senzoru, d\u00e1lkov\u00e9 ovl\u00e1d\u00e1n\u00ed rychlosti, v\u00fdstup ovl\u00e1d\u00e1n\u00ed stejnosm\u011brn\u00e9ho proudu, vyp\u00edn\u00e1n\u00ed pln\u00e9ho\/pr\u00e1zdn\u00e9ho materi\u00e1lu senzoru se dv\u011bma sp\u00edna\u010di, funkce po\u010d\u00edt\u00e1n\u00ed a komunikace 485 pro zaji\u0161t\u011bn\u00ed hladk\u00e9 a konzistentn\u00ed manipulace s materi\u00e1lem.<\/p>","protected":false},"featured_media":2501,"comment_status":"open","ping_status":"closed","template":"","meta":[],"product_cat":[45],"product_tag":[],"yoast_head":"<!-- This site is optimized with the Yoast SEO plugin v22.2 - https:\/\/yoast.com\/wordpress\/plugins\/seo\/ -->\n<title>Vibratory Bowl Feeder Controller SDVC34-MR - SWOER<\/title>\n<meta name=\"description\" content=\"The SDVC34-MR is an intelligent controller designed to enhance the efficiency and precision of your vibratory bowl feeder. Its advanced features, including automatic frequency search, synchronized output, speed preset, adjustable slow start, high precision automatic voltage stabilization, sensor adaptability, remote speed control, DC control output, dual switch sensor material full\/empty shutdown, counting function, and 485 communication, ensure smooth, consistent material handling.\" \/>\n<meta name=\"robots\" content=\"index, follow, max-snippet:-1, max-image-preview:large, max-video-preview:-1\" \/>\n<link rel=\"canonical\" href=\"https:\/\/swoer.com\/cs\/manufacturer\/vibratory-bowl-feeder-controller-sdvc34-mr\/\" \/>\n<meta property=\"og:locale\" content=\"cs_CZ\" \/>\n<meta property=\"og:type\" content=\"article\" \/>\n<meta property=\"og:title\" content=\"Vibratory Bowl Feeder Controller SDVC34-MR - SWOER\" \/>\n<meta property=\"og:description\" content=\"The SDVC34-MR is an intelligent controller designed to enhance the efficiency and precision of your vibratory bowl feeder. Its advanced features, including automatic frequency search, synchronized output, speed preset, adjustable slow start, high precision automatic voltage stabilization, sensor adaptability, remote speed control, DC control output, dual switch sensor material full\/empty shutdown, counting function, and 485 communication, ensure smooth, consistent material handling.\" \/>\n<meta property=\"og:url\" content=\"https:\/\/swoer.com\/cs\/manufacturer\/vibratory-bowl-feeder-controller-sdvc34-mr\/\" \/>\n<meta property=\"og:site_name\" content=\"SWOER\" \/>\n<meta property=\"article:modified_time\" content=\"2024-08-16T06:12:47+00:00\" \/>\n<meta property=\"og:image\" content=\"https:\/\/swoer.com\/wp-content\/uploads\/2024\/07\/Vibratory-Bowl-Feeder-Controller-SDVC34-MR-1.webp\" \/>\n\t<meta property=\"og:image:width\" content=\"1000\" \/>\n\t<meta property=\"og:image:height\" content=\"1000\" \/>\n\t<meta property=\"og:image:type\" content=\"image\/webp\" \/>\n<meta name=\"twitter:card\" content=\"summary_large_image\" \/>\n<meta name=\"twitter:label1\" content=\"Odhadovan\u00e1 doba \u010dten\u00ed\" \/>\n\t<meta name=\"twitter:data1\" content=\"3 minuty\" \/>\n<script type=\"application\/ld+json\" class=\"yoast-schema-graph\">{\"@context\":\"https:\/\/schema.org\",\"@graph\":[{\"@type\":\"WebPage\",\"@id\":\"https:\/\/swoer.com\/manufacturer\/vibratory-bowl-feeder-controller-sdvc34-mr\/\",\"url\":\"https:\/\/swoer.com\/manufacturer\/vibratory-bowl-feeder-controller-sdvc34-mr\/\",\"name\":\"Vibratory Bowl Feeder Controller SDVC34-MR - SWOER\",\"isPartOf\":{\"@id\":\"https:\/\/swoer.com\/#website\"},\"primaryImageOfPage\":{\"@id\":\"https:\/\/swoer.com\/manufacturer\/vibratory-bowl-feeder-controller-sdvc34-mr\/#primaryimage\"},\"image\":{\"@id\":\"https:\/\/swoer.com\/manufacturer\/vibratory-bowl-feeder-controller-sdvc34-mr\/#primaryimage\"},\"thumbnailUrl\":\"https:\/\/swoer.com\/wp-content\/uploads\/2024\/07\/Vibratory-Bowl-Feeder-Controller-SDVC34-MR-1.webp\",\"datePublished\":\"2024-07-06T00:52:41+00:00\",\"dateModified\":\"2024-08-16T06:12:47+00:00\",\"description\":\"The SDVC34-MR is an intelligent controller designed to enhance the efficiency and precision of your vibratory bowl feeder. Its advanced features, including automatic frequency search, synchronized output, speed preset, adjustable slow start, high precision automatic voltage stabilization, sensor adaptability, remote speed control, DC control output, dual switch sensor material full\/empty shutdown, counting function, and 485 communication, ensure smooth, consistent material handling.\",\"breadcrumb\":{\"@id\":\"https:\/\/swoer.com\/manufacturer\/vibratory-bowl-feeder-controller-sdvc34-mr\/#breadcrumb\"},\"inLanguage\":\"cs\",\"potentialAction\":[{\"@type\":\"ReadAction\",\"target\":[\"https:\/\/swoer.com\/manufacturer\/vibratory-bowl-feeder-controller-sdvc34-mr\/\"]}]},{\"@type\":\"ImageObject\",\"inLanguage\":\"cs\",\"@id\":\"https:\/\/swoer.com\/manufacturer\/vibratory-bowl-feeder-controller-sdvc34-mr\/#primaryimage\",\"url\":\"https:\/\/swoer.com\/wp-content\/uploads\/2024\/07\/Vibratory-Bowl-Feeder-Controller-SDVC34-MR-1.webp\",\"contentUrl\":\"https:\/\/swoer.com\/wp-content\/uploads\/2024\/07\/Vibratory-Bowl-Feeder-Controller-SDVC34-MR-1.webp\",\"width\":1000,\"height\":1000,\"caption\":\"Vibratory Bowl Feeder Controller SDVC34-MR\"},{\"@type\":\"BreadcrumbList\",\"@id\":\"https:\/\/swoer.com\/manufacturer\/vibratory-bowl-feeder-controller-sdvc34-mr\/#breadcrumb\",\"itemListElement\":[{\"@type\":\"ListItem\",\"position\":1,\"name\":\"Home\",\"item\":\"https:\/\/swoer.com\/\"},{\"@type\":\"ListItem\",\"position\":2,\"name\":\"Shop\",\"item\":\"https:\/\/swoer.com\/shop\/\"},{\"@type\":\"ListItem\",\"position\":3,\"name\":\"Vibratory Bowl Feeder Controller SDVC34-MR\"}]},{\"@type\":\"WebSite\",\"@id\":\"https:\/\/swoer.com\/#website\",\"url\":\"https:\/\/swoer.com\/\",\"name\":\"SWOER\",\"description\":\"Swoer is the top 3 vibratory bowl feeder manufacturer in China\",\"potentialAction\":[{\"@type\":\"SearchAction\",\"target\":{\"@type\":\"EntryPoint\",\"urlTemplate\":\"https:\/\/swoer.com\/?s={search_term_string}\"},\"query-input\":\"required name=search_term_string\"}],\"inLanguage\":\"cs\"}]}<\/script>\n<!-- \/ Yoast SEO plugin. -->","yoast_head_json":{"title":"Vibratory Bowl Feeder Controller SDVC34-MR - SWOER","description":"The SDVC34-MR is an intelligent controller designed to enhance the efficiency and precision of your vibratory bowl feeder. Its advanced features, including automatic frequency search, synchronized output, speed preset, adjustable slow start, high precision automatic voltage stabilization, sensor adaptability, remote speed control, DC control output, dual switch sensor material full\/empty shutdown, counting function, and 485 communication, ensure smooth, consistent material handling.","robots":{"index":"index","follow":"follow","max-snippet":"max-snippet:-1","max-image-preview":"max-image-preview:large","max-video-preview":"max-video-preview:-1"},"canonical":"https:\/\/swoer.com\/cs\/manufacturer\/vibratory-bowl-feeder-controller-sdvc34-mr\/","og_locale":"cs_CZ","og_type":"article","og_title":"Vibratory Bowl Feeder Controller SDVC34-MR - SWOER","og_description":"The SDVC34-MR is an intelligent controller designed to enhance the efficiency and precision of your vibratory bowl feeder. Its advanced features, including automatic frequency search, synchronized output, speed preset, adjustable slow start, high precision automatic voltage stabilization, sensor adaptability, remote speed control, DC control output, dual switch sensor material full\/empty shutdown, counting function, and 485 communication, ensure smooth, consistent material handling.","og_url":"https:\/\/swoer.com\/cs\/manufacturer\/vibratory-bowl-feeder-controller-sdvc34-mr\/","og_site_name":"SWOER","article_modified_time":"2024-08-16T06:12:47+00:00","og_image":[{"width":1000,"height":1000,"url":"https:\/\/swoer.com\/wp-content\/uploads\/2024\/07\/Vibratory-Bowl-Feeder-Controller-SDVC34-MR-1.webp","type":"image\/webp"}],"twitter_card":"summary_large_image","twitter_misc":{"Odhadovan\u00e1 doba \u010dten\u00ed":"3 minuty"},"schema":{"@context":"https:\/\/schema.org","@graph":[{"@type":"WebPage","@id":"https:\/\/swoer.com\/manufacturer\/vibratory-bowl-feeder-controller-sdvc34-mr\/","url":"https:\/\/swoer.com\/manufacturer\/vibratory-bowl-feeder-controller-sdvc34-mr\/","name":"Vibratory Bowl Feeder Controller SDVC34-MR - SWOER","isPartOf":{"@id":"https:\/\/swoer.com\/#website"},"primaryImageOfPage":{"@id":"https:\/\/swoer.com\/manufacturer\/vibratory-bowl-feeder-controller-sdvc34-mr\/#primaryimage"},"image":{"@id":"https:\/\/swoer.com\/manufacturer\/vibratory-bowl-feeder-controller-sdvc34-mr\/#primaryimage"},"thumbnailUrl":"https:\/\/swoer.com\/wp-content\/uploads\/2024\/07\/Vibratory-Bowl-Feeder-Controller-SDVC34-MR-1.webp","datePublished":"2024-07-06T00:52:41+00:00","dateModified":"2024-08-16T06:12:47+00:00","description":"The SDVC34-MR is an intelligent controller designed to enhance the efficiency and precision of your vibratory bowl feeder. Its advanced features, including automatic frequency search, synchronized output, speed preset, adjustable slow start, high precision automatic voltage stabilization, sensor adaptability, remote speed control, DC control output, dual switch sensor material full\/empty shutdown, counting function, and 485 communication, ensure smooth, consistent material handling.","breadcrumb":{"@id":"https:\/\/swoer.com\/manufacturer\/vibratory-bowl-feeder-controller-sdvc34-mr\/#breadcrumb"},"inLanguage":"cs","potentialAction":[{"@type":"ReadAction","target":["https:\/\/swoer.com\/manufacturer\/vibratory-bowl-feeder-controller-sdvc34-mr\/"]}]},{"@type":"ImageObject","inLanguage":"cs","@id":"https:\/\/swoer.com\/manufacturer\/vibratory-bowl-feeder-controller-sdvc34-mr\/#primaryimage","url":"https:\/\/swoer.com\/wp-content\/uploads\/2024\/07\/Vibratory-Bowl-Feeder-Controller-SDVC34-MR-1.webp","contentUrl":"https:\/\/swoer.com\/wp-content\/uploads\/2024\/07\/Vibratory-Bowl-Feeder-Controller-SDVC34-MR-1.webp","width":1000,"height":1000,"caption":"Vibratory Bowl Feeder Controller SDVC34-MR"},{"@type":"BreadcrumbList","@id":"https:\/\/swoer.com\/manufacturer\/vibratory-bowl-feeder-controller-sdvc34-mr\/#breadcrumb","itemListElement":[{"@type":"ListItem","position":1,"name":"Home","item":"https:\/\/swoer.com\/"},{"@type":"ListItem","position":2,"name":"Shop","item":"https:\/\/swoer.com\/shop\/"},{"@type":"ListItem","position":3,"name":"Vibratory Bowl Feeder Controller SDVC34-MR"}]},{"@type":"WebSite","@id":"https:\/\/swoer.com\/#website","url":"https:\/\/swoer.com\/","name":"SWOER","description":"Swoer is the top 3 vibratory bowl feeder manufacturer in China","potentialAction":[{"@type":"SearchAction","target":{"@type":"EntryPoint","urlTemplate":"https:\/\/swoer.com\/?s={search_term_string}"},"query-input":"required name=search_term_string"}],"inLanguage":"cs"}]}},"_links":{"self":[{"href":"https:\/\/swoer.com\/cs\/wp-json\/wp\/v2\/product\/2284"}],"collection":[{"href":"https:\/\/swoer.com\/cs\/wp-json\/wp\/v2\/product"}],"about":[{"href":"https:\/\/swoer.com\/cs\/wp-json\/wp\/v2\/types\/product"}],"replies":[{"embeddable":true,"href":"https:\/\/swoer.com\/cs\/wp-json\/wp\/v2\/comments?post=2284"}],"wp:featuredmedia":[{"embeddable":true,"href":"https:\/\/swoer.com\/cs\/wp-json\/wp\/v2\/media\/2501"}],"wp:attachment":[{"href":"https:\/\/swoer.com\/cs\/wp-json\/wp\/v2\/media?parent=2284"}],"wp:term":[{"taxonomy":"product_cat","embeddable":true,"href":"https:\/\/swoer.com\/cs\/wp-json\/wp\/v2\/product_cat?post=2284"},{"taxonomy":"product_tag","embeddable":true,"href":"https:\/\/swoer.com\/cs\/wp-json\/wp\/v2\/product_tag?post=2284"}],"curies":[{"name":"wp","href":"https:\/\/api.w.org\/{rel}","templated":true}]}}