{"id":2278,"date":"2024-07-05T03:34:25","date_gmt":"2024-07-05T03:34:25","guid":{"rendered":"https:\/\/swoer.com\/?post_type=product&#038;p=2278"},"modified":"2024-08-16T14:15:24","modified_gmt":"2024-08-16T06:15:24","slug":"automated-feeder-controller-sdvc31-xl-6a","status":"publish","type":"product","link":"https:\/\/swoer.com\/cs\/manufacturer\/automated-feeder-controller-sdvc31-xl-6a\/","title":{"rendered":"Automatizovan\u00fd ovlada\u010d podava\u010de SDVC31-XL 6A"},"content":{"rendered":"<h2><strong><b>Funkce<\/b><\/strong><\/h2>\n<ul>\n<li>Vysoce p\u0159esn\u00e1 automatick\u00e1 stabilizace nap\u011bt\u00ed<\/li>\n<li>Nastaviteln\u00fd pomal\u00fd start<\/li>\n<li>P\u0159epn\u011bte senzor pln\u00fd\/pr\u00e1zdn\u00fd stop<\/li>\n<li>Vypnut\u00ed pln\u00e9ho\/pr\u00e1zdn\u00e9ho fotoelektrick\u00e9ho senzoru<\/li>\n<li>D\u00e1lkov\u00e9 ovl\u00e1d\u00e1n\u00ed rychlosti<\/li>\n<li>DC \u0159\u00eddic\u00ed v\u00fdstup<\/li>\n<\/ul>\n<h2><strong><b>Z\u00e1kladn\u00ed funkce<\/b><\/strong><\/h2>\n<ol>\n<li><strong>\u00daprava frekvence:<\/strong> U\u017eivatel\u00e9 uprav\u00ed v\u00fdstupn\u00ed frekvenci ovlada\u010de pro hlad\u0161\u00ed, ti\u0161\u0161\u00ed a energeticky \u00fasporn\u00fd efekt pod\u00e1v\u00e1n\u00ed.<\/li>\n<li><strong>Vysoce p\u0159esn\u00e1 automatick\u00e1 stabilizace nap\u011bt\u00ed:<\/strong> Vyu\u017eit\u00edm vestav\u011bn\u00e9ho digit\u00e1ln\u00edho obvodu syst\u00e9m stabilizuje nap\u011bt\u00ed, \u010d\u00edm\u017e eliminuje zm\u011bny rychlosti pod\u00e1v\u00e1n\u00ed, ke kter\u00fdm doch\u00e1z\u00ed v d\u016fsledku kol\u00eds\u00e1n\u00ed nap\u00e1jen\u00ed.<\/li>\n<li><strong>Nastaviteln\u00fd pomal\u00fd start:<\/strong> V\u00fdstupn\u00ed nap\u011bt\u00ed se postupn\u011b zvy\u0161uje z nuly na p\u0159ednastavenou \u00farove\u0148, aby se minimalizoval dopad na vibra\u010dn\u00ed desku. U\u017eivatel\u00e9 mohou p\u0159ednastavit \u010das pomal\u00e9ho startu digit\u00e1ln\u011b.<\/li>\n<li><strong>P\u0159ep\u00edna\u010d senzoru pln\u00e9\/pr\u00e1zdn\u00e9 zastaven\u00ed:<\/strong> Podporuje sn\u00edma\u010d typu NPN nebo d\u00e1lkov\u00e9 ovl\u00e1d\u00e1n\u00ed zastaven\u00ed pln\u00e9ho\/pr\u00e1zdn\u00e9ho PLC.<\/li>\n<li><strong>Fotoelektrick\u00fd senzor pln\u00fd\/pr\u00e1zdn\u00fd stop:<\/strong> Podporuje fotoelektrick\u00fd sn\u00edma\u010d po\u010d\u00edtadla pln\u00e9ho\/pr\u00e1zdn\u00e9ho zastaven\u00ed.<\/li>\n<li><strong>D\u00e1lkov\u00e9 ovl\u00e1d\u00e1n\u00ed rychlosti:<\/strong> U\u017eivatel\u00e9 mohou ovl\u00e1dat v\u00fdstupn\u00ed nap\u011bt\u00ed na d\u00e1lku pomoc\u00ed extern\u00edho potenciometru, PLC nebo nap\u011b\u0165ov\u00e9ho sign\u00e1lu 1-5V.<\/li>\n<li><strong>DC \u0159\u00eddic\u00ed v\u00fdstup:<\/strong> Regul\u00e1tor vys\u00edl\u00e1 stejnosm\u011brn\u00fd n\u00edzkonap\u011b\u0165ov\u00fd \u0159\u00eddic\u00ed sign\u00e1l pro \u0159\u00edzen\u00ed za\u0159\u00edzen\u00ed, jako jsou solenoidov\u00e9 ventily.<\/li>\n<li><strong>Z\u00e1mek kl\u00e1vesnice:<\/strong> Dlouh\u00fdm stisknut\u00edm tla\u010d\u00edtka zapnut\u00ed\/vypnut\u00ed uzamknete v\u0161echna tla\u010d\u00edtka a zabr\u00e1n\u00edte nespr\u00e1vn\u00e9 obsluze.<\/li>\n<li><strong>Nastaven\u00ed maxim\u00e1ln\u00edho v\u00fdstupn\u00edho nap\u011bt\u00ed:<\/strong> U\u017eivatel\u00e9 nastav\u00ed maxim\u00e1ln\u00ed nastaviteln\u00e9 nap\u011bt\u00ed, aby se zabr\u00e1nilo po\u0161kozen\u00ed p\u0159ep\u011bt\u00edm.<\/li>\n<li><strong>Ochrana proti p\u0159eh\u0159\u00e1t\u00ed:<\/strong> Aby se regul\u00e1tor chr\u00e1nil, zastav\u00ed v\u00fdstup v\u017edy, kdy\u017e se pracovn\u00ed teplota p\u0159\u00edli\u0161 zv\u00fd\u0161\u00ed.<\/li>\n<li><strong>Nadproudov\u00e1 ochrana:<\/strong> Pro ochranu regul\u00e1toru a vibra\u010dn\u00edho za\u0159\u00edzen\u00ed syst\u00e9m zastav\u00ed v\u00fdstup, kdykoli pracovn\u00ed proud p\u0159ekro\u010d\u00ed jmenovit\u00fd proud.<\/li>\n<li><strong>Obnoviteln\u00e1 ochrana proti zkratu:<\/strong> Syst\u00e9m zastav\u00ed v\u00fdstup b\u011bhem zkratu, aby chr\u00e1nil \u0159\u00eddic\u00ed jednotku i za\u0159\u00edzen\u00ed. Po odstran\u011bn\u00ed zkratu lze syst\u00e9m znovu zapnout, aby fungoval norm\u00e1ln\u011b.<\/li>\n<\/ol>\n\t<div id=\"gap-1824238763\" class=\"gap-element clearfix\" style=\"display:block; height:auto;\">\n\t\t\n<style>\n#gap-1824238763 {\n  padding-top: 30px;\n}\n<\/style>\n\t<\/div>\n\t\n<h2><strong>Technick\u00e9 specifikace<\/strong><\/h2>\n<table width=\"767\">\n<tbody>\n<tr>\n<td rowspan=\"2\" width=\"225\">Polo\u017eka<\/td>\n<td colspan=\"3\" width=\"216\">Rozsah<\/td>\n<td rowspan=\"2\" width=\"72\">Jednotka<\/td>\n<td rowspan=\"2\" width=\"254\">Popis<\/td>\n<\/tr>\n<tr>\n<td>Minim\u00e1ln\u00ed<\/td>\n<td>Typick\u00fd<\/td>\n<td>Maximum<\/td>\n<\/tr>\n<tr>\n<td>Vstupn\u00ed nap\u011bt\u00ed<\/td>\n<td>85<\/td>\n<td>220<\/td>\n<td>260<\/td>\n<td>PROTI<\/td>\n<td>AC efektivn\u00ed hodnota<\/td>\n<\/tr>\n<tr>\n<td>Rozsah nastaven\u00ed v\u00fdstupn\u00edho nap\u011bt\u00ed<\/td>\n<td>0<\/td>\n<td><\/td>\n<td>260<\/td>\n<td>PROTI<\/td>\n<td>Vstupn\u00ed nap\u011bt\u00ed m\u00e9n\u011b ne\u017e 150%<\/td>\n<\/tr>\n<tr>\n<td>P\u0159esnost nastaven\u00ed nap\u011bt\u00ed<\/td>\n<td colspan=\"3\">1<\/td>\n<td>PROTI<\/td>\n<td><\/td>\n<\/tr>\n<tr>\n<td>P\u0159esnost regulace nap\u011bt\u00ed<\/td>\n<td>0<\/td>\n<td><\/td>\n<td>10<\/td>\n<td><\/td>\n<td>Vout\/Vin<\/td>\n<\/tr>\n<tr>\n<td>Doba odezvy regulace nap\u011bt\u00ed<\/td>\n<td>0.0025<\/td>\n<td><\/td>\n<td>0.025<\/td>\n<td>s<\/td>\n<td>Jedna desetina cyklu v\u00fdstupn\u00edho nap\u011bt\u00ed<\/td>\n<\/tr>\n<tr>\n<td rowspan=\"2\">Rozsah nastaven\u00ed v\u00fdstupn\u00edho proudu<\/td>\n<td rowspan=\"2\">0<\/td>\n<td rowspan=\"2\"><\/td>\n<td rowspan=\"2\">10<\/td>\n<td rowspan=\"2\">A<\/td>\n<td rowspan=\"2\">SDVC31-U-Extra vysok\u00fd v\u00fdkon<\/td>\n<\/tr>\n<tr>\n<td rowspan=\"2\"><\/td>\n<td rowspan=\"2\"><\/td>\n<td rowspan=\"2\"><\/td>\n<td rowspan=\"2\"><\/td>\n<td rowspan=\"2\"><\/td>\n<td rowspan=\"2\"><\/td>\n<\/tr>\n<tr>\n<td>V\u00fdstupn\u00ed frekvence<\/td>\n<td>40<\/td>\n<td><\/td>\n<td>400<\/td>\n<td>Hz<\/td>\n<td><\/td>\n<\/tr>\n<tr>\n<td>P\u0159esnost nastaven\u00ed frekvence<\/td>\n<td colspan=\"3\">0.1<\/td>\n<td>Hz<\/td>\n<td><\/td>\n<\/tr>\n<tr>\n<td>V\u00fdstupn\u00ed pr\u016fb\u011bh<\/td>\n<td colspan=\"3\">sinus<\/td>\n<td><\/td>\n<td><\/td>\n<\/tr>\n<tr>\n<td>Pomal\u00fd \u010das startu<\/td>\n<td>0<\/td>\n<td><\/td>\n<td>10<\/td>\n<td>s<\/td>\n<td>V\u00fdchoz\u00ed tov\u00e1rn\u00ed nastaven\u00ed 0,5<\/td>\n<\/tr>\n<tr>\n<td>\u010casov\u00fd rozsah zpo\u017ed\u011bn\u00ed<\/td>\n<td>0<\/td>\n<td><\/td>\n<td>20<\/td>\n<td>s<\/td>\n<td>V\u00fdchoz\u00ed tov\u00e1rn\u00ed nastaven\u00ed 0.2<\/td>\n<\/tr>\n<tr>\n<td>P\u0159esnost \u010dasu zpo\u017ed\u011bn\u00ed<\/td>\n<td colspan=\"3\">0.1<\/td>\n<td>s<\/td>\n<td><\/td>\n<\/tr>\n<tr>\n<td>Teplota ochrany proti p\u0159eh\u0159\u00e1t\u00ed<\/td>\n<td>60<\/td>\n<td>65<\/td>\n<td>65<\/td>\n<td>\u2103<\/td>\n<td><\/td>\n<\/tr>\n<tr>\n<td>V\u00fdstupn\u00ed nap\u011bt\u00ed DC ovl\u00e1d\u00e1n\u00ed<\/td>\n<td>22<\/td>\n<td>24<\/td>\n<td>26<\/td>\n<td>PROTI<\/td>\n<td><\/td>\n<\/tr>\n<tr>\n<td>V\u00fdstupn\u00ed proud \u0159\u00edzen\u00ed DC<\/td>\n<td>0<\/td>\n<td><\/td>\n<td>200<\/td>\n<td>mA<\/td>\n<td><\/td>\n<\/tr>\n<tr>\n<td>Analogov\u00fd \u0159\u00eddic\u00ed model<\/td>\n<td colspan=\"3\">1 \u67085 \u65e5<\/td>\n<td>PROTI<\/td>\n<td>Nap\u011bt\u00ed d\u00e1lkov\u00e9ho ovl\u00e1d\u00e1n\u00ed rychlosti<\/td>\n<\/tr>\n<tr>\n<td>Digit\u00e1ln\u00ed \u0159\u00eddic\u00ed sign\u00e1l<\/td>\n<td colspan=\"3\">24<\/td>\n<td>PROTI<\/td>\n<td>Ovl\u00e1d\u00e1n\u00ed sp\u00ednac\u00edho sign\u00e1lu<\/td>\n<\/tr>\n<tr>\n<td>Zp\u016fsob \u00fapravy<\/td>\n<td colspan=\"3\">6<\/td>\n<td>kl\u00ed\u010d<\/td>\n<td><\/td>\n<\/tr>\n<tr>\n<td>Spot\u0159eba energie bez z\u00e1t\u011b\u017ee<\/td>\n<td><\/td>\n<td>3<\/td>\n<td><\/td>\n<td>W<\/td>\n<td><\/td>\n<\/tr>\n<tr>\n<td>Zobrazovac\u00ed m\u00f3d<\/td>\n<td colspan=\"3\">5<\/td>\n<td>\u010d\u00edslice<\/td>\n<td>LED digit\u00e1ln\u00ed trubice<\/td>\n<\/tr>\n<tr>\n<td>Teplota mzdov\u00e9ho prost\u0159ed\u00ed<\/td>\n<td>0<\/td>\n<td>25<\/td>\n<td>40<\/td>\n<td>\u2103<\/td>\n<td rowspan=\"2\">\u017d\u00e1dn\u00e1 kondenzace<\/td>\n<\/tr>\n<tr>\n<td>Vlhkost mzdov\u00e9ho prost\u0159ed\u00ed<\/td>\n<td>10<\/td>\n<td>60<\/td>\n<td>85<\/td>\n<td>%<\/td>\n<\/tr>\n<\/tbody>\n<\/table>\n\t<div id=\"gap-300635001\" class=\"gap-element clearfix\" style=\"display:block; height:auto;\">\n\t\t\n<style>\n#gap-300635001 {\n  padding-top: 30px;\n}\n<\/style>\n\t<\/div>\n\t\n<h2><strong><b>Rozm\u011bry a hmotnost<\/b><\/strong><\/h2>\n<ul>\n<li>Rozm\u011bry: D190mm x \u0160242mm x V94,5mm<\/li>\n<li>Hmotnost: 2670 g (bez p\u0159\u00edslu\u0161enstv\u00ed)<\/li>\n<\/ul>\n\t<div class=\"img has-hover x md-x lg-x y md-y lg-y\" id=\"image_1954305785\">\n\t\t\t\t\t\t\t\t<div class=\"img-inner dark\" >\n\t\t\t<img loading=\"lazy\" decoding=\"async\" width=\"775\" height=\"574\" src=\"https:\/\/swoer.com\/wp-content\/uploads\/2024\/07\/dimension-drawing-2.webp\" class=\"attachment-original size-original\" alt=\"rozm\u011brov\u00fd v\u00fdkres\" srcset=\"https:\/\/swoer.com\/wp-content\/uploads\/2024\/07\/dimension-drawing-2.webp 775w, https:\/\/swoer.com\/wp-content\/uploads\/2024\/07\/dimension-drawing-2-300x222.webp 300w, https:\/\/swoer.com\/wp-content\/uploads\/2024\/07\/dimension-drawing-2-768x569.webp 768w, https:\/\/swoer.com\/wp-content\/uploads\/2024\/07\/dimension-drawing-2-16x12.webp 16w, https:\/\/swoer.com\/wp-content\/uploads\/2024\/07\/dimension-drawing-2-600x444.webp 600w\" sizes=\"(max-width: 775px) 100vw, 775px\" \/>\t\t\t\t\t\t\n\t\t\t\t\t<\/div>\n\t\t\t\t\t\t\t\t\n<style>\n#image_1954305785 {\n  width: 62%;\n}\n<\/style>\n\t<\/div>","protected":false},"excerpt":{"rendered":"<p>Automatizovan\u00fd ovlada\u010d podava\u010de SDVC31-XL 6A nab\u00edz\u00ed vysoce p\u0159esnou automatickou stabilizaci nap\u011bt\u00ed, nastaviteln\u00fd pomal\u00fd start a v\u0161estrann\u00e9 mo\u017enosti ovl\u00e1d\u00e1n\u00ed v\u010detn\u011b senzoru sp\u00edna\u010de a fotoelektrick\u00e9ho senzoru \u00fapln\u00e9ho\/pr\u00e1zdn\u00e9ho vypnut\u00ed. Ide\u00e1ln\u00ed pro zv\u00fd\u0161en\u00ed v\u00fdkonu a \u00fa\u010dinnosti va\u0161eho krmn\u00e9ho syst\u00e9mu.<\/p>","protected":false},"featured_media":2505,"comment_status":"open","ping_status":"closed","template":"","meta":[],"product_cat":[45],"product_tag":[],"yoast_head":"<!-- This site is optimized with the Yoast SEO plugin v22.2 - https:\/\/yoast.com\/wordpress\/plugins\/seo\/ -->\n<title>Automated Feeder Controller SDVC31-XL 6A - SWOER<\/title>\n<meta name=\"description\" content=\"The Automated Feeder Controller SDVC31-XL 6A has high precision voltage stabilization, adjustable slow start, and remote speed control. It is ideal for efficient and reliable feeding operations.\" \/>\n<meta name=\"robots\" content=\"index, follow, max-snippet:-1, max-image-preview:large, max-video-preview:-1\" \/>\n<link rel=\"canonical\" href=\"https:\/\/swoer.com\/cs\/manufacturer\/automated-feeder-controller-sdvc31-xl-6a\/\" \/>\n<meta property=\"og:locale\" content=\"cs_CZ\" \/>\n<meta property=\"og:type\" content=\"article\" \/>\n<meta property=\"og:title\" content=\"Automated Feeder Controller SDVC31-XL 6A - SWOER\" \/>\n<meta property=\"og:description\" content=\"The Automated Feeder Controller SDVC31-XL 6A has high precision voltage stabilization, adjustable slow start, and remote speed control. It is ideal for efficient and reliable feeding operations.\" \/>\n<meta property=\"og:url\" content=\"https:\/\/swoer.com\/cs\/manufacturer\/automated-feeder-controller-sdvc31-xl-6a\/\" \/>\n<meta property=\"og:site_name\" content=\"SWOER\" \/>\n<meta property=\"article:modified_time\" content=\"2024-08-16T06:15:24+00:00\" \/>\n<meta property=\"og:image\" content=\"https:\/\/swoer.com\/wp-content\/uploads\/2024\/07\/Automated-Feeder-Controller-SDVC31-XL-6A-1.webp\" \/>\n\t<meta property=\"og:image:width\" content=\"1000\" \/>\n\t<meta property=\"og:image:height\" content=\"1000\" \/>\n\t<meta property=\"og:image:type\" content=\"image\/webp\" \/>\n<meta name=\"twitter:card\" content=\"summary_large_image\" \/>\n<meta name=\"twitter:label1\" content=\"Odhadovan\u00e1 doba \u010dten\u00ed\" \/>\n\t<meta name=\"twitter:data1\" content=\"3 minuty\" \/>\n<script type=\"application\/ld+json\" class=\"yoast-schema-graph\">{\"@context\":\"https:\/\/schema.org\",\"@graph\":[{\"@type\":\"WebPage\",\"@id\":\"https:\/\/swoer.com\/manufacturer\/automated-feeder-controller-sdvc31-xl-6a\/\",\"url\":\"https:\/\/swoer.com\/manufacturer\/automated-feeder-controller-sdvc31-xl-6a\/\",\"name\":\"Automated Feeder Controller SDVC31-XL 6A - SWOER\",\"isPartOf\":{\"@id\":\"https:\/\/swoer.com\/#website\"},\"primaryImageOfPage\":{\"@id\":\"https:\/\/swoer.com\/manufacturer\/automated-feeder-controller-sdvc31-xl-6a\/#primaryimage\"},\"image\":{\"@id\":\"https:\/\/swoer.com\/manufacturer\/automated-feeder-controller-sdvc31-xl-6a\/#primaryimage\"},\"thumbnailUrl\":\"https:\/\/swoer.com\/wp-content\/uploads\/2024\/07\/Automated-Feeder-Controller-SDVC31-XL-6A-1.webp\",\"datePublished\":\"2024-07-05T03:34:25+00:00\",\"dateModified\":\"2024-08-16T06:15:24+00:00\",\"description\":\"The Automated Feeder Controller SDVC31-XL 6A has high precision voltage stabilization, adjustable slow start, and remote speed control. It is ideal for efficient and reliable feeding operations.\",\"breadcrumb\":{\"@id\":\"https:\/\/swoer.com\/manufacturer\/automated-feeder-controller-sdvc31-xl-6a\/#breadcrumb\"},\"inLanguage\":\"cs\",\"potentialAction\":[{\"@type\":\"ReadAction\",\"target\":[\"https:\/\/swoer.com\/manufacturer\/automated-feeder-controller-sdvc31-xl-6a\/\"]}]},{\"@type\":\"ImageObject\",\"inLanguage\":\"cs\",\"@id\":\"https:\/\/swoer.com\/manufacturer\/automated-feeder-controller-sdvc31-xl-6a\/#primaryimage\",\"url\":\"https:\/\/swoer.com\/wp-content\/uploads\/2024\/07\/Automated-Feeder-Controller-SDVC31-XL-6A-1.webp\",\"contentUrl\":\"https:\/\/swoer.com\/wp-content\/uploads\/2024\/07\/Automated-Feeder-Controller-SDVC31-XL-6A-1.webp\",\"width\":1000,\"height\":1000,\"caption\":\"Automated Feeder Controller SDVC31-XL 6A\"},{\"@type\":\"BreadcrumbList\",\"@id\":\"https:\/\/swoer.com\/manufacturer\/automated-feeder-controller-sdvc31-xl-6a\/#breadcrumb\",\"itemListElement\":[{\"@type\":\"ListItem\",\"position\":1,\"name\":\"Home\",\"item\":\"https:\/\/swoer.com\/\"},{\"@type\":\"ListItem\",\"position\":2,\"name\":\"Shop\",\"item\":\"https:\/\/swoer.com\/shop\/\"},{\"@type\":\"ListItem\",\"position\":3,\"name\":\"Automated Feeder Controller SDVC31-XL 6A\"}]},{\"@type\":\"WebSite\",\"@id\":\"https:\/\/swoer.com\/#website\",\"url\":\"https:\/\/swoer.com\/\",\"name\":\"SWOER\",\"description\":\"Swoer is the top 3 vibratory bowl feeder manufacturer in China\",\"potentialAction\":[{\"@type\":\"SearchAction\",\"target\":{\"@type\":\"EntryPoint\",\"urlTemplate\":\"https:\/\/swoer.com\/?s={search_term_string}\"},\"query-input\":\"required name=search_term_string\"}],\"inLanguage\":\"cs\"}]}<\/script>\n<!-- \/ Yoast SEO plugin. -->","yoast_head_json":{"title":"Automated Feeder Controller SDVC31-XL 6A - SWOER","description":"The Automated Feeder Controller SDVC31-XL 6A has high precision voltage stabilization, adjustable slow start, and remote speed control. It is ideal for efficient and reliable feeding operations.","robots":{"index":"index","follow":"follow","max-snippet":"max-snippet:-1","max-image-preview":"max-image-preview:large","max-video-preview":"max-video-preview:-1"},"canonical":"https:\/\/swoer.com\/cs\/manufacturer\/automated-feeder-controller-sdvc31-xl-6a\/","og_locale":"cs_CZ","og_type":"article","og_title":"Automated Feeder Controller SDVC31-XL 6A - SWOER","og_description":"The Automated Feeder Controller SDVC31-XL 6A has high precision voltage stabilization, adjustable slow start, and remote speed control. It is ideal for efficient and reliable feeding operations.","og_url":"https:\/\/swoer.com\/cs\/manufacturer\/automated-feeder-controller-sdvc31-xl-6a\/","og_site_name":"SWOER","article_modified_time":"2024-08-16T06:15:24+00:00","og_image":[{"width":1000,"height":1000,"url":"https:\/\/swoer.com\/wp-content\/uploads\/2024\/07\/Automated-Feeder-Controller-SDVC31-XL-6A-1.webp","type":"image\/webp"}],"twitter_card":"summary_large_image","twitter_misc":{"Odhadovan\u00e1 doba \u010dten\u00ed":"3 minuty"},"schema":{"@context":"https:\/\/schema.org","@graph":[{"@type":"WebPage","@id":"https:\/\/swoer.com\/manufacturer\/automated-feeder-controller-sdvc31-xl-6a\/","url":"https:\/\/swoer.com\/manufacturer\/automated-feeder-controller-sdvc31-xl-6a\/","name":"Automated Feeder Controller SDVC31-XL 6A - SWOER","isPartOf":{"@id":"https:\/\/swoer.com\/#website"},"primaryImageOfPage":{"@id":"https:\/\/swoer.com\/manufacturer\/automated-feeder-controller-sdvc31-xl-6a\/#primaryimage"},"image":{"@id":"https:\/\/swoer.com\/manufacturer\/automated-feeder-controller-sdvc31-xl-6a\/#primaryimage"},"thumbnailUrl":"https:\/\/swoer.com\/wp-content\/uploads\/2024\/07\/Automated-Feeder-Controller-SDVC31-XL-6A-1.webp","datePublished":"2024-07-05T03:34:25+00:00","dateModified":"2024-08-16T06:15:24+00:00","description":"The Automated Feeder Controller SDVC31-XL 6A has high precision voltage stabilization, adjustable slow start, and remote speed control. It is ideal for efficient and reliable feeding operations.","breadcrumb":{"@id":"https:\/\/swoer.com\/manufacturer\/automated-feeder-controller-sdvc31-xl-6a\/#breadcrumb"},"inLanguage":"cs","potentialAction":[{"@type":"ReadAction","target":["https:\/\/swoer.com\/manufacturer\/automated-feeder-controller-sdvc31-xl-6a\/"]}]},{"@type":"ImageObject","inLanguage":"cs","@id":"https:\/\/swoer.com\/manufacturer\/automated-feeder-controller-sdvc31-xl-6a\/#primaryimage","url":"https:\/\/swoer.com\/wp-content\/uploads\/2024\/07\/Automated-Feeder-Controller-SDVC31-XL-6A-1.webp","contentUrl":"https:\/\/swoer.com\/wp-content\/uploads\/2024\/07\/Automated-Feeder-Controller-SDVC31-XL-6A-1.webp","width":1000,"height":1000,"caption":"Automated Feeder Controller SDVC31-XL 6A"},{"@type":"BreadcrumbList","@id":"https:\/\/swoer.com\/manufacturer\/automated-feeder-controller-sdvc31-xl-6a\/#breadcrumb","itemListElement":[{"@type":"ListItem","position":1,"name":"Home","item":"https:\/\/swoer.com\/"},{"@type":"ListItem","position":2,"name":"Shop","item":"https:\/\/swoer.com\/shop\/"},{"@type":"ListItem","position":3,"name":"Automated Feeder Controller SDVC31-XL 6A"}]},{"@type":"WebSite","@id":"https:\/\/swoer.com\/#website","url":"https:\/\/swoer.com\/","name":"SWOER","description":"Swoer is the top 3 vibratory bowl feeder manufacturer in China","potentialAction":[{"@type":"SearchAction","target":{"@type":"EntryPoint","urlTemplate":"https:\/\/swoer.com\/?s={search_term_string}"},"query-input":"required name=search_term_string"}],"inLanguage":"cs"}]}},"_links":{"self":[{"href":"https:\/\/swoer.com\/cs\/wp-json\/wp\/v2\/product\/2278"}],"collection":[{"href":"https:\/\/swoer.com\/cs\/wp-json\/wp\/v2\/product"}],"about":[{"href":"https:\/\/swoer.com\/cs\/wp-json\/wp\/v2\/types\/product"}],"replies":[{"embeddable":true,"href":"https:\/\/swoer.com\/cs\/wp-json\/wp\/v2\/comments?post=2278"}],"wp:featuredmedia":[{"embeddable":true,"href":"https:\/\/swoer.com\/cs\/wp-json\/wp\/v2\/media\/2505"}],"wp:attachment":[{"href":"https:\/\/swoer.com\/cs\/wp-json\/wp\/v2\/media?parent=2278"}],"wp:term":[{"taxonomy":"product_cat","embeddable":true,"href":"https:\/\/swoer.com\/cs\/wp-json\/wp\/v2\/product_cat?post=2278"},{"taxonomy":"product_tag","embeddable":true,"href":"https:\/\/swoer.com\/cs\/wp-json\/wp\/v2\/product_tag?post=2278"}],"curies":[{"name":"wp","href":"https:\/\/api.w.org\/{rel}","templated":true}]}}