{"id":2266,"date":"2024-07-03T03:21:39","date_gmt":"2024-07-03T03:21:39","guid":{"rendered":"https:\/\/swoer.com\/?post_type=product&#038;p=2266"},"modified":"2024-08-16T14:20:18","modified_gmt":"2024-08-16T06:20:18","slug":"bowl-feeder-controller-sdvc31-m-3-0a","status":"publish","type":"product","link":"https:\/\/swoer.com\/cs\/manufacturer\/bowl-feeder-controller-sdvc31-m-3-0a\/","title":{"rendered":"Ovlada\u010d m\u00edsov\u00e9ho podava\u010de SDVC31-M 3.0A"},"content":{"rendered":"<h2><strong><b>Funkce<\/b><\/strong><\/h2>\n<ul>\n<li>Vysoce p\u0159esn\u00e1 automatick\u00e1 stabilizace nap\u011bt\u00ed<\/li>\n<li>Nastaviteln\u00fd pomal\u00fd start<\/li>\n<li>P\u0159epn\u011bte senzor pln\u00fd\/pr\u00e1zdn\u00fd stop<\/li>\n<li>Vypnut\u00ed pln\u00e9ho\/pr\u00e1zdn\u00e9ho fotoelektrick\u00e9ho senzoru<\/li>\n<li>D\u00e1lkov\u00e9 ovl\u00e1d\u00e1n\u00ed rychlosti<\/li>\n<li>DC \u0159\u00eddic\u00ed v\u00fdstup<\/li>\n<\/ul>\n\t<div id=\"gap-1767327477\" class=\"gap-element clearfix\" style=\"display:block; height:auto;\">\n\t\t\n<style>\n#gap-1767327477 {\n  padding-top: 30px;\n}\n<\/style>\n\t<\/div>\n\t\n<h2><strong><b>Z\u00e1kladn\u00ed funkce<\/b><\/strong><\/h2>\n<ol>\n<li><strong>Nastaven\u00ed frekvence<\/strong>: U\u017eivatel\u00e9 uprav\u00ed frekvenci ovlada\u010de pro optimalizaci vibra\u010dn\u00edho t\u011bla pro hlad\u0161\u00ed, ti\u0161\u0161\u00ed a energeticky \u00fasporn\u00e9 pod\u00e1v\u00e1n\u00ed.<\/li>\n<li><strong>Vysoce p\u0159esn\u00e1 automatick\u00e1 stabilizace nap\u011bt\u00ed:<\/strong> Digit\u00e1ln\u00ed obvod stabilizuje nap\u011bt\u00ed a automaticky koriguje zm\u011bny rychlosti pod\u00e1v\u00e1n\u00ed v d\u016fsledku kol\u00eds\u00e1n\u00ed nap\u00e1jen\u00ed.<\/li>\n<li><strong>Nastaviteln\u00fd pomal\u00fd start:<\/strong> V\u00fdstupn\u00ed nap\u011bt\u00ed se postupn\u011b zvy\u0161uje z nuly na p\u0159ednastaven\u00e9, aby se minimalizoval dopad na vibra\u010dn\u00ed desku p\u0159i startov\u00e1n\u00ed. U\u017eivatel\u00e9 mohou digit\u00e1ln\u011b p\u0159ednastavit \u010das pomal\u00e9ho startu. Podporuje senzory typu NPN nebo d\u00e1lkov\u00e9 ovl\u00e1d\u00e1n\u00ed vypnut\u00ed pln\u00e9ho\/pr\u00e1zdn\u00e9ho PLC.<\/li>\n<li><strong>P\u0159epnout senzor pln\u00fd\/pr\u00e1zdn\u00fd stop:<\/strong> Podpora senzoru typu NPN nebo d\u00e1lkov\u00e9ho ovl\u00e1d\u00e1n\u00ed zastaven\u00ed pln\u00e9ho\/pr\u00e1zdn\u00e9ho PLC.<\/li>\n<li><strong>Fotoelektrick\u00fd senzor pln\u00fd\/pr\u00e1zdn\u00fd stop:<\/strong> podpora fotoelektrick\u00e9ho sn\u00edma\u010de po\u010d\u00edtadla pln\u00e9\/pr\u00e1zdn\u00e9 stop ovl\u00e1d\u00e1n\u00ed.<\/li>\n<li><strong>D\u00e1lkov\u00e9 ovl\u00e1d\u00e1n\u00ed rychlosti:<\/strong> regul\u00e1tor m\u016f\u017ee p\u0159\u00edmo pou\u017e\u00edvat extern\u00ed potenciometr, PLC nebo nap\u011b\u0165ov\u00fd sign\u00e1l 1-5V k d\u00e1lkov\u00e9mu ovl\u00e1d\u00e1n\u00ed v\u00fdstupn\u00edho nap\u011bt\u00ed.<\/li>\n<li><strong>DC \u0159\u00eddic\u00ed v\u00fdstup:<\/strong> regul\u00e1tor m\u016f\u017ee vyd\u00e1vat stejnosm\u011brn\u00fd n\u00edzkonap\u011b\u0165ov\u00fd \u0159\u00eddic\u00ed sign\u00e1l pro \u0159\u00edzen\u00ed solenoidov\u00e9ho ventilu a dal\u0161\u00edch za\u0159\u00edzen\u00ed pro pr\u00e1ci s regul\u00e1torem.<\/li>\n<li><strong>Z\u00e1mek kl\u00e1vesnice:<\/strong> Dlouh\u00fdm stisknut\u00edm tla\u010d\u00edtka zapnut\u00ed\/vypnut\u00ed uzamknete v\u0161echna tla\u010d\u00edtka, aby u\u017eivatel\u00e9 nemohli nespr\u00e1vn\u011b pracovat.<\/li>\n<li><strong>Nastaven\u00ed maxim\u00e1ln\u00edho v\u00fdstupn\u00edho nap\u011bt\u00ed:<\/strong> Nastavte maxim\u00e1ln\u00ed nastaviteln\u00e9 nap\u011bt\u00ed, abyste zabr\u00e1nili nespr\u00e1vn\u00e9 obsluze a v\u00fdstupu p\u0159\u00edli\u0161 vysok\u00e9ho nap\u011bt\u00ed, kter\u00e9 by mohlo po\u0161kodit vibra\u010dn\u00ed za\u0159\u00edzen\u00ed.<\/li>\n<li><strong>Ochrana proti p\u0159eh\u0159\u00e1t\u00ed:<\/strong> Kdy\u017e je pracovn\u00ed teplota regul\u00e1toru p\u0159\u00edli\u0161 vysok\u00e1, zastav\u00ed v\u00fdstup, aby se ochr\u00e1nil.<\/li>\n<li><strong>Nadproudov\u00e1 ochrana<\/strong>: Kdy\u017e pracovn\u00ed proud ovlada\u010de p\u0159ekro\u010d\u00ed jmenovit\u00fd proud, syst\u00e9m zastav\u00ed v\u00fdstup, aby ochr\u00e1nil ovlada\u010d a vibra\u010dn\u00ed za\u0159\u00edzen\u00ed.<\/li>\n<li><strong>Obnoviteln\u00e1 ochrana proti zkratu<\/strong>: Kdy\u017e dojde ke zkratu na v\u00fdstupu, syst\u00e9m zastav\u00ed v\u00fdstup a nevyp\u00e1l\u00ed pojistku, aby chr\u00e1nil ovlada\u010d a vibra\u010dn\u00ed za\u0159\u00edzen\u00ed. Po odstran\u011bn\u00ed zkratu m\u016f\u017ee b\u00fdt syst\u00e9m znovu nap\u00e1jen, aby op\u011bt norm\u00e1ln\u011b fungoval.<\/li>\n<\/ol>\n\t<div id=\"gap-1952667543\" class=\"gap-element clearfix\" style=\"display:block; height:auto;\">\n\t\t\n<style>\n#gap-1952667543 {\n  padding-top: 30px;\n}\n<\/style>\n\t<\/div>\n\t\n<h2>Technick\u00e9 specifikace<\/h2>\n<table width=\"767\">\n<tbody>\n<tr>\n<td rowspan=\"2\" width=\"225\">Polo\u017eka<\/td>\n<td colspan=\"3\" width=\"216\">Rozsah<\/td>\n<td rowspan=\"2\" width=\"72\">Jednotka<\/td>\n<td rowspan=\"2\" width=\"254\">Popis<\/td>\n<\/tr>\n<tr>\n<td>Minim\u00e1ln\u00ed<\/td>\n<td>Typick\u00fd<\/td>\n<td>Maximum<\/td>\n<\/tr>\n<tr>\n<td>Vstupn\u00ed nap\u011bt\u00ed<\/td>\n<td>85<\/td>\n<td>220<\/td>\n<td>260<\/td>\n<td>PROTI<\/td>\n<td>AC efektivn\u00ed hodnota<\/td>\n<\/tr>\n<tr>\n<td>Rozsah nastaven\u00ed v\u00fdstupn\u00edho nap\u011bt\u00ed<\/td>\n<td>0<\/td>\n<td><\/td>\n<td>260<\/td>\n<td>PROTI<\/td>\n<td>Vstupn\u00ed nap\u011bt\u00ed m\u00e9n\u011b ne\u017e 150%<\/td>\n<\/tr>\n<tr>\n<td>P\u0159esnost nastaven\u00ed nap\u011bt\u00ed<\/td>\n<td colspan=\"3\">1<\/td>\n<td>PROTI<\/td>\n<td><\/td>\n<\/tr>\n<tr>\n<td>P\u0159esnost regulace nap\u011bt\u00ed<\/td>\n<td>0<\/td>\n<td><\/td>\n<td>10<\/td>\n<td><\/td>\n<td>Vout\/Vin<\/td>\n<\/tr>\n<tr>\n<td>Doba odezvy regulace nap\u011bt\u00ed<\/td>\n<td>0.0025<\/td>\n<td><\/td>\n<td>0.025<\/td>\n<td>s<\/td>\n<td>Jedna desetina cyklu v\u00fdstupn\u00edho nap\u011bt\u00ed<\/td>\n<\/tr>\n<tr>\n<td rowspan=\"2\">Rozsah nastaven\u00ed v\u00fdstupn\u00edho proudu<\/td>\n<td>0<\/td>\n<td><\/td>\n<td>1.5<\/td>\n<td>A<\/td>\n<td>SDVC31-S-Small Power<\/td>\n<\/tr>\n<tr>\n<td>0<\/td>\n<td><\/td>\n<td>3<\/td>\n<td>VA<\/td>\n<td>SDVC31-M-St\u0159edn\u00ed v\u00fdkon<\/td>\n<\/tr>\n<tr>\n<td rowspan=\"2\">V\u00fdstupn\u00ed v\u00fdkon<\/td>\n<td>0<\/td>\n<td><\/td>\n<td>330<\/td>\n<td>VA<\/td>\n<td>SDVC31-S-Small Power<\/td>\n<\/tr>\n<tr>\n<td>0<\/td>\n<td><\/td>\n<td>660<\/td>\n<td>VA<\/td>\n<td>SDVC31-M-Middle Power<\/td>\n<\/tr>\n<tr>\n<td>V\u00fdstupn\u00ed frekvence<\/td>\n<td>40<\/td>\n<td><\/td>\n<td>400<\/td>\n<td>Hz<\/td>\n<td><\/td>\n<\/tr>\n<tr>\n<td>P\u0159esnost nastaven\u00ed frekvence<\/td>\n<td colspan=\"3\">0.1<\/td>\n<td>Hz<\/td>\n<td><\/td>\n<\/tr>\n<tr>\n<td>V\u00fdstupn\u00ed pr\u016fb\u011bh<\/td>\n<td colspan=\"3\">sinus<\/td>\n<td><\/td>\n<td><\/td>\n<\/tr>\n<tr>\n<td>Pomal\u00fd \u010das startu<\/td>\n<td>0<\/td>\n<td><\/td>\n<td>10<\/td>\n<td>s<\/td>\n<td>V\u00fdchoz\u00ed tov\u00e1rn\u00ed nastaven\u00ed 0,5<\/td>\n<\/tr>\n<tr>\n<td>\u010casov\u00fd rozsah zpo\u017ed\u011bn\u00ed<\/td>\n<td>0<\/td>\n<td><\/td>\n<td>20<\/td>\n<td>s<\/td>\n<td>V\u00fdchoz\u00ed tov\u00e1rn\u00ed nastaven\u00ed 0.2<\/td>\n<\/tr>\n<tr>\n<td>P\u0159esnost \u010dasu zpo\u017ed\u011bn\u00ed<\/td>\n<td colspan=\"3\">0.1<\/td>\n<td>s<\/td>\n<td><\/td>\n<\/tr>\n<tr>\n<td>Teplota ochrany proti p\u0159eh\u0159\u00e1t\u00ed<\/td>\n<td>60<\/td>\n<td>65<\/td>\n<td>65<\/td>\n<td>\u2103<\/td>\n<td><\/td>\n<\/tr>\n<tr>\n<td>V\u00fdstupn\u00ed nap\u011bt\u00ed DC ovl\u00e1d\u00e1n\u00ed<\/td>\n<td>22<\/td>\n<td>24<\/td>\n<td>26<\/td>\n<td>PROTI<\/td>\n<td><\/td>\n<\/tr>\n<tr>\n<td>V\u00fdstupn\u00ed proud \u0159\u00edzen\u00ed DC<\/td>\n<td>0<\/td>\n<td><\/td>\n<td>200<\/td>\n<td>mA<\/td>\n<td><\/td>\n<\/tr>\n<tr>\n<td>Analogov\u00fd \u0159\u00eddic\u00ed model<\/td>\n<td colspan=\"3\">1-5<\/td>\n<td>PROTI<\/td>\n<td>Nap\u011bt\u00ed d\u00e1lkov\u00e9ho ovl\u00e1d\u00e1n\u00ed rychlosti<\/td>\n<\/tr>\n<tr>\n<td>Digit\u00e1ln\u00ed \u0159\u00eddic\u00ed sign\u00e1l<\/td>\n<td colspan=\"3\">24<\/td>\n<td>PROTI<\/td>\n<td>Ovl\u00e1d\u00e1n\u00ed sp\u00ednac\u00edho sign\u00e1lu<\/td>\n<\/tr>\n<tr>\n<td>Zp\u016fsob \u00fapravy<\/td>\n<td colspan=\"3\">6<\/td>\n<td>kl\u00ed\u010d<\/td>\n<td><\/td>\n<\/tr>\n<tr>\n<td>Spot\u0159eba energie bez z\u00e1t\u011b\u017ee<\/td>\n<td><\/td>\n<td>3<\/td>\n<td><\/td>\n<td>W<\/td>\n<td><\/td>\n<\/tr>\n<tr>\n<td>Zobrazovac\u00ed m\u00f3d<\/td>\n<td colspan=\"3\">5<\/td>\n<td>\u010d\u00edslice<\/td>\n<td>LED digit\u00e1ln\u00ed trubice<\/td>\n<\/tr>\n<tr>\n<td>Teplota mzdov\u00e9ho prost\u0159ed\u00ed<\/td>\n<td>0<\/td>\n<td>25<\/td>\n<td>40<\/td>\n<td>\u2103<\/td>\n<td rowspan=\"2\">\u017d\u00e1dn\u00e1 kondenzace<\/td>\n<\/tr>\n<tr>\n<td>Vlhkost mzdov\u00e9ho prost\u0159ed\u00ed<\/td>\n<td>10<\/td>\n<td>60<\/td>\n<td>85<\/td>\n<td>%<\/td>\n<\/tr>\n<\/tbody>\n<\/table>\n<h2>Rozm\u011bry a hmotnost<\/h2>\n<ul>\n<li><strong>Rozm\u011bry:<\/strong> D\u00e9lka 190 mm x \u0161\u00ed\u0159ka 53,6 mm x v\u00fd\u0161ka 94,5 mm<\/li>\n<li><strong>Hmotnost:<\/strong> 610 g (bez p\u0159\u00edslu\u0161enstv\u00ed)<\/li>\n<\/ul>\n\t<div id=\"gap-840966769\" class=\"gap-element clearfix\" style=\"display:block; height:auto;\">\n\t\t\n<style>\n#gap-840966769 {\n  padding-top: 30px;\n}\n<\/style>\n\t<\/div>\n\t\n<h2>Rozm\u011brov\u00fd v\u00fdkres<\/h2>\n\t<div class=\"img has-hover x md-x lg-x y md-y lg-y\" id=\"image_954081205\">\n\t\t\t\t\t\t\t\t<div class=\"img-inner dark\" >\n\t\t\t<img loading=\"lazy\" decoding=\"async\" width=\"646\" height=\"554\" src=\"https:\/\/swoer.com\/wp-content\/uploads\/2024\/07\/dimension-drawing.webp\" class=\"attachment-original size-original\" alt=\"rozm\u011brov\u00fd v\u00fdkres\" srcset=\"https:\/\/swoer.com\/wp-content\/uploads\/2024\/07\/dimension-drawing.webp 646w, https:\/\/swoer.com\/wp-content\/uploads\/2024\/07\/dimension-drawing-300x257.webp 300w, https:\/\/swoer.com\/wp-content\/uploads\/2024\/07\/dimension-drawing-14x12.webp 14w, https:\/\/swoer.com\/wp-content\/uploads\/2024\/07\/dimension-drawing-600x515.webp 600w\" sizes=\"(max-width: 646px) 100vw, 646px\" \/>\t\t\t\t\t\t\n\t\t\t\t\t<\/div>\n\t\t\t\t\t\t\t\t\n<style>\n#image_954081205 {\n  width: 58%;\n}\n<\/style>\n\t<\/div>","protected":false},"excerpt":{"rendered":"<p>\u0158\u00eddic\u00ed jednotka podava\u010de misek SDVC31-M 3.0A je spolehliv\u00fdm \u0159e\u0161en\u00edm pro ovl\u00e1d\u00e1n\u00ed vibra\u010dn\u00edch podava\u010d\u016f misek v pr\u016fmyslov\u00e9m prost\u0159ed\u00ed. Vyzna\u010duje se vysoce p\u0159esnou stabilizac\u00ed nap\u011bt\u00ed, nastaviteln\u00fdm pomal\u00fdm startem, \u00fapln\u00fdm\/pr\u00e1zdn\u00fdm zastaven\u00edm, d\u00e1lkov\u00fdm ovl\u00e1d\u00e1n\u00edm rychlosti a v\u00fdstupem DC ovl\u00e1d\u00e1n\u00ed pro efektivn\u00ed manipulaci s materi\u00e1lem.<\/p>","protected":false},"featured_media":2513,"comment_status":"open","ping_status":"closed","template":"","meta":[],"product_cat":[45],"product_tag":[],"yoast_head":"<!-- This site is optimized with the Yoast SEO plugin v22.2 - https:\/\/yoast.com\/wordpress\/plugins\/seo\/ -->\n<title>Bowl Feeder Controller SDVC31-M 3.0A - SWOER<\/title>\n<meta name=\"description\" content=\"Improve your material handling operations with the Bowl Feeder Controller SDVC31-M 3.0A. This industrial-grade controller ensures accurate material flow, prevents jams, and optimizes production efficiency.\" \/>\n<meta name=\"robots\" content=\"index, follow, max-snippet:-1, max-image-preview:large, max-video-preview:-1\" \/>\n<link rel=\"canonical\" href=\"https:\/\/swoer.com\/cs\/manufacturer\/bowl-feeder-controller-sdvc31-m-3-0a\/\" \/>\n<meta property=\"og:locale\" content=\"cs_CZ\" \/>\n<meta property=\"og:type\" content=\"article\" \/>\n<meta property=\"og:title\" content=\"Bowl Feeder Controller SDVC31-M 3.0A - SWOER\" \/>\n<meta property=\"og:description\" content=\"Improve your material handling operations with the Bowl Feeder Controller SDVC31-M 3.0A. This industrial-grade controller ensures accurate material flow, prevents jams, and optimizes production efficiency.\" \/>\n<meta property=\"og:url\" content=\"https:\/\/swoer.com\/cs\/manufacturer\/bowl-feeder-controller-sdvc31-m-3-0a\/\" \/>\n<meta property=\"og:site_name\" content=\"SWOER\" \/>\n<meta property=\"article:modified_time\" content=\"2024-08-16T06:20:18+00:00\" \/>\n<meta property=\"og:image\" content=\"https:\/\/swoer.com\/wp-content\/uploads\/2024\/07\/Bowl-Feeder-Controller-SDVC31-M-3.0A-1.webp\" \/>\n\t<meta property=\"og:image:width\" content=\"1000\" \/>\n\t<meta property=\"og:image:height\" content=\"1000\" \/>\n\t<meta property=\"og:image:type\" content=\"image\/webp\" \/>\n<meta name=\"twitter:card\" content=\"summary_large_image\" \/>\n<meta name=\"twitter:label1\" content=\"Odhadovan\u00e1 doba \u010dten\u00ed\" \/>\n\t<meta name=\"twitter:data1\" content=\"3 minuty\" \/>\n<script type=\"application\/ld+json\" class=\"yoast-schema-graph\">{\"@context\":\"https:\/\/schema.org\",\"@graph\":[{\"@type\":\"WebPage\",\"@id\":\"https:\/\/swoer.com\/manufacturer\/bowl-feeder-controller-sdvc31-m-3-0a\/\",\"url\":\"https:\/\/swoer.com\/manufacturer\/bowl-feeder-controller-sdvc31-m-3-0a\/\",\"name\":\"Bowl Feeder Controller SDVC31-M 3.0A - SWOER\",\"isPartOf\":{\"@id\":\"https:\/\/swoer.com\/#website\"},\"primaryImageOfPage\":{\"@id\":\"https:\/\/swoer.com\/manufacturer\/bowl-feeder-controller-sdvc31-m-3-0a\/#primaryimage\"},\"image\":{\"@id\":\"https:\/\/swoer.com\/manufacturer\/bowl-feeder-controller-sdvc31-m-3-0a\/#primaryimage\"},\"thumbnailUrl\":\"https:\/\/swoer.com\/wp-content\/uploads\/2024\/07\/Bowl-Feeder-Controller-SDVC31-M-3.0A-1.webp\",\"datePublished\":\"2024-07-03T03:21:39+00:00\",\"dateModified\":\"2024-08-16T06:20:18+00:00\",\"description\":\"Improve your material handling operations with the Bowl Feeder Controller SDVC31-M 3.0A. This industrial-grade controller ensures accurate material flow, prevents jams, and optimizes production efficiency.\",\"breadcrumb\":{\"@id\":\"https:\/\/swoer.com\/manufacturer\/bowl-feeder-controller-sdvc31-m-3-0a\/#breadcrumb\"},\"inLanguage\":\"cs\",\"potentialAction\":[{\"@type\":\"ReadAction\",\"target\":[\"https:\/\/swoer.com\/manufacturer\/bowl-feeder-controller-sdvc31-m-3-0a\/\"]}]},{\"@type\":\"ImageObject\",\"inLanguage\":\"cs\",\"@id\":\"https:\/\/swoer.com\/manufacturer\/bowl-feeder-controller-sdvc31-m-3-0a\/#primaryimage\",\"url\":\"https:\/\/swoer.com\/wp-content\/uploads\/2024\/07\/Bowl-Feeder-Controller-SDVC31-M-3.0A-1.webp\",\"contentUrl\":\"https:\/\/swoer.com\/wp-content\/uploads\/2024\/07\/Bowl-Feeder-Controller-SDVC31-M-3.0A-1.webp\",\"width\":1000,\"height\":1000,\"caption\":\"Bowl Feeder Controller SDVC31-M 3.0A\"},{\"@type\":\"BreadcrumbList\",\"@id\":\"https:\/\/swoer.com\/manufacturer\/bowl-feeder-controller-sdvc31-m-3-0a\/#breadcrumb\",\"itemListElement\":[{\"@type\":\"ListItem\",\"position\":1,\"name\":\"Home\",\"item\":\"https:\/\/swoer.com\/\"},{\"@type\":\"ListItem\",\"position\":2,\"name\":\"Shop\",\"item\":\"https:\/\/swoer.com\/shop\/\"},{\"@type\":\"ListItem\",\"position\":3,\"name\":\"Bowl Feeder Controller SDVC31-M 3.0A\"}]},{\"@type\":\"WebSite\",\"@id\":\"https:\/\/swoer.com\/#website\",\"url\":\"https:\/\/swoer.com\/\",\"name\":\"SWOER\",\"description\":\"Swoer is the top 3 vibratory bowl feeder manufacturer in China\",\"potentialAction\":[{\"@type\":\"SearchAction\",\"target\":{\"@type\":\"EntryPoint\",\"urlTemplate\":\"https:\/\/swoer.com\/?s={search_term_string}\"},\"query-input\":\"required name=search_term_string\"}],\"inLanguage\":\"cs\"}]}<\/script>\n<!-- \/ Yoast SEO plugin. -->","yoast_head_json":{"title":"Bowl Feeder Controller SDVC31-M 3.0A - SWOER","description":"Improve your material handling operations with the Bowl Feeder Controller SDVC31-M 3.0A. This industrial-grade controller ensures accurate material flow, prevents jams, and optimizes production efficiency.","robots":{"index":"index","follow":"follow","max-snippet":"max-snippet:-1","max-image-preview":"max-image-preview:large","max-video-preview":"max-video-preview:-1"},"canonical":"https:\/\/swoer.com\/cs\/manufacturer\/bowl-feeder-controller-sdvc31-m-3-0a\/","og_locale":"cs_CZ","og_type":"article","og_title":"Bowl Feeder Controller SDVC31-M 3.0A - SWOER","og_description":"Improve your material handling operations with the Bowl Feeder Controller SDVC31-M 3.0A. This industrial-grade controller ensures accurate material flow, prevents jams, and optimizes production efficiency.","og_url":"https:\/\/swoer.com\/cs\/manufacturer\/bowl-feeder-controller-sdvc31-m-3-0a\/","og_site_name":"SWOER","article_modified_time":"2024-08-16T06:20:18+00:00","og_image":[{"width":1000,"height":1000,"url":"https:\/\/swoer.com\/wp-content\/uploads\/2024\/07\/Bowl-Feeder-Controller-SDVC31-M-3.0A-1.webp","type":"image\/webp"}],"twitter_card":"summary_large_image","twitter_misc":{"Odhadovan\u00e1 doba \u010dten\u00ed":"3 minuty"},"schema":{"@context":"https:\/\/schema.org","@graph":[{"@type":"WebPage","@id":"https:\/\/swoer.com\/manufacturer\/bowl-feeder-controller-sdvc31-m-3-0a\/","url":"https:\/\/swoer.com\/manufacturer\/bowl-feeder-controller-sdvc31-m-3-0a\/","name":"Bowl Feeder Controller SDVC31-M 3.0A - SWOER","isPartOf":{"@id":"https:\/\/swoer.com\/#website"},"primaryImageOfPage":{"@id":"https:\/\/swoer.com\/manufacturer\/bowl-feeder-controller-sdvc31-m-3-0a\/#primaryimage"},"image":{"@id":"https:\/\/swoer.com\/manufacturer\/bowl-feeder-controller-sdvc31-m-3-0a\/#primaryimage"},"thumbnailUrl":"https:\/\/swoer.com\/wp-content\/uploads\/2024\/07\/Bowl-Feeder-Controller-SDVC31-M-3.0A-1.webp","datePublished":"2024-07-03T03:21:39+00:00","dateModified":"2024-08-16T06:20:18+00:00","description":"Improve your material handling operations with the Bowl Feeder Controller SDVC31-M 3.0A. This industrial-grade controller ensures accurate material flow, prevents jams, and optimizes production efficiency.","breadcrumb":{"@id":"https:\/\/swoer.com\/manufacturer\/bowl-feeder-controller-sdvc31-m-3-0a\/#breadcrumb"},"inLanguage":"cs","potentialAction":[{"@type":"ReadAction","target":["https:\/\/swoer.com\/manufacturer\/bowl-feeder-controller-sdvc31-m-3-0a\/"]}]},{"@type":"ImageObject","inLanguage":"cs","@id":"https:\/\/swoer.com\/manufacturer\/bowl-feeder-controller-sdvc31-m-3-0a\/#primaryimage","url":"https:\/\/swoer.com\/wp-content\/uploads\/2024\/07\/Bowl-Feeder-Controller-SDVC31-M-3.0A-1.webp","contentUrl":"https:\/\/swoer.com\/wp-content\/uploads\/2024\/07\/Bowl-Feeder-Controller-SDVC31-M-3.0A-1.webp","width":1000,"height":1000,"caption":"Bowl Feeder Controller SDVC31-M 3.0A"},{"@type":"BreadcrumbList","@id":"https:\/\/swoer.com\/manufacturer\/bowl-feeder-controller-sdvc31-m-3-0a\/#breadcrumb","itemListElement":[{"@type":"ListItem","position":1,"name":"Home","item":"https:\/\/swoer.com\/"},{"@type":"ListItem","position":2,"name":"Shop","item":"https:\/\/swoer.com\/shop\/"},{"@type":"ListItem","position":3,"name":"Bowl Feeder Controller SDVC31-M 3.0A"}]},{"@type":"WebSite","@id":"https:\/\/swoer.com\/#website","url":"https:\/\/swoer.com\/","name":"SWOER","description":"Swoer is the top 3 vibratory bowl feeder manufacturer in China","potentialAction":[{"@type":"SearchAction","target":{"@type":"EntryPoint","urlTemplate":"https:\/\/swoer.com\/?s={search_term_string}"},"query-input":"required name=search_term_string"}],"inLanguage":"cs"}]}},"_links":{"self":[{"href":"https:\/\/swoer.com\/cs\/wp-json\/wp\/v2\/product\/2266"}],"collection":[{"href":"https:\/\/swoer.com\/cs\/wp-json\/wp\/v2\/product"}],"about":[{"href":"https:\/\/swoer.com\/cs\/wp-json\/wp\/v2\/types\/product"}],"replies":[{"embeddable":true,"href":"https:\/\/swoer.com\/cs\/wp-json\/wp\/v2\/comments?post=2266"}],"wp:featuredmedia":[{"embeddable":true,"href":"https:\/\/swoer.com\/cs\/wp-json\/wp\/v2\/media\/2513"}],"wp:attachment":[{"href":"https:\/\/swoer.com\/cs\/wp-json\/wp\/v2\/media?parent=2266"}],"wp:term":[{"taxonomy":"product_cat","embeddable":true,"href":"https:\/\/swoer.com\/cs\/wp-json\/wp\/v2\/product_cat?post=2266"},{"taxonomy":"product_tag","embeddable":true,"href":"https:\/\/swoer.com\/cs\/wp-json\/wp\/v2\/product_tag?post=2266"}],"curies":[{"name":"wp","href":"https:\/\/api.w.org\/{rel}","templated":true}]}}