{"id":2254,"date":"2024-06-29T01:47:26","date_gmt":"2024-06-29T01:47:26","guid":{"rendered":"https:\/\/swoer.com\/?post_type=product&#038;p=2254"},"modified":"2024-12-13T15:35:22","modified_gmt":"2024-12-13T07:35:22","slug":"flex-feeding-and-conveying-machines-with-spider-robot","status":"publish","type":"product","link":"https:\/\/swoer.com\/cs\/manufacturer\/flex-feeding-and-conveying-machines-with-spider-robot\/","title":{"rendered":"Automatick\u00e9 stroje pro pod\u00e1v\u00e1n\u00ed a dopravu d\u00edl\u016f Flex s robotem Spider"},"content":{"rendered":"<h2>Vlastnosti produktu<\/h2>\n<div class=\"avatar-gutter ng-tns-c2351017130-57 ng-star-inserted\">\n<div class=\"resize-observable\"><\/div>\n<\/div>\n<div class=\"response-container-content ng-tns-c2351017130-57\">\n<div class=\"response-content ng-tns-c2351017130-57\">\n<div class=\"markdown markdown-main-panel\" dir=\"ltr\">\n<p class=\"first-token\" data-sourcepos=\"1:1-1:8\">Zde jsou automatick\u00e9 stroje pro flexibiln\u00ed pod\u00e1v\u00e1n\u00ed a dopravu d\u00edl\u016f s funkcemi spider robota:<\/p>\n<ul data-sourcepos=\"3:1-3:106\">\n<li data-sourcepos=\"3:1-3:106\"><strong>P\u0159esnost a rychlost bez n\u00e1mahy:<\/strong> N\u00e1\u0161 vysoce v\u00fdkonn\u00fd spider robot poskytuje bezkonkuren\u010dn\u00ed p\u0159esnost a rychlost a zvy\u0161uje efektivitu va\u0161\u00ed v\u00fdrobn\u00ed linky.<\/li>\n<li data-sourcepos=\"4:1-4:31\"><strong>Jednoduchost Plug-and-Play:<\/strong> Zapome\u0148te na slo\u017eit\u00e9 programov\u00e1n\u00ed \u2013 n\u00e1\u0161 u\u017eivatelsky p\u0159\u00edv\u011btiv\u00fd syst\u00e9m v\u00e1s rychle zprovozn\u00ed.<\/li>\n<li data-sourcepos=\"5:1-5:156\"><strong>Ovlada\u010d vzorce jedn\u00edm kliknut\u00edm:<\/strong> Bezprobl\u00e9mov\u011b nakonfigurujte sv\u00e9ho robota pomoc\u00ed na\u0161eho intuitivn\u00edho ovlada\u010de vzorce, kter\u00fd se nainstaluje jedin\u00fdm kliknut\u00edm.<\/li>\n<li data-sourcepos=\"6:1-7:0\"><strong>Bezkonkuren\u010dn\u00ed v\u0161estrannost:<\/strong> N\u00e1\u0161 p\u0159izp\u016fsobiv\u00fd design je vhodn\u00fd pro r\u016fzn\u00e9 aplikace v mnoha pr\u016fmyslov\u00fdch odv\u011btv\u00edch.<\/li>\n<\/ul>\n<\/div>\n<\/div>\n<\/div>\n\t<section class=\"section\" id=\"section_494072638\">\n\t\t<div class=\"bg section-bg fill bg-fill  bg-loaded\" >\n\n\t\t\t\n\t\t\t\n\t\t\t\n\n\t\t<\/div>\n\n\t\t\n\n\t\t<div class=\"section-content relative\">\n\t\t\t\n<h3>Pokyny pro vzhled:<\/h3>\n\t<div class=\"img has-hover x md-x lg-x y md-y lg-y\" id=\"image_1618554062\">\n\t\t\t\t\t\t\t\t<div class=\"img-inner dark\" >\n\t\t\t<img loading=\"lazy\" decoding=\"async\" width=\"794\" height=\"682\" src=\"https:\/\/swoer.com\/wp-content\/uploads\/2024\/06\/Appearance-Guidelines.webp\" class=\"attachment-original size-original\" alt=\"Pokyny pro vzhled\" srcset=\"https:\/\/swoer.com\/wp-content\/uploads\/2024\/06\/Appearance-Guidelines.webp 794w, https:\/\/swoer.com\/wp-content\/uploads\/2024\/06\/Appearance-Guidelines-300x258.webp 300w, https:\/\/swoer.com\/wp-content\/uploads\/2024\/06\/Appearance-Guidelines-768x660.webp 768w, https:\/\/swoer.com\/wp-content\/uploads\/2024\/06\/Appearance-Guidelines-14x12.webp 14w, https:\/\/swoer.com\/wp-content\/uploads\/2024\/06\/Appearance-Guidelines-600x515.webp 600w\" sizes=\"(max-width: 794px) 100vw, 794px\" \/>\t\t\t\t\t\t\n\t\t\t\t\t<\/div>\n\t\t\t\t\t\t\t\t\n<style>\n#image_1618554062 {\n  width: 100%;\n}\n<\/style>\n\t<\/div>\n\t\n<h3>Pracovn\u00ed parametry<\/h3>\n<table style=\"border-collapse: collapse; width: 525.02pt;\" border=\"0\" width=\"700\" cellspacing=\"0\" cellpadding=\"0\">\n<tbody>\n<tr style=\"height: 21.00pt;\">\n<td class=\"et3\" style=\"height: 21.00pt; width: 220.50pt;\" width=\"294\" height=\"28\">n\u00e1zev<\/td>\n<td class=\"et3\" style=\"width: 304.50pt;\" width=\"406\">Rozsah<\/td>\n<\/tr>\n<tr style=\"height: 21.00pt;\">\n<td class=\"et3\" style=\"height: 21.00pt;\" height=\"28\">Modelka<\/td>\n<td class=\"et3\">SW-AC03<\/td>\n<\/tr>\n<tr style=\"height: 21.00pt;\">\n<td class=\"et3\" style=\"height: 21.00pt;\" height=\"28\">Nap\u011bt\u00ed<\/td>\n<td class=\"et3\">AC 220W<\/td>\n<\/tr>\n<tr style=\"height: 21.00pt;\">\n<td class=\"et3\" style=\"height: 21.00pt;\" height=\"28\">Nap\u00e1jen\u00ed<\/td>\n<td class=\"et3\">500W<\/td>\n<\/tr>\n<tr style=\"height: 21.00pt;\">\n<td class=\"et3\" style=\"height: 21.00pt;\" height=\"28\">Rozm\u011bry<\/td>\n<td class=\"et3\">224*380*650mm<\/td>\n<\/tr>\n<tr style=\"height: 21.00pt;\">\n<td class=\"et3\" style=\"height: 21.00pt;\" height=\"28\">Hmotnost<\/td>\n<td class=\"et3\">30 kg<\/td>\n<\/tr>\n<tr style=\"height: 21.00pt;\">\n<td class=\"et3\" style=\"height: 21.00pt;\" height=\"28\">Houpac\u00ed rozsah<\/td>\n<td class=\"et3\">250*300 mm<\/td>\n<\/tr>\n<tr style=\"height: 21.00pt;\">\n<td class=\"et3\" style=\"height: 21.00pt;\" height=\"28\">Provozn\u00ed rozsah<\/td>\n<td class=\"et3\">200*240 mm<\/td>\n<\/tr>\n<tr style=\"height: 21.00pt;\">\n<td class=\"et3\" style=\"height: 21.00pt;\" height=\"28\">Maxim\u00e1ln\u00ed rychlost<\/td>\n<td class=\"et3\">0,4 s\/ks<\/td>\n<\/tr>\n<tr style=\"height: 21.00pt;\">\n<td class=\"et3\" style=\"height: 21.00pt;\" height=\"28\">Opakovatelnost<\/td>\n<td class=\"et3\">\u00b1 0,1 mm<\/td>\n<\/tr>\n<tr style=\"height: 21.00pt;\">\n<td class=\"et3\" style=\"height: 21.00pt;\" height=\"28\">Velikost podava\u010de Flex<\/td>\n<td class=\"et3\">100*150 mm<\/td>\n<\/tr>\n<tr style=\"height: 21.00pt;\">\n<td class=\"et3\" style=\"height: 21.00pt;\" height=\"28\">P\u0159enosov\u00fd re\u017eim<\/td>\n<td class=\"et3\">Servomotor<\/td>\n<\/tr>\n<tr style=\"height: 21.00pt;\">\n<td class=\"et3\" style=\"height: 21.00pt;\" height=\"28\">Zdroj sv\u011btla<\/td>\n<td class=\"et3\">\u010ctvercov\u00e9 b\u00edl\u00e9 sv\u011btlo<\/td>\n<\/tr>\n<tr style=\"height: 21.00pt;\">\n<td class=\"et3\" style=\"height: 21.00pt;\" height=\"28\">Vibra\u010dn\u00ed re\u017eim<\/td>\n<td class=\"et3\">\u010ctvercov\u00e9 b\u00edl\u00e9 sv\u011btlo<\/td>\n<\/tr>\n<tr style=\"height: 21.00pt;\">\n<td class=\"et3\" style=\"height: 21.00pt;\" height=\"28\">Rozli\u0161en\u00ed<\/td>\n<td class=\"et3\">Vibra\u010dn\u00ed motor<\/td>\n<\/tr>\n<tr style=\"height: 21.00pt;\">\n<td class=\"et3\" style=\"height: 21.00pt;\" height=\"28\">Zdroj vstupn\u00edho vzduchu<\/td>\n<td class=\"et3\">0,4~0,6MPa<\/td>\n<\/tr>\n<tr style=\"height: 21.00pt;\">\n<td class=\"et3\" style=\"height: 21.00pt;\" height=\"28\">V\u00fdstupn\u00ed tlak vzduchu<\/td>\n<td class=\"et3\">-4 kg<\/td>\n<\/tr>\n<\/tbody>\n<\/table>\n\t\t<\/div>\n\n\t\t\n<style>\n#section_494072638 {\n  padding-top: 30px;\n  padding-bottom: 30px;\n}\n#section_494072638 .ux-shape-divider--top svg {\n  height: 150px;\n  --divider-top-width: 100%;\n}\n#section_494072638 .ux-shape-divider--bottom svg {\n  height: 150px;\n  --divider-width: 100%;\n}\n<\/style>\n\t<\/section>\n\t\n<h2>SW-AC03 Vzhled Rozm\u011bry<\/h2>\n\t<div class=\"img has-hover x md-x lg-x y md-y lg-y\" id=\"image_1101832961\">\n\t\t\t\t\t\t\t\t<div class=\"img-inner dark\" >\n\t\t\t<img loading=\"lazy\" decoding=\"async\" width=\"1036\" height=\"582\" src=\"https:\/\/swoer.com\/wp-content\/uploads\/2024\/06\/SW-AC03-Appearance-Dimensions.webp\" class=\"attachment-original size-original\" alt=\"\" srcset=\"https:\/\/swoer.com\/wp-content\/uploads\/2024\/06\/SW-AC03-Appearance-Dimensions.webp 1036w, https:\/\/swoer.com\/wp-content\/uploads\/2024\/06\/SW-AC03-Appearance-Dimensions-300x169.webp 300w, https:\/\/swoer.com\/wp-content\/uploads\/2024\/06\/SW-AC03-Appearance-Dimensions-1024x575.webp 1024w, https:\/\/swoer.com\/wp-content\/uploads\/2024\/06\/SW-AC03-Appearance-Dimensions-768x431.webp 768w, https:\/\/swoer.com\/wp-content\/uploads\/2024\/06\/SW-AC03-Appearance-Dimensions-18x10.webp 18w, https:\/\/swoer.com\/wp-content\/uploads\/2024\/06\/SW-AC03-Appearance-Dimensions-600x337.webp 600w\" sizes=\"(max-width: 1036px) 100vw, 1036px\" \/>\t\t\t\t\t\t\n\t\t\t\t\t<\/div>\n\t\t\t\t\t\t\t\t\n<style>\n#image_1101832961 {\n  width: 100%;\n}\n<\/style>\n\t<\/div>\n\t\n\t<div id=\"gap-2075193450\" class=\"gap-element clearfix\" style=\"display:block; height:auto;\">\n\t\t\n<style>\n#gap-2075193450 {\n  padding-top: 30px;\n}\n<\/style>\n\t<\/div>\n\t\n<h2>Vedio<\/h2>\n<div class=\"video video-fit mb\" style=\"padding-top:56.25%;\"><p><iframe loading=\"lazy\" title=\"Flex Feeder System &amp; Industrial Spider Robot &amp; CCD Camera System #automobil #machine #robot\" width=\"1020\" height=\"574\" src=\"https:\/\/www.youtube.com\/embed\/SF6wfrXKYvk?feature=oembed\" frameborder=\"0\" allow=\"accelerometer; autoplay; clipboard-write; encrypted-media; gyroscope; picture-in-picture; web-share\" referrerpolicy=\"strict-origin-when-cross-origin\" allowfullscreen><\/iframe><\/p>\n<\/div>","protected":false},"excerpt":{"rendered":"<p>Zefektivn\u011bte sv\u016fj v\u00fdrobn\u00ed proces pomoc\u00ed na\u0161ich nejmodern\u011bj\u0161\u00edch automatick\u00fdch flexibiln\u00edch syst\u00e9m\u016f pod\u00e1v\u00e1n\u00ed a dopravy d\u00edl\u016f s vysoce p\u0159esn\u00fdm a vysokorychlostn\u00edm spider robotem. N\u00e1\u0161 intuitivn\u00ed software a v\u0161estrann\u00fd ovlada\u010d receptury zaji\u0161\u0165uj\u00ed snadn\u00e9 nastaven\u00ed a provoz, zat\u00edmco n\u00e1\u0161 flexibiln\u00ed design je vhodn\u00fd pro \u0161irokou \u0161k\u00e1lu aplikac\u00ed.<\/p>","protected":false},"featured_media":2255,"comment_status":"open","ping_status":"closed","template":"","meta":[],"product_cat":[131],"product_tag":[],"yoast_head":"<!-- This site is optimized with the Yoast SEO plugin v22.2 - https:\/\/yoast.com\/wordpress\/plugins\/seo\/ -->\n<title>Flex Feeding and Conveying Machines with Spider Robot<\/title>\n<meta name=\"description\" content=\"Experience effortless automation with our spider robot feeding system. Our intuitive, one-click formula driver and plug-and-play setup make it easy to use. Ideal for various industries.\" \/>\n<meta name=\"robots\" content=\"index, follow, max-snippet:-1, max-image-preview:large, max-video-preview:-1\" \/>\n<link rel=\"canonical\" href=\"https:\/\/swoer.com\/cs\/manufacturer\/flex-feeding-and-conveying-machines-with-spider-robot\/\" \/>\n<meta property=\"og:locale\" content=\"cs_CZ\" \/>\n<meta property=\"og:type\" content=\"article\" \/>\n<meta property=\"og:title\" content=\"Flex Feeding and Conveying Machines with Spider Robot\" \/>\n<meta property=\"og:description\" content=\"Experience effortless automation with our spider robot feeding system. Our intuitive, one-click formula driver and plug-and-play setup make it easy to use. Ideal for various industries.\" \/>\n<meta property=\"og:url\" content=\"https:\/\/swoer.com\/cs\/manufacturer\/flex-feeding-and-conveying-machines-with-spider-robot\/\" \/>\n<meta property=\"og:site_name\" content=\"SWOER\" \/>\n<meta property=\"article:modified_time\" content=\"2024-12-13T07:35:22+00:00\" \/>\n<meta property=\"og:image\" content=\"https:\/\/swoer.com\/wp-content\/uploads\/2024\/06\/Automatic-Parts-Flex-Feeding-and-Conveying-Machines-with-Spider-Robot.webp\" \/>\n\t<meta property=\"og:image:width\" content=\"800\" \/>\n\t<meta property=\"og:image:height\" content=\"800\" \/>\n\t<meta property=\"og:image:type\" content=\"image\/webp\" \/>\n<meta name=\"twitter:card\" content=\"summary_large_image\" \/>\n<meta name=\"twitter:label1\" content=\"Odhadovan\u00e1 doba \u010dten\u00ed\" \/>\n\t<meta name=\"twitter:data1\" content=\"1 minuta\" \/>\n<script type=\"application\/ld+json\" class=\"yoast-schema-graph\">{\"@context\":\"https:\/\/schema.org\",\"@graph\":[{\"@type\":\"WebPage\",\"@id\":\"https:\/\/swoer.com\/manufacturer\/flex-feeding-and-conveying-machines-with-spider-robot\/\",\"url\":\"https:\/\/swoer.com\/manufacturer\/flex-feeding-and-conveying-machines-with-spider-robot\/\",\"name\":\"Flex Feeding and Conveying Machines with Spider Robot\",\"isPartOf\":{\"@id\":\"https:\/\/swoer.com\/#website\"},\"primaryImageOfPage\":{\"@id\":\"https:\/\/swoer.com\/manufacturer\/flex-feeding-and-conveying-machines-with-spider-robot\/#primaryimage\"},\"image\":{\"@id\":\"https:\/\/swoer.com\/manufacturer\/flex-feeding-and-conveying-machines-with-spider-robot\/#primaryimage\"},\"thumbnailUrl\":\"https:\/\/swoer.com\/wp-content\/uploads\/2024\/06\/Automatic-Parts-Flex-Feeding-and-Conveying-Machines-with-Spider-Robot.webp\",\"datePublished\":\"2024-06-29T01:47:26+00:00\",\"dateModified\":\"2024-12-13T07:35:22+00:00\",\"description\":\"Experience effortless automation with our spider robot feeding system. Our intuitive, one-click formula driver and plug-and-play setup make it easy to use. Ideal for various industries.\",\"breadcrumb\":{\"@id\":\"https:\/\/swoer.com\/manufacturer\/flex-feeding-and-conveying-machines-with-spider-robot\/#breadcrumb\"},\"inLanguage\":\"cs\",\"potentialAction\":[{\"@type\":\"ReadAction\",\"target\":[\"https:\/\/swoer.com\/manufacturer\/flex-feeding-and-conveying-machines-with-spider-robot\/\"]}]},{\"@type\":\"ImageObject\",\"inLanguage\":\"cs\",\"@id\":\"https:\/\/swoer.com\/manufacturer\/flex-feeding-and-conveying-machines-with-spider-robot\/#primaryimage\",\"url\":\"https:\/\/swoer.com\/wp-content\/uploads\/2024\/06\/Automatic-Parts-Flex-Feeding-and-Conveying-Machines-with-Spider-Robot.webp\",\"contentUrl\":\"https:\/\/swoer.com\/wp-content\/uploads\/2024\/06\/Automatic-Parts-Flex-Feeding-and-Conveying-Machines-with-Spider-Robot.webp\",\"width\":800,\"height\":800,\"caption\":\"Automatic Parts Flex Feeding and Conveying Machines with Spider Robot\"},{\"@type\":\"BreadcrumbList\",\"@id\":\"https:\/\/swoer.com\/manufacturer\/flex-feeding-and-conveying-machines-with-spider-robot\/#breadcrumb\",\"itemListElement\":[{\"@type\":\"ListItem\",\"position\":1,\"name\":\"Home\",\"item\":\"https:\/\/swoer.com\/\"},{\"@type\":\"ListItem\",\"position\":2,\"name\":\"Shop\",\"item\":\"https:\/\/swoer.com\/shop\/\"},{\"@type\":\"ListItem\",\"position\":3,\"name\":\"Automatic Parts Flex Feeding and Conveying Machines with Spider Robot\"}]},{\"@type\":\"WebSite\",\"@id\":\"https:\/\/swoer.com\/#website\",\"url\":\"https:\/\/swoer.com\/\",\"name\":\"SWOER\",\"description\":\"Swoer is the top 3 vibratory bowl feeder manufacturer in China\",\"potentialAction\":[{\"@type\":\"SearchAction\",\"target\":{\"@type\":\"EntryPoint\",\"urlTemplate\":\"https:\/\/swoer.com\/?s={search_term_string}\"},\"query-input\":\"required name=search_term_string\"}],\"inLanguage\":\"cs\"}]}<\/script>\n<!-- \/ Yoast SEO plugin. -->","yoast_head_json":{"title":"Flex Feeding and Conveying Machines with Spider Robot","description":"Experience effortless automation with our spider robot feeding system. Our intuitive, one-click formula driver and plug-and-play setup make it easy to use. Ideal for various industries.","robots":{"index":"index","follow":"follow","max-snippet":"max-snippet:-1","max-image-preview":"max-image-preview:large","max-video-preview":"max-video-preview:-1"},"canonical":"https:\/\/swoer.com\/cs\/manufacturer\/flex-feeding-and-conveying-machines-with-spider-robot\/","og_locale":"cs_CZ","og_type":"article","og_title":"Flex Feeding and Conveying Machines with Spider Robot","og_description":"Experience effortless automation with our spider robot feeding system. Our intuitive, one-click formula driver and plug-and-play setup make it easy to use. Ideal for various industries.","og_url":"https:\/\/swoer.com\/cs\/manufacturer\/flex-feeding-and-conveying-machines-with-spider-robot\/","og_site_name":"SWOER","article_modified_time":"2024-12-13T07:35:22+00:00","og_image":[{"width":800,"height":800,"url":"https:\/\/swoer.com\/wp-content\/uploads\/2024\/06\/Automatic-Parts-Flex-Feeding-and-Conveying-Machines-with-Spider-Robot.webp","type":"image\/webp"}],"twitter_card":"summary_large_image","twitter_misc":{"Odhadovan\u00e1 doba \u010dten\u00ed":"1 minuta"},"schema":{"@context":"https:\/\/schema.org","@graph":[{"@type":"WebPage","@id":"https:\/\/swoer.com\/manufacturer\/flex-feeding-and-conveying-machines-with-spider-robot\/","url":"https:\/\/swoer.com\/manufacturer\/flex-feeding-and-conveying-machines-with-spider-robot\/","name":"Flex Feeding and Conveying Machines with Spider Robot","isPartOf":{"@id":"https:\/\/swoer.com\/#website"},"primaryImageOfPage":{"@id":"https:\/\/swoer.com\/manufacturer\/flex-feeding-and-conveying-machines-with-spider-robot\/#primaryimage"},"image":{"@id":"https:\/\/swoer.com\/manufacturer\/flex-feeding-and-conveying-machines-with-spider-robot\/#primaryimage"},"thumbnailUrl":"https:\/\/swoer.com\/wp-content\/uploads\/2024\/06\/Automatic-Parts-Flex-Feeding-and-Conveying-Machines-with-Spider-Robot.webp","datePublished":"2024-06-29T01:47:26+00:00","dateModified":"2024-12-13T07:35:22+00:00","description":"Experience effortless automation with our spider robot feeding system. Our intuitive, one-click formula driver and plug-and-play setup make it easy to use. Ideal for various industries.","breadcrumb":{"@id":"https:\/\/swoer.com\/manufacturer\/flex-feeding-and-conveying-machines-with-spider-robot\/#breadcrumb"},"inLanguage":"cs","potentialAction":[{"@type":"ReadAction","target":["https:\/\/swoer.com\/manufacturer\/flex-feeding-and-conveying-machines-with-spider-robot\/"]}]},{"@type":"ImageObject","inLanguage":"cs","@id":"https:\/\/swoer.com\/manufacturer\/flex-feeding-and-conveying-machines-with-spider-robot\/#primaryimage","url":"https:\/\/swoer.com\/wp-content\/uploads\/2024\/06\/Automatic-Parts-Flex-Feeding-and-Conveying-Machines-with-Spider-Robot.webp","contentUrl":"https:\/\/swoer.com\/wp-content\/uploads\/2024\/06\/Automatic-Parts-Flex-Feeding-and-Conveying-Machines-with-Spider-Robot.webp","width":800,"height":800,"caption":"Automatic Parts Flex Feeding and Conveying Machines with Spider Robot"},{"@type":"BreadcrumbList","@id":"https:\/\/swoer.com\/manufacturer\/flex-feeding-and-conveying-machines-with-spider-robot\/#breadcrumb","itemListElement":[{"@type":"ListItem","position":1,"name":"Home","item":"https:\/\/swoer.com\/"},{"@type":"ListItem","position":2,"name":"Shop","item":"https:\/\/swoer.com\/shop\/"},{"@type":"ListItem","position":3,"name":"Automatic Parts Flex Feeding and Conveying Machines with Spider Robot"}]},{"@type":"WebSite","@id":"https:\/\/swoer.com\/#website","url":"https:\/\/swoer.com\/","name":"SWOER","description":"Swoer is the top 3 vibratory bowl feeder manufacturer in China","potentialAction":[{"@type":"SearchAction","target":{"@type":"EntryPoint","urlTemplate":"https:\/\/swoer.com\/?s={search_term_string}"},"query-input":"required name=search_term_string"}],"inLanguage":"cs"}]}},"_links":{"self":[{"href":"https:\/\/swoer.com\/cs\/wp-json\/wp\/v2\/product\/2254"}],"collection":[{"href":"https:\/\/swoer.com\/cs\/wp-json\/wp\/v2\/product"}],"about":[{"href":"https:\/\/swoer.com\/cs\/wp-json\/wp\/v2\/types\/product"}],"replies":[{"embeddable":true,"href":"https:\/\/swoer.com\/cs\/wp-json\/wp\/v2\/comments?post=2254"}],"wp:featuredmedia":[{"embeddable":true,"href":"https:\/\/swoer.com\/cs\/wp-json\/wp\/v2\/media\/2255"}],"wp:attachment":[{"href":"https:\/\/swoer.com\/cs\/wp-json\/wp\/v2\/media?parent=2254"}],"wp:term":[{"taxonomy":"product_cat","embeddable":true,"href":"https:\/\/swoer.com\/cs\/wp-json\/wp\/v2\/product_cat?post=2254"},{"taxonomy":"product_tag","embeddable":true,"href":"https:\/\/swoer.com\/cs\/wp-json\/wp\/v2\/product_tag?post=2254"}],"curies":[{"name":"wp","href":"https:\/\/api.w.org\/{rel}","templated":true}]}}