{"id":2230,"date":"2024-06-17T06:51:18","date_gmt":"2024-06-17T06:51:18","guid":{"rendered":"https:\/\/swoer.com\/?post_type=product&#038;p=2230"},"modified":"2024-06-17T07:19:41","modified_gmt":"2024-06-17T07:19:41","slug":"ccd-vision-system","status":"publish","type":"product","link":"https:\/\/swoer.com\/cs\/manufacturer\/ccd-vision-system\/","title":{"rendered":"Syst\u00e9m CCD Vision"},"content":{"rendered":"<h2><strong><b>Produkt <\/b><\/strong><strong><b>j\u00e1<\/b><\/strong><strong><b>nformac\u00ed<\/b><\/strong><\/h2>\n<table>\n<tbody>\n<tr>\n<td width=\"224\"><strong><b>\u00a0Jm\u00e9no v\u00fdrobku<\/b><\/strong><\/td>\n<td width=\"377\">Syst\u00e9m CCD Vision<\/td>\n<\/tr>\n<tr>\n<td width=\"224\"><strong><b>\u00a0M<\/b><\/strong><strong><b>odel<\/b><\/strong><\/td>\n<td width=\"377\">SW-80305<\/td>\n<\/tr>\n<tr>\n<td width=\"224\"><strong><b>\u00a0<\/b><\/strong><strong><b>Zna\u010dka<\/b><\/strong><\/td>\n<td width=\"377\">SLOER<\/td>\n<\/tr>\n<tr>\n<td width=\"224\"><strong><b>\u00a0Nap\u011bt\u00ed<\/b><\/strong><\/td>\n<td width=\"377\">\u00a0220V<\/td>\n<\/tr>\n<tr>\n<td width=\"224\"><strong><b>\u00a0Nap\u00e1jen\u00ed<\/b><\/strong><\/td>\n<td width=\"377\">\u00a065W \/150W \/180W \/ 220W \/ 350W<\/td>\n<\/tr>\n<tr>\n<td width=\"224\"><strong><b>\u00a0Autentizace<\/b><\/strong><\/td>\n<td width=\"377\">\u00a0CE, ROHS, ISO9001<\/td>\n<\/tr>\n<tr>\n<td width=\"224\"><strong><b>\u00a0Z\u00e1ruka<\/b><\/strong><\/td>\n<td width=\"377\">\u00a01 rok z\u00e1ruka<\/td>\n<\/tr>\n<tr>\n<td width=\"224\"><strong><b>\u00a0MOQ<\/b><\/strong><\/td>\n<td width=\"377\">\u00a01 set<\/td>\n<\/tr>\n<tr>\n<td width=\"224\"><strong><b>\u00a0Dodac\u00ed lh\u016fta<\/b><\/strong><\/td>\n<td width=\"377\">\u00a010-14 dn\u00ed<\/td>\n<\/tr>\n<tr>\n<td width=\"224\"><strong><b>\u00a0Platebn\u00ed lh\u016fta<\/b><\/strong><\/td>\n<td width=\"377\">\u00a0T\/T 40% Z\u00e1loha a z\u016fstatek p\u0159ed odesl\u00e1n\u00edm<\/td>\n<\/tr>\n<tr>\n<td width=\"224\"><strong><b>\u00a0Original of Place<\/b><\/strong><\/td>\n<td width=\"377\">\u00a0\u010c\u00edna<\/td>\n<\/tr>\n<\/tbody>\n<\/table>\n\t<div id=\"gap-1449865655\" class=\"gap-element clearfix\" style=\"display:block; height:auto;\">\n\t\t\n<style>\n#gap-1449865655 {\n  padding-top: 30px;\n}\n<\/style>\n\t<\/div>\n\t\n<h2><strong><b>Seznamy produkt\u016f<\/b><\/strong><\/h2>\n<table>\n<tbody>\n<tr>\n<td width=\"276\"><strong><b>Pr\u016fmyslov\u00fd po\u010d\u00edta\u010d<\/b><\/strong><\/td>\n<td width=\"276\">1 set<\/td>\n<\/tr>\n<tr>\n<td width=\"276\"><strong><b>8palcov\u00fd displej<\/b><\/strong><\/td>\n<td width=\"276\">1 set<\/td>\n<\/tr>\n<tr>\n<td width=\"276\"><strong><b>C<\/b><\/strong><strong><b>amera<\/b><\/strong><\/td>\n<td width=\"276\">1 set<\/td>\n<\/tr>\n<tr>\n<td width=\"276\"><strong><b>Objektiv<\/b><\/strong><\/td>\n<td width=\"276\">1 set<\/td>\n<\/tr>\n<tr>\n<td width=\"276\"><strong><b>L<\/b><\/strong><strong><b>sv\u011bteln\u00fd zdroj<\/b><\/strong><\/td>\n<td width=\"276\">1 set<\/td>\n<\/tr>\n<tr>\n<td width=\"276\"><strong><b>Dr\u017e\u00e1k pro upevn\u011bn\u00ed sv\u011bteln\u00e9ho zdroje kamery<\/b><\/strong><\/td>\n<td width=\"276\">1 set<\/td>\n<\/tr>\n<\/tbody>\n<\/table>\n\t<div id=\"gap-1502557576\" class=\"gap-element clearfix\" style=\"display:block; height:auto;\">\n\t\t\n<style>\n#gap-1502557576 {\n  padding-top: 30px;\n}\n<\/style>\n\t<\/div>\n\t\n<h3 data-sourcepos=\"11:1-11:17\"><strong>Kl\u00ed\u010dov\u00e9 vlastnosti:<\/strong><\/h3>\n<ul data-sourcepos=\"13:1-21:53\">\n<li data-sourcepos=\"13:1-14:0\">\n<p data-sourcepos=\"13:3-13:143\"><strong>Vnit\u0159n\u00ed spou\u0161t\u011bc\u00ed mechanismus:<\/strong> Vyu\u017e\u00edv\u00e1 vnit\u0159n\u00ed spou\u0161\u0165 pro p\u0159esn\u00e9 a synchronizovan\u00e9 sn\u00edm\u00e1n\u00ed obrazu a zaji\u0161\u0165uje optim\u00e1ln\u00ed na\u010dasov\u00e1n\u00ed kontroly.<\/p>\n<\/li>\n<li data-sourcepos=\"15:1-16:0\">\n<p data-sourcepos=\"15:3-15:165\"><strong>V\u00edcestop\u00e1 identifikace:<\/strong> Sou\u010dasn\u011b identifikuje a sleduje a\u017e 4 objekty, \u010d\u00edm\u017e maximalizuje propustnost kontroly a zpracov\u00e1v\u00e1 slo\u017eit\u00e9 konfigurace produkt\u016f.<\/p>\n<\/li>\n<li data-sourcepos=\"17:1-18:0\">\n<p data-sourcepos=\"17:3-17:149\"><strong>Ohromn\u011b vysok\u00e1 rychlost rozpozn\u00e1v\u00e1n\u00ed:<\/strong> Zpracov\u00e1v\u00e1 p\u016fsobiv\u00fdch 900-1200 kus\u016f za minutu a dr\u017e\u00ed krok i s t\u011bmi nejn\u00e1ro\u010dn\u011bj\u0161\u00edmi v\u00fdrobn\u00edmi linkami.<\/p>\n<\/li>\n<li data-sourcepos=\"19:1-20:0\">\n<p data-sourcepos=\"19:3-19:152\"><strong>V\u00fdjime\u010dn\u00e1 p\u0159esnost rozpozn\u00e1v\u00e1n\u00ed:<\/strong> Dosahuje pozoruhodn\u00e9 m\u00edry rozpozn\u00e1n\u00ed 99.99%, minimalizuje fale\u0161n\u00e9 poplachy a zaru\u010duje integritu produktu.<\/p>\n<\/li>\n<li data-sourcepos=\"21:1-21:53\">\n<p data-sourcepos=\"21:3-21:53\"><strong>Zanedbateln\u00fd reverzn\u00ed pom\u011br materi\u00e1lu:<\/strong> Udr\u017euje v\u00fdjime\u010dn\u011b n\u00edzk\u00fd reverzn\u00ed pom\u011br materi\u00e1lu pod 0,0001%, sni\u017euje pl\u00fdtv\u00e1n\u00ed a optimalizuje vyu\u017eit\u00ed zdroj\u016f.<\/p>\n<\/li>\n<li data-sourcepos=\"23:1-24:0\">\n<p data-sourcepos=\"23:3-23:146\"><strong>Funkce vzd\u00e1len\u00e9 pomoci:<\/strong> Poskytuje vzd\u00e1lenou podporu v re\u00e1ln\u00e9m \u010dase pro odstra\u0148ov\u00e1n\u00ed probl\u00e9m\u016f a \u00fadr\u017ebu a zaji\u0161\u0165uje rychl\u00e9 vy\u0159e\u0161en\u00ed jak\u00fdchkoli probl\u00e9m\u016f.<\/p>\n<\/li>\n<li data-sourcepos=\"25:1-26:0\">\n<p data-sourcepos=\"25:3-25:165\"><strong>P\u0159ep\u00edn\u00e1n\u00ed produkt\u016f jedn\u00edm kliknut\u00edm:<\/strong> Snadno p\u0159ep\u00ednejte mezi r\u016fzn\u00fdmi \u00fakoly kontroly produkt\u016f jedin\u00fdm kliknut\u00edm, minimalizujte prostoje a maximalizujte efektivitu.<\/p>\n<\/li>\n<li data-sourcepos=\"27:1-28:0\">\n<p data-sourcepos=\"27:3-27:135\"><strong>Instalace Plug-and-Play:<\/strong> Eliminuje pot\u0159ebu slo\u017eit\u00e9ho lad\u011bn\u00ed, zaji\u0161\u0165uje bezprobl\u00e9mov\u00fd proces nastaven\u00ed a minimalizuje prostoje.<\/p>\n<\/li>\n<\/ul>\n<p data-sourcepos=\"29:1-29:107\"><strong>N\u00e1\u0161 syst\u00e9m CCD Vision se bez probl\u00e9m\u016f integruje do va\u0161ich st\u00e1vaj\u00edc\u00edch v\u00fdrobn\u00edch linek a umo\u017e\u0148uje v\u00e1m dos\u00e1hnout:<\/strong><\/p>\n<ul data-sourcepos=\"31:1-36:0\">\n<li data-sourcepos=\"31:1-32:0\">\n<p data-sourcepos=\"31:3-31:150\"><strong>Vylep\u0161en\u00e1 kvalita produktu:<\/strong> Detekce a odstran\u011bn\u00ed z\u00e1vad s v\u00fdjime\u010dnou p\u0159esnost\u00ed, zaji\u0161t\u011bn\u00ed st\u00e1l\u00e9 kvality produktu a spokojenosti z\u00e1kazn\u00edk\u016f.<\/p>\n<\/li>\n<li data-sourcepos=\"33:1-34:0\">\n<p data-sourcepos=\"33:3-33:158\"><strong>Zv\u00fd\u0161en\u00e1 efektivita v\u00fdroby:<\/strong> Zefektivn\u011bte kontroln\u00ed procesy a minimalizujte prostoje, zvy\u0161te celkov\u00fd v\u00fdkon v\u00fdroby a uspokojte po\u017eadavky z\u00e1kazn\u00edk\u016f.<\/p>\n<\/li>\n<li data-sourcepos=\"35:1-36:0\">\n<p data-sourcepos=\"35:3-35:115\"><strong>Sn\u00ed\u017een\u00e9 provozn\u00ed n\u00e1klady:<\/strong> Minimalizace odpadu a p\u0159epracov\u00e1n\u00ed, sn\u00ed\u017een\u00ed v\u00fdrobn\u00edch n\u00e1klad\u016f a maximalizace ziskovosti.<\/p>\n<\/li>\n<\/ul>\n<p data-sourcepos=\"37:1-37:245\">Pokud se sna\u017e\u00edte vylep\u0161it sv\u00e9 mo\u017enosti kontroly v\u00fdrobk\u016f a zm\u011bnit procesy kontroly kvality, n\u00e1\u0161 syst\u00e9m CCD Vision je \u0159e\u0161en\u00edm, na kter\u00e9 jste \u010dekali. Kontaktujte n\u00e1s je\u0161t\u011b dnes a vyzkou\u0161ejte transforma\u010dn\u00ed s\u00edlu p\u0159esnosti a \u00fa\u010dinnosti.<\/p>","protected":false},"excerpt":{"rendered":"<p>Prove\u010fte revoluci ve sv\u00e9 v\u00fdrobn\u00ed lince pomoc\u00ed na\u0161eho nejmodern\u011bj\u0161\u00edho syst\u00e9mu CCD Vision, kter\u00fd je navr\u017een tak, aby zjednodu\u0161il kontroln\u00ed procesy, zajistil kvalitu produkt\u016f a maximalizoval efektivitu. Toto sofistikovan\u00e9 \u0159e\u0161en\u00ed se m\u016f\u017ee pochlubit komplexn\u00ed \u0159adou funkc\u00ed, kter\u00e9 v\u00e1m umo\u017en\u00ed dos\u00e1hnout vynikaj\u00edc\u00edch v\u00fdsledk\u016f.<\/p>","protected":false},"featured_media":2231,"comment_status":"open","ping_status":"closed","template":"","meta":[],"product_cat":[58],"product_tag":[],"yoast_head":"<!-- This site is optimized with the Yoast SEO plugin v22.2 - https:\/\/yoast.com\/wordpress\/plugins\/seo\/ -->\n<title>CCD Vision System - SWOER<\/title>\n<meta name=\"description\" content=\"Elevate your product inspection and quality control with our cutting-edge CCD Vision System, featuring high-speed recognition, exceptional accuracy, and seamless integration for unparalleled efficiency and product integrity.\" \/>\n<meta name=\"robots\" content=\"index, follow, max-snippet:-1, max-image-preview:large, max-video-preview:-1\" \/>\n<link rel=\"canonical\" href=\"https:\/\/swoer.com\/cs\/manufacturer\/ccd-vision-system\/\" \/>\n<meta property=\"og:locale\" content=\"cs_CZ\" \/>\n<meta property=\"og:type\" content=\"article\" \/>\n<meta property=\"og:title\" content=\"CCD Vision System - SWOER\" \/>\n<meta property=\"og:description\" content=\"Elevate your product inspection and quality control with our cutting-edge CCD Vision System, featuring high-speed recognition, exceptional accuracy, and seamless integration for unparalleled efficiency and product integrity.\" \/>\n<meta property=\"og:url\" content=\"https:\/\/swoer.com\/cs\/manufacturer\/ccd-vision-system\/\" \/>\n<meta property=\"og:site_name\" content=\"SWOER\" \/>\n<meta property=\"article:modified_time\" content=\"2024-06-17T07:19:41+00:00\" \/>\n<meta property=\"og:image\" content=\"https:\/\/swoer.com\/wp-content\/uploads\/2024\/06\/CCD-Vision-System-.jpg\" \/>\n\t<meta property=\"og:image:width\" content=\"1000\" \/>\n\t<meta property=\"og:image:height\" content=\"1000\" \/>\n\t<meta property=\"og:image:type\" content=\"image\/jpeg\" \/>\n<meta name=\"twitter:card\" content=\"summary_large_image\" \/>\n<meta name=\"twitter:label1\" content=\"Odhadovan\u00e1 doba \u010dten\u00ed\" \/>\n\t<meta name=\"twitter:data1\" content=\"2 minuty\" \/>\n<script type=\"application\/ld+json\" class=\"yoast-schema-graph\">{\"@context\":\"https:\/\/schema.org\",\"@graph\":[{\"@type\":\"WebPage\",\"@id\":\"https:\/\/swoer.com\/manufacturer\/ccd-vision-system\/\",\"url\":\"https:\/\/swoer.com\/manufacturer\/ccd-vision-system\/\",\"name\":\"CCD Vision System - SWOER\",\"isPartOf\":{\"@id\":\"https:\/\/swoer.com\/#website\"},\"primaryImageOfPage\":{\"@id\":\"https:\/\/swoer.com\/manufacturer\/ccd-vision-system\/#primaryimage\"},\"image\":{\"@id\":\"https:\/\/swoer.com\/manufacturer\/ccd-vision-system\/#primaryimage\"},\"thumbnailUrl\":\"https:\/\/swoer.com\/wp-content\/uploads\/2024\/06\/CCD-Vision-System-.jpg\",\"datePublished\":\"2024-06-17T06:51:18+00:00\",\"dateModified\":\"2024-06-17T07:19:41+00:00\",\"description\":\"Elevate your product inspection and quality control with our cutting-edge CCD Vision System, featuring high-speed recognition, exceptional accuracy, and seamless integration for unparalleled efficiency and product integrity.\",\"breadcrumb\":{\"@id\":\"https:\/\/swoer.com\/manufacturer\/ccd-vision-system\/#breadcrumb\"},\"inLanguage\":\"cs\",\"potentialAction\":[{\"@type\":\"ReadAction\",\"target\":[\"https:\/\/swoer.com\/manufacturer\/ccd-vision-system\/\"]}]},{\"@type\":\"ImageObject\",\"inLanguage\":\"cs\",\"@id\":\"https:\/\/swoer.com\/manufacturer\/ccd-vision-system\/#primaryimage\",\"url\":\"https:\/\/swoer.com\/wp-content\/uploads\/2024\/06\/CCD-Vision-System-.jpg\",\"contentUrl\":\"https:\/\/swoer.com\/wp-content\/uploads\/2024\/06\/CCD-Vision-System-.jpg\",\"width\":1000,\"height\":1000,\"caption\":\"CCD Vision System\"},{\"@type\":\"BreadcrumbList\",\"@id\":\"https:\/\/swoer.com\/manufacturer\/ccd-vision-system\/#breadcrumb\",\"itemListElement\":[{\"@type\":\"ListItem\",\"position\":1,\"name\":\"Home\",\"item\":\"https:\/\/swoer.com\/\"},{\"@type\":\"ListItem\",\"position\":2,\"name\":\"Shop\",\"item\":\"https:\/\/swoer.com\/shop\/\"},{\"@type\":\"ListItem\",\"position\":3,\"name\":\"CCD Vision System\"}]},{\"@type\":\"WebSite\",\"@id\":\"https:\/\/swoer.com\/#website\",\"url\":\"https:\/\/swoer.com\/\",\"name\":\"SWOER\",\"description\":\"Swoer is the top 3 vibratory bowl feeder manufacturer in China\",\"potentialAction\":[{\"@type\":\"SearchAction\",\"target\":{\"@type\":\"EntryPoint\",\"urlTemplate\":\"https:\/\/swoer.com\/?s={search_term_string}\"},\"query-input\":\"required name=search_term_string\"}],\"inLanguage\":\"cs\"}]}<\/script>\n<!-- \/ Yoast SEO plugin. -->","yoast_head_json":{"title":"CCD Vision System - SWOER","description":"Elevate your product inspection and quality control with our cutting-edge CCD Vision System, featuring high-speed recognition, exceptional accuracy, and seamless integration for unparalleled efficiency and product integrity.","robots":{"index":"index","follow":"follow","max-snippet":"max-snippet:-1","max-image-preview":"max-image-preview:large","max-video-preview":"max-video-preview:-1"},"canonical":"https:\/\/swoer.com\/cs\/manufacturer\/ccd-vision-system\/","og_locale":"cs_CZ","og_type":"article","og_title":"CCD Vision System - SWOER","og_description":"Elevate your product inspection and quality control with our cutting-edge CCD Vision System, featuring high-speed recognition, exceptional accuracy, and seamless integration for unparalleled efficiency and product integrity.","og_url":"https:\/\/swoer.com\/cs\/manufacturer\/ccd-vision-system\/","og_site_name":"SWOER","article_modified_time":"2024-06-17T07:19:41+00:00","og_image":[{"width":1000,"height":1000,"url":"https:\/\/swoer.com\/wp-content\/uploads\/2024\/06\/CCD-Vision-System-.jpg","type":"image\/jpeg"}],"twitter_card":"summary_large_image","twitter_misc":{"Odhadovan\u00e1 doba \u010dten\u00ed":"2 minuty"},"schema":{"@context":"https:\/\/schema.org","@graph":[{"@type":"WebPage","@id":"https:\/\/swoer.com\/manufacturer\/ccd-vision-system\/","url":"https:\/\/swoer.com\/manufacturer\/ccd-vision-system\/","name":"CCD Vision System - SWOER","isPartOf":{"@id":"https:\/\/swoer.com\/#website"},"primaryImageOfPage":{"@id":"https:\/\/swoer.com\/manufacturer\/ccd-vision-system\/#primaryimage"},"image":{"@id":"https:\/\/swoer.com\/manufacturer\/ccd-vision-system\/#primaryimage"},"thumbnailUrl":"https:\/\/swoer.com\/wp-content\/uploads\/2024\/06\/CCD-Vision-System-.jpg","datePublished":"2024-06-17T06:51:18+00:00","dateModified":"2024-06-17T07:19:41+00:00","description":"Elevate your product inspection and quality control with our cutting-edge CCD Vision System, featuring high-speed recognition, exceptional accuracy, and seamless integration for unparalleled efficiency and product integrity.","breadcrumb":{"@id":"https:\/\/swoer.com\/manufacturer\/ccd-vision-system\/#breadcrumb"},"inLanguage":"cs","potentialAction":[{"@type":"ReadAction","target":["https:\/\/swoer.com\/manufacturer\/ccd-vision-system\/"]}]},{"@type":"ImageObject","inLanguage":"cs","@id":"https:\/\/swoer.com\/manufacturer\/ccd-vision-system\/#primaryimage","url":"https:\/\/swoer.com\/wp-content\/uploads\/2024\/06\/CCD-Vision-System-.jpg","contentUrl":"https:\/\/swoer.com\/wp-content\/uploads\/2024\/06\/CCD-Vision-System-.jpg","width":1000,"height":1000,"caption":"CCD Vision System"},{"@type":"BreadcrumbList","@id":"https:\/\/swoer.com\/manufacturer\/ccd-vision-system\/#breadcrumb","itemListElement":[{"@type":"ListItem","position":1,"name":"Home","item":"https:\/\/swoer.com\/"},{"@type":"ListItem","position":2,"name":"Shop","item":"https:\/\/swoer.com\/shop\/"},{"@type":"ListItem","position":3,"name":"CCD Vision System"}]},{"@type":"WebSite","@id":"https:\/\/swoer.com\/#website","url":"https:\/\/swoer.com\/","name":"SWOER","description":"Swoer is the top 3 vibratory bowl feeder manufacturer in China","potentialAction":[{"@type":"SearchAction","target":{"@type":"EntryPoint","urlTemplate":"https:\/\/swoer.com\/?s={search_term_string}"},"query-input":"required name=search_term_string"}],"inLanguage":"cs"}]}},"_links":{"self":[{"href":"https:\/\/swoer.com\/cs\/wp-json\/wp\/v2\/product\/2230"}],"collection":[{"href":"https:\/\/swoer.com\/cs\/wp-json\/wp\/v2\/product"}],"about":[{"href":"https:\/\/swoer.com\/cs\/wp-json\/wp\/v2\/types\/product"}],"replies":[{"embeddable":true,"href":"https:\/\/swoer.com\/cs\/wp-json\/wp\/v2\/comments?post=2230"}],"wp:featuredmedia":[{"embeddable":true,"href":"https:\/\/swoer.com\/cs\/wp-json\/wp\/v2\/media\/2231"}],"wp:attachment":[{"href":"https:\/\/swoer.com\/cs\/wp-json\/wp\/v2\/media?parent=2230"}],"wp:term":[{"taxonomy":"product_cat","embeddable":true,"href":"https:\/\/swoer.com\/cs\/wp-json\/wp\/v2\/product_cat?post=2230"},{"taxonomy":"product_tag","embeddable":true,"href":"https:\/\/swoer.com\/cs\/wp-json\/wp\/v2\/product_tag?post=2230"}],"curies":[{"name":"wp","href":"https:\/\/api.w.org\/{rel}","templated":true}]}}