{"id":2136,"date":"2024-05-22T07:09:25","date_gmt":"2024-05-22T07:09:25","guid":{"rendered":"https:\/\/swoer.com\/?post_type=product&#038;p=2136"},"modified":"2024-08-01T17:19:45","modified_gmt":"2024-08-01T09:19:45","slug":"bolts-vibratory-bowl-feeder-with-soundproof-cover","status":"publish","type":"product","link":"https:\/\/swoer.com\/cs\/manufacturer\/bolts-vibratory-bowl-feeder-with-soundproof-cover\/","title":{"rendered":"Vibra\u010dn\u00ed m\u00edsov\u00fd podava\u010d \u0161roub\u016f se zvukot\u011bsn\u00fdm krytem"},"content":{"rendered":"<p>Vibra\u010dn\u00ed miskov\u00fd podava\u010d Bolt se zvukot\u011bsn\u00fdm krytem poskytuje spolehliv\u00e9, efektivn\u00ed pod\u00e1v\u00e1n\u00ed d\u00edl\u016f se sn\u00ed\u017eenou hladinou hluku. Je navr\u017een pro p\u0159esnost a odolnost a je ide\u00e1ln\u00edm \u0159e\u0161en\u00edm pro zv\u00fd\u0161en\u00ed produktivity v automatizovan\u00fdch v\u00fdrobn\u00edch prost\u0159ed\u00edch.<\/p>\n<h2>Specifikace:<\/h2>\n<table width=\"684\">\n<tbody>\n<tr>\n<td width=\"183\">jm\u00e9no v\u00fdrobku<\/td>\n<td width=\"501\">Vibra\u010dn\u00ed m\u00edsov\u00fd podava\u010d \u0161roub\u016f se zvukot\u011bsn\u00fdm krytem<\/td>\n<\/tr>\n<tr>\n<td>Materi\u00e1l<\/td>\n<td>\u00a0SUS201\/304<\/td>\n<\/tr>\n<tr>\n<td>Specialita materi\u00e1lu<\/td>\n<td>Kovac\u00ed slitina zpracovan\u00e1 za studena, Vysok\u00e1 pevnost, Vysok\u00e1 tvrdost<\/td>\n<\/tr>\n<tr>\n<td>Nap\u011bt\u00ed<\/td>\n<td>220V<\/td>\n<\/tr>\n<tr>\n<td>Nap\u00e1jen\u00ed<\/td>\n<td>65W \/150W \/180W \/ 220W \/ 350W<\/td>\n<\/tr>\n<tr>\n<td>Autentizace<\/td>\n<td>CE, ROHS, ISO9001<\/td>\n<\/tr>\n<tr>\n<td>Z\u00e1ruka<\/td>\n<td>1 rok z\u00e1ruka<\/td>\n<\/tr>\n<tr>\n<td>MOQ<\/td>\n<td>1 set<\/td>\n<\/tr>\n<tr>\n<td>Dodac\u00ed lh\u016fta<\/td>\n<td>10-14 dn\u00ed<\/td>\n<\/tr>\n<tr>\n<td>Platebn\u00ed lh\u016fta<\/td>\n<td>T\/T 40% Z\u00e1loha a z\u016fstatek p\u0159ed odesl\u00e1n\u00edm<\/td>\n<\/tr>\n<tr>\n<td>Original of Place<\/td>\n<td>\u010c\u00edna<\/td>\n<\/tr>\n<\/tbody>\n<\/table>","protected":false},"excerpt":{"rendered":"<p>Vibra\u010dn\u00ed miskov\u00fd podava\u010d Bolt se zvukot\u011bsn\u00fdm krytem zaji\u0161\u0165uje \u00fa\u010dinn\u00e9 a tich\u00e9 pod\u00e1v\u00e1n\u00ed d\u00edl\u016f, zvy\u0161uje produktivitu a z\u00e1rove\u0148 sni\u017euje hladinu hluku. Ide\u00e1ln\u00ed pro r\u016fzn\u00e9 pr\u016fmyslov\u00e9 aplikace, nab\u00edz\u00ed p\u0159esnost a odolnost, d\u00edky \u010demu\u017e je nejlep\u0161\u00ed volbou pro automatizovan\u00e9 v\u00fdrobn\u00ed syst\u00e9my.<\/p>","protected":false},"featured_media":2137,"comment_status":"open","ping_status":"closed","template":"","meta":[],"product_cat":[37],"product_tag":[],"yoast_head":"<!-- This site is optimized with the Yoast SEO plugin v22.2 - https:\/\/yoast.com\/wordpress\/plugins\/seo\/ -->\n<title>Bolts Vibratory Bowl Feeder with Soundproof Cover -<\/title>\n<meta name=\"description\" content=\"Our vibratory bowl feeder is designed with a soundproof cover to reduce noise pollution and improve your workspace environment.\" \/>\n<meta name=\"robots\" content=\"index, follow, max-snippet:-1, max-image-preview:large, max-video-preview:-1\" \/>\n<link rel=\"canonical\" href=\"https:\/\/swoer.com\/cs\/manufacturer\/bolts-vibratory-bowl-feeder-with-soundproof-cover\/\" \/>\n<meta property=\"og:locale\" content=\"cs_CZ\" \/>\n<meta property=\"og:type\" content=\"article\" \/>\n<meta property=\"og:title\" content=\"Bolts Vibratory Bowl Feeder with Soundproof Cover -\" \/>\n<meta property=\"og:description\" content=\"Our vibratory bowl feeder is designed with a soundproof cover to reduce noise pollution and improve your workspace environment.\" \/>\n<meta property=\"og:url\" content=\"https:\/\/swoer.com\/cs\/manufacturer\/bolts-vibratory-bowl-feeder-with-soundproof-cover\/\" \/>\n<meta property=\"og:site_name\" content=\"SWOER\" \/>\n<meta property=\"article:modified_time\" content=\"2024-08-01T09:19:45+00:00\" \/>\n<meta property=\"og:image\" content=\"https:\/\/swoer.com\/wp-content\/uploads\/2024\/05\/Bolt-vibratory-bowl-feeder-with-soundproof-cover-.webp\" \/>\n\t<meta property=\"og:image:width\" content=\"1000\" \/>\n\t<meta property=\"og:image:height\" content=\"1000\" \/>\n\t<meta property=\"og:image:type\" content=\"image\/webp\" \/>\n<meta name=\"twitter:card\" content=\"summary_large_image\" \/>\n<meta name=\"twitter:label1\" content=\"Odhadovan\u00e1 doba \u010dten\u00ed\" \/>\n\t<meta name=\"twitter:data1\" content=\"1 minuta\" \/>\n<script type=\"application\/ld+json\" class=\"yoast-schema-graph\">{\"@context\":\"https:\/\/schema.org\",\"@graph\":[{\"@type\":\"WebPage\",\"@id\":\"https:\/\/swoer.com\/manufacturer\/bolts-vibratory-bowl-feeder-with-soundproof-cover\/\",\"url\":\"https:\/\/swoer.com\/manufacturer\/bolts-vibratory-bowl-feeder-with-soundproof-cover\/\",\"name\":\"Bolts Vibratory Bowl Feeder with Soundproof Cover -\",\"isPartOf\":{\"@id\":\"https:\/\/swoer.com\/#website\"},\"primaryImageOfPage\":{\"@id\":\"https:\/\/swoer.com\/manufacturer\/bolts-vibratory-bowl-feeder-with-soundproof-cover\/#primaryimage\"},\"image\":{\"@id\":\"https:\/\/swoer.com\/manufacturer\/bolts-vibratory-bowl-feeder-with-soundproof-cover\/#primaryimage\"},\"thumbnailUrl\":\"https:\/\/swoer.com\/wp-content\/uploads\/2024\/05\/Bolt-vibratory-bowl-feeder-with-soundproof-cover-.webp\",\"datePublished\":\"2024-05-22T07:09:25+00:00\",\"dateModified\":\"2024-08-01T09:19:45+00:00\",\"description\":\"Our vibratory bowl feeder is designed with a soundproof cover to reduce noise pollution and improve your workspace environment.\",\"breadcrumb\":{\"@id\":\"https:\/\/swoer.com\/manufacturer\/bolts-vibratory-bowl-feeder-with-soundproof-cover\/#breadcrumb\"},\"inLanguage\":\"cs\",\"potentialAction\":[{\"@type\":\"ReadAction\",\"target\":[\"https:\/\/swoer.com\/manufacturer\/bolts-vibratory-bowl-feeder-with-soundproof-cover\/\"]}]},{\"@type\":\"ImageObject\",\"inLanguage\":\"cs\",\"@id\":\"https:\/\/swoer.com\/manufacturer\/bolts-vibratory-bowl-feeder-with-soundproof-cover\/#primaryimage\",\"url\":\"https:\/\/swoer.com\/wp-content\/uploads\/2024\/05\/Bolt-vibratory-bowl-feeder-with-soundproof-cover-.webp\",\"contentUrl\":\"https:\/\/swoer.com\/wp-content\/uploads\/2024\/05\/Bolt-vibratory-bowl-feeder-with-soundproof-cover-.webp\",\"width\":1000,\"height\":1000,\"caption\":\"Bolt vibratory bowl feeder with soundproof cover\"},{\"@type\":\"BreadcrumbList\",\"@id\":\"https:\/\/swoer.com\/manufacturer\/bolts-vibratory-bowl-feeder-with-soundproof-cover\/#breadcrumb\",\"itemListElement\":[{\"@type\":\"ListItem\",\"position\":1,\"name\":\"Home\",\"item\":\"https:\/\/swoer.com\/\"},{\"@type\":\"ListItem\",\"position\":2,\"name\":\"Shop\",\"item\":\"https:\/\/swoer.com\/shop\/\"},{\"@type\":\"ListItem\",\"position\":3,\"name\":\"Bolts Vibratory Bowl Feeder with Soundproof Cover\"}]},{\"@type\":\"WebSite\",\"@id\":\"https:\/\/swoer.com\/#website\",\"url\":\"https:\/\/swoer.com\/\",\"name\":\"SWOER\",\"description\":\"Swoer is the top 3 vibratory bowl feeder manufacturer in China\",\"potentialAction\":[{\"@type\":\"SearchAction\",\"target\":{\"@type\":\"EntryPoint\",\"urlTemplate\":\"https:\/\/swoer.com\/?s={search_term_string}\"},\"query-input\":\"required name=search_term_string\"}],\"inLanguage\":\"cs\"}]}<\/script>\n<!-- \/ Yoast SEO plugin. -->","yoast_head_json":{"title":"Bolts Vibratory Bowl Feeder with Soundproof Cover -","description":"Our vibratory bowl feeder is designed with a soundproof cover to reduce noise pollution and improve your workspace environment.","robots":{"index":"index","follow":"follow","max-snippet":"max-snippet:-1","max-image-preview":"max-image-preview:large","max-video-preview":"max-video-preview:-1"},"canonical":"https:\/\/swoer.com\/cs\/manufacturer\/bolts-vibratory-bowl-feeder-with-soundproof-cover\/","og_locale":"cs_CZ","og_type":"article","og_title":"Bolts Vibratory Bowl Feeder with Soundproof Cover -","og_description":"Our vibratory bowl feeder is designed with a soundproof cover to reduce noise pollution and improve your workspace environment.","og_url":"https:\/\/swoer.com\/cs\/manufacturer\/bolts-vibratory-bowl-feeder-with-soundproof-cover\/","og_site_name":"SWOER","article_modified_time":"2024-08-01T09:19:45+00:00","og_image":[{"width":1000,"height":1000,"url":"https:\/\/swoer.com\/wp-content\/uploads\/2024\/05\/Bolt-vibratory-bowl-feeder-with-soundproof-cover-.webp","type":"image\/webp"}],"twitter_card":"summary_large_image","twitter_misc":{"Odhadovan\u00e1 doba \u010dten\u00ed":"1 minuta"},"schema":{"@context":"https:\/\/schema.org","@graph":[{"@type":"WebPage","@id":"https:\/\/swoer.com\/manufacturer\/bolts-vibratory-bowl-feeder-with-soundproof-cover\/","url":"https:\/\/swoer.com\/manufacturer\/bolts-vibratory-bowl-feeder-with-soundproof-cover\/","name":"Bolts Vibratory Bowl Feeder with Soundproof Cover -","isPartOf":{"@id":"https:\/\/swoer.com\/#website"},"primaryImageOfPage":{"@id":"https:\/\/swoer.com\/manufacturer\/bolts-vibratory-bowl-feeder-with-soundproof-cover\/#primaryimage"},"image":{"@id":"https:\/\/swoer.com\/manufacturer\/bolts-vibratory-bowl-feeder-with-soundproof-cover\/#primaryimage"},"thumbnailUrl":"https:\/\/swoer.com\/wp-content\/uploads\/2024\/05\/Bolt-vibratory-bowl-feeder-with-soundproof-cover-.webp","datePublished":"2024-05-22T07:09:25+00:00","dateModified":"2024-08-01T09:19:45+00:00","description":"Our vibratory bowl feeder is designed with a soundproof cover to reduce noise pollution and improve your workspace environment.","breadcrumb":{"@id":"https:\/\/swoer.com\/manufacturer\/bolts-vibratory-bowl-feeder-with-soundproof-cover\/#breadcrumb"},"inLanguage":"cs","potentialAction":[{"@type":"ReadAction","target":["https:\/\/swoer.com\/manufacturer\/bolts-vibratory-bowl-feeder-with-soundproof-cover\/"]}]},{"@type":"ImageObject","inLanguage":"cs","@id":"https:\/\/swoer.com\/manufacturer\/bolts-vibratory-bowl-feeder-with-soundproof-cover\/#primaryimage","url":"https:\/\/swoer.com\/wp-content\/uploads\/2024\/05\/Bolt-vibratory-bowl-feeder-with-soundproof-cover-.webp","contentUrl":"https:\/\/swoer.com\/wp-content\/uploads\/2024\/05\/Bolt-vibratory-bowl-feeder-with-soundproof-cover-.webp","width":1000,"height":1000,"caption":"Bolt vibratory bowl feeder with soundproof cover"},{"@type":"BreadcrumbList","@id":"https:\/\/swoer.com\/manufacturer\/bolts-vibratory-bowl-feeder-with-soundproof-cover\/#breadcrumb","itemListElement":[{"@type":"ListItem","position":1,"name":"Home","item":"https:\/\/swoer.com\/"},{"@type":"ListItem","position":2,"name":"Shop","item":"https:\/\/swoer.com\/shop\/"},{"@type":"ListItem","position":3,"name":"Bolts Vibratory Bowl Feeder with Soundproof Cover"}]},{"@type":"WebSite","@id":"https:\/\/swoer.com\/#website","url":"https:\/\/swoer.com\/","name":"SWOER","description":"Swoer is the top 3 vibratory bowl feeder manufacturer in China","potentialAction":[{"@type":"SearchAction","target":{"@type":"EntryPoint","urlTemplate":"https:\/\/swoer.com\/?s={search_term_string}"},"query-input":"required name=search_term_string"}],"inLanguage":"cs"}]}},"_links":{"self":[{"href":"https:\/\/swoer.com\/cs\/wp-json\/wp\/v2\/product\/2136"}],"collection":[{"href":"https:\/\/swoer.com\/cs\/wp-json\/wp\/v2\/product"}],"about":[{"href":"https:\/\/swoer.com\/cs\/wp-json\/wp\/v2\/types\/product"}],"replies":[{"embeddable":true,"href":"https:\/\/swoer.com\/cs\/wp-json\/wp\/v2\/comments?post=2136"}],"wp:featuredmedia":[{"embeddable":true,"href":"https:\/\/swoer.com\/cs\/wp-json\/wp\/v2\/media\/2137"}],"wp:attachment":[{"href":"https:\/\/swoer.com\/cs\/wp-json\/wp\/v2\/media?parent=2136"}],"wp:term":[{"taxonomy":"product_cat","embeddable":true,"href":"https:\/\/swoer.com\/cs\/wp-json\/wp\/v2\/product_cat?post=2136"},{"taxonomy":"product_tag","embeddable":true,"href":"https:\/\/swoer.com\/cs\/wp-json\/wp\/v2\/product_tag?post=2136"}],"curies":[{"name":"wp","href":"https:\/\/api.w.org\/{rel}","templated":true}]}}