{"id":2045,"date":"2024-05-09T02:55:57","date_gmt":"2024-05-09T02:55:57","guid":{"rendered":"https:\/\/swoer.com\/?post_type=product&#038;p=2045"},"modified":"2024-05-09T03:02:45","modified_gmt":"2024-05-09T03:02:45","slug":"vibratory-linear-feeder-pz-series","status":"publish","type":"product","link":"https:\/\/swoer.com\/cs\/manufacturer\/vibratory-linear-feeder-pz-series\/","title":{"rendered":"Vibra\u010dn\u00ed line\u00e1rn\u00ed podava\u010d \u0159ady PZ"},"content":{"rendered":"<h2>Funkce:<\/h2>\n<ol>\n<li>\u00a0Vn\u011bj\u0161\u00ed povrch byl eloxov\u00e1n nebo vypalov\u00e1n p\u0159i vysok\u00e9 teplot\u011b, co\u017e mu dod\u00e1v\u00e1 \u0161pi\u010dkov\u00fd a kr\u00e1sn\u00fd vzhled.<\/li>\n<li>\u00a0Snadn\u00e9 ovl\u00e1d\u00e1n\u00ed, ka\u017ed\u00fd m\u016f\u017ee snadno upravit nerovnom\u011brn\u00fd chod, pokud je nastavena poloha zadn\u00edho balan\u010dn\u00edho bloku.<\/li>\n<li>A doch\u00e1z\u00ed k men\u0161\u00edm bo\u010dn\u00edm vibrac\u00edm a t\u00e9m\u011b\u0159 \u017e\u00e1dn\u00e9 vibrace nebudou ru\u0161it podava\u010d d\u00edl\u016f. Proto je snadn\u00e9 jej integrovat s podava\u010dem d\u00edl\u016f.<\/li>\n<li>Zvy\u0161te hmotnost, abyste se p\u0159izp\u016fsobili del\u0161\u00ed p\u0159\u00edm\u00e9 vibra\u010dn\u00ed dr\u00e1ze a z\u00e1rove\u0148 zvy\u0161te hmotnost<\/li>\n<li>Designov\u00e1 hmotnostn\u00ed struktura a mechanismus tlumen\u00ed n\u00e1raz\u016f. P\u0159i p\u0159en\u00e1\u0161en\u00ed velk\u00fdch obrobk\u016f nebo p\u0159i p\u0159\u00edli\u0161 dlouh\u00e9m vysunut\u00ed vodic\u00ed li\u0161ty lze po\u017eadavky na vysokou rychlost a hladk\u00fd p\u0159enos dos\u00e1hnout nastaven\u00edm.<\/li>\n<\/ol>\n<h3>SW-100PZ<\/h3>\n\t<div class=\"img has-hover x md-x lg-x y md-y lg-y\" id=\"image_1605843225\">\n\t\t\t\t\t\t\t\t<div class=\"img-inner dark\" >\n\t\t\t<img loading=\"lazy\" decoding=\"async\" width=\"901\" height=\"659\" src=\"https:\/\/swoer.com\/wp-content\/uploads\/2024\/05\/SW-100PZ.webp\" class=\"attachment-original size-original\" alt=\"SW-100PZ\" srcset=\"https:\/\/swoer.com\/wp-content\/uploads\/2024\/05\/SW-100PZ.webp 901w, https:\/\/swoer.com\/wp-content\/uploads\/2024\/05\/SW-100PZ-300x219.webp 300w, https:\/\/swoer.com\/wp-content\/uploads\/2024\/05\/SW-100PZ-768x562.webp 768w, https:\/\/swoer.com\/wp-content\/uploads\/2024\/05\/SW-100PZ-16x12.webp 16w, https:\/\/swoer.com\/wp-content\/uploads\/2024\/05\/SW-100PZ-600x439.webp 600w\" sizes=\"(max-width: 901px) 100vw, 901px\" \/>\t\t\t\t\t\t\n\t\t\t\t\t<\/div>\n\t\t\t\t\t\t\t\t\n<style>\n#image_1605843225 {\n  width: 100%;\n}\n<\/style>\n\t<\/div>\n\t\n<h3>SW-140PZ<\/h3>\n\t<div class=\"img has-hover x md-x lg-x y md-y lg-y\" id=\"image_530012667\">\n\t\t\t\t\t\t\t\t<div class=\"img-inner dark\" >\n\t\t\t<img loading=\"lazy\" decoding=\"async\" width=\"967\" height=\"676\" src=\"https:\/\/swoer.com\/wp-content\/uploads\/2024\/05\/SW-140PZ.webp\" class=\"attachment-original size-original\" alt=\"\" srcset=\"https:\/\/swoer.com\/wp-content\/uploads\/2024\/05\/SW-140PZ.webp 967w, https:\/\/swoer.com\/wp-content\/uploads\/2024\/05\/SW-140PZ-300x210.webp 300w, https:\/\/swoer.com\/wp-content\/uploads\/2024\/05\/SW-140PZ-768x537.webp 768w, https:\/\/swoer.com\/wp-content\/uploads\/2024\/05\/SW-140PZ-18x12.webp 18w, https:\/\/swoer.com\/wp-content\/uploads\/2024\/05\/SW-140PZ-600x419.webp 600w\" sizes=\"(max-width: 967px) 100vw, 967px\" \/>\t\t\t\t\t\t\n\t\t\t\t\t<\/div>\n\t\t\t\t\t\t\t\t\n<style>\n#image_530012667 {\n  width: 100%;\n}\n<\/style>\n\t<\/div>\n\t\n<h3>SW-160PZ<\/h3>\n\t<div class=\"img has-hover x md-x lg-x y md-y lg-y\" id=\"image_2039511615\">\n\t\t\t\t\t\t\t\t<div class=\"img-inner dark\" >\n\t\t\t<img loading=\"lazy\" decoding=\"async\" width=\"958\" height=\"681\" src=\"https:\/\/swoer.com\/wp-content\/uploads\/2024\/05\/SW-160PZ.webp\" class=\"attachment-original size-original\" alt=\"SW-160PZ\" srcset=\"https:\/\/swoer.com\/wp-content\/uploads\/2024\/05\/SW-160PZ.webp 958w, https:\/\/swoer.com\/wp-content\/uploads\/2024\/05\/SW-160PZ-300x213.webp 300w, https:\/\/swoer.com\/wp-content\/uploads\/2024\/05\/SW-160PZ-768x546.webp 768w, https:\/\/swoer.com\/wp-content\/uploads\/2024\/05\/SW-160PZ-18x12.webp 18w, https:\/\/swoer.com\/wp-content\/uploads\/2024\/05\/SW-160PZ-600x427.webp 600w\" sizes=\"(max-width: 958px) 100vw, 958px\" \/>\t\t\t\t\t\t\n\t\t\t\t\t<\/div>\n\t\t\t\t\t\t\t\t\n<style>\n#image_2039511615 {\n  width: 100%;\n}\n<\/style>\n\t<\/div>\n\t\n<h3>SW-190PZ<\/h3>\n\t<div class=\"img has-hover x md-x lg-x y md-y lg-y\" id=\"image_973867212\">\n\t\t\t\t\t\t\t\t<div class=\"img-inner dark\" >\n\t\t\t<img loading=\"lazy\" decoding=\"async\" width=\"1060\" height=\"693\" src=\"https:\/\/swoer.com\/wp-content\/uploads\/2024\/05\/SW-190PZ.webp\" class=\"attachment-original size-original\" alt=\"SW-190PZ\" srcset=\"https:\/\/swoer.com\/wp-content\/uploads\/2024\/05\/SW-190PZ.webp 1060w, https:\/\/swoer.com\/wp-content\/uploads\/2024\/05\/SW-190PZ-300x196.webp 300w, https:\/\/swoer.com\/wp-content\/uploads\/2024\/05\/SW-190PZ-1024x669.webp 1024w, https:\/\/swoer.com\/wp-content\/uploads\/2024\/05\/SW-190PZ-768x502.webp 768w, https:\/\/swoer.com\/wp-content\/uploads\/2024\/05\/SW-190PZ-18x12.webp 18w, https:\/\/swoer.com\/wp-content\/uploads\/2024\/05\/SW-190PZ-600x392.webp 600w\" sizes=\"(max-width: 1060px) 100vw, 1060px\" \/>\t\t\t\t\t\t\n\t\t\t\t\t<\/div>\n\t\t\t\t\t\t\t\t\n<style>\n#image_973867212 {\n  width: 100%;\n}\n<\/style>\n\t<\/div>\n\t\n<h3>SW-200PZ<\/h3>\n\t<div class=\"img has-hover x md-x lg-x y md-y lg-y\" id=\"image_179329701\">\n\t\t\t\t\t\t\t\t<div class=\"img-inner dark\" >\n\t\t\t<img loading=\"lazy\" decoding=\"async\" width=\"929\" height=\"705\" src=\"https:\/\/swoer.com\/wp-content\/uploads\/2024\/05\/SW-200PZ.webp\" class=\"attachment-original size-original\" alt=\"SW-200PZ\" srcset=\"https:\/\/swoer.com\/wp-content\/uploads\/2024\/05\/SW-200PZ.webp 929w, https:\/\/swoer.com\/wp-content\/uploads\/2024\/05\/SW-200PZ-300x228.webp 300w, https:\/\/swoer.com\/wp-content\/uploads\/2024\/05\/SW-200PZ-768x583.webp 768w, https:\/\/swoer.com\/wp-content\/uploads\/2024\/05\/SW-200PZ-16x12.webp 16w, https:\/\/swoer.com\/wp-content\/uploads\/2024\/05\/SW-200PZ-600x455.webp 600w\" sizes=\"(max-width: 929px) 100vw, 929px\" \/>\t\t\t\t\t\t\n\t\t\t\t\t<\/div>\n\t\t\t\t\t\t\t\t\n<style>\n#image_179329701 {\n  width: 100%;\n}\n<\/style>\n\t<\/div>\n\t\n<h3>SW-300PZ<\/h3>\n\t<div class=\"img has-hover x md-x lg-x y md-y lg-y\" id=\"image_1878079746\">\n\t\t\t\t\t\t\t\t<div class=\"img-inner dark\" >\n\t\t\t<img loading=\"lazy\" decoding=\"async\" width=\"927\" height=\"690\" src=\"https:\/\/swoer.com\/wp-content\/uploads\/2024\/05\/SW-300PZ.webp\" class=\"attachment-original size-original\" alt=\"\" srcset=\"https:\/\/swoer.com\/wp-content\/uploads\/2024\/05\/SW-300PZ.webp 927w, https:\/\/swoer.com\/wp-content\/uploads\/2024\/05\/SW-300PZ-300x223.webp 300w, https:\/\/swoer.com\/wp-content\/uploads\/2024\/05\/SW-300PZ-768x572.webp 768w, https:\/\/swoer.com\/wp-content\/uploads\/2024\/05\/SW-300PZ-16x12.webp 16w, https:\/\/swoer.com\/wp-content\/uploads\/2024\/05\/SW-300PZ-600x447.webp 600w\" sizes=\"(max-width: 927px) 100vw, 927px\" \/>\t\t\t\t\t\t\n\t\t\t\t\t<\/div>\n\t\t\t\t\t\t\t\t\n<style>\n#image_1878079746 {\n  width: 100%;\n}\n<\/style>\n\t<\/div>","protected":false},"excerpt":{"rendered":"<p>Vibra\u010dn\u00ed line\u00e1rn\u00ed podava\u010d \u0159ady pz je k dispozici v 6 modelech:<br \/>\nSW-100PZ<br \/>\nSW-140PZ<br \/>\nSW-160PZ<br \/>\nSW-190PZ<br \/>\nSW-200PZ<br \/>\nSW-300PZ<\/p>","protected":false},"featured_media":2046,"comment_status":"open","ping_status":"closed","template":"","meta":[],"product_cat":[55],"product_tag":[],"yoast_head":"<!-- This site is optimized with the Yoast SEO plugin v22.2 - https:\/\/yoast.com\/wordpress\/plugins\/seo\/ -->\n<title>Vibratory Linear Feeder PZ Series - SWOER<\/title>\n<meta name=\"robots\" content=\"index, follow, max-snippet:-1, max-image-preview:large, max-video-preview:-1\" \/>\n<link rel=\"canonical\" href=\"https:\/\/swoer.com\/cs\/manufacturer\/vibratory-linear-feeder-pz-series\/\" \/>\n<meta property=\"og:locale\" content=\"cs_CZ\" \/>\n<meta property=\"og:type\" content=\"article\" \/>\n<meta property=\"og:title\" content=\"Vibratory Linear Feeder PZ Series - SWOER\" \/>\n<meta property=\"og:description\" content=\"Vibratory linear feeder pz series is available in 6 models: SW-100PZ SW-140PZ SW-160PZ SW-190PZ SW-200PZ SW-300PZ\" \/>\n<meta property=\"og:url\" content=\"https:\/\/swoer.com\/cs\/manufacturer\/vibratory-linear-feeder-pz-series\/\" \/>\n<meta property=\"og:site_name\" content=\"SWOER\" \/>\n<meta property=\"article:modified_time\" content=\"2024-05-09T03:02:45+00:00\" \/>\n<meta property=\"og:image\" content=\"https:\/\/swoer.com\/wp-content\/uploads\/2024\/05\/vibratory-linear-feeder-pz-series.webp\" \/>\n\t<meta property=\"og:image:width\" content=\"1000\" \/>\n\t<meta property=\"og:image:height\" content=\"1000\" \/>\n\t<meta property=\"og:image:type\" content=\"image\/webp\" \/>\n<meta name=\"twitter:card\" content=\"summary_large_image\" \/>\n<meta name=\"twitter:label1\" content=\"Odhadovan\u00e1 doba \u010dten\u00ed\" \/>\n\t<meta name=\"twitter:data1\" content=\"1 minuta\" \/>\n<script type=\"application\/ld+json\" class=\"yoast-schema-graph\">{\"@context\":\"https:\/\/schema.org\",\"@graph\":[{\"@type\":\"WebPage\",\"@id\":\"https:\/\/swoer.com\/manufacturer\/vibratory-linear-feeder-pz-series\/\",\"url\":\"https:\/\/swoer.com\/manufacturer\/vibratory-linear-feeder-pz-series\/\",\"name\":\"Vibratory Linear Feeder PZ Series - SWOER\",\"isPartOf\":{\"@id\":\"https:\/\/swoer.com\/#website\"},\"primaryImageOfPage\":{\"@id\":\"https:\/\/swoer.com\/manufacturer\/vibratory-linear-feeder-pz-series\/#primaryimage\"},\"image\":{\"@id\":\"https:\/\/swoer.com\/manufacturer\/vibratory-linear-feeder-pz-series\/#primaryimage\"},\"thumbnailUrl\":\"https:\/\/swoer.com\/wp-content\/uploads\/2024\/05\/vibratory-linear-feeder-pz-series.webp\",\"datePublished\":\"2024-05-09T02:55:57+00:00\",\"dateModified\":\"2024-05-09T03:02:45+00:00\",\"breadcrumb\":{\"@id\":\"https:\/\/swoer.com\/manufacturer\/vibratory-linear-feeder-pz-series\/#breadcrumb\"},\"inLanguage\":\"cs\",\"potentialAction\":[{\"@type\":\"ReadAction\",\"target\":[\"https:\/\/swoer.com\/manufacturer\/vibratory-linear-feeder-pz-series\/\"]}]},{\"@type\":\"ImageObject\",\"inLanguage\":\"cs\",\"@id\":\"https:\/\/swoer.com\/manufacturer\/vibratory-linear-feeder-pz-series\/#primaryimage\",\"url\":\"https:\/\/swoer.com\/wp-content\/uploads\/2024\/05\/vibratory-linear-feeder-pz-series.webp\",\"contentUrl\":\"https:\/\/swoer.com\/wp-content\/uploads\/2024\/05\/vibratory-linear-feeder-pz-series.webp\",\"width\":1000,\"height\":1000,\"caption\":\"vibratory linear feeder pz series\"},{\"@type\":\"BreadcrumbList\",\"@id\":\"https:\/\/swoer.com\/manufacturer\/vibratory-linear-feeder-pz-series\/#breadcrumb\",\"itemListElement\":[{\"@type\":\"ListItem\",\"position\":1,\"name\":\"Home\",\"item\":\"https:\/\/swoer.com\/\"},{\"@type\":\"ListItem\",\"position\":2,\"name\":\"Shop\",\"item\":\"https:\/\/swoer.com\/shop\/\"},{\"@type\":\"ListItem\",\"position\":3,\"name\":\"Vibratory Linear Feeder PZ Series\"}]},{\"@type\":\"WebSite\",\"@id\":\"https:\/\/swoer.com\/#website\",\"url\":\"https:\/\/swoer.com\/\",\"name\":\"SWOER\",\"description\":\"Swoer is the top 3 vibratory bowl feeder manufacturer in China\",\"potentialAction\":[{\"@type\":\"SearchAction\",\"target\":{\"@type\":\"EntryPoint\",\"urlTemplate\":\"https:\/\/swoer.com\/?s={search_term_string}\"},\"query-input\":\"required name=search_term_string\"}],\"inLanguage\":\"cs\"}]}<\/script>\n<!-- \/ Yoast SEO plugin. -->","yoast_head_json":{"title":"Vibratory Linear Feeder PZ Series - SWOER","robots":{"index":"index","follow":"follow","max-snippet":"max-snippet:-1","max-image-preview":"max-image-preview:large","max-video-preview":"max-video-preview:-1"},"canonical":"https:\/\/swoer.com\/cs\/manufacturer\/vibratory-linear-feeder-pz-series\/","og_locale":"cs_CZ","og_type":"article","og_title":"Vibratory Linear Feeder PZ Series - SWOER","og_description":"Vibratory linear feeder pz series is available in 6 models: SW-100PZ SW-140PZ SW-160PZ SW-190PZ SW-200PZ SW-300PZ","og_url":"https:\/\/swoer.com\/cs\/manufacturer\/vibratory-linear-feeder-pz-series\/","og_site_name":"SWOER","article_modified_time":"2024-05-09T03:02:45+00:00","og_image":[{"width":1000,"height":1000,"url":"https:\/\/swoer.com\/wp-content\/uploads\/2024\/05\/vibratory-linear-feeder-pz-series.webp","type":"image\/webp"}],"twitter_card":"summary_large_image","twitter_misc":{"Odhadovan\u00e1 doba \u010dten\u00ed":"1 minuta"},"schema":{"@context":"https:\/\/schema.org","@graph":[{"@type":"WebPage","@id":"https:\/\/swoer.com\/manufacturer\/vibratory-linear-feeder-pz-series\/","url":"https:\/\/swoer.com\/manufacturer\/vibratory-linear-feeder-pz-series\/","name":"Vibratory Linear Feeder PZ Series - SWOER","isPartOf":{"@id":"https:\/\/swoer.com\/#website"},"primaryImageOfPage":{"@id":"https:\/\/swoer.com\/manufacturer\/vibratory-linear-feeder-pz-series\/#primaryimage"},"image":{"@id":"https:\/\/swoer.com\/manufacturer\/vibratory-linear-feeder-pz-series\/#primaryimage"},"thumbnailUrl":"https:\/\/swoer.com\/wp-content\/uploads\/2024\/05\/vibratory-linear-feeder-pz-series.webp","datePublished":"2024-05-09T02:55:57+00:00","dateModified":"2024-05-09T03:02:45+00:00","breadcrumb":{"@id":"https:\/\/swoer.com\/manufacturer\/vibratory-linear-feeder-pz-series\/#breadcrumb"},"inLanguage":"cs","potentialAction":[{"@type":"ReadAction","target":["https:\/\/swoer.com\/manufacturer\/vibratory-linear-feeder-pz-series\/"]}]},{"@type":"ImageObject","inLanguage":"cs","@id":"https:\/\/swoer.com\/manufacturer\/vibratory-linear-feeder-pz-series\/#primaryimage","url":"https:\/\/swoer.com\/wp-content\/uploads\/2024\/05\/vibratory-linear-feeder-pz-series.webp","contentUrl":"https:\/\/swoer.com\/wp-content\/uploads\/2024\/05\/vibratory-linear-feeder-pz-series.webp","width":1000,"height":1000,"caption":"vibratory linear feeder pz series"},{"@type":"BreadcrumbList","@id":"https:\/\/swoer.com\/manufacturer\/vibratory-linear-feeder-pz-series\/#breadcrumb","itemListElement":[{"@type":"ListItem","position":1,"name":"Home","item":"https:\/\/swoer.com\/"},{"@type":"ListItem","position":2,"name":"Shop","item":"https:\/\/swoer.com\/shop\/"},{"@type":"ListItem","position":3,"name":"Vibratory Linear Feeder PZ Series"}]},{"@type":"WebSite","@id":"https:\/\/swoer.com\/#website","url":"https:\/\/swoer.com\/","name":"SWOER","description":"Swoer is the top 3 vibratory bowl feeder manufacturer in China","potentialAction":[{"@type":"SearchAction","target":{"@type":"EntryPoint","urlTemplate":"https:\/\/swoer.com\/?s={search_term_string}"},"query-input":"required name=search_term_string"}],"inLanguage":"cs"}]}},"_links":{"self":[{"href":"https:\/\/swoer.com\/cs\/wp-json\/wp\/v2\/product\/2045"}],"collection":[{"href":"https:\/\/swoer.com\/cs\/wp-json\/wp\/v2\/product"}],"about":[{"href":"https:\/\/swoer.com\/cs\/wp-json\/wp\/v2\/types\/product"}],"replies":[{"embeddable":true,"href":"https:\/\/swoer.com\/cs\/wp-json\/wp\/v2\/comments?post=2045"}],"wp:featuredmedia":[{"embeddable":true,"href":"https:\/\/swoer.com\/cs\/wp-json\/wp\/v2\/media\/2046"}],"wp:attachment":[{"href":"https:\/\/swoer.com\/cs\/wp-json\/wp\/v2\/media?parent=2045"}],"wp:term":[{"taxonomy":"product_cat","embeddable":true,"href":"https:\/\/swoer.com\/cs\/wp-json\/wp\/v2\/product_cat?post=2045"},{"taxonomy":"product_tag","embeddable":true,"href":"https:\/\/swoer.com\/cs\/wp-json\/wp\/v2\/product_tag?post=2045"}],"curies":[{"name":"wp","href":"https:\/\/api.w.org\/{rel}","templated":true}]}}