{"id":2015,"date":"2024-04-23T02:10:41","date_gmt":"2024-04-23T02:10:41","guid":{"rendered":"https:\/\/swoer.com\/?post_type=product&#038;p=2015"},"modified":"2024-04-23T02:18:25","modified_gmt":"2024-04-23T02:18:25","slug":"2015","status":"publish","type":"product","link":"https:\/\/swoer.com\/cs\/manufacturer\/2015\/","title":{"rendered":"Pohon elektromagnetick\u00e9ho p\u0159esn\u00e9ho vibra\u010dn\u00edho m\u00edsov\u00e9ho podava\u010de \u0159ady SW-P"},"content":{"rendered":"<h2>Popis v\u00fdrobku<\/h2>\n<table style=\"border-collapse: collapse; width: 501.77pt;\" border=\"0\" width=\"669\" cellspacing=\"0\" cellpadding=\"0\">\n<tbody>\n<tr style=\"height: 55.00pt;\">\n<td class=\"et2\" style=\"height: 55.00pt; width: 214.50pt;\" width=\"286\" height=\"73\">jm\u00e9no v\u00fdrobku<\/td>\n<td class=\"et3\" style=\"width: 287.25pt;\" width=\"383\">Pohon elektromagnetick\u00e9ho p\u0159esn\u00e9ho vibra\u010dn\u00edho m\u00edsov\u00e9ho podava\u010de \u0159ady SW-P<\/td>\n<\/tr>\n<tr style=\"height: 39.00pt;\">\n<td class=\"et4\" style=\"height: 39.00pt; width: 214.50pt;\" width=\"286\" height=\"52\">Jm\u00e9no zna\u010dky<\/td>\n<td class=\"et5\" style=\"width: 287.25pt;\" width=\"383\">SLOER<\/td>\n<\/tr>\n<tr style=\"height: 33.00pt;\">\n<td class=\"et4\" style=\"height: 33.00pt; width: 214.50pt;\" width=\"286\" height=\"44\">Nap\u011bt\u00ed<\/td>\n<td class=\"et5\" style=\"width: 287.25pt;\" width=\"383\">85-260V<\/td>\n<\/tr>\n<tr style=\"height: 42.00pt;\">\n<td class=\"et4\" style=\"height: 42.00pt; width: 214.50pt;\" width=\"286\" height=\"56\">Frekvence<\/td>\n<td class=\"et5\" style=\"width: 287.25pt;\" width=\"383\">40-400Hz<\/td>\n<\/tr>\n<tr style=\"height: 66.00pt;\">\n<td class=\"et4\" style=\"height: 66.00pt; width: 214.50pt;\" width=\"286\" height=\"88\">Poz\u00e1ru\u010dn\u00ed servis<\/td>\n<td class=\"et6\" style=\"width: 287.25pt;\" width=\"383\">Video technick\u00e1 podpora, online podpora, v\u00fdm\u011bna n\u00e1hradn\u00edch d\u00edl\u016f<\/td>\n<\/tr>\n<tr style=\"height: 51.00pt;\">\n<td class=\"et7\" style=\"height: 51.00pt; width: 214.50pt;\" width=\"286\" height=\"68\">Poskytov\u00e1n poprodejn\u00ed servis<\/td>\n<td class=\"et6\" style=\"width: 287.25pt;\" width=\"383\">Bezplatn\u00e9 n\u00e1hradn\u00ed d\u00edly, instalace v ter\u00e9nu, uveden\u00ed do provozu a \u0161kolen\u00ed<\/td>\n<\/tr>\n<tr style=\"height: 33.00pt;\">\n<td class=\"et4\" style=\"height: 33.00pt; width: 214.50pt;\" width=\"286\" height=\"44\">Z\u00e1ruka<\/td>\n<td class=\"et5\" style=\"width: 287.25pt;\" width=\"383\">1 rok<\/td>\n<\/tr>\n<tr style=\"height: 31.00pt;\">\n<td class=\"et4\" style=\"height: 31.00pt; width: 214.50pt;\" width=\"286\" height=\"41\">MOQ<\/td>\n<td class=\"et5\" style=\"width: 287.25pt;\" width=\"383\">1 set<\/td>\n<\/tr>\n<tr style=\"height: 42.00pt;\">\n<td class=\"et4\" style=\"height: 42.00pt; width: 214.50pt;\" width=\"286\" height=\"56\">Dodac\u00ed lh\u016fta<\/td>\n<td class=\"et5\" style=\"width: 287.25pt;\" width=\"383\">7-10 dn\u00ed<\/td>\n<\/tr>\n<tr style=\"height: 39.00pt;\">\n<td class=\"et4\" style=\"height: 39.00pt; width: 214.50pt;\" width=\"286\" height=\"52\">Obal<\/td>\n<td class=\"et5\" style=\"width: 287.25pt;\" width=\"383\">P\u0159ekli\u017ekov\u00e1 krabice<\/td>\n<\/tr>\n<tr style=\"height: 53.00pt;\">\n<td class=\"et4\" style=\"height: 53.00pt; width: 214.50pt;\" width=\"286\" height=\"70\">Platebn\u00ed lh\u016fta<\/td>\n<td class=\"et8\" style=\"width: 287.25pt;\" width=\"383\">T\/T 40% Z\u00e1loha a z\u016fstatek p\u0159ed odesl\u00e1n\u00edm<\/td>\n<\/tr>\n<tr style=\"height: 45.00pt;\">\n<td class=\"et9\" style=\"height: 45.00pt; width: 214.50pt;\" width=\"286\" height=\"60\">M\u00edsto p\u016fvodu<\/td>\n<td class=\"et10\" style=\"width: 287.25pt;\" width=\"383\">Guangdong, \u010c\u00edna<\/td>\n<\/tr>\n<\/tbody>\n<\/table>\n<h2><strong><span class=\"15\">Parametr<\/span><\/strong><\/h2>\n\t<div class=\"img has-hover x md-x lg-x y md-y lg-y\" id=\"image_800455461\">\n\t\t\t\t\t\t\t\t<div class=\"img-inner dark\" >\n\t\t\t<img loading=\"lazy\" decoding=\"async\" width=\"1303\" height=\"1565\" src=\"https:\/\/swoer.com\/wp-content\/uploads\/2024\/04\/Electromagnetic-Precision-Vibratory-Bowl-Feeder-Drive-SW-P-Series-Parameter.webp\" class=\"attachment-original size-original\" alt=\"Pohon elektromagnetick\u00e9ho p\u0159esn\u00e9ho vibra\u010dn\u00edho m\u00edsov\u00e9ho podava\u010de Parametr \u0159ady SW-P\" srcset=\"https:\/\/swoer.com\/wp-content\/uploads\/2024\/04\/Electromagnetic-Precision-Vibratory-Bowl-Feeder-Drive-SW-P-Series-Parameter.webp 1303w, https:\/\/swoer.com\/wp-content\/uploads\/2024\/04\/Electromagnetic-Precision-Vibratory-Bowl-Feeder-Drive-SW-P-Series-Parameter-250x300.webp 250w, https:\/\/swoer.com\/wp-content\/uploads\/2024\/04\/Electromagnetic-Precision-Vibratory-Bowl-Feeder-Drive-SW-P-Series-Parameter-853x1024.webp 853w, https:\/\/swoer.com\/wp-content\/uploads\/2024\/04\/Electromagnetic-Precision-Vibratory-Bowl-Feeder-Drive-SW-P-Series-Parameter-768x922.webp 768w, https:\/\/swoer.com\/wp-content\/uploads\/2024\/04\/Electromagnetic-Precision-Vibratory-Bowl-Feeder-Drive-SW-P-Series-Parameter-1279x1536.webp 1279w, https:\/\/swoer.com\/wp-content\/uploads\/2024\/04\/Electromagnetic-Precision-Vibratory-Bowl-Feeder-Drive-SW-P-Series-Parameter-10x12.webp 10w, https:\/\/swoer.com\/wp-content\/uploads\/2024\/04\/Electromagnetic-Precision-Vibratory-Bowl-Feeder-Drive-SW-P-Series-Parameter-600x721.webp 600w\" sizes=\"(max-width: 1303px) 100vw, 1303px\" \/>\t\t\t\t\t\t\n\t\t\t\t\t<\/div>\n\t\t\t\t\t\t\t\t\n<style>\n#image_800455461 {\n  width: 100%;\n}\n<\/style>\n\t<\/div>","protected":false},"excerpt":{"rendered":"<p>SWOER nab\u00edz\u00ed elektromagnetick\u00fd p\u0159esn\u00fd vibra\u010dn\u00ed podava\u010d m\u00edsy ze s\u00e9rie SW-P. Dodavatel se s\u00eddlem v \u010c\u00edn\u011b poskytuje \u0161est r\u016fzn\u00fdch model\u016f:<\/p>\n<p>SW-150P<\/p>\n<p>SW-200P<\/p>\n<p>SW-250P<\/p>\n<p>SW-300P<\/p>\n<p>SW-350P<\/p>\n<p>SW-400P<\/p>","protected":false},"featured_media":2016,"comment_status":"open","ping_status":"closed","template":"","meta":[],"product_cat":[46],"product_tag":[],"yoast_head":"<!-- This site is optimized with the Yoast SEO plugin v22.2 - https:\/\/yoast.com\/wordpress\/plugins\/seo\/ -->\n<title>Electromagnetic Precision Vibratory Bowl Feeder Drive SW-P Series - SWOER<\/title>\n<meta name=\"robots\" content=\"index, follow, max-snippet:-1, max-image-preview:large, max-video-preview:-1\" \/>\n<link rel=\"canonical\" href=\"https:\/\/swoer.com\/cs\/manufacturer\/2015\/\" \/>\n<meta property=\"og:locale\" content=\"cs_CZ\" \/>\n<meta property=\"og:type\" content=\"article\" \/>\n<meta property=\"og:title\" content=\"Electromagnetic Precision Vibratory Bowl Feeder Drive SW-P Series - SWOER\" \/>\n<meta property=\"og:description\" content=\"SWOER offers the Electromagnetic Precision Vibratory Bowl Feeder Drive from the SW-P Series. A China-based supplier providing six different models:  SW-150P  SW-200P  SW-250P  SW-300P  SW-350P  SW-400P\" \/>\n<meta property=\"og:url\" content=\"https:\/\/swoer.com\/cs\/manufacturer\/2015\/\" \/>\n<meta property=\"og:site_name\" content=\"SWOER\" \/>\n<meta property=\"article:modified_time\" content=\"2024-04-23T02:18:25+00:00\" \/>\n<meta property=\"og:image\" content=\"https:\/\/swoer.com\/wp-content\/uploads\/2024\/04\/Electromagnetic-Precision-Vibratory-Bowl-Feeder-Drive-SW-P-Series.webp\" \/>\n\t<meta property=\"og:image:width\" content=\"1000\" \/>\n\t<meta property=\"og:image:height\" content=\"1000\" \/>\n\t<meta property=\"og:image:type\" content=\"image\/webp\" \/>\n<meta name=\"twitter:card\" content=\"summary_large_image\" \/>\n<meta name=\"twitter:label1\" content=\"Odhadovan\u00e1 doba \u010dten\u00ed\" \/>\n\t<meta name=\"twitter:data1\" content=\"1 minuta\" \/>\n<script type=\"application\/ld+json\" class=\"yoast-schema-graph\">{\"@context\":\"https:\/\/schema.org\",\"@graph\":[{\"@type\":\"WebPage\",\"@id\":\"https:\/\/swoer.com\/manufacturer\/2015\/\",\"url\":\"https:\/\/swoer.com\/manufacturer\/2015\/\",\"name\":\"Electromagnetic Precision Vibratory Bowl Feeder Drive SW-P Series - SWOER\",\"isPartOf\":{\"@id\":\"https:\/\/swoer.com\/#website\"},\"primaryImageOfPage\":{\"@id\":\"https:\/\/swoer.com\/manufacturer\/2015\/#primaryimage\"},\"image\":{\"@id\":\"https:\/\/swoer.com\/manufacturer\/2015\/#primaryimage\"},\"thumbnailUrl\":\"https:\/\/swoer.com\/wp-content\/uploads\/2024\/04\/Electromagnetic-Precision-Vibratory-Bowl-Feeder-Drive-SW-P-Series.webp\",\"datePublished\":\"2024-04-23T02:10:41+00:00\",\"dateModified\":\"2024-04-23T02:18:25+00:00\",\"breadcrumb\":{\"@id\":\"https:\/\/swoer.com\/manufacturer\/2015\/#breadcrumb\"},\"inLanguage\":\"cs\",\"potentialAction\":[{\"@type\":\"ReadAction\",\"target\":[\"https:\/\/swoer.com\/manufacturer\/2015\/\"]}]},{\"@type\":\"ImageObject\",\"inLanguage\":\"cs\",\"@id\":\"https:\/\/swoer.com\/manufacturer\/2015\/#primaryimage\",\"url\":\"https:\/\/swoer.com\/wp-content\/uploads\/2024\/04\/Electromagnetic-Precision-Vibratory-Bowl-Feeder-Drive-SW-P-Series.webp\",\"contentUrl\":\"https:\/\/swoer.com\/wp-content\/uploads\/2024\/04\/Electromagnetic-Precision-Vibratory-Bowl-Feeder-Drive-SW-P-Series.webp\",\"width\":1000,\"height\":1000,\"caption\":\"Electromagnetic Precision Vibratory Bowl Feeder Drive SW-P Series\"},{\"@type\":\"BreadcrumbList\",\"@id\":\"https:\/\/swoer.com\/manufacturer\/2015\/#breadcrumb\",\"itemListElement\":[{\"@type\":\"ListItem\",\"position\":1,\"name\":\"Home\",\"item\":\"https:\/\/swoer.com\/\"},{\"@type\":\"ListItem\",\"position\":2,\"name\":\"Shop\",\"item\":\"https:\/\/swoer.com\/shop\/\"},{\"@type\":\"ListItem\",\"position\":3,\"name\":\"Electromagnetic Precision Vibratory Bowl Feeder Drive SW-P Series\"}]},{\"@type\":\"WebSite\",\"@id\":\"https:\/\/swoer.com\/#website\",\"url\":\"https:\/\/swoer.com\/\",\"name\":\"SWOER\",\"description\":\"Swoer is the top 3 vibratory bowl feeder manufacturer in China\",\"potentialAction\":[{\"@type\":\"SearchAction\",\"target\":{\"@type\":\"EntryPoint\",\"urlTemplate\":\"https:\/\/swoer.com\/?s={search_term_string}\"},\"query-input\":\"required name=search_term_string\"}],\"inLanguage\":\"cs\"}]}<\/script>\n<!-- \/ Yoast SEO plugin. -->","yoast_head_json":{"title":"Electromagnetic Precision Vibratory Bowl Feeder Drive SW-P Series - SWOER","robots":{"index":"index","follow":"follow","max-snippet":"max-snippet:-1","max-image-preview":"max-image-preview:large","max-video-preview":"max-video-preview:-1"},"canonical":"https:\/\/swoer.com\/cs\/manufacturer\/2015\/","og_locale":"cs_CZ","og_type":"article","og_title":"Electromagnetic Precision Vibratory Bowl Feeder Drive SW-P Series - SWOER","og_description":"SWOER offers the Electromagnetic Precision Vibratory Bowl Feeder Drive from the SW-P Series. A China-based supplier providing six different models:  SW-150P  SW-200P  SW-250P  SW-300P  SW-350P  SW-400P","og_url":"https:\/\/swoer.com\/cs\/manufacturer\/2015\/","og_site_name":"SWOER","article_modified_time":"2024-04-23T02:18:25+00:00","og_image":[{"width":1000,"height":1000,"url":"https:\/\/swoer.com\/wp-content\/uploads\/2024\/04\/Electromagnetic-Precision-Vibratory-Bowl-Feeder-Drive-SW-P-Series.webp","type":"image\/webp"}],"twitter_card":"summary_large_image","twitter_misc":{"Odhadovan\u00e1 doba \u010dten\u00ed":"1 minuta"},"schema":{"@context":"https:\/\/schema.org","@graph":[{"@type":"WebPage","@id":"https:\/\/swoer.com\/manufacturer\/2015\/","url":"https:\/\/swoer.com\/manufacturer\/2015\/","name":"Electromagnetic Precision Vibratory Bowl Feeder Drive SW-P Series - SWOER","isPartOf":{"@id":"https:\/\/swoer.com\/#website"},"primaryImageOfPage":{"@id":"https:\/\/swoer.com\/manufacturer\/2015\/#primaryimage"},"image":{"@id":"https:\/\/swoer.com\/manufacturer\/2015\/#primaryimage"},"thumbnailUrl":"https:\/\/swoer.com\/wp-content\/uploads\/2024\/04\/Electromagnetic-Precision-Vibratory-Bowl-Feeder-Drive-SW-P-Series.webp","datePublished":"2024-04-23T02:10:41+00:00","dateModified":"2024-04-23T02:18:25+00:00","breadcrumb":{"@id":"https:\/\/swoer.com\/manufacturer\/2015\/#breadcrumb"},"inLanguage":"cs","potentialAction":[{"@type":"ReadAction","target":["https:\/\/swoer.com\/manufacturer\/2015\/"]}]},{"@type":"ImageObject","inLanguage":"cs","@id":"https:\/\/swoer.com\/manufacturer\/2015\/#primaryimage","url":"https:\/\/swoer.com\/wp-content\/uploads\/2024\/04\/Electromagnetic-Precision-Vibratory-Bowl-Feeder-Drive-SW-P-Series.webp","contentUrl":"https:\/\/swoer.com\/wp-content\/uploads\/2024\/04\/Electromagnetic-Precision-Vibratory-Bowl-Feeder-Drive-SW-P-Series.webp","width":1000,"height":1000,"caption":"Electromagnetic Precision Vibratory Bowl Feeder Drive SW-P Series"},{"@type":"BreadcrumbList","@id":"https:\/\/swoer.com\/manufacturer\/2015\/#breadcrumb","itemListElement":[{"@type":"ListItem","position":1,"name":"Home","item":"https:\/\/swoer.com\/"},{"@type":"ListItem","position":2,"name":"Shop","item":"https:\/\/swoer.com\/shop\/"},{"@type":"ListItem","position":3,"name":"Electromagnetic Precision Vibratory Bowl Feeder Drive SW-P Series"}]},{"@type":"WebSite","@id":"https:\/\/swoer.com\/#website","url":"https:\/\/swoer.com\/","name":"SWOER","description":"Swoer is the top 3 vibratory bowl feeder manufacturer in China","potentialAction":[{"@type":"SearchAction","target":{"@type":"EntryPoint","urlTemplate":"https:\/\/swoer.com\/?s={search_term_string}"},"query-input":"required name=search_term_string"}],"inLanguage":"cs"}]}},"_links":{"self":[{"href":"https:\/\/swoer.com\/cs\/wp-json\/wp\/v2\/product\/2015"}],"collection":[{"href":"https:\/\/swoer.com\/cs\/wp-json\/wp\/v2\/product"}],"about":[{"href":"https:\/\/swoer.com\/cs\/wp-json\/wp\/v2\/types\/product"}],"replies":[{"embeddable":true,"href":"https:\/\/swoer.com\/cs\/wp-json\/wp\/v2\/comments?post=2015"}],"wp:featuredmedia":[{"embeddable":true,"href":"https:\/\/swoer.com\/cs\/wp-json\/wp\/v2\/media\/2016"}],"wp:attachment":[{"href":"https:\/\/swoer.com\/cs\/wp-json\/wp\/v2\/media?parent=2015"}],"wp:term":[{"taxonomy":"product_cat","embeddable":true,"href":"https:\/\/swoer.com\/cs\/wp-json\/wp\/v2\/product_cat?post=2015"},{"taxonomy":"product_tag","embeddable":true,"href":"https:\/\/swoer.com\/cs\/wp-json\/wp\/v2\/product_tag?post=2015"}],"curies":[{"name":"wp","href":"https:\/\/api.w.org\/{rel}","templated":true}]}}