{"id":1994,"date":"2024-04-18T02:15:58","date_gmt":"2024-04-18T02:15:58","guid":{"rendered":"https:\/\/swoer.com\/?post_type=product&#038;p=1994"},"modified":"2024-04-18T02:24:06","modified_gmt":"2024-04-18T02:24:06","slug":"precision-piezoelectric-frequency-vibratory-feeder-controller-sw-40f","status":"publish","type":"product","link":"https:\/\/swoer.com\/cs\/manufacturer\/precision-piezoelectric-frequency-vibratory-feeder-controller-sw-40f\/","title":{"rendered":"P\u0159esn\u00fd piezoelektrick\u00fd frekven\u010dn\u00ed vibra\u010dn\u00ed podava\u010d SW-40F"},"content":{"rendered":"<h2>Funkce<\/h2>\n<p>Rozm\u011bry: D150mm*\u016069mm*V70mm90mm<\/p>\n<p>Velikost instala\u010dn\u00edho otvoru: 130mm*62mm Z\u00e1ruka 3 roky<\/p>\n<p><strong>1.<\/strong> Vysok\u00fd \u00fa\u010din\u00edk, v\u00fdrazn\u011b \u0161et\u0159\u00ed n\u00e1klady na elekt\u0159inu. Ve srovn\u00e1n\u00ed s b\u011b\u017en\u00fdm ovlada\u010dem jako u nejb\u011b\u017en\u011bji pou\u017e\u00edvan\u00e9ho 1,5A proudu pohonu, p\u0159edpokl\u00e1dejme 1,0 RMB na kilowatt, pou\u017eit\u00ed tohoto ovlada\u010de osm hodin denn\u011b m\u016f\u017ee u\u0161et\u0159it asi 1,6 RMB elekt\u0159iny.<\/p>\n<p><strong>2.<\/strong> Vysoce v\u00fdkonn\u00e9 inteligentn\u00ed fotoelektrick\u00e9 rozhran\u00ed pro p\u0159ipojen\u00ed extern\u00edho fotoelektrick\u00e9ho senzoru (k dispozici je z\u00e1\u0159en\u00ed a odraz), vestav\u011bn\u00e1 digit\u00e1ln\u00ed technologie rozpozn\u00e1v\u00e1n\u00ed fuzzy ve stroji, krom\u011b adaptivn\u00edho okoln\u00edho sv\u011btla lze citlivost nastavit na 99 fotoelektrick\u00fdch, bez n\u00e1kladn\u00e9ho vl\u00e1kna optick\u00fd senzor, p\u0159esn\u00e1 identifikace mal\u00e9ho nebo pr\u016fsvitn\u00e9ho pod\u00e1v\u00e1n\u00ed obrobku.<\/p>\n<p><strong>3.<\/strong> Rychl\u00fd kyvadlov\u00fd provoz, patentovan\u00fd design, rychl\u00fd a p\u0159esn\u00fd, spolehliv\u00fd a odoln\u00fd.<\/p>\n<p><strong>4.<\/strong> Optimalizace extern\u00edho ovl\u00e1dac\u00edho konektoru, flexibiln\u00ed a pohodln\u00e1 instalace.<\/p>\n<p><strong>5.<\/strong> Vestav\u011bn\u00fd inteligentn\u00ed program pomal\u00e9ho startu a pomal\u00e9ho zastaven\u00ed zaji\u0161\u0165uje plynul\u00e9 pod\u00e1v\u00e1n\u00ed momentu startu a zastaven\u00ed.<\/p>\n<p><strong>6.<\/strong> V\u00fdstup 24V 200mA DC nap\u00e1jen\u00ed.<\/p>\n<p><strong>7.<\/strong> P\u0159ij\u00edm\u00e1 vysoce v\u00fdkonn\u00e1 nap\u00e1jec\u00ed za\u0159\u00edzen\u00ed, sni\u017euje tepeln\u00e9 ztr\u00e1ty a optimalizuje tepeln\u00fd design, sni\u017euje n\u00e1r\u016fst teploty, pracuje stabiln\u011bji a spolehliv\u011bji.<\/p>\n<p><strong>8.<\/strong> Vysoce p\u0159esn\u00fd regul\u00e1tor, v p\u0159\u00edpad\u011b kol\u00eds\u00e1n\u00ed nap\u011bt\u00ed v rozvodn\u00e9 s\u00edti, udr\u017euje v\u00fdstupn\u00ed nap\u011bt\u00ed stabiln\u00ed a m\u016f\u017ee \u00fa\u010dinn\u011b potla\u010dit efekt \u00fader\u016f zp\u016fsoben\u00fd nap\u00e1jec\u00ed frekvenc\u00ed.<\/p>\n<p><strong>9.<\/strong> P\u0159izp\u016fsobiteln\u00e9 nastaven\u00ed horn\u00ed hranice v\u00fdstupn\u00edho nap\u011bt\u00ed tak, aby vyhovovalo r\u016fzn\u00fdm aplikac\u00edm a po\u017eadovan\u00fdm strojn\u00edm za\u0159\u00edzen\u00edm.<\/p>\n<p><strong>10.<\/strong> Vysoce integrovan\u00fd syst\u00e9m, optimalizovan\u00e9 rozm\u011bry, n\u00edzk\u00e1 hmotnost, mal\u00e9 rozm\u011bry, snadn\u00e1 instalace.<\/p>\n<p><strong>11.<\/strong> Pln\u011b uzav\u0159en\u00e9 bydlen\u00ed, p\u0159izp\u016fsoben\u00e9 nep\u0159\u00e1telsk\u00e9mu pracovn\u00edmu prost\u0159ed\u00ed.<\/p>\n<p><strong>12.<\/strong> S ochranou proti p\u0159eh\u0159\u00e1t\u00ed, p\u0159et\u00ed\u017een\u00ed, zkratu v\u00fdstupu.<\/p>\n<h2><strong>Technick\u00e9 specifikace<\/strong><\/h2>\n<table style=\"border-collapse: collapse; width: 633.77pt;\" border=\"0\" width=\"845\" cellspacing=\"0\" cellpadding=\"0\">\n<tbody>\n<tr style=\"height: 17.25pt;\">\n<td class=\"et2\" style=\"height: 33.75pt; width: 125.25pt;\" rowspan=\"2\" width=\"167\" height=\"45\">Polo\u017eka<\/td>\n<td class=\"et3\" style=\"width: 201.00pt;\" colspan=\"2\" width=\"268\">Hodnota rozsahu<\/td>\n<td class=\"et4\" style=\"width: 99.75pt; border-bottom: 1.0pt solid #DDDDDD;\" rowspan=\"2\" width=\"133\">Jednotka<\/td>\n<td class=\"et5\" style=\"width: 207.75pt;\" rowspan=\"2\" width=\"277\">Pozn\u00e1mka<\/td>\n<\/tr>\n<tr style=\"height: 16.50pt;\">\n<td class=\"et7\" style=\"width: 99.00pt;\" width=\"132\">Min.<\/td>\n<td class=\"et7\" style=\"width: 102.00pt;\" width=\"136\">Max.<\/td>\n<\/tr>\n<tr style=\"height: 45.75pt;\">\n<td class=\"et6\" style=\"height: 45.75pt; width: 125.25pt;\" width=\"167\" height=\"61\">Vstupn\u00ed nap\u011bt\u00ed<\/td>\n<td class=\"et10\" style=\"width: 99.00pt;\" width=\"132\">85<\/td>\n<td class=\"et10\" style=\"width: 102.00pt;\" width=\"136\">265<\/td>\n<td class=\"et10\" style=\"width: 99.75pt;\" width=\"133\">PROTI<\/td>\n<td class=\"et11\" style=\"width: 207.75pt;\" width=\"277\">Sinusov\u00e1 vlna 50\/60 Hz<\/td>\n<\/tr>\n<tr style=\"height: 75.75pt;\">\n<td class=\"et6\" style=\"height: 75.75pt; width: 125.25pt;\" width=\"167\" height=\"101\">V\u00fdstupn\u00ed nap\u011bt\u00ed<\/td>\n<td class=\"et10\" style=\"width: 99.00pt;\" width=\"132\">0<\/td>\n<td class=\"et10\" style=\"width: 102.00pt;\" width=\"136\">250<\/td>\n<td class=\"et10\" style=\"width: 99.75pt;\" width=\"133\">PROTI<\/td>\n<td class=\"et11\" style=\"width: 207.75pt;\" width=\"277\">P\u0159esnost regulace nap\u011bt\u00ed: 1v<\/td>\n<\/tr>\n<tr style=\"height: 60.75pt;\">\n<td class=\"et6\" style=\"height: 60.75pt; width: 125.25pt;\" width=\"167\" height=\"81\">V\u00fdstupn\u00ed proud<\/td>\n<td class=\"et10\" style=\"width: 99.00pt;\" width=\"132\">0<\/td>\n<td class=\"et10\" style=\"width: 102.00pt;\" width=\"136\">4.5<\/td>\n<td class=\"et10\" style=\"width: 99.75pt;\" width=\"133\">A<\/td>\n<td class=\"et11\" style=\"width: 207.75pt;\" width=\"277\">V\u00fdkon: 1,5A\/3a\/4,5A<\/td>\n<\/tr>\n<tr style=\"height: 60.75pt;\">\n<td class=\"et6\" style=\"height: 60.75pt; width: 125.25pt;\" width=\"167\" height=\"81\">V\u00fdstupn\u00ed frekvence<\/td>\n<td class=\"et10\" style=\"width: 99.00pt;\" width=\"132\">40<\/td>\n<td class=\"et10\" style=\"width: 102.00pt;\" width=\"136\">400<\/td>\n<td class=\"et10\" style=\"width: 99.75pt;\" width=\"133\">Hz<\/td>\n<td class=\"et11\" style=\"width: 207.75pt;\" width=\"277\">P\u0159esnost frekven\u010dn\u00edho rozsahu: 0,1Hz<\/td>\n<\/tr>\n<tr style=\"height: 33.00pt;\">\n<td class=\"et6\" style=\"height: 33.00pt; width: 125.25pt;\" width=\"167\" height=\"44\">V\u00fdstupn\u00ed vlna<\/td>\n<td class=\"et10\" style=\"width: 508.50pt;\" colspan=\"4\" width=\"678\">Sinusoida<\/td>\n<\/tr>\n<tr style=\"height: 63.75pt;\">\n<td class=\"et6\" style=\"height: 63.75pt; width: 125.25pt;\" width=\"167\" height=\"85\">\u010casov\u00fd rozsah zpo\u017ed\u011bn\u00ed startu<\/td>\n<td class=\"et10\" style=\"width: 99.00pt;\" width=\"132\">0<\/td>\n<td class=\"et10\" style=\"width: 102.00pt;\" width=\"136\">30<\/td>\n<td class=\"et10\" style=\"width: 99.75pt;\" width=\"133\">S<\/td>\n<td class=\"et11\" style=\"width: 207.75pt;\" width=\"277\">P\u0159esnost \u010dasu zpo\u017ed\u011bn\u00ed: 15<\/td>\n<\/tr>\n<tr style=\"height: 60.75pt;\">\n<td class=\"et6\" style=\"height: 60.75pt; width: 125.25pt;\" width=\"167\" height=\"81\">Rozsah doby zpo\u017ed\u011bn\u00ed vypnut\u00ed<\/td>\n<td class=\"et10\" style=\"width: 99.00pt;\" width=\"132\">0<\/td>\n<td class=\"et10\" style=\"width: 102.00pt;\" width=\"136\">30<\/td>\n<td class=\"et10\" style=\"width: 99.75pt;\" width=\"133\">S<\/td>\n<td class=\"et11\" style=\"width: 207.75pt;\" width=\"277\">P\u0159esnost \u010dasu zpo\u017ed\u011bn\u00ed: 15<\/td>\n<\/tr>\n<tr style=\"height: 60.75pt;\">\n<td class=\"et6\" style=\"height: 60.75pt; width: 125.25pt;\" width=\"167\" height=\"81\">Pomal\u00fd \u010das startu<\/td>\n<td class=\"et10\" style=\"width: 99.00pt;\" width=\"132\">0.1<\/td>\n<td class=\"et10\" style=\"width: 102.00pt;\" width=\"136\">9.9<\/td>\n<td class=\"et10\" style=\"width: 99.75pt;\" width=\"133\">S<\/td>\n<td class=\"et11\" style=\"width: 207.75pt;\" width=\"277\">\u010cas pomal\u00e9ho startu: 0,15<\/td>\n<\/tr>\n<tr style=\"height: 48.00pt;\">\n<td class=\"et6\" style=\"height: 48.00pt; width: 125.25pt;\" width=\"167\" height=\"64\">Pomal\u00fd \u010das zastaven\u00ed<\/td>\n<td class=\"et10\" style=\"width: 99.00pt;\" width=\"132\">0.1<\/td>\n<td class=\"et10\" style=\"width: 102.00pt;\" width=\"136\">0.3<\/td>\n<td class=\"et10\" style=\"width: 99.75pt;\" width=\"133\">S<\/td>\n<td class=\"et11\" style=\"width: 207.75pt;\" width=\"277\">Programov\u00e9 automatick\u00e9 ovl\u00e1d\u00e1n\u00ed<\/td>\n<\/tr>\n<tr style=\"height: 120.75pt;\">\n<td class=\"et6\" style=\"height: 120.75pt; width: 125.25pt;\" width=\"167\" height=\"161\">Fotoelektrick\u00e1 citlivost<\/td>\n<td class=\"et10\" style=\"width: 99.00pt;\" width=\"132\">0<\/td>\n<td class=\"et10\" style=\"width: 102.00pt;\" width=\"136\">99<\/td>\n<td class=\"et12\" style=\"width: 99.75pt;\" width=\"133\">\u00a0<\/td>\n<td class=\"et11\" style=\"width: 207.75pt;\" width=\"277\">\u010c\u00edm vy\u0161\u0161\u00ed je hodnota. \u010c\u00edm v\u011bt\u0161\u00ed je citlivost<\/td>\n<\/tr>\n<tr style=\"height: 136.50pt;\">\n<td class=\"et6\" style=\"height: 136.50pt; width: 125.25pt;\" width=\"167\" height=\"182\">DC \u0159\u00eddic\u00ed v\u00fdstup<\/td>\n<td class=\"et10\" style=\"width: 201.00pt;\" colspan=\"2\" width=\"268\">24V 200mA<\/td>\n<td class=\"et12\" style=\"width: 99.75pt;\" width=\"133\">\u00a0<\/td>\n<td class=\"et11\" style=\"width: 207.75pt;\" width=\"277\">Poh\u00e1n\u00ed extern\u00ed senzory a n\u00edzkop\u0159\u00edkonov\u00e9 solenoidov\u00e9 ventily pro nap\u00e1jen\u00ed<\/td>\n<\/tr>\n<tr style=\"height: 64.50pt;\">\n<td class=\"et6\" style=\"height: 64.50pt; width: 125.25pt;\" width=\"167\" height=\"86\">Spot\u0159eba energie bez z\u00e1t\u011b\u017ee<\/td>\n<td class=\"et10\" style=\"width: 201.00pt;\" colspan=\"2\" width=\"268\">\uff1c3W<\/td>\n<td class=\"et10\" style=\"width: 99.75pt;\" width=\"133\">W<\/td>\n<td class=\"et11\" style=\"width: 207.75pt;\" width=\"277\">Vstupn\u00ed nap\u011bt\u00ed: 220V 50Hz<\/td>\n<\/tr>\n<tr style=\"height: 33.00pt;\">\n<td class=\"et6\" style=\"height: 33.00pt; width: 125.25pt;\" width=\"167\" height=\"44\">Zobrazovac\u00ed m\u00f3d<\/td>\n<td class=\"et10\" style=\"width: 201.00pt;\" colspan=\"2\" width=\"268\">LED + kontrolka 5<\/td>\n<td class=\"et12\" style=\"width: 99.75pt;\" width=\"133\">\u00a0<\/td>\n<td class=\"et13\" style=\"width: 207.75pt;\" width=\"277\">\u00a0<\/td>\n<\/tr>\n<tr style=\"height: 91.50pt;\">\n<td class=\"et6\" style=\"height: 91.50pt; width: 125.25pt;\" width=\"167\" height=\"122\">Opera\u010dn\u00ed m\u00f3d<\/td>\n<td class=\"et10\" style=\"width: 201.00pt;\" colspan=\"2\" width=\"268\">Kl\u00ed\u010de + k\u00f3dovac\u00ed sp\u00edna\u010d<\/td>\n<td class=\"et12\" style=\"width: 99.75pt;\" width=\"133\">\u00a0<\/td>\n<td class=\"et11\" style=\"width: 207.75pt;\" width=\"277\">Rychl\u00fd kyvadlov\u00fd provoz, patentovan\u00fd design<\/td>\n<\/tr>\n<tr style=\"height: 76.50pt;\">\n<td class=\"et6\" style=\"height: 182.25pt; width: 125.25pt;\" rowspan=\"2\" width=\"167\" height=\"243\">Re\u017eim ovl\u00e1d\u00e1n\u00ed<\/td>\n<td class=\"et10\" style=\"width: 99.00pt;\" width=\"132\">S infra\u010derven\u00fdm fotoelektrick\u00fdm senzorem<\/td>\n<td class=\"et12\" style=\"width: 102.00pt;\" width=\"136\">\u00a0<\/td>\n<td class=\"et12\" style=\"width: 99.75pt;\" width=\"133\">\u00a0<\/td>\n<td class=\"et11\" style=\"width: 207.75pt;\" rowspan=\"2\" width=\"277\">\u0158\u00edzen\u00ed vypnut\u00ed materi\u00e1lu pln\u00e9ho\/pr\u00e1zdn\u00e9ho materi\u00e1lu<\/td>\n<\/tr>\n<tr style=\"height: 105.75pt;\">\n<td class=\"et10\" style=\"width: 99.00pt;\" width=\"132\">N\u00edzko\u00farov\u0148ov\u00fd sign\u00e1l (NPN univerz\u00e1ln\u00ed senzor nebo PLC)<\/td>\n<td class=\"et12\" style=\"width: 102.00pt;\" width=\"136\">\u00a0<\/td>\n<td class=\"et12\" style=\"width: 99.75pt;\" width=\"133\">\u00a0<\/td>\n<\/tr>\n<tr style=\"height: 60.75pt;\">\n<td class=\"et6\" style=\"height: 60.75pt; width: 125.25pt;\" width=\"167\" height=\"81\">Pracovn\u00ed teplota<\/td>\n<td class=\"et10\" style=\"width: 99.00pt;\" width=\"132\">-20<\/td>\n<td class=\"et10\" style=\"width: 102.00pt;\" width=\"136\">40<\/td>\n<td class=\"et10\" style=\"width: 99.75pt;\" width=\"133\">\u2103<\/td>\n<td class=\"et11\" style=\"width: 207.75pt;\" width=\"277\">Ochrana proti p\u0159eh\u0159\u00e1t\u00ed: 58\u2103<\/td>\n<\/tr>\n<tr style=\"height: 48.00pt;\">\n<td class=\"et6\" style=\"height: 48.00pt; width: 125.25pt;\" width=\"167\" height=\"64\">Pracovn\u00ed relativn\u00ed vlhkost<\/td>\n<td class=\"et10\" style=\"width: 99.00pt;\" width=\"132\">0<\/td>\n<td class=\"et10\" style=\"width: 102.00pt;\" width=\"136\">90<\/td>\n<td class=\"et10\" style=\"width: 99.75pt;\" width=\"133\">%<\/td>\n<td class=\"et11\" style=\"width: 207.75pt;\" width=\"277\">Bez kondenz\u00e1tu<\/td>\n<\/tr>\n<tr style=\"height: 64.50pt;\">\n<td class=\"et6\" style=\"height: 64.50pt; width: 125.25pt;\" width=\"167\" height=\"86\">Ochrann\u00e1 opat\u0159en\u00ed<\/td>\n<td class=\"et10\" style=\"width: 508.50pt;\" colspan=\"4\" width=\"678\">Ochrana proti p\u0159eh\u0159\u00e1t\u00ed, nadproud, ochrana proti zkratu na v\u00fdstupu<\/td>\n<\/tr>\n<tr style=\"height: 31.50pt;\">\n<td class=\"et14\" style=\"height: 31.50pt; width: 125.25pt;\" width=\"167\" height=\"42\">aplikace<\/td>\n<td class=\"et15\" style=\"width: 508.50pt;\" colspan=\"4\" width=\"678\">Elektromagnetick\u00e9<\/td>\n<\/tr>\n<\/tbody>\n<\/table>","protected":false},"excerpt":{"rendered":"<p>P\u0159esn\u00fd piezoelektrick\u00fd frekven\u010dn\u00ed vibra\u010dn\u00ed ovlada\u010d podava\u010de SW-40F je vysoce v\u00fdkonn\u00e9 za\u0159\u00edzen\u00ed navr\u017een\u00e9 pro efektivn\u00ed a p\u0159esn\u00e9 operace pod\u00e1v\u00e1n\u00ed.<\/p>","protected":false},"featured_media":1995,"comment_status":"open","ping_status":"closed","template":"","meta":[],"product_cat":[45],"product_tag":[],"yoast_head":"<!-- This site is optimized with the Yoast SEO plugin v22.2 - https:\/\/yoast.com\/wordpress\/plugins\/seo\/ -->\n<title>Precision Piezoelectric Frequency Vibratory Feeder Controller SW-40F - SWOER<\/title>\n<meta name=\"robots\" content=\"index, follow, max-snippet:-1, max-image-preview:large, max-video-preview:-1\" \/>\n<link rel=\"canonical\" href=\"https:\/\/swoer.com\/cs\/manufacturer\/precision-piezoelectric-frequency-vibratory-feeder-controller-sw-40f\/\" \/>\n<meta property=\"og:locale\" content=\"cs_CZ\" \/>\n<meta property=\"og:type\" content=\"article\" \/>\n<meta property=\"og:title\" content=\"Precision Piezoelectric Frequency Vibratory Feeder Controller SW-40F - SWOER\" \/>\n<meta property=\"og:description\" content=\"The precision piezoelectric frequency vibrating feeder controller SW-40F is a high-performance device designed for efficient and precise feeding operations.\" \/>\n<meta property=\"og:url\" content=\"https:\/\/swoer.com\/cs\/manufacturer\/precision-piezoelectric-frequency-vibratory-feeder-controller-sw-40f\/\" \/>\n<meta property=\"og:site_name\" content=\"SWOER\" \/>\n<meta property=\"article:modified_time\" content=\"2024-04-18T02:24:06+00:00\" \/>\n<meta property=\"og:image\" content=\"https:\/\/swoer.com\/wp-content\/uploads\/2024\/04\/vibratory-feeder-controller-SW-40F.webp\" \/>\n\t<meta property=\"og:image:width\" content=\"1000\" \/>\n\t<meta property=\"og:image:height\" content=\"1000\" \/>\n\t<meta property=\"og:image:type\" content=\"image\/webp\" \/>\n<meta name=\"twitter:card\" content=\"summary_large_image\" \/>\n<meta name=\"twitter:label1\" content=\"Odhadovan\u00e1 doba \u010dten\u00ed\" \/>\n\t<meta name=\"twitter:data1\" content=\"1 minuta\" \/>\n<script type=\"application\/ld+json\" class=\"yoast-schema-graph\">{\"@context\":\"https:\/\/schema.org\",\"@graph\":[{\"@type\":\"WebPage\",\"@id\":\"https:\/\/swoer.com\/manufacturer\/precision-piezoelectric-frequency-vibratory-feeder-controller-sw-40f\/\",\"url\":\"https:\/\/swoer.com\/manufacturer\/precision-piezoelectric-frequency-vibratory-feeder-controller-sw-40f\/\",\"name\":\"Precision Piezoelectric Frequency Vibratory Feeder Controller SW-40F - SWOER\",\"isPartOf\":{\"@id\":\"https:\/\/swoer.com\/#website\"},\"primaryImageOfPage\":{\"@id\":\"https:\/\/swoer.com\/manufacturer\/precision-piezoelectric-frequency-vibratory-feeder-controller-sw-40f\/#primaryimage\"},\"image\":{\"@id\":\"https:\/\/swoer.com\/manufacturer\/precision-piezoelectric-frequency-vibratory-feeder-controller-sw-40f\/#primaryimage\"},\"thumbnailUrl\":\"https:\/\/swoer.com\/wp-content\/uploads\/2024\/04\/vibratory-feeder-controller-SW-40F.webp\",\"datePublished\":\"2024-04-18T02:15:58+00:00\",\"dateModified\":\"2024-04-18T02:24:06+00:00\",\"breadcrumb\":{\"@id\":\"https:\/\/swoer.com\/manufacturer\/precision-piezoelectric-frequency-vibratory-feeder-controller-sw-40f\/#breadcrumb\"},\"inLanguage\":\"cs\",\"potentialAction\":[{\"@type\":\"ReadAction\",\"target\":[\"https:\/\/swoer.com\/manufacturer\/precision-piezoelectric-frequency-vibratory-feeder-controller-sw-40f\/\"]}]},{\"@type\":\"ImageObject\",\"inLanguage\":\"cs\",\"@id\":\"https:\/\/swoer.com\/manufacturer\/precision-piezoelectric-frequency-vibratory-feeder-controller-sw-40f\/#primaryimage\",\"url\":\"https:\/\/swoer.com\/wp-content\/uploads\/2024\/04\/vibratory-feeder-controller-SW-40F.webp\",\"contentUrl\":\"https:\/\/swoer.com\/wp-content\/uploads\/2024\/04\/vibratory-feeder-controller-SW-40F.webp\",\"width\":1000,\"height\":1000,\"caption\":\"vibratory feeder controller SW-40F\"},{\"@type\":\"BreadcrumbList\",\"@id\":\"https:\/\/swoer.com\/manufacturer\/precision-piezoelectric-frequency-vibratory-feeder-controller-sw-40f\/#breadcrumb\",\"itemListElement\":[{\"@type\":\"ListItem\",\"position\":1,\"name\":\"Home\",\"item\":\"https:\/\/swoer.com\/\"},{\"@type\":\"ListItem\",\"position\":2,\"name\":\"Shop\",\"item\":\"https:\/\/swoer.com\/shop\/\"},{\"@type\":\"ListItem\",\"position\":3,\"name\":\"Precision Piezoelectric Frequency Vibratory Feeder Controller SW-40F\"}]},{\"@type\":\"WebSite\",\"@id\":\"https:\/\/swoer.com\/#website\",\"url\":\"https:\/\/swoer.com\/\",\"name\":\"SWOER\",\"description\":\"Swoer is the top 3 vibratory bowl feeder manufacturer in China\",\"potentialAction\":[{\"@type\":\"SearchAction\",\"target\":{\"@type\":\"EntryPoint\",\"urlTemplate\":\"https:\/\/swoer.com\/?s={search_term_string}\"},\"query-input\":\"required name=search_term_string\"}],\"inLanguage\":\"cs\"}]}<\/script>\n<!-- \/ Yoast SEO plugin. -->","yoast_head_json":{"title":"Precision Piezoelectric Frequency Vibratory Feeder Controller SW-40F - SWOER","robots":{"index":"index","follow":"follow","max-snippet":"max-snippet:-1","max-image-preview":"max-image-preview:large","max-video-preview":"max-video-preview:-1"},"canonical":"https:\/\/swoer.com\/cs\/manufacturer\/precision-piezoelectric-frequency-vibratory-feeder-controller-sw-40f\/","og_locale":"cs_CZ","og_type":"article","og_title":"Precision Piezoelectric Frequency Vibratory Feeder Controller SW-40F - SWOER","og_description":"The precision piezoelectric frequency vibrating feeder controller SW-40F is a high-performance device designed for efficient and precise feeding operations.","og_url":"https:\/\/swoer.com\/cs\/manufacturer\/precision-piezoelectric-frequency-vibratory-feeder-controller-sw-40f\/","og_site_name":"SWOER","article_modified_time":"2024-04-18T02:24:06+00:00","og_image":[{"width":1000,"height":1000,"url":"https:\/\/swoer.com\/wp-content\/uploads\/2024\/04\/vibratory-feeder-controller-SW-40F.webp","type":"image\/webp"}],"twitter_card":"summary_large_image","twitter_misc":{"Odhadovan\u00e1 doba \u010dten\u00ed":"1 minuta"},"schema":{"@context":"https:\/\/schema.org","@graph":[{"@type":"WebPage","@id":"https:\/\/swoer.com\/manufacturer\/precision-piezoelectric-frequency-vibratory-feeder-controller-sw-40f\/","url":"https:\/\/swoer.com\/manufacturer\/precision-piezoelectric-frequency-vibratory-feeder-controller-sw-40f\/","name":"Precision Piezoelectric Frequency Vibratory Feeder Controller SW-40F - SWOER","isPartOf":{"@id":"https:\/\/swoer.com\/#website"},"primaryImageOfPage":{"@id":"https:\/\/swoer.com\/manufacturer\/precision-piezoelectric-frequency-vibratory-feeder-controller-sw-40f\/#primaryimage"},"image":{"@id":"https:\/\/swoer.com\/manufacturer\/precision-piezoelectric-frequency-vibratory-feeder-controller-sw-40f\/#primaryimage"},"thumbnailUrl":"https:\/\/swoer.com\/wp-content\/uploads\/2024\/04\/vibratory-feeder-controller-SW-40F.webp","datePublished":"2024-04-18T02:15:58+00:00","dateModified":"2024-04-18T02:24:06+00:00","breadcrumb":{"@id":"https:\/\/swoer.com\/manufacturer\/precision-piezoelectric-frequency-vibratory-feeder-controller-sw-40f\/#breadcrumb"},"inLanguage":"cs","potentialAction":[{"@type":"ReadAction","target":["https:\/\/swoer.com\/manufacturer\/precision-piezoelectric-frequency-vibratory-feeder-controller-sw-40f\/"]}]},{"@type":"ImageObject","inLanguage":"cs","@id":"https:\/\/swoer.com\/manufacturer\/precision-piezoelectric-frequency-vibratory-feeder-controller-sw-40f\/#primaryimage","url":"https:\/\/swoer.com\/wp-content\/uploads\/2024\/04\/vibratory-feeder-controller-SW-40F.webp","contentUrl":"https:\/\/swoer.com\/wp-content\/uploads\/2024\/04\/vibratory-feeder-controller-SW-40F.webp","width":1000,"height":1000,"caption":"vibratory feeder controller SW-40F"},{"@type":"BreadcrumbList","@id":"https:\/\/swoer.com\/manufacturer\/precision-piezoelectric-frequency-vibratory-feeder-controller-sw-40f\/#breadcrumb","itemListElement":[{"@type":"ListItem","position":1,"name":"Home","item":"https:\/\/swoer.com\/"},{"@type":"ListItem","position":2,"name":"Shop","item":"https:\/\/swoer.com\/shop\/"},{"@type":"ListItem","position":3,"name":"Precision Piezoelectric Frequency Vibratory Feeder Controller SW-40F"}]},{"@type":"WebSite","@id":"https:\/\/swoer.com\/#website","url":"https:\/\/swoer.com\/","name":"SWOER","description":"Swoer is the top 3 vibratory bowl feeder manufacturer in China","potentialAction":[{"@type":"SearchAction","target":{"@type":"EntryPoint","urlTemplate":"https:\/\/swoer.com\/?s={search_term_string}"},"query-input":"required name=search_term_string"}],"inLanguage":"cs"}]}},"_links":{"self":[{"href":"https:\/\/swoer.com\/cs\/wp-json\/wp\/v2\/product\/1994"}],"collection":[{"href":"https:\/\/swoer.com\/cs\/wp-json\/wp\/v2\/product"}],"about":[{"href":"https:\/\/swoer.com\/cs\/wp-json\/wp\/v2\/types\/product"}],"replies":[{"embeddable":true,"href":"https:\/\/swoer.com\/cs\/wp-json\/wp\/v2\/comments?post=1994"}],"wp:featuredmedia":[{"embeddable":true,"href":"https:\/\/swoer.com\/cs\/wp-json\/wp\/v2\/media\/1995"}],"wp:attachment":[{"href":"https:\/\/swoer.com\/cs\/wp-json\/wp\/v2\/media?parent=1994"}],"wp:term":[{"taxonomy":"product_cat","embeddable":true,"href":"https:\/\/swoer.com\/cs\/wp-json\/wp\/v2\/product_cat?post=1994"},{"taxonomy":"product_tag","embeddable":true,"href":"https:\/\/swoer.com\/cs\/wp-json\/wp\/v2\/product_tag?post=1994"}],"curies":[{"name":"wp","href":"https:\/\/api.w.org\/{rel}","templated":true}]}}