{"id":1989,"date":"2024-04-16T06:05:57","date_gmt":"2024-04-16T06:05:57","guid":{"rendered":"https:\/\/swoer.com\/?post_type=product&#038;p=1989"},"modified":"2024-04-16T06:17:14","modified_gmt":"2024-04-16T06:17:14","slug":"digital-stabilized-voltage-vibratory-bowl-feeder-controller-sw-10","status":"publish","type":"product","link":"https:\/\/swoer.com\/cs\/manufacturer\/digital-stabilized-voltage-vibratory-bowl-feeder-controller-sw-10\/","title":{"rendered":"Digit\u00e1ln\u00ed ovlada\u010d vibra\u010dn\u00edho podava\u010de se stabilizovan\u00fdm nap\u011bt\u00edm SW-10"},"content":{"rendered":"<h2><strong><b>Funkce<\/b><\/strong><\/h2>\n<p><strong>Rozm\u011bry:<\/strong>D128mm*\u016050mm*V53mm<\/p>\n<p><strong>Velikost instala\u010dn\u00edho otvoru:<\/strong>\u00a0119 mm Z\u00e1ruka 1 rok<\/p>\n<ol>\n<li>Lehk\u00fdm dotykem tla\u010d\u00edtka pro spu\u0161t\u011bn\u00ed a zastaven\u00ed provozu, pohodln\u00e9 a spolehliv\u00e9.<\/li>\n<li>\u010cty\u0159i sady kontrolek pracovn\u00edho stavu, jednoduch\u00e9 a intuitivn\u00ed ovl\u00e1dac\u00ed rozhran\u00ed.<\/li>\n<li>Vestav\u011bn\u00fd inteligentn\u00ed program pomal\u00e9ho startu a pomal\u00e9ho zastaven\u00ed zaji\u0161\u0165uje plynul\u00e9 pod\u00e1v\u00e1n\u00ed momentu startu a zastaven\u00ed.<\/li>\n<li>Pou\u017eijte pln\u011b ut\u011bsn\u011bn\u00fd potenciometr s dlouhou \u017eivotnost\u00ed, stabiln\u00ed a odoln\u00fd.<\/li>\n<li>Dobr\u00fd regula\u010dn\u00ed v\u00fdkon, V p\u0159\u00edpad\u011b kol\u00eds\u00e1n\u00ed nap\u011bt\u00ed elektrick\u00e9 s\u00edt\u011b zajist\u011bte stabiln\u00ed rychlost nap\u00e1jen\u00ed.<\/li>\n<li>Vysoce integrovan\u00fd syst\u00e9m, optimalizovan\u00e9 rozm\u011bry, n\u00edzk\u00e1 hmotnost, mal\u00e9 rozm\u011bry, snadn\u00e1 instalace.<\/li>\n<li>Pln\u011b uzav\u0159en\u00e9 bydlen\u00ed, p\u0159izp\u016fsoben\u00e9 nep\u0159\u00e1telsk\u00e9mu pracovn\u00edmu prost\u0159ed\u00ed.<\/li>\n<li>S ochranou proti p\u0159eh\u0159\u00e1t\u00ed, p\u0159et\u00ed\u017een\u00ed, zkratu v\u00fdstupu.<\/li>\n<\/ol>\n<h2><strong>Technick\u00e9 specifikace<\/strong><\/h2>\n<table style=\"border-collapse: collapse; width: 622.52pt;\" border=\"0\" width=\"830\" cellspacing=\"0\" cellpadding=\"0\">\n<tbody>\n<tr style=\"height: 17.25pt;\">\n<td class=\"et2\" style=\"height: 33.75pt; width: 147.75pt;\" rowspan=\"2\" width=\"197\" height=\"45\">Polo\u017eka<\/td>\n<td class=\"et3\" style=\"width: 204.75pt;\" colspan=\"2\" width=\"273\">Hodnota rozsahu<\/td>\n<td class=\"et4\" style=\"width: 54.00pt; border-bottom: 1.0pt solid #DDDDDD;\" rowspan=\"2\" width=\"72\">Jednotka<\/td>\n<td class=\"et5\" style=\"width: 216.00pt;\" rowspan=\"2\" width=\"288\">Pozn\u00e1mka<\/td>\n<\/tr>\n<tr style=\"height: 16.50pt;\">\n<td class=\"et7\" style=\"width: 122.25pt;\" width=\"163\">Min.<\/td>\n<td class=\"et7\" style=\"width: 82.50pt;\" width=\"110\">Max.<\/td>\n<\/tr>\n<tr style=\"height: 16.50pt;\">\n<td class=\"et6\" style=\"height: 16.50pt; width: 147.75pt;\" width=\"197\" height=\"22\">Vstupn\u00ed nap\u011bt\u00ed<\/td>\n<td class=\"et10\" style=\"width: 122.25pt;\" width=\"163\">85<\/td>\n<td class=\"et10\" style=\"width: 82.50pt;\" width=\"110\">265<\/td>\n<td class=\"et10\" style=\"width: 54.00pt;\" width=\"72\">PROTI<\/td>\n<td class=\"et11\" style=\"width: 216.00pt;\" width=\"288\">Sinusov\u00e1 vlna 50\/60 Hz<\/td>\n<\/tr>\n<tr style=\"height: 54.00pt;\">\n<td class=\"et6\" style=\"height: 54.00pt; width: 147.75pt;\" width=\"197\" height=\"72\">V\u00fdstupn\u00ed nap\u011bt\u00ed<\/td>\n<td class=\"et10\" style=\"width: 122.25pt;\" width=\"163\">0<\/td>\n<td class=\"et10\" style=\"width: 82.50pt;\" width=\"110\">250<\/td>\n<td class=\"et10\" style=\"width: 54.00pt;\" width=\"72\">PROTI<\/td>\n<td class=\"et11\" style=\"width: 216.00pt;\" width=\"288\">P\u0159esnost regulace nap\u011bt\u00ed: 1v<\/td>\n<\/tr>\n<tr style=\"height: 30.00pt;\">\n<td class=\"et6\" style=\"height: 30.00pt; width: 147.75pt;\" width=\"197\" height=\"40\">V\u00fdstupn\u00ed proud<\/td>\n<td class=\"et10\" style=\"width: 122.25pt;\" width=\"163\">0<\/td>\n<td class=\"et10\" style=\"width: 82.50pt;\" width=\"110\">4.5<\/td>\n<td class=\"et10\" style=\"width: 54.00pt;\" width=\"72\">A<\/td>\n<td class=\"et11\" style=\"width: 216.00pt;\" width=\"288\">V\u00fdkon: 1,5A\/3a\/4,5A<\/td>\n<\/tr>\n<tr style=\"height: 42.00pt;\">\n<td class=\"et6\" style=\"height: 42.00pt; width: 147.75pt;\" width=\"197\" height=\"56\">V\u00fdstupn\u00ed frekvence<\/td>\n<td class=\"et10\" style=\"width: 122.25pt;\" width=\"163\">40<\/td>\n<td class=\"et10\" style=\"width: 82.50pt;\" width=\"110\">400<\/td>\n<td class=\"et10\" style=\"width: 54.00pt;\" width=\"72\">Hz<\/td>\n<td class=\"et11\" style=\"width: 216.00pt;\" width=\"288\">P\u0159esnost frekven\u010dn\u00edho rozsahu: 0,1Hz<\/td>\n<\/tr>\n<tr style=\"height: 33.00pt;\">\n<td class=\"et6\" style=\"height: 33.00pt; width: 147.75pt;\" width=\"197\" height=\"44\">V\u00fdstupn\u00ed vlna<\/td>\n<td class=\"et10\" style=\"width: 474.75pt;\" colspan=\"4\" width=\"633\">Sinusoida<\/td>\n<\/tr>\n<tr style=\"height: 16.50pt;\">\n<td class=\"et6\" style=\"height: 16.50pt; width: 147.75pt;\" width=\"197\" height=\"22\">\u010casov\u00fd rozsah zpo\u017ed\u011bn\u00ed startu<\/td>\n<td class=\"et10\" style=\"width: 122.25pt;\" width=\"163\">0<\/td>\n<td class=\"et10\" style=\"width: 82.50pt;\" width=\"110\">30<\/td>\n<td class=\"et10\" style=\"width: 54.00pt;\" width=\"72\">S<\/td>\n<td class=\"et11\" style=\"width: 216.00pt;\" width=\"288\">P\u0159esnost \u010dasu zpo\u017ed\u011bn\u00ed: 15<\/td>\n<\/tr>\n<tr style=\"height: 28.00pt;\">\n<td class=\"et6\" style=\"height: 28.00pt; width: 147.75pt;\" width=\"197\" height=\"37\">Rozsah doby zpo\u017ed\u011bn\u00ed vypnut\u00ed<\/td>\n<td class=\"et10\" style=\"width: 122.25pt;\" width=\"163\">0<\/td>\n<td class=\"et10\" style=\"width: 82.50pt;\" width=\"110\">30<\/td>\n<td class=\"et10\" style=\"width: 54.00pt;\" width=\"72\">S<\/td>\n<td class=\"et11\" style=\"width: 216.00pt;\" width=\"288\">P\u0159esnost \u010dasu zpo\u017ed\u011bn\u00ed: 15<\/td>\n<\/tr>\n<tr style=\"height: 52.00pt;\">\n<td class=\"et6\" style=\"height: 52.00pt; width: 147.75pt;\" width=\"197\" height=\"69\">Pomal\u00fd \u010das startu<\/td>\n<td class=\"et10\" style=\"width: 122.25pt;\" width=\"163\">0.1<\/td>\n<td class=\"et10\" style=\"width: 82.50pt;\" width=\"110\">9.9<\/td>\n<td class=\"et10\" style=\"width: 54.00pt;\" width=\"72\">S<\/td>\n<td class=\"et11\" style=\"width: 216.00pt;\" width=\"288\">\u010cas pomal\u00e9ho startu: 0,15<\/td>\n<\/tr>\n<tr style=\"height: 16.50pt;\">\n<td class=\"et6\" style=\"height: 16.50pt; width: 147.75pt;\" width=\"197\" height=\"22\">Pomal\u00fd \u010das zastaven\u00ed<\/td>\n<td class=\"et10\" style=\"width: 122.25pt;\" width=\"163\">0.1<\/td>\n<td class=\"et10\" style=\"width: 82.50pt;\" width=\"110\">0.3<\/td>\n<td class=\"et10\" style=\"width: 54.00pt;\" width=\"72\">S<\/td>\n<td class=\"et11\" style=\"width: 216.00pt;\" width=\"288\">Programov\u00e9 automatick\u00e9 ovl\u00e1d\u00e1n\u00ed<\/td>\n<\/tr>\n<tr style=\"height: 72.00pt;\">\n<td class=\"et6\" style=\"height: 72.00pt; width: 147.75pt;\" width=\"197\" height=\"96\">Fotoelektrick\u00e1 citlivost<\/td>\n<td class=\"et10\" style=\"width: 122.25pt;\" width=\"163\">0<\/td>\n<td class=\"et10\" style=\"width: 82.50pt;\" width=\"110\">99<\/td>\n<td class=\"et12\" style=\"width: 54.00pt;\" width=\"72\">\u00a0<\/td>\n<td class=\"et11\" style=\"width: 216.00pt;\" width=\"288\">\u010c\u00edm vy\u0161\u0161\u00ed je hodnota. \u010c\u00edm v\u011bt\u0161\u00ed je citlivost<\/td>\n<\/tr>\n<tr style=\"height: 84.00pt;\">\n<td class=\"et6\" style=\"height: 84.00pt; width: 147.75pt;\" width=\"197\" height=\"112\">DC \u0159\u00eddic\u00ed v\u00fdstup<\/td>\n<td class=\"et10\" style=\"width: 204.75pt;\" colspan=\"2\" width=\"273\">24V 200mA<\/td>\n<td class=\"et12\" style=\"width: 54.00pt;\" width=\"72\">\u00a0<\/td>\n<td class=\"et11\" style=\"width: 216.00pt;\" width=\"288\">Poh\u00e1n\u00ed extern\u00ed senzory a n\u00edzkop\u0159\u00edkonov\u00e9 solenoidov\u00e9 ventily pro nap\u00e1jen\u00ed<\/td>\n<\/tr>\n<tr style=\"height: 64.50pt;\">\n<td class=\"et6\" style=\"height: 64.50pt; width: 147.75pt;\" width=\"197\" height=\"86\">Spot\u0159eba energie bez z\u00e1t\u011b\u017ee<\/td>\n<td class=\"et10\" style=\"width: 204.75pt;\" colspan=\"2\" width=\"273\">\uff1c3W<\/td>\n<td class=\"et10\" style=\"width: 54.00pt;\" width=\"72\">W<\/td>\n<td class=\"et11\" style=\"width: 216.00pt;\" width=\"288\">Vstupn\u00ed nap\u011bt\u00ed: 220V 50Hz<\/td>\n<\/tr>\n<tr style=\"height: 33.00pt;\">\n<td class=\"et6\" style=\"height: 33.00pt; width: 147.75pt;\" width=\"197\" height=\"44\">Zobrazovac\u00ed m\u00f3d<\/td>\n<td class=\"et10\" style=\"width: 204.75pt;\" colspan=\"2\" width=\"273\">LED + kontrolka 5<\/td>\n<td class=\"et12\" style=\"width: 54.00pt;\" width=\"72\">\u00a0<\/td>\n<td class=\"et13\" style=\"width: 216.00pt;\" width=\"288\">\u00a0<\/td>\n<\/tr>\n<tr style=\"height: 91.50pt;\">\n<td class=\"et6\" style=\"height: 91.50pt; width: 147.75pt;\" width=\"197\" height=\"122\">Opera\u010dn\u00ed m\u00f3d<\/td>\n<td class=\"et10\" style=\"width: 204.75pt;\" colspan=\"2\" width=\"273\">Kl\u00ed\u010de + k\u00f3dovac\u00ed sp\u00edna\u010d<\/td>\n<td class=\"et12\" style=\"width: 54.00pt;\" width=\"72\">\u00a0<\/td>\n<td class=\"et11\" style=\"width: 216.00pt;\" width=\"288\">Rychl\u00fd kyvadlov\u00fd provoz, patentovan\u00fd design<\/td>\n<\/tr>\n<tr style=\"height: 76.50pt;\">\n<td class=\"et6\" style=\"height: 169.50pt; width: 147.75pt;\" rowspan=\"2\" width=\"197\" height=\"226\">Re\u017eim ovl\u00e1d\u00e1n\u00ed<\/td>\n<td class=\"et10\" style=\"width: 122.25pt;\" width=\"163\">S infra\u010derven\u00fdm fotoelektrick\u00fdm senzorem<\/td>\n<td class=\"et12\" style=\"width: 82.50pt;\" width=\"110\">\u00a0<\/td>\n<td class=\"et12\" style=\"width: 54.00pt;\" width=\"72\">\u00a0<\/td>\n<td class=\"et11\" style=\"width: 216.00pt;\" rowspan=\"2\" width=\"288\">\u0158\u00edzen\u00ed vypnut\u00ed materi\u00e1lu pln\u00e9ho\/pr\u00e1zdn\u00e9ho materi\u00e1lu<\/td>\n<\/tr>\n<tr style=\"height: 93.00pt;\">\n<td class=\"et10\" style=\"width: 122.25pt;\" width=\"163\">N\u00edzko\u00farov\u0148ov\u00fd sign\u00e1l (NPN univerz\u00e1ln\u00ed senzor nebo PLC)<\/td>\n<td class=\"et12\" style=\"width: 82.50pt;\" width=\"110\">\u00a0<\/td>\n<td class=\"et12\" style=\"width: 54.00pt;\" width=\"72\">\u00a0<\/td>\n<\/tr>\n<tr style=\"height: 29.00pt;\">\n<td class=\"et6\" style=\"height: 29.00pt; width: 147.75pt;\" width=\"197\" height=\"38\">Pracovn\u00ed teplota<\/td>\n<td class=\"et10\" style=\"width: 122.25pt;\" width=\"163\">-20<\/td>\n<td class=\"et10\" style=\"width: 82.50pt;\" width=\"110\">40<\/td>\n<td class=\"et10\" style=\"width: 54.00pt;\" width=\"72\">\u2103<\/td>\n<td class=\"et11\" style=\"width: 216.00pt;\" width=\"288\">Ochrana proti p\u0159eh\u0159\u00e1t\u00ed: 58\u2103<\/td>\n<\/tr>\n<tr style=\"height: 32.25pt;\">\n<td class=\"et6\" style=\"height: 32.25pt; width: 147.75pt;\" width=\"197\" height=\"43\">Pracovn\u00ed relativn\u00ed vlhkost<\/td>\n<td class=\"et10\" style=\"width: 122.25pt;\" width=\"163\">0<\/td>\n<td class=\"et10\" style=\"width: 82.50pt;\" width=\"110\">90<\/td>\n<td class=\"et10\" style=\"width: 54.00pt;\" width=\"72\">%<\/td>\n<td class=\"et11\" style=\"width: 216.00pt;\" width=\"288\">Bez kondenz\u00e1tu<\/td>\n<\/tr>\n<tr style=\"height: 64.50pt;\">\n<td class=\"et6\" style=\"height: 64.50pt; width: 147.75pt;\" width=\"197\" height=\"86\">Ochrann\u00e1 opat\u0159en\u00ed<\/td>\n<td class=\"et10\" style=\"width: 474.75pt;\" colspan=\"4\" width=\"633\">Ochrana proti p\u0159eh\u0159\u00e1t\u00ed, nadproud, ochrana proti zkratu na v\u00fdstupu<\/td>\n<\/tr>\n<tr style=\"height: 31.50pt;\">\n<td class=\"et14\" style=\"height: 31.50pt; width: 147.75pt;\" width=\"197\" height=\"42\">aplikace<\/td>\n<td class=\"et15\" style=\"width: 474.75pt;\" colspan=\"4\" width=\"633\">Elektromagnetick\u00e9<\/td>\n<\/tr>\n<\/tbody>\n<\/table>","protected":false},"excerpt":{"rendered":"<p>SW-10 ovlada\u010d vibra\u010dn\u00edho podava\u010de m\u00edsy, ovlada\u010d vibra\u010dn\u00edho podava\u010de m\u00edsy, digit\u00e1ln\u00ed ovlada\u010d s prom\u011bnnou frekvenc\u00ed pro line\u00e1rn\u00ed podava\u010d d\u00edl\u016f vibra\u010dn\u00edch m\u00eds.<\/p>","protected":false},"featured_media":1990,"comment_status":"open","ping_status":"closed","template":"","meta":[],"product_cat":[45],"product_tag":[],"yoast_head":"<!-- This site is optimized with the Yoast SEO plugin v22.2 - https:\/\/yoast.com\/wordpress\/plugins\/seo\/ -->\n<title>Digital Stabilized Voltage Vibratory Bowl Feeder Controller SW-10 - SWOER<\/title>\n<meta name=\"robots\" content=\"index, follow, max-snippet:-1, max-image-preview:large, max-video-preview:-1\" \/>\n<link rel=\"canonical\" href=\"https:\/\/swoer.com\/cs\/manufacturer\/digital-stabilized-voltage-vibratory-bowl-feeder-controller-sw-10\/\" \/>\n<meta property=\"og:locale\" content=\"cs_CZ\" \/>\n<meta property=\"og:type\" content=\"article\" \/>\n<meta property=\"og:title\" content=\"Digital Stabilized Voltage Vibratory Bowl Feeder Controller SW-10 - SWOER\" \/>\n<meta property=\"og:description\" content=\"SW-10 vibratory bowl feeder controller,vibratory bowl feeder controller, variable frequency digital controller for vibratory bowl parts linear feeder.\" \/>\n<meta property=\"og:url\" content=\"https:\/\/swoer.com\/cs\/manufacturer\/digital-stabilized-voltage-vibratory-bowl-feeder-controller-sw-10\/\" \/>\n<meta property=\"og:site_name\" content=\"SWOER\" \/>\n<meta property=\"article:modified_time\" content=\"2024-04-16T06:17:14+00:00\" \/>\n<meta property=\"og:image\" content=\"https:\/\/swoer.com\/wp-content\/uploads\/2024\/04\/Digital-Stabilized-Voltage-Bowl-Feeder-Controller-SW-10.webp\" \/>\n\t<meta property=\"og:image:width\" content=\"1000\" \/>\n\t<meta property=\"og:image:height\" content=\"1000\" \/>\n\t<meta property=\"og:image:type\" content=\"image\/webp\" \/>\n<meta name=\"twitter:card\" content=\"summary_large_image\" \/>\n<meta name=\"twitter:label1\" content=\"Odhadovan\u00e1 doba \u010dten\u00ed\" \/>\n\t<meta name=\"twitter:data1\" content=\"1 minuta\" \/>\n<script type=\"application\/ld+json\" class=\"yoast-schema-graph\">{\"@context\":\"https:\/\/schema.org\",\"@graph\":[{\"@type\":\"WebPage\",\"@id\":\"https:\/\/swoer.com\/manufacturer\/digital-stabilized-voltage-vibratory-bowl-feeder-controller-sw-10\/\",\"url\":\"https:\/\/swoer.com\/manufacturer\/digital-stabilized-voltage-vibratory-bowl-feeder-controller-sw-10\/\",\"name\":\"Digital Stabilized Voltage Vibratory Bowl Feeder Controller SW-10 - SWOER\",\"isPartOf\":{\"@id\":\"https:\/\/swoer.com\/#website\"},\"primaryImageOfPage\":{\"@id\":\"https:\/\/swoer.com\/manufacturer\/digital-stabilized-voltage-vibratory-bowl-feeder-controller-sw-10\/#primaryimage\"},\"image\":{\"@id\":\"https:\/\/swoer.com\/manufacturer\/digital-stabilized-voltage-vibratory-bowl-feeder-controller-sw-10\/#primaryimage\"},\"thumbnailUrl\":\"https:\/\/swoer.com\/wp-content\/uploads\/2024\/04\/Digital-Stabilized-Voltage-Bowl-Feeder-Controller-SW-10.webp\",\"datePublished\":\"2024-04-16T06:05:57+00:00\",\"dateModified\":\"2024-04-16T06:17:14+00:00\",\"breadcrumb\":{\"@id\":\"https:\/\/swoer.com\/manufacturer\/digital-stabilized-voltage-vibratory-bowl-feeder-controller-sw-10\/#breadcrumb\"},\"inLanguage\":\"cs\",\"potentialAction\":[{\"@type\":\"ReadAction\",\"target\":[\"https:\/\/swoer.com\/manufacturer\/digital-stabilized-voltage-vibratory-bowl-feeder-controller-sw-10\/\"]}]},{\"@type\":\"ImageObject\",\"inLanguage\":\"cs\",\"@id\":\"https:\/\/swoer.com\/manufacturer\/digital-stabilized-voltage-vibratory-bowl-feeder-controller-sw-10\/#primaryimage\",\"url\":\"https:\/\/swoer.com\/wp-content\/uploads\/2024\/04\/Digital-Stabilized-Voltage-Bowl-Feeder-Controller-SW-10.webp\",\"contentUrl\":\"https:\/\/swoer.com\/wp-content\/uploads\/2024\/04\/Digital-Stabilized-Voltage-Bowl-Feeder-Controller-SW-10.webp\",\"width\":1000,\"height\":1000,\"caption\":\"Digital Stabilized Voltage Vibratory Bowl Feeder Controller SW-10\"},{\"@type\":\"BreadcrumbList\",\"@id\":\"https:\/\/swoer.com\/manufacturer\/digital-stabilized-voltage-vibratory-bowl-feeder-controller-sw-10\/#breadcrumb\",\"itemListElement\":[{\"@type\":\"ListItem\",\"position\":1,\"name\":\"Home\",\"item\":\"https:\/\/swoer.com\/\"},{\"@type\":\"ListItem\",\"position\":2,\"name\":\"Shop\",\"item\":\"https:\/\/swoer.com\/shop\/\"},{\"@type\":\"ListItem\",\"position\":3,\"name\":\"Digital Stabilized Voltage Vibratory Bowl Feeder Controller SW-10\"}]},{\"@type\":\"WebSite\",\"@id\":\"https:\/\/swoer.com\/#website\",\"url\":\"https:\/\/swoer.com\/\",\"name\":\"SWOER\",\"description\":\"Swoer is the top 3 vibratory bowl feeder manufacturer in China\",\"potentialAction\":[{\"@type\":\"SearchAction\",\"target\":{\"@type\":\"EntryPoint\",\"urlTemplate\":\"https:\/\/swoer.com\/?s={search_term_string}\"},\"query-input\":\"required name=search_term_string\"}],\"inLanguage\":\"cs\"}]}<\/script>\n<!-- \/ Yoast SEO plugin. -->","yoast_head_json":{"title":"Digital Stabilized Voltage Vibratory Bowl Feeder Controller SW-10 - SWOER","robots":{"index":"index","follow":"follow","max-snippet":"max-snippet:-1","max-image-preview":"max-image-preview:large","max-video-preview":"max-video-preview:-1"},"canonical":"https:\/\/swoer.com\/cs\/manufacturer\/digital-stabilized-voltage-vibratory-bowl-feeder-controller-sw-10\/","og_locale":"cs_CZ","og_type":"article","og_title":"Digital Stabilized Voltage Vibratory Bowl Feeder Controller SW-10 - SWOER","og_description":"SW-10 vibratory bowl feeder controller,vibratory bowl feeder controller, variable frequency digital controller for vibratory bowl parts linear feeder.","og_url":"https:\/\/swoer.com\/cs\/manufacturer\/digital-stabilized-voltage-vibratory-bowl-feeder-controller-sw-10\/","og_site_name":"SWOER","article_modified_time":"2024-04-16T06:17:14+00:00","og_image":[{"width":1000,"height":1000,"url":"https:\/\/swoer.com\/wp-content\/uploads\/2024\/04\/Digital-Stabilized-Voltage-Bowl-Feeder-Controller-SW-10.webp","type":"image\/webp"}],"twitter_card":"summary_large_image","twitter_misc":{"Odhadovan\u00e1 doba \u010dten\u00ed":"1 minuta"},"schema":{"@context":"https:\/\/schema.org","@graph":[{"@type":"WebPage","@id":"https:\/\/swoer.com\/manufacturer\/digital-stabilized-voltage-vibratory-bowl-feeder-controller-sw-10\/","url":"https:\/\/swoer.com\/manufacturer\/digital-stabilized-voltage-vibratory-bowl-feeder-controller-sw-10\/","name":"Digital Stabilized Voltage Vibratory Bowl Feeder Controller SW-10 - SWOER","isPartOf":{"@id":"https:\/\/swoer.com\/#website"},"primaryImageOfPage":{"@id":"https:\/\/swoer.com\/manufacturer\/digital-stabilized-voltage-vibratory-bowl-feeder-controller-sw-10\/#primaryimage"},"image":{"@id":"https:\/\/swoer.com\/manufacturer\/digital-stabilized-voltage-vibratory-bowl-feeder-controller-sw-10\/#primaryimage"},"thumbnailUrl":"https:\/\/swoer.com\/wp-content\/uploads\/2024\/04\/Digital-Stabilized-Voltage-Bowl-Feeder-Controller-SW-10.webp","datePublished":"2024-04-16T06:05:57+00:00","dateModified":"2024-04-16T06:17:14+00:00","breadcrumb":{"@id":"https:\/\/swoer.com\/manufacturer\/digital-stabilized-voltage-vibratory-bowl-feeder-controller-sw-10\/#breadcrumb"},"inLanguage":"cs","potentialAction":[{"@type":"ReadAction","target":["https:\/\/swoer.com\/manufacturer\/digital-stabilized-voltage-vibratory-bowl-feeder-controller-sw-10\/"]}]},{"@type":"ImageObject","inLanguage":"cs","@id":"https:\/\/swoer.com\/manufacturer\/digital-stabilized-voltage-vibratory-bowl-feeder-controller-sw-10\/#primaryimage","url":"https:\/\/swoer.com\/wp-content\/uploads\/2024\/04\/Digital-Stabilized-Voltage-Bowl-Feeder-Controller-SW-10.webp","contentUrl":"https:\/\/swoer.com\/wp-content\/uploads\/2024\/04\/Digital-Stabilized-Voltage-Bowl-Feeder-Controller-SW-10.webp","width":1000,"height":1000,"caption":"Digital Stabilized Voltage Vibratory Bowl Feeder Controller SW-10"},{"@type":"BreadcrumbList","@id":"https:\/\/swoer.com\/manufacturer\/digital-stabilized-voltage-vibratory-bowl-feeder-controller-sw-10\/#breadcrumb","itemListElement":[{"@type":"ListItem","position":1,"name":"Home","item":"https:\/\/swoer.com\/"},{"@type":"ListItem","position":2,"name":"Shop","item":"https:\/\/swoer.com\/shop\/"},{"@type":"ListItem","position":3,"name":"Digital Stabilized Voltage Vibratory Bowl Feeder Controller SW-10"}]},{"@type":"WebSite","@id":"https:\/\/swoer.com\/#website","url":"https:\/\/swoer.com\/","name":"SWOER","description":"Swoer is the top 3 vibratory bowl feeder manufacturer in China","potentialAction":[{"@type":"SearchAction","target":{"@type":"EntryPoint","urlTemplate":"https:\/\/swoer.com\/?s={search_term_string}"},"query-input":"required name=search_term_string"}],"inLanguage":"cs"}]}},"_links":{"self":[{"href":"https:\/\/swoer.com\/cs\/wp-json\/wp\/v2\/product\/1989"}],"collection":[{"href":"https:\/\/swoer.com\/cs\/wp-json\/wp\/v2\/product"}],"about":[{"href":"https:\/\/swoer.com\/cs\/wp-json\/wp\/v2\/types\/product"}],"replies":[{"embeddable":true,"href":"https:\/\/swoer.com\/cs\/wp-json\/wp\/v2\/comments?post=1989"}],"wp:featuredmedia":[{"embeddable":true,"href":"https:\/\/swoer.com\/cs\/wp-json\/wp\/v2\/media\/1990"}],"wp:attachment":[{"href":"https:\/\/swoer.com\/cs\/wp-json\/wp\/v2\/media?parent=1989"}],"wp:term":[{"taxonomy":"product_cat","embeddable":true,"href":"https:\/\/swoer.com\/cs\/wp-json\/wp\/v2\/product_cat?post=1989"},{"taxonomy":"product_tag","embeddable":true,"href":"https:\/\/swoer.com\/cs\/wp-json\/wp\/v2\/product_tag?post=1989"}],"curies":[{"name":"wp","href":"https:\/\/api.w.org\/{rel}","templated":true}]}}