{"id":1983,"date":"2024-04-13T08:53:42","date_gmt":"2024-04-13T08:53:42","guid":{"rendered":"https:\/\/swoer.com\/?post_type=product&#038;p=1983"},"modified":"2024-04-13T08:56:56","modified_gmt":"2024-04-13T08:56:56","slug":"digital-stabilized-voltage-bowl-feeder-controller-sw-10","status":"publish","type":"product","link":"https:\/\/swoer.com\/cs\/manufacturer\/digital-stabilized-voltage-bowl-feeder-controller-sw-10\/","title":{"rendered":"Digit\u00e1ln\u00ed ovlada\u010d podava\u010de se stabilizovan\u00fdm nap\u011bt\u00edm SW-10"},"content":{"rendered":"<h2>Funkce:<\/h2>\n<p><strong>Rozm\u011bry:<\/strong> D128mm*\u016050mm*V53mm<\/p>\n<p><strong>Velikost instala\u010dn\u00edho otvoru:<\/strong> 119 mm Z\u00e1ruka 1 rok<\/p>\n<p><strong>1.<\/strong> Lehk\u00fdm dotykem tla\u010d\u00edtka pro spu\u0161t\u011bn\u00ed a zastaven\u00ed provozu, pohodln\u00e9 a spolehliv\u00e9.<\/p>\n<p><strong>2.<\/strong> \u010cty\u0159i sady kontrolek pracovn\u00edho stavu, jednoduch\u00e9 a intuitivn\u00ed ovl\u00e1dac\u00ed rozhran\u00ed.<\/p>\n<p><strong>3.<\/strong> Vestav\u011bn\u00fd inteligentn\u00ed program pomal\u00e9ho startu a pomal\u00e9ho zastaven\u00ed zaji\u0161\u0165uje plynul\u00e9 pod\u00e1v\u00e1n\u00ed momentu startu a zastaven\u00ed.<\/p>\n<p><strong>4.<\/strong> Pou\u017eijte pln\u011b ut\u011bsn\u011bn\u00fd potenciometr s dlouhou \u017eivotnost\u00ed, stabiln\u00ed a odoln\u00fd.<\/p>\n<p><strong>5.<\/strong> Dobr\u00fd regula\u010dn\u00ed v\u00fdkon, V p\u0159\u00edpad\u011b kol\u00eds\u00e1n\u00ed nap\u011bt\u00ed elektrick\u00e9 s\u00edt\u011b zajist\u011bte stabiln\u00ed rychlost nap\u00e1jen\u00ed.<\/p>\n<p><strong>6.<\/strong> Vysoce integrovan\u00fd syst\u00e9m, optimalizovan\u00e9 rozm\u011bry, n\u00edzk\u00e1 hmotnost, mal\u00e9 rozm\u011bry, snadn\u00e1 instalace.<\/p>\n<p><strong>7.<\/strong> Pln\u011b uzav\u0159en\u00e9 bydlen\u00ed, p\u0159izp\u016fsoben\u00e9 nep\u0159\u00e1telsk\u00e9mu pracovn\u00edmu prost\u0159ed\u00ed.<\/p>\n<p><strong>8.<\/strong> S ochranou proti p\u0159eh\u0159\u00e1t\u00ed, p\u0159et\u00ed\u017een\u00ed, zkratu v\u00fdstupu.<\/p>\n\t<div id=\"gap-2000051921\" class=\"gap-element clearfix\" style=\"display:block; height:auto;\">\n\t\t\n<style>\n#gap-2000051921 {\n  padding-top: 30px;\n}\n<\/style>\n\t<\/div>\n\t\n<h2><strong>Technick\u00e9 specifikace:<\/strong><\/h2>\n<table style=\"border-collapse: collapse; width: 552.77pt;\" border=\"0\" width=\"737\" cellspacing=\"0\" cellpadding=\"0\">\n<tbody>\n<tr style=\"height: 17.25pt;\">\n<td class=\"et2\" style=\"height: 33.75pt; width: 122.25pt;\" rowspan=\"2\" width=\"163\" height=\"45\"><span class=\"font1\">Polo\u017eka<\/span><\/td>\n<td class=\"et3\" style=\"width: 159.00pt;\" colspan=\"2\" width=\"212\"><span class=\"font1\">Hodnota rozsahu<\/span><\/td>\n<td class=\"et4\" style=\"width: 54.00pt; border-bottom: 1.0pt solid #DDDDDD;\" rowspan=\"2\" width=\"72\"><span class=\"font1\">Jednotka<\/span><\/td>\n<td class=\"et5\" style=\"width: 217.50pt;\" rowspan=\"2\" width=\"290\"><span class=\"font1\">Pozn\u00e1mka<\/span><\/td>\n<\/tr>\n<tr style=\"height: 16.50pt;\">\n<td class=\"et7\" style=\"width: 54.00pt;\" width=\"72\"><span class=\"font1\">Min.<\/span><\/td>\n<td class=\"et7\" style=\"width: 105.00pt;\" width=\"140\"><span class=\"font1\">Max.<\/span><\/td>\n<\/tr>\n<tr style=\"height: 45.75pt;\">\n<td class=\"et6\" style=\"height: 45.75pt; width: 122.25pt;\" width=\"163\" height=\"61\"><span class=\"font1\">Vstupn\u00ed nap\u011bt\u00ed<\/span><\/td>\n<td class=\"et10\" style=\"width: 54.00pt;\" width=\"72\">85<\/td>\n<td class=\"et10\" style=\"width: 105.00pt;\" width=\"140\">265<\/td>\n<td class=\"et10\" style=\"width: 54.00pt;\" width=\"72\"><span class=\"font2\">PROTI<\/span><\/td>\n<td class=\"et11\" style=\"width: 217.50pt;\" width=\"290\"><span class=\"font2\">Sinusov\u00e1 vlna 50\/60 Hz<\/span><\/td>\n<\/tr>\n<tr style=\"height: 75.75pt;\">\n<td class=\"et6\" style=\"height: 75.75pt; width: 122.25pt;\" width=\"163\" height=\"101\"><span class=\"font1\">V\u00fdstupn\u00ed nap\u011bt\u00ed<\/span><\/td>\n<td class=\"et10\" style=\"width: 54.00pt;\" width=\"72\">0<\/td>\n<td class=\"et10\" style=\"width: 105.00pt;\" width=\"140\">250<\/td>\n<td class=\"et10\" style=\"width: 54.00pt;\" width=\"72\"><span class=\"font2\">PROTI<\/span><\/td>\n<td class=\"et11\" style=\"width: 217.50pt;\" width=\"290\"><span class=\"font2\">P\u0159esnost regulace nap\u011bt\u00ed: 1v<\/span><\/td>\n<\/tr>\n<tr style=\"height: 60.75pt;\">\n<td class=\"et6\" style=\"height: 60.75pt; width: 122.25pt;\" width=\"163\" height=\"81\"><span class=\"font1\">V\u00fdstupn\u00ed proud<\/span><\/td>\n<td class=\"et10\" style=\"width: 54.00pt;\" width=\"72\">0<\/td>\n<td class=\"et10\" style=\"width: 105.00pt;\" width=\"140\">4.5<\/td>\n<td class=\"et10\" style=\"width: 54.00pt;\" width=\"72\"><span class=\"font2\">A<\/span><\/td>\n<td class=\"et11\" style=\"width: 217.50pt;\" width=\"290\"><span class=\"font2\">V\u00fdkon: 1,5A\/3a\/4,5A<\/span><\/td>\n<\/tr>\n<tr style=\"height: 60.75pt;\">\n<td class=\"et6\" style=\"height: 60.75pt; width: 122.25pt;\" width=\"163\" height=\"81\"><span class=\"font1\">V\u00fdstupn\u00ed frekvence<\/span><\/td>\n<td class=\"et10\" style=\"width: 54.00pt;\" width=\"72\">40<\/td>\n<td class=\"et10\" style=\"width: 105.00pt;\" width=\"140\">400<\/td>\n<td class=\"et10\" style=\"width: 54.00pt;\" width=\"72\"><span class=\"font2\">Hz<\/span><\/td>\n<td class=\"et11\" style=\"width: 217.50pt;\" width=\"290\"><span class=\"font2\">P\u0159esnost frekven\u010dn\u00edho rozsahu: 0,1Hz<\/span><\/td>\n<\/tr>\n<tr style=\"height: 33.00pt;\">\n<td class=\"et6\" style=\"height: 33.00pt; width: 122.25pt;\" width=\"163\" height=\"44\"><span class=\"font1\">V\u00fdstupn\u00ed vlna<\/span><\/td>\n<td class=\"et10\" style=\"width: 430.50pt;\" colspan=\"4\" width=\"574\"><span class=\"font2\">Sinusoida<\/span><\/td>\n<\/tr>\n<tr style=\"height: 63.75pt;\">\n<td class=\"et6\" style=\"height: 63.75pt; width: 122.25pt;\" width=\"163\" height=\"85\"><span class=\"font1\">\u010casov\u00fd rozsah zpo\u017ed\u011bn\u00ed startu<\/span><\/td>\n<td class=\"et10\" style=\"width: 54.00pt;\" width=\"72\">0<\/td>\n<td class=\"et10\" style=\"width: 105.00pt;\" width=\"140\">30<\/td>\n<td class=\"et10\" style=\"width: 54.00pt;\" width=\"72\"><span class=\"font2\">S<\/span><\/td>\n<td class=\"et11\" style=\"width: 217.50pt;\" width=\"290\"><span class=\"font2\">P\u0159esnost \u010dasu zpo\u017ed\u011bn\u00ed: 15<\/span><\/td>\n<\/tr>\n<tr style=\"height: 60.75pt;\">\n<td class=\"et6\" style=\"height: 60.75pt; width: 122.25pt;\" width=\"163\" height=\"81\"><span class=\"font1\">Rozsah doby zpo\u017ed\u011bn\u00ed vypnut\u00ed<\/span><\/td>\n<td class=\"et10\" style=\"width: 54.00pt;\" width=\"72\">0<\/td>\n<td class=\"et10\" style=\"width: 105.00pt;\" width=\"140\">30<\/td>\n<td class=\"et10\" style=\"width: 54.00pt;\" width=\"72\"><span class=\"font2\">S<\/span><\/td>\n<td class=\"et11\" style=\"width: 217.50pt;\" width=\"290\"><span class=\"font2\">P\u0159esnost \u010dasu zpo\u017ed\u011bn\u00ed: 15<\/span><\/td>\n<\/tr>\n<tr style=\"height: 60.75pt;\">\n<td class=\"et6\" style=\"height: 60.75pt; width: 122.25pt;\" width=\"163\" height=\"81\"><span class=\"font1\">Pomal\u00fd \u010das startu<\/span><\/td>\n<td class=\"et10\" style=\"width: 54.00pt;\" width=\"72\">0.1<\/td>\n<td class=\"et10\" style=\"width: 105.00pt;\" width=\"140\">9.9<\/td>\n<td class=\"et10\" style=\"width: 54.00pt;\" width=\"72\"><span class=\"font2\">S<\/span><\/td>\n<td class=\"et11\" style=\"width: 217.50pt;\" width=\"290\"><span class=\"font2\">\u010cas pomal\u00e9ho startu: 0,15<\/span><\/td>\n<\/tr>\n<tr style=\"height: 48.00pt;\">\n<td class=\"et6\" style=\"height: 48.00pt; width: 122.25pt;\" width=\"163\" height=\"64\"><span class=\"font1\">Pomal\u00fd \u010das zastaven\u00ed<\/span><\/td>\n<td class=\"et10\" style=\"width: 54.00pt;\" width=\"72\">0.1<\/td>\n<td class=\"et10\" style=\"width: 105.00pt;\" width=\"140\">0.3<\/td>\n<td class=\"et10\" style=\"width: 54.00pt;\" width=\"72\"><span class=\"font2\">S<\/span><\/td>\n<td class=\"et11\" style=\"width: 217.50pt;\" width=\"290\"><span class=\"font2\">Programov\u00e9 automatick\u00e9 ovl\u00e1d\u00e1n\u00ed<\/span><\/td>\n<\/tr>\n<tr style=\"height: 120.75pt;\">\n<td class=\"et6\" style=\"height: 120.75pt; width: 122.25pt;\" width=\"163\" height=\"161\"><span class=\"font1\">Fotoelektrick\u00e1 citlivost<\/span><\/td>\n<td class=\"et10\" style=\"width: 54.00pt;\" width=\"72\">0<\/td>\n<td class=\"et10\" style=\"width: 105.00pt;\" width=\"140\">99<\/td>\n<td class=\"et12\" style=\"width: 54.00pt;\" width=\"72\">\u00a0<\/td>\n<td class=\"et11\" style=\"width: 217.50pt;\" width=\"290\"><span class=\"font2\">\u010c\u00edm vy\u0161\u0161\u00ed je hodnota. \u010c\u00edm v\u011bt\u0161\u00ed je citlivost<\/span><\/td>\n<\/tr>\n<tr style=\"height: 136.50pt;\">\n<td class=\"et6\" style=\"height: 136.50pt; width: 122.25pt;\" width=\"163\" height=\"182\"><span class=\"font1\">DC \u0159\u00eddic\u00ed v\u00fdstup<\/span><\/td>\n<td class=\"et10\" style=\"width: 159.00pt;\" colspan=\"2\" width=\"212\"><span class=\"font2\">24V 200mA<\/span><\/td>\n<td class=\"et12\" style=\"width: 54.00pt;\" width=\"72\">\u00a0<\/td>\n<td class=\"et11\" style=\"width: 217.50pt;\" width=\"290\"><span class=\"font2\">Poh\u00e1n\u00ed extern\u00ed senzory a n\u00edzkop\u0159\u00edkonov\u00e9 solenoidov\u00e9 ventily pro nap\u00e1jen\u00ed<\/span><\/td>\n<\/tr>\n<tr style=\"height: 64.50pt;\">\n<td class=\"et6\" style=\"height: 64.50pt; width: 122.25pt;\" width=\"163\" height=\"86\"><span class=\"font1\">Spot\u0159eba energie bez z\u00e1t\u011b\u017ee<\/span><\/td>\n<td class=\"et10\" style=\"width: 159.00pt;\" colspan=\"2\" width=\"212\"><span class=\"font2\">\uff1c3W<\/span><\/td>\n<td class=\"et10\" style=\"width: 54.00pt;\" width=\"72\"><span class=\"font2\">W<\/span><\/td>\n<td class=\"et11\" style=\"width: 217.50pt;\" width=\"290\"><span class=\"font2\">Vstupn\u00ed nap\u011bt\u00ed: 220V 50Hz<\/span><\/td>\n<\/tr>\n<tr style=\"height: 33.00pt;\">\n<td class=\"et6\" style=\"height: 33.00pt; width: 122.25pt;\" width=\"163\" height=\"44\"><span class=\"font1\">Zobrazovac\u00ed m\u00f3d<\/span><\/td>\n<td class=\"et10\" style=\"width: 159.00pt;\" colspan=\"2\" width=\"212\"><span class=\"font2\">LED + kontrolka 5<\/span><\/td>\n<td class=\"et12\" style=\"width: 54.00pt;\" width=\"72\">\u00a0<\/td>\n<td class=\"et13\" style=\"width: 217.50pt;\" width=\"290\">\u00a0<\/td>\n<\/tr>\n<tr style=\"height: 91.50pt;\">\n<td class=\"et6\" style=\"height: 91.50pt; width: 122.25pt;\" width=\"163\" height=\"122\"><span class=\"font1\">Opera\u010dn\u00ed m\u00f3d<\/span><\/td>\n<td class=\"et10\" style=\"width: 159.00pt;\" colspan=\"2\" width=\"212\"><span class=\"font2\">Kl\u00ed\u010de + k\u00f3dovac\u00ed sp\u00edna\u010d<\/span><\/td>\n<td class=\"et12\" style=\"width: 54.00pt;\" width=\"72\">\u00a0<\/td>\n<td class=\"et11\" style=\"width: 217.50pt;\" width=\"290\"><span class=\"font2\">Rychl\u00fd kyvadlov\u00fd provoz, patentovan\u00fd design<\/span><\/td>\n<\/tr>\n<tr style=\"height: 76.50pt;\">\n<td class=\"et6\" style=\"height: 182.25pt; width: 122.25pt;\" rowspan=\"2\" width=\"163\" height=\"243\"><span class=\"font1\">Re\u017eim ovl\u00e1d\u00e1n\u00ed<\/span><\/td>\n<td class=\"et10\" style=\"width: 54.00pt;\" width=\"72\"><span class=\"font2\">S infra\u010derven\u00fdm fotoelektrick\u00fdm senzorem<\/span><\/td>\n<td class=\"et12\" style=\"width: 105.00pt;\" width=\"140\">\u00a0<\/td>\n<td class=\"et12\" style=\"width: 54.00pt;\" width=\"72\">\u00a0<\/td>\n<td class=\"et11\" style=\"width: 217.50pt;\" rowspan=\"2\" width=\"290\"><span class=\"font2\">\u0158\u00edzen\u00ed vypnut\u00ed materi\u00e1lu pln\u00e9ho\/pr\u00e1zdn\u00e9ho materi\u00e1lu<\/span><\/td>\n<\/tr>\n<tr style=\"height: 105.75pt;\">\n<td class=\"et10\" style=\"width: 54.00pt;\" width=\"72\"><span class=\"font2\">N\u00edzko\u00farov\u0148ov\u00fd sign\u00e1l (NPN univerz\u00e1ln\u00ed senzor nebo PLC)<\/span><\/td>\n<td class=\"et12\" style=\"width: 105.00pt;\" width=\"140\">\u00a0<\/td>\n<td class=\"et12\" style=\"width: 54.00pt;\" width=\"72\">\u00a0<\/td>\n<\/tr>\n<tr style=\"height: 60.75pt;\">\n<td class=\"et6\" style=\"height: 60.75pt; width: 122.25pt;\" width=\"163\" height=\"81\"><span class=\"font1\">Pracovn\u00ed teplota<\/span><\/td>\n<td class=\"et10\" style=\"width: 54.00pt;\" width=\"72\">-20<\/td>\n<td class=\"et10\" style=\"width: 105.00pt;\" width=\"140\">40<\/td>\n<td class=\"et10\" style=\"width: 54.00pt;\" width=\"72\"><span class=\"font2\">\u2103<\/span><\/td>\n<td class=\"et11\" style=\"width: 217.50pt;\" width=\"290\"><span class=\"font2\">Ochrana proti p\u0159eh\u0159\u00e1t\u00ed: 58\u2103<\/span><\/td>\n<\/tr>\n<tr style=\"height: 48.00pt;\">\n<td class=\"et6\" style=\"height: 48.00pt; width: 122.25pt;\" width=\"163\" height=\"64\"><span class=\"font1\">Pracovn\u00ed relativn\u00ed vlhkost<\/span><\/td>\n<td class=\"et10\" style=\"width: 54.00pt;\" width=\"72\">0<\/td>\n<td class=\"et10\" style=\"width: 105.00pt;\" width=\"140\">90<\/td>\n<td class=\"et10\" style=\"width: 54.00pt;\" width=\"72\"><span class=\"font2\">%<\/span><\/td>\n<td class=\"et11\" style=\"width: 217.50pt;\" width=\"290\"><span class=\"font2\">Bez kondenz\u00e1tu<\/span><\/td>\n<\/tr>\n<tr style=\"height: 64.50pt;\">\n<td class=\"et6\" style=\"height: 64.50pt; width: 122.25pt;\" width=\"163\" height=\"86\"><span class=\"font1\">Ochrann\u00e1 opat\u0159en\u00ed<\/span><\/td>\n<td class=\"et10\" style=\"width: 430.50pt;\" colspan=\"4\" width=\"574\"><span class=\"font2\">Ochrana proti p\u0159eh\u0159\u00e1t\u00ed, nadproud, ochrana proti zkratu na v\u00fdstupu<\/span><\/td>\n<\/tr>\n<tr style=\"height: 31.50pt;\">\n<td class=\"et14\" style=\"height: 31.50pt; width: 122.25pt;\" width=\"163\" height=\"42\"><span class=\"font1\">aplikace<\/span><\/td>\n<td class=\"et15\" style=\"width: 430.50pt;\" colspan=\"4\" width=\"574\"><span class=\"font2\">Elektromagnetick\u00e9<\/span><\/td>\n<\/tr>\n<\/tbody>\n<\/table>","protected":false},"excerpt":{"rendered":"<p>P\u0159edstavujeme digit\u00e1ln\u00ed stabilizovan\u00fd ovlada\u010d nap\u011b\u0165ov\u00e9ho m\u00edsov\u00e9ho podava\u010de SW-10: Kompaktn\u00ed na L128 mmW50 mmH53 mm, s jednoletou z\u00e1rukou. Obsahuje dotykov\u00e9 tla\u010d\u00edtko, \u010dty\u0159i kontrolky pro snadn\u00e9 ovl\u00e1d\u00e1n\u00ed a vestav\u011bn\u00fd pomal\u00fd start\/stop pro plynul\u00e9 pod\u00e1v\u00e1n\u00ed. Odoln\u00fd potenciometr zaji\u0161\u0165uje stabilitu p\u0159i kol\u00eds\u00e1n\u00ed v\u00fdkonu. Kompaktn\u00ed a lehk\u00fd pro snadnou instalaci, s pln\u011b uzav\u0159en\u00fdm pouzdrem pro odolnost v n\u00e1ro\u010dn\u00fdch podm\u00ednk\u00e1ch. Obsahuje ochranu proti p\u0159eh\u0159\u00e1t\u00ed a p\u0159et\u00ed\u017een\u00ed. Za\u017eijte efektivn\u00ed krmen\u00ed s SW-10.<\/p>","protected":false},"featured_media":1984,"comment_status":"open","ping_status":"closed","template":"","meta":[],"product_cat":[45],"product_tag":[],"yoast_head":"<!-- This site is optimized with the Yoast SEO plugin v22.2 - https:\/\/yoast.com\/wordpress\/plugins\/seo\/ -->\n<title>Digital Stabilized Voltage Bowl Feeder Controller SW-10 - SWOER<\/title>\n<meta name=\"robots\" content=\"index, follow, max-snippet:-1, max-image-preview:large, max-video-preview:-1\" \/>\n<link rel=\"canonical\" href=\"https:\/\/swoer.com\/cs\/manufacturer\/digital-stabilized-voltage-bowl-feeder-controller-sw-10\/\" \/>\n<meta property=\"og:locale\" content=\"cs_CZ\" \/>\n<meta property=\"og:type\" content=\"article\" \/>\n<meta property=\"og:title\" content=\"Digital Stabilized Voltage Bowl Feeder Controller SW-10 - SWOER\" \/>\n<meta property=\"og:description\" content=\"Introducing the Digital Stabilized Voltage Bowl Feeder Controller SW-10: Compact at L128 mmW50 mmH53 mm, with a one-year warranty. Features a light-touch key, four indicator lights for easy operation, and a built-in slow start\/stop for smooth feeding. A durable potentiometer ensures stability during power fluctuations. Compact and lightweight for easy installation, with a fully enclosed casing for durability in tough conditions. Includes protections against overheating and overload. Experience efficient feeding with SW-10.\" \/>\n<meta property=\"og:url\" content=\"https:\/\/swoer.com\/cs\/manufacturer\/digital-stabilized-voltage-bowl-feeder-controller-sw-10\/\" \/>\n<meta property=\"og:site_name\" content=\"SWOER\" \/>\n<meta property=\"article:modified_time\" content=\"2024-04-13T08:56:56+00:00\" \/>\n<meta property=\"og:image\" content=\"https:\/\/swoer.com\/wp-content\/uploads\/2024\/04\/Digital-Stabilized-Voltage-Bowl-Feeder-Controller-SW-10.jpg\" \/>\n\t<meta property=\"og:image:width\" content=\"1000\" \/>\n\t<meta property=\"og:image:height\" content=\"1000\" \/>\n\t<meta property=\"og:image:type\" content=\"image\/jpeg\" \/>\n<meta name=\"twitter:card\" content=\"summary_large_image\" \/>\n<meta name=\"twitter:label1\" content=\"Odhadovan\u00e1 doba \u010dten\u00ed\" \/>\n\t<meta name=\"twitter:data1\" content=\"1 minuta\" \/>\n<script type=\"application\/ld+json\" class=\"yoast-schema-graph\">{\"@context\":\"https:\/\/schema.org\",\"@graph\":[{\"@type\":\"WebPage\",\"@id\":\"https:\/\/swoer.com\/manufacturer\/digital-stabilized-voltage-bowl-feeder-controller-sw-10\/\",\"url\":\"https:\/\/swoer.com\/manufacturer\/digital-stabilized-voltage-bowl-feeder-controller-sw-10\/\",\"name\":\"Digital Stabilized Voltage Bowl Feeder Controller SW-10 - SWOER\",\"isPartOf\":{\"@id\":\"https:\/\/swoer.com\/#website\"},\"primaryImageOfPage\":{\"@id\":\"https:\/\/swoer.com\/manufacturer\/digital-stabilized-voltage-bowl-feeder-controller-sw-10\/#primaryimage\"},\"image\":{\"@id\":\"https:\/\/swoer.com\/manufacturer\/digital-stabilized-voltage-bowl-feeder-controller-sw-10\/#primaryimage\"},\"thumbnailUrl\":\"https:\/\/swoer.com\/wp-content\/uploads\/2024\/04\/Digital-Stabilized-Voltage-Bowl-Feeder-Controller-SW-10.jpg\",\"datePublished\":\"2024-04-13T08:53:42+00:00\",\"dateModified\":\"2024-04-13T08:56:56+00:00\",\"breadcrumb\":{\"@id\":\"https:\/\/swoer.com\/manufacturer\/digital-stabilized-voltage-bowl-feeder-controller-sw-10\/#breadcrumb\"},\"inLanguage\":\"cs\",\"potentialAction\":[{\"@type\":\"ReadAction\",\"target\":[\"https:\/\/swoer.com\/manufacturer\/digital-stabilized-voltage-bowl-feeder-controller-sw-10\/\"]}]},{\"@type\":\"ImageObject\",\"inLanguage\":\"cs\",\"@id\":\"https:\/\/swoer.com\/manufacturer\/digital-stabilized-voltage-bowl-feeder-controller-sw-10\/#primaryimage\",\"url\":\"https:\/\/swoer.com\/wp-content\/uploads\/2024\/04\/Digital-Stabilized-Voltage-Bowl-Feeder-Controller-SW-10.jpg\",\"contentUrl\":\"https:\/\/swoer.com\/wp-content\/uploads\/2024\/04\/Digital-Stabilized-Voltage-Bowl-Feeder-Controller-SW-10.jpg\",\"width\":1000,\"height\":1000,\"caption\":\"Digital Stabilized Voltage Bowl Feeder Controller SW-10\"},{\"@type\":\"BreadcrumbList\",\"@id\":\"https:\/\/swoer.com\/manufacturer\/digital-stabilized-voltage-bowl-feeder-controller-sw-10\/#breadcrumb\",\"itemListElement\":[{\"@type\":\"ListItem\",\"position\":1,\"name\":\"Home\",\"item\":\"https:\/\/swoer.com\/\"},{\"@type\":\"ListItem\",\"position\":2,\"name\":\"Shop\",\"item\":\"https:\/\/swoer.com\/shop\/\"},{\"@type\":\"ListItem\",\"position\":3,\"name\":\"Digital Stabilized Voltage Bowl Feeder Controller SW-10\"}]},{\"@type\":\"WebSite\",\"@id\":\"https:\/\/swoer.com\/#website\",\"url\":\"https:\/\/swoer.com\/\",\"name\":\"SWOER\",\"description\":\"Swoer is the top 3 vibratory bowl feeder manufacturer in China\",\"potentialAction\":[{\"@type\":\"SearchAction\",\"target\":{\"@type\":\"EntryPoint\",\"urlTemplate\":\"https:\/\/swoer.com\/?s={search_term_string}\"},\"query-input\":\"required name=search_term_string\"}],\"inLanguage\":\"cs\"}]}<\/script>\n<!-- \/ Yoast SEO plugin. -->","yoast_head_json":{"title":"Digital Stabilized Voltage Bowl Feeder Controller SW-10 - SWOER","robots":{"index":"index","follow":"follow","max-snippet":"max-snippet:-1","max-image-preview":"max-image-preview:large","max-video-preview":"max-video-preview:-1"},"canonical":"https:\/\/swoer.com\/cs\/manufacturer\/digital-stabilized-voltage-bowl-feeder-controller-sw-10\/","og_locale":"cs_CZ","og_type":"article","og_title":"Digital Stabilized Voltage Bowl Feeder Controller SW-10 - SWOER","og_description":"Introducing the Digital Stabilized Voltage Bowl Feeder Controller SW-10: Compact at L128 mmW50 mmH53 mm, with a one-year warranty. Features a light-touch key, four indicator lights for easy operation, and a built-in slow start\/stop for smooth feeding. A durable potentiometer ensures stability during power fluctuations. Compact and lightweight for easy installation, with a fully enclosed casing for durability in tough conditions. Includes protections against overheating and overload. Experience efficient feeding with SW-10.","og_url":"https:\/\/swoer.com\/cs\/manufacturer\/digital-stabilized-voltage-bowl-feeder-controller-sw-10\/","og_site_name":"SWOER","article_modified_time":"2024-04-13T08:56:56+00:00","og_image":[{"width":1000,"height":1000,"url":"https:\/\/swoer.com\/wp-content\/uploads\/2024\/04\/Digital-Stabilized-Voltage-Bowl-Feeder-Controller-SW-10.jpg","type":"image\/jpeg"}],"twitter_card":"summary_large_image","twitter_misc":{"Odhadovan\u00e1 doba \u010dten\u00ed":"1 minuta"},"schema":{"@context":"https:\/\/schema.org","@graph":[{"@type":"WebPage","@id":"https:\/\/swoer.com\/manufacturer\/digital-stabilized-voltage-bowl-feeder-controller-sw-10\/","url":"https:\/\/swoer.com\/manufacturer\/digital-stabilized-voltage-bowl-feeder-controller-sw-10\/","name":"Digital Stabilized Voltage Bowl Feeder Controller SW-10 - SWOER","isPartOf":{"@id":"https:\/\/swoer.com\/#website"},"primaryImageOfPage":{"@id":"https:\/\/swoer.com\/manufacturer\/digital-stabilized-voltage-bowl-feeder-controller-sw-10\/#primaryimage"},"image":{"@id":"https:\/\/swoer.com\/manufacturer\/digital-stabilized-voltage-bowl-feeder-controller-sw-10\/#primaryimage"},"thumbnailUrl":"https:\/\/swoer.com\/wp-content\/uploads\/2024\/04\/Digital-Stabilized-Voltage-Bowl-Feeder-Controller-SW-10.jpg","datePublished":"2024-04-13T08:53:42+00:00","dateModified":"2024-04-13T08:56:56+00:00","breadcrumb":{"@id":"https:\/\/swoer.com\/manufacturer\/digital-stabilized-voltage-bowl-feeder-controller-sw-10\/#breadcrumb"},"inLanguage":"cs","potentialAction":[{"@type":"ReadAction","target":["https:\/\/swoer.com\/manufacturer\/digital-stabilized-voltage-bowl-feeder-controller-sw-10\/"]}]},{"@type":"ImageObject","inLanguage":"cs","@id":"https:\/\/swoer.com\/manufacturer\/digital-stabilized-voltage-bowl-feeder-controller-sw-10\/#primaryimage","url":"https:\/\/swoer.com\/wp-content\/uploads\/2024\/04\/Digital-Stabilized-Voltage-Bowl-Feeder-Controller-SW-10.jpg","contentUrl":"https:\/\/swoer.com\/wp-content\/uploads\/2024\/04\/Digital-Stabilized-Voltage-Bowl-Feeder-Controller-SW-10.jpg","width":1000,"height":1000,"caption":"Digital Stabilized Voltage Bowl Feeder Controller SW-10"},{"@type":"BreadcrumbList","@id":"https:\/\/swoer.com\/manufacturer\/digital-stabilized-voltage-bowl-feeder-controller-sw-10\/#breadcrumb","itemListElement":[{"@type":"ListItem","position":1,"name":"Home","item":"https:\/\/swoer.com\/"},{"@type":"ListItem","position":2,"name":"Shop","item":"https:\/\/swoer.com\/shop\/"},{"@type":"ListItem","position":3,"name":"Digital Stabilized Voltage Bowl Feeder Controller SW-10"}]},{"@type":"WebSite","@id":"https:\/\/swoer.com\/#website","url":"https:\/\/swoer.com\/","name":"SWOER","description":"Swoer is the top 3 vibratory bowl feeder manufacturer in China","potentialAction":[{"@type":"SearchAction","target":{"@type":"EntryPoint","urlTemplate":"https:\/\/swoer.com\/?s={search_term_string}"},"query-input":"required name=search_term_string"}],"inLanguage":"cs"}]}},"_links":{"self":[{"href":"https:\/\/swoer.com\/cs\/wp-json\/wp\/v2\/product\/1983"}],"collection":[{"href":"https:\/\/swoer.com\/cs\/wp-json\/wp\/v2\/product"}],"about":[{"href":"https:\/\/swoer.com\/cs\/wp-json\/wp\/v2\/types\/product"}],"replies":[{"embeddable":true,"href":"https:\/\/swoer.com\/cs\/wp-json\/wp\/v2\/comments?post=1983"}],"wp:featuredmedia":[{"embeddable":true,"href":"https:\/\/swoer.com\/cs\/wp-json\/wp\/v2\/media\/1984"}],"wp:attachment":[{"href":"https:\/\/swoer.com\/cs\/wp-json\/wp\/v2\/media?parent=1983"}],"wp:term":[{"taxonomy":"product_cat","embeddable":true,"href":"https:\/\/swoer.com\/cs\/wp-json\/wp\/v2\/product_cat?post=1983"},{"taxonomy":"product_tag","embeddable":true,"href":"https:\/\/swoer.com\/cs\/wp-json\/wp\/v2\/product_tag?post=1983"}],"curies":[{"name":"wp","href":"https:\/\/api.w.org\/{rel}","templated":true}]}}