{"id":1979,"date":"2024-04-13T07:33:22","date_gmt":"2024-04-13T07:33:22","guid":{"rendered":"https:\/\/swoer.com\/?post_type=product&#038;p=1979"},"modified":"2024-04-13T09:01:56","modified_gmt":"2024-04-13T09:01:56","slug":"vibratory-bowl-feeder-controller-sdvc31-xlr","status":"publish","type":"product","link":"https:\/\/swoer.com\/cs\/manufacturer\/vibratory-bowl-feeder-controller-sdvc31-xlr\/","title":{"rendered":"Vibra\u010dn\u00ed ovlada\u010d podava\u010de m\u00edsy SDVC31-XLR"},"content":{"rendered":"<h2><strong><b>Funkce:<\/b><\/strong><\/h2>\n<p><strong><b>CE certifikov\u00e1no<\/b><\/strong><strong><b>, <\/b><\/strong><strong><b>V souladu s RoHS.<\/b><\/strong><\/p>\n<p><strong><b>\u00daprava frekvence:\u00a0<\/b><\/strong>V\u00fdstupn\u00ed frekvenci regul\u00e1toru lze ru\u010dn\u011b upravit na rezonan\u010dn\u00ed frekvenci vibra\u010dn\u00edho podava\u010de pro dosa\u017een\u00ed hladk\u00e9ho, tich\u00e9ho a energeticky \u00fasporn\u00e9ho efektu pod\u00e1v\u00e1n\u00ed.<\/p>\n<p><strong><b>Automatick\u00e1 vysoce p\u0159esn\u00e1 regulace nap\u011bt\u00ed:<\/b><\/strong>\u00a0Vnit\u0159n\u00ed obvod digit\u00e1ln\u00ed regulace nap\u011bt\u00ed m\u016f\u017ee eliminovat kol\u00eds\u00e1n\u00ed rychlosti posuvu zp\u016fsoben\u00e9 kol\u00eds\u00e1n\u00edm s\u00ed\u0165ov\u00e9ho nap\u011bt\u00ed.<\/p>\n<p><strong><b>\u010casov\u011b nastaviteln\u00fd m\u011bkk\u00fd start:<\/b><\/strong>\u00a0Ovlada\u010d po zapnut\u00ed jemn\u011b zv\u00fd\u0161\u00ed v\u00fdstupn\u00ed nap\u011bt\u00ed z 0 na p\u0159ednastavenou hodnotu, aby se zabr\u00e1nilo n\u00e1hl\u00fdm ot\u0159es\u016fm. \u010cas pozvoln\u00e9ho startu lze digit\u00e1ln\u011b p\u0159ednastavit.<\/p>\n<p><strong><b>Ovl\u00e1d\u00e1n\u00ed sp\u00edna\u010de ZAP\/VYP:\u00a0<\/b><\/strong>K zapnut\u00ed\/vypnut\u00ed regul\u00e1toru lze p\u0159ipojit 1 sn\u00edma\u010d sp\u00edna\u010de NPN nebo PLC.<\/p>\n<p><strong><b>Ovl\u00e1d\u00e1n\u00ed zapnut\u00ed\/vypnut\u00ed fotoelektrick\u00e9ho senzoru:<\/b><\/strong>\u00a0Inteligentn\u00ed fotoelektrick\u00fd senzor CUH lze p\u0159ipojit k zapnut\u00ed\/vypnut\u00ed ovlada\u010de.<\/p>\n<p><strong><b>D\u00e1lkov\u00e9 ovl\u00e1d\u00e1n\u00ed rychlosti:<\/b><\/strong>\u00a0V\u00fdstupn\u00ed nap\u011bt\u00ed regul\u00e1toru lze nastavit d\u00e1lkov\u011b extern\u00edm potenciometrem, PLC nebo sign\u00e1lem 1-5V DC.<\/p>\n<p><strong><b>DC \u0159\u00eddic\u00ed v\u00fdstup:<\/b><\/strong>\u00a0Ovlada\u010d m\u016f\u017ee vyd\u00e1vat n\u00edzkonap\u011b\u0165ov\u00fd stejnosm\u011brn\u00fd proud spojen\u00fd s ovl\u00e1d\u00e1n\u00edm ON\/OFF ovlada\u010de pro \u0159\u00edzen\u00ed solenoidu nebo jin\u00fdch extern\u00edch za\u0159\u00edzen\u00ed.<\/p>\n<p><strong><b>Z\u00e1mek kl\u00e1vesnice:<\/b><\/strong>\u00a0Zamkn\u011bte v\u0161echna tla\u010d\u00edtka na kl\u00e1vesnici, abyste p\u0159ede\u0161li nespr\u00e1vn\u00e9 \u010dinnosti, stisknut\u00edm a podr\u017een\u00edm tla\u010d\u00edtka ON\/OFF po dobu 2 sekund.<\/p>\n<p><strong><b>Ochrana proti p\u0159eh\u0159\u00e1t\u00ed:\u00a0<\/b><\/strong>Pokud se vnit\u0159n\u00ed teplota regul\u00e1toru p\u0159\u00edli\u0161 zv\u00fd\u0161\u00ed, regul\u00e1tor zastav\u00ed sv\u016fj v\u00fdstup, aby se ochr\u00e1nil.<\/p>\n<p><strong><b>Nadproudov\u00e1 ochrana:<\/b><\/strong>\u00a0Pokud v\u00fdstupn\u00ed proud p\u0159ekro\u010d\u00ed svou jmenovitou hodnotu, regul\u00e1tor zastav\u00ed sv\u016fj v\u00fdstup, aby ochr\u00e1nil sebe a z\u00e1t\u011b\u017e.<\/p>\n<p><strong><b>Obnoviteln\u00e1 ochrana proti zkratu:<\/b><\/strong>\u00a0Pokud dojde ke zkratu v\u00fdstupu regul\u00e1toru, regul\u00e1tor vypne sv\u016fj v\u00fdstup, aby ochr\u00e1nil sebe a z\u00e1t\u011b\u017e. Ale pojistka uvnit\u0159 nebude sp\u00e1len\u00e1. Tak\u017ee kdy\u017e nedojde ke zkratu na v\u00fdstupn\u00ed stran\u011b, bude regul\u00e1tor po zapnut\u00ed znovu fungovat.<\/p>\n<p><strong><b>Maxim\u00e1ln\u00ed nastaviteln\u00e9 v\u00fdstupn\u00ed nap\u011bt\u00ed:<\/b><\/strong>\u00a0Maxim\u00e1ln\u00ed nastaviteln\u00e9 v\u00fdstupn\u00ed nap\u011bt\u00ed lze p\u0159ednastavit, aby byla z\u00e1t\u011b\u017e chr\u00e1n\u011bna p\u0159ed po\u0161kozen\u00edm zp\u016fsoben\u00fdm p\u0159\u00edli\u0161 vysok\u00fdm nap\u011bt\u00edm.<\/p>\n<h2><strong><b>Standardn\u00ed p\u0159\u00edslu\u0161enstv\u00ed:<\/b><\/strong><\/h2>\n<p>Vstupn\u00ed nap\u00e1jec\u00ed kabel (1,5 m) *1<\/p>\n<p>V\u00fdstupn\u00ed nap\u00e1jec\u00ed kabel (1,5 m) *1<\/p>\n<p>Pozn\u00e1mka: Vstupn\u00ed nap\u00e1jec\u00ed kabel lze p\u0159izp\u016fsobit tak, aby odpov\u00eddal z\u00e1suvce ve va\u0161\u00ed zemi.<\/p>\n<h2><strong><b>Mo\u017en\u00e9 dopl\u0148ky:<\/b><\/strong><\/h2>\n<p>Inteligentn\u00ed fotoelektrick\u00fd senzor (1,5 m)<\/p>\n<h2 class=\"p\"><strong><span class=\"15\">Rozm\u011bry a hmotnost:<\/span><\/strong><\/h2>\n<p class=\"p\">Rozm\u011bry: 190*53,6*94,5(D*\u0160*V, mm)<\/p>\n<p class=\"p\">Hmotnost: SDVC31-S: 610 g (bez p\u0159\u00edslu\u0161enstv\u00ed)<\/p>\n<h2><strong><b>Technick\u00e9 specifikace<\/b><\/strong><\/h2>\n<table width=\"710\">\n<tbody>\n<tr>\n<td rowspan=\"2\" width=\"242\">Polo\u017eka<\/td>\n<td colspan=\"3\" width=\"216\">Rozsah<\/td>\n<td rowspan=\"2\" width=\"72\">Jednotka<\/td>\n<td rowspan=\"2\" width=\"180\">Popis<\/td>\n<\/tr>\n<tr>\n<td width=\"72\">Min<\/td>\n<td width=\"72\">Typick\u00fd<\/td>\n<td width=\"72\">Max<\/td>\n<\/tr>\n<tr>\n<td width=\"242\">Vstupn\u00ed nap\u011bt\u00ed<\/td>\n<td width=\"72\">85<\/td>\n<td width=\"72\">220<\/td>\n<td width=\"72\">260<\/td>\n<td width=\"72\">PROTI<\/td>\n<td width=\"180\">AV RMS<\/td>\n<\/tr>\n<tr>\n<td width=\"242\">Nastaviteln\u00fd rozsah v\u00fdstupn\u00edho nap\u011bt\u00ed<\/td>\n<td width=\"72\">0<\/td>\n<td width=\"72\">&#8212;<\/td>\n<td width=\"72\">260<\/td>\n<td width=\"72\">PROTI<\/td>\n<td width=\"180\">Vstupn\u00ed nap\u011bt\u00ed ni\u017e\u0161\u00ed ne\u017e 150%<\/td>\n<\/tr>\n<tr>\n<td width=\"242\">P\u0159esnost nastaven\u00ed nap\u011bt\u00ed<\/td>\n<td colspan=\"3\" width=\"216\">1<\/td>\n<td width=\"72\">PROTI<\/td>\n<td width=\"180\"><\/td>\n<\/tr>\n<tr>\n<td width=\"242\">P\u0159esnost regulace nap\u011bt\u00ed<\/td>\n<td width=\"72\">0<\/td>\n<td width=\"72\">&#8212;<\/td>\n<td width=\"72\">10<\/td>\n<td width=\"72\">%<\/td>\n<td width=\"180\">\u25b3Vout\/\u25b3Vin<\/td>\n<\/tr>\n<tr>\n<td width=\"242\">Doba odezvy regulace nap\u011bt\u00ed<\/td>\n<td width=\"72\">0.0025<\/td>\n<td width=\"72\">&#8212;<\/td>\n<td width=\"72\">0.025<\/td>\n<td width=\"72\">s<\/td>\n<td width=\"180\">perioda v\u00fdstupn\u00edho nap\u011bt\u00ed<\/td>\n<\/tr>\n<tr>\n<td rowspan=\"2\" width=\"242\">Nastaviteln\u00fd rozsah v\u00fdstupn\u00edho proudu<\/td>\n<td width=\"72\">0<\/td>\n<td width=\"72\">&#8212;<\/td>\n<td width=\"72\">1.5<\/td>\n<td width=\"72\">A<\/td>\n<td width=\"180\">N\u00edzk\u00fd v\u00fdkon<\/td>\n<\/tr>\n<tr>\n<td width=\"72\">0<\/td>\n<td width=\"72\">&#8212;<\/td>\n<td width=\"72\">3<\/td>\n<td width=\"72\">A<\/td>\n<td width=\"180\">St\u0159edn\u00ed v\u00fdkon<\/td>\n<\/tr>\n<tr>\n<td rowspan=\"2\" width=\"242\">V\u00fdstupn\u00ed v\u00fdkon<\/td>\n<td width=\"72\">0<\/td>\n<td width=\"72\">&#8212;<\/td>\n<td width=\"72\">330<\/td>\n<td width=\"72\">VA<\/td>\n<td width=\"180\">N\u00edzk\u00fd v\u00fdkon<\/td>\n<\/tr>\n<tr>\n<td width=\"72\">0<\/td>\n<td width=\"72\">&#8212;<\/td>\n<td width=\"72\">660<\/td>\n<td width=\"72\">VA<\/td>\n<td width=\"180\">St\u0159edn\u00ed v\u00fdkon<\/td>\n<\/tr>\n<tr>\n<td width=\"242\">V\u00fdstupn\u00ed frekvence<\/td>\n<td width=\"72\">40<\/td>\n<td width=\"72\">&#8212;<\/td>\n<td width=\"72\">400<\/td>\n<td width=\"72\">Hz<\/td>\n<td width=\"180\"><\/td>\n<\/tr>\n<tr>\n<td width=\"242\">P\u0159esnost nastaven\u00ed frekvence<\/td>\n<td colspan=\"3\" width=\"216\">0.1<\/td>\n<td width=\"72\">Hz<\/td>\n<td width=\"180\"><\/td>\n<\/tr>\n<tr>\n<td width=\"242\">OutputWaveform<\/td>\n<td colspan=\"3\" width=\"216\">sinus<\/td>\n<td width=\"72\"><\/td>\n<td width=\"180\"><\/td>\n<\/tr>\n<tr>\n<td width=\"242\">\u010cas m\u011bkk\u00e9ho startu<\/td>\n<td width=\"72\">0<\/td>\n<td width=\"72\">&#8212;<\/td>\n<td width=\"72\">10<\/td>\n<td width=\"72\">s<\/td>\n<td width=\"180\">V\u00fdchoz\u00ed hodnota z v\u00fdroby: 0,5<\/td>\n<\/tr>\n<tr>\n<td width=\"242\">\u010casov\u00fd rozsah zpo\u017ed\u011bn\u00ed zapnut\u00ed\/vypnut\u00ed<\/td>\n<td width=\"72\">0<\/td>\n<td width=\"72\">&#8212;<\/td>\n<td width=\"72\">20<\/td>\n<td width=\"72\">s<\/td>\n<td width=\"180\">V\u00fdchoz\u00ed hodnota z v\u00fdroby: 0,2<\/td>\n<\/tr>\n<tr>\n<td width=\"242\">P\u0159esnost \u010dasu zpo\u017ed\u011bn\u00ed zapnut\u00ed\/vypnut\u00ed<\/td>\n<td colspan=\"3\" width=\"216\">0.1<\/td>\n<td width=\"72\">s<\/td>\n<td width=\"180\"><\/td>\n<\/tr>\n<tr>\n<td width=\"242\">Teplota spou\u0161t\u011bc\u00ed ochrany proti p\u0159eh\u0159\u00e1t\u00ed<\/td>\n<td width=\"72\">58<\/td>\n<td width=\"72\">60<\/td>\n<td width=\"72\">66<\/td>\n<td width=\"72\">\u2103<\/td>\n<td width=\"180\"><\/td>\n<\/tr>\n<tr>\n<td width=\"242\">V\u00fdstupn\u00ed proud \u0159\u00edzen\u00ed DC<\/td>\n<td width=\"72\">0<\/td>\n<td width=\"72\">&#8212;<\/td>\n<td width=\"72\">200<\/td>\n<td width=\"72\">mA<\/td>\n<td width=\"180\"><\/td>\n<\/tr>\n<tr>\n<td width=\"242\">Analogov\u00fd \u0159\u00eddic\u00ed sign\u00e1l<\/td>\n<td colspan=\"3\" width=\"216\">1-5<\/td>\n<td width=\"72\">PROTI<\/td>\n<td width=\"180\">\u0158\u00eddic\u00ed nap\u011bt\u00ed Renctespeed<\/td>\n<\/tr>\n<tr>\n<td width=\"242\">Digit\u00e1ln\u00ed \u0159\u00eddic\u00ed sign\u00e1l<\/td>\n<td colspan=\"3\" width=\"216\">24<\/td>\n<td width=\"72\">PROTI<\/td>\n<td width=\"180\">Sp\u00ednac\u00ed sign\u00e1l<\/td>\n<\/tr>\n<tr>\n<td width=\"242\">Metoda \u00fapravy<\/td>\n<td colspan=\"3\" width=\"216\">6<\/td>\n<td width=\"72\">Knofl\u00edk<\/td>\n<td width=\"180\"><\/td>\n<\/tr>\n<tr>\n<td width=\"242\">Spot\u0159eba energie v pohotovostn\u00edm re\u017eimu<\/td>\n<td width=\"72\">&#8212;<\/td>\n<td width=\"72\">3<\/td>\n<td width=\"72\"><\/td>\n<td width=\"72\">W<\/td>\n<td width=\"180\"><\/td>\n<\/tr>\n<tr>\n<td width=\"242\">Metoda zobrazen\u00ed<\/td>\n<td colspan=\"3\" width=\"216\">5<\/td>\n<td width=\"72\">\u010c\u00edslice<\/td>\n<td width=\"180\">LED digit\u00e1ln\u00ed trubice<\/td>\n<\/tr>\n<tr>\n<td width=\"242\">Teplota okol\u00ed<\/td>\n<td width=\"72\">0<\/td>\n<td width=\"72\">25<\/td>\n<td width=\"72\">40<\/td>\n<td width=\"72\">\u2103<\/td>\n<td rowspan=\"2\" width=\"180\">\u017d\u00e1dn\u00e1 kondenzace<\/td>\n<\/tr>\n<tr>\n<td width=\"242\">Okoln\u00ed vlhkost<\/td>\n<td width=\"72\">10<\/td>\n<td width=\"72\">60<\/td>\n<td width=\"72\">85<\/td>\n<td width=\"72\">%<\/td>\n<\/tr>\n<\/tbody>\n<\/table>","protected":false},"excerpt":{"rendered":"<p>Vibra\u010dn\u00ed ovlada\u010d podava\u010de m\u00edsy SDVC31-XLR: CE-certifikovan\u00fd, nab\u00edz\u00ed manu\u00e1ln\u00ed nastaven\u00ed frekvence pro plynul\u00e9 pod\u00e1v\u00e1n\u00ed a automatickou regulaci nap\u011bt\u00ed pro stabilitu.<\/p>\n<p>Obsahuje m\u011bkk\u00fd start, senzorov\u00e9 ovl\u00e1d\u00e1n\u00ed a bezpe\u010dnostn\u00ed ochranu. V\u010detn\u011b standardn\u00edch kabel\u016f.<\/p>\n<p>Rozm\u011bry: 190<em>53.6<\/em>94,5 mm; Hmotnost: 610 g (bez p\u0159\u00edslu\u0161enstv\u00ed).<\/p>","protected":false},"featured_media":1980,"comment_status":"open","ping_status":"closed","template":"","meta":[],"product_cat":[45],"product_tag":[],"yoast_head":"<!-- This site is optimized with the Yoast SEO plugin v22.2 - https:\/\/yoast.com\/wordpress\/plugins\/seo\/ -->\n<title>Vibratory Bowl Feeder Controller SDVC31-XLR - SWOER<\/title>\n<meta name=\"robots\" content=\"index, follow, max-snippet:-1, max-image-preview:large, max-video-preview:-1\" \/>\n<link rel=\"canonical\" href=\"https:\/\/swoer.com\/cs\/manufacturer\/vibratory-bowl-feeder-controller-sdvc31-xlr\/\" \/>\n<meta property=\"og:locale\" content=\"cs_CZ\" \/>\n<meta property=\"og:type\" content=\"article\" \/>\n<meta property=\"og:title\" content=\"Vibratory Bowl Feeder Controller SDVC31-XLR - SWOER\" \/>\n<meta property=\"og:description\" content=\"The vibratory bowl feeder controller SDVC31-XLR: CE-certified, it offers manual frequency adjustment for smooth feeding and automatic voltage regulation for stability.  Features soft start, sensor controls, and safety protections. Includes standard cables.  Dimensions: 19053.694.5mm; Weight: 610g (without accessories).\" \/>\n<meta property=\"og:url\" content=\"https:\/\/swoer.com\/cs\/manufacturer\/vibratory-bowl-feeder-controller-sdvc31-xlr\/\" \/>\n<meta property=\"og:site_name\" content=\"SWOER\" \/>\n<meta property=\"article:modified_time\" content=\"2024-04-13T09:01:56+00:00\" \/>\n<meta property=\"og:image\" content=\"https:\/\/swoer.com\/wp-content\/uploads\/2024\/04\/vibratory-bowl-feeder-controller-SDVC31-XLR.webp\" \/>\n\t<meta property=\"og:image:width\" content=\"1000\" \/>\n\t<meta property=\"og:image:height\" content=\"1000\" \/>\n\t<meta property=\"og:image:type\" content=\"image\/webp\" \/>\n<meta name=\"twitter:card\" content=\"summary_large_image\" \/>\n<meta name=\"twitter:label1\" content=\"Odhadovan\u00e1 doba \u010dten\u00ed\" \/>\n\t<meta name=\"twitter:data1\" content=\"3 minuty\" \/>\n<script type=\"application\/ld+json\" class=\"yoast-schema-graph\">{\"@context\":\"https:\/\/schema.org\",\"@graph\":[{\"@type\":\"WebPage\",\"@id\":\"https:\/\/swoer.com\/manufacturer\/vibratory-bowl-feeder-controller-sdvc31-xlr\/\",\"url\":\"https:\/\/swoer.com\/manufacturer\/vibratory-bowl-feeder-controller-sdvc31-xlr\/\",\"name\":\"Vibratory Bowl Feeder Controller SDVC31-XLR - SWOER\",\"isPartOf\":{\"@id\":\"https:\/\/swoer.com\/#website\"},\"primaryImageOfPage\":{\"@id\":\"https:\/\/swoer.com\/manufacturer\/vibratory-bowl-feeder-controller-sdvc31-xlr\/#primaryimage\"},\"image\":{\"@id\":\"https:\/\/swoer.com\/manufacturer\/vibratory-bowl-feeder-controller-sdvc31-xlr\/#primaryimage\"},\"thumbnailUrl\":\"https:\/\/swoer.com\/wp-content\/uploads\/2024\/04\/vibratory-bowl-feeder-controller-SDVC31-XLR.webp\",\"datePublished\":\"2024-04-13T07:33:22+00:00\",\"dateModified\":\"2024-04-13T09:01:56+00:00\",\"breadcrumb\":{\"@id\":\"https:\/\/swoer.com\/manufacturer\/vibratory-bowl-feeder-controller-sdvc31-xlr\/#breadcrumb\"},\"inLanguage\":\"cs\",\"potentialAction\":[{\"@type\":\"ReadAction\",\"target\":[\"https:\/\/swoer.com\/manufacturer\/vibratory-bowl-feeder-controller-sdvc31-xlr\/\"]}]},{\"@type\":\"ImageObject\",\"inLanguage\":\"cs\",\"@id\":\"https:\/\/swoer.com\/manufacturer\/vibratory-bowl-feeder-controller-sdvc31-xlr\/#primaryimage\",\"url\":\"https:\/\/swoer.com\/wp-content\/uploads\/2024\/04\/vibratory-bowl-feeder-controller-SDVC31-XLR.webp\",\"contentUrl\":\"https:\/\/swoer.com\/wp-content\/uploads\/2024\/04\/vibratory-bowl-feeder-controller-SDVC31-XLR.webp\",\"width\":1000,\"height\":1000,\"caption\":\"vibratory bowl feeder controller SDVC31-XLR\"},{\"@type\":\"BreadcrumbList\",\"@id\":\"https:\/\/swoer.com\/manufacturer\/vibratory-bowl-feeder-controller-sdvc31-xlr\/#breadcrumb\",\"itemListElement\":[{\"@type\":\"ListItem\",\"position\":1,\"name\":\"Home\",\"item\":\"https:\/\/swoer.com\/\"},{\"@type\":\"ListItem\",\"position\":2,\"name\":\"Shop\",\"item\":\"https:\/\/swoer.com\/shop\/\"},{\"@type\":\"ListItem\",\"position\":3,\"name\":\"Vibratory Bowl Feeder Controller SDVC31-XLR\"}]},{\"@type\":\"WebSite\",\"@id\":\"https:\/\/swoer.com\/#website\",\"url\":\"https:\/\/swoer.com\/\",\"name\":\"SWOER\",\"description\":\"Swoer is the top 3 vibratory bowl feeder manufacturer in China\",\"potentialAction\":[{\"@type\":\"SearchAction\",\"target\":{\"@type\":\"EntryPoint\",\"urlTemplate\":\"https:\/\/swoer.com\/?s={search_term_string}\"},\"query-input\":\"required name=search_term_string\"}],\"inLanguage\":\"cs\"}]}<\/script>\n<!-- \/ Yoast SEO plugin. -->","yoast_head_json":{"title":"Vibratory Bowl Feeder Controller SDVC31-XLR - SWOER","robots":{"index":"index","follow":"follow","max-snippet":"max-snippet:-1","max-image-preview":"max-image-preview:large","max-video-preview":"max-video-preview:-1"},"canonical":"https:\/\/swoer.com\/cs\/manufacturer\/vibratory-bowl-feeder-controller-sdvc31-xlr\/","og_locale":"cs_CZ","og_type":"article","og_title":"Vibratory Bowl Feeder Controller SDVC31-XLR - SWOER","og_description":"The vibratory bowl feeder controller SDVC31-XLR: CE-certified, it offers manual frequency adjustment for smooth feeding and automatic voltage regulation for stability.  Features soft start, sensor controls, and safety protections. Includes standard cables.  Dimensions: 19053.694.5mm; Weight: 610g (without accessories).","og_url":"https:\/\/swoer.com\/cs\/manufacturer\/vibratory-bowl-feeder-controller-sdvc31-xlr\/","og_site_name":"SWOER","article_modified_time":"2024-04-13T09:01:56+00:00","og_image":[{"width":1000,"height":1000,"url":"https:\/\/swoer.com\/wp-content\/uploads\/2024\/04\/vibratory-bowl-feeder-controller-SDVC31-XLR.webp","type":"image\/webp"}],"twitter_card":"summary_large_image","twitter_misc":{"Odhadovan\u00e1 doba \u010dten\u00ed":"3 minuty"},"schema":{"@context":"https:\/\/schema.org","@graph":[{"@type":"WebPage","@id":"https:\/\/swoer.com\/manufacturer\/vibratory-bowl-feeder-controller-sdvc31-xlr\/","url":"https:\/\/swoer.com\/manufacturer\/vibratory-bowl-feeder-controller-sdvc31-xlr\/","name":"Vibratory Bowl Feeder Controller SDVC31-XLR - SWOER","isPartOf":{"@id":"https:\/\/swoer.com\/#website"},"primaryImageOfPage":{"@id":"https:\/\/swoer.com\/manufacturer\/vibratory-bowl-feeder-controller-sdvc31-xlr\/#primaryimage"},"image":{"@id":"https:\/\/swoer.com\/manufacturer\/vibratory-bowl-feeder-controller-sdvc31-xlr\/#primaryimage"},"thumbnailUrl":"https:\/\/swoer.com\/wp-content\/uploads\/2024\/04\/vibratory-bowl-feeder-controller-SDVC31-XLR.webp","datePublished":"2024-04-13T07:33:22+00:00","dateModified":"2024-04-13T09:01:56+00:00","breadcrumb":{"@id":"https:\/\/swoer.com\/manufacturer\/vibratory-bowl-feeder-controller-sdvc31-xlr\/#breadcrumb"},"inLanguage":"cs","potentialAction":[{"@type":"ReadAction","target":["https:\/\/swoer.com\/manufacturer\/vibratory-bowl-feeder-controller-sdvc31-xlr\/"]}]},{"@type":"ImageObject","inLanguage":"cs","@id":"https:\/\/swoer.com\/manufacturer\/vibratory-bowl-feeder-controller-sdvc31-xlr\/#primaryimage","url":"https:\/\/swoer.com\/wp-content\/uploads\/2024\/04\/vibratory-bowl-feeder-controller-SDVC31-XLR.webp","contentUrl":"https:\/\/swoer.com\/wp-content\/uploads\/2024\/04\/vibratory-bowl-feeder-controller-SDVC31-XLR.webp","width":1000,"height":1000,"caption":"vibratory bowl feeder controller SDVC31-XLR"},{"@type":"BreadcrumbList","@id":"https:\/\/swoer.com\/manufacturer\/vibratory-bowl-feeder-controller-sdvc31-xlr\/#breadcrumb","itemListElement":[{"@type":"ListItem","position":1,"name":"Home","item":"https:\/\/swoer.com\/"},{"@type":"ListItem","position":2,"name":"Shop","item":"https:\/\/swoer.com\/shop\/"},{"@type":"ListItem","position":3,"name":"Vibratory Bowl Feeder Controller SDVC31-XLR"}]},{"@type":"WebSite","@id":"https:\/\/swoer.com\/#website","url":"https:\/\/swoer.com\/","name":"SWOER","description":"Swoer is the top 3 vibratory bowl feeder manufacturer in China","potentialAction":[{"@type":"SearchAction","target":{"@type":"EntryPoint","urlTemplate":"https:\/\/swoer.com\/?s={search_term_string}"},"query-input":"required name=search_term_string"}],"inLanguage":"cs"}]}},"_links":{"self":[{"href":"https:\/\/swoer.com\/cs\/wp-json\/wp\/v2\/product\/1979"}],"collection":[{"href":"https:\/\/swoer.com\/cs\/wp-json\/wp\/v2\/product"}],"about":[{"href":"https:\/\/swoer.com\/cs\/wp-json\/wp\/v2\/types\/product"}],"replies":[{"embeddable":true,"href":"https:\/\/swoer.com\/cs\/wp-json\/wp\/v2\/comments?post=1979"}],"wp:featuredmedia":[{"embeddable":true,"href":"https:\/\/swoer.com\/cs\/wp-json\/wp\/v2\/media\/1980"}],"wp:attachment":[{"href":"https:\/\/swoer.com\/cs\/wp-json\/wp\/v2\/media?parent=1979"}],"wp:term":[{"taxonomy":"product_cat","embeddable":true,"href":"https:\/\/swoer.com\/cs\/wp-json\/wp\/v2\/product_cat?post=1979"},{"taxonomy":"product_tag","embeddable":true,"href":"https:\/\/swoer.com\/cs\/wp-json\/wp\/v2\/product_tag?post=1979"}],"curies":[{"name":"wp","href":"https:\/\/api.w.org\/{rel}","templated":true}]}}