{"id":1855,"date":"2024-04-03T06:07:37","date_gmt":"2024-04-03T06:07:37","guid":{"rendered":"https:\/\/lightgrey-porpoise-816575.hostingersite.com\/?post_type=product&#038;p=1855"},"modified":"2024-08-01T14:30:00","modified_gmt":"2024-08-01T06:30:00","slug":"two-tracks-small-vibratory-bowl-feeder-for-hardware","status":"publish","type":"product","link":"https:\/\/swoer.com\/cs\/manufacturer\/two-tracks-small-vibratory-bowl-feeder-for-hardware\/","title":{"rendered":"Dvoustop\u00fd mal\u00fd vibra\u010dn\u00ed m\u00edsov\u00fd podava\u010d pro hardware"},"content":{"rendered":"<section class=\"section\" id=\"section_1426322737\">\n\t\t<div class=\"bg section-bg fill bg-fill  bg-loaded\" >\n\n\t\t\t\n\t\t\t\n\t\t\t\n\n\t\t<\/div>\n\n\t\t\n\n\t\t<div class=\"section-content relative\">\n\t\t\t\n<p>Objevte p\u0159izp\u016fsoben\u00e1 \u0159e\u0161en\u00ed krmen\u00ed pro va\u0161e hardwarov\u00e9 pot\u0159eby s na\u0161\u00edm dvoustop\u00fdm mal\u00fdm vibra\u010dn\u00edm miskov\u00fdm podava\u010dem. Na\u0161e podava\u010de vyroben\u00e9 na zak\u00e1zku, navr\u017een\u00e9 pro p\u0159esnost a spolehlivost, bez probl\u00e9m\u016f zvl\u00e1daj\u00ed r\u016fzn\u00e9 hardwarov\u00e9 komponenty. Vyu\u017eijte v\u00fdhod p\u0159\u00edmo z v\u00fdroby bez kompromis\u016f v kvalit\u011b. Zvy\u0161te efektivitu va\u0161\u00ed v\u00fdroby s na\u0161\u00edm kompaktn\u00edm a v\u0161estrann\u00fdm \u0159e\u0161en\u00edm pod\u00e1v\u00e1n\u00ed. Zvy\u0161te svou produkci hardwaru je\u0161t\u011b dnes!<\/p>\n\t<div id=\"gap-422250769\" class=\"gap-element clearfix\" style=\"display:block; height:auto;\">\n\t\t\n<style>\n#gap-422250769 {\n  padding-top: 30px;\n}\n<\/style>\n\t<\/div>\n\t\n<h2>Specifikace:<\/h2>\n\t<div id=\"text-4023674519\" class=\"text\">\n\t\t\n<table width=\"684\">\n<tbody>\n<tr>\n<td width=\"183\">jm\u00e9no v\u00fdrobku<\/td>\n<td width=\"501\">Dvoustop\u00fd mal\u00fd vibra\u010dn\u00ed m\u00edsov\u00fd podava\u010d pro hardware<\/td>\n<\/tr>\n<tr>\n<td>Materi\u00e1l<\/td>\n<td>\u00a0SUS201\/304<\/td>\n<\/tr>\n<tr>\n<td>Specialita materi\u00e1lu<\/td>\n<td>Kovac\u00ed slitina zpracovan\u00e1 za studena, Vysok\u00e1 pevnost, Vysok\u00e1 tvrdost<\/td>\n<\/tr>\n<tr>\n<td>Nap\u011bt\u00ed<\/td>\n<td>220V<\/td>\n<\/tr>\n<tr>\n<td>Nap\u00e1jen\u00ed<\/td>\n<td>65W \/150W \/180W \/ 220W \/ 350W<\/td>\n<\/tr>\n<tr>\n<td>Autentizace<\/td>\n<td>CE, ROHS, ISO9001<\/td>\n<\/tr>\n<tr>\n<td>Z\u00e1ruka<\/td>\n<td>1 rok z\u00e1ruka<\/td>\n<\/tr>\n<tr>\n<td>MOQ<\/td>\n<td>1 set<\/td>\n<\/tr>\n<tr>\n<td>Dodac\u00ed lh\u016fta<\/td>\n<td>10-14 dn\u00ed<\/td>\n<\/tr>\n<tr>\n<td>Platebn\u00ed lh\u016fta<\/td>\n<td>T\/T 40% Z\u00e1loha a z\u016fstatek p\u0159ed odesl\u00e1n\u00edm<\/td>\n<\/tr>\n<tr>\n<td>Original of Place<\/td>\n<td>\u010c\u00edna<\/td>\n<\/tr>\n<\/tbody>\n<\/table>\n\t\t\n<style>\n#text-4023674519 {\n  font-size: 1.2rem;\n}\n<\/style>\n\t<\/div>\n\t\n\t\t<\/div>\n\n\t\t\n<style>\n#section_1426322737 {\n  padding-top: 30px;\n  padding-bottom: 30px;\n}\n#section_1426322737 .ux-shape-divider--top svg {\n  height: 150px;\n  --divider-top-width: 100%;\n}\n#section_1426322737 .ux-shape-divider--bottom svg {\n  height: 150px;\n  --divider-width: 100%;\n}\n<\/style>\n\t<\/section>\n\t\n<p>Zlep\u0161ete manipulaci s hardwarem pomoc\u00ed na\u0161eho dvoustop\u00e9ho podava\u010de pro mal\u00e9 vibra\u010dn\u00ed m\u00edsy. Tento podava\u010d, navr\u017een\u00fd pro p\u0159esnost a efektivitu, poskytuje vlastn\u00ed \u0159e\u0161en\u00ed \u0161it\u00e9 na m\u00edru va\u0161im specifick\u00fdm pot\u0159eb\u00e1m. Vyzna\u010duje se rychl\u00fdm dod\u00e1n\u00edm a je dod\u00e1v\u00e1n s certifikac\u00ed CE\/UL pro zaji\u0161t\u011bn\u00ed kvality a bezpe\u010dnosti.<\/p>\n<p>Ve spole\u010dnosti SWOER ch\u00e1peme d\u016fle\u017eitost spolehliv\u00fdch a \u00fa\u010dinn\u00fdch \u0159e\u0161en\u00ed krmen\u00ed. N\u00e1\u0161 zku\u0161en\u00fd t\u00fdm s v\u00e1mi bude \u00fazce spolupracovat, aby zajistil, \u017ee se n\u00e1\u0161 vibra\u010dn\u00ed podava\u010d bez probl\u00e9m\u016f za\u010dlen\u00ed do va\u0161eho v\u00fdrobn\u00edho procesu. S na\u0161imi konkuren\u010dn\u00edmi tov\u00e1rn\u00edmi cenami a z\u00e1vazkem ke kvalit\u011b m\u016f\u017eete zlep\u0161it sv\u00e9 operace, ani\u017e byste museli vyd\u011blat pen\u00edze.<\/p>\n<p><strong>Jste p\u0159ipraveni zlep\u0161it proces dod\u00e1v\u00e1n\u00ed hardwaru?<\/strong><\/p>\n<p>Kontaktujte n\u00e1s je\u0161t\u011b dnes, probereme va\u0161e po\u017eadavky a z\u00edskejte personalizovanou nab\u00eddku. Nechte SWOER b\u00fdt va\u0161\u00edm partnerem p\u0159i dosahov\u00e1n\u00ed vy\u0161\u0161\u00ed efektivity a p\u0159esnosti v\u00fdroby.<\/p>\n\n<div class=\"wpcf7 no-js\" id=\"wpcf7-f5-o1\" lang=\"en-US\" dir=\"ltr\">\n<div class=\"screen-reader-response\"><p role=\"status\" aria-live=\"polite\" aria-atomic=\"true\"><\/p> <ul><\/ul><\/div>\n<form action=\"\/cs\/wp-json\/wp\/v2\/product\/1855#wpcf7-f5-o1\" method=\"post\" class=\"wpcf7-form init\" aria-label=\"Kontaktn\u00ed formul\u00e1\u0159\" novalidate=\"novalidate\" data-status=\"init\" data-trp-original-action=\"\/cs\/wp-json\/wp\/v2\/product\/1855#wpcf7-f5-o1\">\n<div style=\"display: none;\">\n<input type=\"hidden\" name=\"_wpcf7\" value=\"5\" \/>\n<input type=\"hidden\" name=\"_wpcf7_version\" value=\"5.9.2\" \/>\n<input type=\"hidden\" name=\"_wpcf7_locale\" value=\"en_US\" \/>\n<input type=\"hidden\" name=\"_wpcf7_unit_tag\" value=\"wpcf7-f5-o1\" \/>\n<input type=\"hidden\" name=\"_wpcf7_container_post\" value=\"0\" \/>\n<input type=\"hidden\" name=\"_wpcf7_posted_data_hash\" value=\"\" \/>\n<\/div>\n<div class='custom_contact_style'>\n\t<p><label> Tv\u00e9 jm\u00e9no<br \/>\n<span class=\"wpcf7-form-control-wrap\" data-name=\"your-name\"><input size=\"40\" class=\"wpcf7-form-control wpcf7-text wpcf7-validates-as-required\" autocomplete=\"name\" aria-required=\"true\" aria-invalid=\"false\" value=\"\" type=\"text\" name=\"your-name\" \/><\/span> <\/label>\n\t<\/p>\n\t<p><label> Tv\u016fj e-mail<br \/>\n<span class=\"wpcf7-form-control-wrap\" data-name=\"your-email\"><input size=\"40\" class=\"wpcf7-form-control wpcf7-email wpcf7-validates-as-required wpcf7-text wpcf7-validates-as-email\" autocomplete=\"email\" aria-required=\"true\" aria-invalid=\"false\" value=\"\" type=\"email\" name=\"your-email\" \/><\/span> <\/label>\n\t<\/p>\n\t<p><label> Va\u0161e zpr\u00e1va (voliteln\u00e9)<br \/>\n<span class=\"wpcf7-form-control-wrap\" data-name=\"your-message\"><textarea cols=\"40\" rows=\"10\" class=\"wpcf7-form-control wpcf7-textarea\" aria-invalid=\"false\" name=\"your-message\"><\/textarea><\/span> <\/label>\n\t<\/p>\n\t<div style=\"margin-bottom:10px;\">\n\t\t<p><span class=\"wpcf7-form-control-wrap kc_captcha cf7ic-toggle\" data-name=\"kc_captcha\"><span class=\"wpcf7-form-control wpcf7-radio\"><span class=\"captcha-image\" style=\"display: none;\"><span class=\"cf7ic_instructions\">Proka\u017ete, \u017ee jste \u010dlov\u011bk, v\u00fdb\u011brem<span> tree<\/span>.<\/span><label><input aria-label=\"1\" type=\"radio\" name=\"kc_captcha\" value=\"bot\" \/><svg aria-hidden=\"true\" role=\"img\" xmlns=\"http:\/\/www.w3.org\/2000\/svg\" viewbox=\"0 0 576 512\"><path fill=\"currentColor\" d=\"M259 18l-65 132-146 22c-26 3-37 36-18 54l106 103-25 146c-5 26 23 46 46 33l131-68 131 68c23 13 51-7 46-33l-25-146 106-103c19-18 8-51-18-54l-146-22-65-132a32 32 0 00-58 0z\"\/><\/svg><\/label><label><input aria-label=\"2\" type=\"radio\" name=\"kc_captcha\" value=\"bot\" \/><svg aria-hidden=\"true\" role=\"img\" xmlns=\"http:\/\/www.w3.org\/2000\/svg\" viewbox=\"0 0 512 512\"><path fill=\"currentColor\" d=\"M512 176a176 176 0 01-209 173l-24 27a24 24 0 01-18 8h-37v40c0 13-11 24-24 24h-40v40c0 13-11 24-24 24H24c-13 0-24-11-24-24v-78c0-6 3-13 7-17l162-162a176 176 0 11343-55zm-176-48a48 48 0 1096 0 48 48 0 00-96 0z\"\/><\/svg><\/label><label><input aria-label=\"3\" type=\"radio\" name=\"kc_captcha\" value=\"kc_human\" \/><svg aria-hidden=\"true\" role=\"img\" xmlns=\"http:\/\/www.w3.org\/2000\/svg\" viewbox=\"0 0 384 512\"><path fill=\"currentColor\" d=\"M377 375l-83-87h34c21 0 32-25 17-40l-82-88h33c21 0 32-25 18-40L210 8c-10-11-26-11-36 0L70 120c-14 15-3 40 18 40h33l-82 88c-15 15-4 40 17 40h34L7 375c-15 16-4 41 17 41h120c0 33-11 49-34 68-12 9-5 28 10 28h144c15 0 22-19 10-28-20-16-34-32-34-68h120c21 0 32-25 17-41z\"\/><\/svg><\/label>\r\n    <\/span>\r\n    <span style=\"display:none\">\r\n        <input type=\"text\" name=\"kc_honeypot\">\r\n    <\/span><\/span><\/span>\n\t\t<\/p>\n\t<\/div>\n\t<p><input class=\"wpcf7-form-control wpcf7-submit has-spinner\" type=\"submit\" value=\"P\u0159edlo\u017eit\" \/>\n\t<\/p>\n<\/div><div class=\"wpcf7-response-output\" aria-hidden=\"true\"><\/div>\n<input type=\"hidden\" name=\"trp-form-language\" value=\"cs\"\/><\/form>\n<\/div>","protected":false},"excerpt":{"rendered":"<p>N\u00e1\u0161 dvoustop\u00fd podava\u010d pro mal\u00e9 vibra\u010dn\u00ed m\u00edsy pro hardware nab\u00edz\u00ed vlastn\u00ed \u0159e\u0161en\u00ed, rychl\u00e9 dod\u00e1n\u00ed a certifikaci CE\/UL. Ide\u00e1ln\u00ed pro optimalizaci va\u0161ich operac\u00ed.<\/p>","protected":false},"featured_media":1856,"comment_status":"open","ping_status":"closed","template":"","meta":[],"product_cat":[37],"product_tag":[],"yoast_head":"<!-- This site is optimized with the Yoast SEO plugin v22.2 - https:\/\/yoast.com\/wordpress\/plugins\/seo\/ -->\n<title>Two Tracks Small Vibratory Bowl Feeder for Hardware - SWOER<\/title>\n<meta name=\"description\" content=\"Boost efficiency with our Two Tracks Small Vibratory Bowl Feeder for hardware. Custom solutions, CE\/UL certified. Contact SWOER for your needs!\" \/>\n<meta name=\"robots\" content=\"index, follow, max-snippet:-1, max-image-preview:large, max-video-preview:-1\" \/>\n<link rel=\"canonical\" href=\"https:\/\/swoer.com\/cs\/manufacturer\/two-tracks-small-vibratory-bowl-feeder-for-hardware\/\" \/>\n<meta property=\"og:locale\" content=\"cs_CZ\" \/>\n<meta property=\"og:type\" content=\"article\" \/>\n<meta property=\"og:title\" content=\"Two Tracks Small Vibratory Bowl Feeder for Hardware - SWOER\" \/>\n<meta property=\"og:description\" content=\"Boost efficiency with our Two Tracks Small Vibratory Bowl Feeder for hardware. Custom solutions, CE\/UL certified. Contact SWOER for your needs!\" \/>\n<meta property=\"og:url\" content=\"https:\/\/swoer.com\/cs\/manufacturer\/two-tracks-small-vibratory-bowl-feeder-for-hardware\/\" \/>\n<meta property=\"og:site_name\" content=\"SWOER\" \/>\n<meta property=\"article:modified_time\" content=\"2024-08-01T06:30:00+00:00\" \/>\n<meta property=\"og:image\" content=\"https:\/\/swoer.com\/wp-content\/uploads\/2024\/04\/two-tracks-small-vibratory-bowl-feeder-for-hardware-.jpg\" \/>\n\t<meta property=\"og:image:width\" content=\"1000\" \/>\n\t<meta property=\"og:image:height\" content=\"1000\" \/>\n\t<meta property=\"og:image:type\" content=\"image\/jpeg\" \/>\n<meta name=\"twitter:card\" content=\"summary_large_image\" \/>\n<meta name=\"twitter:label1\" content=\"Odhadovan\u00e1 doba \u010dten\u00ed\" \/>\n\t<meta name=\"twitter:data1\" content=\"2 minuty\" \/>\n<script type=\"application\/ld+json\" class=\"yoast-schema-graph\">{\"@context\":\"https:\/\/schema.org\",\"@graph\":[{\"@type\":\"WebPage\",\"@id\":\"https:\/\/swoer.com\/manufacturer\/two-tracks-small-vibratory-bowl-feeder-for-hardware\/\",\"url\":\"https:\/\/swoer.com\/manufacturer\/two-tracks-small-vibratory-bowl-feeder-for-hardware\/\",\"name\":\"Two Tracks Small Vibratory Bowl Feeder for Hardware - SWOER\",\"isPartOf\":{\"@id\":\"https:\/\/swoer.com\/#website\"},\"primaryImageOfPage\":{\"@id\":\"https:\/\/swoer.com\/manufacturer\/two-tracks-small-vibratory-bowl-feeder-for-hardware\/#primaryimage\"},\"image\":{\"@id\":\"https:\/\/swoer.com\/manufacturer\/two-tracks-small-vibratory-bowl-feeder-for-hardware\/#primaryimage\"},\"thumbnailUrl\":\"https:\/\/swoer.com\/wp-content\/uploads\/2024\/04\/two-tracks-small-vibratory-bowl-feeder-for-hardware-.jpg\",\"datePublished\":\"2024-04-03T06:07:37+00:00\",\"dateModified\":\"2024-08-01T06:30:00+00:00\",\"description\":\"Boost efficiency with our Two Tracks Small Vibratory Bowl Feeder for hardware. Custom solutions, CE\/UL certified. Contact SWOER for your needs!\",\"breadcrumb\":{\"@id\":\"https:\/\/swoer.com\/manufacturer\/two-tracks-small-vibratory-bowl-feeder-for-hardware\/#breadcrumb\"},\"inLanguage\":\"cs\",\"potentialAction\":[{\"@type\":\"ReadAction\",\"target\":[\"https:\/\/swoer.com\/manufacturer\/two-tracks-small-vibratory-bowl-feeder-for-hardware\/\"]}]},{\"@type\":\"ImageObject\",\"inLanguage\":\"cs\",\"@id\":\"https:\/\/swoer.com\/manufacturer\/two-tracks-small-vibratory-bowl-feeder-for-hardware\/#primaryimage\",\"url\":\"https:\/\/swoer.com\/wp-content\/uploads\/2024\/04\/two-tracks-small-vibratory-bowl-feeder-for-hardware-.jpg\",\"contentUrl\":\"https:\/\/swoer.com\/wp-content\/uploads\/2024\/04\/two-tracks-small-vibratory-bowl-feeder-for-hardware-.jpg\",\"width\":1000,\"height\":1000,\"caption\":\"two tracks small vibratory bowl feeder for hardware\"},{\"@type\":\"BreadcrumbList\",\"@id\":\"https:\/\/swoer.com\/manufacturer\/two-tracks-small-vibratory-bowl-feeder-for-hardware\/#breadcrumb\",\"itemListElement\":[{\"@type\":\"ListItem\",\"position\":1,\"name\":\"Home\",\"item\":\"https:\/\/swoer.com\/\"},{\"@type\":\"ListItem\",\"position\":2,\"name\":\"Shop\",\"item\":\"https:\/\/swoer.com\/shop\/\"},{\"@type\":\"ListItem\",\"position\":3,\"name\":\"Two Tracks Small Vibratory Bowl Feeder for Hardware\"}]},{\"@type\":\"WebSite\",\"@id\":\"https:\/\/swoer.com\/#website\",\"url\":\"https:\/\/swoer.com\/\",\"name\":\"SWOER\",\"description\":\"Swoer is the top 3 vibratory bowl feeder manufacturer in China\",\"potentialAction\":[{\"@type\":\"SearchAction\",\"target\":{\"@type\":\"EntryPoint\",\"urlTemplate\":\"https:\/\/swoer.com\/?s={search_term_string}\"},\"query-input\":\"required name=search_term_string\"}],\"inLanguage\":\"cs\"}]}<\/script>\n<!-- \/ Yoast SEO plugin. -->","yoast_head_json":{"title":"Two Tracks Small Vibratory Bowl Feeder for Hardware - SWOER","description":"Boost efficiency with our Two Tracks Small Vibratory Bowl Feeder for hardware. Custom solutions, CE\/UL certified. Contact SWOER for your needs!","robots":{"index":"index","follow":"follow","max-snippet":"max-snippet:-1","max-image-preview":"max-image-preview:large","max-video-preview":"max-video-preview:-1"},"canonical":"https:\/\/swoer.com\/cs\/manufacturer\/two-tracks-small-vibratory-bowl-feeder-for-hardware\/","og_locale":"cs_CZ","og_type":"article","og_title":"Two Tracks Small Vibratory Bowl Feeder for Hardware - SWOER","og_description":"Boost efficiency with our Two Tracks Small Vibratory Bowl Feeder for hardware. Custom solutions, CE\/UL certified. Contact SWOER for your needs!","og_url":"https:\/\/swoer.com\/cs\/manufacturer\/two-tracks-small-vibratory-bowl-feeder-for-hardware\/","og_site_name":"SWOER","article_modified_time":"2024-08-01T06:30:00+00:00","og_image":[{"width":1000,"height":1000,"url":"https:\/\/swoer.com\/wp-content\/uploads\/2024\/04\/two-tracks-small-vibratory-bowl-feeder-for-hardware-.jpg","type":"image\/jpeg"}],"twitter_card":"summary_large_image","twitter_misc":{"Odhadovan\u00e1 doba \u010dten\u00ed":"2 minuty"},"schema":{"@context":"https:\/\/schema.org","@graph":[{"@type":"WebPage","@id":"https:\/\/swoer.com\/manufacturer\/two-tracks-small-vibratory-bowl-feeder-for-hardware\/","url":"https:\/\/swoer.com\/manufacturer\/two-tracks-small-vibratory-bowl-feeder-for-hardware\/","name":"Two Tracks Small Vibratory Bowl Feeder for Hardware - SWOER","isPartOf":{"@id":"https:\/\/swoer.com\/#website"},"primaryImageOfPage":{"@id":"https:\/\/swoer.com\/manufacturer\/two-tracks-small-vibratory-bowl-feeder-for-hardware\/#primaryimage"},"image":{"@id":"https:\/\/swoer.com\/manufacturer\/two-tracks-small-vibratory-bowl-feeder-for-hardware\/#primaryimage"},"thumbnailUrl":"https:\/\/swoer.com\/wp-content\/uploads\/2024\/04\/two-tracks-small-vibratory-bowl-feeder-for-hardware-.jpg","datePublished":"2024-04-03T06:07:37+00:00","dateModified":"2024-08-01T06:30:00+00:00","description":"Boost efficiency with our Two Tracks Small Vibratory Bowl Feeder for hardware. Custom solutions, CE\/UL certified. Contact SWOER for your needs!","breadcrumb":{"@id":"https:\/\/swoer.com\/manufacturer\/two-tracks-small-vibratory-bowl-feeder-for-hardware\/#breadcrumb"},"inLanguage":"cs","potentialAction":[{"@type":"ReadAction","target":["https:\/\/swoer.com\/manufacturer\/two-tracks-small-vibratory-bowl-feeder-for-hardware\/"]}]},{"@type":"ImageObject","inLanguage":"cs","@id":"https:\/\/swoer.com\/manufacturer\/two-tracks-small-vibratory-bowl-feeder-for-hardware\/#primaryimage","url":"https:\/\/swoer.com\/wp-content\/uploads\/2024\/04\/two-tracks-small-vibratory-bowl-feeder-for-hardware-.jpg","contentUrl":"https:\/\/swoer.com\/wp-content\/uploads\/2024\/04\/two-tracks-small-vibratory-bowl-feeder-for-hardware-.jpg","width":1000,"height":1000,"caption":"two tracks small vibratory bowl feeder for hardware"},{"@type":"BreadcrumbList","@id":"https:\/\/swoer.com\/manufacturer\/two-tracks-small-vibratory-bowl-feeder-for-hardware\/#breadcrumb","itemListElement":[{"@type":"ListItem","position":1,"name":"Home","item":"https:\/\/swoer.com\/"},{"@type":"ListItem","position":2,"name":"Shop","item":"https:\/\/swoer.com\/shop\/"},{"@type":"ListItem","position":3,"name":"Two Tracks Small Vibratory Bowl Feeder for Hardware"}]},{"@type":"WebSite","@id":"https:\/\/swoer.com\/#website","url":"https:\/\/swoer.com\/","name":"SWOER","description":"Swoer is the top 3 vibratory bowl feeder manufacturer in China","potentialAction":[{"@type":"SearchAction","target":{"@type":"EntryPoint","urlTemplate":"https:\/\/swoer.com\/?s={search_term_string}"},"query-input":"required name=search_term_string"}],"inLanguage":"cs"}]}},"_links":{"self":[{"href":"https:\/\/swoer.com\/cs\/wp-json\/wp\/v2\/product\/1855"}],"collection":[{"href":"https:\/\/swoer.com\/cs\/wp-json\/wp\/v2\/product"}],"about":[{"href":"https:\/\/swoer.com\/cs\/wp-json\/wp\/v2\/types\/product"}],"replies":[{"embeddable":true,"href":"https:\/\/swoer.com\/cs\/wp-json\/wp\/v2\/comments?post=1855"}],"wp:featuredmedia":[{"embeddable":true,"href":"https:\/\/swoer.com\/cs\/wp-json\/wp\/v2\/media\/1856"}],"wp:attachment":[{"href":"https:\/\/swoer.com\/cs\/wp-json\/wp\/v2\/media?parent=1855"}],"wp:term":[{"taxonomy":"product_cat","embeddable":true,"href":"https:\/\/swoer.com\/cs\/wp-json\/wp\/v2\/product_cat?post=1855"},{"taxonomy":"product_tag","embeddable":true,"href":"https:\/\/swoer.com\/cs\/wp-json\/wp\/v2\/product_tag?post=1855"}],"curies":[{"name":"wp","href":"https:\/\/api.w.org\/{rel}","templated":true}]}}