{"id":1839,"date":"2024-04-02T08:27:07","date_gmt":"2024-04-02T08:27:07","guid":{"rendered":"https:\/\/lightgrey-porpoise-816575.hostingersite.com\/?post_type=product&#038;p=1839"},"modified":"2024-07-31T09:05:56","modified_gmt":"2024-07-31T01:05:56","slug":"automatic-riveting-machine","status":"publish","type":"product","link":"https:\/\/swoer.com\/cs\/manufacturer\/automatic-riveting-machine\/","title":{"rendered":"Automatick\u00fd n\u00fdtovac\u00ed stroj"},"content":{"rendered":"<p data-sourcepos=\"3:1-3:9\">Automatick\u00fd n\u00fdtovac\u00ed stroj SWOER je pokro\u010dil\u00fd syst\u00e9m, kter\u00fd automaticky p\u0159en\u00e1\u0161\u00ed n\u00fdty do tlamy pro tah\u00e1n\u00ed h\u0159eb\u00edk\u016f. Tento stroj jsme navrhli, aby zaplnil kritick\u00e9 mezery v \u010d\u00ednsk\u00e9m pr\u016fmyslu, a z\u00edskal \u0159adu patent\u016f. Pou\u017eit\u00ed tohoto stroje m\u016f\u017ee va\u0161emu podniku u\u0161et\u0159it v\u00edce ne\u017e 301 TP3T n\u00e1klad\u016f na pracovn\u00ed s\u00edlu.<\/p>\n<p data-sourcepos=\"5:1-5:135\">Na rozd\u00edl od jin\u00fdch automatick\u00fdch n\u00fdtovac\u00edch stroj\u016f pracuje model SWOER odli\u0161n\u00fdm zp\u016fsobem. Zat\u00edmco konven\u010dn\u00ed stroje vy\u017eaduj\u00ed ru\u010dn\u00ed um\u00edst\u011bn\u00ed n\u00fdt\u016f a ovl\u00e1d\u00e1n\u00ed \u00fast\u00ed n\u00fdtu, spol\u00e9haj\u00edc\u00ed se na podtlak pro p\u0159\u00edjem n\u00fdt\u016f, automatick\u00fd n\u00fdtovac\u00ed stroj SWOER naopak poskytuje automatizovan\u00fd p\u0159\u00edstup. N\u00e1\u0161 stroj pou\u017e\u00edv\u00e1 stla\u010den\u00fd vzduch k doprav\u011b n\u00fdt\u016f p\u0159\u00edmo do \u00fast\u00ed nast\u0159elovac\u00ed pistole prost\u0159ednictv\u00edm automatick\u00e9ho n\u00fdtu. uspo\u0159\u00e1d\u00e1n\u00ed a odd\u011blen\u00ed. P\u0159ijet\u00edm automatick\u00e9ho n\u00fdtovac\u00edho stroje SWOER m\u016f\u017eete p\u0159em\u011bnit pracn\u00e9 ru\u010dn\u00ed operace s h\u0159eb\u00edky na automatizovan\u00e9 nebo bezobslu\u017en\u00e9 procesy, co\u017e p\u0159edstavuje v\u00fdznamn\u00fd technologick\u00fd pokrok v nehtov\u00e9m pr\u016fmyslu.<\/p>\n\t<div id=\"gap-1200722624\" class=\"gap-element clearfix\" style=\"display:block; height:auto;\">\n\t\t\n<style>\n#gap-1200722624 {\n  padding-top: 30px;\n}\n<\/style>\n\t<\/div>\n\t\n<h2><strong>Specifikace:<\/strong><\/h2>\n\t<div id=\"text-2978324705\" class=\"text\">\n\t\t\n<table style=\"border-collapse: collapse; width: 432.77pt;\" border=\"0\" width=\"577\" cellspacing=\"0\" cellpadding=\"0\">\n<tbody>\n<tr style=\"height: 15.00pt;\">\n<td class=\"et2\" style=\"height: 15.00pt; width: 206.25pt;\" width=\"275\" height=\"20\">Polo\u017eka<\/td>\n<td class=\"et2\" style=\"width: 226.50pt;\" width=\"302\">Hodnota<\/td>\n<\/tr>\n<tr style=\"height: 15.00pt;\">\n<td class=\"et2\" style=\"height: 15.00pt; width: 206.25pt;\" width=\"275\" height=\"20\">Modelov\u00e9 \u010d\u00edslo<\/td>\n<td class=\"et2\" style=\"width: 226.50pt;\" width=\"302\">SW-1000A<\/td>\n<\/tr>\n<tr style=\"height: 15.00pt;\">\n<td class=\"et2\" style=\"height: 15.00pt; width: 206.25pt;\" width=\"275\" height=\"20\">Z\u00e1ruka<\/td>\n<td class=\"et2\" style=\"width: 226.50pt;\" width=\"302\">1 rok<\/td>\n<\/tr>\n<tr style=\"height: 15.00pt;\">\n<td class=\"et2\" style=\"height: 15.00pt; width: 206.25pt;\" width=\"275\" height=\"20\">Rychlost bez zat\u00ed\u017een\u00ed<\/td>\n<td class=\"et3\" style=\"width: 226.50pt;\" width=\"302\">0<\/td>\n<\/tr>\n<tr style=\"height: 15.00pt;\">\n<td class=\"et2\" style=\"height: 15.00pt; width: 206.25pt;\" width=\"275\" height=\"20\">P\u0159izp\u016fsoben\u00e1 podpora<\/td>\n<td class=\"et2\" style=\"width: 226.50pt;\" width=\"302\">OEM<\/td>\n<\/tr>\n<tr style=\"height: 15.00pt;\">\n<td class=\"et2\" style=\"height: 15.00pt; width: 206.25pt;\" width=\"275\" height=\"20\">M\u00edsto p\u016fvodu<\/td>\n<td class=\"et2\" style=\"width: 226.50pt;\" width=\"302\">\u010c\u00edna<\/td>\n<\/tr>\n<tr style=\"height: 15.00pt;\">\n<td class=\"et2\" style=\"height: 15.00pt; width: 206.25pt;\" width=\"275\" height=\"20\">n\u00e1zev<\/td>\n<td class=\"et2\" style=\"width: 226.50pt;\" width=\"302\">Automatick\u00fd n\u00fdtovac\u00ed stroj<\/td>\n<\/tr>\n<tr style=\"height: 15.00pt;\">\n<td class=\"et2\" style=\"height: 15.00pt; width: 206.25pt;\" width=\"275\" height=\"20\">Barva<\/td>\n<td class=\"et2\" style=\"width: 226.50pt;\" width=\"302\">Bled\u00fd<\/td>\n<\/tr>\n<tr style=\"height: 15.00pt;\">\n<td class=\"et2\" style=\"height: 15.00pt; width: 206.25pt;\" width=\"275\" height=\"20\">Hmotnost<\/td>\n<td class=\"et2\" style=\"width: 226.50pt;\" width=\"302\">50 kg<\/td>\n<\/tr>\n<tr style=\"height: 15.00pt;\">\n<td class=\"et2\" style=\"height: 15.00pt; width: 206.25pt;\" width=\"275\" height=\"20\">Rychlost pod\u00e1v\u00e1n\u00ed neht\u016f<\/td>\n<td class=\"et2\" style=\"width: 226.50pt;\" width=\"302\">60~120ks\/min<\/td>\n<\/tr>\n<tr style=\"height: 15.00pt;\">\n<td class=\"et2\" style=\"height: 15.00pt; width: 206.25pt;\" width=\"275\" height=\"20\">Tlak<\/td>\n<td class=\"et2\" style=\"width: 226.50pt;\" width=\"302\">5,5 ~ 6,5 bar<\/td>\n<\/tr>\n<tr style=\"height: 15.00pt;\">\n<td class=\"et2\" style=\"height: 15.00pt; width: 206.25pt;\" width=\"275\" height=\"20\">Velikost podvozku<\/td>\n<td class=\"et2\" style=\"width: 226.50pt;\" width=\"302\">530*360*380mm<\/td>\n<\/tr>\n<\/tbody>\n<\/table>\n\t\t\n<style>\n#text-2978324705 {\n  font-size: 1.15rem;\n  line-height: 3;\n}\n<\/style>\n\t<\/div>\n\t\n\t<div id=\"gap-343521899\" class=\"gap-element clearfix\" style=\"display:block; height:auto;\">\n\t\t\n<style>\n#gap-343521899 {\n  padding-top: 30px;\n}\n<\/style>\n\t<\/div>\n\t\n<h3><strong>Automatick\u00fd n\u00fdtovac\u00ed stroj SWOER se skl\u00e1d\u00e1 ze dvou hlavn\u00edch sou\u010d\u00e1st\u00ed: hlavn\u00edho motoru a sou\u010d\u00e1st\u00ed nast\u0159elovac\u00ed pistole.<\/strong><\/h3>\n<ol>\n<li>Hlavn\u00ed motor se skl\u00e1d\u00e1 z pohybov\u00e9ho syst\u00e9mu stroje, \u0159\u00eddic\u00edho syst\u00e9mu stroje a detek\u010dn\u00edho syst\u00e9mu. \u00dakolem pohybov\u00e9ho syst\u00e9mu stroje je uspo\u0159\u00e1dan\u011b odd\u011blit n\u00fdty a dopravit je do trysky pistole v ur\u010dit\u00e9m sm\u011bru. Mezit\u00edm \u0159\u00eddic\u00ed syst\u00e9m stroje \u0159\u00edd\u00ed \u010dinnost r\u016fzn\u00fdch \u010d\u00e1st\u00ed podle p\u0159edem nastaven\u00fdch pokyn\u016f. Detek\u010dn\u00ed syst\u00e9m z\u00e1rove\u0148 zaji\u0161\u0165uje stabiln\u00ed provoz stroje podle naprogramovan\u00fdch parametr\u016f.<\/li>\n<\/ol>\n<p>2. Sou\u010d\u00e1st nast\u0159elovac\u00ed pistole zahrnuje nast\u0159elovac\u00ed pistoli, mechanismus pro p\u0159ij\u00edm\u00e1n\u00ed n\u00fdt\u016f a mechanismus pro sb\u011br a v\u00fdstup sign\u00e1lu. Krom\u011b toho nast\u0159elovac\u00ed pistole, standardn\u00ed automatick\u00e1 nast\u0159elovac\u00ed pistole dostupn\u00e1 na trhu, slou\u017e\u00ed jako prim\u00e1rn\u00ed n\u00e1stroj pro operace s h\u0159eb\u00edky, a\u0165 u\u017e ru\u010dn\u00ed nebo automatick\u00e9. Mechanismus p\u0159ij\u00edm\u00e1n\u00ed n\u00fdt\u016f zachycuje a nakl\u00e1d\u00e1 n\u00fdty p\u0159epravovan\u00e9 hlavn\u00edm motorem potrub\u00edm do sou\u010d\u00e1sti n\u00fdtovac\u00ed trysky, co\u017e p\u0159edstavuje z\u00e1kladn\u00ed technologii automatick\u00e9ho n\u00fdtovac\u00edho stroje. A kone\u010dn\u011b, mechanismus sb\u011bru a v\u00fdstupu sign\u00e1l\u016f, jak jeho n\u00e1zev napov\u00edd\u00e1, shroma\u017e\u010fuje a vyd\u00e1v\u00e1 sign\u00e1ly pro zah\u00e1jen\u00ed provozu stroje a dokon\u010den\u00ed \u00fakol\u016f.<\/p>\n<h3><strong>Pokyny pro \u010di\u0161t\u011bn\u00ed a \u00fadr\u017ebu automatick\u00e9ho n\u00fdtovac\u00edho stroje:<\/strong><\/h3>\n<p><strong>1.<\/strong> Pravideln\u011b \u010dist\u011bte z\u00e1sobn\u00edk na nehty, abyste udr\u017eeli \u010distotu, pomoc\u00ed vysokotlak\u00e9ho plynu vyfoukejte ve\u0161ker\u00e9 zbytky nahromad\u011bn\u00e9 uvnit\u0159.<\/p>\n<p><strong>2.<\/strong> Pravideln\u011b \u010dist\u011bte dr\u00e1hy n\u00fdtovac\u00edho stroje, abyste zajistili hladk\u00fd provoz.<\/p>\n<p><strong>3.<\/strong> Pravideln\u011b \u010dist\u011bte zav\u00e1d\u011bc\u00ed syst\u00e9m nehtu, aby byla zachov\u00e1na jeho funk\u010dnost, a pro dosa\u017een\u00ed optim\u00e1ln\u00edho v\u00fdkonu zva\u017ete pou\u017eit\u00ed maziva k maz\u00e1n\u00ed pohybliv\u00fdch \u010d\u00e1st\u00ed.<\/p>\n<p><strong>4.<\/strong> Udr\u017eujte \u010distotu vn\u011bj\u0161\u00edho povrchu sk\u0159\u00edn\u011b stroje pravideln\u00fdmi \u010distic\u00edmi postupy.<\/p>\n<p><strong>5.<\/strong> Nepou\u017e\u00edvejte \u00fast\u00ed nast\u0159elovac\u00ed pistole k nar\u00e1\u017een\u00ed obrobk\u016f nebo jin\u00fdch p\u0159edm\u011bt\u016f. Krom\u011b toho nezapome\u0148te vypnout stroj, kdy\u017e se nepou\u017e\u00edv\u00e1, abyste p\u0159ede\u0161li nehod\u00e1m.<\/p>","protected":false},"excerpt":{"rendered":"<p>V\u00fdrobce a dodavatel zak\u00e1zkov\u00fdch automatick\u00fdch n\u00fdtovac\u00edch stroj\u016f SWOER v \u010c\u00edn\u011b.<\/p>\n<p>-MOQ: 1 ks<\/p>\n<p>-Nab\u00edzen\u00e1 slu\u017eba OEM\/ODM<\/p>\n<p>-P\u0159ijm\u011bte p\u0159izp\u016fsoben\u00ed<\/p>\n<p>Pokud chcete z\u00edskat ceny automatick\u00e9ho n\u00fdtovac\u00edho za\u0159\u00edzen\u00ed, kontaktujte n\u00e1s.<\/p>","protected":false},"featured_media":1840,"comment_status":"open","ping_status":"closed","template":"","meta":[],"product_cat":[42],"product_tag":[],"yoast_head":"<!-- This site is optimized with the Yoast SEO plugin v22.2 - https:\/\/yoast.com\/wordpress\/plugins\/seo\/ -->\n<title>Automatic Riveting Machine - SWOER<\/title>\n<meta name=\"description\" content=\"Experience advanced automation with SOWER&#039;s riveting machine. Automate rivet transfer, saving over 30% in labor and boosting efficiency.\" \/>\n<meta name=\"robots\" content=\"index, follow, max-snippet:-1, max-image-preview:large, max-video-preview:-1\" \/>\n<link rel=\"canonical\" href=\"https:\/\/swoer.com\/cs\/manufacturer\/automatic-riveting-machine\/\" \/>\n<meta property=\"og:locale\" content=\"cs_CZ\" \/>\n<meta property=\"og:type\" content=\"article\" \/>\n<meta property=\"og:title\" content=\"Automatic Riveting Machine - SWOER\" \/>\n<meta property=\"og:description\" content=\"Experience advanced automation with SOWER&#039;s riveting machine. Automate rivet transfer, saving over 30% in labor and boosting efficiency.\" \/>\n<meta property=\"og:url\" content=\"https:\/\/swoer.com\/cs\/manufacturer\/automatic-riveting-machine\/\" \/>\n<meta property=\"og:site_name\" content=\"SWOER\" \/>\n<meta property=\"article:modified_time\" content=\"2024-07-31T01:05:56+00:00\" \/>\n<meta property=\"og:image\" content=\"https:\/\/swoer.com\/wp-content\/uploads\/2024\/04\/auto-rivet-tools.webp\" \/>\n\t<meta property=\"og:image:width\" content=\"1000\" \/>\n\t<meta property=\"og:image:height\" content=\"1000\" \/>\n\t<meta property=\"og:image:type\" content=\"image\/webp\" \/>\n<meta name=\"twitter:card\" content=\"summary_large_image\" \/>\n<meta name=\"twitter:label1\" content=\"Odhadovan\u00e1 doba \u010dten\u00ed\" \/>\n\t<meta name=\"twitter:data1\" content=\"3 minuty\" \/>\n<script type=\"application\/ld+json\" class=\"yoast-schema-graph\">{\"@context\":\"https:\/\/schema.org\",\"@graph\":[{\"@type\":\"WebPage\",\"@id\":\"https:\/\/swoer.com\/manufacturer\/automatic-riveting-machine\/\",\"url\":\"https:\/\/swoer.com\/manufacturer\/automatic-riveting-machine\/\",\"name\":\"Automatic Riveting Machine - SWOER\",\"isPartOf\":{\"@id\":\"https:\/\/swoer.com\/#website\"},\"primaryImageOfPage\":{\"@id\":\"https:\/\/swoer.com\/manufacturer\/automatic-riveting-machine\/#primaryimage\"},\"image\":{\"@id\":\"https:\/\/swoer.com\/manufacturer\/automatic-riveting-machine\/#primaryimage\"},\"thumbnailUrl\":\"https:\/\/swoer.com\/wp-content\/uploads\/2024\/04\/auto-rivet-tools.webp\",\"datePublished\":\"2024-04-02T08:27:07+00:00\",\"dateModified\":\"2024-07-31T01:05:56+00:00\",\"description\":\"Experience advanced automation with SOWER's riveting machine. Automate rivet transfer, saving over 30% in labor and boosting efficiency.\",\"breadcrumb\":{\"@id\":\"https:\/\/swoer.com\/manufacturer\/automatic-riveting-machine\/#breadcrumb\"},\"inLanguage\":\"cs\",\"potentialAction\":[{\"@type\":\"ReadAction\",\"target\":[\"https:\/\/swoer.com\/manufacturer\/automatic-riveting-machine\/\"]}]},{\"@type\":\"ImageObject\",\"inLanguage\":\"cs\",\"@id\":\"https:\/\/swoer.com\/manufacturer\/automatic-riveting-machine\/#primaryimage\",\"url\":\"https:\/\/swoer.com\/wp-content\/uploads\/2024\/04\/auto-rivet-tools.webp\",\"contentUrl\":\"https:\/\/swoer.com\/wp-content\/uploads\/2024\/04\/auto-rivet-tools.webp\",\"width\":1000,\"height\":1000,\"caption\":\"auto rivet tools\"},{\"@type\":\"BreadcrumbList\",\"@id\":\"https:\/\/swoer.com\/manufacturer\/automatic-riveting-machine\/#breadcrumb\",\"itemListElement\":[{\"@type\":\"ListItem\",\"position\":1,\"name\":\"Home\",\"item\":\"https:\/\/swoer.com\/\"},{\"@type\":\"ListItem\",\"position\":2,\"name\":\"Shop\",\"item\":\"https:\/\/swoer.com\/shop\/\"},{\"@type\":\"ListItem\",\"position\":3,\"name\":\"Automatic Riveting Machine\"}]},{\"@type\":\"WebSite\",\"@id\":\"https:\/\/swoer.com\/#website\",\"url\":\"https:\/\/swoer.com\/\",\"name\":\"SWOER\",\"description\":\"Swoer is the top 3 vibratory bowl feeder manufacturer in China\",\"potentialAction\":[{\"@type\":\"SearchAction\",\"target\":{\"@type\":\"EntryPoint\",\"urlTemplate\":\"https:\/\/swoer.com\/?s={search_term_string}\"},\"query-input\":\"required name=search_term_string\"}],\"inLanguage\":\"cs\"}]}<\/script>\n<!-- \/ Yoast SEO plugin. -->","yoast_head_json":{"title":"Automatic Riveting Machine - SWOER","description":"Experience advanced automation with SOWER's riveting machine. Automate rivet transfer, saving over 30% in labor and boosting efficiency.","robots":{"index":"index","follow":"follow","max-snippet":"max-snippet:-1","max-image-preview":"max-image-preview:large","max-video-preview":"max-video-preview:-1"},"canonical":"https:\/\/swoer.com\/cs\/manufacturer\/automatic-riveting-machine\/","og_locale":"cs_CZ","og_type":"article","og_title":"Automatic Riveting Machine - SWOER","og_description":"Experience advanced automation with SOWER's riveting machine. Automate rivet transfer, saving over 30% in labor and boosting efficiency.","og_url":"https:\/\/swoer.com\/cs\/manufacturer\/automatic-riveting-machine\/","og_site_name":"SWOER","article_modified_time":"2024-07-31T01:05:56+00:00","og_image":[{"width":1000,"height":1000,"url":"https:\/\/swoer.com\/wp-content\/uploads\/2024\/04\/auto-rivet-tools.webp","type":"image\/webp"}],"twitter_card":"summary_large_image","twitter_misc":{"Odhadovan\u00e1 doba \u010dten\u00ed":"3 minuty"},"schema":{"@context":"https:\/\/schema.org","@graph":[{"@type":"WebPage","@id":"https:\/\/swoer.com\/manufacturer\/automatic-riveting-machine\/","url":"https:\/\/swoer.com\/manufacturer\/automatic-riveting-machine\/","name":"Automatic Riveting Machine - SWOER","isPartOf":{"@id":"https:\/\/swoer.com\/#website"},"primaryImageOfPage":{"@id":"https:\/\/swoer.com\/manufacturer\/automatic-riveting-machine\/#primaryimage"},"image":{"@id":"https:\/\/swoer.com\/manufacturer\/automatic-riveting-machine\/#primaryimage"},"thumbnailUrl":"https:\/\/swoer.com\/wp-content\/uploads\/2024\/04\/auto-rivet-tools.webp","datePublished":"2024-04-02T08:27:07+00:00","dateModified":"2024-07-31T01:05:56+00:00","description":"Experience advanced automation with SOWER's riveting machine. Automate rivet transfer, saving over 30% in labor and boosting efficiency.","breadcrumb":{"@id":"https:\/\/swoer.com\/manufacturer\/automatic-riveting-machine\/#breadcrumb"},"inLanguage":"cs","potentialAction":[{"@type":"ReadAction","target":["https:\/\/swoer.com\/manufacturer\/automatic-riveting-machine\/"]}]},{"@type":"ImageObject","inLanguage":"cs","@id":"https:\/\/swoer.com\/manufacturer\/automatic-riveting-machine\/#primaryimage","url":"https:\/\/swoer.com\/wp-content\/uploads\/2024\/04\/auto-rivet-tools.webp","contentUrl":"https:\/\/swoer.com\/wp-content\/uploads\/2024\/04\/auto-rivet-tools.webp","width":1000,"height":1000,"caption":"auto rivet tools"},{"@type":"BreadcrumbList","@id":"https:\/\/swoer.com\/manufacturer\/automatic-riveting-machine\/#breadcrumb","itemListElement":[{"@type":"ListItem","position":1,"name":"Home","item":"https:\/\/swoer.com\/"},{"@type":"ListItem","position":2,"name":"Shop","item":"https:\/\/swoer.com\/shop\/"},{"@type":"ListItem","position":3,"name":"Automatic Riveting Machine"}]},{"@type":"WebSite","@id":"https:\/\/swoer.com\/#website","url":"https:\/\/swoer.com\/","name":"SWOER","description":"Swoer is the top 3 vibratory bowl feeder manufacturer in China","potentialAction":[{"@type":"SearchAction","target":{"@type":"EntryPoint","urlTemplate":"https:\/\/swoer.com\/?s={search_term_string}"},"query-input":"required name=search_term_string"}],"inLanguage":"cs"}]}},"_links":{"self":[{"href":"https:\/\/swoer.com\/cs\/wp-json\/wp\/v2\/product\/1839"}],"collection":[{"href":"https:\/\/swoer.com\/cs\/wp-json\/wp\/v2\/product"}],"about":[{"href":"https:\/\/swoer.com\/cs\/wp-json\/wp\/v2\/types\/product"}],"replies":[{"embeddable":true,"href":"https:\/\/swoer.com\/cs\/wp-json\/wp\/v2\/comments?post=1839"}],"wp:featuredmedia":[{"embeddable":true,"href":"https:\/\/swoer.com\/cs\/wp-json\/wp\/v2\/media\/1840"}],"wp:attachment":[{"href":"https:\/\/swoer.com\/cs\/wp-json\/wp\/v2\/media?parent=1839"}],"wp:term":[{"taxonomy":"product_cat","embeddable":true,"href":"https:\/\/swoer.com\/cs\/wp-json\/wp\/v2\/product_cat?post=1839"},{"taxonomy":"product_tag","embeddable":true,"href":"https:\/\/swoer.com\/cs\/wp-json\/wp\/v2\/product_tag?post=1839"}],"curies":[{"name":"wp","href":"https:\/\/api.w.org\/{rel}","templated":true}]}}