{"id":1820,"date":"2024-04-02T03:12:36","date_gmt":"2024-04-02T03:12:36","guid":{"rendered":"https:\/\/lightgrey-porpoise-816575.hostingersite.com\/?post_type=product&#038;p=1820"},"modified":"2024-04-02T03:18:29","modified_gmt":"2024-04-02T03:18:29","slug":"plastic-connector-pneumatic-stepped-feeding-device","status":"publish","type":"product","link":"https:\/\/swoer.com\/cs\/manufacturer\/plastic-connector-pneumatic-stepped-feeding-device\/","title":{"rendered":"Plastov\u00fd konektor Pneumatick\u00e9 stup\u0148ovit\u00e9 pod\u00e1vac\u00ed za\u0159\u00edzen\u00ed"},"content":{"rendered":"<p><strong>1.<\/strong> Zvy\u0161te efektivitu sv\u00e9 mont\u00e1\u017en\u00ed linky pomoc\u00ed na\u0161eho pneumatick\u00e9ho stup\u0148ovit\u00e9ho pod\u00e1vac\u00edho za\u0159\u00edzen\u00ed s plastov\u00fdm konektorem. Je navr\u017een pro p\u0159esnost a zaji\u0161\u0165uje bezprobl\u00e9movou manipulaci s materi\u00e1lem pro optimalizovan\u00e9 v\u00fdrobn\u00ed pracovn\u00ed postupy<\/p>\n<p><strong>2.<\/strong> Zefektivn\u011bte sv\u00e9 v\u00fdrobn\u00ed procesy pomoc\u00ed na\u0161eho pneumatick\u00e9ho stup\u0148ovit\u00e9ho pod\u00e1vac\u00edho za\u0159\u00edzen\u00ed s plastov\u00fdm konektorem. Spolehliv\u00fd a \u00fa\u010dinn\u00fd, poskytuje konzistentn\u00ed pod\u00e1v\u00e1n\u00ed a maximalizuje produktivitu.<\/p>\n\t<div id=\"gap-168709830\" class=\"gap-element clearfix\" style=\"display:block; height:auto;\">\n\t\t\n<style>\n#gap-168709830 {\n  padding-top: 30px;\n}\n<\/style>\n\t<\/div>\n\t\n<h2>Popis:<\/h2>\n<table width=\"727\">\n<tbody>\n<tr>\n<td width=\"205\">jm\u00e9no v\u00fdrobku<\/td>\n<td width=\"522\">Plastov\u00fd konektor Pneumatick\u00e9 stup\u0148ovit\u00e9 pod\u00e1vac\u00ed za\u0159\u00edzen\u00ed\u00a0<\/td>\n<\/tr>\n<tr>\n<td>Materi\u00e1l<\/td>\n<td>AL7075 \/ SUS304<\/td>\n<\/tr>\n<tr>\n<td>Specialita materi\u00e1lu<\/td>\n<td>Kovac\u00ed slitina zpracovan\u00e1 za studena, Vysok\u00e1 pevnost, Vysok\u00e1 tvrdost<\/td>\n<\/tr>\n<tr>\n<td>Nap\u011bt\u00ed<\/td>\n<td>220V<\/td>\n<\/tr>\n<tr>\n<td>Nap\u00e1jen\u00ed<\/td>\n<td>65W \/150W \/180W \/ 220W \/ 350W<\/td>\n<\/tr>\n<tr>\n<td>Autentizace<\/td>\n<td>CE, ROHS, ISO9001<\/td>\n<\/tr>\n<tr>\n<td>Z\u00e1ruka<\/td>\n<td>1 rok z\u00e1ruka<\/td>\n<\/tr>\n<tr>\n<td>MOQ<\/td>\n<td>1 set<\/td>\n<\/tr>\n<tr>\n<td>Dodac\u00ed lh\u016fta<\/td>\n<td>28 dn\u00ed<\/td>\n<\/tr>\n<tr>\n<td>Platebn\u00ed lh\u016fta<\/td>\n<td>T\/T 30% Z\u00e1loha a z\u016fstatek p\u0159ed odesl\u00e1n\u00edm<\/td>\n<\/tr>\n<tr>\n<td>Original of Place<\/td>\n<td>\u010c\u00edna<\/td>\n<\/tr>\n<\/tbody>\n<\/table>\n\t<div id=\"gap-1397998480\" class=\"gap-element clearfix\" style=\"display:block; height:auto;\">\n\t\t\n<style>\n#gap-1397998480 {\n  padding-top: 30px;\n}\n<\/style>\n\t<\/div>\n\t\n<h2>FAQ:<\/h2>\n<p><strong>1. Jak pneumatick\u00e9 stup\u0148ovit\u00e9 pod\u00e1vac\u00ed za\u0159\u00edzen\u00ed s plastov\u00fdm konektorem zlep\u0161\u00ed efektivitu m\u00e9 mont\u00e1\u017en\u00ed linky?<\/strong><\/p>\n<p>Na\u0161e pneumatick\u00e9 stup\u0148ovit\u00e9 pod\u00e1vac\u00ed za\u0159\u00edzen\u00ed s plastov\u00fdm konektorem je navr\u017eeno tak, aby optimalizovalo manipulaci s materi\u00e1lem a zajistilo bezprobl\u00e9mov\u00e9 a efektivn\u00ed pod\u00e1v\u00e1n\u00ed plastov\u00fdch konektor\u016f. Automatizac\u00ed tohoto procesu sni\u017euje manu\u00e1ln\u00ed pr\u00e1ci a minimalizuje prostoje ve v\u00fdrob\u011b, co\u017e v kone\u010dn\u00e9m d\u016fsledku zvy\u0161uje celkovou efektivitu mont\u00e1\u017en\u00ed linky.<\/p>\n<p><strong>2. Zvl\u00e1dne toto pod\u00e1vac\u00ed za\u0159\u00edzen\u00ed r\u016fzn\u00e9 velikosti a tvary plastov\u00fdch konektor\u016f?<\/strong><\/p>\n<p>Absolutn\u011b. Na\u0161e za\u0159\u00edzen\u00ed je v\u0161estrann\u00e9 a nastaviteln\u00e9, schopn\u00e9 pojmout \u0161irokou \u0161k\u00e1lu velikost\u00ed a tvar\u016f plastov\u00fdch konektor\u016f. A\u0165 u\u017e pracujete s mal\u00fdmi nebo velk\u00fdmi konektory, na\u0161e pod\u00e1vac\u00ed za\u0159\u00edzen\u00ed poskytuje konzistentn\u00ed a spolehliv\u00fd v\u00fdkon a zaji\u0161\u0165uje bezprobl\u00e9movou integraci do va\u0161\u00ed mont\u00e1\u017en\u00ed linky.<\/p>\n<p><strong>3. Jak snadn\u00e1 je instalace a integrace tohoto pod\u00e1vac\u00edho za\u0159\u00edzen\u00ed do m\u00e9ho st\u00e1vaj\u00edc\u00edho v\u00fdrobn\u00edho nastaven\u00ed?<\/strong><\/p>\n<p>Instalace a integrace jsou jednoduch\u00e9 procesy. N\u00e1\u0161 t\u00fdm poskytuje komplexn\u00ed podporu pro zaji\u0161t\u011bn\u00ed hladk\u00e9ho nastaven\u00ed a integrace pneumatick\u00e9ho stup\u0148ovit\u00e9ho pod\u00e1vac\u00edho za\u0159\u00edzen\u00ed s plastov\u00fdm konektorem do va\u0161eho st\u00e1vaj\u00edc\u00edho v\u00fdrobn\u00edho nastaven\u00ed. Up\u0159ednost\u0148ujeme minim\u00e1ln\u00ed naru\u0161en\u00ed va\u0161ich operac\u00ed, co\u017e v\u00e1m umo\u017en\u00ed rychle t\u011b\u017eit ze zlep\u0161en\u00e9 efektivity.<\/p>\n<p><strong>4. Jak toto pod\u00e1vac\u00ed za\u0159\u00edzen\u00ed p\u0159isp\u00edv\u00e1 ke kvalit\u011b a konzistenci produktu?<\/strong><\/p>\n<p>T\u00edm, \u017ee poskytuje p\u0159esn\u00e9 a kontrolovan\u00e9 pod\u00e1v\u00e1n\u00ed plastov\u00fdch konektor\u016f, na\u0161e za\u0159\u00edzen\u00ed pom\u00e1h\u00e1 udr\u017eovat kvalitu a konzistenci produktu b\u011bhem procesu mont\u00e1\u017ee. Jeho pneumatick\u00fd provoz zaji\u0161\u0165uje p\u0159esn\u00e9 um\u00edst\u011bn\u00ed a vyrovn\u00e1n\u00ed, minimalizuje chyby a defekty a zaji\u0161\u0165uje vysoce kvalitn\u00ed v\u00fdstup.<\/p>\n<p><strong>5. Jak\u00fd druh podpory nab\u00edz\u00edte p\u0159i \u00fadr\u017eb\u011b a odstra\u0148ov\u00e1n\u00ed probl\u00e9m\u016f tohoto krmn\u00e9ho za\u0159\u00edzen\u00ed?<\/strong><\/p>\n<p>Poskytujeme trvalou podporu pro pot\u0159eby \u00fadr\u017eby a odstra\u0148ov\u00e1n\u00ed probl\u00e9m\u016f. N\u00e1\u0161 t\u00fdm nab\u00edz\u00ed komplexn\u00ed \u0161kolen\u00ed, pl\u00e1ny \u00fadr\u017eby a technickou pomoc k zaji\u0161t\u011bn\u00ed trval\u00e9 spolehlivosti a v\u00fdkonu pneumatick\u00e9ho stup\u0148ovit\u00e9ho krmn\u00e9ho za\u0159\u00edzen\u00ed s plastov\u00fdm konektorem. Zav\u00e1zali jsme se pom\u00e1hat v\u00e1m maximalizovat efektivitu a efektivitu operac\u00ed va\u0161\u00ed mont\u00e1\u017en\u00ed linky.<\/p>","protected":false},"excerpt":{"rendered":"<p>Optimalizujte svou mont\u00e1\u017en\u00ed linku pomoc\u00ed na\u0161eho pneumatick\u00e9ho stup\u0148ovit\u00e9ho pod\u00e1vac\u00edho za\u0159\u00edzen\u00ed s plastov\u00fdm konektorem. Precizn\u011b navr\u017een\u00fd pro bezprobl\u00e9movou manipulaci s materi\u00e1lem zaji\u0161\u0165uje efektivn\u00ed a spolehliv\u00e9 pod\u00e1v\u00e1n\u00ed a zlep\u0161uje va\u0161e v\u00fdrobn\u00ed procesy.<\/p>","protected":false},"featured_media":1821,"comment_status":"open","ping_status":"closed","template":"","meta":[],"product_cat":[39],"product_tag":[],"yoast_head":"<!-- This site is optimized with the Yoast SEO plugin v22.2 - https:\/\/yoast.com\/wordpress\/plugins\/seo\/ -->\n<title>Plastic Connector Pneumatic Stepped Feeding Device - SWOER<\/title>\n<meta name=\"robots\" content=\"index, follow, max-snippet:-1, max-image-preview:large, max-video-preview:-1\" \/>\n<link rel=\"canonical\" href=\"https:\/\/swoer.com\/cs\/manufacturer\/plastic-connector-pneumatic-stepped-feeding-device\/\" \/>\n<meta property=\"og:locale\" content=\"cs_CZ\" \/>\n<meta property=\"og:type\" content=\"article\" \/>\n<meta property=\"og:title\" content=\"Plastic Connector Pneumatic Stepped Feeding Device - SWOER\" \/>\n<meta property=\"og:description\" content=\"Optimize your assembly line with our Plastic Connector Pneumatic Stepped Feeding Device. Precision-engineered for seamless material handling, it ensures efficient and reliable feeding, enhancing your production processes.\" \/>\n<meta property=\"og:url\" content=\"https:\/\/swoer.com\/cs\/manufacturer\/plastic-connector-pneumatic-stepped-feeding-device\/\" \/>\n<meta property=\"og:site_name\" content=\"SWOER\" \/>\n<meta property=\"article:modified_time\" content=\"2024-04-02T03:18:29+00:00\" \/>\n<meta property=\"og:image\" content=\"https:\/\/swoer.com\/wp-content\/uploads\/2024\/04\/Plastic-Connector-Pneumatic-Stepped-Feeding-Device-.jpg\" \/>\n\t<meta property=\"og:image:width\" content=\"1000\" \/>\n\t<meta property=\"og:image:height\" content=\"1000\" \/>\n\t<meta property=\"og:image:type\" content=\"image\/jpeg\" \/>\n<meta name=\"twitter:card\" content=\"summary_large_image\" \/>\n<meta name=\"twitter:label1\" content=\"Odhadovan\u00e1 doba \u010dten\u00ed\" \/>\n\t<meta name=\"twitter:data1\" content=\"1 minuta\" \/>\n<script type=\"application\/ld+json\" class=\"yoast-schema-graph\">{\"@context\":\"https:\/\/schema.org\",\"@graph\":[{\"@type\":\"WebPage\",\"@id\":\"https:\/\/swoer.com\/manufacturer\/plastic-connector-pneumatic-stepped-feeding-device\/\",\"url\":\"https:\/\/swoer.com\/manufacturer\/plastic-connector-pneumatic-stepped-feeding-device\/\",\"name\":\"Plastic Connector Pneumatic Stepped Feeding Device - SWOER\",\"isPartOf\":{\"@id\":\"https:\/\/swoer.com\/#website\"},\"primaryImageOfPage\":{\"@id\":\"https:\/\/swoer.com\/manufacturer\/plastic-connector-pneumatic-stepped-feeding-device\/#primaryimage\"},\"image\":{\"@id\":\"https:\/\/swoer.com\/manufacturer\/plastic-connector-pneumatic-stepped-feeding-device\/#primaryimage\"},\"thumbnailUrl\":\"https:\/\/swoer.com\/wp-content\/uploads\/2024\/04\/Plastic-Connector-Pneumatic-Stepped-Feeding-Device-.jpg\",\"datePublished\":\"2024-04-02T03:12:36+00:00\",\"dateModified\":\"2024-04-02T03:18:29+00:00\",\"breadcrumb\":{\"@id\":\"https:\/\/swoer.com\/manufacturer\/plastic-connector-pneumatic-stepped-feeding-device\/#breadcrumb\"},\"inLanguage\":\"cs\",\"potentialAction\":[{\"@type\":\"ReadAction\",\"target\":[\"https:\/\/swoer.com\/manufacturer\/plastic-connector-pneumatic-stepped-feeding-device\/\"]}]},{\"@type\":\"ImageObject\",\"inLanguage\":\"cs\",\"@id\":\"https:\/\/swoer.com\/manufacturer\/plastic-connector-pneumatic-stepped-feeding-device\/#primaryimage\",\"url\":\"https:\/\/swoer.com\/wp-content\/uploads\/2024\/04\/Plastic-Connector-Pneumatic-Stepped-Feeding-Device-.jpg\",\"contentUrl\":\"https:\/\/swoer.com\/wp-content\/uploads\/2024\/04\/Plastic-Connector-Pneumatic-Stepped-Feeding-Device-.jpg\",\"width\":1000,\"height\":1000,\"caption\":\"Plastic Connector Pneumatic Stepped Feeding Device\"},{\"@type\":\"BreadcrumbList\",\"@id\":\"https:\/\/swoer.com\/manufacturer\/plastic-connector-pneumatic-stepped-feeding-device\/#breadcrumb\",\"itemListElement\":[{\"@type\":\"ListItem\",\"position\":1,\"name\":\"Home\",\"item\":\"https:\/\/swoer.com\/\"},{\"@type\":\"ListItem\",\"position\":2,\"name\":\"Shop\",\"item\":\"https:\/\/swoer.com\/shop\/\"},{\"@type\":\"ListItem\",\"position\":3,\"name\":\"Plastic Connector Pneumatic Stepped Feeding Device\"}]},{\"@type\":\"WebSite\",\"@id\":\"https:\/\/swoer.com\/#website\",\"url\":\"https:\/\/swoer.com\/\",\"name\":\"SWOER\",\"description\":\"Swoer is the top 3 vibratory bowl feeder manufacturer in China\",\"potentialAction\":[{\"@type\":\"SearchAction\",\"target\":{\"@type\":\"EntryPoint\",\"urlTemplate\":\"https:\/\/swoer.com\/?s={search_term_string}\"},\"query-input\":\"required name=search_term_string\"}],\"inLanguage\":\"cs\"}]}<\/script>\n<!-- \/ Yoast SEO plugin. -->","yoast_head_json":{"title":"Plastic Connector Pneumatic Stepped Feeding Device - SWOER","robots":{"index":"index","follow":"follow","max-snippet":"max-snippet:-1","max-image-preview":"max-image-preview:large","max-video-preview":"max-video-preview:-1"},"canonical":"https:\/\/swoer.com\/cs\/manufacturer\/plastic-connector-pneumatic-stepped-feeding-device\/","og_locale":"cs_CZ","og_type":"article","og_title":"Plastic Connector Pneumatic Stepped Feeding Device - SWOER","og_description":"Optimize your assembly line with our Plastic Connector Pneumatic Stepped Feeding Device. Precision-engineered for seamless material handling, it ensures efficient and reliable feeding, enhancing your production processes.","og_url":"https:\/\/swoer.com\/cs\/manufacturer\/plastic-connector-pneumatic-stepped-feeding-device\/","og_site_name":"SWOER","article_modified_time":"2024-04-02T03:18:29+00:00","og_image":[{"width":1000,"height":1000,"url":"https:\/\/swoer.com\/wp-content\/uploads\/2024\/04\/Plastic-Connector-Pneumatic-Stepped-Feeding-Device-.jpg","type":"image\/jpeg"}],"twitter_card":"summary_large_image","twitter_misc":{"Odhadovan\u00e1 doba \u010dten\u00ed":"1 minuta"},"schema":{"@context":"https:\/\/schema.org","@graph":[{"@type":"WebPage","@id":"https:\/\/swoer.com\/manufacturer\/plastic-connector-pneumatic-stepped-feeding-device\/","url":"https:\/\/swoer.com\/manufacturer\/plastic-connector-pneumatic-stepped-feeding-device\/","name":"Plastic Connector Pneumatic Stepped Feeding Device - SWOER","isPartOf":{"@id":"https:\/\/swoer.com\/#website"},"primaryImageOfPage":{"@id":"https:\/\/swoer.com\/manufacturer\/plastic-connector-pneumatic-stepped-feeding-device\/#primaryimage"},"image":{"@id":"https:\/\/swoer.com\/manufacturer\/plastic-connector-pneumatic-stepped-feeding-device\/#primaryimage"},"thumbnailUrl":"https:\/\/swoer.com\/wp-content\/uploads\/2024\/04\/Plastic-Connector-Pneumatic-Stepped-Feeding-Device-.jpg","datePublished":"2024-04-02T03:12:36+00:00","dateModified":"2024-04-02T03:18:29+00:00","breadcrumb":{"@id":"https:\/\/swoer.com\/manufacturer\/plastic-connector-pneumatic-stepped-feeding-device\/#breadcrumb"},"inLanguage":"cs","potentialAction":[{"@type":"ReadAction","target":["https:\/\/swoer.com\/manufacturer\/plastic-connector-pneumatic-stepped-feeding-device\/"]}]},{"@type":"ImageObject","inLanguage":"cs","@id":"https:\/\/swoer.com\/manufacturer\/plastic-connector-pneumatic-stepped-feeding-device\/#primaryimage","url":"https:\/\/swoer.com\/wp-content\/uploads\/2024\/04\/Plastic-Connector-Pneumatic-Stepped-Feeding-Device-.jpg","contentUrl":"https:\/\/swoer.com\/wp-content\/uploads\/2024\/04\/Plastic-Connector-Pneumatic-Stepped-Feeding-Device-.jpg","width":1000,"height":1000,"caption":"Plastic Connector Pneumatic Stepped Feeding Device"},{"@type":"BreadcrumbList","@id":"https:\/\/swoer.com\/manufacturer\/plastic-connector-pneumatic-stepped-feeding-device\/#breadcrumb","itemListElement":[{"@type":"ListItem","position":1,"name":"Home","item":"https:\/\/swoer.com\/"},{"@type":"ListItem","position":2,"name":"Shop","item":"https:\/\/swoer.com\/shop\/"},{"@type":"ListItem","position":3,"name":"Plastic Connector Pneumatic Stepped Feeding Device"}]},{"@type":"WebSite","@id":"https:\/\/swoer.com\/#website","url":"https:\/\/swoer.com\/","name":"SWOER","description":"Swoer is the top 3 vibratory bowl feeder manufacturer in China","potentialAction":[{"@type":"SearchAction","target":{"@type":"EntryPoint","urlTemplate":"https:\/\/swoer.com\/?s={search_term_string}"},"query-input":"required name=search_term_string"}],"inLanguage":"cs"}]}},"_links":{"self":[{"href":"https:\/\/swoer.com\/cs\/wp-json\/wp\/v2\/product\/1820"}],"collection":[{"href":"https:\/\/swoer.com\/cs\/wp-json\/wp\/v2\/product"}],"about":[{"href":"https:\/\/swoer.com\/cs\/wp-json\/wp\/v2\/types\/product"}],"replies":[{"embeddable":true,"href":"https:\/\/swoer.com\/cs\/wp-json\/wp\/v2\/comments?post=1820"}],"wp:featuredmedia":[{"embeddable":true,"href":"https:\/\/swoer.com\/cs\/wp-json\/wp\/v2\/media\/1821"}],"wp:attachment":[{"href":"https:\/\/swoer.com\/cs\/wp-json\/wp\/v2\/media?parent=1820"}],"wp:term":[{"taxonomy":"product_cat","embeddable":true,"href":"https:\/\/swoer.com\/cs\/wp-json\/wp\/v2\/product_cat?post=1820"},{"taxonomy":"product_tag","embeddable":true,"href":"https:\/\/swoer.com\/cs\/wp-json\/wp\/v2\/product_tag?post=1820"}],"curies":[{"name":"wp","href":"https:\/\/api.w.org\/{rel}","templated":true}]}}