{"id":1817,"date":"2024-04-02T03:02:08","date_gmt":"2024-04-02T03:02:08","guid":{"rendered":"https:\/\/lightgrey-porpoise-816575.hostingersite.com\/?post_type=product&#038;p=1817"},"modified":"2024-04-02T03:10:00","modified_gmt":"2024-04-02T03:10:00","slug":"screw-pneumatic-step-feeder-system","status":"publish","type":"product","link":"https:\/\/swoer.com\/cs\/manufacturer\/screw-pneumatic-step-feeder-system\/","title":{"rendered":"\u0160roubov\u00fd syst\u00e9m pneumatick\u00e9ho krokov\u00e9ho podava\u010de"},"content":{"rendered":"<ol>\n<li>\n<p>Maximalizujte produktivitu s na\u0161\u00edm syst\u00e9mem \u0161roubov\u00e9ho pneumatick\u00e9ho krokov\u00e9ho podava\u010de. Navr\u017eeno pro p\u0159esnost, zjednodu\u0161uje manipulaci s materi\u00e1lem pro bezprobl\u00e9mov\u00e9 v\u00fdrobn\u00ed pracovn\u00ed postupy.<\/p>\n<\/li>\n<li>\n<p>Manipulujte s materi\u00e1ly bez n\u00e1mahy pomoc\u00ed na\u0161eho syst\u00e9mu \u0161roubov\u00e9ho pneumatick\u00e9ho krokov\u00e9ho podava\u010de. Spolehliv\u00fd a \u00fa\u010dinn\u00fd, zaji\u0161\u0165uje konzistentn\u00ed pod\u00e1v\u00e1n\u00ed a optimalizuje va\u0161e v\u00fdrobn\u00ed procesy.<\/p>\n<\/li>\n<\/ol>\n\t<div id=\"gap-833277695\" class=\"gap-element clearfix\" style=\"display:block; height:auto;\">\n\t\t\n<style>\n#gap-833277695 {\n  padding-top: 30px;\n}\n<\/style>\n\t<\/div>\n\t\n<h2>Popis:<\/h2>\n<table style=\"border-collapse: collapse; width: 545.27pt;\" border=\"0\" width=\"727\" cellspacing=\"0\" cellpadding=\"0\">\n<tbody>\n<tr style=\"height: 29.00pt;\">\n<td class=\"et2\" style=\"height: 29.00pt; width: 153.75pt;\" width=\"205\" height=\"38\">jm\u00e9no v\u00fdrobku<\/td>\n<td class=\"et2\" style=\"width: 391.50pt;\" width=\"522\">\u0160roubov\u00fd syst\u00e9m pneumatick\u00e9ho krokov\u00e9ho podava\u010de<\/td>\n<\/tr>\n<tr style=\"height: 29.00pt;\">\n<td class=\"et2\" style=\"height: 29.00pt;\" height=\"38\">Materi\u00e1l<\/td>\n<td class=\"et2\">AL7075 \/ SUS304<\/td>\n<\/tr>\n<tr style=\"height: 29.00pt;\">\n<td class=\"et2\" style=\"height: 29.00pt;\" height=\"38\">Specialita materi\u00e1lu<\/td>\n<td class=\"et2\">Kovac\u00ed slitina zpracovan\u00e1 za studena, Vysok\u00e1 pevnost, Vysok\u00e1 tvrdost<\/td>\n<\/tr>\n<tr style=\"height: 29.00pt;\">\n<td class=\"et2\" style=\"height: 29.00pt;\" height=\"38\">Nap\u011bt\u00ed<\/td>\n<td class=\"et2\">220V<\/td>\n<\/tr>\n<tr style=\"height: 29.00pt;\">\n<td class=\"et2\" style=\"height: 29.00pt;\" height=\"38\">Nap\u00e1jen\u00ed<\/td>\n<td class=\"et2\">65W \/150W \/180W \/ 220W \/ 350W<\/td>\n<\/tr>\n<tr style=\"height: 29.00pt;\">\n<td class=\"et2\" style=\"height: 29.00pt;\" height=\"38\">Autentizace<\/td>\n<td class=\"et2\">CE, ROHS, ISO9001<\/td>\n<\/tr>\n<tr style=\"height: 29.00pt;\">\n<td class=\"et2\" style=\"height: 29.00pt;\" height=\"38\">Z\u00e1ruka<\/td>\n<td class=\"et2\">1 rok z\u00e1ruka<\/td>\n<\/tr>\n<tr style=\"height: 29.00pt;\">\n<td class=\"et2\" style=\"height: 29.00pt;\" height=\"38\">MOQ<\/td>\n<td class=\"et2\">1 set<\/td>\n<\/tr>\n<tr style=\"height: 29.00pt;\">\n<td class=\"et2\" style=\"height: 29.00pt;\" height=\"38\">Dodac\u00ed lh\u016fta<\/td>\n<td class=\"et2\">28 dn\u00ed<\/td>\n<\/tr>\n<tr style=\"height: 29.00pt;\">\n<td class=\"et2\" style=\"height: 29.00pt;\" height=\"38\">Platebn\u00ed lh\u016fta<\/td>\n<td class=\"et2\">T\/T 30% Z\u00e1loha a z\u016fstatek p\u0159ed odesl\u00e1n\u00edm<\/td>\n<\/tr>\n<tr style=\"height: 29.00pt;\">\n<td class=\"et2\" style=\"height: 29.00pt;\" height=\"38\">Original of Place<\/td>\n<td class=\"et2\">\u010c\u00edna<\/td>\n<\/tr>\n<\/tbody>\n<\/table>\n\t<div id=\"gap-1389109489\" class=\"gap-element clearfix\" style=\"display:block; height:auto;\">\n\t\t\n<style>\n#gap-1389109489 {\n  padding-top: 30px;\n}\n<\/style>\n\t<\/div>\n\t\n<h2>FAQ:<\/h2>\n<p><strong>1. Jak zlep\u0161uje syst\u00e9m \u0161roubov\u00e9ho pneumatick\u00e9ho krokov\u00e9ho podava\u010de m\u016fj v\u00fdrobn\u00ed proces?<\/strong><\/p>\n<p>N\u00e1\u0161 syst\u00e9m \u0161roubov\u00e9ho pneumatick\u00e9ho krokov\u00e9ho podava\u010de zaji\u0161\u0165uje p\u0159esn\u00e9 a spolehliv\u00e9 pod\u00e1v\u00e1n\u00ed materi\u00e1lu, minimalizuje prostoje a optimalizuje efektivitu pracovn\u00edho toku. Jeho pokro\u010dil\u00fd design zjednodu\u0161uje manipulaci s materi\u00e1lem, co\u017e m\u00e1 za n\u00e1sledek hlad\u0161\u00ed v\u00fdrobn\u00ed procesy a zv\u00fd\u0161enou produktivitu.<\/p>\n<p><strong>2. Dok\u00e1\u017ee tento pod\u00e1vac\u00ed syst\u00e9m efektivn\u011b zpracovat r\u016fzn\u00e9 typy materi\u00e1l\u016f?<\/strong><\/p>\n<p>Absolutn\u011b. N\u00e1\u0161 syst\u00e9m je v\u0161estrann\u00fd a dok\u00e1\u017ee zpracovat \u0161irokou \u0161k\u00e1lu materi\u00e1l\u016f, od jemn\u00fdch pr\u00e1\u0161k\u016f po granule a mal\u00e9 sou\u010d\u00e1stky. A\u0165 u\u017e pracujete s l\u00e9\u010divy, potravin\u00e1\u0159sk\u00fdmi produkty nebo pr\u016fmyslov\u00fdmi materi\u00e1ly, n\u00e1\u0161 pod\u00e1vac\u00ed syst\u00e9m poskytuje konzistentn\u00ed v\u00fdkon v r\u016fzn\u00fdch aplikac\u00edch.<\/p>\n<p><strong>3. Je proces instalace slo\u017eit\u00fd?<\/strong><\/p>\n<p>V\u016fbec ne. Poskytujeme komplexn\u00ed podporu pro zaji\u0161t\u011bn\u00ed snadn\u00e9 instalace a integrace syst\u00e9mu \u0161roubov\u00e9ho pneumatick\u00e9ho krokov\u00e9ho podava\u010de do va\u0161\u00ed st\u00e1vaj\u00edc\u00ed v\u00fdrobn\u00ed linky. N\u00e1\u0161 t\u00fdm v\u00e1s provede cel\u00fdm procesem, minimalizuje naru\u0161en\u00ed va\u0161ich operac\u00ed a zajist\u00ed hladk\u00fd p\u0159echod na vylep\u0161enou manipulaci s materi\u00e1lem.<\/p>\n<p><strong>4. Jak tento nap\u00e1jec\u00ed syst\u00e9m p\u0159isp\u00edv\u00e1 k provozn\u00ed efektivit\u011b?<\/strong><\/p>\n<p>Automatizac\u00ed \u00faloh pod\u00e1v\u00e1n\u00ed materi\u00e1lu sni\u017euje n\u00e1\u0161 syst\u00e9m \u0161roubov\u00e9ho pneumatick\u00e9ho krokov\u00e9ho podava\u010de manu\u00e1ln\u00ed pr\u00e1ci a zefektiv\u0148uje v\u00fdrobn\u00ed procesy. Jeho p\u0159esn\u00fd pneumatick\u00fd provoz zaji\u0161\u0165uje p\u0159esn\u00e9 pod\u00e1v\u00e1n\u00ed, minimalizuje pl\u00fdtv\u00e1n\u00ed a optimalizuje vyu\u017eit\u00ed zdroj\u016f pro lep\u0161\u00ed provozn\u00ed efektivitu.<\/p>\n<p><strong>5. Jak\u00fd druh podpory nab\u00edz\u00edte pro \u00fadr\u017ebu a odstra\u0148ov\u00e1n\u00ed probl\u00e9m\u016f?<\/strong><\/p>\n<p>Up\u0159ednost\u0148ujeme spokojenost z\u00e1kazn\u00edk\u016f a nab\u00edz\u00edme trvalou podporu pro pot\u0159eby \u00fadr\u017eby a \u0159e\u0161en\u00ed probl\u00e9m\u016f. N\u00e1\u0161 t\u00fdm poskytuje komplexn\u00ed \u0161kolen\u00ed, pl\u00e1ny \u00fadr\u017eby a technickou pomoc k zaji\u0161t\u011bn\u00ed trval\u00e9 spolehlivosti a v\u00fdkonu va\u0161eho syst\u00e9mu \u0161roubov\u00e9ho pneumatick\u00e9ho krokov\u00e9ho podava\u010de.<\/p>","protected":false},"excerpt":{"rendered":"<p>Zvy\u0161te efektivitu sv\u00e9 v\u00fdrobn\u00ed linky pomoc\u00ed na\u0161eho syst\u00e9mu \u0161roubov\u00e9ho pneumatick\u00e9ho krokov\u00e9ho podava\u010de. Precizn\u011b navr\u017een\u00fd pro bezprobl\u00e9movou manipulaci s materi\u00e1lem zaji\u0161\u0165uje konzistentn\u00ed a spolehliv\u00e9 pod\u00e1v\u00e1n\u00ed pro optim\u00e1ln\u00ed pracovn\u00ed tok.<\/p>","protected":false},"featured_media":1818,"comment_status":"open","ping_status":"closed","template":"","meta":[],"product_cat":[39],"product_tag":[],"yoast_head":"<!-- This site is optimized with the Yoast SEO plugin v22.2 - https:\/\/yoast.com\/wordpress\/plugins\/seo\/ -->\n<title>Screw Pneumatic Step Feeder System - SWOER<\/title>\n<meta name=\"robots\" content=\"index, follow, max-snippet:-1, max-image-preview:large, max-video-preview:-1\" \/>\n<link rel=\"canonical\" href=\"https:\/\/swoer.com\/cs\/manufacturer\/screw-pneumatic-step-feeder-system\/\" \/>\n<meta property=\"og:locale\" content=\"cs_CZ\" \/>\n<meta property=\"og:type\" content=\"article\" \/>\n<meta property=\"og:title\" content=\"Screw Pneumatic Step Feeder System - SWOER\" \/>\n<meta property=\"og:description\" content=\"Enhance your production line efficiency with our Screw Pneumatic Step Feeder System. Precisely engineered for seamless material handling, it ensures consistent and reliable feeding for optimal workflow.\" \/>\n<meta property=\"og:url\" content=\"https:\/\/swoer.com\/cs\/manufacturer\/screw-pneumatic-step-feeder-system\/\" \/>\n<meta property=\"og:site_name\" content=\"SWOER\" \/>\n<meta property=\"article:modified_time\" content=\"2024-04-02T03:10:00+00:00\" \/>\n<meta property=\"og:image\" content=\"https:\/\/swoer.com\/wp-content\/uploads\/2024\/04\/Screw-Pneumatic-Step-Feeder-System.jpg\" \/>\n\t<meta property=\"og:image:width\" content=\"1000\" \/>\n\t<meta property=\"og:image:height\" content=\"1000\" \/>\n\t<meta property=\"og:image:type\" content=\"image\/jpeg\" \/>\n<meta name=\"twitter:card\" content=\"summary_large_image\" \/>\n<meta name=\"twitter:label1\" content=\"Odhadovan\u00e1 doba \u010dten\u00ed\" \/>\n\t<meta name=\"twitter:data1\" content=\"1 minuta\" \/>\n<script type=\"application\/ld+json\" class=\"yoast-schema-graph\">{\"@context\":\"https:\/\/schema.org\",\"@graph\":[{\"@type\":\"WebPage\",\"@id\":\"https:\/\/swoer.com\/manufacturer\/screw-pneumatic-step-feeder-system\/\",\"url\":\"https:\/\/swoer.com\/manufacturer\/screw-pneumatic-step-feeder-system\/\",\"name\":\"Screw Pneumatic Step Feeder System - SWOER\",\"isPartOf\":{\"@id\":\"https:\/\/swoer.com\/#website\"},\"primaryImageOfPage\":{\"@id\":\"https:\/\/swoer.com\/manufacturer\/screw-pneumatic-step-feeder-system\/#primaryimage\"},\"image\":{\"@id\":\"https:\/\/swoer.com\/manufacturer\/screw-pneumatic-step-feeder-system\/#primaryimage\"},\"thumbnailUrl\":\"https:\/\/swoer.com\/wp-content\/uploads\/2024\/04\/Screw-Pneumatic-Step-Feeder-System.jpg\",\"datePublished\":\"2024-04-02T03:02:08+00:00\",\"dateModified\":\"2024-04-02T03:10:00+00:00\",\"breadcrumb\":{\"@id\":\"https:\/\/swoer.com\/manufacturer\/screw-pneumatic-step-feeder-system\/#breadcrumb\"},\"inLanguage\":\"cs\",\"potentialAction\":[{\"@type\":\"ReadAction\",\"target\":[\"https:\/\/swoer.com\/manufacturer\/screw-pneumatic-step-feeder-system\/\"]}]},{\"@type\":\"ImageObject\",\"inLanguage\":\"cs\",\"@id\":\"https:\/\/swoer.com\/manufacturer\/screw-pneumatic-step-feeder-system\/#primaryimage\",\"url\":\"https:\/\/swoer.com\/wp-content\/uploads\/2024\/04\/Screw-Pneumatic-Step-Feeder-System.jpg\",\"contentUrl\":\"https:\/\/swoer.com\/wp-content\/uploads\/2024\/04\/Screw-Pneumatic-Step-Feeder-System.jpg\",\"width\":1000,\"height\":1000,\"caption\":\"Screw Pneumatic Step Feeder System\"},{\"@type\":\"BreadcrumbList\",\"@id\":\"https:\/\/swoer.com\/manufacturer\/screw-pneumatic-step-feeder-system\/#breadcrumb\",\"itemListElement\":[{\"@type\":\"ListItem\",\"position\":1,\"name\":\"Home\",\"item\":\"https:\/\/swoer.com\/\"},{\"@type\":\"ListItem\",\"position\":2,\"name\":\"Shop\",\"item\":\"https:\/\/swoer.com\/shop\/\"},{\"@type\":\"ListItem\",\"position\":3,\"name\":\"Screw Pneumatic Step Feeder System\"}]},{\"@type\":\"WebSite\",\"@id\":\"https:\/\/swoer.com\/#website\",\"url\":\"https:\/\/swoer.com\/\",\"name\":\"SWOER\",\"description\":\"Swoer is the top 3 vibratory bowl feeder manufacturer in China\",\"potentialAction\":[{\"@type\":\"SearchAction\",\"target\":{\"@type\":\"EntryPoint\",\"urlTemplate\":\"https:\/\/swoer.com\/?s={search_term_string}\"},\"query-input\":\"required name=search_term_string\"}],\"inLanguage\":\"cs\"}]}<\/script>\n<!-- \/ Yoast SEO plugin. -->","yoast_head_json":{"title":"Screw Pneumatic Step Feeder System - SWOER","robots":{"index":"index","follow":"follow","max-snippet":"max-snippet:-1","max-image-preview":"max-image-preview:large","max-video-preview":"max-video-preview:-1"},"canonical":"https:\/\/swoer.com\/cs\/manufacturer\/screw-pneumatic-step-feeder-system\/","og_locale":"cs_CZ","og_type":"article","og_title":"Screw Pneumatic Step Feeder System - SWOER","og_description":"Enhance your production line efficiency with our Screw Pneumatic Step Feeder System. Precisely engineered for seamless material handling, it ensures consistent and reliable feeding for optimal workflow.","og_url":"https:\/\/swoer.com\/cs\/manufacturer\/screw-pneumatic-step-feeder-system\/","og_site_name":"SWOER","article_modified_time":"2024-04-02T03:10:00+00:00","og_image":[{"width":1000,"height":1000,"url":"https:\/\/swoer.com\/wp-content\/uploads\/2024\/04\/Screw-Pneumatic-Step-Feeder-System.jpg","type":"image\/jpeg"}],"twitter_card":"summary_large_image","twitter_misc":{"Odhadovan\u00e1 doba \u010dten\u00ed":"1 minuta"},"schema":{"@context":"https:\/\/schema.org","@graph":[{"@type":"WebPage","@id":"https:\/\/swoer.com\/manufacturer\/screw-pneumatic-step-feeder-system\/","url":"https:\/\/swoer.com\/manufacturer\/screw-pneumatic-step-feeder-system\/","name":"Screw Pneumatic Step Feeder System - SWOER","isPartOf":{"@id":"https:\/\/swoer.com\/#website"},"primaryImageOfPage":{"@id":"https:\/\/swoer.com\/manufacturer\/screw-pneumatic-step-feeder-system\/#primaryimage"},"image":{"@id":"https:\/\/swoer.com\/manufacturer\/screw-pneumatic-step-feeder-system\/#primaryimage"},"thumbnailUrl":"https:\/\/swoer.com\/wp-content\/uploads\/2024\/04\/Screw-Pneumatic-Step-Feeder-System.jpg","datePublished":"2024-04-02T03:02:08+00:00","dateModified":"2024-04-02T03:10:00+00:00","breadcrumb":{"@id":"https:\/\/swoer.com\/manufacturer\/screw-pneumatic-step-feeder-system\/#breadcrumb"},"inLanguage":"cs","potentialAction":[{"@type":"ReadAction","target":["https:\/\/swoer.com\/manufacturer\/screw-pneumatic-step-feeder-system\/"]}]},{"@type":"ImageObject","inLanguage":"cs","@id":"https:\/\/swoer.com\/manufacturer\/screw-pneumatic-step-feeder-system\/#primaryimage","url":"https:\/\/swoer.com\/wp-content\/uploads\/2024\/04\/Screw-Pneumatic-Step-Feeder-System.jpg","contentUrl":"https:\/\/swoer.com\/wp-content\/uploads\/2024\/04\/Screw-Pneumatic-Step-Feeder-System.jpg","width":1000,"height":1000,"caption":"Screw Pneumatic Step Feeder System"},{"@type":"BreadcrumbList","@id":"https:\/\/swoer.com\/manufacturer\/screw-pneumatic-step-feeder-system\/#breadcrumb","itemListElement":[{"@type":"ListItem","position":1,"name":"Home","item":"https:\/\/swoer.com\/"},{"@type":"ListItem","position":2,"name":"Shop","item":"https:\/\/swoer.com\/shop\/"},{"@type":"ListItem","position":3,"name":"Screw Pneumatic Step Feeder System"}]},{"@type":"WebSite","@id":"https:\/\/swoer.com\/#website","url":"https:\/\/swoer.com\/","name":"SWOER","description":"Swoer is the top 3 vibratory bowl feeder manufacturer in China","potentialAction":[{"@type":"SearchAction","target":{"@type":"EntryPoint","urlTemplate":"https:\/\/swoer.com\/?s={search_term_string}"},"query-input":"required name=search_term_string"}],"inLanguage":"cs"}]}},"_links":{"self":[{"href":"https:\/\/swoer.com\/cs\/wp-json\/wp\/v2\/product\/1817"}],"collection":[{"href":"https:\/\/swoer.com\/cs\/wp-json\/wp\/v2\/product"}],"about":[{"href":"https:\/\/swoer.com\/cs\/wp-json\/wp\/v2\/types\/product"}],"replies":[{"embeddable":true,"href":"https:\/\/swoer.com\/cs\/wp-json\/wp\/v2\/comments?post=1817"}],"wp:featuredmedia":[{"embeddable":true,"href":"https:\/\/swoer.com\/cs\/wp-json\/wp\/v2\/media\/1818"}],"wp:attachment":[{"href":"https:\/\/swoer.com\/cs\/wp-json\/wp\/v2\/media?parent=1817"}],"wp:term":[{"taxonomy":"product_cat","embeddable":true,"href":"https:\/\/swoer.com\/cs\/wp-json\/wp\/v2\/product_cat?post=1817"},{"taxonomy":"product_tag","embeddable":true,"href":"https:\/\/swoer.com\/cs\/wp-json\/wp\/v2\/product_tag?post=1817"}],"curies":[{"name":"wp","href":"https:\/\/api.w.org\/{rel}","templated":true}]}}