{"id":1815,"date":"2024-04-02T02:41:23","date_gmt":"2024-04-02T02:41:23","guid":{"rendered":"https:\/\/lightgrey-porpoise-816575.hostingersite.com\/?post_type=product&#038;p=1815"},"modified":"2024-04-02T02:57:02","modified_gmt":"2024-04-02T02:57:02","slug":"electromagnetic-vibrating-magnetic-feeder","status":"publish","type":"product","link":"https:\/\/swoer.com\/cs\/manufacturer\/electromagnetic-vibrating-magnetic-feeder\/","title":{"rendered":"Elektromagnetick\u00fd vibra\u010dn\u00ed magnetick\u00fd podava\u010d"},"content":{"rendered":"<p>Za\u017eijte p\u0159esnou manipulaci s materi\u00e1lem s na\u0161\u00edm elektromagnetick\u00fdm vibra\u010dn\u00edm magnetick\u00fdm podava\u010dem. Je navr\u017een pro spolehlivost a zaji\u0161\u0165uje \u0159\u00edzen\u00fd tok materi\u00e1lu pro bezprobl\u00e9mov\u00e9 v\u00fdrobn\u00ed procesy.<\/p>\n<p>Zvy\u0161te \u00fa\u010dinnost s na\u0161\u00edm elektromagnetick\u00fdm vibra\u010dn\u00edm magnetick\u00fdm podava\u010dem. Navr\u017eeno pro bezprobl\u00e9mov\u00fd provoz, optimalizuje manipulaci s materi\u00e1lem v r\u016fzn\u00fdch pr\u016fmyslov\u00fdch aplikac\u00edch.<\/p>\n\t<div id=\"gap-113682794\" class=\"gap-element clearfix\" style=\"display:block; height:auto;\">\n\t\t\n<style>\n#gap-113682794 {\n  padding-top: 30px;\n}\n<\/style>\n\t<\/div>\n\t\n<h2>Popis:<\/h2>\n<table style=\"border-collapse: collapse; width: 585.77pt;\" border=\"0\" width=\"781\" cellspacing=\"0\" cellpadding=\"0\">\n<tbody>\n<tr style=\"height: 32.00pt;\">\n<td class=\"et3\" style=\"height: 32.00pt; width: 145.50pt;\" width=\"194\" height=\"42\">Jm\u00e9no v\u00fdrobku<\/td>\n<td class=\"et4\" style=\"width: 440.25pt;\" width=\"587\">Elektromagnetick\u00fd vibra\u010dn\u00ed magnetick\u00fd podava\u010d<\/td>\n<\/tr>\n<tr style=\"height: 32.00pt;\">\n<td class=\"et3\" style=\"height: 32.00pt;\" height=\"42\">Jm\u00e9no zna\u010dky<\/td>\n<td class=\"et4\">SLOER<\/td>\n<\/tr>\n<tr style=\"height: 32.00pt;\">\n<td class=\"et3\" style=\"height: 32.00pt;\" height=\"42\">Rozm\u011br (D*\u0160*V)<\/td>\n<td class=\"et4\">Na zak\u00e1zku<\/td>\n<\/tr>\n<tr style=\"height: 32.00pt;\">\n<td class=\"et3\" style=\"height: 32.00pt;\" height=\"42\">Hmotnost<\/td>\n<td class=\"et4\">Na zak\u00e1zku<\/td>\n<\/tr>\n<tr style=\"height: 32.00pt;\">\n<td class=\"et3\" style=\"height: 32.00pt;\" height=\"42\">Barva<\/td>\n<td class=\"et4\">Po\u017eadavky z\u00e1kazn\u00edka<\/td>\n<\/tr>\n<tr style=\"height: 32.00pt;\">\n<td class=\"et3\" style=\"height: 32.00pt;\" height=\"42\">Kapacita (t\/h)<\/td>\n<td class=\"et4\">0,1-6 t\/h<\/td>\n<\/tr>\n<tr style=\"height: 32.00pt;\">\n<td class=\"et3\" style=\"height: 32.00pt;\" height=\"42\">Nap\u011bt\u00ed<\/td>\n<td class=\"et4\">85-260V<\/td>\n<\/tr>\n<tr style=\"height: 32.00pt;\">\n<td class=\"et3\" style=\"height: 32.00pt;\" height=\"42\">Frekvence<\/td>\n<td class=\"et4\">40-400Hz<\/td>\n<\/tr>\n<tr style=\"height: 32.00pt;\">\n<td class=\"et3\" style=\"height: 32.00pt;\" height=\"42\">Z\u00e1ruka<\/td>\n<td class=\"et4\">1 rok<\/td>\n<\/tr>\n<tr style=\"height: 32.00pt;\">\n<td class=\"et3\" style=\"height: 32.00pt;\" height=\"42\">MOQ<\/td>\n<td class=\"et4\">1 set<\/td>\n<\/tr>\n<tr style=\"height: 32.00pt;\">\n<td class=\"et3\" style=\"height: 32.00pt;\" height=\"42\">Dodac\u00ed lh\u016fta<\/td>\n<td class=\"et4\">7-10 dn\u00ed<\/td>\n<\/tr>\n<tr style=\"height: 32.00pt;\">\n<td class=\"et3\" style=\"height: 32.00pt;\" height=\"42\">7-10 dn\u00ed<\/td>\n<td class=\"et4\">P\u0159ekli\u017ekov\u00e1 krabice<\/td>\n<\/tr>\n<tr style=\"height: 32.00pt;\">\n<td class=\"et3\" style=\"height: 32.00pt;\" height=\"42\">Platebn\u00ed lh\u016fta<\/td>\n<td class=\"et4\">T\/T 40% Z\u00e1loha a z\u016fstatek p\u0159ed odesl\u00e1n\u00edm<\/td>\n<\/tr>\n<tr style=\"height: 32.00pt;\">\n<td class=\"et3\" style=\"height: 32.00pt;\" height=\"42\">M\u00edsto p\u016fvodu<\/td>\n<td class=\"et4\">Guangdong, \u010c\u00edna<\/td>\n<\/tr>\n<\/tbody>\n<\/table>\n\t<div id=\"gap-880981544\" class=\"gap-element clearfix\" style=\"display:block; height:auto;\">\n\t\t\n<style>\n#gap-880981544 {\n  padding-top: 30px;\n}\n<\/style>\n\t<\/div>\n\t\n<h2>FAQ:<\/h2>\n<p><strong>1. Jak elektromagnetick\u00fd vibra\u010dn\u00ed magnetick\u00fd podava\u010d zlep\u0161uje manipulaci s materi\u00e1lem?<\/strong><\/p>\n<p>N\u00e1\u0161 elektromagnetick\u00fd vibra\u010dn\u00ed magnetick\u00fd podava\u010d zaji\u0161\u0165uje plynul\u00e9 a p\u0159esn\u00e9 pod\u00e1v\u00e1n\u00ed materi\u00e1lu a sni\u017euje riziko ucp\u00e1n\u00ed a zablokov\u00e1n\u00ed. Jeho \u0159\u00edzen\u00e9 vibrace zaji\u0161\u0165uj\u00ed konzistentn\u00ed pr\u016ftok a zvy\u0161uj\u00ed celkovou efektivitu v procesech manipulace s materi\u00e1lem.<\/p>\n<p><strong>2. M\u016f\u017ee tento podava\u010d pojmout r\u016fzn\u00e9 druhy materi\u00e1l\u016f?<\/strong><\/p>\n<p>Ano, n\u00e1\u0161 podava\u010d je v\u0161estrann\u00fd a dok\u00e1\u017ee zpracovat \u0161irokou \u0161k\u00e1lu materi\u00e1l\u016f, od jemn\u00fdch pr\u00e1\u0161k\u016f a\u017e po hrub\u00e9 granule. A\u0165 u\u017e zpracov\u00e1v\u00e1te miner\u00e1ly, chemik\u00e1lie nebo potravin\u00e1\u0159sk\u00e9 produkty, n\u00e1\u0161 podava\u010d poskytuje spolehliv\u00fd v\u00fdkon v r\u016fzn\u00fdch pr\u016fmyslov\u00fdch odv\u011btv\u00edch.<\/p>\n<p><strong>3. Je proces instalace slo\u017eit\u00fd?<\/strong><\/p>\n<p>V\u016fbec ne. N\u00e1\u0161 elektromagnetick\u00fd vibra\u010dn\u00ed magnetick\u00fd podava\u010d je navr\u017een pro snadnou instalaci a integraci do va\u0161\u00ed st\u00e1vaj\u00edc\u00ed v\u00fdrobn\u00ed linky. N\u00e1\u0161 t\u00fdm poskytuje komplexn\u00ed podporu pro zaji\u0161t\u011bn\u00ed hladk\u00e9ho procesu nastaven\u00ed, minimalizuje prostoje a naru\u0161en\u00ed va\u0161ich operac\u00ed.<\/p>\n<p><strong>4. Jak tento podava\u010d p\u0159isp\u00edv\u00e1 k efektivit\u011b v\u00fdroby?<\/strong><\/p>\n<p>Zaji\u0161t\u011bn\u00edm p\u0159esn\u00e9ho a kontrolovan\u00e9ho pod\u00e1v\u00e1n\u00ed materi\u00e1lu n\u00e1\u0161 podava\u010d minimalizuje odpad a zlep\u0161uje celkovou efektivitu v\u00fdroby. Jeho elektromagnetick\u00e1 technologie umo\u017e\u0148uje p\u0159izp\u016fsobit rychlost pod\u00e1v\u00e1n\u00ed, co\u017e v\u00e1m umo\u017en\u00ed optimalizovat v\u00fdkon podle va\u0161ich specifick\u00fdch po\u017eadavk\u016f na v\u00fdrobu.<\/p>\n<p><strong>5. Jak\u00fd druh \u00fadr\u017eby vy\u017eaduje tento podava\u010d?<\/strong><\/p>\n<p>N\u00e1\u0161 elektromagnetick\u00fd vibra\u010dn\u00ed magnetick\u00fd podava\u010d je navr\u017een pro provoz s n\u00edzk\u00fdmi n\u00e1roky na \u00fadr\u017ebu. Pro zaji\u0161t\u011bn\u00ed optim\u00e1ln\u00edho v\u00fdkonu se doporu\u010duj\u00ed pravideln\u00e9 kontroly a \u010di\u0161t\u011bn\u00ed. N\u00e1\u0161 t\u00fdm poskytuje pokyny k osv\u011bd\u010den\u00fdm postup\u016fm \u00fadr\u017eby, kter\u00e9 v\u00e1m pomohou maximalizovat \u017eivotnost va\u0161eho podava\u010de.<\/p>","protected":false},"excerpt":{"rendered":"<p>Zvy\u0161te efektivitu manipulace s materi\u00e1lem pomoc\u00ed na\u0161eho elektromagnetick\u00e9ho vibra\u010dn\u00edho magnetick\u00e9ho podava\u010de. Je precizn\u011b navr\u017een pro bezprobl\u00e9mov\u00fd provoz, zaji\u0161\u0165uje konzistentn\u00ed a \u0159\u00edzen\u00fd tok materi\u00e1lu a bez n\u00e1mahy optimalizuje va\u0161e v\u00fdrobn\u00ed procesy.<\/p>","protected":false},"featured_media":1816,"comment_status":"open","ping_status":"closed","template":"","meta":[],"product_cat":[38],"product_tag":[],"yoast_head":"<!-- This site is optimized with the Yoast SEO plugin v22.2 - https:\/\/yoast.com\/wordpress\/plugins\/seo\/ -->\n<title>Electromagnetic Vibrating Magnetic Feeder - SWOER<\/title>\n<meta name=\"robots\" content=\"index, follow, max-snippet:-1, max-image-preview:large, max-video-preview:-1\" \/>\n<link rel=\"canonical\" href=\"https:\/\/swoer.com\/cs\/manufacturer\/electromagnetic-vibrating-magnetic-feeder\/\" \/>\n<meta property=\"og:locale\" content=\"cs_CZ\" \/>\n<meta property=\"og:type\" content=\"article\" \/>\n<meta property=\"og:title\" content=\"Electromagnetic Vibrating Magnetic Feeder - SWOER\" \/>\n<meta property=\"og:description\" content=\"Elevate your material handling efficiency with our Electromagnetic Vibrating Magnetic Feeder. Precisely engineered for seamless operation, it ensures consistent and controlled material flow, optimizing your production processes effortlessly.\" \/>\n<meta property=\"og:url\" content=\"https:\/\/swoer.com\/cs\/manufacturer\/electromagnetic-vibrating-magnetic-feeder\/\" \/>\n<meta property=\"og:site_name\" content=\"SWOER\" \/>\n<meta property=\"article:modified_time\" content=\"2024-04-02T02:57:02+00:00\" \/>\n<meta property=\"og:image\" content=\"https:\/\/swoer.com\/wp-content\/uploads\/2024\/04\/Electromagnetic-Vibrating-Magnetic-Feeder.webp\" \/>\n\t<meta property=\"og:image:width\" content=\"1000\" \/>\n\t<meta property=\"og:image:height\" content=\"1000\" \/>\n\t<meta property=\"og:image:type\" content=\"image\/webp\" \/>\n<meta name=\"twitter:card\" content=\"summary_large_image\" \/>\n<script type=\"application\/ld+json\" class=\"yoast-schema-graph\">{\"@context\":\"https:\/\/schema.org\",\"@graph\":[{\"@type\":\"WebPage\",\"@id\":\"https:\/\/swoer.com\/manufacturer\/electromagnetic-vibrating-magnetic-feeder\/\",\"url\":\"https:\/\/swoer.com\/manufacturer\/electromagnetic-vibrating-magnetic-feeder\/\",\"name\":\"Electromagnetic Vibrating Magnetic Feeder - SWOER\",\"isPartOf\":{\"@id\":\"https:\/\/swoer.com\/#website\"},\"primaryImageOfPage\":{\"@id\":\"https:\/\/swoer.com\/manufacturer\/electromagnetic-vibrating-magnetic-feeder\/#primaryimage\"},\"image\":{\"@id\":\"https:\/\/swoer.com\/manufacturer\/electromagnetic-vibrating-magnetic-feeder\/#primaryimage\"},\"thumbnailUrl\":\"https:\/\/swoer.com\/wp-content\/uploads\/2024\/04\/Electromagnetic-Vibrating-Magnetic-Feeder.webp\",\"datePublished\":\"2024-04-02T02:41:23+00:00\",\"dateModified\":\"2024-04-02T02:57:02+00:00\",\"breadcrumb\":{\"@id\":\"https:\/\/swoer.com\/manufacturer\/electromagnetic-vibrating-magnetic-feeder\/#breadcrumb\"},\"inLanguage\":\"cs\",\"potentialAction\":[{\"@type\":\"ReadAction\",\"target\":[\"https:\/\/swoer.com\/manufacturer\/electromagnetic-vibrating-magnetic-feeder\/\"]}]},{\"@type\":\"ImageObject\",\"inLanguage\":\"cs\",\"@id\":\"https:\/\/swoer.com\/manufacturer\/electromagnetic-vibrating-magnetic-feeder\/#primaryimage\",\"url\":\"https:\/\/swoer.com\/wp-content\/uploads\/2024\/04\/Electromagnetic-Vibrating-Magnetic-Feeder.webp\",\"contentUrl\":\"https:\/\/swoer.com\/wp-content\/uploads\/2024\/04\/Electromagnetic-Vibrating-Magnetic-Feeder.webp\",\"width\":1000,\"height\":1000,\"caption\":\"Electromagnetic Vibrating Magnetic Feeder\"},{\"@type\":\"BreadcrumbList\",\"@id\":\"https:\/\/swoer.com\/manufacturer\/electromagnetic-vibrating-magnetic-feeder\/#breadcrumb\",\"itemListElement\":[{\"@type\":\"ListItem\",\"position\":1,\"name\":\"Home\",\"item\":\"https:\/\/swoer.com\/\"},{\"@type\":\"ListItem\",\"position\":2,\"name\":\"Shop\",\"item\":\"https:\/\/swoer.com\/shop\/\"},{\"@type\":\"ListItem\",\"position\":3,\"name\":\"Electromagnetic Vibrating Magnetic Feeder\"}]},{\"@type\":\"WebSite\",\"@id\":\"https:\/\/swoer.com\/#website\",\"url\":\"https:\/\/swoer.com\/\",\"name\":\"SWOER\",\"description\":\"Swoer is the top 3 vibratory bowl feeder manufacturer in China\",\"potentialAction\":[{\"@type\":\"SearchAction\",\"target\":{\"@type\":\"EntryPoint\",\"urlTemplate\":\"https:\/\/swoer.com\/?s={search_term_string}\"},\"query-input\":\"required name=search_term_string\"}],\"inLanguage\":\"cs\"}]}<\/script>\n<!-- \/ Yoast SEO plugin. -->","yoast_head_json":{"title":"Electromagnetic Vibrating Magnetic Feeder - SWOER","robots":{"index":"index","follow":"follow","max-snippet":"max-snippet:-1","max-image-preview":"max-image-preview:large","max-video-preview":"max-video-preview:-1"},"canonical":"https:\/\/swoer.com\/cs\/manufacturer\/electromagnetic-vibrating-magnetic-feeder\/","og_locale":"cs_CZ","og_type":"article","og_title":"Electromagnetic Vibrating Magnetic Feeder - SWOER","og_description":"Elevate your material handling efficiency with our Electromagnetic Vibrating Magnetic Feeder. Precisely engineered for seamless operation, it ensures consistent and controlled material flow, optimizing your production processes effortlessly.","og_url":"https:\/\/swoer.com\/cs\/manufacturer\/electromagnetic-vibrating-magnetic-feeder\/","og_site_name":"SWOER","article_modified_time":"2024-04-02T02:57:02+00:00","og_image":[{"width":1000,"height":1000,"url":"https:\/\/swoer.com\/wp-content\/uploads\/2024\/04\/Electromagnetic-Vibrating-Magnetic-Feeder.webp","type":"image\/webp"}],"twitter_card":"summary_large_image","schema":{"@context":"https:\/\/schema.org","@graph":[{"@type":"WebPage","@id":"https:\/\/swoer.com\/manufacturer\/electromagnetic-vibrating-magnetic-feeder\/","url":"https:\/\/swoer.com\/manufacturer\/electromagnetic-vibrating-magnetic-feeder\/","name":"Electromagnetic Vibrating Magnetic Feeder - SWOER","isPartOf":{"@id":"https:\/\/swoer.com\/#website"},"primaryImageOfPage":{"@id":"https:\/\/swoer.com\/manufacturer\/electromagnetic-vibrating-magnetic-feeder\/#primaryimage"},"image":{"@id":"https:\/\/swoer.com\/manufacturer\/electromagnetic-vibrating-magnetic-feeder\/#primaryimage"},"thumbnailUrl":"https:\/\/swoer.com\/wp-content\/uploads\/2024\/04\/Electromagnetic-Vibrating-Magnetic-Feeder.webp","datePublished":"2024-04-02T02:41:23+00:00","dateModified":"2024-04-02T02:57:02+00:00","breadcrumb":{"@id":"https:\/\/swoer.com\/manufacturer\/electromagnetic-vibrating-magnetic-feeder\/#breadcrumb"},"inLanguage":"cs","potentialAction":[{"@type":"ReadAction","target":["https:\/\/swoer.com\/manufacturer\/electromagnetic-vibrating-magnetic-feeder\/"]}]},{"@type":"ImageObject","inLanguage":"cs","@id":"https:\/\/swoer.com\/manufacturer\/electromagnetic-vibrating-magnetic-feeder\/#primaryimage","url":"https:\/\/swoer.com\/wp-content\/uploads\/2024\/04\/Electromagnetic-Vibrating-Magnetic-Feeder.webp","contentUrl":"https:\/\/swoer.com\/wp-content\/uploads\/2024\/04\/Electromagnetic-Vibrating-Magnetic-Feeder.webp","width":1000,"height":1000,"caption":"Electromagnetic Vibrating Magnetic Feeder"},{"@type":"BreadcrumbList","@id":"https:\/\/swoer.com\/manufacturer\/electromagnetic-vibrating-magnetic-feeder\/#breadcrumb","itemListElement":[{"@type":"ListItem","position":1,"name":"Home","item":"https:\/\/swoer.com\/"},{"@type":"ListItem","position":2,"name":"Shop","item":"https:\/\/swoer.com\/shop\/"},{"@type":"ListItem","position":3,"name":"Electromagnetic Vibrating Magnetic Feeder"}]},{"@type":"WebSite","@id":"https:\/\/swoer.com\/#website","url":"https:\/\/swoer.com\/","name":"SWOER","description":"Swoer is the top 3 vibratory bowl feeder manufacturer in China","potentialAction":[{"@type":"SearchAction","target":{"@type":"EntryPoint","urlTemplate":"https:\/\/swoer.com\/?s={search_term_string}"},"query-input":"required name=search_term_string"}],"inLanguage":"cs"}]}},"_links":{"self":[{"href":"https:\/\/swoer.com\/cs\/wp-json\/wp\/v2\/product\/1815"}],"collection":[{"href":"https:\/\/swoer.com\/cs\/wp-json\/wp\/v2\/product"}],"about":[{"href":"https:\/\/swoer.com\/cs\/wp-json\/wp\/v2\/types\/product"}],"replies":[{"embeddable":true,"href":"https:\/\/swoer.com\/cs\/wp-json\/wp\/v2\/comments?post=1815"}],"wp:featuredmedia":[{"embeddable":true,"href":"https:\/\/swoer.com\/cs\/wp-json\/wp\/v2\/media\/1816"}],"wp:attachment":[{"href":"https:\/\/swoer.com\/cs\/wp-json\/wp\/v2\/media?parent=1815"}],"wp:term":[{"taxonomy":"product_cat","embeddable":true,"href":"https:\/\/swoer.com\/cs\/wp-json\/wp\/v2\/product_cat?post=1815"},{"taxonomy":"product_tag","embeddable":true,"href":"https:\/\/swoer.com\/cs\/wp-json\/wp\/v2\/product_tag?post=1815"}],"curies":[{"name":"wp","href":"https:\/\/api.w.org\/{rel}","templated":true}]}}