{"id":1813,"date":"2024-04-02T02:28:40","date_gmt":"2024-04-02T02:28:40","guid":{"rendered":"https:\/\/lightgrey-porpoise-816575.hostingersite.com\/?post_type=product&#038;p=1813"},"modified":"2024-04-02T02:34:38","modified_gmt":"2024-04-02T02:34:38","slug":"powder-elevator-hopper-conveyor","status":"publish","type":"product","link":"https:\/\/swoer.com\/cs\/manufacturer\/powder-elevator-hopper-conveyor\/","title":{"rendered":"Pr\u00e1\u0161kov\u00fd elev\u00e1tor n\u00e1sypka dopravn\u00edk"},"content":{"rendered":"<p>Za\u017eijte bezprobl\u00e9movou manipulaci s materi\u00e1lem s na\u0161\u00edm pr\u00e1\u0161kov\u00fdm elev\u00e1torov\u00fdm n\u00e1sypn\u00fdm dopravn\u00edkem. N\u00e1\u0161 syst\u00e9m, navr\u017een\u00fd pro efektivitu a spolehlivost, zefektiv\u0148uje p\u0159enos pr\u00e1\u0161kov\u00fdch materi\u00e1l\u016f, zaji\u0161\u0165uje hladk\u00fd pracovn\u00ed tok a optimalizovan\u00e9 v\u00fdrobn\u00ed procesy. Pozvedn\u011bte sv\u00e9 operace pomoc\u00ed na\u0161eho \u0161pi\u010dkov\u00e9ho \u0159e\u0161en\u00ed.<\/p>\n\t<div id=\"gap-156732866\" class=\"gap-element clearfix\" style=\"display:block; height:auto;\">\n\t\t\n<style>\n#gap-156732866 {\n  padding-top: 30px;\n}\n<\/style>\n\t<\/div>\n\t\n<h2>Popis:<\/h2>\n<table style=\"border-collapse: collapse; width: 585.77pt;\" border=\"0\" width=\"781\" cellspacing=\"0\" cellpadding=\"0\">\n<tbody>\n<tr style=\"height: 32.00pt;\">\n<td class=\"et3\" style=\"height: 32.00pt; width: 145.50pt;\" width=\"194\" height=\"42\">Jm\u00e9no v\u00fdrobku<\/td>\n<td class=\"et4\" style=\"width: 440.25pt;\" width=\"587\">Pr\u00e1\u0161kov\u00fd elev\u00e1tor n\u00e1sypka dopravn\u00edk<\/td>\n<\/tr>\n<tr style=\"height: 32.00pt;\">\n<td class=\"et3\" style=\"height: 32.00pt;\" height=\"42\">Jm\u00e9no zna\u010dky<\/td>\n<td class=\"et4\">SLOER<\/td>\n<\/tr>\n<tr style=\"height: 32.00pt;\">\n<td class=\"et3\" style=\"height: 32.00pt;\" height=\"42\">Rozm\u011br (D*\u0160*V)<\/td>\n<td class=\"et4\">Na zak\u00e1zku<\/td>\n<\/tr>\n<tr style=\"height: 32.00pt;\">\n<td class=\"et3\" style=\"height: 32.00pt;\" height=\"42\">Hmotnost<\/td>\n<td class=\"et4\">Na zak\u00e1zku<\/td>\n<\/tr>\n<tr style=\"height: 32.00pt;\">\n<td class=\"et3\" style=\"height: 32.00pt;\" height=\"42\">Barva<\/td>\n<td class=\"et4\">Po\u017eadavky z\u00e1kazn\u00edka<\/td>\n<\/tr>\n<tr style=\"height: 32.00pt;\">\n<td class=\"et3\" style=\"height: 32.00pt;\" height=\"42\">Kapacita (t\/h)<\/td>\n<td class=\"et4\">0,1-6 t\/h<\/td>\n<\/tr>\n<tr style=\"height: 32.00pt;\">\n<td class=\"et3\" style=\"height: 32.00pt;\" height=\"42\">Nap\u011bt\u00ed<\/td>\n<td class=\"et4\">85-260V<\/td>\n<\/tr>\n<tr style=\"height: 32.00pt;\">\n<td class=\"et3\" style=\"height: 32.00pt;\" height=\"42\">Frekvence<\/td>\n<td class=\"et4\">40-400Hz<\/td>\n<\/tr>\n<tr style=\"height: 32.00pt;\">\n<td class=\"et3\" style=\"height: 32.00pt;\" height=\"42\">Z\u00e1ruka<\/td>\n<td class=\"et4\">1 rok<\/td>\n<\/tr>\n<tr style=\"height: 32.00pt;\">\n<td class=\"et3\" style=\"height: 32.00pt;\" height=\"42\">MOQ<\/td>\n<td class=\"et4\">1 set<\/td>\n<\/tr>\n<tr style=\"height: 32.00pt;\">\n<td class=\"et3\" style=\"height: 32.00pt;\" height=\"42\">Dodac\u00ed lh\u016fta<\/td>\n<td class=\"et4\">7-10 dn\u00ed<\/td>\n<\/tr>\n<tr style=\"height: 32.00pt;\">\n<td class=\"et3\" style=\"height: 32.00pt;\" height=\"42\">7-10 dn\u00ed<\/td>\n<td class=\"et4\">P\u0159ekli\u017ekov\u00e1 krabice<\/td>\n<\/tr>\n<tr style=\"height: 32.00pt;\">\n<td class=\"et3\" style=\"height: 32.00pt;\" height=\"42\">Platebn\u00ed lh\u016fta<\/td>\n<td class=\"et4\">T\/T 40% Z\u00e1loha a z\u016fstatek p\u0159ed odesl\u00e1n\u00edm<\/td>\n<\/tr>\n<tr style=\"height: 32.00pt;\">\n<td class=\"et3\" style=\"height: 32.00pt;\" height=\"42\">M\u00edsto p\u016fvodu<\/td>\n<td class=\"et4\">Guangdong, \u010c\u00edna<\/td>\n<\/tr>\n<\/tbody>\n<\/table>\n\t<div id=\"gap-915016460\" class=\"gap-element clearfix\" style=\"display:block; height:auto;\">\n\t\t\n<style>\n#gap-915016460 {\n  padding-top: 30px;\n}\n<\/style>\n\t<\/div>\n\t\n<h2>FAQ:<\/h2>\n<p><strong>1. Jak pr\u00e1\u0161kov\u00fd v\u00fdtahov\u00fd z\u00e1sobn\u00edkov\u00fd dopravn\u00edk zlep\u0161uje m\u016fj proces manipulace s materi\u00e1lem?<\/strong><\/p>\n<p>N\u00e1\u0161 pr\u00e1\u0161kov\u00fd v\u00fdtahov\u00fd z\u00e1sobn\u00edkov\u00fd dopravn\u00edk usnad\u0148uje bezprobl\u00e9mov\u00fd a efektivn\u00ed p\u0159enos pr\u00e1\u0161kov\u00fdch materi\u00e1l\u016f, minimalizuje ru\u010dn\u00ed manipulaci a optimalizuje pracovn\u00ed tok. Zaji\u0161\u0165uje konzistentn\u00ed a spolehlivou p\u0159epravu, sni\u017euje prostoje a zvy\u0161uje celkovou produktivitu va\u0161ich operac\u00ed.<\/p>\n<p><strong>2. M\u016f\u017ee tento dopravn\u00edkov\u00fd syst\u00e9m pojmout r\u016fzn\u00e9 typy pr\u00e1\u0161kov\u00fdch materi\u00e1l\u016f?<\/strong><\/p>\n<p>Absolutn\u011b. N\u00e1\u0161 dopravn\u00edk s v\u00fdlevkou pr\u00e1\u0161ku je v\u0161estrann\u00fd a navr\u017een\u00fd tak, aby zpracov\u00e1val \u0161irokou \u0161k\u00e1lu pr\u00e1\u0161kov\u00fdch materi\u00e1l\u016f, v\u010detn\u011b mouky, cukru, ko\u0159en\u00ed a farmaceutick\u00fdch pr\u00e1\u0161k\u016f. Jeho p\u0159izp\u016fsobiv\u00fd design zaji\u0161\u0165uje optim\u00e1ln\u00ed v\u00fdkon v r\u016fzn\u00fdch pr\u016fmyslov\u00fdch odv\u011btv\u00edch a aplikac\u00edch.<\/p>\n<p><strong>3. Lze dopravn\u00edkov\u00fd syst\u00e9m snadno instalovat a integrovat do m\u00e9ho st\u00e1vaj\u00edc\u00edho nastaven\u00ed?<\/strong><\/p>\n<p>Ano, instalace a integrace jsou jednoduch\u00e9 procesy. N\u00e1\u0161 t\u00fdm poskytuje komplexn\u00ed podporu pro zaji\u0161t\u011bn\u00ed bezprobl\u00e9mov\u00e9 instalace a integrace pr\u00e1\u0161kov\u00e9ho elev\u00e1toru n\u00e1sypky do va\u0161\u00ed st\u00e1vaj\u00edc\u00ed v\u00fdrobn\u00ed linky. Up\u0159ednost\u0148ujeme minim\u00e1ln\u00ed naru\u0161en\u00ed va\u0161ich operac\u00ed, co\u017e v\u00e1m umo\u017en\u00ed rychle t\u011b\u017eit z v\u00fdhod zv\u00fd\u0161en\u00e9 efektivity manipulace s materi\u00e1lem.<\/p>\n<p><strong>4. Jak tento dopravn\u00edkov\u00fd syst\u00e9m p\u0159isp\u00edv\u00e1 k bezpe\u010dnosti na pracovi\u0161ti?<\/strong><\/p>\n<p>Powder Elevator Hopper Conveyor minimalizuje ru\u010dn\u00ed manipulaci s pr\u00e1\u0161kov\u00fdmi materi\u00e1ly a sni\u017euje riziko nehod na pracovi\u0161ti a zran\u011bn\u00ed spojen\u00fdch se zved\u00e1n\u00edm a p\u0159epravou t\u011b\u017ek\u00fdch b\u0159emen. Jeho automatizovan\u00fd provoz zaji\u0161\u0165uje kontrolovan\u00fd a bezpe\u010dn\u00fd p\u0159esun materi\u00e1lu a podporuje bezpe\u010dn\u011bj\u0161\u00ed pracovn\u00ed prost\u0159ed\u00ed pro va\u0161e zam\u011bstnance.<\/p>\n<p><strong>5. Jak\u00fd druh \u00fadr\u017eby je vy\u017eadov\u00e1n pro tento dopravn\u00edkov\u00fd syst\u00e9m?<\/strong><\/p>\n<p>N\u00e1\u0161 pr\u00e1\u0161kov\u00fd v\u00fdtahov\u00fd z\u00e1sobn\u00edkov\u00fd dopravn\u00edk je navr\u017een pro spolehlivost a minim\u00e1ln\u00ed po\u017eadavky na \u00fadr\u017ebu. Pro zaji\u0161t\u011bn\u00ed optim\u00e1ln\u00edho v\u00fdkonu a dlouh\u00e9 \u017eivotnosti se doporu\u010duj\u00ed pravideln\u00e9 kontroly a preventivn\u00ed \u00fadr\u017eba. N\u00e1\u0161 t\u00fdm poskytuje nep\u0159etr\u017eitou podporu a asistenci, kter\u00e1 v\u00e1m pom\u016f\u017ee udr\u017eovat v\u00e1\u0161 dopravn\u00edkov\u00fd syst\u00e9m v nejlep\u0161\u00edm stavu.<\/p>","protected":false},"excerpt":{"rendered":"<p>Optimalizujte manipulaci s materi\u00e1lem pomoc\u00ed na\u0161eho pr\u00e1\u0161kov\u00e9ho v\u00fdtahov\u00e9ho n\u00e1sypn\u00e9ho dopravn\u00edku. Zjednodu\u0161en\u00e9 a spolehliv\u00e9 pro efektivn\u00ed v\u00fdrobu.<\/p>","protected":false},"featured_media":1814,"comment_status":"open","ping_status":"closed","template":"","meta":[],"product_cat":[38],"product_tag":[],"yoast_head":"<!-- This site is optimized with the Yoast SEO plugin v22.2 - https:\/\/yoast.com\/wordpress\/plugins\/seo\/ -->\n<title>Powder Elevator Hopper Conveyor - SWOER<\/title>\n<meta name=\"robots\" content=\"index, follow, max-snippet:-1, max-image-preview:large, max-video-preview:-1\" \/>\n<link rel=\"canonical\" href=\"https:\/\/swoer.com\/cs\/manufacturer\/powder-elevator-hopper-conveyor\/\" \/>\n<meta property=\"og:locale\" content=\"cs_CZ\" \/>\n<meta property=\"og:type\" content=\"article\" \/>\n<meta property=\"og:title\" content=\"Powder Elevator Hopper Conveyor - SWOER\" \/>\n<meta property=\"og:description\" content=\"Optimize material handling with our Powder Elevator Hopper Conveyor. Streamlined and reliable for efficient production.\" \/>\n<meta property=\"og:url\" content=\"https:\/\/swoer.com\/cs\/manufacturer\/powder-elevator-hopper-conveyor\/\" \/>\n<meta property=\"og:site_name\" content=\"SWOER\" \/>\n<meta property=\"article:modified_time\" content=\"2024-04-02T02:34:38+00:00\" \/>\n<meta property=\"og:image\" content=\"https:\/\/swoer.com\/wp-content\/uploads\/2024\/04\/Powder-elevator-hopper-conveyor-Flour-screw-conveyor.webp\" \/>\n\t<meta property=\"og:image:width\" content=\"1000\" \/>\n\t<meta property=\"og:image:height\" content=\"1000\" \/>\n\t<meta property=\"og:image:type\" content=\"image\/webp\" \/>\n<meta name=\"twitter:card\" content=\"summary_large_image\" \/>\n<meta name=\"twitter:label1\" content=\"Odhadovan\u00e1 doba \u010dten\u00ed\" \/>\n\t<meta name=\"twitter:data1\" content=\"1 minuta\" \/>\n<script type=\"application\/ld+json\" class=\"yoast-schema-graph\">{\"@context\":\"https:\/\/schema.org\",\"@graph\":[{\"@type\":\"WebPage\",\"@id\":\"https:\/\/swoer.com\/manufacturer\/powder-elevator-hopper-conveyor\/\",\"url\":\"https:\/\/swoer.com\/manufacturer\/powder-elevator-hopper-conveyor\/\",\"name\":\"Powder Elevator Hopper Conveyor - SWOER\",\"isPartOf\":{\"@id\":\"https:\/\/swoer.com\/#website\"},\"primaryImageOfPage\":{\"@id\":\"https:\/\/swoer.com\/manufacturer\/powder-elevator-hopper-conveyor\/#primaryimage\"},\"image\":{\"@id\":\"https:\/\/swoer.com\/manufacturer\/powder-elevator-hopper-conveyor\/#primaryimage\"},\"thumbnailUrl\":\"https:\/\/swoer.com\/wp-content\/uploads\/2024\/04\/Powder-elevator-hopper-conveyor-Flour-screw-conveyor.webp\",\"datePublished\":\"2024-04-02T02:28:40+00:00\",\"dateModified\":\"2024-04-02T02:34:38+00:00\",\"breadcrumb\":{\"@id\":\"https:\/\/swoer.com\/manufacturer\/powder-elevator-hopper-conveyor\/#breadcrumb\"},\"inLanguage\":\"cs\",\"potentialAction\":[{\"@type\":\"ReadAction\",\"target\":[\"https:\/\/swoer.com\/manufacturer\/powder-elevator-hopper-conveyor\/\"]}]},{\"@type\":\"ImageObject\",\"inLanguage\":\"cs\",\"@id\":\"https:\/\/swoer.com\/manufacturer\/powder-elevator-hopper-conveyor\/#primaryimage\",\"url\":\"https:\/\/swoer.com\/wp-content\/uploads\/2024\/04\/Powder-elevator-hopper-conveyor-Flour-screw-conveyor.webp\",\"contentUrl\":\"https:\/\/swoer.com\/wp-content\/uploads\/2024\/04\/Powder-elevator-hopper-conveyor-Flour-screw-conveyor.webp\",\"width\":1000,\"height\":1000,\"caption\":\"Powder elevator hopper conveyor - Flour screw conveyor\"},{\"@type\":\"BreadcrumbList\",\"@id\":\"https:\/\/swoer.com\/manufacturer\/powder-elevator-hopper-conveyor\/#breadcrumb\",\"itemListElement\":[{\"@type\":\"ListItem\",\"position\":1,\"name\":\"Home\",\"item\":\"https:\/\/swoer.com\/\"},{\"@type\":\"ListItem\",\"position\":2,\"name\":\"Shop\",\"item\":\"https:\/\/swoer.com\/shop\/\"},{\"@type\":\"ListItem\",\"position\":3,\"name\":\"Powder Elevator Hopper Conveyor\"}]},{\"@type\":\"WebSite\",\"@id\":\"https:\/\/swoer.com\/#website\",\"url\":\"https:\/\/swoer.com\/\",\"name\":\"SWOER\",\"description\":\"Swoer is the top 3 vibratory bowl feeder manufacturer in China\",\"potentialAction\":[{\"@type\":\"SearchAction\",\"target\":{\"@type\":\"EntryPoint\",\"urlTemplate\":\"https:\/\/swoer.com\/?s={search_term_string}\"},\"query-input\":\"required name=search_term_string\"}],\"inLanguage\":\"cs\"}]}<\/script>\n<!-- \/ Yoast SEO plugin. -->","yoast_head_json":{"title":"Powder Elevator Hopper Conveyor - SWOER","robots":{"index":"index","follow":"follow","max-snippet":"max-snippet:-1","max-image-preview":"max-image-preview:large","max-video-preview":"max-video-preview:-1"},"canonical":"https:\/\/swoer.com\/cs\/manufacturer\/powder-elevator-hopper-conveyor\/","og_locale":"cs_CZ","og_type":"article","og_title":"Powder Elevator Hopper Conveyor - SWOER","og_description":"Optimize material handling with our Powder Elevator Hopper Conveyor. Streamlined and reliable for efficient production.","og_url":"https:\/\/swoer.com\/cs\/manufacturer\/powder-elevator-hopper-conveyor\/","og_site_name":"SWOER","article_modified_time":"2024-04-02T02:34:38+00:00","og_image":[{"width":1000,"height":1000,"url":"https:\/\/swoer.com\/wp-content\/uploads\/2024\/04\/Powder-elevator-hopper-conveyor-Flour-screw-conveyor.webp","type":"image\/webp"}],"twitter_card":"summary_large_image","twitter_misc":{"Odhadovan\u00e1 doba \u010dten\u00ed":"1 minuta"},"schema":{"@context":"https:\/\/schema.org","@graph":[{"@type":"WebPage","@id":"https:\/\/swoer.com\/manufacturer\/powder-elevator-hopper-conveyor\/","url":"https:\/\/swoer.com\/manufacturer\/powder-elevator-hopper-conveyor\/","name":"Powder Elevator Hopper Conveyor - SWOER","isPartOf":{"@id":"https:\/\/swoer.com\/#website"},"primaryImageOfPage":{"@id":"https:\/\/swoer.com\/manufacturer\/powder-elevator-hopper-conveyor\/#primaryimage"},"image":{"@id":"https:\/\/swoer.com\/manufacturer\/powder-elevator-hopper-conveyor\/#primaryimage"},"thumbnailUrl":"https:\/\/swoer.com\/wp-content\/uploads\/2024\/04\/Powder-elevator-hopper-conveyor-Flour-screw-conveyor.webp","datePublished":"2024-04-02T02:28:40+00:00","dateModified":"2024-04-02T02:34:38+00:00","breadcrumb":{"@id":"https:\/\/swoer.com\/manufacturer\/powder-elevator-hopper-conveyor\/#breadcrumb"},"inLanguage":"cs","potentialAction":[{"@type":"ReadAction","target":["https:\/\/swoer.com\/manufacturer\/powder-elevator-hopper-conveyor\/"]}]},{"@type":"ImageObject","inLanguage":"cs","@id":"https:\/\/swoer.com\/manufacturer\/powder-elevator-hopper-conveyor\/#primaryimage","url":"https:\/\/swoer.com\/wp-content\/uploads\/2024\/04\/Powder-elevator-hopper-conveyor-Flour-screw-conveyor.webp","contentUrl":"https:\/\/swoer.com\/wp-content\/uploads\/2024\/04\/Powder-elevator-hopper-conveyor-Flour-screw-conveyor.webp","width":1000,"height":1000,"caption":"Powder elevator hopper conveyor - Flour screw conveyor"},{"@type":"BreadcrumbList","@id":"https:\/\/swoer.com\/manufacturer\/powder-elevator-hopper-conveyor\/#breadcrumb","itemListElement":[{"@type":"ListItem","position":1,"name":"Home","item":"https:\/\/swoer.com\/"},{"@type":"ListItem","position":2,"name":"Shop","item":"https:\/\/swoer.com\/shop\/"},{"@type":"ListItem","position":3,"name":"Powder Elevator Hopper Conveyor"}]},{"@type":"WebSite","@id":"https:\/\/swoer.com\/#website","url":"https:\/\/swoer.com\/","name":"SWOER","description":"Swoer is the top 3 vibratory bowl feeder manufacturer in China","potentialAction":[{"@type":"SearchAction","target":{"@type":"EntryPoint","urlTemplate":"https:\/\/swoer.com\/?s={search_term_string}"},"query-input":"required name=search_term_string"}],"inLanguage":"cs"}]}},"_links":{"self":[{"href":"https:\/\/swoer.com\/cs\/wp-json\/wp\/v2\/product\/1813"}],"collection":[{"href":"https:\/\/swoer.com\/cs\/wp-json\/wp\/v2\/product"}],"about":[{"href":"https:\/\/swoer.com\/cs\/wp-json\/wp\/v2\/types\/product"}],"replies":[{"embeddable":true,"href":"https:\/\/swoer.com\/cs\/wp-json\/wp\/v2\/comments?post=1813"}],"wp:featuredmedia":[{"embeddable":true,"href":"https:\/\/swoer.com\/cs\/wp-json\/wp\/v2\/media\/1814"}],"wp:attachment":[{"href":"https:\/\/swoer.com\/cs\/wp-json\/wp\/v2\/media?parent=1813"}],"wp:term":[{"taxonomy":"product_cat","embeddable":true,"href":"https:\/\/swoer.com\/cs\/wp-json\/wp\/v2\/product_cat?post=1813"},{"taxonomy":"product_tag","embeddable":true,"href":"https:\/\/swoer.com\/cs\/wp-json\/wp\/v2\/product_tag?post=1813"}],"curies":[{"name":"wp","href":"https:\/\/api.w.org\/{rel}","templated":true}]}}