{"id":1811,"date":"2024-04-02T02:11:28","date_gmt":"2024-04-02T02:11:28","guid":{"rendered":"https:\/\/lightgrey-porpoise-816575.hostingersite.com\/?post_type=product&#038;p=1811"},"modified":"2024-04-02T02:24:04","modified_gmt":"2024-04-02T02:24:04","slug":"bucket-hopper-elevator-fully-automatic-lifting-hopper-feeder","status":"publish","type":"product","link":"https:\/\/swoer.com\/cs\/manufacturer\/bucket-hopper-elevator-fully-automatic-lifting-hopper-feeder\/","title":{"rendered":"Pln\u011b automatick\u00fd zvedac\u00ed podava\u010d n\u00e1sypky"},"content":{"rendered":"<h2>Popis:<\/h2>\n<table style=\"border-collapse: collapse; width: 585.77pt;\" border=\"0\" width=\"781\" cellspacing=\"0\" cellpadding=\"0\">\n<tbody>\n<tr style=\"height: 32.00pt;\">\n<td class=\"et3\" style=\"height: 32.00pt; width: 145.50pt;\" width=\"194\" height=\"42\">Jm\u00e9no v\u00fdrobku<\/td>\n<td class=\"et4\" style=\"width: 440.25pt;\" width=\"587\">Pln\u011b automatick\u00fd zvedac\u00ed podava\u010d n\u00e1sypky<\/td>\n<\/tr>\n<tr style=\"height: 32.00pt;\">\n<td class=\"et3\" style=\"height: 32.00pt;\" height=\"42\">Jm\u00e9no zna\u010dky<\/td>\n<td class=\"et4\">SLOER<\/td>\n<\/tr>\n<tr style=\"height: 32.00pt;\">\n<td class=\"et3\" style=\"height: 32.00pt;\" height=\"42\">Rozm\u011br (D*\u0160*V)<\/td>\n<td class=\"et4\">Na zak\u00e1zku<\/td>\n<\/tr>\n<tr style=\"height: 32.00pt;\">\n<td class=\"et3\" style=\"height: 32.00pt;\" height=\"42\">Hmotnost<\/td>\n<td class=\"et4\">Na zak\u00e1zku<\/td>\n<\/tr>\n<tr style=\"height: 32.00pt;\">\n<td class=\"et3\" style=\"height: 32.00pt;\" height=\"42\">Barva<\/td>\n<td class=\"et4\">Po\u017eadavky z\u00e1kazn\u00edka<\/td>\n<\/tr>\n<tr style=\"height: 32.00pt;\">\n<td class=\"et3\" style=\"height: 32.00pt;\" height=\"42\">Kapacita (t\/h)<\/td>\n<td class=\"et4\">0,1-6 t\/h<\/td>\n<\/tr>\n<tr style=\"height: 32.00pt;\">\n<td class=\"et3\" style=\"height: 32.00pt;\" height=\"42\">Nap\u011bt\u00ed<\/td>\n<td class=\"et4\">85-260V<\/td>\n<\/tr>\n<tr style=\"height: 32.00pt;\">\n<td class=\"et3\" style=\"height: 32.00pt;\" height=\"42\">Frekvence<\/td>\n<td class=\"et4\">40-400Hz<\/td>\n<\/tr>\n<tr style=\"height: 32.00pt;\">\n<td class=\"et3\" style=\"height: 32.00pt;\" height=\"42\">Z\u00e1ruka<\/td>\n<td class=\"et4\">1 rok<\/td>\n<\/tr>\n<tr style=\"height: 32.00pt;\">\n<td class=\"et3\" style=\"height: 32.00pt;\" height=\"42\">MOQ<\/td>\n<td class=\"et4\">1 set<\/td>\n<\/tr>\n<tr style=\"height: 32.00pt;\">\n<td class=\"et3\" style=\"height: 32.00pt;\" height=\"42\">Dodac\u00ed lh\u016fta<\/td>\n<td class=\"et4\">7-10 dn\u00ed<\/td>\n<\/tr>\n<tr style=\"height: 32.00pt;\">\n<td class=\"et3\" style=\"height: 32.00pt;\" height=\"42\">7-10 dn\u00ed<\/td>\n<td class=\"et4\">P\u0159ekli\u017ekov\u00e1 krabice<\/td>\n<\/tr>\n<tr style=\"height: 32.00pt;\">\n<td class=\"et3\" style=\"height: 32.00pt;\" height=\"42\">Platebn\u00ed lh\u016fta<\/td>\n<td class=\"et4\">T\/T 40% Z\u00e1loha a z\u016fstatek p\u0159ed odesl\u00e1n\u00edm<\/td>\n<\/tr>\n<tr style=\"height: 32.00pt;\">\n<td class=\"et3\" style=\"height: 32.00pt;\" height=\"42\">M\u00edsto p\u016fvodu<\/td>\n<td class=\"et4\">Guangdong, \u010c\u00edna<\/td>\n<\/tr>\n<\/tbody>\n<\/table>\n\t<div id=\"gap-1803588854\" class=\"gap-element clearfix\" style=\"display:block; height:auto;\">\n\t\t\n<style>\n#gap-1803588854 {\n  padding-top: 30px;\n}\n<\/style>\n\t<\/div>\n\t\n<h2>FAQ:<\/h2>\n<p><strong>1. Jak pln\u011b automatick\u00e1 funkce prosp\u00edv\u00e1 m\u00e9mu v\u00fdrobn\u00edmu procesu?<\/strong><\/p>\n<p>N\u00e1\u0161 pln\u011b automatick\u00fd zvedac\u00ed podava\u010d n\u00e1sypky kore\u010dkov\u00e9 n\u00e1sypky eliminuje pot\u0159ebu ru\u010dn\u00edho z\u00e1sahu a zaji\u0161\u0165uje nep\u0159etr\u017eit\u00e9 pod\u00e1v\u00e1n\u00ed materi\u00e1lu bez p\u0159eru\u0161en\u00ed. Tato funkce optimalizuje efektivitu v\u00fdroby sn\u00ed\u017een\u00edm prostoj\u016f a n\u00e1klad\u016f na pracovn\u00ed s\u00edlu a z\u00e1rove\u0148 zlep\u0161uje celkovou konzistenci pracovn\u00edho toku.<\/p>\n<p><strong>2. Dok\u00e1\u017ee tento syst\u00e9m efektivn\u011b zpracov\u00e1vat r\u016fzn\u00e9 typy materi\u00e1l\u016f?<\/strong><\/p>\n<p>Absolutn\u011b. N\u00e1\u0161 syst\u00e9m je navr\u017een tak, aby vyhovoval \u0161irok\u00e9 \u0161k\u00e1le materi\u00e1l\u016f, od granul\u00ed po pr\u00e1\u0161ky, s p\u0159esnost\u00ed a spolehlivost\u00ed. A\u0165 u\u017e pracujete s choulostiv\u00fdmi nebo abrazivn\u00edmi l\u00e1tkami, n\u00e1\u0161 kore\u010dkov\u00fd n\u00e1sypka Elevator Feeder poskytuje konzistentn\u00ed v\u00fdkon, minimalizuje pl\u00fdtv\u00e1n\u00ed materi\u00e1lem a maximalizuje v\u00fdrobn\u00ed v\u00fdkon.<\/p>\n<p><strong>3. Jak zvedac\u00ed z\u00e1sobn\u00edkov\u00fd podava\u010d zvy\u0161uje provozn\u00ed flexibilitu?<\/strong><\/p>\n<p>Komponenta podava\u010de zvedac\u00ed n\u00e1sypky na\u0161eho syst\u00e9mu umo\u017e\u0148uje bezprobl\u00e9movou integraci do r\u016fzn\u00fdch v\u00fdrobn\u00edch nastaven\u00ed. Jeho v\u0161estrannost umo\u017e\u0148uje snadn\u00e9 nastaven\u00ed pro r\u016fzn\u00e9 pr\u016ftoky materi\u00e1lu a zaji\u0161\u0165uje optim\u00e1ln\u00ed podm\u00ednky pod\u00e1v\u00e1n\u00ed pro r\u016fzn\u00e9 po\u017eadavky v\u00fdroby. Tato flexibilita v\u00e1m umo\u017e\u0148uje rychle se p\u0159izp\u016fsobit m\u011bn\u00edc\u00edm se po\u017eadavk\u016fm v\u00fdroby, maximalizovat vyu\u017eit\u00ed zdroj\u016f a efektivitu.<\/p>\n<p><strong>4. Jak\u00fd druh \u00fadr\u017eby je vy\u017eadov\u00e1n pro tento syst\u00e9m?<\/strong><\/p>\n<p>N\u00e1\u0161 pln\u011b automatick\u00fd zvedac\u00ed podava\u010d kore\u010dkov\u00e9 n\u00e1sypky je navr\u017een pro spolehlivost a minim\u00e1ln\u00ed po\u017eadavky na \u00fadr\u017ebu. Pro zaji\u0161t\u011bn\u00ed konzistentn\u00edho v\u00fdkonu a dlouh\u00e9 \u017eivotnosti se doporu\u010duj\u00ed pravideln\u00e9 kontroly a preventivn\u00ed \u00fadr\u017eba. N\u00e1\u0161 t\u00fdm poskytuje komplexn\u00ed podporu, v\u010detn\u011b pl\u00e1n\u016f \u00fadr\u017eby a technick\u00e9 pomoci, aby v\u00e1\u0161 syst\u00e9m fungoval s maxim\u00e1ln\u00ed efektivitou.<\/p>\n<p><strong>5. Jak tento syst\u00e9m p\u0159isp\u00edv\u00e1 k bezpe\u010dnosti na pracovi\u0161ti?<\/strong><\/p>\n<p>Automatizac\u00ed proces\u016f manipulace s materi\u00e1lem n\u00e1\u0161 syst\u00e9m sni\u017euje pot\u0159ebu manu\u00e1ln\u00ed pr\u00e1ce a minimalizuje riziko nehod a zran\u011bn\u00ed na pracovi\u0161ti. Jeho pln\u011b automatick\u00fd provoz nav\u00edc zaji\u0161\u0165uje plynul\u00e9 a kontrolovan\u00e9 pod\u00e1v\u00e1n\u00ed materi\u00e1lu, zvy\u0161uje bezpe\u010dnost obsluhy a podporuje bezpe\u010dn\u00e9 pracovn\u00ed prost\u0159ed\u00ed.<\/p>","protected":false},"excerpt":{"rendered":"<p>Podpo\u0159te efektivitu s na\u0161\u00edm pln\u011b automatick\u00fdm kore\u010dkov\u00fdm v\u00fdsypn\u00fdm podava\u010dem. Zjednodu\u0161te manipulaci s materi\u00e1lem pro bezprobl\u00e9mov\u00e9 v\u00fdrobn\u00ed pracovn\u00ed postupy. Maximalizujte produktivitu bez n\u00e1mahy.<\/p>","protected":false},"featured_media":1812,"comment_status":"open","ping_status":"closed","template":"","meta":[],"product_cat":[38],"product_tag":[],"yoast_head":"<!-- This site is optimized with the Yoast SEO plugin v22.2 - https:\/\/yoast.com\/wordpress\/plugins\/seo\/ -->\n<title>Bucket Hopper Elevator Fully Automatic Lifting Hopper Feeder - SWOER<\/title>\n<meta name=\"robots\" content=\"index, follow, max-snippet:-1, max-image-preview:large, max-video-preview:-1\" \/>\n<link rel=\"canonical\" href=\"https:\/\/swoer.com\/cs\/manufacturer\/bucket-hopper-elevator-fully-automatic-lifting-hopper-feeder\/\" \/>\n<meta property=\"og:locale\" content=\"cs_CZ\" \/>\n<meta property=\"og:type\" content=\"article\" \/>\n<meta property=\"og:title\" content=\"Bucket Hopper Elevator Fully Automatic Lifting Hopper Feeder - SWOER\" \/>\n<meta property=\"og:description\" content=\"Bolster efficiency with our fully automatic Bucket Hopper Elevator Feeder. Streamline material handling for seamless production workflows. Maximize productivity effortlessly.\" \/>\n<meta property=\"og:url\" content=\"https:\/\/swoer.com\/cs\/manufacturer\/bucket-hopper-elevator-fully-automatic-lifting-hopper-feeder\/\" \/>\n<meta property=\"og:site_name\" content=\"SWOER\" \/>\n<meta property=\"article:modified_time\" content=\"2024-04-02T02:24:04+00:00\" \/>\n<meta property=\"og:image\" content=\"https:\/\/swoer.com\/wp-content\/uploads\/2024\/04\/Bucket-Hopper-Elevator-Fully-Automatic-Lifting-Hopper-Feeder.webp\" \/>\n\t<meta property=\"og:image:width\" content=\"1000\" \/>\n\t<meta property=\"og:image:height\" content=\"1000\" \/>\n\t<meta property=\"og:image:type\" content=\"image\/webp\" \/>\n<meta name=\"twitter:card\" content=\"summary_large_image\" \/>\n<meta name=\"twitter:label1\" content=\"Odhadovan\u00e1 doba \u010dten\u00ed\" \/>\n\t<meta name=\"twitter:data1\" content=\"1 minuta\" \/>\n<script type=\"application\/ld+json\" class=\"yoast-schema-graph\">{\"@context\":\"https:\/\/schema.org\",\"@graph\":[{\"@type\":\"WebPage\",\"@id\":\"https:\/\/swoer.com\/manufacturer\/bucket-hopper-elevator-fully-automatic-lifting-hopper-feeder\/\",\"url\":\"https:\/\/swoer.com\/manufacturer\/bucket-hopper-elevator-fully-automatic-lifting-hopper-feeder\/\",\"name\":\"Bucket Hopper Elevator Fully Automatic Lifting Hopper Feeder - SWOER\",\"isPartOf\":{\"@id\":\"https:\/\/swoer.com\/#website\"},\"primaryImageOfPage\":{\"@id\":\"https:\/\/swoer.com\/manufacturer\/bucket-hopper-elevator-fully-automatic-lifting-hopper-feeder\/#primaryimage\"},\"image\":{\"@id\":\"https:\/\/swoer.com\/manufacturer\/bucket-hopper-elevator-fully-automatic-lifting-hopper-feeder\/#primaryimage\"},\"thumbnailUrl\":\"https:\/\/swoer.com\/wp-content\/uploads\/2024\/04\/Bucket-Hopper-Elevator-Fully-Automatic-Lifting-Hopper-Feeder.webp\",\"datePublished\":\"2024-04-02T02:11:28+00:00\",\"dateModified\":\"2024-04-02T02:24:04+00:00\",\"breadcrumb\":{\"@id\":\"https:\/\/swoer.com\/manufacturer\/bucket-hopper-elevator-fully-automatic-lifting-hopper-feeder\/#breadcrumb\"},\"inLanguage\":\"cs\",\"potentialAction\":[{\"@type\":\"ReadAction\",\"target\":[\"https:\/\/swoer.com\/manufacturer\/bucket-hopper-elevator-fully-automatic-lifting-hopper-feeder\/\"]}]},{\"@type\":\"ImageObject\",\"inLanguage\":\"cs\",\"@id\":\"https:\/\/swoer.com\/manufacturer\/bucket-hopper-elevator-fully-automatic-lifting-hopper-feeder\/#primaryimage\",\"url\":\"https:\/\/swoer.com\/wp-content\/uploads\/2024\/04\/Bucket-Hopper-Elevator-Fully-Automatic-Lifting-Hopper-Feeder.webp\",\"contentUrl\":\"https:\/\/swoer.com\/wp-content\/uploads\/2024\/04\/Bucket-Hopper-Elevator-Fully-Automatic-Lifting-Hopper-Feeder.webp\",\"width\":1000,\"height\":1000,\"caption\":\"Bucket Hopper Elevator Fully Automatic Lifting Hopper Feeder\"},{\"@type\":\"BreadcrumbList\",\"@id\":\"https:\/\/swoer.com\/manufacturer\/bucket-hopper-elevator-fully-automatic-lifting-hopper-feeder\/#breadcrumb\",\"itemListElement\":[{\"@type\":\"ListItem\",\"position\":1,\"name\":\"Home\",\"item\":\"https:\/\/swoer.com\/\"},{\"@type\":\"ListItem\",\"position\":2,\"name\":\"Shop\",\"item\":\"https:\/\/swoer.com\/shop\/\"},{\"@type\":\"ListItem\",\"position\":3,\"name\":\"Bucket Hopper Elevator Fully Automatic Lifting Hopper Feeder\"}]},{\"@type\":\"WebSite\",\"@id\":\"https:\/\/swoer.com\/#website\",\"url\":\"https:\/\/swoer.com\/\",\"name\":\"SWOER\",\"description\":\"Swoer is the top 3 vibratory bowl feeder manufacturer in China\",\"potentialAction\":[{\"@type\":\"SearchAction\",\"target\":{\"@type\":\"EntryPoint\",\"urlTemplate\":\"https:\/\/swoer.com\/?s={search_term_string}\"},\"query-input\":\"required name=search_term_string\"}],\"inLanguage\":\"cs\"}]}<\/script>\n<!-- \/ Yoast SEO plugin. -->","yoast_head_json":{"title":"Bucket Hopper Elevator Fully Automatic Lifting Hopper Feeder - SWOER","robots":{"index":"index","follow":"follow","max-snippet":"max-snippet:-1","max-image-preview":"max-image-preview:large","max-video-preview":"max-video-preview:-1"},"canonical":"https:\/\/swoer.com\/cs\/manufacturer\/bucket-hopper-elevator-fully-automatic-lifting-hopper-feeder\/","og_locale":"cs_CZ","og_type":"article","og_title":"Bucket Hopper Elevator Fully Automatic Lifting Hopper Feeder - SWOER","og_description":"Bolster efficiency with our fully automatic Bucket Hopper Elevator Feeder. Streamline material handling for seamless production workflows. Maximize productivity effortlessly.","og_url":"https:\/\/swoer.com\/cs\/manufacturer\/bucket-hopper-elevator-fully-automatic-lifting-hopper-feeder\/","og_site_name":"SWOER","article_modified_time":"2024-04-02T02:24:04+00:00","og_image":[{"width":1000,"height":1000,"url":"https:\/\/swoer.com\/wp-content\/uploads\/2024\/04\/Bucket-Hopper-Elevator-Fully-Automatic-Lifting-Hopper-Feeder.webp","type":"image\/webp"}],"twitter_card":"summary_large_image","twitter_misc":{"Odhadovan\u00e1 doba \u010dten\u00ed":"1 minuta"},"schema":{"@context":"https:\/\/schema.org","@graph":[{"@type":"WebPage","@id":"https:\/\/swoer.com\/manufacturer\/bucket-hopper-elevator-fully-automatic-lifting-hopper-feeder\/","url":"https:\/\/swoer.com\/manufacturer\/bucket-hopper-elevator-fully-automatic-lifting-hopper-feeder\/","name":"Bucket Hopper Elevator Fully Automatic Lifting Hopper Feeder - SWOER","isPartOf":{"@id":"https:\/\/swoer.com\/#website"},"primaryImageOfPage":{"@id":"https:\/\/swoer.com\/manufacturer\/bucket-hopper-elevator-fully-automatic-lifting-hopper-feeder\/#primaryimage"},"image":{"@id":"https:\/\/swoer.com\/manufacturer\/bucket-hopper-elevator-fully-automatic-lifting-hopper-feeder\/#primaryimage"},"thumbnailUrl":"https:\/\/swoer.com\/wp-content\/uploads\/2024\/04\/Bucket-Hopper-Elevator-Fully-Automatic-Lifting-Hopper-Feeder.webp","datePublished":"2024-04-02T02:11:28+00:00","dateModified":"2024-04-02T02:24:04+00:00","breadcrumb":{"@id":"https:\/\/swoer.com\/manufacturer\/bucket-hopper-elevator-fully-automatic-lifting-hopper-feeder\/#breadcrumb"},"inLanguage":"cs","potentialAction":[{"@type":"ReadAction","target":["https:\/\/swoer.com\/manufacturer\/bucket-hopper-elevator-fully-automatic-lifting-hopper-feeder\/"]}]},{"@type":"ImageObject","inLanguage":"cs","@id":"https:\/\/swoer.com\/manufacturer\/bucket-hopper-elevator-fully-automatic-lifting-hopper-feeder\/#primaryimage","url":"https:\/\/swoer.com\/wp-content\/uploads\/2024\/04\/Bucket-Hopper-Elevator-Fully-Automatic-Lifting-Hopper-Feeder.webp","contentUrl":"https:\/\/swoer.com\/wp-content\/uploads\/2024\/04\/Bucket-Hopper-Elevator-Fully-Automatic-Lifting-Hopper-Feeder.webp","width":1000,"height":1000,"caption":"Bucket Hopper Elevator Fully Automatic Lifting Hopper Feeder"},{"@type":"BreadcrumbList","@id":"https:\/\/swoer.com\/manufacturer\/bucket-hopper-elevator-fully-automatic-lifting-hopper-feeder\/#breadcrumb","itemListElement":[{"@type":"ListItem","position":1,"name":"Home","item":"https:\/\/swoer.com\/"},{"@type":"ListItem","position":2,"name":"Shop","item":"https:\/\/swoer.com\/shop\/"},{"@type":"ListItem","position":3,"name":"Bucket Hopper Elevator Fully Automatic Lifting Hopper Feeder"}]},{"@type":"WebSite","@id":"https:\/\/swoer.com\/#website","url":"https:\/\/swoer.com\/","name":"SWOER","description":"Swoer is the top 3 vibratory bowl feeder manufacturer in China","potentialAction":[{"@type":"SearchAction","target":{"@type":"EntryPoint","urlTemplate":"https:\/\/swoer.com\/?s={search_term_string}"},"query-input":"required name=search_term_string"}],"inLanguage":"cs"}]}},"_links":{"self":[{"href":"https:\/\/swoer.com\/cs\/wp-json\/wp\/v2\/product\/1811"}],"collection":[{"href":"https:\/\/swoer.com\/cs\/wp-json\/wp\/v2\/product"}],"about":[{"href":"https:\/\/swoer.com\/cs\/wp-json\/wp\/v2\/types\/product"}],"replies":[{"embeddable":true,"href":"https:\/\/swoer.com\/cs\/wp-json\/wp\/v2\/comments?post=1811"}],"wp:featuredmedia":[{"embeddable":true,"href":"https:\/\/swoer.com\/cs\/wp-json\/wp\/v2\/media\/1812"}],"wp:attachment":[{"href":"https:\/\/swoer.com\/cs\/wp-json\/wp\/v2\/media?parent=1811"}],"wp:term":[{"taxonomy":"product_cat","embeddable":true,"href":"https:\/\/swoer.com\/cs\/wp-json\/wp\/v2\/product_cat?post=1811"},{"taxonomy":"product_tag","embeddable":true,"href":"https:\/\/swoer.com\/cs\/wp-json\/wp\/v2\/product_tag?post=1811"}],"curies":[{"name":"wp","href":"https:\/\/api.w.org\/{rel}","templated":true}]}}