{"id":1806,"date":"2024-04-02T01:56:57","date_gmt":"2024-04-02T01:56:57","guid":{"rendered":"https:\/\/lightgrey-porpoise-816575.hostingersite.com\/?post_type=product&#038;p=1806"},"modified":"2024-04-02T02:06:28","modified_gmt":"2024-04-02T02:06:28","slug":"hopper-elevator-conveyor-automation","status":"publish","type":"product","link":"https:\/\/swoer.com\/cs\/manufacturer\/hopper-elevator-conveyor-automation\/","title":{"rendered":"Automatizace dopravn\u00edku n\u00e1sypky v\u00fdtahu"},"content":{"rendered":"<p>Vyzkou\u0161ejte bezprobl\u00e9movou efektivitu manipulace s materi\u00e1lem s na\u0161\u00edm \u0161pi\u010dkov\u00fdm \u0159e\u0161en\u00edm automatizace dopravn\u00edku n\u00e1sypn\u00e9ho v\u00fdtahu. N\u00e1\u0161 syst\u00e9m, navr\u017een\u00fd pro spolehlivost a p\u0159esnost, optimalizuje pracovn\u00ed tok bezprobl\u00e9mov\u00fdm p\u0159enosem materi\u00e1l\u016f mezi r\u016fzn\u00fdmi f\u00e1zemi v\u00fdroby. Navr\u017eeno s pokro\u010dilou pneumatickou technologi\u00ed, zaji\u0161\u0165uje hladk\u00fd a efektivn\u00ed vertik\u00e1ln\u00ed pohyb, zvy\u0161uje produktivitu a z\u00e1rove\u0148 minimalizuje prostoje. D\u016fv\u011b\u0159ujte na\u0161im odborn\u00fdm znalostem p\u0159i zefektivn\u011bn\u00ed va\u0161ich operac\u00ed a zv\u00fd\u0161en\u00ed va\u0161ich v\u00fdrobn\u00edch schopnost\u00ed.<\/p>\n<h2>Popis:<\/h2>\n<table style=\"border-collapse: collapse; width: 464.27pt;\" border=\"0\" width=\"619\" cellspacing=\"0\" cellpadding=\"0\">\n<tbody>\n<tr style=\"height: 32.00pt;\">\n<td class=\"et3\" style=\"height: 32.00pt; width: 145.50pt;\" width=\"194\" height=\"42\">Jm\u00e9no v\u00fdrobku<\/td>\n<td class=\"et4\" style=\"width: 318.75pt;\" width=\"425\">Automatizace dopravn\u00edku n\u00e1sypky v\u00fdtahu<\/td>\n<\/tr>\n<tr style=\"height: 32.00pt;\">\n<td class=\"et3\" style=\"height: 32.00pt;\" height=\"42\">Jm\u00e9no zna\u010dky<\/td>\n<td class=\"et4\">SLOER<\/td>\n<\/tr>\n<tr style=\"height: 32.00pt;\">\n<td class=\"et3\" style=\"height: 32.00pt;\" height=\"42\">Rozm\u011br (D*\u0160*V)<\/td>\n<td class=\"et4\">2200*1000*1500mm<\/td>\n<\/tr>\n<tr style=\"height: 32.00pt;\">\n<td class=\"et3\" style=\"height: 32.00pt;\" height=\"42\">Hmotnost<\/td>\n<td class=\"et4\">120 kg<\/td>\n<\/tr>\n<tr style=\"height: 32.00pt;\">\n<td class=\"et3\" style=\"height: 32.00pt;\" height=\"42\">Barva<\/td>\n<td class=\"et4\">Po\u017eadavky z\u00e1kazn\u00edka<\/td>\n<\/tr>\n<tr style=\"height: 32.00pt;\">\n<td class=\"et3\" style=\"height: 32.00pt;\" height=\"42\">Kapacita (t\/h)<\/td>\n<td class=\"et4\">0,1-6 t\/h<\/td>\n<\/tr>\n<tr style=\"height: 32.00pt;\">\n<td class=\"et3\" style=\"height: 32.00pt;\" height=\"42\">Nap\u011bt\u00ed<\/td>\n<td class=\"et4\">85-260V<\/td>\n<\/tr>\n<tr style=\"height: 32.00pt;\">\n<td class=\"et3\" style=\"height: 32.00pt;\" height=\"42\">Frekvence<\/td>\n<td class=\"et4\">40-400Hz<\/td>\n<\/tr>\n<tr style=\"height: 32.00pt;\">\n<td class=\"et3\" style=\"height: 32.00pt;\" height=\"42\">Z\u00e1ruka<\/td>\n<td class=\"et4\">1 rok<\/td>\n<\/tr>\n<tr style=\"height: 32.00pt;\">\n<td class=\"et3\" style=\"height: 32.00pt;\" height=\"42\">MOQ<\/td>\n<td class=\"et4\">1 set<\/td>\n<\/tr>\n<tr style=\"height: 32.00pt;\">\n<td class=\"et3\" style=\"height: 32.00pt;\" height=\"42\">Dodac\u00ed lh\u016fta<\/td>\n<td class=\"et4\">7-10 dn\u00ed<\/td>\n<\/tr>\n<tr style=\"height: 32.00pt;\">\n<td class=\"et3\" style=\"height: 32.00pt;\" height=\"42\">7-10 dn\u00ed<\/td>\n<td class=\"et4\">P\u0159ekli\u017ekov\u00e1 krabice<\/td>\n<\/tr>\n<tr style=\"height: 32.00pt;\">\n<td class=\"et3\" style=\"height: 32.00pt;\" height=\"42\">Platebn\u00ed lh\u016fta<\/td>\n<td class=\"et4\">T\/T 40% Z\u00e1loha a z\u016fstatek p\u0159ed odesl\u00e1n\u00edm<\/td>\n<\/tr>\n<tr style=\"height: 32.00pt;\">\n<td class=\"et3\" style=\"height: 32.00pt;\" height=\"42\">M\u00edsto p\u016fvodu<\/td>\n<td class=\"et4\">Guangdong, \u010c\u00edna<\/td>\n<\/tr>\n<\/tbody>\n<\/table>\n<h2>FAQ:<\/h2>\n\t<div id=\"gap-1623425312\" class=\"gap-element clearfix\" style=\"display:block; height:auto;\">\n\t\t\n<style>\n#gap-1623425312 {\n  padding-top: 30px;\n}\n<\/style>\n\t<\/div>\n\t\n<p><strong>1. Jak automatizace dopravn\u00edku n\u00e1sypky zvy\u0161uje produktivitu?<\/strong><\/p>\n<p>Na\u0161e automatizace dopravn\u00edk\u016f elev\u00e1toru n\u00e1sypky zefektiv\u0148uje procesy manipulace s materi\u00e1lem a zaji\u0161\u0165uje bezprobl\u00e9mov\u00fd p\u0159esun mezi v\u00fdrobn\u00edmi f\u00e1zemi. Automatizac\u00ed t\u011bchto \u00fakol\u016f odstra\u0148uje \u00fazk\u00e1 hrdla, sni\u017euje manu\u00e1ln\u00ed pr\u00e1ci a optimalizuje efektivitu pracovn\u00edch postup\u016f, co\u017e v kone\u010dn\u00e9m d\u016fsledku zvy\u0161uje celkovou produktivitu.<\/p>\n<p><strong>2. Je syst\u00e9m spolehliv\u00fd a odoln\u00fd pro nep\u0159etr\u017eit\u00fd provoz?<\/strong><\/p>\n<p>Absolutn\u011b. N\u00e1\u0161 syst\u00e9m Hopper Elevator Conveyor, navr\u017een\u00fd s robustn\u00edmi komponenty a pokro\u010dilou automatiza\u010dn\u00ed technologi\u00ed, je postaven tak, aby obst\u00e1l v n\u00e1ro\u010dn\u00fdch pr\u016fmyslov\u00fdch prost\u0159ed\u00edch. Od velkoobjemov\u00e9 v\u00fdroby a\u017e po nep\u0159etr\u017eit\u00fd provoz, spolehlivost je j\u00e1drem na\u0161eho n\u00e1vrhu a zaji\u0161\u0165uje nep\u0159etr\u017eit\u00fd v\u00fdkon.<\/p>\n<p><strong>3. Lze syst\u00e9m p\u0159izp\u016fsobit specifick\u00fdm po\u017eadavk\u016fm v\u00fdroby?<\/strong><\/p>\n<p>Ano, flexibilita je kl\u00ed\u010dov\u00e1. Ch\u00e1peme, \u017ee ka\u017ed\u00e9 v\u00fdrobn\u00ed za\u0159\u00edzen\u00ed m\u00e1 jedine\u010dn\u00e9 pot\u0159eby. Na\u0161e automatizace dopravn\u00edkov\u00fdch elev\u00e1tor\u016f n\u00e1sypky m\u016f\u017ee b\u00fdt p\u0159izp\u016fsobena tak, aby vyhovovala r\u016fzn\u00fdm typ\u016fm materi\u00e1l\u016f, rozvr\u017een\u00ed v\u00fdroby a po\u017eadavk\u016fm na pr\u016fchodnost. A\u0165 u\u017e po\u017eadujete specifick\u00e9 rozm\u011bry, nastaven\u00ed rychlosti nebo integraci se st\u00e1vaj\u00edc\u00edmi syst\u00e9my, nab\u00edz\u00edme p\u0159izp\u016fsobiteln\u00e1 \u0159e\u0161en\u00ed, kter\u00e1 p\u0159esn\u011b spln\u00ed va\u0161e po\u017eadavky.<\/p>\n<p><strong>4. Jak automatiza\u010dn\u00ed syst\u00e9m p\u0159isp\u00edv\u00e1 k bezpe\u010dnosti pracovn\u00edk\u016f?<\/strong><\/p>\n<p>Bezpe\u010dnost je prvo\u0159ad\u00e1 v ka\u017ed\u00e9m v\u00fdrobn\u00edm prost\u0159ed\u00ed. Na\u0161e automatizace dopravn\u00edku n\u00e1sypky sni\u017euje pot\u0159ebu ru\u010dn\u00ed manipulace s materi\u00e1lem a minimalizuje riziko nehod na pracovi\u0161ti a \u00faraz\u016f z opakovan\u00e9ho nam\u00e1h\u00e1n\u00ed. Automatizac\u00ed t\u011bchto proces\u016f vytv\u00e1\u0159\u00ed pro v\u00e1\u0161 t\u00fdm bezpe\u010dn\u011bj\u0161\u00ed pracovn\u00ed prost\u0159ed\u00ed, kter\u00e9 mu umo\u017e\u0148uje soust\u0159edit se na kvalifikovan\u011bj\u0161\u00ed \u00fakoly s p\u0159idanou hodnotou.<\/p>\n<p><strong>5. Jak\u00fd druh slu\u017eeb technick\u00e9 podpory a \u00fadr\u017eby poskytujete?<\/strong><\/p>\n<p>Up\u0159ednost\u0148ujeme spokojenost z\u00e1kazn\u00edka a dlouhodob\u00fd \u00fasp\u011bch. N\u00e1\u0161 t\u00fdm odborn\u00edk\u016f nab\u00edz\u00ed komplexn\u00ed technickou podporu a slu\u017eby \u00fadr\u017eby pro zaji\u0161t\u011bn\u00ed hladk\u00e9ho provozu va\u0161eho syst\u00e9mu dopravn\u00edku n\u00e1sypn\u00e9ho v\u00fdtahu. Od po\u010d\u00e1te\u010dn\u00ed instalace a \u0161kolen\u00ed a\u017e po pr\u016fb\u011b\u017enou \u00fadr\u017ebu a odstra\u0148ov\u00e1n\u00ed probl\u00e9m\u016f jsme odhodl\u00e1ni poskytovat okam\u017eitou pomoc a maximalizovat dobu provozuschopnosti va\u0161eho za\u0159\u00edzen\u00ed.<\/p>","protected":false},"excerpt":{"rendered":"<p>Optimalizujte v\u00fdrobu s na\u0161\u00ed automatizac\u00ed dopravn\u00edk\u016f pro elev\u00e1tor n\u00e1sypky. Efektivn\u00ed manipulace s materi\u00e1lem a bezprobl\u00e9mov\u00fd pracovn\u00ed postup. D\u016fv\u011b\u0159ujte na\u0161im odborn\u00fdm znalostem p\u0159i zvy\u0161ov\u00e1n\u00ed produktivity.<\/p>","protected":false},"featured_media":1807,"comment_status":"open","ping_status":"closed","template":"","meta":[],"product_cat":[38],"product_tag":[],"yoast_head":"<!-- This site is optimized with the Yoast SEO plugin v22.2 - https:\/\/yoast.com\/wordpress\/plugins\/seo\/ -->\n<title>Hopper Elevator Conveyor Automation - SWOER<\/title>\n<meta name=\"robots\" content=\"index, follow, max-snippet:-1, max-image-preview:large, max-video-preview:-1\" \/>\n<link rel=\"canonical\" href=\"https:\/\/swoer.com\/cs\/manufacturer\/hopper-elevator-conveyor-automation\/\" \/>\n<meta property=\"og:locale\" content=\"cs_CZ\" \/>\n<meta property=\"og:type\" content=\"article\" \/>\n<meta property=\"og:title\" content=\"Hopper Elevator Conveyor Automation - SWOER\" \/>\n<meta property=\"og:description\" content=\"Optimize production with our Hopper Elevator Conveyor Automation. Efficient material handling, and seamless workflow. Trust our expertise to boost productivity.\" \/>\n<meta property=\"og:url\" content=\"https:\/\/swoer.com\/cs\/manufacturer\/hopper-elevator-conveyor-automation\/\" \/>\n<meta property=\"og:site_name\" content=\"SWOER\" \/>\n<meta property=\"article:modified_time\" content=\"2024-04-02T02:06:28+00:00\" \/>\n<meta property=\"og:image\" content=\"https:\/\/swoer.com\/wp-content\/uploads\/2024\/04\/Hopper-Elevator-Conveyor-Automation.webp\" \/>\n\t<meta property=\"og:image:width\" content=\"1000\" \/>\n\t<meta property=\"og:image:height\" content=\"1000\" \/>\n\t<meta property=\"og:image:type\" content=\"image\/webp\" \/>\n<meta name=\"twitter:card\" content=\"summary_large_image\" \/>\n<meta name=\"twitter:label1\" content=\"Odhadovan\u00e1 doba \u010dten\u00ed\" \/>\n\t<meta name=\"twitter:data1\" content=\"1 minuta\" \/>\n<script type=\"application\/ld+json\" class=\"yoast-schema-graph\">{\"@context\":\"https:\/\/schema.org\",\"@graph\":[{\"@type\":\"WebPage\",\"@id\":\"https:\/\/swoer.com\/manufacturer\/hopper-elevator-conveyor-automation\/\",\"url\":\"https:\/\/swoer.com\/manufacturer\/hopper-elevator-conveyor-automation\/\",\"name\":\"Hopper Elevator Conveyor Automation - SWOER\",\"isPartOf\":{\"@id\":\"https:\/\/swoer.com\/#website\"},\"primaryImageOfPage\":{\"@id\":\"https:\/\/swoer.com\/manufacturer\/hopper-elevator-conveyor-automation\/#primaryimage\"},\"image\":{\"@id\":\"https:\/\/swoer.com\/manufacturer\/hopper-elevator-conveyor-automation\/#primaryimage\"},\"thumbnailUrl\":\"https:\/\/swoer.com\/wp-content\/uploads\/2024\/04\/Hopper-Elevator-Conveyor-Automation.webp\",\"datePublished\":\"2024-04-02T01:56:57+00:00\",\"dateModified\":\"2024-04-02T02:06:28+00:00\",\"breadcrumb\":{\"@id\":\"https:\/\/swoer.com\/manufacturer\/hopper-elevator-conveyor-automation\/#breadcrumb\"},\"inLanguage\":\"cs\",\"potentialAction\":[{\"@type\":\"ReadAction\",\"target\":[\"https:\/\/swoer.com\/manufacturer\/hopper-elevator-conveyor-automation\/\"]}]},{\"@type\":\"ImageObject\",\"inLanguage\":\"cs\",\"@id\":\"https:\/\/swoer.com\/manufacturer\/hopper-elevator-conveyor-automation\/#primaryimage\",\"url\":\"https:\/\/swoer.com\/wp-content\/uploads\/2024\/04\/Hopper-Elevator-Conveyor-Automation.webp\",\"contentUrl\":\"https:\/\/swoer.com\/wp-content\/uploads\/2024\/04\/Hopper-Elevator-Conveyor-Automation.webp\",\"width\":1000,\"height\":1000,\"caption\":\"Hopper Elevator Conveyor Automation\"},{\"@type\":\"BreadcrumbList\",\"@id\":\"https:\/\/swoer.com\/manufacturer\/hopper-elevator-conveyor-automation\/#breadcrumb\",\"itemListElement\":[{\"@type\":\"ListItem\",\"position\":1,\"name\":\"Home\",\"item\":\"https:\/\/swoer.com\/\"},{\"@type\":\"ListItem\",\"position\":2,\"name\":\"Shop\",\"item\":\"https:\/\/swoer.com\/shop\/\"},{\"@type\":\"ListItem\",\"position\":3,\"name\":\"Hopper Elevator Conveyor Automation\"}]},{\"@type\":\"WebSite\",\"@id\":\"https:\/\/swoer.com\/#website\",\"url\":\"https:\/\/swoer.com\/\",\"name\":\"SWOER\",\"description\":\"Swoer is the top 3 vibratory bowl feeder manufacturer in China\",\"potentialAction\":[{\"@type\":\"SearchAction\",\"target\":{\"@type\":\"EntryPoint\",\"urlTemplate\":\"https:\/\/swoer.com\/?s={search_term_string}\"},\"query-input\":\"required name=search_term_string\"}],\"inLanguage\":\"cs\"}]}<\/script>\n<!-- \/ Yoast SEO plugin. -->","yoast_head_json":{"title":"Hopper Elevator Conveyor Automation - SWOER","robots":{"index":"index","follow":"follow","max-snippet":"max-snippet:-1","max-image-preview":"max-image-preview:large","max-video-preview":"max-video-preview:-1"},"canonical":"https:\/\/swoer.com\/cs\/manufacturer\/hopper-elevator-conveyor-automation\/","og_locale":"cs_CZ","og_type":"article","og_title":"Hopper Elevator Conveyor Automation - SWOER","og_description":"Optimize production with our Hopper Elevator Conveyor Automation. Efficient material handling, and seamless workflow. Trust our expertise to boost productivity.","og_url":"https:\/\/swoer.com\/cs\/manufacturer\/hopper-elevator-conveyor-automation\/","og_site_name":"SWOER","article_modified_time":"2024-04-02T02:06:28+00:00","og_image":[{"width":1000,"height":1000,"url":"https:\/\/swoer.com\/wp-content\/uploads\/2024\/04\/Hopper-Elevator-Conveyor-Automation.webp","type":"image\/webp"}],"twitter_card":"summary_large_image","twitter_misc":{"Odhadovan\u00e1 doba \u010dten\u00ed":"1 minuta"},"schema":{"@context":"https:\/\/schema.org","@graph":[{"@type":"WebPage","@id":"https:\/\/swoer.com\/manufacturer\/hopper-elevator-conveyor-automation\/","url":"https:\/\/swoer.com\/manufacturer\/hopper-elevator-conveyor-automation\/","name":"Hopper Elevator Conveyor Automation - SWOER","isPartOf":{"@id":"https:\/\/swoer.com\/#website"},"primaryImageOfPage":{"@id":"https:\/\/swoer.com\/manufacturer\/hopper-elevator-conveyor-automation\/#primaryimage"},"image":{"@id":"https:\/\/swoer.com\/manufacturer\/hopper-elevator-conveyor-automation\/#primaryimage"},"thumbnailUrl":"https:\/\/swoer.com\/wp-content\/uploads\/2024\/04\/Hopper-Elevator-Conveyor-Automation.webp","datePublished":"2024-04-02T01:56:57+00:00","dateModified":"2024-04-02T02:06:28+00:00","breadcrumb":{"@id":"https:\/\/swoer.com\/manufacturer\/hopper-elevator-conveyor-automation\/#breadcrumb"},"inLanguage":"cs","potentialAction":[{"@type":"ReadAction","target":["https:\/\/swoer.com\/manufacturer\/hopper-elevator-conveyor-automation\/"]}]},{"@type":"ImageObject","inLanguage":"cs","@id":"https:\/\/swoer.com\/manufacturer\/hopper-elevator-conveyor-automation\/#primaryimage","url":"https:\/\/swoer.com\/wp-content\/uploads\/2024\/04\/Hopper-Elevator-Conveyor-Automation.webp","contentUrl":"https:\/\/swoer.com\/wp-content\/uploads\/2024\/04\/Hopper-Elevator-Conveyor-Automation.webp","width":1000,"height":1000,"caption":"Hopper Elevator Conveyor Automation"},{"@type":"BreadcrumbList","@id":"https:\/\/swoer.com\/manufacturer\/hopper-elevator-conveyor-automation\/#breadcrumb","itemListElement":[{"@type":"ListItem","position":1,"name":"Home","item":"https:\/\/swoer.com\/"},{"@type":"ListItem","position":2,"name":"Shop","item":"https:\/\/swoer.com\/shop\/"},{"@type":"ListItem","position":3,"name":"Hopper Elevator Conveyor Automation"}]},{"@type":"WebSite","@id":"https:\/\/swoer.com\/#website","url":"https:\/\/swoer.com\/","name":"SWOER","description":"Swoer is the top 3 vibratory bowl feeder manufacturer in China","potentialAction":[{"@type":"SearchAction","target":{"@type":"EntryPoint","urlTemplate":"https:\/\/swoer.com\/?s={search_term_string}"},"query-input":"required name=search_term_string"}],"inLanguage":"cs"}]}},"_links":{"self":[{"href":"https:\/\/swoer.com\/cs\/wp-json\/wp\/v2\/product\/1806"}],"collection":[{"href":"https:\/\/swoer.com\/cs\/wp-json\/wp\/v2\/product"}],"about":[{"href":"https:\/\/swoer.com\/cs\/wp-json\/wp\/v2\/types\/product"}],"replies":[{"embeddable":true,"href":"https:\/\/swoer.com\/cs\/wp-json\/wp\/v2\/comments?post=1806"}],"wp:featuredmedia":[{"embeddable":true,"href":"https:\/\/swoer.com\/cs\/wp-json\/wp\/v2\/media\/1807"}],"wp:attachment":[{"href":"https:\/\/swoer.com\/cs\/wp-json\/wp\/v2\/media?parent=1806"}],"wp:term":[{"taxonomy":"product_cat","embeddable":true,"href":"https:\/\/swoer.com\/cs\/wp-json\/wp\/v2\/product_cat?post=1806"},{"taxonomy":"product_tag","embeddable":true,"href":"https:\/\/swoer.com\/cs\/wp-json\/wp\/v2\/product_tag?post=1806"}],"curies":[{"name":"wp","href":"https:\/\/api.w.org\/{rel}","templated":true}]}}