{"id":1793,"date":"2024-04-01T03:57:20","date_gmt":"2024-04-01T03:57:20","guid":{"rendered":"https:\/\/lightgrey-porpoise-816575.hostingersite.com\/?post_type=product&#038;p=1793"},"modified":"2024-06-13T00:44:49","modified_gmt":"2024-06-13T00:44:49","slug":"white-caps-centrifugal-feeder","status":"publish","type":"product","link":"https:\/\/swoer.com\/cs\/manufacturer\/white-caps-centrifugal-feeder\/","title":{"rendered":"Odst\u0159ediv\u00fd podava\u010d s b\u00edl\u00fdmi uz\u00e1v\u011bry | Odst\u0159ediv\u00fd podava\u010d uz\u00e1v\u011br\u016f"},"content":{"rendered":"<p>Pozvedn\u011bte sv\u00e9 pr\u016fmyslov\u00e9 operace pomoc\u00ed na\u0161ich \u0161pi\u010dkov\u00fdch odst\u0159ediv\u00fdch podava\u010d\u016f uz\u00e1v\u011br\u016f, kter\u00e9 jsou navr\u017eeny tak, aby zjednodu\u0161ily manipulaci s materi\u00e1lem a zajistily konzistentn\u00ed kvalitu produkt\u016f. Na\u0161e inovativn\u00ed podava\u010de vyu\u017e\u00edvaj\u00ed odst\u0159edivou s\u00edlu k p\u0159esn\u00e9 distribuci a rozpt\u00fdlen\u00ed sypk\u00fdch materi\u00e1l\u016f, maximalizuj\u00ed \u00fa\u010dinnost a minimalizuj\u00ed odpad. A\u0165 u\u017e m\u00e1te co do \u010din\u011bn\u00ed s pr\u00e1\u0161ky, granulemi nebo mal\u00fdmi pevn\u00fdmi l\u00e1tkami, na\u0161e odst\u0159ediv\u00e9 podava\u010de uz\u00e1v\u011br\u016f nab\u00edzej\u00ed bezkonkuren\u010dn\u00ed v\u00fdkon a spolehlivost.<\/p>\n<h2>Popis:<\/h2>\n<table style=\"border-collapse: collapse; width: 488.27pt;\" border=\"0\" width=\"651\" cellspacing=\"0\" cellpadding=\"0\">\n<tbody>\n<tr style=\"height: 30.00pt;\">\n<td class=\"et3\" style=\"height: 30.00pt; width: 210.75pt;\" width=\"281\" height=\"40\">n\u00e1zev<\/td>\n<td class=\"et3\" style=\"width: 277.50pt;\" width=\"370\">Odst\u0159ediv\u00fd podava\u010d s b\u00edl\u00fdmi uz\u00e1v\u011bry<\/td>\n<\/tr>\n<tr style=\"height: 29.00pt;\">\n<td class=\"et3\" style=\"height: 29.00pt;\" height=\"38\">Zna\u010dka<\/td>\n<td class=\"et3\">SLOER<\/td>\n<\/tr>\n<tr style=\"height: 25.00pt;\">\n<td class=\"et3\" style=\"height: 25.00pt;\" height=\"33\">Materi\u00e1l<\/td>\n<td class=\"et3\">SUS304, Plast<\/td>\n<\/tr>\n<tr style=\"height: 30.00pt;\">\n<td class=\"et3\" style=\"height: 30.00pt;\" height=\"40\">Velikost<\/td>\n<td class=\"et3\">Zvyk<\/td>\n<\/tr>\n<tr style=\"height: 30.00pt;\">\n<td class=\"et3\" style=\"height: 30.00pt;\" height=\"40\">Funkce<\/td>\n<td class=\"et3\">P\u0159epravn\u00ed materi\u00e1l<\/td>\n<\/tr>\n<tr style=\"height: 30.00pt;\">\n<td class=\"et3\" style=\"height: 30.00pt;\" height=\"40\">Pou\u017e\u00edv\u00e1n\u00ed<\/td>\n<td class=\"et3\">T\u0159\u00eddit, po\u010d\u00edtat<\/td>\n<\/tr>\n<tr style=\"height: 28.00pt;\">\n<td class=\"et3\" style=\"height: 28.00pt;\" height=\"37\">V\u00fdhoda<\/td>\n<td class=\"et3\">U\u0161et\u0159ete lidsk\u00e9 zdroje<\/td>\n<\/tr>\n<tr style=\"height: 32.00pt;\">\n<td class=\"et3\" style=\"height: 32.00pt;\" height=\"42\">Typ stroje<\/td>\n<td class=\"et3\">Kompletn\u00ed set<\/td>\n<\/tr>\n<tr style=\"height: 29.00pt;\">\n<td class=\"et3\" style=\"height: 29.00pt;\" height=\"38\">Polo\u017eka<\/td>\n<td class=\"et3\">Automatick\u00e9 za\u0159\u00edzen\u00ed<\/td>\n<\/tr>\n<tr style=\"height: 33.00pt;\">\n<td class=\"et3\" style=\"height: 33.00pt;\" height=\"44\">Pou\u017eiteln\u00e1 odv\u011btv\u00ed<\/td>\n<td class=\"et3\">V\u00fdrobn\u00ed z\u00e1vod, farmy, pr\u016fmysl<\/td>\n<\/tr>\n<tr style=\"height: 31.00pt;\">\n<td class=\"et3\" style=\"height: 31.00pt;\" height=\"41\">Poskytov\u00e1n poprodejn\u00ed servis<\/td>\n<td class=\"et3\">Video technick\u00e1 podpora, online podpora<\/td>\n<\/tr>\n<\/tbody>\n<\/table>\n\t<div id=\"gap-1993347771\" class=\"gap-element clearfix\" style=\"display:block; height:auto;\">\n\t\t\n<style>\n#gap-1993347771 {\n  padding-top: 30px;\n}\n<\/style>\n\t<\/div>\n\t\n<h2>Kl\u00ed\u010dov\u00e9 vlastnosti:<\/h2>\n<ul>\n<li>P\u0159esn\u00e9 a rovnom\u011brn\u00e9 pod\u00e1v\u00e1n\u00ed: Na\u0161e odst\u0159ediv\u00e9 podava\u010de uz\u00e1v\u011br\u016f zaji\u0161\u0165uj\u00ed konzistentn\u00ed a stejnom\u011brn\u00fd tok materi\u00e1lu, \u010d\u00edm\u017e zabra\u0148uj\u00ed ucp\u00e1n\u00ed a nekonzistenci produktu.<\/li>\n<li>Zv\u00fd\u0161en\u00e1 efektivita: Sni\u017ete pl\u00fdtv\u00e1n\u00ed materi\u00e1lem a prostoje d\u00edky schopnosti na\u0161ich podava\u010d\u016f p\u0159esn\u011b \u0159\u00eddit distribuci materi\u00e1lu.<\/li>\n<li>\u0160etrn\u00e1 manipulace s produkty: Zachovejte integritu sv\u00fdch jemn\u00fdch produkt\u016f pomoc\u00ed mechanism\u016f \u0161etrn\u00e9 manipulace s na\u0161imi podava\u010di.<\/li>\n<li>V\u0161estrann\u00e9 aplikace: Na\u0161e odst\u0159ediv\u00e9 podava\u010de uz\u00e1v\u011br\u016f jsou vhodn\u00e9 pro \u0161irokou \u0161k\u00e1lu pr\u016fmyslov\u00fdch odv\u011btv\u00ed, v\u010detn\u011b zpracov\u00e1n\u00ed potravin, farmacie, chemik\u00e1li\u00ed a dal\u0161\u00edch.<\/li>\n<\/ul>\n<h2><\/h2>\n<h2>V\u00fdhody:<\/h2>\n<ul>\n<li>Vylep\u0161en\u00e1 produktivita: Zvy\u0161te svou produkci d\u00edky schopnosti na\u0161ich podava\u010d\u016f udr\u017eovat konzistentn\u00ed tok materi\u00e1lu.<\/li>\n<li>Sn\u00ed\u017een\u00ed pl\u00fdtv\u00e1n\u00ed materi\u00e1lem: Minimalizujte ztr\u00e1ty materi\u00e1lu a u\u0161et\u0159ete pen\u00edze d\u00edky p\u0159esn\u00fdm distribu\u010dn\u00edm schopnostem na\u0161ich podava\u010d\u016f.<\/li>\n<li>Vylep\u0161en\u00e1 kvalita produktu: Zajist\u011bte konzistentn\u00ed kvalitu produktu d\u00edky schopnosti na\u0161ich podava\u010d\u016f manipulovat s materi\u00e1ly \u0161etrn\u011b.<\/li>\n<li>Zjednodu\u0161en\u00e9 operace: Zjednodu\u0161te sv\u00e9 procesy manipulace s materi\u00e1lem d\u00edky u\u017eivatelsky p\u0159\u00edv\u011btiv\u00e9mu designu a spolehliv\u00e9mu v\u00fdkonu na\u0161ich podava\u010d\u016f.<\/li>\n<li>Investujte do odst\u0159ediv\u00fdch podava\u010d\u016f s uz\u00e1v\u011brem pro vynikaj\u00edc\u00ed manipulaci s materi\u00e1lem<\/li>\n<\/ul>\n<p>Na\u0161e odst\u0159ediv\u00e9 podava\u010de uz\u00e1v\u011br\u016f p\u0159edstavuj\u00ed vyvrcholen\u00ed nejmodern\u011bj\u0161\u00ed technologie a in\u017een\u00fdrsk\u00e9 odbornosti a poskytuj\u00ed v\u00fdjime\u010dn\u00fd v\u00fdkon a hodnotu. Kontaktujte n\u00e1s je\u0161t\u011b dnes, abyste se dozv\u011bd\u011bli v\u00edce o tom, jak mohou na\u0161e odst\u0159ediv\u00e9 podava\u010de uz\u00e1v\u011br\u016f zp\u016fsobit revoluci ve va\u0161ich pr\u016fmyslov\u00fdch procesech.<\/p>","protected":false},"excerpt":{"rendered":"<p>N\u00e1\u0161 odst\u0159ediv\u00fd podava\u010d s b\u00edl\u00fdmi uz\u00e1v\u011bry nab\u00edz\u00ed profesion\u00e1ln\u00ed a spolehliv\u00e1 \u0159e\u0161en\u00ed. P\u0159izp\u016fsoben\u00e9 rychlosti, aby odpov\u00eddaly specifikac\u00edm klienta, s podrobn\u00fdm 3D CAD modelem pro bezprobl\u00e9movou integraci. D\u016fv\u011b\u0159ujte na\u0161im odborn\u00fdm znalostem pro spolehliv\u00fd v\u00fdkon.<\/p>","protected":false},"featured_media":1794,"comment_status":"open","ping_status":"closed","template":"","meta":[],"product_cat":[36],"product_tag":[],"yoast_head":"<!-- This site is optimized with the Yoast SEO plugin v22.2 - https:\/\/yoast.com\/wordpress\/plugins\/seo\/ -->\n<title>White Caps Centrifugal Feeder | Centrifugal Cap Feeder<\/title>\n<meta name=\"description\" content=\"Discover high-efficiency centrifugal cap feeders designed for precision and speed in automated production lines. Enhance your manufacturing process with reliable and customizable cap feeding solutions.\" \/>\n<meta name=\"robots\" content=\"index, follow, max-snippet:-1, max-image-preview:large, max-video-preview:-1\" \/>\n<link rel=\"canonical\" href=\"https:\/\/swoer.com\/cs\/manufacturer\/white-caps-centrifugal-feeder\/\" \/>\n<meta property=\"og:locale\" content=\"cs_CZ\" \/>\n<meta property=\"og:type\" content=\"article\" \/>\n<meta property=\"og:title\" content=\"White Caps Centrifugal Feeder | Centrifugal Cap Feeder\" \/>\n<meta property=\"og:description\" content=\"Discover high-efficiency centrifugal cap feeders designed for precision and speed in automated production lines. Enhance your manufacturing process with reliable and customizable cap feeding solutions.\" \/>\n<meta property=\"og:url\" content=\"https:\/\/swoer.com\/cs\/manufacturer\/white-caps-centrifugal-feeder\/\" \/>\n<meta property=\"og:site_name\" content=\"SWOER\" \/>\n<meta property=\"article:modified_time\" content=\"2024-06-13T00:44:49+00:00\" \/>\n<meta property=\"og:image\" content=\"https:\/\/swoer.com\/wp-content\/uploads\/2024\/04\/white-caps-centrifugal-feeder.webp\" \/>\n\t<meta property=\"og:image:width\" content=\"1000\" \/>\n\t<meta property=\"og:image:height\" content=\"1000\" \/>\n\t<meta property=\"og:image:type\" content=\"image\/webp\" \/>\n<meta name=\"twitter:card\" content=\"summary_large_image\" \/>\n<meta name=\"twitter:label1\" content=\"Odhadovan\u00e1 doba \u010dten\u00ed\" \/>\n\t<meta name=\"twitter:data1\" content=\"2 minuty\" \/>\n<script type=\"application\/ld+json\" class=\"yoast-schema-graph\">{\"@context\":\"https:\/\/schema.org\",\"@graph\":[{\"@type\":\"WebPage\",\"@id\":\"https:\/\/swoer.com\/manufacturer\/white-caps-centrifugal-feeder\/\",\"url\":\"https:\/\/swoer.com\/manufacturer\/white-caps-centrifugal-feeder\/\",\"name\":\"White Caps Centrifugal Feeder | Centrifugal Cap Feeder\",\"isPartOf\":{\"@id\":\"https:\/\/swoer.com\/#website\"},\"primaryImageOfPage\":{\"@id\":\"https:\/\/swoer.com\/manufacturer\/white-caps-centrifugal-feeder\/#primaryimage\"},\"image\":{\"@id\":\"https:\/\/swoer.com\/manufacturer\/white-caps-centrifugal-feeder\/#primaryimage\"},\"thumbnailUrl\":\"https:\/\/swoer.com\/wp-content\/uploads\/2024\/04\/white-caps-centrifugal-feeder.webp\",\"datePublished\":\"2024-04-01T03:57:20+00:00\",\"dateModified\":\"2024-06-13T00:44:49+00:00\",\"description\":\"Discover high-efficiency centrifugal cap feeders designed for precision and speed in automated production lines. Enhance your manufacturing process with reliable and customizable cap feeding solutions.\",\"breadcrumb\":{\"@id\":\"https:\/\/swoer.com\/manufacturer\/white-caps-centrifugal-feeder\/#breadcrumb\"},\"inLanguage\":\"cs\",\"potentialAction\":[{\"@type\":\"ReadAction\",\"target\":[\"https:\/\/swoer.com\/manufacturer\/white-caps-centrifugal-feeder\/\"]}]},{\"@type\":\"ImageObject\",\"inLanguage\":\"cs\",\"@id\":\"https:\/\/swoer.com\/manufacturer\/white-caps-centrifugal-feeder\/#primaryimage\",\"url\":\"https:\/\/swoer.com\/wp-content\/uploads\/2024\/04\/white-caps-centrifugal-feeder.webp\",\"contentUrl\":\"https:\/\/swoer.com\/wp-content\/uploads\/2024\/04\/white-caps-centrifugal-feeder.webp\",\"width\":1000,\"height\":1000,\"caption\":\"white caps centrifugal feeder\"},{\"@type\":\"BreadcrumbList\",\"@id\":\"https:\/\/swoer.com\/manufacturer\/white-caps-centrifugal-feeder\/#breadcrumb\",\"itemListElement\":[{\"@type\":\"ListItem\",\"position\":1,\"name\":\"Home\",\"item\":\"https:\/\/swoer.com\/\"},{\"@type\":\"ListItem\",\"position\":2,\"name\":\"Shop\",\"item\":\"https:\/\/swoer.com\/shop\/\"},{\"@type\":\"ListItem\",\"position\":3,\"name\":\"White Caps Centrifugal Feeder | Centrifugal Cap Feeder\"}]},{\"@type\":\"WebSite\",\"@id\":\"https:\/\/swoer.com\/#website\",\"url\":\"https:\/\/swoer.com\/\",\"name\":\"SWOER\",\"description\":\"Swoer is the top 3 vibratory bowl feeder manufacturer in China\",\"potentialAction\":[{\"@type\":\"SearchAction\",\"target\":{\"@type\":\"EntryPoint\",\"urlTemplate\":\"https:\/\/swoer.com\/?s={search_term_string}\"},\"query-input\":\"required name=search_term_string\"}],\"inLanguage\":\"cs\"}]}<\/script>\n<!-- \/ Yoast SEO plugin. -->","yoast_head_json":{"title":"White Caps Centrifugal Feeder | Centrifugal Cap Feeder","description":"Discover high-efficiency centrifugal cap feeders designed for precision and speed in automated production lines. Enhance your manufacturing process with reliable and customizable cap feeding solutions.","robots":{"index":"index","follow":"follow","max-snippet":"max-snippet:-1","max-image-preview":"max-image-preview:large","max-video-preview":"max-video-preview:-1"},"canonical":"https:\/\/swoer.com\/cs\/manufacturer\/white-caps-centrifugal-feeder\/","og_locale":"cs_CZ","og_type":"article","og_title":"White Caps Centrifugal Feeder | Centrifugal Cap Feeder","og_description":"Discover high-efficiency centrifugal cap feeders designed for precision and speed in automated production lines. Enhance your manufacturing process with reliable and customizable cap feeding solutions.","og_url":"https:\/\/swoer.com\/cs\/manufacturer\/white-caps-centrifugal-feeder\/","og_site_name":"SWOER","article_modified_time":"2024-06-13T00:44:49+00:00","og_image":[{"width":1000,"height":1000,"url":"https:\/\/swoer.com\/wp-content\/uploads\/2024\/04\/white-caps-centrifugal-feeder.webp","type":"image\/webp"}],"twitter_card":"summary_large_image","twitter_misc":{"Odhadovan\u00e1 doba \u010dten\u00ed":"2 minuty"},"schema":{"@context":"https:\/\/schema.org","@graph":[{"@type":"WebPage","@id":"https:\/\/swoer.com\/manufacturer\/white-caps-centrifugal-feeder\/","url":"https:\/\/swoer.com\/manufacturer\/white-caps-centrifugal-feeder\/","name":"White Caps Centrifugal Feeder | Centrifugal Cap Feeder","isPartOf":{"@id":"https:\/\/swoer.com\/#website"},"primaryImageOfPage":{"@id":"https:\/\/swoer.com\/manufacturer\/white-caps-centrifugal-feeder\/#primaryimage"},"image":{"@id":"https:\/\/swoer.com\/manufacturer\/white-caps-centrifugal-feeder\/#primaryimage"},"thumbnailUrl":"https:\/\/swoer.com\/wp-content\/uploads\/2024\/04\/white-caps-centrifugal-feeder.webp","datePublished":"2024-04-01T03:57:20+00:00","dateModified":"2024-06-13T00:44:49+00:00","description":"Discover high-efficiency centrifugal cap feeders designed for precision and speed in automated production lines. Enhance your manufacturing process with reliable and customizable cap feeding solutions.","breadcrumb":{"@id":"https:\/\/swoer.com\/manufacturer\/white-caps-centrifugal-feeder\/#breadcrumb"},"inLanguage":"cs","potentialAction":[{"@type":"ReadAction","target":["https:\/\/swoer.com\/manufacturer\/white-caps-centrifugal-feeder\/"]}]},{"@type":"ImageObject","inLanguage":"cs","@id":"https:\/\/swoer.com\/manufacturer\/white-caps-centrifugal-feeder\/#primaryimage","url":"https:\/\/swoer.com\/wp-content\/uploads\/2024\/04\/white-caps-centrifugal-feeder.webp","contentUrl":"https:\/\/swoer.com\/wp-content\/uploads\/2024\/04\/white-caps-centrifugal-feeder.webp","width":1000,"height":1000,"caption":"white caps centrifugal feeder"},{"@type":"BreadcrumbList","@id":"https:\/\/swoer.com\/manufacturer\/white-caps-centrifugal-feeder\/#breadcrumb","itemListElement":[{"@type":"ListItem","position":1,"name":"Home","item":"https:\/\/swoer.com\/"},{"@type":"ListItem","position":2,"name":"Shop","item":"https:\/\/swoer.com\/shop\/"},{"@type":"ListItem","position":3,"name":"White Caps Centrifugal Feeder | Centrifugal Cap Feeder"}]},{"@type":"WebSite","@id":"https:\/\/swoer.com\/#website","url":"https:\/\/swoer.com\/","name":"SWOER","description":"Swoer is the top 3 vibratory bowl feeder manufacturer in China","potentialAction":[{"@type":"SearchAction","target":{"@type":"EntryPoint","urlTemplate":"https:\/\/swoer.com\/?s={search_term_string}"},"query-input":"required name=search_term_string"}],"inLanguage":"cs"}]}},"_links":{"self":[{"href":"https:\/\/swoer.com\/cs\/wp-json\/wp\/v2\/product\/1793"}],"collection":[{"href":"https:\/\/swoer.com\/cs\/wp-json\/wp\/v2\/product"}],"about":[{"href":"https:\/\/swoer.com\/cs\/wp-json\/wp\/v2\/types\/product"}],"replies":[{"embeddable":true,"href":"https:\/\/swoer.com\/cs\/wp-json\/wp\/v2\/comments?post=1793"}],"wp:featuredmedia":[{"embeddable":true,"href":"https:\/\/swoer.com\/cs\/wp-json\/wp\/v2\/media\/1794"}],"wp:attachment":[{"href":"https:\/\/swoer.com\/cs\/wp-json\/wp\/v2\/media?parent=1793"}],"wp:term":[{"taxonomy":"product_cat","embeddable":true,"href":"https:\/\/swoer.com\/cs\/wp-json\/wp\/v2\/product_cat?post=1793"},{"taxonomy":"product_tag","embeddable":true,"href":"https:\/\/swoer.com\/cs\/wp-json\/wp\/v2\/product_tag?post=1793"}],"curies":[{"name":"wp","href":"https:\/\/api.w.org\/{rel}","templated":true}]}}