{"id":1790,"date":"2024-04-01T03:46:11","date_gmt":"2024-04-01T03:46:11","guid":{"rendered":"https:\/\/lightgrey-porpoise-816575.hostingersite.com\/?post_type=product&#038;p=1790"},"modified":"2024-06-13T00:52:50","modified_gmt":"2024-06-13T00:52:50","slug":"cap-centrifugal-feeder-price","status":"publish","type":"product","link":"https:\/\/swoer.com\/cs\/manufacturer\/cap-centrifugal-feeder-price\/","title":{"rendered":"Odst\u0159ediv\u00fd podava\u010d vodn\u00edho uz\u00e1v\u011bru | Cena odst\u0159ediv\u00e9ho podava\u010de uz\u00e1v\u011bru"},"content":{"rendered":"<p>Ud\u011blejte revoluci ve sv\u00e9m procesu uzav\u00edr\u00e1n\u00ed lahv\u00ed s vodou s na\u0161imi \u0161pi\u010dkov\u00fdmi odst\u0159ediv\u00fdmi podava\u010di uz\u00e1v\u011br\u016f na vodu. Na\u0161e inovativn\u00ed podava\u010de se hladce za\u010dlen\u00ed do va\u0161\u00ed v\u00fdrobn\u00ed linky a zajist\u00ed p\u0159esnou a efektivn\u00ed orientaci uz\u00e1v\u011bru a dod\u00e1vku. Vyzkou\u0161ejte v\u00fdhody zv\u00fd\u0161en\u00e9 produktivity, zkr\u00e1cen\u00ed prostoj\u016f a zlep\u0161en\u00e9 kvality produktu.<\/p>\n\t<div id=\"gap-1261240592\" class=\"gap-element clearfix\" style=\"display:block; height:auto;\">\n\t\t\n<style>\n#gap-1261240592 {\n  padding-top: 30px;\n}\n<\/style>\n\t<\/div>\n\t\n<h2>Popis:<\/h2>\n<table style=\"border-collapse: collapse; width: 488.27pt;\" border=\"0\" width=\"651\" cellspacing=\"0\" cellpadding=\"0\">\n<tbody>\n<tr style=\"height: 30.00pt;\">\n<td class=\"et3\" style=\"height: 30.00pt; width: 210.75pt;\" width=\"281\" height=\"40\">n\u00e1zev<\/td>\n<td class=\"et3\" style=\"width: 277.50pt;\" width=\"370\">Cena odst\u0159ediv\u00e9ho podava\u010de uz\u00e1v\u011bru<\/td>\n<\/tr>\n<tr style=\"height: 29.00pt;\">\n<td class=\"et3\" style=\"height: 29.00pt;\" height=\"38\">Zna\u010dka<\/td>\n<td class=\"et3\">SLOER<\/td>\n<\/tr>\n<tr style=\"height: 25.00pt;\">\n<td class=\"et3\" style=\"height: 25.00pt;\" height=\"33\">Materi\u00e1l<\/td>\n<td class=\"et3\">SUS304, Plast<\/td>\n<\/tr>\n<tr style=\"height: 30.00pt;\">\n<td class=\"et3\" style=\"height: 30.00pt;\" height=\"40\">Velikost<\/td>\n<td class=\"et3\">Zvyk<\/td>\n<\/tr>\n<tr style=\"height: 30.00pt;\">\n<td class=\"et3\" style=\"height: 30.00pt;\" height=\"40\">Funkce<\/td>\n<td class=\"et3\">P\u0159epravn\u00ed materi\u00e1l<\/td>\n<\/tr>\n<tr style=\"height: 30.00pt;\">\n<td class=\"et3\" style=\"height: 30.00pt;\" height=\"40\">Pou\u017e\u00edv\u00e1n\u00ed<\/td>\n<td class=\"et3\">T\u0159\u00eddit, po\u010d\u00edtat<\/td>\n<\/tr>\n<tr style=\"height: 28.00pt;\">\n<td class=\"et3\" style=\"height: 28.00pt;\" height=\"37\">V\u00fdhoda<\/td>\n<td class=\"et3\">U\u0161et\u0159ete lidsk\u00e9 zdroje<\/td>\n<\/tr>\n<tr style=\"height: 32.00pt;\">\n<td class=\"et3\" style=\"height: 32.00pt;\" height=\"42\">Typ stroje<\/td>\n<td class=\"et3\">Kompletn\u00ed set<\/td>\n<\/tr>\n<tr style=\"height: 29.00pt;\">\n<td class=\"et3\" style=\"height: 29.00pt;\" height=\"38\">Polo\u017eka<\/td>\n<td class=\"et3\">Automatick\u00e9 za\u0159\u00edzen\u00ed<\/td>\n<\/tr>\n<tr style=\"height: 33.00pt;\">\n<td class=\"et3\" style=\"height: 33.00pt;\" height=\"44\">Pou\u017eiteln\u00e1 odv\u011btv\u00ed<\/td>\n<td class=\"et3\">V\u00fdrobn\u00ed z\u00e1vod, farmy, pr\u016fmysl<\/td>\n<\/tr>\n<tr style=\"height: 31.00pt;\">\n<td class=\"et3\" style=\"height: 31.00pt;\" height=\"41\">Poskytov\u00e1n poprodejn\u00ed servis<\/td>\n<td class=\"et3\">Video technick\u00e1 podpora, online podpora<\/td>\n<\/tr>\n<\/tbody>\n<\/table>\n\t<div id=\"gap-922909849\" class=\"gap-element clearfix\" style=\"display:block; height:auto;\">\n\t\t\n<style>\n#gap-922909849 {\n  padding-top: 30px;\n}\n<\/style>\n\t<\/div>\n\t\n<h2>Kl\u00ed\u010dov\u00e9 vlastnosti:<\/h2>\n<ul>\n<li><strong>P\u0159esn\u00e1 orientace \u010depice:<\/strong> Odstra\u0148te nespr\u00e1vn\u011b zarovnan\u00e9 uz\u00e1v\u011bry d\u00edky schopnosti p\u0159esn\u00e9 orientace na\u0161ich podava\u010d\u016f.<\/li>\n<li><strong>Vysokorychlostn\u00ed krmen\u00ed:<\/strong> Dos\u00e1hn\u011bte maxim\u00e1ln\u00edho produk\u010dn\u00edho v\u00fdkonu s rychl\u00fdmi dod\u00e1vkami na\u0161ich podava\u010d\u016f.<\/li>\n<li><strong>Jemn\u00e1 manipulace s uz\u00e1v\u011brem:<\/strong> Zachovejte integritu sv\u00fdch uz\u00e1v\u011br\u016f pomoc\u00ed mechanism\u016f jemn\u00e9 manipulace na\u0161ich podava\u010d\u016f.<\/li>\n<li><strong>Snadn\u00e1 integrace:<\/strong> Bezprobl\u00e9mov\u011b integrujte na\u0161e podava\u010de do sv\u00fdch st\u00e1vaj\u00edc\u00edch uzav\u00edrac\u00edch syst\u00e9m\u016f.<\/li>\n<\/ul>\n<h2>\u00a0<\/h2>\n<h2>V\u00fdhody:<\/h2>\n<ol>\n<li><strong>Zv\u00fd\u0161en\u00e1 produktivita:<\/strong> Zvy\u0161te v\u00fdkon uz\u00e1v\u011bru l\u00e1hve s vodou d\u00edky efektivn\u00edmu v\u00fdkonu na\u0161ich podava\u010d\u016f.<\/li>\n<li><strong>Sn\u00ed\u017een\u00e1 doba odst\u00e1vky:<\/strong> Minimalizujte p\u0159eru\u0161en\u00ed v\u00fdroby zp\u016fsoben\u00e9 nespr\u00e1vn\u00fdm vyrovn\u00e1n\u00edm nebo po\u0161kozen\u00edm uz\u00e1v\u011bru.<\/li>\n<li><strong>Vylep\u0161en\u00e1 kvalita produktu:<\/strong> Zajist\u011bte, aby byly l\u00e1hve na vodu trvale ut\u011bsn\u011bn\u00e9 a odoln\u00e9 proti neopr\u00e1vn\u011bn\u00e9 manipulaci.<\/li>\n<li><strong>Zjednodu\u0161en\u00e9 operace:<\/strong> Zjednodu\u0161te si proces uzav\u00edr\u00e1n\u00ed pomoc\u00ed u\u017eivatelsky p\u0159\u00edv\u011btiv\u00e9ho designu na\u0161ich podava\u010d\u016f.<\/li>\n<\/ol>\n<p>\u00a0<\/p>\n<h3>Za\u017eijte nad\u0159azenost odst\u0159ediv\u00fdch podava\u010d\u016f s uz\u00e1v\u011brem vody<\/h3>\n<p>Na\u0161e odst\u0159ediv\u00e9 podava\u010de vodn\u00edho uz\u00e1v\u011bru jsou pe\u010dliv\u011b navr\u017eeny tak, aby poskytovaly v\u00fdjime\u010dn\u00fd v\u00fdkon a spolehlivost v n\u00e1ro\u010dn\u00fdch v\u00fdrobn\u00edch prost\u0159ed\u00edch. Kontaktujte n\u00e1s je\u0161t\u011b dnes a zjist\u011bte, jak mohou na\u0161e podava\u010de pozvednout va\u0161e operace uzav\u00edr\u00e1n\u00ed lahv\u00ed s vodou.<\/p>","protected":false},"excerpt":{"rendered":"<p>Objevte na\u0161e profesion\u00e1ln\u00ed a spolehliv\u00e1 \u0159e\u0161en\u00ed odst\u0159ediv\u00fdch podava\u010d\u016f s uz\u00e1v\u011brem \u2013 p\u0159izp\u016fsobiteln\u00e9 rychlosti p\u0159izp\u016fsoben\u00e9 va\u0161im pot\u0159eb\u00e1m, s podrobn\u00fdmi 3D CAD modely pro bezprobl\u00e9movou integraci. Z\u00edskejte optim\u00e1ln\u00ed \u00fa\u010dinnost za konkurenceschopnou cenu.<\/p>","protected":false},"featured_media":1791,"comment_status":"open","ping_status":"closed","template":"","meta":[],"product_cat":[36],"product_tag":[],"yoast_head":"<!-- This site is optimized with the Yoast SEO plugin v22.2 - https:\/\/yoast.com\/wordpress\/plugins\/seo\/ -->\n<title>Centrifugal Water Cap Feeder | Cap Centrifugal Feeder Price - SWOER<\/title>\n<meta name=\"description\" content=\"Optimize your bottling line with our centrifugal water cap feeder. Experience fast, precise, and reliable cap feeding for enhanced productivity and efficiency in your automated operations.\" \/>\n<meta name=\"robots\" content=\"index, follow, max-snippet:-1, max-image-preview:large, max-video-preview:-1\" \/>\n<link rel=\"canonical\" href=\"https:\/\/swoer.com\/cs\/manufacturer\/cap-centrifugal-feeder-price\/\" \/>\n<meta property=\"og:locale\" content=\"cs_CZ\" \/>\n<meta property=\"og:type\" content=\"article\" \/>\n<meta property=\"og:title\" content=\"Centrifugal Water Cap Feeder | Cap Centrifugal Feeder Price - SWOER\" \/>\n<meta property=\"og:description\" content=\"Optimize your bottling line with our centrifugal water cap feeder. Experience fast, precise, and reliable cap feeding for enhanced productivity and efficiency in your automated operations.\" \/>\n<meta property=\"og:url\" content=\"https:\/\/swoer.com\/cs\/manufacturer\/cap-centrifugal-feeder-price\/\" \/>\n<meta property=\"og:site_name\" content=\"SWOER\" \/>\n<meta property=\"article:modified_time\" content=\"2024-06-13T00:52:50+00:00\" \/>\n<meta property=\"og:image\" content=\"https:\/\/swoer.com\/wp-content\/uploads\/2024\/04\/cap-centrifugal-feeder-price.webp\" \/>\n\t<meta property=\"og:image:width\" content=\"1000\" \/>\n\t<meta property=\"og:image:height\" content=\"1000\" \/>\n\t<meta property=\"og:image:type\" content=\"image\/webp\" \/>\n<meta name=\"twitter:card\" content=\"summary_large_image\" \/>\n<meta name=\"twitter:label1\" content=\"Odhadovan\u00e1 doba \u010dten\u00ed\" \/>\n\t<meta name=\"twitter:data1\" content=\"1 minuta\" \/>\n<script type=\"application\/ld+json\" class=\"yoast-schema-graph\">{\"@context\":\"https:\/\/schema.org\",\"@graph\":[{\"@type\":\"WebPage\",\"@id\":\"https:\/\/swoer.com\/manufacturer\/cap-centrifugal-feeder-price\/\",\"url\":\"https:\/\/swoer.com\/manufacturer\/cap-centrifugal-feeder-price\/\",\"name\":\"Centrifugal Water Cap Feeder | Cap Centrifugal Feeder Price - SWOER\",\"isPartOf\":{\"@id\":\"https:\/\/swoer.com\/#website\"},\"primaryImageOfPage\":{\"@id\":\"https:\/\/swoer.com\/manufacturer\/cap-centrifugal-feeder-price\/#primaryimage\"},\"image\":{\"@id\":\"https:\/\/swoer.com\/manufacturer\/cap-centrifugal-feeder-price\/#primaryimage\"},\"thumbnailUrl\":\"https:\/\/swoer.com\/wp-content\/uploads\/2024\/04\/cap-centrifugal-feeder-price.webp\",\"datePublished\":\"2024-04-01T03:46:11+00:00\",\"dateModified\":\"2024-06-13T00:52:50+00:00\",\"description\":\"Optimize your bottling line with our centrifugal water cap feeder. Experience fast, precise, and reliable cap feeding for enhanced productivity and efficiency in your automated operations.\",\"breadcrumb\":{\"@id\":\"https:\/\/swoer.com\/manufacturer\/cap-centrifugal-feeder-price\/#breadcrumb\"},\"inLanguage\":\"cs\",\"potentialAction\":[{\"@type\":\"ReadAction\",\"target\":[\"https:\/\/swoer.com\/manufacturer\/cap-centrifugal-feeder-price\/\"]}]},{\"@type\":\"ImageObject\",\"inLanguage\":\"cs\",\"@id\":\"https:\/\/swoer.com\/manufacturer\/cap-centrifugal-feeder-price\/#primaryimage\",\"url\":\"https:\/\/swoer.com\/wp-content\/uploads\/2024\/04\/cap-centrifugal-feeder-price.webp\",\"contentUrl\":\"https:\/\/swoer.com\/wp-content\/uploads\/2024\/04\/cap-centrifugal-feeder-price.webp\",\"width\":1000,\"height\":1000,\"caption\":\"cap centrifugal feeder price\"},{\"@type\":\"BreadcrumbList\",\"@id\":\"https:\/\/swoer.com\/manufacturer\/cap-centrifugal-feeder-price\/#breadcrumb\",\"itemListElement\":[{\"@type\":\"ListItem\",\"position\":1,\"name\":\"Home\",\"item\":\"https:\/\/swoer.com\/\"},{\"@type\":\"ListItem\",\"position\":2,\"name\":\"Shop\",\"item\":\"https:\/\/swoer.com\/shop\/\"},{\"@type\":\"ListItem\",\"position\":3,\"name\":\"Centrifugal Water Cap Feeder | Cap Centrifugal Feeder Price\"}]},{\"@type\":\"WebSite\",\"@id\":\"https:\/\/swoer.com\/#website\",\"url\":\"https:\/\/swoer.com\/\",\"name\":\"SWOER\",\"description\":\"Swoer is the top 3 vibratory bowl feeder manufacturer in China\",\"potentialAction\":[{\"@type\":\"SearchAction\",\"target\":{\"@type\":\"EntryPoint\",\"urlTemplate\":\"https:\/\/swoer.com\/?s={search_term_string}\"},\"query-input\":\"required name=search_term_string\"}],\"inLanguage\":\"cs\"}]}<\/script>\n<!-- \/ Yoast SEO plugin. -->","yoast_head_json":{"title":"Centrifugal Water Cap Feeder | Cap Centrifugal Feeder Price - SWOER","description":"Optimize your bottling line with our centrifugal water cap feeder. Experience fast, precise, and reliable cap feeding for enhanced productivity and efficiency in your automated operations.","robots":{"index":"index","follow":"follow","max-snippet":"max-snippet:-1","max-image-preview":"max-image-preview:large","max-video-preview":"max-video-preview:-1"},"canonical":"https:\/\/swoer.com\/cs\/manufacturer\/cap-centrifugal-feeder-price\/","og_locale":"cs_CZ","og_type":"article","og_title":"Centrifugal Water Cap Feeder | Cap Centrifugal Feeder Price - SWOER","og_description":"Optimize your bottling line with our centrifugal water cap feeder. Experience fast, precise, and reliable cap feeding for enhanced productivity and efficiency in your automated operations.","og_url":"https:\/\/swoer.com\/cs\/manufacturer\/cap-centrifugal-feeder-price\/","og_site_name":"SWOER","article_modified_time":"2024-06-13T00:52:50+00:00","og_image":[{"width":1000,"height":1000,"url":"https:\/\/swoer.com\/wp-content\/uploads\/2024\/04\/cap-centrifugal-feeder-price.webp","type":"image\/webp"}],"twitter_card":"summary_large_image","twitter_misc":{"Odhadovan\u00e1 doba \u010dten\u00ed":"1 minuta"},"schema":{"@context":"https:\/\/schema.org","@graph":[{"@type":"WebPage","@id":"https:\/\/swoer.com\/manufacturer\/cap-centrifugal-feeder-price\/","url":"https:\/\/swoer.com\/manufacturer\/cap-centrifugal-feeder-price\/","name":"Centrifugal Water Cap Feeder | Cap Centrifugal Feeder Price - SWOER","isPartOf":{"@id":"https:\/\/swoer.com\/#website"},"primaryImageOfPage":{"@id":"https:\/\/swoer.com\/manufacturer\/cap-centrifugal-feeder-price\/#primaryimage"},"image":{"@id":"https:\/\/swoer.com\/manufacturer\/cap-centrifugal-feeder-price\/#primaryimage"},"thumbnailUrl":"https:\/\/swoer.com\/wp-content\/uploads\/2024\/04\/cap-centrifugal-feeder-price.webp","datePublished":"2024-04-01T03:46:11+00:00","dateModified":"2024-06-13T00:52:50+00:00","description":"Optimize your bottling line with our centrifugal water cap feeder. Experience fast, precise, and reliable cap feeding for enhanced productivity and efficiency in your automated operations.","breadcrumb":{"@id":"https:\/\/swoer.com\/manufacturer\/cap-centrifugal-feeder-price\/#breadcrumb"},"inLanguage":"cs","potentialAction":[{"@type":"ReadAction","target":["https:\/\/swoer.com\/manufacturer\/cap-centrifugal-feeder-price\/"]}]},{"@type":"ImageObject","inLanguage":"cs","@id":"https:\/\/swoer.com\/manufacturer\/cap-centrifugal-feeder-price\/#primaryimage","url":"https:\/\/swoer.com\/wp-content\/uploads\/2024\/04\/cap-centrifugal-feeder-price.webp","contentUrl":"https:\/\/swoer.com\/wp-content\/uploads\/2024\/04\/cap-centrifugal-feeder-price.webp","width":1000,"height":1000,"caption":"cap centrifugal feeder price"},{"@type":"BreadcrumbList","@id":"https:\/\/swoer.com\/manufacturer\/cap-centrifugal-feeder-price\/#breadcrumb","itemListElement":[{"@type":"ListItem","position":1,"name":"Home","item":"https:\/\/swoer.com\/"},{"@type":"ListItem","position":2,"name":"Shop","item":"https:\/\/swoer.com\/shop\/"},{"@type":"ListItem","position":3,"name":"Centrifugal Water Cap Feeder | Cap Centrifugal Feeder Price"}]},{"@type":"WebSite","@id":"https:\/\/swoer.com\/#website","url":"https:\/\/swoer.com\/","name":"SWOER","description":"Swoer is the top 3 vibratory bowl feeder manufacturer in China","potentialAction":[{"@type":"SearchAction","target":{"@type":"EntryPoint","urlTemplate":"https:\/\/swoer.com\/?s={search_term_string}"},"query-input":"required name=search_term_string"}],"inLanguage":"cs"}]}},"_links":{"self":[{"href":"https:\/\/swoer.com\/cs\/wp-json\/wp\/v2\/product\/1790"}],"collection":[{"href":"https:\/\/swoer.com\/cs\/wp-json\/wp\/v2\/product"}],"about":[{"href":"https:\/\/swoer.com\/cs\/wp-json\/wp\/v2\/types\/product"}],"replies":[{"embeddable":true,"href":"https:\/\/swoer.com\/cs\/wp-json\/wp\/v2\/comments?post=1790"}],"wp:featuredmedia":[{"embeddable":true,"href":"https:\/\/swoer.com\/cs\/wp-json\/wp\/v2\/media\/1791"}],"wp:attachment":[{"href":"https:\/\/swoer.com\/cs\/wp-json\/wp\/v2\/media?parent=1790"}],"wp:term":[{"taxonomy":"product_cat","embeddable":true,"href":"https:\/\/swoer.com\/cs\/wp-json\/wp\/v2\/product_cat?post=1790"},{"taxonomy":"product_tag","embeddable":true,"href":"https:\/\/swoer.com\/cs\/wp-json\/wp\/v2\/product_tag?post=1790"}],"curies":[{"name":"wp","href":"https:\/\/api.w.org\/{rel}","templated":true}]}}