{"id":1754,"date":"2024-03-30T06:40:49","date_gmt":"2024-03-30T06:40:49","guid":{"rendered":"https:\/\/lightgrey-porpoise-816575.hostingersite.com\/?post_type=product&#038;p=1754"},"modified":"2025-02-07T16:49:43","modified_gmt":"2025-02-07T08:49:43","slug":"flexible-feeder-system-sw-340","status":"publish","type":"product","link":"https:\/\/swoer.com\/cs\/manufacturer\/flexible-feeder-system-sw-340\/","title":{"rendered":"Flexibiln\u00ed podava\u010d SW-340"},"content":{"rendered":"<p>SWOER vynik\u00e1 ve v\u00fdrob\u011b flexibiln\u00edch podava\u010d\u016f a nab\u00edz\u00ed \u0159e\u0161en\u00ed \u0161it\u00e1 na m\u00edru, kter\u00e1 p\u0159esn\u011b odpov\u00eddaj\u00ed jak jedine\u010dn\u00fdm vlastnostem d\u00edl\u016f, tak specifick\u00fdm po\u017eadavk\u016fm klient\u016f. Zaji\u0161\u0165ujeme dostupnost d\u00edky na\u0161emu z\u00e1vazku ke konkurenceschopn\u00fdm tov\u00e1rn\u00edm cen\u00e1m bez kompromis\u016f v kvalit\u011b. Na\u0161e syst\u00e9my se nav\u00edc hladce integruj\u00ed s roboty a CCD vid\u011bn\u00edm, \u010d\u00edm\u017e zvy\u0161uj\u00ed efektivitu a p\u0159esnost v\u00fdroby na nesrovnatelnou \u00farove\u0148. D\u016fv\u011b\u0159ujte SWOER pro spolehliv\u00e1 a inovativn\u00ed \u0159e\u0161en\u00ed, kter\u00e1 dokonale vyhovuj\u00ed va\u0161im pot\u0159eb\u00e1m a rozpo\u010dtu.<\/p>\n\t<div id=\"gap-347040848\" class=\"gap-element clearfix\" style=\"display:block; height:auto;\">\n\t\t\n<style>\n#gap-347040848 {\n  padding-top: 30px;\n}\n<\/style>\n\t<\/div>\n\t\n<h2>Specifikace:<\/h2>\n<table style=\"border-collapse: collapse; width: 596.27pt;\" border=\"0\" width=\"795\" cellspacing=\"0\" cellpadding=\"0\">\n<tbody>\n<tr style=\"height: 27.00pt;\">\n<td class=\"et3\" style=\"height: 27.00pt; width: 237.00pt;\" width=\"316\" height=\"36\">Modelka<\/td>\n<td class=\"et4\" style=\"width: 359.25pt;\" width=\"479\">SW-340<\/td>\n<\/tr>\n<tr style=\"height: 27.00pt;\">\n<td class=\"et3\" style=\"height: 27.00pt;\" height=\"36\">Rozm\u011br (mm)<\/td>\n<td class=\"et4\">470*311*164<\/td>\n<\/tr>\n<tr style=\"height: 27.00pt;\">\n<td class=\"et3\" style=\"height: 27.00pt;\" height=\"36\">Rozm\u011br podava\u010de (mm)<\/td>\n<td class=\"et4\">360*300*40<\/td>\n<\/tr>\n<tr style=\"height: 27.00pt;\">\n<td class=\"et3\" style=\"height: 27.00pt;\" height=\"36\">Hmotnost<\/td>\n<td class=\"et4\">Asi 25,5 kg<\/td>\n<\/tr>\n<tr style=\"height: 27.00pt;\">\n<td class=\"et3\" style=\"height: 27.00pt;\" height=\"36\">Nap\u011bt\u00ed<\/td>\n<td class=\"et4\">DC20-30V (doporu\u010deno 24V)<\/td>\n<\/tr>\n<tr style=\"height: 27.00pt;\">\n<td class=\"et3\" style=\"height: 27.00pt;\" height=\"36\">Maxim\u00e1ln\u00ed proud<\/td>\n<td class=\"et4\">6A<\/td>\n<\/tr>\n<tr style=\"height: 81.00pt;\">\n<td class=\"et3\" style=\"height: 81.00pt;\" height=\"108\">Opera\u010dn\u00ed formul\u00e1\u0159<\/td>\n<td class=\"et5\" style=\"width: 359.25pt;\" width=\"479\">Pohyb nahoru, dol\u016f, vlevo, vpravo, vlevo naho\u0159e, vlevo dole, vpravo naho\u0159e a vpravo dole, uprost\u0159ed nahoru a dol\u016f, uprost\u0159ed vlevo a vpravo, t\u0159esen\u00edm a p\u0159ekl\u00e1p\u011bn\u00edm a p\u0159\u00edmo vibrac\u00ed pro pod\u00e1v\u00e1n\u00ed<\/td>\n<\/tr>\n<tr style=\"height: 27.00pt;\">\n<td class=\"et3\" style=\"height: 27.00pt;\" height=\"36\">Frekvence<\/td>\n<td class=\"et4\">10-92Hz<\/td>\n<\/tr>\n<tr style=\"height: 27.00pt;\">\n<td class=\"et3\" style=\"height: 27.00pt;\" height=\"36\">Provozn\u00ed hluk<\/td>\n<td class=\"et6\"><span class=\"font4\">\uff1c<\/span><span class=\"font3\">50 dB<\/span><\/td>\n<\/tr>\n<tr style=\"height: 27.00pt;\">\n<td class=\"et3\" style=\"height: 27.00pt;\" height=\"36\">Maxim\u00e1ln\u00ed zat\u00ed\u017een\u00ed<\/td>\n<td class=\"et4\">1,0 kg<\/td>\n<\/tr>\n<tr style=\"height: 27.00pt;\">\n<td class=\"et3\" style=\"height: 27.00pt;\" height=\"36\">Hmotnost jednoho p\u0159evr\u00e1cen\u00e9ho materi\u00e1lu<\/td>\n<td class=\"et6\">\uff1c50<span class=\"font3\">G<\/span><\/td>\n<\/tr>\n<tr style=\"height: 27.00pt;\">\n<td class=\"et3\" style=\"height: 54.00pt;\" rowspan=\"2\" height=\"72\">Interakce sign\u00e1lu<\/td>\n<td class=\"et4\">TCP\/IP komunikace<\/td>\n<\/tr>\n<tr style=\"height: 27.00pt;\">\n<td class=\"et4\">I\/O rozhran\u00ed<\/td>\n<\/tr>\n<\/tbody>\n<\/table>\n\t<div id=\"gap-927206525\" class=\"gap-element clearfix\" style=\"display:block; height:auto;\">\n\t\t\n<style>\n#gap-927206525 {\n  padding-top: 30px;\n}\n<\/style>\n\t<\/div>\n\t\n<h2>Rozm\u011brov\u00fd v\u00fdkres:<\/h2>\n\t<div class=\"img has-hover x md-x lg-x y md-y lg-y\" id=\"image_333977428\">\n\t\t\t\t\t\t\t\t<div class=\"img-inner dark\" >\n\t\t\t<img loading=\"lazy\" decoding=\"async\" width=\"652\" height=\"600\" src=\"https:\/\/swoer.com\/wp-content\/uploads\/2024\/03\/flex-feeder-system-SW-260-dimension-drawing.webp\" class=\"attachment-original size-original\" alt=\"flex feeder system SW-260 rozm\u011brov\u00fd v\u00fdkres\" srcset=\"https:\/\/swoer.com\/wp-content\/uploads\/2024\/03\/flex-feeder-system-SW-260-dimension-drawing.webp 652w, https:\/\/swoer.com\/wp-content\/uploads\/2024\/03\/flex-feeder-system-SW-260-dimension-drawing-300x276.webp 300w, https:\/\/swoer.com\/wp-content\/uploads\/2024\/03\/flex-feeder-system-SW-260-dimension-drawing-600x552.webp 600w\" sizes=\"(max-width: 652px) 100vw, 652px\" \/>\t\t\t\t\t\t\n\t\t\t\t\t<\/div>\n\t\t\t\t\t\t\t\t\n<style>\n#image_333977428 {\n  width: 70%;\n}\n<\/style>\n\t<\/div>\n\t\n\t<div id=\"gap-236404917\" class=\"gap-element clearfix\" style=\"display:block; height:auto;\">\n\t\t\n<style>\n#gap-236404917 {\n  padding-top: 30px;\n}\n<\/style>\n\t<\/div>\n\t\n\n  \n    <div class=\"row large-columns-4 medium-columns-3 small-columns-2 row-small slider row-slider slider-nav-reveal slider-nav-push\"  data-flickity-options='{\"imagesLoaded\": true, \"groupCells\": \"100%\", \"dragThreshold\" : 5, \"cellAlign\": \"left\",\"wrapAround\": true,\"prevNextButtons\": true,\"percentPosition\": true,\"pageDots\": false, \"rightToLeft\": false, \"autoPlay\" : false}'>\n\n  \t\n\t     <div class=\"product-small col has-hover product type-product post-3908 status-publish first instock product_cat-delta-robots has-post-thumbnail shipping-taxable product-type-simple\">\n\t<div class=\"col-inner\">\n\t\n<div class=\"badge-container absolute left top z-1\">\n\n<\/div>\n\t<div class=\"product-small box\">\n\t\t<div class=\"box-image\">\n\t\t\t<div class=\"image-zoom_in\">\n\t\t\t\t<a href=\"https:\/\/swoer.com\/cs\/manufacturer\/delta-robot-manufacturers-sw-hrd6t-sd-m\/\" aria-label=\"Delta Robot Manufacturers SW-HRD6T-SD-M\">\n\t\t\t\t\t<img loading=\"lazy\" decoding=\"async\" width=\"300\" height=\"300\" src=\"https:\/\/swoer.com\/wp-content\/uploads\/2026\/04\/Delta-Eobot-Manufacturers-SW-HRD6T-SD-M-300x300.webp\" class=\"attachment-woocommerce_thumbnail size-woocommerce_thumbnail\" alt=\"Delta Eobot Manufacturers SW-HRD6T-SD-M\" srcset=\"https:\/\/swoer.com\/wp-content\/uploads\/2026\/04\/Delta-Eobot-Manufacturers-SW-HRD6T-SD-M-300x300.webp 300w, https:\/\/swoer.com\/wp-content\/uploads\/2026\/04\/Delta-Eobot-Manufacturers-SW-HRD6T-SD-M-150x150.webp 150w, https:\/\/swoer.com\/wp-content\/uploads\/2026\/04\/Delta-Eobot-Manufacturers-SW-HRD6T-SD-M-768x768.webp 768w, https:\/\/swoer.com\/wp-content\/uploads\/2026\/04\/Delta-Eobot-Manufacturers-SW-HRD6T-SD-M-12x12.webp 12w, https:\/\/swoer.com\/wp-content\/uploads\/2026\/04\/Delta-Eobot-Manufacturers-SW-HRD6T-SD-M-600x600.webp 600w, https:\/\/swoer.com\/wp-content\/uploads\/2026\/04\/Delta-Eobot-Manufacturers-SW-HRD6T-SD-M-100x100.webp 100w, https:\/\/swoer.com\/wp-content\/uploads\/2026\/04\/Delta-Eobot-Manufacturers-SW-HRD6T-SD-M.webp 800w\" sizes=\"(max-width: 300px) 100vw, 300px\" \/><img loading=\"lazy\" decoding=\"async\" width=\"300\" height=\"300\" src=\"https:\/\/swoer.com\/wp-content\/uploads\/2026\/04\/Delta-Eobot-Manufacturers-SW-HRD6T-SD-M-300x300.webp\" class=\"show-on-hover absolute fill hide-for-small back-imageshow-on-hover absolute fill hide-for-small back-image hover-zoom\" alt=\"Delta Eobot Manufacturers SW-HRD6T-SD-M\" srcset=\"https:\/\/swoer.com\/wp-content\/uploads\/2026\/04\/Delta-Eobot-Manufacturers-SW-HRD6T-SD-M-300x300.webp 300w, https:\/\/swoer.com\/wp-content\/uploads\/2026\/04\/Delta-Eobot-Manufacturers-SW-HRD6T-SD-M-150x150.webp 150w, https:\/\/swoer.com\/wp-content\/uploads\/2026\/04\/Delta-Eobot-Manufacturers-SW-HRD6T-SD-M-768x768.webp 768w, https:\/\/swoer.com\/wp-content\/uploads\/2026\/04\/Delta-Eobot-Manufacturers-SW-HRD6T-SD-M-12x12.webp 12w, https:\/\/swoer.com\/wp-content\/uploads\/2026\/04\/Delta-Eobot-Manufacturers-SW-HRD6T-SD-M-600x600.webp 600w, https:\/\/swoer.com\/wp-content\/uploads\/2026\/04\/Delta-Eobot-Manufacturers-SW-HRD6T-SD-M-100x100.webp 100w, https:\/\/swoer.com\/wp-content\/uploads\/2026\/04\/Delta-Eobot-Manufacturers-SW-HRD6T-SD-M.webp 800w\" sizes=\"(max-width: 300px) 100vw, 300px\" \/>\t\t\t\t<\/a>\n\t\t\t<\/div>\n\t\t\t<div class=\"image-tools is-small top right show-on-hover\">\n\t\t\t\t\t\t\t<\/div>\n\t\t\t<div class=\"image-tools is-small hide-for-small bottom left show-on-hover\">\n\t\t\t\t\t\t\t<\/div>\n\t\t\t<div class=\"image-tools grid-tools text-center hide-for-small bottom hover-slide-in show-on-hover\">\n\t\t\t\t  <a class=\"quick-view\" data-prod=\"3908\" href=\"#quick-view\">Rychl\u00fd pohled<\/a>\t\t\t<\/div>\n\t\t\t\t\t<\/div>\n\n\t\t<div class=\"box-text box-text-products\">\n\t\t\t<div class=\"title-wrapper\"><p class=\"name product-title woocommerce-loop-product__title\"><a href=\"https:\/\/swoer.com\/cs\/manufacturer\/delta-robot-manufacturers-sw-hrd6t-sd-m\/\" class=\"woocommerce-LoopProduct-link woocommerce-loop-product__link\">Delta Robot Manufacturers SW-HRD6T-SD-M<\/a><\/p><\/div><div class=\"price-wrapper\">\n<\/div>\t\t<\/div>\n\t<\/div>\n\t\t<\/div>\n<\/div><div class=\"product-small col has-hover product type-product post-3900 status-publish instock product_cat-delta-robots has-post-thumbnail shipping-taxable product-type-simple\">\n\t<div class=\"col-inner\">\n\t\n<div class=\"badge-container absolute left top z-1\">\n\n<\/div>\n\t<div class=\"product-small box\">\n\t\t<div class=\"box-image\">\n\t\t\t<div class=\"image-zoom_in\">\n\t\t\t\t<a href=\"https:\/\/swoer.com\/cs\/manufacturer\/delta-robot-pick-and-place-manufacturer-sw-hrd6t-ss-m\/\" aria-label=\"Delta Robot Pick and Place Manufacturer SW-HRD6T-SS-M\">\n\t\t\t\t\t<img loading=\"lazy\" decoding=\"async\" width=\"300\" height=\"300\" src=\"https:\/\/swoer.com\/wp-content\/uploads\/2026\/04\/Delta-Robot-Pick-and-Place-Manufacturer-SW-HRD6T-SS-M-300x300.webp\" class=\"attachment-woocommerce_thumbnail size-woocommerce_thumbnail\" alt=\"Delta Robot Pick and Place Manufacturer SW-HRD6T-SS-M\" srcset=\"https:\/\/swoer.com\/wp-content\/uploads\/2026\/04\/Delta-Robot-Pick-and-Place-Manufacturer-SW-HRD6T-SS-M-300x300.webp 300w, https:\/\/swoer.com\/wp-content\/uploads\/2026\/04\/Delta-Robot-Pick-and-Place-Manufacturer-SW-HRD6T-SS-M-150x150.webp 150w, https:\/\/swoer.com\/wp-content\/uploads\/2026\/04\/Delta-Robot-Pick-and-Place-Manufacturer-SW-HRD6T-SS-M-768x768.webp 768w, https:\/\/swoer.com\/wp-content\/uploads\/2026\/04\/Delta-Robot-Pick-and-Place-Manufacturer-SW-HRD6T-SS-M-12x12.webp 12w, https:\/\/swoer.com\/wp-content\/uploads\/2026\/04\/Delta-Robot-Pick-and-Place-Manufacturer-SW-HRD6T-SS-M-600x600.webp 600w, https:\/\/swoer.com\/wp-content\/uploads\/2026\/04\/Delta-Robot-Pick-and-Place-Manufacturer-SW-HRD6T-SS-M-100x100.webp 100w, https:\/\/swoer.com\/wp-content\/uploads\/2026\/04\/Delta-Robot-Pick-and-Place-Manufacturer-SW-HRD6T-SS-M.webp 800w\" sizes=\"(max-width: 300px) 100vw, 300px\" \/><img loading=\"lazy\" decoding=\"async\" width=\"300\" height=\"300\" src=\"https:\/\/swoer.com\/wp-content\/uploads\/2026\/04\/Delta-Robot-Pick-and-Place-Manufacturer-SW-HRD6T-SS-M-300x300.webp\" class=\"show-on-hover absolute fill hide-for-small back-imageshow-on-hover absolute fill hide-for-small back-image hover-zoom\" alt=\"Delta Robot Pick and Place Manufacturer SW-HRD6T-SS-M\" srcset=\"https:\/\/swoer.com\/wp-content\/uploads\/2026\/04\/Delta-Robot-Pick-and-Place-Manufacturer-SW-HRD6T-SS-M-300x300.webp 300w, https:\/\/swoer.com\/wp-content\/uploads\/2026\/04\/Delta-Robot-Pick-and-Place-Manufacturer-SW-HRD6T-SS-M-150x150.webp 150w, https:\/\/swoer.com\/wp-content\/uploads\/2026\/04\/Delta-Robot-Pick-and-Place-Manufacturer-SW-HRD6T-SS-M-768x768.webp 768w, https:\/\/swoer.com\/wp-content\/uploads\/2026\/04\/Delta-Robot-Pick-and-Place-Manufacturer-SW-HRD6T-SS-M-12x12.webp 12w, https:\/\/swoer.com\/wp-content\/uploads\/2026\/04\/Delta-Robot-Pick-and-Place-Manufacturer-SW-HRD6T-SS-M-600x600.webp 600w, https:\/\/swoer.com\/wp-content\/uploads\/2026\/04\/Delta-Robot-Pick-and-Place-Manufacturer-SW-HRD6T-SS-M-100x100.webp 100w, https:\/\/swoer.com\/wp-content\/uploads\/2026\/04\/Delta-Robot-Pick-and-Place-Manufacturer-SW-HRD6T-SS-M.webp 800w\" sizes=\"(max-width: 300px) 100vw, 300px\" \/>\t\t\t\t<\/a>\n\t\t\t<\/div>\n\t\t\t<div class=\"image-tools is-small top right show-on-hover\">\n\t\t\t\t\t\t\t<\/div>\n\t\t\t<div class=\"image-tools is-small hide-for-small bottom left show-on-hover\">\n\t\t\t\t\t\t\t<\/div>\n\t\t\t<div class=\"image-tools grid-tools text-center hide-for-small bottom hover-slide-in show-on-hover\">\n\t\t\t\t  <a class=\"quick-view\" data-prod=\"3900\" href=\"#quick-view\">Rychl\u00fd pohled<\/a>\t\t\t<\/div>\n\t\t\t\t\t<\/div>\n\n\t\t<div class=\"box-text box-text-products\">\n\t\t\t<div class=\"title-wrapper\"><p class=\"name product-title woocommerce-loop-product__title\"><a href=\"https:\/\/swoer.com\/cs\/manufacturer\/delta-robot-pick-and-place-manufacturer-sw-hrd6t-ss-m\/\" class=\"woocommerce-LoopProduct-link woocommerce-loop-product__link\">Delta Robot Pick and Place Manufacturer SW-HRD6T-SS-M<\/a><\/p><\/div><div class=\"price-wrapper\">\n<\/div>\t\t<\/div>\n\t<\/div>\n\t\t<\/div>\n<\/div><\/div>","protected":false},"excerpt":{"rendered":"<p>SWOER vyr\u00e1b\u00ed na zak\u00e1zku flexibiln\u00ed pod\u00e1vac\u00ed syst\u00e9my, aby odpov\u00eddaly specifik\u016fm d\u00edl\u016f a pot\u0159eb\u00e1m klienta. Na\u0161e konkuren\u010dn\u00ed v\u00fdrobn\u00ed ceny zaji\u0161\u0165uj\u00ed cenovou dostupnost kvality. Nav\u00edc bezprobl\u00e9mov\u00e1 integrace s roboty a CCD vid\u011bn\u00edm optimalizuje efektivitu a p\u0159esnost. D\u016fv\u011b\u0159ujte SWOER pro spolehliv\u00e1 \u0159e\u0161en\u00ed \u0161it\u00e1 na m\u00edru.<\/p>\n<p>Pokud chcete z\u00edskat ceny flexibiln\u00edho krmn\u00e9ho syst\u00e9mu, kontaktujte n\u00e1s.<\/p>","protected":false},"featured_media":1755,"comment_status":"open","ping_status":"closed","template":"","meta":[],"product_cat":[15],"product_tag":[],"yoast_head":"<!-- This site is optimized with the Yoast SEO plugin v22.2 - https:\/\/yoast.com\/wordpress\/plugins\/seo\/ -->\n<title>Flexible Feeder System SW-340 - SWOER<\/title>\n<meta name=\"description\" content=\"SW-340 Flex Feeder System offers custom solutions at competitive prices. Integrates with robots and CCD vision for unmatched efficiency and precision.\" \/>\n<meta name=\"robots\" content=\"index, follow, max-snippet:-1, max-image-preview:large, max-video-preview:-1\" \/>\n<link rel=\"canonical\" href=\"https:\/\/swoer.com\/cs\/manufacturer\/flexible-feeder-system-sw-340\/\" \/>\n<meta property=\"og:locale\" content=\"cs_CZ\" \/>\n<meta property=\"og:type\" content=\"article\" \/>\n<meta property=\"og:title\" content=\"Flexible Feeder System SW-340 - SWOER\" \/>\n<meta property=\"og:description\" content=\"SW-340 Flex Feeder System offers custom solutions at competitive prices. Integrates with robots and CCD vision for unmatched efficiency and precision.\" \/>\n<meta property=\"og:url\" content=\"https:\/\/swoer.com\/cs\/manufacturer\/flexible-feeder-system-sw-340\/\" \/>\n<meta property=\"og:site_name\" content=\"SWOER\" \/>\n<meta property=\"article:modified_time\" content=\"2025-02-07T08:49:43+00:00\" \/>\n<meta property=\"og:image\" content=\"https:\/\/swoer.com\/wp-content\/uploads\/2024\/03\/Flexible-Feeder-System-SW-340.webp\" \/>\n\t<meta property=\"og:image:width\" content=\"1000\" \/>\n\t<meta property=\"og:image:height\" content=\"1000\" \/>\n\t<meta property=\"og:image:type\" content=\"image\/webp\" \/>\n<meta name=\"twitter:card\" content=\"summary_large_image\" \/>\n<meta name=\"twitter:label1\" content=\"Odhadovan\u00e1 doba \u010dten\u00ed\" \/>\n\t<meta name=\"twitter:data1\" content=\"1 minuta\" \/>\n<script type=\"application\/ld+json\" class=\"yoast-schema-graph\">{\"@context\":\"https:\/\/schema.org\",\"@graph\":[{\"@type\":\"WebPage\",\"@id\":\"https:\/\/swoer.com\/manufacturer\/flexible-feeder-system-sw-340\/\",\"url\":\"https:\/\/swoer.com\/manufacturer\/flexible-feeder-system-sw-340\/\",\"name\":\"Flexible Feeder System SW-340 - SWOER\",\"isPartOf\":{\"@id\":\"https:\/\/swoer.com\/#website\"},\"primaryImageOfPage\":{\"@id\":\"https:\/\/swoer.com\/manufacturer\/flexible-feeder-system-sw-340\/#primaryimage\"},\"image\":{\"@id\":\"https:\/\/swoer.com\/manufacturer\/flexible-feeder-system-sw-340\/#primaryimage\"},\"thumbnailUrl\":\"https:\/\/swoer.com\/wp-content\/uploads\/2024\/03\/Flexible-Feeder-System-SW-340.webp\",\"datePublished\":\"2024-03-30T06:40:49+00:00\",\"dateModified\":\"2025-02-07T08:49:43+00:00\",\"description\":\"SW-340 Flex Feeder System offers custom solutions at competitive prices. Integrates with robots and CCD vision for unmatched efficiency and precision.\",\"breadcrumb\":{\"@id\":\"https:\/\/swoer.com\/manufacturer\/flexible-feeder-system-sw-340\/#breadcrumb\"},\"inLanguage\":\"cs\",\"potentialAction\":[{\"@type\":\"ReadAction\",\"target\":[\"https:\/\/swoer.com\/manufacturer\/flexible-feeder-system-sw-340\/\"]}]},{\"@type\":\"ImageObject\",\"inLanguage\":\"cs\",\"@id\":\"https:\/\/swoer.com\/manufacturer\/flexible-feeder-system-sw-340\/#primaryimage\",\"url\":\"https:\/\/swoer.com\/wp-content\/uploads\/2024\/03\/Flexible-Feeder-System-SW-340.webp\",\"contentUrl\":\"https:\/\/swoer.com\/wp-content\/uploads\/2024\/03\/Flexible-Feeder-System-SW-340.webp\",\"width\":1000,\"height\":1000,\"caption\":\"Flexible Feeder System SW-340\"},{\"@type\":\"BreadcrumbList\",\"@id\":\"https:\/\/swoer.com\/manufacturer\/flexible-feeder-system-sw-340\/#breadcrumb\",\"itemListElement\":[{\"@type\":\"ListItem\",\"position\":1,\"name\":\"Home\",\"item\":\"https:\/\/swoer.com\/\"},{\"@type\":\"ListItem\",\"position\":2,\"name\":\"Shop\",\"item\":\"https:\/\/swoer.com\/shop\/\"},{\"@type\":\"ListItem\",\"position\":3,\"name\":\"Flexible Feeder System SW-340\"}]},{\"@type\":\"WebSite\",\"@id\":\"https:\/\/swoer.com\/#website\",\"url\":\"https:\/\/swoer.com\/\",\"name\":\"SWOER\",\"description\":\"Swoer is the top 3 vibratory bowl feeder manufacturer in China\",\"potentialAction\":[{\"@type\":\"SearchAction\",\"target\":{\"@type\":\"EntryPoint\",\"urlTemplate\":\"https:\/\/swoer.com\/?s={search_term_string}\"},\"query-input\":\"required name=search_term_string\"}],\"inLanguage\":\"cs\"}]}<\/script>\n<!-- \/ Yoast SEO plugin. -->","yoast_head_json":{"title":"Flexible Feeder System SW-340 - SWOER","description":"SW-340 Flex Feeder System offers custom solutions at competitive prices. Integrates with robots and CCD vision for unmatched efficiency and precision.","robots":{"index":"index","follow":"follow","max-snippet":"max-snippet:-1","max-image-preview":"max-image-preview:large","max-video-preview":"max-video-preview:-1"},"canonical":"https:\/\/swoer.com\/cs\/manufacturer\/flexible-feeder-system-sw-340\/","og_locale":"cs_CZ","og_type":"article","og_title":"Flexible Feeder System SW-340 - SWOER","og_description":"SW-340 Flex Feeder System offers custom solutions at competitive prices. Integrates with robots and CCD vision for unmatched efficiency and precision.","og_url":"https:\/\/swoer.com\/cs\/manufacturer\/flexible-feeder-system-sw-340\/","og_site_name":"SWOER","article_modified_time":"2025-02-07T08:49:43+00:00","og_image":[{"width":1000,"height":1000,"url":"https:\/\/swoer.com\/wp-content\/uploads\/2024\/03\/Flexible-Feeder-System-SW-340.webp","type":"image\/webp"}],"twitter_card":"summary_large_image","twitter_misc":{"Odhadovan\u00e1 doba \u010dten\u00ed":"1 minuta"},"schema":{"@context":"https:\/\/schema.org","@graph":[{"@type":"WebPage","@id":"https:\/\/swoer.com\/manufacturer\/flexible-feeder-system-sw-340\/","url":"https:\/\/swoer.com\/manufacturer\/flexible-feeder-system-sw-340\/","name":"Flexible Feeder System SW-340 - SWOER","isPartOf":{"@id":"https:\/\/swoer.com\/#website"},"primaryImageOfPage":{"@id":"https:\/\/swoer.com\/manufacturer\/flexible-feeder-system-sw-340\/#primaryimage"},"image":{"@id":"https:\/\/swoer.com\/manufacturer\/flexible-feeder-system-sw-340\/#primaryimage"},"thumbnailUrl":"https:\/\/swoer.com\/wp-content\/uploads\/2024\/03\/Flexible-Feeder-System-SW-340.webp","datePublished":"2024-03-30T06:40:49+00:00","dateModified":"2025-02-07T08:49:43+00:00","description":"SW-340 Flex Feeder System offers custom solutions at competitive prices. Integrates with robots and CCD vision for unmatched efficiency and precision.","breadcrumb":{"@id":"https:\/\/swoer.com\/manufacturer\/flexible-feeder-system-sw-340\/#breadcrumb"},"inLanguage":"cs","potentialAction":[{"@type":"ReadAction","target":["https:\/\/swoer.com\/manufacturer\/flexible-feeder-system-sw-340\/"]}]},{"@type":"ImageObject","inLanguage":"cs","@id":"https:\/\/swoer.com\/manufacturer\/flexible-feeder-system-sw-340\/#primaryimage","url":"https:\/\/swoer.com\/wp-content\/uploads\/2024\/03\/Flexible-Feeder-System-SW-340.webp","contentUrl":"https:\/\/swoer.com\/wp-content\/uploads\/2024\/03\/Flexible-Feeder-System-SW-340.webp","width":1000,"height":1000,"caption":"Flexible Feeder System SW-340"},{"@type":"BreadcrumbList","@id":"https:\/\/swoer.com\/manufacturer\/flexible-feeder-system-sw-340\/#breadcrumb","itemListElement":[{"@type":"ListItem","position":1,"name":"Home","item":"https:\/\/swoer.com\/"},{"@type":"ListItem","position":2,"name":"Shop","item":"https:\/\/swoer.com\/shop\/"},{"@type":"ListItem","position":3,"name":"Flexible Feeder System SW-340"}]},{"@type":"WebSite","@id":"https:\/\/swoer.com\/#website","url":"https:\/\/swoer.com\/","name":"SWOER","description":"Swoer is the top 3 vibratory bowl feeder manufacturer in China","potentialAction":[{"@type":"SearchAction","target":{"@type":"EntryPoint","urlTemplate":"https:\/\/swoer.com\/?s={search_term_string}"},"query-input":"required name=search_term_string"}],"inLanguage":"cs"}]}},"_links":{"self":[{"href":"https:\/\/swoer.com\/cs\/wp-json\/wp\/v2\/product\/1754"}],"collection":[{"href":"https:\/\/swoer.com\/cs\/wp-json\/wp\/v2\/product"}],"about":[{"href":"https:\/\/swoer.com\/cs\/wp-json\/wp\/v2\/types\/product"}],"replies":[{"embeddable":true,"href":"https:\/\/swoer.com\/cs\/wp-json\/wp\/v2\/comments?post=1754"}],"wp:featuredmedia":[{"embeddable":true,"href":"https:\/\/swoer.com\/cs\/wp-json\/wp\/v2\/media\/1755"}],"wp:attachment":[{"href":"https:\/\/swoer.com\/cs\/wp-json\/wp\/v2\/media?parent=1754"}],"wp:term":[{"taxonomy":"product_cat","embeddable":true,"href":"https:\/\/swoer.com\/cs\/wp-json\/wp\/v2\/product_cat?post=1754"},{"taxonomy":"product_tag","embeddable":true,"href":"https:\/\/swoer.com\/cs\/wp-json\/wp\/v2\/product_tag?post=1754"}],"curies":[{"name":"wp","href":"https:\/\/api.w.org\/{rel}","templated":true}]}}