{"id":1734,"date":"2024-03-30T03:41:31","date_gmt":"2024-03-30T03:41:31","guid":{"rendered":"https:\/\/lightgrey-porpoise-816575.hostingersite.com\/?post_type=product&#038;p=1734"},"modified":"2024-08-01T14:04:40","modified_gmt":"2024-08-01T06:04:40","slug":"washer-bowl-feeder-automation","status":"publish","type":"product","link":"https:\/\/swoer.com\/cs\/manufacturer\/washer-bowl-feeder-automation\/","title":{"rendered":"Podlo\u017eka Vibra\u010dn\u00ed m\u00edsov\u00fd podava\u010d"},"content":{"rendered":"<p>Ve SWOER vynik\u00e1me ve v\u00fdrob\u011b syst\u00e9m\u016f automatizace podava\u010d\u016f m\u00eds. Na\u0161e syst\u00e9my p\u0159izp\u016fsobujeme tak, aby odpov\u00eddaly jedine\u010dn\u00fdm vlastnostem d\u00edl\u016f a specifick\u00fdm po\u017eadavk\u016fm klienta. Vytv\u00e1\u0159\u00edme p\u0159izp\u016fsoben\u00e1 \u0159e\u0161en\u00ed, kter\u00e1 se hladce integruj\u00ed do va\u0161ich v\u00fdrobn\u00edch proces\u016f. Na\u0161e \u0159e\u0161en\u00ed zaji\u0161\u0165uj\u00ed optim\u00e1ln\u00ed v\u00fdkon a efektivitu.<\/p>\n<p>Up\u0159ednost\u0148ujeme p\u0159izp\u016fsoben\u00ed pro v\u0161echny komponenty, v\u010detn\u011b podlo\u017eek. Spln\u00edme va\u0161e p\u0159esn\u00e9 po\u017eadavky, garantujeme p\u0159esnost a spolehlivost.<\/p>\n<p>SWOER nav\u00edc nab\u00edz\u00ed konkurenceschopn\u00e9 tov\u00e1rn\u00ed ceny bez kompromis\u016f v kvalit\u011b. Na\u0161e n\u00e1kladov\u011b efektivn\u00ed \u0159e\u0161en\u00ed roz\u0161\u00ed\u0159\u00ed va\u0161e v\u00fdrobn\u00ed mo\u017enosti. Se SWOER jako va\u0161\u00edm partnerem o\u010dek\u00e1vejte syst\u00e9my na m\u00edru, kter\u00e9 p\u0159in\u00e1\u0161ej\u00ed hodnotu, spolehlivost a efektivitu za p\u0159\u00edzniv\u00e9 ceny.<\/p>\n\t<div id=\"gap-1754252661\" class=\"gap-element clearfix\" style=\"display:block; height:auto;\">\n\t\t\n<style>\n#gap-1754252661 {\n  padding-top: 30px;\n}\n<\/style>\n\t<\/div>\n\t\n<h2>Parametr podava\u010de misky:<\/h2>\n<table width=\"684\">\n<tbody>\n<tr>\n<td width=\"183\">jm\u00e9no v\u00fdrobku<\/td>\n<td width=\"501\">Podlo\u017eka Vibra\u010dn\u00ed m\u00edsov\u00fd podava\u010d<\/td>\n<\/tr>\n<tr>\n<td>Materi\u00e1l<\/td>\n<td>\u00a0SUS201\/304<\/td>\n<\/tr>\n<tr>\n<td>Specialita materi\u00e1lu<\/td>\n<td>Kovac\u00ed slitina zpracovan\u00e1 za studena, Vysok\u00e1 pevnost, Vysok\u00e1 tvrdost<\/td>\n<\/tr>\n<tr>\n<td>Nap\u011bt\u00ed<\/td>\n<td>220V<\/td>\n<\/tr>\n<tr>\n<td>Nap\u00e1jen\u00ed<\/td>\n<td>65W \/150W \/180W \/ 220W \/ 350W<\/td>\n<\/tr>\n<tr>\n<td>Autentizace<\/td>\n<td>CE, ROHS, ISO9001<\/td>\n<\/tr>\n<tr>\n<td>Z\u00e1ruka<\/td>\n<td>1 rok z\u00e1ruka<\/td>\n<\/tr>\n<tr>\n<td>MOQ<\/td>\n<td>1 set<\/td>\n<\/tr>\n<tr>\n<td>Dodac\u00ed lh\u016fta<\/td>\n<td>10-14 dn\u00ed<\/td>\n<\/tr>\n<tr>\n<td>Platebn\u00ed lh\u016fta<\/td>\n<td>T\/T 40% Z\u00e1loha a z\u016fstatek p\u0159ed odesl\u00e1n\u00edm<\/td>\n<\/tr>\n<tr>\n<td>Original of Place<\/td>\n<td>\u010c\u00edna<\/td>\n<\/tr>\n<\/tbody>\n<\/table>\n\t<div id=\"gap-477011569\" class=\"gap-element clearfix\" style=\"display:block; height:auto;\">\n\t\t\n<style>\n#gap-477011569 {\n  padding-top: 30px;\n}\n<\/style>\n\t<\/div>\n\t\n<h3>Podrobnosti o pra\u010dce:<\/h3>\n\t<div class=\"img has-hover x md-x lg-x y md-y lg-y\" id=\"image_624369238\">\n\t\t\t\t\t\t\t\t<div class=\"img-inner dark\" >\n\t\t\t<img loading=\"lazy\" decoding=\"async\" width=\"800\" height=\"278\" src=\"https:\/\/swoer.com\/wp-content\/uploads\/2024\/03\/washer-detail.webp\" class=\"attachment-original size-original\" alt=\"detail pra\u010dky\" srcset=\"https:\/\/swoer.com\/wp-content\/uploads\/2024\/03\/washer-detail.webp 800w, https:\/\/swoer.com\/wp-content\/uploads\/2024\/03\/washer-detail-300x104.webp 300w, https:\/\/swoer.com\/wp-content\/uploads\/2024\/03\/washer-detail-768x267.webp 768w, https:\/\/swoer.com\/wp-content\/uploads\/2024\/03\/washer-detail-600x209.webp 600w\" sizes=\"(max-width: 800px) 100vw, 800px\" \/>\t\t\t\t\t\t\n\t\t\t\t\t<\/div>\n\t\t\t\t\t\t\t\t\n<style>\n#image_624369238 {\n  width: 62%;\n}\n<\/style>\n\t<\/div>\n\t\n\t<div id=\"gap-1689059317\" class=\"gap-element clearfix\" style=\"display:block; height:auto;\">\n\t\t\n<style>\n#gap-1689059317 {\n  padding-top: 30px;\n}\n<\/style>\n\t<\/div>\n\t\n<h3><strong>V\u00fdhody na\u0161ich podava\u010d\u016f my\u010dek:<\/strong><\/h3>\n<ul>\n<li><strong>Zv\u00fd\u0161en\u00e1 \u00fa\u010dinnost: <\/strong>Pod\u00e1vejte tis\u00edce d\u00edl\u016f za hodinu<\/li>\n<li><strong>P\u0159izp\u016fsobiteln\u00e9: <\/strong>Na m\u00edru va\u0161im konkr\u00e9tn\u00edm d\u00edl\u016fm a v\u00fdrobn\u00ed lince<\/li>\n<li><strong>Spolehliv\u00fd:<\/strong>\u00a0Vyrobeno tak, aby vydr\u017eelo a udr\u017eelo konzistentn\u00ed v\u00fdkon<\/li>\n<li><strong>Rychl\u00e9 doru\u010den\u00ed:<\/strong>\u00a0Z\u00edskejte rychle sv\u016fj stroj<\/li>\n<li><strong>Certifikace bezpe\u010dnosti: <\/strong>Certifikace CE a UL pro v\u00e1\u0161 klid<\/li>\n<\/ul>\n<p><strong>\u00a0<\/strong><\/p>\n<h3><strong>Hled\u00e1te spolehliv\u00fd podava\u010d pra\u010dky? <\/strong><\/h3>\n<p>SWOER nab\u00edz\u00ed krm\u00edtka na m\u00edsy navr\u017een\u00e1 na m\u00edru, aby vyhovovala va\u0161im p\u0159esn\u00fdm pot\u0159eb\u00e1m. Na\u0161e stroje jsou certifikov\u00e1ny CE &amp; UL, co\u017e zaji\u0161\u0165uje bezpe\u010dnost a kvalitu.<\/p>\n<p>N\u00e1\u0161 zku\u0161en\u00fd in\u017een\u00fdrsk\u00fd t\u00fdm s v\u00e1mi bude spolupracovat na n\u00e1vrhu \u0159e\u0161en\u00ed, kter\u00e9 spln\u00ed va\u0161e specifick\u00e9 po\u017eadavky. A\u0165 u\u017e pot\u0159ebujete nap\u00e1jet mal\u00e9 nebo velk\u00e9 pra\u010dky, m\u00e1me odborn\u00e9 znalosti, abychom zvl\u00e1dli v\u00e1\u0161 projekt.<\/p>\n<p><strong>Ne\u010dekejte! Kontaktujte n\u00e1s je\u0161t\u011b dnes a vy\u017e\u00e1dejte si cenovou nab\u00eddku a zjist\u011bte v\u00edce o tom, jak mohou na\u0161e podava\u010de do my\u010dek prosp\u011bt va\u0161emu podnik\u00e1n\u00ed.<\/strong><\/p>\n\n<div class=\"wpcf7 no-js\" id=\"wpcf7-f5-o1\" lang=\"en-US\" dir=\"ltr\">\n<div class=\"screen-reader-response\"><p role=\"status\" aria-live=\"polite\" aria-atomic=\"true\"><\/p> <ul><\/ul><\/div>\n<form action=\"\/cs\/wp-json\/wp\/v2\/product\/1734#wpcf7-f5-o1\" method=\"post\" class=\"wpcf7-form init\" aria-label=\"Kontaktn\u00ed formul\u00e1\u0159\" novalidate=\"novalidate\" data-status=\"init\" data-trp-original-action=\"\/cs\/wp-json\/wp\/v2\/product\/1734#wpcf7-f5-o1\">\n<div style=\"display: none;\">\n<input type=\"hidden\" name=\"_wpcf7\" value=\"5\" \/>\n<input type=\"hidden\" name=\"_wpcf7_version\" value=\"5.9.2\" \/>\n<input type=\"hidden\" name=\"_wpcf7_locale\" value=\"en_US\" \/>\n<input type=\"hidden\" name=\"_wpcf7_unit_tag\" value=\"wpcf7-f5-o1\" \/>\n<input type=\"hidden\" name=\"_wpcf7_container_post\" value=\"0\" \/>\n<input type=\"hidden\" name=\"_wpcf7_posted_data_hash\" value=\"\" \/>\n<\/div>\n<div class='custom_contact_style'>\n\t<p><label> Tv\u00e9 jm\u00e9no<br \/>\n<span class=\"wpcf7-form-control-wrap\" data-name=\"your-name\"><input size=\"40\" class=\"wpcf7-form-control wpcf7-text wpcf7-validates-as-required\" autocomplete=\"name\" aria-required=\"true\" aria-invalid=\"false\" value=\"\" type=\"text\" name=\"your-name\" \/><\/span> <\/label>\n\t<\/p>\n\t<p><label> Tv\u016fj e-mail<br \/>\n<span class=\"wpcf7-form-control-wrap\" data-name=\"your-email\"><input size=\"40\" class=\"wpcf7-form-control wpcf7-email wpcf7-validates-as-required wpcf7-text wpcf7-validates-as-email\" autocomplete=\"email\" aria-required=\"true\" aria-invalid=\"false\" value=\"\" type=\"email\" name=\"your-email\" \/><\/span> <\/label>\n\t<\/p>\n\t<p><label> Va\u0161e zpr\u00e1va (voliteln\u00e9)<br \/>\n<span class=\"wpcf7-form-control-wrap\" data-name=\"your-message\"><textarea cols=\"40\" rows=\"10\" class=\"wpcf7-form-control wpcf7-textarea\" aria-invalid=\"false\" name=\"your-message\"><\/textarea><\/span> <\/label>\n\t<\/p>\n\t<div style=\"margin-bottom:10px;\">\n\t\t<p><span class=\"wpcf7-form-control-wrap kc_captcha cf7ic-toggle\" data-name=\"kc_captcha\"><span class=\"wpcf7-form-control wpcf7-radio\"><span class=\"captcha-image\" style=\"display: none;\"><span class=\"cf7ic_instructions\">Proka\u017ete, \u017ee jste \u010dlov\u011bk, v\u00fdb\u011brem<span> kl\u00ed\u010d<\/span>.<\/span><label><input aria-label=\"1\" type=\"radio\" name=\"kc_captcha\" value=\"kc_human\" \/><svg aria-hidden=\"true\" role=\"img\" xmlns=\"http:\/\/www.w3.org\/2000\/svg\" viewbox=\"0 0 512 512\"><path fill=\"currentColor\" d=\"M512 176a176 176 0 01-209 173l-24 27a24 24 0 01-18 8h-37v40c0 13-11 24-24 24h-40v40c0 13-11 24-24 24H24c-13 0-24-11-24-24v-78c0-6 3-13 7-17l162-162a176 176 0 11343-55zm-176-48a48 48 0 1096 0 48 48 0 00-96 0z\"\/><\/svg><\/label><label><input aria-label=\"2\" type=\"radio\" name=\"kc_captcha\" value=\"bot\" \/><svg aria-hidden=\"true\" role=\"img\" xmlns=\"http:\/\/www.w3.org\/2000\/svg\" viewbox=\"0 0 640 512\"><path fill=\"currentColor\" d=\"M624 352h-16V244c0-13-5-25-14-34L494 110c-9-9-21-14-34-14h-44V48c0-26-21-48-48-48H48C22 0 0 22 0 48v320c0 27 22 48 48 48h16a96 96 0 00192 0h128a96 96 0 00192 0h48c9 0 16-7 16-16v-32c0-9-7-16-16-16zM160 464a48 48 0 110-96 48 48 0 010 96zm320 0a48 48 0 110-96 48 48 0 010 96zm80-208H416V144h44l100 100v12z\"\/><\/svg><\/label><label><input aria-label=\"3\" type=\"radio\" name=\"kc_captcha\" value=\"bot\" \/><svg aria-hidden=\"true\" role=\"img\" xmlns=\"http:\/\/www.w3.org\/2000\/svg\" viewbox=\"0 0 384 512\"><path fill=\"currentColor\" d=\"M377 375l-83-87h34c21 0 32-25 17-40l-82-88h33c21 0 32-25 18-40L210 8c-10-11-26-11-36 0L70 120c-14 15-3 40 18 40h33l-82 88c-15 15-4 40 17 40h34L7 375c-15 16-4 41 17 41h120c0 33-11 49-34 68-12 9-5 28 10 28h144c15 0 22-19 10-28-20-16-34-32-34-68h120c21 0 32-25 17-41z\"\/><\/svg><\/label>\r\n    <\/span>\r\n    <span style=\"display:none\">\r\n        <input type=\"text\" name=\"kc_honeypot\">\r\n    <\/span><\/span><\/span>\n\t\t<\/p>\n\t<\/div>\n\t<p><input class=\"wpcf7-form-control wpcf7-submit has-spinner\" type=\"submit\" value=\"P\u0159edlo\u017eit\" \/>\n\t<\/p>\n<\/div><div class=\"wpcf7-response-output\" aria-hidden=\"true\"><\/div>\n<input type=\"hidden\" name=\"trp-form-language\" value=\"cs\"\/><\/form>\n<\/div>","protected":false},"excerpt":{"rendered":"<p><strong>Efektivn\u011b krmte my\u010dky pomoc\u00ed na\u0161eho vlastn\u00edho podava\u010de misek.<\/strong> Vylep\u0161ete svou mont\u00e1\u017en\u00ed linku pomoc\u00ed na\u0161ich spolehliv\u00fdch a rychl\u00fdch \u0159e\u0161en\u00ed.<\/p>\n<p>Chcete-li z\u00edskat ceny krm\u00edtka, kontaktujte n\u00e1s.<\/p>","protected":false},"featured_media":1735,"comment_status":"open","ping_status":"closed","template":"","meta":[],"product_cat":[37],"product_tag":[],"yoast_head":"<!-- This site is optimized with the Yoast SEO plugin v22.2 - https:\/\/yoast.com\/wordpress\/plugins\/seo\/ -->\n<title>Washer Vibratory Bowl Feeder | Vibro Feeder Parts for Washer<\/title>\n<meta name=\"description\" content=\"Custom high-speed vibratory bowl feeder for washer. CE &amp; UL certified for safety. Tailored solutions by our experienced team. Fast delivery guaranteed.\" \/>\n<meta name=\"robots\" content=\"index, follow, max-snippet:-1, max-image-preview:large, max-video-preview:-1\" \/>\n<link rel=\"canonical\" href=\"https:\/\/swoer.com\/cs\/manufacturer\/washer-bowl-feeder-automation\/\" \/>\n<meta property=\"og:locale\" content=\"cs_CZ\" \/>\n<meta property=\"og:type\" content=\"article\" \/>\n<meta property=\"og:title\" content=\"Washer Vibratory Bowl Feeder | Vibro Feeder Parts for Washer\" \/>\n<meta property=\"og:description\" content=\"Custom high-speed vibratory bowl feeder for washer. CE &amp; UL certified for safety. Tailored solutions by our experienced team. Fast delivery guaranteed.\" \/>\n<meta property=\"og:url\" content=\"https:\/\/swoer.com\/cs\/manufacturer\/washer-bowl-feeder-automation\/\" \/>\n<meta property=\"og:site_name\" content=\"SWOER\" \/>\n<meta property=\"article:modified_time\" content=\"2024-08-01T06:04:40+00:00\" \/>\n<meta property=\"og:image\" content=\"https:\/\/swoer.com\/wp-content\/uploads\/2024\/03\/washer-bowl-feeder-automation.webp\" \/>\n\t<meta property=\"og:image:width\" content=\"1000\" \/>\n\t<meta property=\"og:image:height\" content=\"1000\" \/>\n\t<meta property=\"og:image:type\" content=\"image\/webp\" \/>\n<meta name=\"twitter:card\" content=\"summary_large_image\" \/>\n<meta name=\"twitter:label1\" content=\"Odhadovan\u00e1 doba \u010dten\u00ed\" \/>\n\t<meta name=\"twitter:data1\" content=\"2 minuty\" \/>\n<script type=\"application\/ld+json\" class=\"yoast-schema-graph\">{\"@context\":\"https:\/\/schema.org\",\"@graph\":[{\"@type\":\"WebPage\",\"@id\":\"https:\/\/swoer.com\/manufacturer\/washer-bowl-feeder-automation\/\",\"url\":\"https:\/\/swoer.com\/manufacturer\/washer-bowl-feeder-automation\/\",\"name\":\"Washer Vibratory Bowl Feeder | Vibro Feeder Parts for Washer\",\"isPartOf\":{\"@id\":\"https:\/\/swoer.com\/#website\"},\"primaryImageOfPage\":{\"@id\":\"https:\/\/swoer.com\/manufacturer\/washer-bowl-feeder-automation\/#primaryimage\"},\"image\":{\"@id\":\"https:\/\/swoer.com\/manufacturer\/washer-bowl-feeder-automation\/#primaryimage\"},\"thumbnailUrl\":\"https:\/\/swoer.com\/wp-content\/uploads\/2024\/03\/washer-bowl-feeder-automation.webp\",\"datePublished\":\"2024-03-30T03:41:31+00:00\",\"dateModified\":\"2024-08-01T06:04:40+00:00\",\"description\":\"Custom high-speed vibratory bowl feeder for washer. CE & UL certified for safety. Tailored solutions by our experienced team. Fast delivery guaranteed.\",\"breadcrumb\":{\"@id\":\"https:\/\/swoer.com\/manufacturer\/washer-bowl-feeder-automation\/#breadcrumb\"},\"inLanguage\":\"cs\",\"potentialAction\":[{\"@type\":\"ReadAction\",\"target\":[\"https:\/\/swoer.com\/manufacturer\/washer-bowl-feeder-automation\/\"]}]},{\"@type\":\"ImageObject\",\"inLanguage\":\"cs\",\"@id\":\"https:\/\/swoer.com\/manufacturer\/washer-bowl-feeder-automation\/#primaryimage\",\"url\":\"https:\/\/swoer.com\/wp-content\/uploads\/2024\/03\/washer-bowl-feeder-automation.webp\",\"contentUrl\":\"https:\/\/swoer.com\/wp-content\/uploads\/2024\/03\/washer-bowl-feeder-automation.webp\",\"width\":1000,\"height\":1000,\"caption\":\"washer bowl feeder automation\"},{\"@type\":\"BreadcrumbList\",\"@id\":\"https:\/\/swoer.com\/manufacturer\/washer-bowl-feeder-automation\/#breadcrumb\",\"itemListElement\":[{\"@type\":\"ListItem\",\"position\":1,\"name\":\"Home\",\"item\":\"https:\/\/swoer.com\/\"},{\"@type\":\"ListItem\",\"position\":2,\"name\":\"Shop\",\"item\":\"https:\/\/swoer.com\/shop\/\"},{\"@type\":\"ListItem\",\"position\":3,\"name\":\"Washer Vibratory Bowl Feeder\"}]},{\"@type\":\"WebSite\",\"@id\":\"https:\/\/swoer.com\/#website\",\"url\":\"https:\/\/swoer.com\/\",\"name\":\"SWOER\",\"description\":\"Swoer is the top 3 vibratory bowl feeder manufacturer in China\",\"potentialAction\":[{\"@type\":\"SearchAction\",\"target\":{\"@type\":\"EntryPoint\",\"urlTemplate\":\"https:\/\/swoer.com\/?s={search_term_string}\"},\"query-input\":\"required name=search_term_string\"}],\"inLanguage\":\"cs\"}]}<\/script>\n<!-- \/ Yoast SEO plugin. -->","yoast_head_json":{"title":"Washer Vibratory Bowl Feeder | Vibro Feeder Parts for Washer","description":"Custom high-speed vibratory bowl feeder for washer. CE & UL certified for safety. Tailored solutions by our experienced team. Fast delivery guaranteed.","robots":{"index":"index","follow":"follow","max-snippet":"max-snippet:-1","max-image-preview":"max-image-preview:large","max-video-preview":"max-video-preview:-1"},"canonical":"https:\/\/swoer.com\/cs\/manufacturer\/washer-bowl-feeder-automation\/","og_locale":"cs_CZ","og_type":"article","og_title":"Washer Vibratory Bowl Feeder | Vibro Feeder Parts for Washer","og_description":"Custom high-speed vibratory bowl feeder for washer. CE & UL certified for safety. Tailored solutions by our experienced team. Fast delivery guaranteed.","og_url":"https:\/\/swoer.com\/cs\/manufacturer\/washer-bowl-feeder-automation\/","og_site_name":"SWOER","article_modified_time":"2024-08-01T06:04:40+00:00","og_image":[{"width":1000,"height":1000,"url":"https:\/\/swoer.com\/wp-content\/uploads\/2024\/03\/washer-bowl-feeder-automation.webp","type":"image\/webp"}],"twitter_card":"summary_large_image","twitter_misc":{"Odhadovan\u00e1 doba \u010dten\u00ed":"2 minuty"},"schema":{"@context":"https:\/\/schema.org","@graph":[{"@type":"WebPage","@id":"https:\/\/swoer.com\/manufacturer\/washer-bowl-feeder-automation\/","url":"https:\/\/swoer.com\/manufacturer\/washer-bowl-feeder-automation\/","name":"Washer Vibratory Bowl Feeder | Vibro Feeder Parts for Washer","isPartOf":{"@id":"https:\/\/swoer.com\/#website"},"primaryImageOfPage":{"@id":"https:\/\/swoer.com\/manufacturer\/washer-bowl-feeder-automation\/#primaryimage"},"image":{"@id":"https:\/\/swoer.com\/manufacturer\/washer-bowl-feeder-automation\/#primaryimage"},"thumbnailUrl":"https:\/\/swoer.com\/wp-content\/uploads\/2024\/03\/washer-bowl-feeder-automation.webp","datePublished":"2024-03-30T03:41:31+00:00","dateModified":"2024-08-01T06:04:40+00:00","description":"Custom high-speed vibratory bowl feeder for washer. CE & UL certified for safety. Tailored solutions by our experienced team. Fast delivery guaranteed.","breadcrumb":{"@id":"https:\/\/swoer.com\/manufacturer\/washer-bowl-feeder-automation\/#breadcrumb"},"inLanguage":"cs","potentialAction":[{"@type":"ReadAction","target":["https:\/\/swoer.com\/manufacturer\/washer-bowl-feeder-automation\/"]}]},{"@type":"ImageObject","inLanguage":"cs","@id":"https:\/\/swoer.com\/manufacturer\/washer-bowl-feeder-automation\/#primaryimage","url":"https:\/\/swoer.com\/wp-content\/uploads\/2024\/03\/washer-bowl-feeder-automation.webp","contentUrl":"https:\/\/swoer.com\/wp-content\/uploads\/2024\/03\/washer-bowl-feeder-automation.webp","width":1000,"height":1000,"caption":"washer bowl feeder automation"},{"@type":"BreadcrumbList","@id":"https:\/\/swoer.com\/manufacturer\/washer-bowl-feeder-automation\/#breadcrumb","itemListElement":[{"@type":"ListItem","position":1,"name":"Home","item":"https:\/\/swoer.com\/"},{"@type":"ListItem","position":2,"name":"Shop","item":"https:\/\/swoer.com\/shop\/"},{"@type":"ListItem","position":3,"name":"Washer Vibratory Bowl Feeder"}]},{"@type":"WebSite","@id":"https:\/\/swoer.com\/#website","url":"https:\/\/swoer.com\/","name":"SWOER","description":"Swoer is the top 3 vibratory bowl feeder manufacturer in China","potentialAction":[{"@type":"SearchAction","target":{"@type":"EntryPoint","urlTemplate":"https:\/\/swoer.com\/?s={search_term_string}"},"query-input":"required name=search_term_string"}],"inLanguage":"cs"}]}},"_links":{"self":[{"href":"https:\/\/swoer.com\/cs\/wp-json\/wp\/v2\/product\/1734"}],"collection":[{"href":"https:\/\/swoer.com\/cs\/wp-json\/wp\/v2\/product"}],"about":[{"href":"https:\/\/swoer.com\/cs\/wp-json\/wp\/v2\/types\/product"}],"replies":[{"embeddable":true,"href":"https:\/\/swoer.com\/cs\/wp-json\/wp\/v2\/comments?post=1734"}],"wp:featuredmedia":[{"embeddable":true,"href":"https:\/\/swoer.com\/cs\/wp-json\/wp\/v2\/media\/1735"}],"wp:attachment":[{"href":"https:\/\/swoer.com\/cs\/wp-json\/wp\/v2\/media?parent=1734"}],"wp:term":[{"taxonomy":"product_cat","embeddable":true,"href":"https:\/\/swoer.com\/cs\/wp-json\/wp\/v2\/product_cat?post=1734"},{"taxonomy":"product_tag","embeddable":true,"href":"https:\/\/swoer.com\/cs\/wp-json\/wp\/v2\/product_tag?post=1734"}],"curies":[{"name":"wp","href":"https:\/\/api.w.org\/{rel}","templated":true}]}}