{"id":1730,"date":"2024-03-30T03:32:35","date_gmt":"2024-03-30T03:32:35","guid":{"rendered":"https:\/\/lightgrey-porpoise-816575.hostingersite.com\/?post_type=product&#038;p=1730"},"modified":"2024-08-03T14:36:48","modified_gmt":"2024-08-03T06:36:48","slug":"part-feeding-systems-for-springs","status":"publish","type":"product","link":"https:\/\/swoer.com\/cs\/manufacturer\/part-feeding-systems-for-springs\/","title":{"rendered":"Syst\u00e9my pod\u00e1v\u00e1n\u00ed d\u00edl\u016f pro pru\u017einy"},"content":{"rendered":"<p>Manipulace s pru\u017einami v pr\u016fmyslov\u00e9 automatizaci p\u0159edstavuje jedine\u010dn\u00e9 v\u00fdzvy. Pru\u017einy se li\u0161\u00ed tvarem a velikost\u00ed, tak\u017ee jejich pod\u00e1v\u00e1n\u00ed je slo\u017eit\u00fd \u00fakol. Ve SWOER nab\u00edz\u00edme pokro\u010dil\u00e1 \u0159e\u0161en\u00ed pro tyto specifick\u00e9 pot\u0159eby.<\/p>\n<h2>Parametr podava\u010de misky:<\/h2>\n<table width=\"684\">\n<tbody>\n<tr>\n<td width=\"183\">jm\u00e9no v\u00fdrobku<\/td>\n<td width=\"501\">Syst\u00e9my pod\u00e1v\u00e1n\u00ed d\u00edl\u016f pro pru\u017einy<\/td>\n<\/tr>\n<tr>\n<td>Materi\u00e1l<\/td>\n<td>\u00a0SUS201\/304<\/td>\n<\/tr>\n<tr>\n<td>Specialita materi\u00e1lu<\/td>\n<td>Kovac\u00ed slitina zpracovan\u00e1 za studena, Vysok\u00e1 pevnost, Vysok\u00e1 tvrdost<\/td>\n<\/tr>\n<tr>\n<td>Nap\u011bt\u00ed<\/td>\n<td>220V<\/td>\n<\/tr>\n<tr>\n<td>Nap\u00e1jen\u00ed<\/td>\n<td>65W \/150W \/180W \/ 220W \/ 350W<\/td>\n<\/tr>\n<tr>\n<td>Autentizace<\/td>\n<td>CE, ROHS, ISO9001<\/td>\n<\/tr>\n<tr>\n<td>Z\u00e1ruka<\/td>\n<td>1 rok z\u00e1ruka<\/td>\n<\/tr>\n<tr>\n<td>MOQ<\/td>\n<td>1 set<\/td>\n<\/tr>\n<tr>\n<td>Dodac\u00ed lh\u016fta<\/td>\n<td>10-14 dn\u00ed<\/td>\n<\/tr>\n<tr>\n<td>Platebn\u00ed lh\u016fta<\/td>\n<td>T\/T 40% Z\u00e1loha a z\u016fstatek p\u0159ed odesl\u00e1n\u00edm<\/td>\n<\/tr>\n<tr>\n<td>Original of Place<\/td>\n<td>\u010c\u00edna<\/td>\n<\/tr>\n<\/tbody>\n<\/table>\n\t<div id=\"gap-1818998057\" class=\"gap-element clearfix\" style=\"display:block; height:auto;\">\n\t\t\n<style>\n#gap-1818998057 {\n  padding-top: 30px;\n}\n<\/style>\n\t<\/div>\n\t\n<h2>Detaily pru\u017ein:<\/h2>\n\t<div class=\"img has-hover x md-x lg-x y md-y lg-y\" id=\"image_1244733811\">\n\t\t\t\t\t\t\t\t<div class=\"img-inner dark\" >\n\t\t\t<img loading=\"lazy\" decoding=\"async\" width=\"448\" height=\"304\" src=\"https:\/\/swoer.com\/wp-content\/uploads\/2024\/03\/spring-detail.webp\" class=\"attachment-original size-original\" alt=\"jarn\u00ed detail\" srcset=\"https:\/\/swoer.com\/wp-content\/uploads\/2024\/03\/spring-detail.webp 448w, https:\/\/swoer.com\/wp-content\/uploads\/2024\/03\/spring-detail-300x204.webp 300w\" sizes=\"(max-width: 448px) 100vw, 448px\" \/>\t\t\t\t\t\t\n\t\t\t\t\t<\/div>\n\t\t\t\t\t\t\t\t\n<style>\n#image_1244733811 {\n  width: 45%;\n}\n<\/style>\n\t<\/div>\n\t\n<h2>V\u00fdzvy Feeding Springs<\/h2>\n<p>Pru\u017einy, a\u0165 u\u017e kompresn\u00ed, prodlu\u017eovac\u00ed nebo torzn\u00ed, p\u0159edstavuj\u00ed n\u011bkolik probl\u00e9m\u016f:<\/p>\n<ol>\n<li><strong>Variabilita:<\/strong> Pru\u017einy se dod\u00e1vaj\u00ed v r\u016fzn\u00fdch pr\u016fm\u011brech, d\u00e9lk\u00e1ch a konfigurac\u00edch z\u00e1vit\u016f, co\u017e komplikuje proces pod\u00e1v\u00e1n\u00ed.<\/li>\n<li><strong>Zapleten\u00ed a p\u0159ekryt\u00ed:<\/strong> Pru\u017einy se mohou snadno zamotat nebo p\u0159ekr\u00fdt, co\u017e zp\u016fsob\u00ed zablokov\u00e1n\u00ed a prostoje.<\/li>\n<li><strong>Jemn\u00e9 zach\u00e1zen\u00ed:<\/strong> Pru\u017einy jsou jemn\u00e9 a nespr\u00e1vn\u00e1 manipulace je m\u016f\u017ee zdeformovat, co\u017e vede k defekt\u016fm.<\/li>\n<\/ol>\n<h3>\u00a0<\/h3>\n<h2>Hled\u00e1te spolehliv\u00e9 jarn\u00ed krm\u00edtko?<\/h2>\n<p>SWOER nab\u00edz\u00ed krm\u00edtka na m\u00edsy navr\u017een\u00e1 na m\u00edru, aby vyhovovala va\u0161im p\u0159esn\u00fdm pot\u0159eb\u00e1m. Na\u0161e stroje jsou certifikov\u00e1ny CE &amp; UL, co\u017e zaji\u0161\u0165uje bezpe\u010dnost a kvalitu.<\/p>\n<h3>\u00a0<\/h3>\n<h3><strong>V\u00fdhody na\u0161ich jarn\u00edch krm\u00edtek:<\/strong><\/h3>\n<ul>\n<li><strong>Zv\u00fd\u0161en\u00e1 \u00fa\u010dinnost: <\/strong>Pod\u00e1vejte tis\u00edce d\u00edl\u016f za hodinu<\/li>\n<li><strong>P\u0159izp\u016fsobiteln\u00e9: <\/strong>Na m\u00edru va\u0161im konkr\u00e9tn\u00edm d\u00edl\u016fm a v\u00fdrobn\u00ed lince<\/li>\n<li><strong>Spolehliv\u00fd: <\/strong>Vyrobeno tak, aby vydr\u017eelo a udr\u017eelo konzistentn\u00ed v\u00fdkon<\/li>\n<li><strong>Rychl\u00e9 doru\u010den\u00ed: <\/strong>Z\u00edskejte rychle sv\u016fj stroj<\/li>\n<li><strong>Certifikace bezpe\u010dnosti: <\/strong>Certifikace CE a UL pro v\u00e1\u0161 klid<\/li>\n<\/ul>\n<p><strong>N\u00e1\u0161 zku\u0161en\u00fd in\u017een\u00fdrsk\u00fd t\u00fdm s v\u00e1mi bude spolupracovat na n\u00e1vrhu \u0159e\u0161en\u00ed, kter\u00e9 spln\u00ed va\u0161e specifick\u00e9 po\u017eadavky.<\/strong>\u00a0A\u0165 u\u017e pot\u0159ebujete nap\u00e1jet mal\u00e9 nebo velk\u00e9 pru\u017einy, m\u00e1me odborn\u00e9 znalosti, abychom zvl\u00e1dli v\u00e1\u0161 projekt.<\/p>\n<p><strong>Ne\u010dekejte!<\/strong>\u00a0Kontaktujte n\u00e1s je\u0161t\u011b dnes a vy\u017e\u00e1dejte si cenovou nab\u00eddku a zjist\u011bte v\u00edce o tom, jak mohou na\u0161e krm\u00edtka pro jarn\u00ed misky prosp\u011bt va\u0161emu podnik\u00e1n\u00ed.<\/p>\n\n<div class=\"wpcf7 no-js\" id=\"wpcf7-f5-o1\" lang=\"en-US\" dir=\"ltr\">\n<div class=\"screen-reader-response\"><p role=\"status\" aria-live=\"polite\" aria-atomic=\"true\"><\/p> <ul><\/ul><\/div>\n<form action=\"\/cs\/wp-json\/wp\/v2\/product\/1730#wpcf7-f5-o1\" method=\"post\" class=\"wpcf7-form init\" aria-label=\"Kontaktn\u00ed formul\u00e1\u0159\" novalidate=\"novalidate\" data-status=\"init\" data-trp-original-action=\"\/cs\/wp-json\/wp\/v2\/product\/1730#wpcf7-f5-o1\">\n<div style=\"display: none;\">\n<input type=\"hidden\" name=\"_wpcf7\" value=\"5\" \/>\n<input type=\"hidden\" name=\"_wpcf7_version\" value=\"5.9.2\" \/>\n<input type=\"hidden\" name=\"_wpcf7_locale\" value=\"en_US\" \/>\n<input type=\"hidden\" name=\"_wpcf7_unit_tag\" value=\"wpcf7-f5-o1\" \/>\n<input type=\"hidden\" name=\"_wpcf7_container_post\" value=\"0\" \/>\n<input type=\"hidden\" name=\"_wpcf7_posted_data_hash\" value=\"\" \/>\n<\/div>\n<div class='custom_contact_style'>\n\t<p><label> Tv\u00e9 jm\u00e9no<br \/>\n<span class=\"wpcf7-form-control-wrap\" data-name=\"your-name\"><input size=\"40\" class=\"wpcf7-form-control wpcf7-text wpcf7-validates-as-required\" autocomplete=\"name\" aria-required=\"true\" aria-invalid=\"false\" value=\"\" type=\"text\" name=\"your-name\" \/><\/span> <\/label>\n\t<\/p>\n\t<p><label> Tv\u016fj e-mail<br \/>\n<span class=\"wpcf7-form-control-wrap\" data-name=\"your-email\"><input size=\"40\" class=\"wpcf7-form-control wpcf7-email wpcf7-validates-as-required wpcf7-text wpcf7-validates-as-email\" autocomplete=\"email\" aria-required=\"true\" aria-invalid=\"false\" value=\"\" type=\"email\" name=\"your-email\" \/><\/span> <\/label>\n\t<\/p>\n\t<p><label> Va\u0161e zpr\u00e1va (voliteln\u00e9)<br \/>\n<span class=\"wpcf7-form-control-wrap\" data-name=\"your-message\"><textarea cols=\"40\" rows=\"10\" class=\"wpcf7-form-control wpcf7-textarea\" aria-invalid=\"false\" name=\"your-message\"><\/textarea><\/span> <\/label>\n\t<\/p>\n\t<div style=\"margin-bottom:10px;\">\n\t\t<p><span class=\"wpcf7-form-control-wrap kc_captcha cf7ic-toggle\" data-name=\"kc_captcha\"><span class=\"wpcf7-form-control wpcf7-radio\"><span class=\"captcha-image\" style=\"display: none;\"><span class=\"cf7ic_instructions\">Proka\u017ete, \u017ee jste \u010dlov\u011bk, v\u00fdb\u011brem<span> truck<\/span>.<\/span><label><input aria-label=\"1\" type=\"radio\" name=\"kc_captcha\" value=\"bot\" \/><svg aria-hidden=\"true\" role=\"img\" xmlns=\"http:\/\/www.w3.org\/2000\/svg\" viewbox=\"0 0 512 512\"><path fill=\"currentColor\" d=\"M500 168h-55l-8-21a127 127 0 00-120-83H195a127 127 0 00-120 83l-8 21H12c-8 0-14 8-11 16l8 24a12 12 0 0011 8h29a64 64 0 00-33 56v48c0 16 6 31 16 42v62c0 13 11 24 24 24h48c13 0 24-11 24-24v-40h256v40c0 13 11 24 24 24h48c13 0 24-11 24-24v-62c10-11 16-26 16-42v-48c0-24-13-45-33-56h29a12 12 0 0011-8l8-24c3-8-3-16-11-16zm-365 2c9-25 33-42 60-42h122c27 0 51 17 60 42l15 38H120l15-38zM88 328a32 32 0 010-64c18 0 48 30 48 48s-30 16-48 16zm336 0c-18 0-48 2-48-16s30-48 48-48 32 14 32 32-14 32-32 32z\"\/><\/svg><\/label><label><input aria-label=\"2\" type=\"radio\" name=\"kc_captcha\" value=\"kc_human\" \/><svg aria-hidden=\"true\" role=\"img\" xmlns=\"http:\/\/www.w3.org\/2000\/svg\" viewbox=\"0 0 640 512\"><path fill=\"currentColor\" d=\"M624 352h-16V244c0-13-5-25-14-34L494 110c-9-9-21-14-34-14h-44V48c0-26-21-48-48-48H48C22 0 0 22 0 48v320c0 27 22 48 48 48h16a96 96 0 00192 0h128a96 96 0 00192 0h48c9 0 16-7 16-16v-32c0-9-7-16-16-16zM160 464a48 48 0 110-96 48 48 0 010 96zm320 0a48 48 0 110-96 48 48 0 010 96zm80-208H416V144h44l100 100v12z\"\/><\/svg><\/label><label><input aria-label=\"3\" type=\"radio\" name=\"kc_captcha\" value=\"bot\" \/><svg aria-hidden=\"true\" role=\"img\" xmlns=\"http:\/\/www.w3.org\/2000\/svg\" viewbox=\"0 0 576 512\"><path fill=\"currentColor\" d=\"M472 200H360L256 6a12 12 0 00-10-6h-58c-8 0-14 7-12 15l34 185H100l-35-58a12 12 0 00-10-6H12c-8 0-13 7-12 14l21 106L0 362c-1 7 4 14 12 14h43c4 0 8-2 10-6l35-58h110l-34 185c-2 8 4 15 12 15h58a12 12 0 0010-6l104-194h112c57 0 104-25 104-56s-47-56-104-56z\"\/><\/svg><\/label>\r\n    <\/span>\r\n    <span style=\"display:none\">\r\n        <input type=\"text\" name=\"kc_honeypot\">\r\n    <\/span><\/span><\/span>\n\t\t<\/p>\n\t<\/div>\n\t<p><input class=\"wpcf7-form-control wpcf7-submit has-spinner\" type=\"submit\" value=\"P\u0159edlo\u017eit\" \/>\n\t<\/p>\n<\/div><div class=\"wpcf7-response-output\" aria-hidden=\"true\"><\/div>\n<input type=\"hidden\" name=\"trp-form-language\" value=\"cs\"\/><\/form>\n<\/div>","protected":false},"excerpt":{"rendered":"<p>Vlastn\u00ed vibra\u010dn\u00ed podava\u010de SWOER poskytuj\u00ed p\u0159esn\u00e1 a efektivn\u00ed \u0159e\u0161en\u00ed pro manipulaci a orientaci pru\u017ein ve v\u00fdrobn\u00edch procesech.<\/p>\n<p>Pokud chcete z\u00edskat ceny krm\u00edtka, kontaktujte n\u00e1s.<\/p>","protected":false},"featured_media":1731,"comment_status":"open","ping_status":"closed","template":"","meta":[],"product_cat":[37],"product_tag":[],"yoast_head":"<!-- This site is optimized with the Yoast SEO plugin v22.2 - https:\/\/yoast.com\/wordpress\/plugins\/seo\/ -->\n<title>Part Feeding Systems for Springs | Bowl Feeder for Springs<\/title>\n<meta name=\"description\" content=\"Looking for reliable spring part feeding solutions? Our systems ensure consistent part delivery, reducing downtime and improving product quality. Contact us today!\" \/>\n<meta name=\"robots\" content=\"index, follow, max-snippet:-1, max-image-preview:large, max-video-preview:-1\" \/>\n<link rel=\"canonical\" href=\"https:\/\/swoer.com\/cs\/manufacturer\/part-feeding-systems-for-springs\/\" \/>\n<meta property=\"og:locale\" content=\"cs_CZ\" \/>\n<meta property=\"og:type\" content=\"article\" \/>\n<meta property=\"og:title\" content=\"Part Feeding Systems for Springs | Bowl Feeder for Springs\" \/>\n<meta property=\"og:description\" content=\"Looking for reliable spring part feeding solutions? Our systems ensure consistent part delivery, reducing downtime and improving product quality. Contact us today!\" \/>\n<meta property=\"og:url\" content=\"https:\/\/swoer.com\/cs\/manufacturer\/part-feeding-systems-for-springs\/\" \/>\n<meta property=\"og:site_name\" content=\"SWOER\" \/>\n<meta property=\"article:modified_time\" content=\"2024-08-03T06:36:48+00:00\" \/>\n<meta property=\"og:image\" content=\"https:\/\/swoer.com\/wp-content\/uploads\/2024\/03\/springs-bowl-feeder-machine.webp\" \/>\n\t<meta property=\"og:image:width\" content=\"1000\" \/>\n\t<meta property=\"og:image:height\" content=\"1000\" \/>\n\t<meta property=\"og:image:type\" content=\"image\/webp\" \/>\n<meta name=\"twitter:card\" content=\"summary_large_image\" \/>\n<meta name=\"twitter:label1\" content=\"Odhadovan\u00e1 doba \u010dten\u00ed\" \/>\n\t<meta name=\"twitter:data1\" content=\"2 minuty\" \/>\n<script type=\"application\/ld+json\" class=\"yoast-schema-graph\">{\"@context\":\"https:\/\/schema.org\",\"@graph\":[{\"@type\":\"WebPage\",\"@id\":\"https:\/\/swoer.com\/manufacturer\/part-feeding-systems-for-springs\/\",\"url\":\"https:\/\/swoer.com\/manufacturer\/part-feeding-systems-for-springs\/\",\"name\":\"Part Feeding Systems for Springs | Bowl Feeder for Springs\",\"isPartOf\":{\"@id\":\"https:\/\/swoer.com\/#website\"},\"primaryImageOfPage\":{\"@id\":\"https:\/\/swoer.com\/manufacturer\/part-feeding-systems-for-springs\/#primaryimage\"},\"image\":{\"@id\":\"https:\/\/swoer.com\/manufacturer\/part-feeding-systems-for-springs\/#primaryimage\"},\"thumbnailUrl\":\"https:\/\/swoer.com\/wp-content\/uploads\/2024\/03\/springs-bowl-feeder-machine.webp\",\"datePublished\":\"2024-03-30T03:32:35+00:00\",\"dateModified\":\"2024-08-03T06:36:48+00:00\",\"description\":\"Looking for reliable spring part feeding solutions? Our systems ensure consistent part delivery, reducing downtime and improving product quality. Contact us today!\",\"breadcrumb\":{\"@id\":\"https:\/\/swoer.com\/manufacturer\/part-feeding-systems-for-springs\/#breadcrumb\"},\"inLanguage\":\"cs\",\"potentialAction\":[{\"@type\":\"ReadAction\",\"target\":[\"https:\/\/swoer.com\/manufacturer\/part-feeding-systems-for-springs\/\"]}]},{\"@type\":\"ImageObject\",\"inLanguage\":\"cs\",\"@id\":\"https:\/\/swoer.com\/manufacturer\/part-feeding-systems-for-springs\/#primaryimage\",\"url\":\"https:\/\/swoer.com\/wp-content\/uploads\/2024\/03\/springs-bowl-feeder-machine.webp\",\"contentUrl\":\"https:\/\/swoer.com\/wp-content\/uploads\/2024\/03\/springs-bowl-feeder-machine.webp\",\"width\":1000,\"height\":1000,\"caption\":\"springs bowl feeder machine\"},{\"@type\":\"BreadcrumbList\",\"@id\":\"https:\/\/swoer.com\/manufacturer\/part-feeding-systems-for-springs\/#breadcrumb\",\"itemListElement\":[{\"@type\":\"ListItem\",\"position\":1,\"name\":\"Home\",\"item\":\"https:\/\/swoer.com\/\"},{\"@type\":\"ListItem\",\"position\":2,\"name\":\"Shop\",\"item\":\"https:\/\/swoer.com\/shop\/\"},{\"@type\":\"ListItem\",\"position\":3,\"name\":\"Part Feeding Systems for Springs\"}]},{\"@type\":\"WebSite\",\"@id\":\"https:\/\/swoer.com\/#website\",\"url\":\"https:\/\/swoer.com\/\",\"name\":\"SWOER\",\"description\":\"Swoer is the top 3 vibratory bowl feeder manufacturer in China\",\"potentialAction\":[{\"@type\":\"SearchAction\",\"target\":{\"@type\":\"EntryPoint\",\"urlTemplate\":\"https:\/\/swoer.com\/?s={search_term_string}\"},\"query-input\":\"required name=search_term_string\"}],\"inLanguage\":\"cs\"}]}<\/script>\n<!-- \/ Yoast SEO plugin. -->","yoast_head_json":{"title":"Part Feeding Systems for Springs | Bowl Feeder for Springs","description":"Looking for reliable spring part feeding solutions? Our systems ensure consistent part delivery, reducing downtime and improving product quality. Contact us today!","robots":{"index":"index","follow":"follow","max-snippet":"max-snippet:-1","max-image-preview":"max-image-preview:large","max-video-preview":"max-video-preview:-1"},"canonical":"https:\/\/swoer.com\/cs\/manufacturer\/part-feeding-systems-for-springs\/","og_locale":"cs_CZ","og_type":"article","og_title":"Part Feeding Systems for Springs | Bowl Feeder for Springs","og_description":"Looking for reliable spring part feeding solutions? Our systems ensure consistent part delivery, reducing downtime and improving product quality. Contact us today!","og_url":"https:\/\/swoer.com\/cs\/manufacturer\/part-feeding-systems-for-springs\/","og_site_name":"SWOER","article_modified_time":"2024-08-03T06:36:48+00:00","og_image":[{"width":1000,"height":1000,"url":"https:\/\/swoer.com\/wp-content\/uploads\/2024\/03\/springs-bowl-feeder-machine.webp","type":"image\/webp"}],"twitter_card":"summary_large_image","twitter_misc":{"Odhadovan\u00e1 doba \u010dten\u00ed":"2 minuty"},"schema":{"@context":"https:\/\/schema.org","@graph":[{"@type":"WebPage","@id":"https:\/\/swoer.com\/manufacturer\/part-feeding-systems-for-springs\/","url":"https:\/\/swoer.com\/manufacturer\/part-feeding-systems-for-springs\/","name":"Part Feeding Systems for Springs | Bowl Feeder for Springs","isPartOf":{"@id":"https:\/\/swoer.com\/#website"},"primaryImageOfPage":{"@id":"https:\/\/swoer.com\/manufacturer\/part-feeding-systems-for-springs\/#primaryimage"},"image":{"@id":"https:\/\/swoer.com\/manufacturer\/part-feeding-systems-for-springs\/#primaryimage"},"thumbnailUrl":"https:\/\/swoer.com\/wp-content\/uploads\/2024\/03\/springs-bowl-feeder-machine.webp","datePublished":"2024-03-30T03:32:35+00:00","dateModified":"2024-08-03T06:36:48+00:00","description":"Looking for reliable spring part feeding solutions? Our systems ensure consistent part delivery, reducing downtime and improving product quality. Contact us today!","breadcrumb":{"@id":"https:\/\/swoer.com\/manufacturer\/part-feeding-systems-for-springs\/#breadcrumb"},"inLanguage":"cs","potentialAction":[{"@type":"ReadAction","target":["https:\/\/swoer.com\/manufacturer\/part-feeding-systems-for-springs\/"]}]},{"@type":"ImageObject","inLanguage":"cs","@id":"https:\/\/swoer.com\/manufacturer\/part-feeding-systems-for-springs\/#primaryimage","url":"https:\/\/swoer.com\/wp-content\/uploads\/2024\/03\/springs-bowl-feeder-machine.webp","contentUrl":"https:\/\/swoer.com\/wp-content\/uploads\/2024\/03\/springs-bowl-feeder-machine.webp","width":1000,"height":1000,"caption":"springs bowl feeder machine"},{"@type":"BreadcrumbList","@id":"https:\/\/swoer.com\/manufacturer\/part-feeding-systems-for-springs\/#breadcrumb","itemListElement":[{"@type":"ListItem","position":1,"name":"Home","item":"https:\/\/swoer.com\/"},{"@type":"ListItem","position":2,"name":"Shop","item":"https:\/\/swoer.com\/shop\/"},{"@type":"ListItem","position":3,"name":"Part Feeding Systems for Springs"}]},{"@type":"WebSite","@id":"https:\/\/swoer.com\/#website","url":"https:\/\/swoer.com\/","name":"SWOER","description":"Swoer is the top 3 vibratory bowl feeder manufacturer in China","potentialAction":[{"@type":"SearchAction","target":{"@type":"EntryPoint","urlTemplate":"https:\/\/swoer.com\/?s={search_term_string}"},"query-input":"required name=search_term_string"}],"inLanguage":"cs"}]}},"_links":{"self":[{"href":"https:\/\/swoer.com\/cs\/wp-json\/wp\/v2\/product\/1730"}],"collection":[{"href":"https:\/\/swoer.com\/cs\/wp-json\/wp\/v2\/product"}],"about":[{"href":"https:\/\/swoer.com\/cs\/wp-json\/wp\/v2\/types\/product"}],"replies":[{"embeddable":true,"href":"https:\/\/swoer.com\/cs\/wp-json\/wp\/v2\/comments?post=1730"}],"wp:featuredmedia":[{"embeddable":true,"href":"https:\/\/swoer.com\/cs\/wp-json\/wp\/v2\/media\/1731"}],"wp:attachment":[{"href":"https:\/\/swoer.com\/cs\/wp-json\/wp\/v2\/media?parent=1730"}],"wp:term":[{"taxonomy":"product_cat","embeddable":true,"href":"https:\/\/swoer.com\/cs\/wp-json\/wp\/v2\/product_cat?post=1730"},{"taxonomy":"product_tag","embeddable":true,"href":"https:\/\/swoer.com\/cs\/wp-json\/wp\/v2\/product_tag?post=1730"}],"curies":[{"name":"wp","href":"https:\/\/api.w.org\/{rel}","templated":true}]}}