{"id":1708,"date":"2024-03-29T08:32:52","date_gmt":"2024-03-29T08:32:52","guid":{"rendered":"https:\/\/lightgrey-porpoise-816575.hostingersite.com\/?post_type=product&#038;p=1708"},"modified":"2024-08-01T09:55:42","modified_gmt":"2024-08-01T01:55:42","slug":"red-caps-bowl-feeder-3d-model","status":"publish","type":"product","link":"https:\/\/swoer.com\/cs\/manufacturer\/red-caps-bowl-feeder-3d-model\/","title":{"rendered":"3D model podava\u010de m\u00eds s \u010derven\u00fdmi uz\u00e1v\u011bry"},"content":{"rendered":"<h2>Specifikace misky podava\u010de:<\/h2>\n<table width=\"684\">\n<tbody>\n<tr>\n<td width=\"183\">jm\u00e9no v\u00fdrobku<\/td>\n<td width=\"501\">3D model podava\u010de m\u00eds s \u010derven\u00fdmi uz\u00e1v\u011bry<\/td>\n<\/tr>\n<tr>\n<td>Materi\u00e1l<\/td>\n<td>\u00a0SUS201\/304<\/td>\n<\/tr>\n<tr>\n<td>Specialita materi\u00e1lu<\/td>\n<td>Kovac\u00ed slitina zpracovan\u00e1 za studena, Vysok\u00e1 pevnost, Vysok\u00e1 tvrdost<\/td>\n<\/tr>\n<tr>\n<td>Nap\u011bt\u00ed<\/td>\n<td>220V<\/td>\n<\/tr>\n<tr>\n<td>Nap\u00e1jen\u00ed<\/td>\n<td>65W \/150W \/180W \/ 220W \/ 350W<\/td>\n<\/tr>\n<tr>\n<td>Autentizace<\/td>\n<td>CE, ROHS, ISO9001<\/td>\n<\/tr>\n<tr>\n<td>Z\u00e1ruka<\/td>\n<td>1 rok z\u00e1ruka<\/td>\n<\/tr>\n<tr>\n<td>MOQ<\/td>\n<td>1 set<\/td>\n<\/tr>\n<tr>\n<td>Dodac\u00ed lh\u016fta<\/td>\n<td>10-14 dn\u00ed<\/td>\n<\/tr>\n<tr>\n<td>Platebn\u00ed lh\u016fta<\/td>\n<td>T\/T 40% Z\u00e1loha a z\u016fstatek p\u0159ed odesl\u00e1n\u00edm<\/td>\n<\/tr>\n<tr>\n<td>Original of Place<\/td>\n<td>\u010c\u00edna<\/td>\n<\/tr>\n<\/tbody>\n<\/table>\n<h3><\/h3>\n<h2>Podrobnosti o \u010derven\u00e9 \u010depici:<\/h2>\n\t<div class=\"img has-hover x md-x lg-x y md-y lg-y\" id=\"image_126740242\">\n\t\t\t\t\t\t\t\t<div class=\"img-inner dark\" >\n\t\t\t<img loading=\"lazy\" decoding=\"async\" width=\"336\" height=\"191\" src=\"https:\/\/swoer.com\/wp-content\/uploads\/2024\/03\/Red-Cap-Detail.webp\" class=\"attachment-original size-original\" alt=\"Detail \u010derven\u00e9 \u010depice\" srcset=\"https:\/\/swoer.com\/wp-content\/uploads\/2024\/03\/Red-Cap-Detail.webp 336w, https:\/\/swoer.com\/wp-content\/uploads\/2024\/03\/Red-Cap-Detail-300x171.webp 300w\" sizes=\"(max-width: 336px) 100vw, 336px\" \/>\t\t\t\t\t\t\n\t\t\t\t\t<\/div>\n\t\t\t\t\t\t\t\t\n<style>\n#image_126740242 {\n  width: 48%;\n}\n<\/style>\n\t<\/div>\n\t\n\t<div id=\"gap-1632805131\" class=\"gap-element clearfix\" style=\"display:block; height:auto;\">\n\t\t\n<style>\n#gap-1632805131 {\n  padding-top: 30px;\n}\n<\/style>\n\t<\/div>\n\t\n<p><strong>Jste p\u0159ipraveni uv\u00e9st sv\u016fj projekt automatizace k \u017eivotu?<\/strong>\u00a0SWOER m\u016f\u017ee pomoci.<\/p>\n<p><strong>Pod\u011blte se o sv\u00e9 konkr\u00e9tn\u00ed po\u017eadavky<\/strong>\u00a0a my v\u00e1m poskytneme vlastn\u00ed cenovou nab\u00eddku pro va\u0161e krm\u00edtko Red Caps. \u0158ekn\u011bte n\u00e1m o:<\/p>\n<ul>\n<li><strong>Podrobnosti d\u00edlu:<\/strong>Nahrajte obr\u00e1zky, rozm\u011bry nebo 3D modely va\u0161ich sou\u010d\u00e1st\u00ed.<\/li>\n<li><strong>Po\u017eadovan\u00e1 rychlost:<\/strong>Kolik kus\u016f za minutu pot\u0159ebujete?<\/li>\n<li><strong>Orientace:<\/strong>Pot\u0159ebujete ot\u00e1\u010den\u00ed ve sm\u011bru nebo proti sm\u011bru hodinov\u00fdch ru\u010di\u010dek? Jak\u00e1 je ide\u00e1ln\u00ed orientace krmen\u00ed?<\/li>\n<li><strong>Dopl\u0148kov\u00e1 v\u00fdbava:<\/strong>Pot\u0159ebujete line\u00e1rn\u00ed podava\u010d, z\u00e1kladn\u00ed desku nebo n\u00e1sypku?<\/li>\n<\/ul>\n<p><strong>Budeme s v\u00e1mi \u00fazce spolupracovat, abychom navrhli \u0159e\u0161en\u00ed, kter\u00e9 p\u0159esn\u011b spln\u00ed va\u0161e pot\u0159eby.<\/strong>\u00a0Na\u0161i zku\u0161en\u00ed in\u017een\u00fd\u0159i vytvo\u0159\u00ed p\u0159izp\u016fsoben\u00fd podava\u010d misek, kter\u00fd zajist\u00ed optim\u00e1ln\u00ed v\u00fdkon a efektivitu.<\/p>\n<p><strong>Kontaktujte n\u00e1s je\u0161t\u011b dnes<\/strong>\u00a0prodiskutovat sv\u016fj projekt a za\u010d\u00edt.<\/p>\n\t<div id=\"gap-890162928\" class=\"gap-element clearfix\" style=\"display:block; height:auto;\">\n\t\t\n<style>\n#gap-890162928 {\n  padding-top: 30px;\n}\n<\/style>\n\t<\/div>\n\t\n<h2 style=\"text-align: center;\"><strong>Kontaktujte n\u00e1s<\/strong><\/h2>\n\n<div class=\"wpcf7 no-js\" id=\"wpcf7-f280-o1\" lang=\"en-US\" dir=\"ltr\">\n<div class=\"screen-reader-response\"><p role=\"status\" aria-live=\"polite\" aria-atomic=\"true\"><\/p> <ul><\/ul><\/div>\n<form action=\"\/cs\/wp-json\/wp\/v2\/product\/1708#wpcf7-f280-o1\" method=\"post\" class=\"wpcf7-form init\" aria-label=\"Kontaktn\u00ed formul\u00e1\u0159\" novalidate=\"novalidate\" data-status=\"init\" data-trp-original-action=\"\/cs\/wp-json\/wp\/v2\/product\/1708#wpcf7-f280-o1\">\n<div style=\"display: none;\">\n<input type=\"hidden\" name=\"_wpcf7\" value=\"280\" \/>\n<input type=\"hidden\" name=\"_wpcf7_version\" value=\"5.9.2\" \/>\n<input type=\"hidden\" name=\"_wpcf7_locale\" value=\"en_US\" \/>\n<input type=\"hidden\" name=\"_wpcf7_unit_tag\" value=\"wpcf7-f280-o1\" \/>\n<input type=\"hidden\" name=\"_wpcf7_container_post\" value=\"0\" \/>\n<input type=\"hidden\" name=\"_wpcf7_posted_data_hash\" value=\"\" \/>\n<\/div>\n<div class='custom_contact_style'>\n\t<div class=\"row row-small\">\n\t\t<div class=\"col medium-6 small-12 large-6\">\n\t\t\t<div class=\"col-inner\">\n\t\t\t\t<p><span class=\"wpcf7-form-control-wrap\" data-name=\"your-name\"><input size=\"40\" class=\"wpcf7-form-control wpcf7-text wpcf7-validates-as-required\" aria-required=\"true\" aria-invalid=\"false\" placeholder=\"N\u00e1zev*\" value=\"\" type=\"text\" name=\"your-name\" \/><\/span>\n\t\t\t\t<\/p>\n\t\t\t<\/div>\n\t\t<\/div>\n\t\t<div class=\"col medium-6 small-12 large-6\">\n\t\t\t<div class=\"col-inner\">\n\t\t\t\t<p><span class=\"wpcf7-form-control-wrap\" data-name=\"your-email\"><input size=\"40\" class=\"wpcf7-form-control wpcf7-email wpcf7-validates-as-required wpcf7-text wpcf7-validates-as-email\" aria-required=\"true\" aria-invalid=\"false\" placeholder=\"E-mailem*\" value=\"\" type=\"email\" name=\"your-email\" \/><\/span>\n\t\t\t\t<\/p>\n\t\t\t<\/div>\n\t\t<\/div>\n\t<\/div>\n\t<div class='cus_contact_form_bottom'>\n\t\t<p><span class=\"wpcf7-form-control-wrap\" data-name=\"your-phone\"><input size=\"40\" class=\"wpcf7-form-control wpcf7-text\" aria-invalid=\"false\" placeholder=\"Telefon\" value=\"\" type=\"text\" name=\"your-phone\" \/><\/span>\n\t\t<\/p>\n\t<\/div>\n\t<div class='cus_contact_form_bottom'>\n\t\t<p><span class=\"wpcf7-form-control-wrap\" data-name=\"your-country\"><input size=\"40\" class=\"wpcf7-form-control wpcf7-text\" aria-invalid=\"false\" placeholder=\"Zem\u011b\" value=\"\" type=\"text\" name=\"your-country\" \/><\/span>\n\t\t<\/p>\n\t<\/div>\n\t<p><span class=\"wpcf7-form-control-wrap\" data-name=\"your-message\"><textarea cols=\"40\" rows=\"10\" class=\"wpcf7-form-control wpcf7-textarea wpcf7-validates-as-required\" aria-required=\"true\" aria-invalid=\"false\" placeholder=\"Va\u0161e zpr\u00e1va *\" name=\"your-message\"><\/textarea><\/span>\n\t<\/p>\n\t<div style=\"margin-bottom:10px;\">\n\t\t<p><span class=\"wpcf7-form-control-wrap kc_captcha cf7ic-toggle\" data-name=\"kc_captcha\"><span class=\"wpcf7-form-control wpcf7-radio\"><span class=\"captcha-image\" style=\"display: none;\"><span class=\"cf7ic_instructions\">Proka\u017ete, \u017ee jste \u010dlov\u011bk, v\u00fdb\u011brem<span> tree<\/span>.<\/span><label><input aria-label=\"1\" type=\"radio\" name=\"kc_captcha\" value=\"bot\" \/><svg aria-hidden=\"true\" role=\"img\" xmlns=\"http:\/\/www.w3.org\/2000\/svg\" viewbox=\"0 0 576 512\"><path fill=\"currentColor\" d=\"M488 313v143c0 13-11 24-24 24H348c-7 0-12-5-12-12V356c0-7-5-12-12-12h-72c-7 0-12 5-12 12v112c0 7-5 12-12 12H112c-13 0-24-11-24-24V313c0-4 2-7 4-10l188-154c5-4 11-4 16 0l188 154c2 3 4 6 4 10zm84-61l-84-69V44c0-6-5-12-12-12h-56c-7 0-12 6-12 12v73l-89-74a48 48 0 00-61 0L4 252c-5 4-5 12-1 17l25 31c5 5 12 5 17 1l235-193c5-4 11-4 16 0l235 193c5 5 13 4 17-1l25-31c4-6 4-13-1-17z\"\/><\/svg><\/label><label><input aria-label=\"2\" type=\"radio\" name=\"kc_captcha\" value=\"bot\" \/><svg aria-hidden=\"true\" role=\"img\" xmlns=\"http:\/\/www.w3.org\/2000\/svg\" viewbox=\"0 0 640 512\"><path fill=\"currentColor\" d=\"M624 352h-16V244c0-13-5-25-14-34L494 110c-9-9-21-14-34-14h-44V48c0-26-21-48-48-48H48C22 0 0 22 0 48v320c0 27 22 48 48 48h16a96 96 0 00192 0h128a96 96 0 00192 0h48c9 0 16-7 16-16v-32c0-9-7-16-16-16zM160 464a48 48 0 110-96 48 48 0 010 96zm320 0a48 48 0 110-96 48 48 0 010 96zm80-208H416V144h44l100 100v12z\"\/><\/svg><\/label><label><input aria-label=\"3\" type=\"radio\" name=\"kc_captcha\" value=\"kc_human\" \/><svg aria-hidden=\"true\" role=\"img\" xmlns=\"http:\/\/www.w3.org\/2000\/svg\" viewbox=\"0 0 384 512\"><path fill=\"currentColor\" d=\"M377 375l-83-87h34c21 0 32-25 17-40l-82-88h33c21 0 32-25 18-40L210 8c-10-11-26-11-36 0L70 120c-14 15-3 40 18 40h33l-82 88c-15 15-4 40 17 40h34L7 375c-15 16-4 41 17 41h120c0 33-11 49-34 68-12 9-5 28 10 28h144c15 0 22-19 10-28-20-16-34-32-34-68h120c21 0 32-25 17-41z\"\/><\/svg><\/label>\r\n    <\/span>\r\n    <span style=\"display:none\">\r\n        <input type=\"text\" name=\"kc_honeypot\">\r\n    <\/span><\/span><\/span>\n\t\t<\/p>\n\t<\/div>\n\t<p><input class=\"wpcf7-form-control wpcf7-submit has-spinner\" type=\"submit\" value=\"Poslat zpr\u00e1vu\" \/>\n\t<\/p>\n<\/div><div class=\"wpcf7-response-output\" aria-hidden=\"true\"><\/div>\n<input type=\"hidden\" name=\"trp-form-language\" value=\"cs\"\/><\/form>\n<\/div>","protected":false},"excerpt":{"rendered":"<p>SWOER Red Caps Bowl Feeder 3D model: Profesion\u00e1ln\u00ed v\u00fdrobci vibra\u010dn\u00edch podava\u010d\u016f v\u00e1m zdarma poskytuj\u00ed 3D konstruk\u010dn\u00ed \u0159e\u0161en\u00ed.<\/p>","protected":false},"featured_media":1709,"comment_status":"open","ping_status":"closed","template":"","meta":[],"product_cat":[37],"product_tag":[],"yoast_head":"<!-- This site is optimized with the Yoast SEO plugin v22.2 - https:\/\/yoast.com\/wordpress\/plugins\/seo\/ -->\n<title>Red Caps Bowl Feeder 3D Model | Bowl Feeder 3D Model Design<\/title>\n<meta name=\"description\" content=\"Need a custom bowl feeder solution? Our engineering team can design a bowl feeder tailored to your specific needs. Contact us today for a quote.\" \/>\n<meta name=\"robots\" content=\"index, follow, max-snippet:-1, max-image-preview:large, max-video-preview:-1\" \/>\n<link rel=\"canonical\" href=\"https:\/\/swoer.com\/cs\/manufacturer\/red-caps-bowl-feeder-3d-model\/\" \/>\n<meta property=\"og:locale\" content=\"cs_CZ\" \/>\n<meta property=\"og:type\" content=\"article\" \/>\n<meta property=\"og:title\" content=\"Red Caps Bowl Feeder 3D Model | Bowl Feeder 3D Model Design\" \/>\n<meta property=\"og:description\" content=\"Need a custom bowl feeder solution? Our engineering team can design a bowl feeder tailored to your specific needs. Contact us today for a quote.\" \/>\n<meta property=\"og:url\" content=\"https:\/\/swoer.com\/cs\/manufacturer\/red-caps-bowl-feeder-3d-model\/\" \/>\n<meta property=\"og:site_name\" content=\"SWOER\" \/>\n<meta property=\"article:modified_time\" content=\"2024-08-01T01:55:42+00:00\" \/>\n<meta property=\"og:image\" content=\"https:\/\/swoer.com\/wp-content\/uploads\/2024\/03\/red-caps-bowl-feeder-3D-model-.webp\" \/>\n\t<meta property=\"og:image:width\" content=\"1000\" \/>\n\t<meta property=\"og:image:height\" content=\"1000\" \/>\n\t<meta property=\"og:image:type\" content=\"image\/webp\" \/>\n<meta name=\"twitter:card\" content=\"summary_large_image\" \/>\n<meta name=\"twitter:label1\" content=\"Odhadovan\u00e1 doba \u010dten\u00ed\" \/>\n\t<meta name=\"twitter:data1\" content=\"2 minuty\" \/>\n<script type=\"application\/ld+json\" class=\"yoast-schema-graph\">{\"@context\":\"https:\/\/schema.org\",\"@graph\":[{\"@type\":\"WebPage\",\"@id\":\"https:\/\/swoer.com\/manufacturer\/red-caps-bowl-feeder-3d-model\/\",\"url\":\"https:\/\/swoer.com\/manufacturer\/red-caps-bowl-feeder-3d-model\/\",\"name\":\"Red Caps Bowl Feeder 3D Model | Bowl Feeder 3D Model Design\",\"isPartOf\":{\"@id\":\"https:\/\/swoer.com\/#website\"},\"primaryImageOfPage\":{\"@id\":\"https:\/\/swoer.com\/manufacturer\/red-caps-bowl-feeder-3d-model\/#primaryimage\"},\"image\":{\"@id\":\"https:\/\/swoer.com\/manufacturer\/red-caps-bowl-feeder-3d-model\/#primaryimage\"},\"thumbnailUrl\":\"https:\/\/swoer.com\/wp-content\/uploads\/2024\/03\/red-caps-bowl-feeder-3D-model-.webp\",\"datePublished\":\"2024-03-29T08:32:52+00:00\",\"dateModified\":\"2024-08-01T01:55:42+00:00\",\"description\":\"Need a custom bowl feeder solution? Our engineering team can design a bowl feeder tailored to your specific needs. Contact us today for a quote.\",\"breadcrumb\":{\"@id\":\"https:\/\/swoer.com\/manufacturer\/red-caps-bowl-feeder-3d-model\/#breadcrumb\"},\"inLanguage\":\"cs\",\"potentialAction\":[{\"@type\":\"ReadAction\",\"target\":[\"https:\/\/swoer.com\/manufacturer\/red-caps-bowl-feeder-3d-model\/\"]}]},{\"@type\":\"ImageObject\",\"inLanguage\":\"cs\",\"@id\":\"https:\/\/swoer.com\/manufacturer\/red-caps-bowl-feeder-3d-model\/#primaryimage\",\"url\":\"https:\/\/swoer.com\/wp-content\/uploads\/2024\/03\/red-caps-bowl-feeder-3D-model-.webp\",\"contentUrl\":\"https:\/\/swoer.com\/wp-content\/uploads\/2024\/03\/red-caps-bowl-feeder-3D-model-.webp\",\"width\":1000,\"height\":1000,\"caption\":\"red caps bowl feeder 3D model\"},{\"@type\":\"BreadcrumbList\",\"@id\":\"https:\/\/swoer.com\/manufacturer\/red-caps-bowl-feeder-3d-model\/#breadcrumb\",\"itemListElement\":[{\"@type\":\"ListItem\",\"position\":1,\"name\":\"Home\",\"item\":\"https:\/\/swoer.com\/\"},{\"@type\":\"ListItem\",\"position\":2,\"name\":\"Shop\",\"item\":\"https:\/\/swoer.com\/shop\/\"},{\"@type\":\"ListItem\",\"position\":3,\"name\":\"Red Caps Bowl Feeder 3D Model\"}]},{\"@type\":\"WebSite\",\"@id\":\"https:\/\/swoer.com\/#website\",\"url\":\"https:\/\/swoer.com\/\",\"name\":\"SWOER\",\"description\":\"Swoer is the top 3 vibratory bowl feeder manufacturer in China\",\"potentialAction\":[{\"@type\":\"SearchAction\",\"target\":{\"@type\":\"EntryPoint\",\"urlTemplate\":\"https:\/\/swoer.com\/?s={search_term_string}\"},\"query-input\":\"required name=search_term_string\"}],\"inLanguage\":\"cs\"}]}<\/script>\n<!-- \/ Yoast SEO plugin. -->","yoast_head_json":{"title":"Red Caps Bowl Feeder 3D Model | Bowl Feeder 3D Model Design","description":"Need a custom bowl feeder solution? Our engineering team can design a bowl feeder tailored to your specific needs. Contact us today for a quote.","robots":{"index":"index","follow":"follow","max-snippet":"max-snippet:-1","max-image-preview":"max-image-preview:large","max-video-preview":"max-video-preview:-1"},"canonical":"https:\/\/swoer.com\/cs\/manufacturer\/red-caps-bowl-feeder-3d-model\/","og_locale":"cs_CZ","og_type":"article","og_title":"Red Caps Bowl Feeder 3D Model | Bowl Feeder 3D Model Design","og_description":"Need a custom bowl feeder solution? Our engineering team can design a bowl feeder tailored to your specific needs. Contact us today for a quote.","og_url":"https:\/\/swoer.com\/cs\/manufacturer\/red-caps-bowl-feeder-3d-model\/","og_site_name":"SWOER","article_modified_time":"2024-08-01T01:55:42+00:00","og_image":[{"width":1000,"height":1000,"url":"https:\/\/swoer.com\/wp-content\/uploads\/2024\/03\/red-caps-bowl-feeder-3D-model-.webp","type":"image\/webp"}],"twitter_card":"summary_large_image","twitter_misc":{"Odhadovan\u00e1 doba \u010dten\u00ed":"2 minuty"},"schema":{"@context":"https:\/\/schema.org","@graph":[{"@type":"WebPage","@id":"https:\/\/swoer.com\/manufacturer\/red-caps-bowl-feeder-3d-model\/","url":"https:\/\/swoer.com\/manufacturer\/red-caps-bowl-feeder-3d-model\/","name":"Red Caps Bowl Feeder 3D Model | Bowl Feeder 3D Model Design","isPartOf":{"@id":"https:\/\/swoer.com\/#website"},"primaryImageOfPage":{"@id":"https:\/\/swoer.com\/manufacturer\/red-caps-bowl-feeder-3d-model\/#primaryimage"},"image":{"@id":"https:\/\/swoer.com\/manufacturer\/red-caps-bowl-feeder-3d-model\/#primaryimage"},"thumbnailUrl":"https:\/\/swoer.com\/wp-content\/uploads\/2024\/03\/red-caps-bowl-feeder-3D-model-.webp","datePublished":"2024-03-29T08:32:52+00:00","dateModified":"2024-08-01T01:55:42+00:00","description":"Need a custom bowl feeder solution? Our engineering team can design a bowl feeder tailored to your specific needs. Contact us today for a quote.","breadcrumb":{"@id":"https:\/\/swoer.com\/manufacturer\/red-caps-bowl-feeder-3d-model\/#breadcrumb"},"inLanguage":"cs","potentialAction":[{"@type":"ReadAction","target":["https:\/\/swoer.com\/manufacturer\/red-caps-bowl-feeder-3d-model\/"]}]},{"@type":"ImageObject","inLanguage":"cs","@id":"https:\/\/swoer.com\/manufacturer\/red-caps-bowl-feeder-3d-model\/#primaryimage","url":"https:\/\/swoer.com\/wp-content\/uploads\/2024\/03\/red-caps-bowl-feeder-3D-model-.webp","contentUrl":"https:\/\/swoer.com\/wp-content\/uploads\/2024\/03\/red-caps-bowl-feeder-3D-model-.webp","width":1000,"height":1000,"caption":"red caps bowl feeder 3D model"},{"@type":"BreadcrumbList","@id":"https:\/\/swoer.com\/manufacturer\/red-caps-bowl-feeder-3d-model\/#breadcrumb","itemListElement":[{"@type":"ListItem","position":1,"name":"Home","item":"https:\/\/swoer.com\/"},{"@type":"ListItem","position":2,"name":"Shop","item":"https:\/\/swoer.com\/shop\/"},{"@type":"ListItem","position":3,"name":"Red Caps Bowl Feeder 3D Model"}]},{"@type":"WebSite","@id":"https:\/\/swoer.com\/#website","url":"https:\/\/swoer.com\/","name":"SWOER","description":"Swoer is the top 3 vibratory bowl feeder manufacturer in China","potentialAction":[{"@type":"SearchAction","target":{"@type":"EntryPoint","urlTemplate":"https:\/\/swoer.com\/?s={search_term_string}"},"query-input":"required name=search_term_string"}],"inLanguage":"cs"}]}},"_links":{"self":[{"href":"https:\/\/swoer.com\/cs\/wp-json\/wp\/v2\/product\/1708"}],"collection":[{"href":"https:\/\/swoer.com\/cs\/wp-json\/wp\/v2\/product"}],"about":[{"href":"https:\/\/swoer.com\/cs\/wp-json\/wp\/v2\/types\/product"}],"replies":[{"embeddable":true,"href":"https:\/\/swoer.com\/cs\/wp-json\/wp\/v2\/comments?post=1708"}],"wp:featuredmedia":[{"embeddable":true,"href":"https:\/\/swoer.com\/cs\/wp-json\/wp\/v2\/media\/1709"}],"wp:attachment":[{"href":"https:\/\/swoer.com\/cs\/wp-json\/wp\/v2\/media?parent=1708"}],"wp:term":[{"taxonomy":"product_cat","embeddable":true,"href":"https:\/\/swoer.com\/cs\/wp-json\/wp\/v2\/product_cat?post=1708"},{"taxonomy":"product_tag","embeddable":true,"href":"https:\/\/swoer.com\/cs\/wp-json\/wp\/v2\/product_tag?post=1708"}],"curies":[{"name":"wp","href":"https:\/\/api.w.org\/{rel}","templated":true}]}}