{"id":1664,"date":"2024-03-28T00:26:35","date_gmt":"2024-03-28T00:26:35","guid":{"rendered":"https:\/\/lightgrey-porpoise-816575.hostingersite.com\/?post_type=product&#038;p=1664"},"modified":"2024-08-01T10:13:43","modified_gmt":"2024-08-01T02:13:43","slug":"metal-part-vibratory-bowl-feeder","status":"publish","type":"product","link":"https:\/\/swoer.com\/cs\/manufacturer\/metal-part-vibratory-bowl-feeder\/","title":{"rendered":"Dvoustop\u00fd vibra\u010dn\u00ed m\u00edsov\u00fd podava\u010d pro kovov\u00e9 \u010d\u00e1sti"},"content":{"rendered":"<p>Vibra\u010dn\u00ed miskov\u00fd podava\u010d kovov\u00fdch d\u00edl\u016f je precizn\u011b konstruovan\u00e9 za\u0159\u00edzen\u00ed pou\u017e\u00edvan\u00e9 v pr\u016fmyslov\u00e9 automatizaci pro t\u0159\u00edd\u011bn\u00ed, orientaci a pod\u00e1v\u00e1n\u00ed kovov\u00fdch sou\u010d\u00e1st\u00ed. Vyu\u017e\u00edv\u00e1 vibrace k pohybu a orientaci d\u00edl\u016f v kruhov\u00e9 misce, co\u017e usnad\u0148uje hladk\u00fd a efektivn\u00ed proces pod\u00e1v\u00e1n\u00ed pro mont\u00e1\u017en\u00ed nebo v\u00fdrobn\u00ed linky. Tyto podava\u010de jsou navr\u017eeny pro vysokou spolehlivost, p\u0159esnost a p\u0159izp\u016fsobivost, co\u017e z nich \u010din\u00ed z\u00e1kladn\u00ed vybaven\u00ed v r\u016fzn\u00fdch v\u00fdrobn\u00edch odv\u011btv\u00edch, jako je automobilov\u00fd pr\u016fmysl, elektronika a stroj\u00edrensk\u00e1 v\u00fdroba.<\/p>\n<h2>Kl\u00ed\u010dov\u00e9 vlastnosti:<\/h2>\n<ul>\n<li>Dv\u011b dr\u00e1hy pro zv\u00fd\u0161en\u00ed kapacity a rychlosti manipulace<\/li>\n<li>Hladk\u00fd chod, aby se zabr\u00e1nilo po\u0161kozen\u00ed d\u00edl\u016f<\/li>\n<li>Odoln\u00e1 konstrukce pro dlouhotrvaj\u00edc\u00ed v\u00fdkon<\/li>\n<li>Nastaviteln\u00e1 rychlost posuvu pro spln\u011bn\u00ed specifick\u00fdch v\u00fdrobn\u00edch pot\u0159eb<\/li>\n<li>Snadno se udr\u017euje a \u010dist\u00ed<\/li>\n<\/ul>\n<h2>Specifikace vibra\u010dn\u00edho m\u00edsov\u00e9ho podava\u010de Matal Part:<\/h2>\n<table width=\"684\">\n<tbody>\n<tr>\n<td width=\"183\">jm\u00e9no v\u00fdrobku<\/td>\n<td width=\"501\">Kovov\u00e9 d\u00edly Vibra\u010dn\u00ed m\u00edsov\u00fd podava\u010d<\/td>\n<\/tr>\n<tr>\n<td>Materi\u00e1l<\/td>\n<td>\u00a0SUS201\/304<\/td>\n<\/tr>\n<tr>\n<td>Specialita materi\u00e1lu<\/td>\n<td>Kovac\u00ed slitina zpracovan\u00e1 za studena, Vysok\u00e1 pevnost, Vysok\u00e1 tvrdost<\/td>\n<\/tr>\n<tr>\n<td>Nap\u011bt\u00ed<\/td>\n<td>220V<\/td>\n<\/tr>\n<tr>\n<td>Nap\u00e1jen\u00ed<\/td>\n<td>65W \/150W \/180W \/ 220W \/ 350W<\/td>\n<\/tr>\n<tr>\n<td>Autentizace<\/td>\n<td>CE, ROHS, ISO9001<\/td>\n<\/tr>\n<tr>\n<td>Z\u00e1ruka<\/td>\n<td>1 rok z\u00e1ruka<\/td>\n<\/tr>\n<tr>\n<td>MOQ<\/td>\n<td>1 set<\/td>\n<\/tr>\n<tr>\n<td>Dodac\u00ed lh\u016fta<\/td>\n<td>10-14 dn\u00ed<\/td>\n<\/tr>\n<tr>\n<td>Platebn\u00ed lh\u016fta<\/td>\n<td>T\/T 40% Z\u00e1loha a z\u016fstatek p\u0159ed odesl\u00e1n\u00edm<\/td>\n<\/tr>\n<tr>\n<td>Original of Place<\/td>\n<td>\u010c\u00edna<\/td>\n<\/tr>\n<\/tbody>\n<\/table>\n<h3>Kovov\u00e9 detaily:<\/h3>\n\t<div class=\"img has-hover x md-x lg-x y md-y lg-y\" id=\"image_553069778\">\n\t\t\t\t\t\t\t\t<div class=\"img-inner dark\" >\n\t\t\t<img loading=\"lazy\" decoding=\"async\" width=\"727\" height=\"500\" src=\"https:\/\/swoer.com\/wp-content\/uploads\/2024\/03\/Metal-Detail.webp\" class=\"attachment-original size-original\" alt=\"Kovov\u00fd detail\" srcset=\"https:\/\/swoer.com\/wp-content\/uploads\/2024\/03\/Metal-Detail.webp 727w, https:\/\/swoer.com\/wp-content\/uploads\/2024\/03\/Metal-Detail-300x206.webp 300w, https:\/\/swoer.com\/wp-content\/uploads\/2024\/03\/Metal-Detail-600x413.webp 600w\" sizes=\"(max-width: 727px) 100vw, 727px\" \/>\t\t\t\t\t\t\n\t\t\t\t\t<\/div>\n\t\t\t\t\t\t\t\t\n<style>\n#image_553069778 {\n  width: 55%;\n}\n<\/style>\n\t<\/div>\n\t\n\t<div id=\"gap-1932900269\" class=\"gap-element clearfix\" style=\"display:block; height:auto;\">\n\t\t\n<style>\n#gap-1932900269 {\n  padding-top: 30px;\n}\n<\/style>\n\t<\/div>\n\t\n<h3>Hled\u00e1te spolehliv\u00e9 \u0159e\u0161en\u00ed pro pod\u00e1v\u00e1n\u00ed kovov\u00fdch d\u00edl\u016f ve va\u0161\u00ed v\u00fdrobn\u00ed lince?<\/h3>\n<p>Odpov\u011bd\u00ed je dvoustop\u00fd vibra\u010dn\u00ed m\u00edsov\u00fd podava\u010d SWOER. N\u00e1\u0161 podava\u010d, navr\u017een\u00fd pro p\u0159esnost a rychlost, snadno zvl\u00e1dne \u0161irokou \u0161k\u00e1lu kovov\u00fdch sou\u010d\u00e1st\u00ed.<\/p>\n<h3>Pot\u0159ebujete \u0159e\u0161en\u00ed na m\u00edru?<\/h3>\n<p>N\u00e1\u0161 t\u00fdm odborn\u00edk\u016f dok\u00e1\u017ee navrhnout podava\u010d na m\u00edru va\u0161im specifick\u00fdm po\u017eadavk\u016fm. Pod\u011blte se o detaily sv\u00e9ho d\u00edlu, po\u017eadovanou rychlost a preference orientace a my v\u00e1m poskytneme cenovou nab\u00eddku na m\u00edru.<\/p>\n<p>Nespokojte se s m\u00e1lem. Vyzkou\u0161ejte efektivitu a spolehlivost dvoustop\u00e9ho vibra\u010dn\u00edho m\u00edsov\u00e9ho podava\u010de SWOER. Kontaktujte n\u00e1s je\u0161t\u011b dnes a prodiskutujte sv\u016fj projekt!<\/p>\n\t<div id=\"gap-388354929\" class=\"gap-element clearfix\" style=\"display:block; height:auto;\">\n\t\t\n<style>\n#gap-388354929 {\n  padding-top: 30px;\n}\n<\/style>\n\t<\/div>\n\t\n<h2 style=\"text-align: center;\">Vy\u017e\u00e1dejte si cenovou nab\u00eddku<\/h2>\n\n<div class=\"wpcf7 no-js\" id=\"wpcf7-f288-o1\" lang=\"en-US\" dir=\"ltr\">\n<div class=\"screen-reader-response\"><p role=\"status\" aria-live=\"polite\" aria-atomic=\"true\"><\/p> <ul><\/ul><\/div>\n<form action=\"\/cs\/wp-json\/wp\/v2\/product\/1664#wpcf7-f288-o1\" method=\"post\" class=\"wpcf7-form init\" aria-label=\"Kontaktn\u00ed formul\u00e1\u0159\" novalidate=\"novalidate\" data-status=\"init\" data-trp-original-action=\"\/cs\/wp-json\/wp\/v2\/product\/1664#wpcf7-f288-o1\">\n<div style=\"display: none;\">\n<input type=\"hidden\" name=\"_wpcf7\" value=\"288\" \/>\n<input type=\"hidden\" name=\"_wpcf7_version\" value=\"5.9.2\" \/>\n<input type=\"hidden\" name=\"_wpcf7_locale\" value=\"en_US\" \/>\n<input type=\"hidden\" name=\"_wpcf7_unit_tag\" value=\"wpcf7-f288-o1\" \/>\n<input type=\"hidden\" name=\"_wpcf7_container_post\" value=\"0\" \/>\n<input type=\"hidden\" name=\"_wpcf7_posted_data_hash\" value=\"\" \/>\n<\/div>\n<p><label> Tv\u00e9 jm\u00e9no<br \/>\n<span class=\"wpcf7-form-control-wrap\" data-name=\"your-name\"><input size=\"40\" class=\"wpcf7-form-control wpcf7-text wpcf7-validates-as-required\" autocomplete=\"name\" aria-required=\"true\" aria-invalid=\"false\" value=\"\" type=\"text\" name=\"your-name\" \/><\/span> <\/label>\n<\/p>\n<p><label> Tv\u016fj e-mail<br \/>\n<span class=\"wpcf7-form-control-wrap\" data-name=\"your-email\"><input size=\"40\" class=\"wpcf7-form-control wpcf7-email wpcf7-validates-as-required wpcf7-text wpcf7-validates-as-email\" autocomplete=\"email\" aria-required=\"true\" aria-invalid=\"false\" value=\"\" type=\"email\" name=\"your-email\" \/><\/span> <\/label>\n<\/p>\n<p><label> Va\u0161e zpr\u00e1va (voliteln\u00e9)<br \/>\n<span class=\"wpcf7-form-control-wrap\" data-name=\"your-message\"><textarea cols=\"40\" rows=\"10\" class=\"wpcf7-form-control wpcf7-textarea\" aria-invalid=\"false\" name=\"your-message\"><\/textarea><\/span> <\/label>\n<\/p>\n<div style=\"margin-bottom:10px;\">\n\t<p><span class=\"wpcf7-form-control-wrap kc_captcha cf7ic-toggle\" data-name=\"kc_captcha\"><span class=\"wpcf7-form-control wpcf7-radio\"><span class=\"captcha-image\" style=\"display: none;\"><span class=\"cf7ic_instructions\">Proka\u017ete, \u017ee jste \u010dlov\u011bk, v\u00fdb\u011brem<span> cup<\/span>.<\/span><label><input aria-label=\"1\" type=\"radio\" name=\"kc_captcha\" value=\"bot\" \/><svg aria-hidden=\"true\" role=\"img\" xmlns=\"http:\/\/www.w3.org\/2000\/svg\" viewbox=\"0 0 576 512\"><path fill=\"currentColor\" d=\"M488 313v143c0 13-11 24-24 24H348c-7 0-12-5-12-12V356c0-7-5-12-12-12h-72c-7 0-12 5-12 12v112c0 7-5 12-12 12H112c-13 0-24-11-24-24V313c0-4 2-7 4-10l188-154c5-4 11-4 16 0l188 154c2 3 4 6 4 10zm84-61l-84-69V44c0-6-5-12-12-12h-56c-7 0-12 6-12 12v73l-89-74a48 48 0 00-61 0L4 252c-5 4-5 12-1 17l25 31c5 5 12 5 17 1l235-193c5-4 11-4 16 0l235 193c5 5 13 4 17-1l25-31c4-6 4-13-1-17z\"\/><\/svg><\/label><label><input aria-label=\"2\" type=\"radio\" name=\"kc_captcha\" value=\"kc_human\" \/><svg aria-hidden=\"true\" role=\"img\" xmlns=\"http:\/\/www.w3.org\/2000\/svg\" viewbox=\"0 0 640 512\"><path fill=\"currentColor\" d=\"M192 384h192c53 0 96-43 96-96h32a128 128 0 000-256H120c-13 0-24 11-24 24v232c0 53 43 96 96 96zM512 96a64 64 0 010 128h-32V96h32zm48 384H48c-47 0-61-64-36-64h584c25 0 11 64-36 64z\"\/><\/svg><\/label><label><input aria-label=\"3\" type=\"radio\" name=\"kc_captcha\" value=\"bot\" \/><svg aria-hidden=\"true\" role=\"img\" xmlns=\"http:\/\/www.w3.org\/2000\/svg\" viewbox=\"0 0 640 512\"><path fill=\"currentColor\" d=\"M624 352h-16V244c0-13-5-25-14-34L494 110c-9-9-21-14-34-14h-44V48c0-26-21-48-48-48H48C22 0 0 22 0 48v320c0 27 22 48 48 48h16a96 96 0 00192 0h128a96 96 0 00192 0h48c9 0 16-7 16-16v-32c0-9-7-16-16-16zM160 464a48 48 0 110-96 48 48 0 010 96zm320 0a48 48 0 110-96 48 48 0 010 96zm80-208H416V144h44l100 100v12z\"\/><\/svg><\/label>\r\n    <\/span>\r\n    <span style=\"display:none\">\r\n        <input type=\"text\" name=\"kc_honeypot\">\r\n    <\/span><\/span><\/span>\n\t<\/p>\n<\/div>\n<p><input class=\"wpcf7-form-control wpcf7-submit has-spinner\" type=\"submit\" value=\"P\u0159edlo\u017eit\" \/>\n<\/p><div class=\"wpcf7-response-output\" aria-hidden=\"true\"><\/div>\n<input type=\"hidden\" name=\"trp-form-language\" value=\"cs\"\/><\/form>\n<\/div>","protected":false},"excerpt":{"rendered":"<p>Efektivn\u011b dopravujte kovov\u00e9 d\u00edly pomoc\u00ed na\u0161eho dvoustop\u00e9ho vibra\u010dn\u00edho podava\u010de misek.<\/p>\n<p>-MOQ: 1 ks<\/p>\n<p>-Nab\u00edzen\u00e1 slu\u017eba OEM\/ODM<\/p>\n<p>-P\u0159ijm\u011bte p\u0159izp\u016fsoben\u00ed<\/p>\n<p>Pokud chcete z\u00edskat ceny vibra\u010dn\u00edch m\u00edsov\u00fdch podava\u010d\u016f, kontaktujte n\u00e1s.<\/p>","protected":false},"featured_media":1665,"comment_status":"open","ping_status":"closed","template":"","meta":[],"product_cat":[37],"product_tag":[],"yoast_head":"<!-- This site is optimized with the Yoast SEO plugin v22.2 - https:\/\/yoast.com\/wordpress\/plugins\/seo\/ -->\n<title>Two Tracks Vibratory Bowl Feeder for Metal Part - SWOER<\/title>\n<meta name=\"description\" content=\"Optimize metal part feeding with our Two Tracks Vibratory Bowl Feeder. Increase production efficiency and reduce labor costs. Custom solutions are available.\" \/>\n<meta name=\"robots\" content=\"index, follow, max-snippet:-1, max-image-preview:large, max-video-preview:-1\" \/>\n<link rel=\"canonical\" href=\"https:\/\/swoer.com\/cs\/manufacturer\/metal-part-vibratory-bowl-feeder\/\" \/>\n<meta property=\"og:locale\" content=\"cs_CZ\" \/>\n<meta property=\"og:type\" content=\"article\" \/>\n<meta property=\"og:title\" content=\"Two Tracks Vibratory Bowl Feeder for Metal Part - SWOER\" \/>\n<meta property=\"og:description\" content=\"Optimize metal part feeding with our Two Tracks Vibratory Bowl Feeder. Increase production efficiency and reduce labor costs. Custom solutions are available.\" \/>\n<meta property=\"og:url\" content=\"https:\/\/swoer.com\/cs\/manufacturer\/metal-part-vibratory-bowl-feeder\/\" \/>\n<meta property=\"og:site_name\" content=\"SWOER\" \/>\n<meta property=\"article:modified_time\" content=\"2024-08-01T02:13:43+00:00\" \/>\n<meta property=\"og:image\" content=\"https:\/\/swoer.com\/wp-content\/uploads\/2024\/03\/Metal-vibratory-bowl-feeder-3D-model.webp\" \/>\n\t<meta property=\"og:image:width\" content=\"1000\" \/>\n\t<meta property=\"og:image:height\" content=\"1000\" \/>\n\t<meta property=\"og:image:type\" content=\"image\/webp\" \/>\n<meta name=\"twitter:card\" content=\"summary_large_image\" \/>\n<meta name=\"twitter:label1\" content=\"Odhadovan\u00e1 doba \u010dten\u00ed\" \/>\n\t<meta name=\"twitter:data1\" content=\"2 minuty\" \/>\n<script type=\"application\/ld+json\" class=\"yoast-schema-graph\">{\"@context\":\"https:\/\/schema.org\",\"@graph\":[{\"@type\":\"WebPage\",\"@id\":\"https:\/\/swoer.com\/manufacturer\/metal-part-vibratory-bowl-feeder\/\",\"url\":\"https:\/\/swoer.com\/manufacturer\/metal-part-vibratory-bowl-feeder\/\",\"name\":\"Two Tracks Vibratory Bowl Feeder for Metal Part - SWOER\",\"isPartOf\":{\"@id\":\"https:\/\/swoer.com\/#website\"},\"primaryImageOfPage\":{\"@id\":\"https:\/\/swoer.com\/manufacturer\/metal-part-vibratory-bowl-feeder\/#primaryimage\"},\"image\":{\"@id\":\"https:\/\/swoer.com\/manufacturer\/metal-part-vibratory-bowl-feeder\/#primaryimage\"},\"thumbnailUrl\":\"https:\/\/swoer.com\/wp-content\/uploads\/2024\/03\/Metal-vibratory-bowl-feeder-3D-model.webp\",\"datePublished\":\"2024-03-28T00:26:35+00:00\",\"dateModified\":\"2024-08-01T02:13:43+00:00\",\"description\":\"Optimize metal part feeding with our Two Tracks Vibratory Bowl Feeder. Increase production efficiency and reduce labor costs. Custom solutions are available.\",\"breadcrumb\":{\"@id\":\"https:\/\/swoer.com\/manufacturer\/metal-part-vibratory-bowl-feeder\/#breadcrumb\"},\"inLanguage\":\"cs\",\"potentialAction\":[{\"@type\":\"ReadAction\",\"target\":[\"https:\/\/swoer.com\/manufacturer\/metal-part-vibratory-bowl-feeder\/\"]}]},{\"@type\":\"ImageObject\",\"inLanguage\":\"cs\",\"@id\":\"https:\/\/swoer.com\/manufacturer\/metal-part-vibratory-bowl-feeder\/#primaryimage\",\"url\":\"https:\/\/swoer.com\/wp-content\/uploads\/2024\/03\/Metal-vibratory-bowl-feeder-3D-model.webp\",\"contentUrl\":\"https:\/\/swoer.com\/wp-content\/uploads\/2024\/03\/Metal-vibratory-bowl-feeder-3D-model.webp\",\"width\":1000,\"height\":1000,\"caption\":\"Metal vibratory bowl feeder 3D model\"},{\"@type\":\"BreadcrumbList\",\"@id\":\"https:\/\/swoer.com\/manufacturer\/metal-part-vibratory-bowl-feeder\/#breadcrumb\",\"itemListElement\":[{\"@type\":\"ListItem\",\"position\":1,\"name\":\"Home\",\"item\":\"https:\/\/swoer.com\/\"},{\"@type\":\"ListItem\",\"position\":2,\"name\":\"Shop\",\"item\":\"https:\/\/swoer.com\/shop\/\"},{\"@type\":\"ListItem\",\"position\":3,\"name\":\"Two Tracks Vibratory Bowl Feeder for Metal Part\"}]},{\"@type\":\"WebSite\",\"@id\":\"https:\/\/swoer.com\/#website\",\"url\":\"https:\/\/swoer.com\/\",\"name\":\"SWOER\",\"description\":\"Swoer is the top 3 vibratory bowl feeder manufacturer in China\",\"potentialAction\":[{\"@type\":\"SearchAction\",\"target\":{\"@type\":\"EntryPoint\",\"urlTemplate\":\"https:\/\/swoer.com\/?s={search_term_string}\"},\"query-input\":\"required name=search_term_string\"}],\"inLanguage\":\"cs\"}]}<\/script>\n<!-- \/ Yoast SEO plugin. -->","yoast_head_json":{"title":"Two Tracks Vibratory Bowl Feeder for Metal Part - SWOER","description":"Optimize metal part feeding with our Two Tracks Vibratory Bowl Feeder. Increase production efficiency and reduce labor costs. Custom solutions are available.","robots":{"index":"index","follow":"follow","max-snippet":"max-snippet:-1","max-image-preview":"max-image-preview:large","max-video-preview":"max-video-preview:-1"},"canonical":"https:\/\/swoer.com\/cs\/manufacturer\/metal-part-vibratory-bowl-feeder\/","og_locale":"cs_CZ","og_type":"article","og_title":"Two Tracks Vibratory Bowl Feeder for Metal Part - SWOER","og_description":"Optimize metal part feeding with our Two Tracks Vibratory Bowl Feeder. Increase production efficiency and reduce labor costs. Custom solutions are available.","og_url":"https:\/\/swoer.com\/cs\/manufacturer\/metal-part-vibratory-bowl-feeder\/","og_site_name":"SWOER","article_modified_time":"2024-08-01T02:13:43+00:00","og_image":[{"width":1000,"height":1000,"url":"https:\/\/swoer.com\/wp-content\/uploads\/2024\/03\/Metal-vibratory-bowl-feeder-3D-model.webp","type":"image\/webp"}],"twitter_card":"summary_large_image","twitter_misc":{"Odhadovan\u00e1 doba \u010dten\u00ed":"2 minuty"},"schema":{"@context":"https:\/\/schema.org","@graph":[{"@type":"WebPage","@id":"https:\/\/swoer.com\/manufacturer\/metal-part-vibratory-bowl-feeder\/","url":"https:\/\/swoer.com\/manufacturer\/metal-part-vibratory-bowl-feeder\/","name":"Two Tracks Vibratory Bowl Feeder for Metal Part - SWOER","isPartOf":{"@id":"https:\/\/swoer.com\/#website"},"primaryImageOfPage":{"@id":"https:\/\/swoer.com\/manufacturer\/metal-part-vibratory-bowl-feeder\/#primaryimage"},"image":{"@id":"https:\/\/swoer.com\/manufacturer\/metal-part-vibratory-bowl-feeder\/#primaryimage"},"thumbnailUrl":"https:\/\/swoer.com\/wp-content\/uploads\/2024\/03\/Metal-vibratory-bowl-feeder-3D-model.webp","datePublished":"2024-03-28T00:26:35+00:00","dateModified":"2024-08-01T02:13:43+00:00","description":"Optimize metal part feeding with our Two Tracks Vibratory Bowl Feeder. Increase production efficiency and reduce labor costs. Custom solutions are available.","breadcrumb":{"@id":"https:\/\/swoer.com\/manufacturer\/metal-part-vibratory-bowl-feeder\/#breadcrumb"},"inLanguage":"cs","potentialAction":[{"@type":"ReadAction","target":["https:\/\/swoer.com\/manufacturer\/metal-part-vibratory-bowl-feeder\/"]}]},{"@type":"ImageObject","inLanguage":"cs","@id":"https:\/\/swoer.com\/manufacturer\/metal-part-vibratory-bowl-feeder\/#primaryimage","url":"https:\/\/swoer.com\/wp-content\/uploads\/2024\/03\/Metal-vibratory-bowl-feeder-3D-model.webp","contentUrl":"https:\/\/swoer.com\/wp-content\/uploads\/2024\/03\/Metal-vibratory-bowl-feeder-3D-model.webp","width":1000,"height":1000,"caption":"Metal vibratory bowl feeder 3D model"},{"@type":"BreadcrumbList","@id":"https:\/\/swoer.com\/manufacturer\/metal-part-vibratory-bowl-feeder\/#breadcrumb","itemListElement":[{"@type":"ListItem","position":1,"name":"Home","item":"https:\/\/swoer.com\/"},{"@type":"ListItem","position":2,"name":"Shop","item":"https:\/\/swoer.com\/shop\/"},{"@type":"ListItem","position":3,"name":"Two Tracks Vibratory Bowl Feeder for Metal Part"}]},{"@type":"WebSite","@id":"https:\/\/swoer.com\/#website","url":"https:\/\/swoer.com\/","name":"SWOER","description":"Swoer is the top 3 vibratory bowl feeder manufacturer in China","potentialAction":[{"@type":"SearchAction","target":{"@type":"EntryPoint","urlTemplate":"https:\/\/swoer.com\/?s={search_term_string}"},"query-input":"required name=search_term_string"}],"inLanguage":"cs"}]}},"_links":{"self":[{"href":"https:\/\/swoer.com\/cs\/wp-json\/wp\/v2\/product\/1664"}],"collection":[{"href":"https:\/\/swoer.com\/cs\/wp-json\/wp\/v2\/product"}],"about":[{"href":"https:\/\/swoer.com\/cs\/wp-json\/wp\/v2\/types\/product"}],"replies":[{"embeddable":true,"href":"https:\/\/swoer.com\/cs\/wp-json\/wp\/v2\/comments?post=1664"}],"wp:featuredmedia":[{"embeddable":true,"href":"https:\/\/swoer.com\/cs\/wp-json\/wp\/v2\/media\/1665"}],"wp:attachment":[{"href":"https:\/\/swoer.com\/cs\/wp-json\/wp\/v2\/media?parent=1664"}],"wp:term":[{"taxonomy":"product_cat","embeddable":true,"href":"https:\/\/swoer.com\/cs\/wp-json\/wp\/v2\/product_cat?post=1664"},{"taxonomy":"product_tag","embeddable":true,"href":"https:\/\/swoer.com\/cs\/wp-json\/wp\/v2\/product_tag?post=1664"}],"curies":[{"name":"wp","href":"https:\/\/api.w.org\/{rel}","templated":true}]}}