{"id":1823,"date":"2024-04-02T07:05:58","date_gmt":"2024-04-02T07:05:58","guid":{"rendered":"https:\/\/lightgrey-porpoise-816575.hostingersite.com\/?page_id=1823"},"modified":"2024-12-02T17:21:30","modified_gmt":"2024-12-02T09:21:30","slug":"automatic-rivet-machine","status":"publish","type":"page","link":"https:\/\/swoer.com\/cs\/automatic-rivet-machine\/","title":{"rendered":"Automatick\u00fd \u0161nekov\u00fd podava\u010d"},"content":{"rendered":"<section class=\"section\" id=\"section_346194964\">\n\t\t<div class=\"bg section-bg fill bg-fill  bg-loaded\" >\n\n\t\t\t\n\t\t\t\n\t\t\t\n\t<div class=\"is-border\"\n\t\tstyle=\"border-color:rgb(235, 235, 235);border-width:1px 0px 0px 0px;\">\n\t<\/div>\n\n\t\t<\/div>\n\n\t\t\n\n\t\t<div class=\"section-content relative\">\n\t\t\t\n<div class=\"row row-large align-middle align-center\"  id=\"row-516157848\">\n\n\t<div id=\"col-1601864514\" class=\"col medium-6 small-12 large-6\"  >\n\t\t\t\t<div class=\"col-inner text-center\"  >\n\t\t\t\n\t\t\t\n<h2><strong><b>V\u00fdrobce automatick\u00fdch \u0161nekov\u00fdch podava\u010d\u016f<\/b><\/strong><\/h2>\n<p style=\"text-align: left;\">SWOER se specializuje na n\u00fdtovac\u00ed a spojovac\u00ed pr\u016fmysl ji\u017e v\u00edce ne\u017e deset let a je d\u016fv\u011bryhodn\u00fdm jm\u00e9nem v oblasti automatizovan\u00fdch spojovac\u00edch \u0159e\u0161en\u00ed.<\/p>\n<p style=\"text-align: left;\">Automatick\u00e9 \u0161roubov\u00e9 podava\u010de SWOER, navr\u017een\u00e9 spole\u010dnost\u00ed CN SWOER CO., LTD, zp\u016fsobily revoluci v procesu n\u00fdtov\u00e1n\u00ed d\u00edky automatick\u00e9 manipulaci s n\u00fdty. Vyu\u017eit\u00edm t\u00e9to technologie m\u016f\u017eete u\u0161et\u0159it mzdov\u00e9 n\u00e1klady va\u0161\u00ed spole\u010dnosti o v\u00edce ne\u017e 301 TP3T.<\/p>\n<p style=\"text-align: left;\">Stroj SWOER se odli\u0161uje od standardn\u00edch automatick\u00fdch n\u00fdtovac\u00edch pistol\u00ed a nab\u00edz\u00ed pln\u011b automatizovan\u00e9 \u0159e\u0161en\u00ed. Pry\u010d jsou doby ru\u010dn\u00edho nakl\u00e1d\u00e1n\u00ed n\u00fdt\u016f nebo ovl\u00e1d\u00e1n\u00ed polohy trysky; n\u00e1\u0161 stroj to v\u0161echno zvl\u00e1dne. Pomoc\u00ed stla\u010den\u00e9ho vzduchu bez n\u00e1mahy dopravuje n\u00fdty potrub\u00edm k trysce. S automatick\u00fdm n\u00fdtovac\u00edm strojem SWOER se ru\u010dn\u00ed n\u00fdtov\u00e1n\u00ed st\u00e1v\u00e1 minulost\u00ed a zahajuje novou \u00e9ru automatizace v pr\u016fmyslu spojov\u00e1n\u00ed.<\/p>\n\t\t<\/div>\n\t\t\t\t\t<\/div>\n\n\t\n\n\t<div id=\"col-161712112\" class=\"col medium-6 small-12 large-6\"  >\n\t\t\t\t<div class=\"col-inner box-shadow-2 box-shadow-5-hover\" style=\"background-color:rgb(255, 255, 255);\" >\n\t\t\t\n\t\t\t\n\t<div class=\"img has-hover x md-x lg-x y md-y lg-y\" id=\"image_261892126\">\n\t\t\t\t\t\t\t\t<div class=\"img-inner image-cover dark\" style=\"padding-top:75%;\">\n\t\t\t<img loading=\"lazy\" decoding=\"async\" width=\"554\" height=\"412\" src=\"https:\/\/swoer.com\/wp-content\/uploads\/2024\/04\/automatic-rivet-guns.webp\" class=\"attachment-original size-original\" alt=\"automatick\u00e9 n\u00fdtovac\u00ed pistole\" srcset=\"https:\/\/swoer.com\/wp-content\/uploads\/2024\/04\/automatic-rivet-guns.webp 554w, https:\/\/swoer.com\/wp-content\/uploads\/2024\/04\/automatic-rivet-guns-300x223.webp 300w\" sizes=\"(max-width: 554px) 100vw, 554px\" \/>\t\t\t\t\t\t\n\t\t\t\t\t<\/div>\n\t\t\t\t\t\t\t\t\n<style>\n#image_261892126 {\n  width: 100%;\n}\n<\/style>\n\t<\/div>\n\t\n<a href=\"https:\/\/swoer.com\/cs\/contact\/\" target=\"_self\" class=\"button primary\"  style=\"border-radius:99px;\">\n    <span>Kontaktujte n\u00e1s<\/span>\n  <\/a>\n\n\t\t<\/div>\n\t\t\t\t\n<style>\n#col-161712112 > .col-inner {\n  padding: 15px 15px 15px 15px;\n}\n<\/style>\n\t<\/div>\n\n\t\n<\/div>\n\t\t<\/div>\n\n\t\t\n<style>\n#section_346194964 {\n  padding-top: 59px;\n  padding-bottom: 59px;\n  min-height: 300px;\n  background-color: rgb(228, 228, 228);\n}\n#section_346194964 .ux-shape-divider--top svg {\n  height: 150px;\n  --divider-top-width: 100%;\n}\n#section_346194964 .ux-shape-divider--bottom svg {\n  height: 150px;\n  --divider-width: 100%;\n}\n<\/style>\n\t<\/section>\n\t\n\t<section class=\"section\" id=\"section_1776545833\">\n\t\t<div class=\"bg section-bg fill bg-fill  bg-loaded\" >\n\n\t\t\t\n\t\t\t\n\t\t\t\n\n\t\t<\/div>\n\n\t\t\n\n\t\t<div class=\"section-content relative\">\n\t\t\t\n<h2 style=\"text-align: center;\"><strong><b>Automatick\u00fd \u0161nekov\u00fd podava\u010d <\/b><\/strong><strong><b>P<\/b><\/strong><strong><b>produkt <\/b><\/strong><strong><b>C<\/b><\/strong><strong><b>ompozice<\/b><\/strong><\/h2>\n<p style=\"text-align: center;\">Automatick\u00fd podava\u010d \u0161roub\u016f SWOER se skl\u00e1d\u00e1 z hlavn\u00edho stroje a sestavy n\u00fdtovac\u00edho kulometu.<\/p>\n<div class=\"row\"  id=\"row-1674412346\">\n\n\t<div id=\"col-2013942090\" class=\"col medium-6 small-12 large-6\"  >\n\t\t\t\t<div class=\"col-inner\"  >\n\t\t\t\n\t\t\t\n\t<div class=\"img has-hover x md-x lg-x y md-y lg-y\" id=\"image_889461194\">\n\t\t\t\t\t\t\t\t<div class=\"img-inner dark\" >\n\t\t\t<img loading=\"lazy\" decoding=\"async\" width=\"554\" height=\"275\" src=\"https:\/\/swoer.com\/wp-content\/uploads\/2024\/04\/automatic-rivet-machine.webp\" class=\"attachment-original size-original\" alt=\"automatick\u00fd n\u00fdtovac\u00ed stroj\" srcset=\"https:\/\/swoer.com\/wp-content\/uploads\/2024\/04\/automatic-rivet-machine.webp 554w, https:\/\/swoer.com\/wp-content\/uploads\/2024\/04\/automatic-rivet-machine-300x149.webp 300w\" sizes=\"(max-width: 554px) 100vw, 554px\" \/>\t\t\t\t\t\t\n\t\t\t\t\t<\/div>\n\t\t\t\t\t\t\t\t\n<style>\n#image_889461194 {\n  width: 98%;\n}\n<\/style>\n\t<\/div>\n\t\n<p><strong>Hostitelsk\u00fd po\u010d\u00edta\u010d zahrnuje pohybov\u00fd syst\u00e9m stroje, \u0159\u00eddic\u00ed syst\u00e9m stroje a detek\u010dn\u00ed syst\u00e9m.<\/strong><\/p>\n<p>Funkc\u00ed pohybov\u00e9ho syst\u00e9mu stroje je organizovat n\u00fdty od neuspo\u0159\u00e1dan\u00e9ho uspo\u0159\u00e1d\u00e1n\u00ed a\u017e po odd\u011blov\u00e1n\u00ed v po\u0159ad\u00ed a dod\u00e1vat n\u00fdty do trysky n\u00fdtovac\u00ed pistole jeden po druh\u00e9m v ur\u010dit\u00e9m sm\u011bru; \u0159\u00eddic\u00ed syst\u00e9m stroje m\u00e1 ovl\u00e1dat nastaven\u00e9 akce ka\u017ed\u00e9 sou\u010d\u00e1sti stroje. \u00dakon; detek\u010dn\u00ed syst\u00e9m m\u00e1 zjistit, zda stroj b\u011b\u017e\u00ed stabiln\u011b podle nastaven\u00e9ho programu.<\/p>\n\t\t<\/div>\n\t\t\t\t\t<\/div>\n\n\t\n\n\t<div id=\"col-1544566895\" class=\"col medium-6 small-12 large-6\"  >\n\t\t\t\t<div class=\"col-inner\"  >\n\t\t\t\n\t\t\t\n\t<div class=\"img has-hover x md-x lg-x y md-y lg-y\" id=\"image_1192566702\">\n\t\t\t\t\t\t\t\t<div class=\"img-inner dark\" >\n\t\t\t<img loading=\"lazy\" decoding=\"async\" width=\"554\" height=\"275\" src=\"https:\/\/swoer.com\/wp-content\/uploads\/2024\/04\/Automatic-nail-pulling-machine-factory-line.webp\" class=\"attachment-original size-original\" alt=\"Tov\u00e1rn\u00ed linka na automatick\u00e9 vytahov\u00e1n\u00ed h\u0159eb\u00edk\u016f\" srcset=\"https:\/\/swoer.com\/wp-content\/uploads\/2024\/04\/Automatic-nail-pulling-machine-factory-line.webp 554w, https:\/\/swoer.com\/wp-content\/uploads\/2024\/04\/Automatic-nail-pulling-machine-factory-line-300x149.webp 300w\" sizes=\"(max-width: 554px) 100vw, 554px\" \/>\t\t\t\t\t\t\n\t\t\t\t\t<\/div>\n\t\t\t\t\t\t\t\t\n<style>\n#image_1192566702 {\n  width: 100%;\n}\n<\/style>\n\t<\/div>\n\t\n<p><strong>Sestava n\u00fdtovac\u00ed pistole se skl\u00e1d\u00e1 z n\u00fdtovac\u00ed pistole, mechanismu pro p\u0159\u00edjem n\u00fdtu a mechanismu pro sb\u011br a v\u00fdstup sign\u00e1lu.<\/strong><\/p>\n<p>N\u00fdtovac\u00ed pistole je kl\u00ed\u010dov\u00e1 pro n\u00fdtov\u00e1n\u00ed, a\u0165 u\u017e ru\u010dn\u00ed nebo automatick\u00e9. Mechanismus p\u0159ij\u00edm\u00e1n\u00ed n\u00fdt\u016f, \u0159\u00edzen\u00fd hostitelsk\u00fdm po\u010d\u00edta\u010dem, zav\u00e1d\u00ed n\u00fdty z potrub\u00ed do n\u00fdtovac\u00ed trysky, co\u017e je z\u00e1kladn\u00ed technologie automatick\u00e9ho n\u00fdtovac\u00edho stroje. Mechanismus sb\u011bru a v\u00fdstupu sign\u00e1lu nav\u00edc spou\u0161t\u00ed \u010dinnost stroje sb\u011brem a v\u00fdstupem sign\u00e1l\u016f.<\/p>\n\t\t<\/div>\n\t\t\t\t\t<\/div>\n\n\t\n<\/div>\n\t\t<\/div>\n\n\t\t\n<style>\n#section_1776545833 {\n  padding-top: 30px;\n  padding-bottom: 30px;\n}\n#section_1776545833 .ux-shape-divider--top svg {\n  height: 150px;\n  --divider-top-width: 100%;\n}\n#section_1776545833 .ux-shape-divider--bottom svg {\n  height: 150px;\n  --divider-width: 100%;\n}\n<\/style>\n\t<\/section>\n\t\n\t<section class=\"section\" id=\"section_1086277635\">\n\t\t<div class=\"bg section-bg fill bg-fill  bg-loaded\" >\n\n\t\t\t\n\t\t\t\n\t\t\t\n\n\t\t<\/div>\n\n\t\t\n\n\t\t<div class=\"section-content relative\">\n\t\t\t\n<h2 style=\"text-align: center;\"><strong><b>Auto <\/b><\/strong><strong><b>N\u00fdtov\u00e1n\u00ed <\/b><\/strong><strong><b>M<\/b><\/strong><strong><b>achine<\/b><\/strong><strong><b>\u00a0S<\/b><\/strong><strong><b>specifikace<\/b><\/strong><\/h2>\n<table>\n<tbody>\n<tr>\n<td width=\"85\">Specifikace<\/td>\n<td width=\"89\">Dimenze<\/p>\n<p>(mm)<\/td>\n<td width=\"67\">Nap\u011bt\u00ed<\/td>\n<td width=\"62\">Pracovn\u00ed tlak vzduchu<\/td>\n<td width=\"54\">Hmotnost<\/td>\n<td width=\"77\">Rychlost dod\u00e1vky neht\u016f (zrno\/min)<\/td>\n<td width=\"85\">Maxim\u00e1ln\u00ed specifikace neht\u016f<\/td>\n<td width=\"45\">Hlu\u010dnost (dB)<\/td>\n<\/tr>\n<tr>\n<td width=\"85\">SW-MDJ-240<\/td>\n<td width=\"89\">440*350*420<\/td>\n<td width=\"67\">220<\/td>\n<td width=\"62\">3.2<\/td>\n<td width=\"54\">40<\/td>\n<td width=\"77\">40-60<\/td>\n<td width=\"85\">3,4\u2264d\uff1c3<\/td>\n<td width=\"45\">40<\/td>\n<\/tr>\n<tr>\n<td width=\"85\">SW-MDJ-300<\/td>\n<td width=\"89\">440*350*420<\/td>\n<td width=\"67\">220<\/td>\n<td width=\"62\">3.4<\/td>\n<td width=\"54\">46<\/td>\n<td width=\"77\">40-55<\/td>\n<td width=\"85\">3\u2264d\u22643,2<\/td>\n<td width=\"45\">40<\/td>\n<\/tr>\n<tr>\n<td width=\"85\">SW-MDJ-320<\/td>\n<td width=\"89\">440*350*420<\/td>\n<td width=\"67\">220<\/td>\n<td width=\"62\">3.6<\/td>\n<td width=\"54\">50<\/td>\n<td width=\"77\">40-50<\/td>\n<td width=\"85\">3.2\u2264d\uff1c3.7<\/td>\n<td width=\"45\">40<\/td>\n<\/tr>\n<tr>\n<td width=\"85\">SW-MDJ-400<\/td>\n<td width=\"89\">440*350*420<\/td>\n<td width=\"67\">220<\/td>\n<td width=\"62\">3.8<\/td>\n<td width=\"54\">56<\/td>\n<td width=\"77\">40<\/td>\n<td width=\"85\">3,7\u2264d\u22644,4<\/td>\n<td width=\"45\">40<\/td>\n<\/tr>\n<tr>\n<td width=\"85\">SW-MDJ-480<\/td>\n<td width=\"89\">440*350*420<\/td>\n<td width=\"67\">220<\/td>\n<td width=\"62\">4<\/td>\n<td width=\"54\">58<\/td>\n<td width=\"77\">35-40<\/td>\n<td width=\"85\">4,5\u2264d\u22645,0<\/td>\n<td width=\"45\">40<\/td>\n<\/tr>\n<\/tbody>\n<\/table>\n<p><strong><b>Pozn\u00e1mka:<\/b><\/strong>\u00a0Konkr\u00e9tn\u00ed model by m\u011bl b\u00fdt ur\u010den podle skute\u010dn\u00fdch specifikac\u00ed n\u00fdtu. Tato tabulka je pouze orienta\u010dn\u00ed.<\/p>\n\t\t<\/div>\n\n\t\t\n<style>\n#section_1086277635 {\n  padding-top: 30px;\n  padding-bottom: 30px;\n}\n#section_1086277635 .ux-shape-divider--top svg {\n  height: 150px;\n  --divider-top-width: 100%;\n}\n#section_1086277635 .ux-shape-divider--bottom svg {\n  height: 150px;\n  --divider-width: 100%;\n}\n<\/style>\n\t<\/section>\n\t\n\t<section class=\"section\" id=\"section_1921991510\">\n\t\t<div class=\"bg section-bg fill bg-fill  bg-loaded\" >\n\n\t\t\t\n\t\t\t\n\t\t\t\n\n\t\t<\/div>\n\n\t\t\n\n\t\t<div class=\"section-content relative\">\n\t\t\t\n<h2 style=\"text-align: center;\"><strong><b>SLOER <\/b><\/strong><strong><b>R<\/b><\/strong><strong><b>ivet<\/b><\/strong><strong><b>Ing<\/b><\/strong><strong><b>\u00a0<\/b><\/strong><strong><b>M<\/b><\/strong><strong><b>achine <\/b><\/strong><strong><b>W<\/b><\/strong><strong><b>orking <\/b><\/strong><strong><b>P<\/b><\/strong><strong><b>princip a <\/b><\/strong><strong><b>F<\/b><\/strong><strong><b>pomaz\u00e1n\u00ed<\/b><\/strong><\/h2>\n<h3><strong><b>Z\u00e1sada:<\/b><\/strong><\/h3>\n<p>N\u00fdty jsou nas\u00e1v\u00e1ny do trysky n\u00fdtovac\u00ed pistole pomoc\u00ed podtlaku v trysce n\u00fdtovac\u00ed pistole; automatick\u00fd n\u00fdtova\u010d SWOER je automatizovan\u00e1 verze automatick\u00e9 n\u00fdtovac\u00ed pistole.<\/p>\n<p>Spol\u00e9h\u00e1 se na stroj, kter\u00fd automaticky uspo\u0159\u00e1d\u00e1 a odd\u011bl\u00ed n\u00fdty, a pou\u017e\u00edv\u00e1 stla\u010den\u00fd vzduch jako s\u00edlu k automatick\u00e9mu transportu n\u00fdt\u016f do trysky n\u00fdtovac\u00ed pistole potrub\u00edm.<\/p>\n<h3><strong><b>Funkce:<\/b><\/strong><\/h3>\n<p>S automatick\u00fdm strojem na vytahov\u00e1n\u00ed h\u0159eb\u00edk\u016f SWOER lze prov\u00e1d\u011bt n\u00e1ro\u010dn\u00e9 \u00fakoly, kter\u00e9 do zna\u010dn\u00e9 m\u00edry z\u00e1vis\u00ed na rukou kvalifikovan\u00fdch pracovn\u00edk\u016f<\/p>\n<p>Operace ru\u010dn\u00edho vytahov\u00e1n\u00ed h\u0159eb\u00edk\u016f lze upgradovat na automatizovan\u00e9 nebo bezobslu\u017en\u00e9 operace.<\/p>\n<h3><strong><b>\u00da\u010dinek:<\/b><\/strong><\/h3>\n<ol>\n<li><strong><b> U\u0161et\u0159ete pracovn\u00edky a usnadn\u011bte si spr\u00e1vu<\/b><\/strong><\/li>\n<\/ol>\n<p>Rychlost vytahov\u00e1n\u00ed h\u0159eb\u00edk\u016f je vysok\u00e1, jeden \u010dlov\u011bk zvl\u00e1dne pr\u00e1ci dvou lid\u00ed a je zde m\u00e9n\u011b pracovn\u00edk\u016f, co\u017e sni\u017euje n\u00e1klady na spr\u00e1vu nebo mzdy.<\/p>\n<ol start=\"2\">\n<li><strong><b> Vysok\u00e1 \u00fa\u010dinnost a \u00faspora n\u00e1klad\u016f<\/b><\/strong><\/li>\n<\/ol>\n<p>Nen\u00ed t\u0159eba vyndavat n\u00fdty ru\u010dn\u011b, co\u017e \u0161et\u0159\u00ed \u010das na p\u0159ib\u00edjen\u00ed. V\u00fdkon je nav\u00fd\u0161en oproti origin\u00e1lu, denn\u00ed v\u00fdkon je dokon\u010den v p\u0159edstihu a objem v\u00fdroby je sn\u00ed\u017een. U\u017e \u017e\u00e1dn\u00e9 p\u0159es\u010dasy b\u011bhem kr\u00e1tkodob\u00fdch pracovn\u00edch hodin.<\/p>\n<ol start=\"3\">\n<li><strong><b> Super \u010dist\u00e9 a kvalitn\u00ed<\/b><\/strong><\/li>\n<\/ol>\n<p>N\u00fdt je automaticky odesl\u00e1n do trysky pistole, nen\u00ed t\u0159eba jej br\u00e1t ru\u010dn\u011b, co\u017e sni\u017euje sekund\u00e1rn\u00ed zne\u010di\u0161t\u011bn\u00ed; dr\u017ete v\u00fdrobek levou rukou, nen\u00ed t\u0159eba se ob\u00e1vat. Polohy otvor\u016f jsou nerovnom\u011brn\u00e9, co\u017e m\u00e1 za n\u00e1sledek sn\u00ed\u017een\u00fd v\u00fdkon nebo sekund\u00e1rn\u00ed p\u0159epracov\u00e1n\u00ed.<\/p>\n<ol start=\"4\">\n<li><strong><b> Nen\u00ed t\u0159eba to br\u00e1t ru\u010dn\u011b, jednodu\u0161\u0161\u00ed<\/b><\/strong><\/li>\n<\/ol>\n<p>Lev\u00e1 ruka nemus\u00ed pracovat a m\u016f\u017ee dr\u017eet v\u00fdrobek, co\u017e zna\u010dn\u011b sni\u017euje pracnost pracovn\u00edk\u016f.<\/p>\n<ol start=\"5\">\n<li><strong><b> Nen\u00ed t\u0159eba b\u00fdt zku\u0161en\u00fd, snadno se u\u010d\u00ed<\/b><\/strong><\/li>\n<\/ol>\n<p>Obsluhovat jej mohou zku\u0161en\u00e9 i zku\u0161en\u00e9 ruce a nen\u00ed pot\u0159eba \u017e\u00e1dn\u00e9 \u0161kolen\u00ed. Mohou okam\u017eit\u011b za\u010d\u00edt pracovat; nen\u00ed t\u0159eba se ob\u00e1vat ztr\u00e1ty produkce zku\u0161en\u00fdmi rukama.<\/p>\n\t\t<\/div>\n\n\t\t\n<style>\n#section_1921991510 {\n  padding-top: 30px;\n  padding-bottom: 30px;\n}\n#section_1921991510 .ux-shape-divider--top svg {\n  height: 150px;\n  --divider-top-width: 100%;\n}\n#section_1921991510 .ux-shape-divider--bottom svg {\n  height: 150px;\n  --divider-width: 100%;\n}\n<\/style>\n\t<\/section>\n\t\n\t<section class=\"section\" id=\"section_1170104307\">\n\t\t<div class=\"bg section-bg fill bg-fill  bg-loaded\" >\n\n\t\t\t\n\t\t\t\n\t\t\t\n\n\t\t<\/div>\n\n\t\t\n\n\t\t<div class=\"section-content relative\">\n\t\t\t\n<h2 style=\"text-align: center;\"><strong><b>Pohled do <\/b><\/strong><strong><b>A<\/b><\/strong><strong><b>aplikace <\/b><\/strong><strong><b>H\u0159eb\u00edk<\/b><\/strong><\/h2>\n\t<div class=\"img has-hover x md-x lg-x y md-y lg-y\" id=\"image_2075146701\">\n\t\t\t\t\t\t\t\t<div class=\"img-inner dark\" >\n\t\t\t<img loading=\"lazy\" decoding=\"async\" width=\"553\" height=\"156\" src=\"https:\/\/swoer.com\/wp-content\/uploads\/2024\/04\/Scope-of-Application-of-The-Nail.webp\" class=\"attachment-original size-original\" alt=\"Rozsah pou\u017eit\u00ed h\u0159eb\u00edku\" srcset=\"https:\/\/swoer.com\/wp-content\/uploads\/2024\/04\/Scope-of-Application-of-The-Nail.webp 553w, https:\/\/swoer.com\/wp-content\/uploads\/2024\/04\/Scope-of-Application-of-The-Nail-300x85.webp 300w\" sizes=\"(max-width: 553px) 100vw, 553px\" \/>\t\t\t\t\t\t\n\t\t\t\t\t<\/div>\n\t\t\t\t\t\t\t\t\n<style>\n#image_2075146701 {\n  width: 100%;\n}\n<\/style>\n\t<\/div>\n\t\n<table>\n<tbody>\n<tr>\n<td colspan=\"3\" width=\"568\">\n<h4 style=\"text-align: center;\"><strong>Rozsah pou\u017eit\u00ed n\u00fdtu (jednotka: mm)<\/strong><\/h4>\n<\/td>\n<\/tr>\n<tr>\n<td width=\"189\">K\u00f3d jm\u00e9na<\/td>\n<td width=\"189\">Min. velikost<\/td>\n<td width=\"189\">Maxim\u00e1ln\u00ed velikost<\/td>\n<\/tr>\n<tr>\n<td width=\"189\">Pr\u016fm\u011br trubky n\u00fdtu A<\/td>\n<td width=\"189\">2.4<\/td>\n<td width=\"189\">4.8<\/td>\n<\/tr>\n<tr>\n<td width=\"189\">D\u00e9lka trubky n\u00fdtu B<\/td>\n<td width=\"189\">2<\/td>\n<td width=\"189\">15<\/td>\n<\/tr>\n<tr>\n<td width=\"189\">Pr\u016fm\u011br okraje klobouku C<\/td>\n<td width=\"189\">4<\/td>\n<td width=\"189\">9.5<\/td>\n<\/tr>\n<tr>\n<td width=\"189\">Pr\u016fm\u011br ta\u017en\u00e9ho j\u00e1dra D<\/td>\n<td width=\"189\">1.4<\/td>\n<td width=\"189\">3<\/td>\n<\/tr>\n<tr>\n<td width=\"189\">D\u00e9lka vyta\u017een\u00ed j\u00e1dra E<\/td>\n<td width=\"189\">24<\/td>\n<td width=\"189\">36<\/td>\n<\/tr>\n<tr>\n<td width=\"189\">Celkov\u00e1 d\u00e9lka n\u00fdtu F<\/td>\n<td width=\"189\">28<\/td>\n<td width=\"189\">48<\/td>\n<\/tr>\n<\/tbody>\n<\/table>\n<p><strong><b>Pozn\u00e1mka:<\/b><\/strong><\/p>\n<ol>\n<li>Vn\u011bj\u0161\u00ed rozm\u011bry n\u00fdt\u016f mus\u00ed spl\u0148ovat tento rozsah.<\/li>\n<li>N\u011bkter\u00e9 speci\u00e1ln\u00ed n\u00fdty: kdy\u017e je d\u00e9lka n\u00fdtovac\u00ed trubky v\u011bt\u0161\u00ed ne\u017e 13 mm, d\u00e9lka j\u00e1dra mus\u00ed b\u00fdt v\u011bt\u0161\u00ed ne\u017e 28 mm; kdy\u017e je d\u00e9lka n\u00fdtovac\u00ed trubky rovna 17 mm, d\u00e9lka j\u00e1dra nesm\u00ed b\u00fdt men\u0161\u00ed ne\u017e 26 mm.<\/li>\n<li>Po\u017eadavky na typ n\u00fdtu: N\u00fdty z nerezov\u00e9 oceli vy\u017eaduj\u00ed n\u00edzkou \u010distotu, zat\u00edmco jin\u00e9 n\u00fdty, jako jsou \u017eelezn\u00e9 h\u0159eb\u00edky a ocelov\u00e9 h\u0159eb\u00edky, nemaj\u00ed \u017e\u00e1dn\u00e9 po\u017eadavky.<\/li>\n<\/ol>\n\t\t<\/div>\n\n\t\t\n<style>\n#section_1170104307 {\n  padding-top: 30px;\n  padding-bottom: 30px;\n}\n#section_1170104307 .ux-shape-divider--top svg {\n  height: 150px;\n  --divider-top-width: 100%;\n}\n#section_1170104307 .ux-shape-divider--bottom svg {\n  height: 150px;\n  --divider-width: 100%;\n}\n<\/style>\n\t<\/section>\n\t\n\t<section class=\"section\" id=\"section_1091152776\">\n\t\t<div class=\"bg section-bg fill bg-fill  bg-loaded\" >\n\n\t\t\t\n\t\t\t\n\t\t\t\n\n\t\t<\/div>\n\n\t\t\n\n\t\t<div class=\"section-content relative\">\n\t\t\t\n<h2 style=\"text-align: center;\"><strong><b>Oblast pou\u017eit\u00ed<\/b><\/strong><\/h2>\n<p>Automatick\u00fd n\u00fdtovac\u00ed stroj SWOER je vhodn\u00fd pro n\u00fdtovac\u00ed operace spojov\u00e1n\u00ed dvou nebo v\u00edce vrstev panel\u016f r\u016fzn\u00fdch materi\u00e1l\u016f a tlou\u0161t\u011bk pomoc\u00ed n\u00fdt\u016f. \u0160iroce se pou\u017e\u00edv\u00e1 v podvozc\u00edch, sk\u0159\u00edn\u00edch, osv\u011btlen\u00ed, automobilech, lod\u00edch, letadlech, mal\u00fdch dom\u00e1c\u00edch spot\u0159ebi\u010d\u00edch, operac\u00edch ta\u017een\u00ed h\u0159eb\u00edk\u016f v serverech, elektrick\u00fdch troub\u00e1ch, mikrovlnn\u00fdch troub\u00e1ch, balen\u00ed lik\u00e9r\u016f a dal\u0161\u00edch pr\u016fmyslov\u00fdch odv\u011btv\u00edch.<\/p>\n\t<div class=\"img has-hover x md-x lg-x y md-y lg-y\" id=\"image_1630260232\">\n\t\t\t\t\t\t\t\t<div class=\"img-inner dark\" >\n\t\t\t<img loading=\"lazy\" decoding=\"async\" width=\"553\" height=\"212\" src=\"https:\/\/swoer.com\/wp-content\/uploads\/2024\/04\/automatic-riveting-machine-application-field.webp\" class=\"attachment-original size-original\" alt=\"pole pou\u017eit\u00ed automatick\u00fdch n\u00fdtovac\u00edch stroj\u016f\" srcset=\"https:\/\/swoer.com\/wp-content\/uploads\/2024\/04\/automatic-riveting-machine-application-field.webp 553w, https:\/\/swoer.com\/wp-content\/uploads\/2024\/04\/automatic-riveting-machine-application-field-300x115.webp 300w\" sizes=\"(max-width: 553px) 100vw, 553px\" \/>\t\t\t\t\t\t\n\t\t\t\t\t<\/div>\n\t\t\t\t\t\t\t\t\n<style>\n#image_1630260232 {\n  width: 100%;\n}\n<\/style>\n\t<\/div>\n\t\n\t\t<\/div>\n\n\t\t\n<style>\n#section_1091152776 {\n  padding-top: 30px;\n  padding-bottom: 30px;\n}\n#section_1091152776 .ux-shape-divider--top svg {\n  height: 150px;\n  --divider-top-width: 100%;\n}\n#section_1091152776 .ux-shape-divider--bottom svg {\n  height: 150px;\n  --divider-width: 100%;\n}\n<\/style>\n\t<\/section>","protected":false},"excerpt":{"rendered":"","protected":false},"author":1,"featured_media":0,"parent":0,"menu_order":0,"comment_status":"closed","ping_status":"closed","template":"","meta":{"footnotes":""},"yoast_head":"<!-- This site is optimized with the Yoast SEO plugin v22.2 - https:\/\/yoast.com\/wordpress\/plugins\/seo\/ -->\n<title>Auto Screw Feeder Machine - SWOER<\/title>\n<meta name=\"description\" content=\"Swoer is a professional manufacturer of auto screw feeder machine.\" \/>\n<meta name=\"robots\" content=\"index, follow, max-snippet:-1, max-image-preview:large, max-video-preview:-1\" \/>\n<link rel=\"canonical\" href=\"https:\/\/swoer.com\/cs\/automatic-rivet-machine\/\" \/>\n<meta property=\"og:locale\" content=\"cs_CZ\" \/>\n<meta property=\"og:type\" content=\"article\" \/>\n<meta property=\"og:title\" content=\"Auto Screw Feeder Machine - SWOER\" \/>\n<meta property=\"og:description\" content=\"Swoer is a professional manufacturer of auto screw feeder machine.\" \/>\n<meta property=\"og:url\" content=\"https:\/\/swoer.com\/cs\/automatic-rivet-machine\/\" \/>\n<meta property=\"og:site_name\" content=\"SWOER\" \/>\n<meta property=\"article:modified_time\" content=\"2024-12-02T09:21:30+00:00\" \/>\n<meta name=\"twitter:card\" content=\"summary_large_image\" \/>\n<meta name=\"twitter:label1\" content=\"Odhadovan\u00e1 doba \u010dten\u00ed\" \/>\n\t<meta name=\"twitter:data1\" content=\"5 minut\" \/>\n<script type=\"application\/ld+json\" class=\"yoast-schema-graph\">{\"@context\":\"https:\/\/schema.org\",\"@graph\":[{\"@type\":\"WebPage\",\"@id\":\"https:\/\/swoer.com\/automatic-rivet-machine\/\",\"url\":\"https:\/\/swoer.com\/automatic-rivet-machine\/\",\"name\":\"Auto Screw Feeder Machine - SWOER\",\"isPartOf\":{\"@id\":\"https:\/\/swoer.com\/#website\"},\"datePublished\":\"2024-04-02T07:05:58+00:00\",\"dateModified\":\"2024-12-02T09:21:30+00:00\",\"description\":\"Swoer is a professional manufacturer of auto screw feeder machine.\",\"breadcrumb\":{\"@id\":\"https:\/\/swoer.com\/automatic-rivet-machine\/#breadcrumb\"},\"inLanguage\":\"cs\",\"potentialAction\":[{\"@type\":\"ReadAction\",\"target\":[\"https:\/\/swoer.com\/automatic-rivet-machine\/\"]}]},{\"@type\":\"BreadcrumbList\",\"@id\":\"https:\/\/swoer.com\/automatic-rivet-machine\/#breadcrumb\",\"itemListElement\":[{\"@type\":\"ListItem\",\"position\":1,\"name\":\"Home\",\"item\":\"https:\/\/swoer.com\/\"},{\"@type\":\"ListItem\",\"position\":2,\"name\":\"Auto Screw Feeder Machine\"}]},{\"@type\":\"WebSite\",\"@id\":\"https:\/\/swoer.com\/#website\",\"url\":\"https:\/\/swoer.com\/\",\"name\":\"SWOER\",\"description\":\"Swoer is the top 3 vibratory bowl feeder manufacturer in China\",\"potentialAction\":[{\"@type\":\"SearchAction\",\"target\":{\"@type\":\"EntryPoint\",\"urlTemplate\":\"https:\/\/swoer.com\/?s={search_term_string}\"},\"query-input\":\"required name=search_term_string\"}],\"inLanguage\":\"cs\"}]}<\/script>\n<!-- \/ Yoast SEO plugin. -->","yoast_head_json":{"title":"Auto Screw Feeder Machine - SWOER","description":"Swoer is a professional manufacturer of auto screw feeder machine.","robots":{"index":"index","follow":"follow","max-snippet":"max-snippet:-1","max-image-preview":"max-image-preview:large","max-video-preview":"max-video-preview:-1"},"canonical":"https:\/\/swoer.com\/cs\/automatic-rivet-machine\/","og_locale":"cs_CZ","og_type":"article","og_title":"Auto Screw Feeder Machine - SWOER","og_description":"Swoer is a professional manufacturer of auto screw feeder machine.","og_url":"https:\/\/swoer.com\/cs\/automatic-rivet-machine\/","og_site_name":"SWOER","article_modified_time":"2024-12-02T09:21:30+00:00","twitter_card":"summary_large_image","twitter_misc":{"Odhadovan\u00e1 doba \u010dten\u00ed":"5 minut"},"schema":{"@context":"https:\/\/schema.org","@graph":[{"@type":"WebPage","@id":"https:\/\/swoer.com\/automatic-rivet-machine\/","url":"https:\/\/swoer.com\/automatic-rivet-machine\/","name":"Auto Screw Feeder Machine - SWOER","isPartOf":{"@id":"https:\/\/swoer.com\/#website"},"datePublished":"2024-04-02T07:05:58+00:00","dateModified":"2024-12-02T09:21:30+00:00","description":"Swoer is a professional manufacturer of auto screw feeder machine.","breadcrumb":{"@id":"https:\/\/swoer.com\/automatic-rivet-machine\/#breadcrumb"},"inLanguage":"cs","potentialAction":[{"@type":"ReadAction","target":["https:\/\/swoer.com\/automatic-rivet-machine\/"]}]},{"@type":"BreadcrumbList","@id":"https:\/\/swoer.com\/automatic-rivet-machine\/#breadcrumb","itemListElement":[{"@type":"ListItem","position":1,"name":"Home","item":"https:\/\/swoer.com\/"},{"@type":"ListItem","position":2,"name":"Auto Screw Feeder Machine"}]},{"@type":"WebSite","@id":"https:\/\/swoer.com\/#website","url":"https:\/\/swoer.com\/","name":"SWOER","description":"Swoer is the top 3 vibratory bowl feeder manufacturer in China","potentialAction":[{"@type":"SearchAction","target":{"@type":"EntryPoint","urlTemplate":"https:\/\/swoer.com\/?s={search_term_string}"},"query-input":"required name=search_term_string"}],"inLanguage":"cs"}]}},"_links":{"self":[{"href":"https:\/\/swoer.com\/cs\/wp-json\/wp\/v2\/pages\/1823"}],"collection":[{"href":"https:\/\/swoer.com\/cs\/wp-json\/wp\/v2\/pages"}],"about":[{"href":"https:\/\/swoer.com\/cs\/wp-json\/wp\/v2\/types\/page"}],"author":[{"embeddable":true,"href":"https:\/\/swoer.com\/cs\/wp-json\/wp\/v2\/users\/1"}],"replies":[{"embeddable":true,"href":"https:\/\/swoer.com\/cs\/wp-json\/wp\/v2\/comments?post=1823"}],"version-history":[{"count":15,"href":"https:\/\/swoer.com\/cs\/wp-json\/wp\/v2\/pages\/1823\/revisions"}],"predecessor-version":[{"id":2952,"href":"https:\/\/swoer.com\/cs\/wp-json\/wp\/v2\/pages\/1823\/revisions\/2952"}],"wp:attachment":[{"href":"https:\/\/swoer.com\/cs\/wp-json\/wp\/v2\/media?parent=1823"}],"curies":[{"name":"wp","href":"https:\/\/api.w.org\/{rel}","templated":true}]}}